{"id":16832,"date":"2024-09-16T16:34:27","date_gmt":"2024-09-16T14:34:27","guid":{"rendered":"https:\/\/www.terraaquatica.com\/?page_id=16832"},"modified":"2024-09-16T16:34:29","modified_gmt":"2024-09-16T14:34:29","slug":"nove-ekologicke-znacky","status":"publish","type":"page","link":"https:\/\/www.terraaquatica.com\/cs\/nove-ekologicke-znacky\/","title":{"rendered":"Nov\u00e9 ekologick\u00e9 zna\u010dky"},"content":{"rendered":"\n<p><strong>Ekologick\u00e1 \u0159ada Terra Aquatica se m\u011bn\u00ed.<\/strong><br><br>S pot\u011b\u0161en\u00edm v\u00e1m oznamujeme z\u00e1sadn\u00ed aktualizaci na\u0161eho sortimentu ekologick\u00fdch produkt\u016f! Abychom tuto produktovou \u0159adu l\u00e9pe odli\u0161ili od na\u0161\u00ed miner\u00e1ln\u00ed \u0159ady, rozhodli jsme se obnovit etikety pro celou organickou \u0159adu (s v\u00fdjimkou posilova\u010d\u016f Pro a mikroorganism\u016f). Tyto nov\u00e9 etikety l\u00e9pe odr\u00e1\u017eej\u00ed p\u0159\u00edrodn\u00ed, organick\u00fd obsah na\u0161ich v\u00fdrobk\u016f.<\/p>\n\n\n\n<figure class=\"wp-block-embed is-type-video is-provider-youtube wp-block-embed-youtube wp-embed-aspect-16-9 wp-has-aspect-ratio\"><div class=\"wp-block-embed__wrapper\">\n<iframe title=\"Nouvelles \u00c9tiquettes d&#039;Engrais Organique : d\u00e9couvrez les !\" width=\"500\" height=\"281\" src=\"https:\/\/www.youtube.com\/embed\/GbdQ83kzHrQ?feature=oembed\" frameborder=\"0\" allow=\"accelerometer; autoplay; clipboard-write; encrypted-media; gyroscope; picture-in-picture; web-share\" referrerpolicy=\"strict-origin-when-cross-origin\" allowfullscreen><\/iframe>\n<\/div><\/figure>\n\n\n\n<div class=\"wp-block-media-text has-media-on-the-right is-stacked-on-mobile\"><div class=\"wp-block-media-text__content\">\n<p><strong>Objevte nebo znovu objevte na\u0161i bio \u0159adu:<\/strong><br><br>Chcete za\u010d\u00edt p\u011bstovat ekologicky, doplnit sv\u00e1 st\u00e1vaj\u00edc\u00ed hnojiva o produkty kompatibiln\u00ed s ekologick\u00fdm zem\u011bd\u011blstv\u00edm, nebo prost\u011b jen pokra\u010dovat v p\u0159irozen\u00e9m p\u011bstov\u00e1n\u00ed a z\u00e1rove\u0148 optimalizovat sv\u00e9 v\u00fdnosy ?\u00a0<\/p>\n\n\n\n<p>Nab\u00edz\u00edme v\u00e1m kompletn\u00ed, snadno identifikovateln\u00fd ekologick\u00fd sortiment. <br>A\u0165 u\u017e pro :<\/p>\n\n\n\n<ul class=\"wp-block-list\">\n<li><strong>hnojiva<\/strong><\/li>\n\n\n\n<li><strong>ko\u0159enov\u00e9 stimul\u00e1tory<\/strong><\/li>\n\n\n\n<li><strong>stimul\u00e1tory kveten\u00ed\u00a0<\/strong><\/li>\n\n\n\n<li><strong>pro zlep\u0161en\u00ed kvality p\u016fdy<\/strong><\/li>\n\n\n\n<li><strong>ochranu rostlin<\/strong><br><br>M\u00e1me v\u0161e, co pot\u0159ebujete k vytvo\u0159en\u00ed optim\u00e1ln\u00edho prost\u0159ed\u00ed pro va\u0161e plodiny a v\u00fdsadby.<\/li>\n<\/ul>\n<\/div><figure class=\"wp-block-media-text__media\"><img fetchpriority=\"high\" decoding=\"async\" width=\"683\" height=\"1024\" src=\"https:\/\/www.terraaquatica.com\/wp-content\/uploads\/2024\/09\/nouvelle-gamme-organique-vertical-01-683x1024.jpg\" alt=\"\" class=\"wp-image-16750 size-full\" srcset=\"https:\/\/www.terraaquatica.com\/wp-content\/uploads\/2024\/09\/nouvelle-gamme-organique-vertical-01-683x1024.jpg 683w, https:\/\/www.terraaquatica.com\/wp-content\/uploads\/2024\/09\/nouvelle-gamme-organique-vertical-01-200x300.jpg 200w, https:\/\/www.terraaquatica.com\/wp-content\/uploads\/2024\/09\/nouvelle-gamme-organique-vertical-01-160x240.jpg 160w, https:\/\/www.terraaquatica.com\/wp-content\/uploads\/2024\/09\/nouvelle-gamme-organique-vertical-01.jpg 720w\" sizes=\"(max-width: 683px) 100vw, 683px\" \/><\/figure><\/div>\n\n\n\n<div class=\"wp-block-media-text is-stacked-on-mobile\" style=\"grid-template-columns:40% auto\"><figure class=\"wp-block-media-text__media\"><a href=\"https:\/\/www.terraaquatica.com\/cs\/organicka-hnojiva\/pro-organic-6\/\"><img decoding=\"async\" width=\"362\" height=\"281\" src=\"https:\/\/www.terraaquatica.com\/wp-content\/uploads\/2024\/09\/image.png\" alt=\"\" class=\"wp-image-16760 size-full\" srcset=\"https:\/\/www.terraaquatica.com\/wp-content\/uploads\/2024\/09\/image.png 362w, https:\/\/www.terraaquatica.com\/wp-content\/uploads\/2024\/09\/image-300x233.png 300w, https:\/\/www.terraaquatica.com\/wp-content\/uploads\/2024\/09\/image-309x240.png 309w\" sizes=\"(max-width: 362px) 100vw, 362px\" \/><\/a><\/figure><div class=\"wp-block-media-text__content\">\n<p><strong>Pro Organic<\/strong> <br><em>Prvn\u00ed a dosud jedin\u00e1 kompletn\u00ed, certifikovan\u00e1 organick\u00e9 hnojivo pro ve\u0161ker\u00e9 substr\u00e1ty.<\/em><br>Receptura\u00a0Pro Organic je speci\u00e1ln\u011b vyvinuta tak, aby napl\u0148ovala pot\u0159eby v\u0161ech rostlin v pr\u016fb\u011bhu r\u016fstu, kveten\u00ed i zr\u00e1n.<br><strong><a href=\"https:\/\/www.terraaquatica.com\/fr\/engrais-organique-complet\/pro-organic-3\/\">Viz v\u00edce &#8230;<\/a><\/strong><br><\/p>\n<\/div><\/div>\n\n\n\n<div class=\"wp-block-media-text has-media-on-the-right is-stacked-on-mobile\" style=\"grid-template-columns:auto 30%\"><div class=\"wp-block-media-text__content\">\n<p><strong>Root Booster<\/strong> je p\u0159irozen\u00fd dopln\u011bk na podporu ko\u0159enov\u00e9ho r\u016fstu pom\u00e1haj\u00edc\u00ed rostlin\u00e1m vytv\u00e1\u0159et zdrav\u00e9 a bujn\u00e9 ko\u0159enov\u00e9 syst\u00e9my. Obsahuje vitam\u00edny, enzymy, organick\u00e9 a huminov\u00e9 kyseliny, kter\u00e9 stimuluj\u00ed ko\u0159enovou masu p\u0159\u00edrodn\u011b.<br><strong><a href=\"https:\/\/www.terraaquatica.com\/cs\/organicke-biostimulatory-korenoveho-systemu\/root-booster-6\/\">Viz v\u00edce &#8230;<\/a><\/strong><\/p>\n<\/div><figure class=\"wp-block-media-text__media\"><a href=\"https:\/\/www.terraaquatica.com\/cs\/organicka-hnojiva\/pro-organic-6\/\"><img decoding=\"async\" width=\"264\" height=\"344\" src=\"https:\/\/www.terraaquatica.com\/wp-content\/uploads\/2024\/09\/image-1.png\" alt=\"\" class=\"wp-image-16767 size-full\" srcset=\"https:\/\/www.terraaquatica.com\/wp-content\/uploads\/2024\/09\/image-1.png 264w, https:\/\/www.terraaquatica.com\/wp-content\/uploads\/2024\/09\/image-1-230x300.png 230w, https:\/\/www.terraaquatica.com\/wp-content\/uploads\/2024\/09\/image-1-184x240.png 184w\" sizes=\"(max-width: 264px) 100vw, 264px\" \/><\/a><\/figure><\/div>\n\n\n\n<div class=\"wp-block-media-text is-stacked-on-mobile\" style=\"grid-template-columns:31% auto\"><figure class=\"wp-block-media-text__media\"><a href=\"https:\/\/www.terraaquatica.com\/cs\/organicke-biostimulatory-kveteni-a-zrani\/bloom-booster-6\/\"><img loading=\"lazy\" decoding=\"async\" width=\"209\" height=\"288\" src=\"https:\/\/www.terraaquatica.com\/wp-content\/uploads\/2024\/09\/image-2.png\" alt=\"\" class=\"wp-image-16774 size-full\" srcset=\"https:\/\/www.terraaquatica.com\/wp-content\/uploads\/2024\/09\/image-2.png 209w, https:\/\/www.terraaquatica.com\/wp-content\/uploads\/2024\/09\/image-2-174x240.png 174w\" sizes=\"(max-width: 209px) 100vw, 209px\" \/><\/a><\/figure><div class=\"wp-block-media-text__content\">\n<p><strong>Bloom Booster<\/strong> \u00a0je \u00fa\u010dinn\u00fdm stimul\u00e1torem kveten\u00ed, kter\u00fd v\u00e1m zajist\u00ed bohat\u00e9 kveten\u00ed a mohutnou \u00farodu.<br><strong><a href=\"https:\/\/www.terraaquatica.com\/cs\/organicke-biostimulatory-kveteni-a-zrani\/bloom-booster-6\/\">Viz v\u00edce &#8230;<\/a><\/strong><\/p>\n<\/div><\/div>\n\n\n\n<div class=\"wp-block-media-text has-media-on-the-right is-stacked-on-mobile\" style=\"grid-template-columns:auto 27%\"><div class=\"wp-block-media-text__content\">\n<p><strong>Seaweed<\/strong> je 100% p\u0159\u00edrodn\u00ed prost\u0159edek, kter\u00fd podporuje vitalitu p\u016fdy i rostlin a povzbuzuje bohat\u00fd r\u016fst ko\u0159en\u016f a list\u016f. Sou\u010dasn\u011b zvy\u0161uje hojnost kv\u011bt\u016f a p\u0159isp\u00edv\u00e1 k tvorb\u011b v\u011bt\u0161\u00edch kv\u011bt\u016f a plod\u016f.<br><strong><a href=\"https:\/\/www.terraaquatica.com\/cs\/univerzalni-organicke-biostimulatory\/seaweed-6\/\">Viz v\u00edce &#8230;<\/a><\/strong><\/p>\n<\/div><figure class=\"wp-block-media-text__media\"><a href=\"https:\/\/www.terraaquatica.com\/universal-organic-biostimulants\/seaweed\/\"><img loading=\"lazy\" decoding=\"async\" width=\"218\" height=\"347\" src=\"https:\/\/www.terraaquatica.com\/wp-content\/uploads\/2024\/09\/image-3.png\" alt=\"\" class=\"wp-image-16781 size-full\" srcset=\"https:\/\/www.terraaquatica.com\/wp-content\/uploads\/2024\/09\/image-3.png 218w, https:\/\/www.terraaquatica.com\/wp-content\/uploads\/2024\/09\/image-3-188x300.png 188w, https:\/\/www.terraaquatica.com\/wp-content\/uploads\/2024\/09\/image-3-151x240.png 151w\" sizes=\"(max-width: 218px) 100vw, 218px\" \/><\/a><\/figure><\/div>\n\n\n\n<div class=\"wp-block-media-text is-stacked-on-mobile\" style=\"grid-template-columns:37% auto\"><figure class=\"wp-block-media-text__media\"><a href=\"https:\/\/www.terraaquatica.com\/cs\/univerzalni-organicke-biostimulatory\/silicate-3\/\"><img loading=\"lazy\" decoding=\"async\" width=\"260\" height=\"319\" src=\"https:\/\/www.terraaquatica.com\/wp-content\/uploads\/2024\/09\/image-4.png\" alt=\"\" class=\"wp-image-16788 size-full\" srcset=\"https:\/\/www.terraaquatica.com\/wp-content\/uploads\/2024\/09\/image-4.png 260w, https:\/\/www.terraaquatica.com\/wp-content\/uploads\/2024\/09\/image-4-245x300.png 245w, https:\/\/www.terraaquatica.com\/wp-content\/uploads\/2024\/09\/image-4-196x240.png 196w\" sizes=\"(max-width: 260px) 100vw, 260px\" \/><\/a><\/figure><div class=\"wp-block-media-text__content\">\n<p><strong>Silicate<\/strong> stabilizuje pH \u017eivn\u00e9ho roztoku a jeho vodivost, kter\u00e1 sni\u017euje stres rychle rostouc\u00edch rostlin. <br>Silicate tak\u00e9 chr\u00e1n\u00ed p\u0159ed toxiny z\u00a0kov\u016f.<br><strong><a href=\"https:\/\/www.terraaquatica.com\/cs\/univerzalni-organicke-biostimulatory\/silicate-3\/\">Viz v\u00edce &#8230;<\/a><\/strong><\/p>\n<\/div><\/div>\n\n\n\n<div class=\"wp-block-media-text has-media-on-the-right is-stacked-on-mobile\" style=\"grid-template-columns:auto 30%\"><div class=\"wp-block-media-text__content\">\n<p><strong>Urtimax\u00ae<\/strong> stimuluje r\u016fst rostlin, bojuje proti chlor\u00f3ze list\u016f i nedostatku miner\u00e1l\u016f a zlep\u0161uje odolnost v\u016f\u010di \u0161k\u016fdc\u016fm.<br>Urtimax\u00ae je vysoce kvalitn\u00ed odvar z kop\u0159ivy \u2013 podobn\u00e9 pou\u017e\u00edvaj\u00ed p\u011bstitel\u00e9 stovky, ne-li tis\u00edce let. Urtimax\u00ae se vyr\u00e1b\u00ed kva\u0161en\u00edm kop\u0159iv ve vod\u011b. Rostlin\u00e1m poskytuje v\u00fdjime\u010dnou ochranu i v\u00fd\u017eivu.<br><strong><a href=\"https:\/\/www.terraaquatica.com\/cs\/univerzalni-organicke-biostimulatory\/urtimax-6\/\">Viz v\u00edce &#8230;<\/a> <\/strong><\/p>\n<\/div><figure class=\"wp-block-media-text__media\"><a href=\"https:\/\/www.terraaquatica.com\/cs\/univerzalni-organicke-biostimulatory\/urtimax-6\/\"><img loading=\"lazy\" decoding=\"async\" width=\"243\" height=\"354\" src=\"https:\/\/www.terraaquatica.com\/wp-content\/uploads\/2024\/09\/image-5.png\" alt=\"\" class=\"wp-image-16795 size-full\" srcset=\"https:\/\/www.terraaquatica.com\/wp-content\/uploads\/2024\/09\/image-5.png 243w, https:\/\/www.terraaquatica.com\/wp-content\/uploads\/2024\/09\/image-5-206x300.png 206w, https:\/\/www.terraaquatica.com\/wp-content\/uploads\/2024\/09\/image-5-165x240.png 165w\" sizes=\"(max-width: 243px) 100vw, 243px\" \/><\/a><\/figure><\/div>\n\n\n\n<div class=\"wp-block-media-text is-stacked-on-mobile\" style=\"grid-template-columns:34% auto\"><figure class=\"wp-block-media-text__media\"><a href=\"https:\/\/www.terraaquatica.com\/cs\/univerzalni-organicke-biostimulatory\/humic-6\/\"><img loading=\"lazy\" decoding=\"async\" width=\"269\" height=\"337\" src=\"https:\/\/www.terraaquatica.com\/wp-content\/uploads\/2024\/09\/image-6.png\" alt=\"\" class=\"wp-image-16802 size-full\" srcset=\"https:\/\/www.terraaquatica.com\/wp-content\/uploads\/2024\/09\/image-6.png 269w, https:\/\/www.terraaquatica.com\/wp-content\/uploads\/2024\/09\/image-6-239x300.png 239w, https:\/\/www.terraaquatica.com\/wp-content\/uploads\/2024\/09\/image-6-192x240.png 192w\" sizes=\"(max-width: 269px) 100vw, 269px\" \/><\/a><\/figure><div class=\"wp-block-media-text__content\">\n<p><strong>Humic<\/strong> p\u0159edstavuje v\u00fdborn\u00fd zdroj huminov\u00fdch l\u00e1tek, kter\u00e9 z\u00edsk\u00e1v\u00e1me z nov\u00e9ho p\u0159\u00edrodn\u00edho a udr\u017eiteln\u00e9ho zdroje \u2013 z pilin !<br>Tato nov\u00e1 technologie d\u00e1v\u00e1 vzniknout \u010dist\u00e9mu produktu bez obsahu ne\u017e\u00e1douc\u00edch zbytk\u016f a samoz\u0159ejm\u011b vyu\u017e\u00edv\u00e1 100% udr\u017eiteln\u00fd zdroj !<br><a href=\"https:\/\/www.terraaquatica.com\/cs\/univerzalni-organicke-biostimulatory\/humic-6\/\"><strong>Viz v\u00edce&#8230;<\/strong><\/a><\/p>\n<\/div><\/div>\n\n\n\n<div class=\"wp-block-media-text has-media-on-the-right is-stacked-on-mobile\" style=\"grid-template-columns:auto 35%\"><div class=\"wp-block-media-text__content\">\n<p><strong>Fulvic<\/strong><br><\/p>\n\n\n\n<p><em>Nejlep\u0161\u00ed vzpruha, jakou m\u016f\u017eete krom\u011b hnojiv rostlin\u00e1m poskytnout, je kvalitn\u00ed kyselina fulvov\u00e1. A Fulvic je ta nejlep\u0161\u00ed na sv\u011bt\u011b.<\/em><br>Rozpustn\u00e9 hum\u00e1ty obsahuj\u00ed p\u0159ehr\u0161el p\u0159\u00edrodn\u00edch l\u00e1tek podporuj\u00edc\u00edch r\u016fst rostlin a k tomu l\u00e1tky posiluj\u00edc\u00ed \u00fa\u010dinnost \u017eivin. Velk\u00fd pod\u00edl na tom maj\u00ed fulvov\u00e9 kyseliny, kter\u00e9 rostlin\u00e1m usnad\u0148uj\u00ed vst\u0159eb\u00e1v\u00e1n\u00ed miner\u00e1l\u016f, co\u017e zvy\u0161uje \u00fa\u010dinnost dod\u00e1van\u00fdch \u017eivin<br><a href=\"https:\/\/www.terraaquatica.com\/cs\/univerzalni-organicke-biostimulatory\/fulvic-6\/\"><strong>Viz v\u00edce<\/strong><\/a><a href=\"https:\/\/www.terraaquatica.com\/fr\/biostimulant-organique-universel\/fulvic-3\/\"><strong>&#8230;<\/strong><\/a><\/p>\n<\/div><figure class=\"wp-block-media-text__media\"><a href=\"https:\/\/www.terraaquatica.com\/cs\/univerzalni-organicke-biostimulatory\/fulvic-6\/\"><img loading=\"lazy\" decoding=\"async\" width=\"284\" height=\"355\" src=\"https:\/\/www.terraaquatica.com\/wp-content\/uploads\/2024\/09\/image-7.png\" alt=\"\" class=\"wp-image-16809 size-full\" srcset=\"https:\/\/www.terraaquatica.com\/wp-content\/uploads\/2024\/09\/image-7.png 284w, https:\/\/www.terraaquatica.com\/wp-content\/uploads\/2024\/09\/image-7-240x300.png 240w, https:\/\/www.terraaquatica.com\/wp-content\/uploads\/2024\/09\/image-7-192x240.png 192w\" sizes=\"(max-width: 284px) 100vw, 284px\" \/><\/a><\/figure><\/div>\n\n\n\n<p><strong>Praktikujete bioponii (organickou hydroponii)<\/strong> <strong>?<\/strong><br>Nezapome\u0148te p\u0159idat <a href=\"https:\/\/www.terraaquatica.com\/cs\/kategorie_produktu\/prospesne-mikroorganismy\/\">mikroorganismy<\/a> ! Hraj\u00ed z\u00e1sadn\u00ed roli p\u0159i rozkladu organick\u00fdch l\u00e1tek, zlep\u0161uj\u00ed absorpci miner\u00e1ln\u00edch l\u00e1tek a posiluj\u00ed strukturu a zdrav\u00ed va\u0161ich rostlin.<br>Pro zku\u0161en\u011bj\u0161\u00ed objevte na\u0161i nab\u00eddku <strong>Pro Booster<\/strong> :<br><a href=\"https:\/\/www.terraaquatica.com\/cs\/organicke-biostimulatory-kveteni-a-zrani\/pro-bloom-6\/\">ProBloom<\/a> , <a href=\"https:\/\/www.terraaquatica.com\/fr\/stimulant-racinaire-bio\/pro-roots-3\/\">P<\/a><a href=\"https:\/\/www.terraaquatica.com\/cs\/organicke-biostimulatory-korenoveho-systemu\/pro-roots-6\/\">ro Roots<\/a> , a <a href=\"https:\/\/www.terraaquatica.com\/fr\/activateur-systeme-immunitaire\/protect-3\/\">Prot<\/a><a href=\"https:\/\/www.terraaquatica.com\/cs\/aktivator-imunitniho-systemu\/protect-6\/\">ect<\/a> .<\/p>\n\n\n\n<p><strong>Pro\u010d p\u011bstovat ekologicky ?<\/strong><br>Ekologick\u00e9 zem\u011bd\u011blstv\u00ed je v\u00edc ne\u017e jen trend: je to nutnost pro udr\u017eitelnou budoucnost. Ekologick\u00e9 p\u011bstov\u00e1n\u00ed nab\u00edz\u00ed mnoho v\u00fdhod :<\/p>\n\n\n\n<ul class=\"wp-block-list\">\n<li><strong>Respekt k \u017eivotn\u00edmu prost\u0159ed\u00ed <\/strong>: Ekologick\u00e9 produkty jsou navr\u017eeny tak, aby minimalizovaly sv\u016fj dopad na ekosyst\u00e9m. Podporuj\u00ed biologickou rozmanitost, chr\u00e1n\u00ed kvalitu vody a zvy\u0161uj\u00ed \u00farodnost p\u016fdy.<\/li>\n\n\n\n<li><strong>Bezpe\u010dnost a zdrav\u00ed :<\/strong> Pou\u017e\u00edv\u00e1n\u00edm ekologick\u00fdch produkt\u016f se vyh\u00fdb\u00e1te syntetick\u00fdm chemik\u00e1li\u00edm, co\u017e prosp\u00edv\u00e1 zdrav\u00ed u\u017eivatel\u016f a kone\u010dn\u00fdch spot\u0159ebitel\u016f.<\/li>\n\n\n\n<li><strong>Kvalita plodin :<\/strong> Ekologick\u00e9 plodiny jsou \u010dasto odoln\u011bj\u0161\u00ed v\u016f\u010di chorob\u00e1m a poskytuj\u00ed chutn\u011bj\u0161\u00ed a v\u00fd\u017eivn\u011bj\u0161\u00ed \u00farodu.<\/li>\n<\/ul>\n\n\n\n<p>Dobr\u00e9 plodiny !<br><br>M\u00e1te dotazy ? Kontaktujte na\u0161e technick\u00e9 odd\u011blen\u00ed na adrese <a href=\"mailto:tech@terraaquatica.com\">tech@terraaquatica.com<\/a><\/p>\n","protected":false},"excerpt":{"rendered":"<p>Ekologick\u00e1 \u0159ada Terra Aquatica se m\u011bn\u00ed. S pot\u011b\u0161en\u00edm v\u00e1m oznamujeme z\u00e1sadn\u00ed aktualizaci na\u0161eho sortimentu ekologick\u00fdch produkt\u016f! Abychom tuto produktovou \u0159adu [&hellip;]<\/p>\n","protected":false},"author":710,"featured_media":0,"parent":0,"menu_order":0,"comment_status":"closed","ping_status":"closed","template":"","meta":{"_acf_changed":false,"footnotes":""},"class_list":["post-16832","page","type-page","status-publish","hentry"],"acf":[],"yoast_head":"<!-- This site is optimized with the Yoast SEO plugin v27.3 - https:\/\/yoast.com\/product\/yoast-seo-wordpress\/ -->\n<title>Nov\u00e9 ekologick\u00e9 zna\u010dky - Terra Aquatica<\/title>\n<meta name=\"robots\" content=\"index, follow, max-snippet:-1, max-image-preview:large, max-video-preview:-1\" \/>\n<link rel=\"canonical\" href=\"https:\/\/www.terraaquatica.com\/cs\/nove-ekologicke-znacky\/\" \/>\n<meta property=\"og:locale\" content=\"cs_CZ\" \/>\n<meta property=\"og:type\" content=\"article\" \/>\n<meta property=\"og:title\" content=\"Nov\u00e9 ekologick\u00e9 zna\u010dky - Terra Aquatica\" \/>\n<meta property=\"og:description\" content=\"Ekologick\u00e1 \u0159ada Terra Aquatica se m\u011bn\u00ed. S pot\u011b\u0161en\u00edm v\u00e1m oznamujeme z\u00e1sadn\u00ed aktualizaci na\u0161eho sortimentu ekologick\u00fdch produkt\u016f! Abychom tuto produktovou \u0159adu [&hellip;]\" \/>\n<meta property=\"og:url\" content=\"https:\/\/www.terraaquatica.com\/cs\/nove-ekologicke-znacky\/\" \/>\n<meta property=\"og:site_name\" content=\"Terra Aquatica\" \/>\n<meta property=\"article:modified_time\" content=\"2024-09-16T14:34:29+00:00\" \/>\n<meta property=\"og:image\" content=\"https:\/\/www.terraaquatica.com\/wp-content\/uploads\/2024\/09\/nouvelle-gamme-organique-vertical-01-683x1024.jpg\" \/>\n<meta name=\"twitter:card\" content=\"summary_large_image\" \/>\n<meta name=\"twitter:label1\" content=\"Odhadovan\u00e1 doba \u010dten\u00ed\" \/>\n\t<meta name=\"twitter:data1\" content=\"4 minuty\" \/>\n<script type=\"application\/ld+json\" class=\"yoast-schema-graph\">{\"@context\":\"https:\\\/\\\/schema.org\",\"@graph\":[{\"@type\":\"WebPage\",\"@id\":\"https:\\\/\\\/www.terraaquatica.com\\\/cs\\\/nove-ekologicke-znacky\\\/\",\"url\":\"https:\\\/\\\/www.terraaquatica.com\\\/cs\\\/nove-ekologicke-znacky\\\/\",\"name\":\"Nov\u00e9 ekologick\u00e9 zna\u010dky - Terra Aquatica\",\"isPartOf\":{\"@id\":\"https:\\\/\\\/www.terraaquatica.com\\\/#website\"},\"primaryImageOfPage\":{\"@id\":\"https:\\\/\\\/www.terraaquatica.com\\\/cs\\\/nove-ekologicke-znacky\\\/#primaryimage\"},\"image\":{\"@id\":\"https:\\\/\\\/www.terraaquatica.com\\\/cs\\\/nove-ekologicke-znacky\\\/#primaryimage\"},\"thumbnailUrl\":\"https:\\\/\\\/www.terraaquatica.com\\\/wp-content\\\/uploads\\\/2024\\\/09\\\/nouvelle-gamme-organique-vertical-01-683x1024.jpg\",\"datePublished\":\"2024-09-16T14:34:27+00:00\",\"dateModified\":\"2024-09-16T14:34:29+00:00\",\"breadcrumb\":{\"@id\":\"https:\\\/\\\/www.terraaquatica.com\\\/cs\\\/nove-ekologicke-znacky\\\/#breadcrumb\"},\"inLanguage\":\"cs\",\"potentialAction\":[{\"@type\":\"ReadAction\",\"target\":[\"https:\\\/\\\/www.terraaquatica.com\\\/cs\\\/nove-ekologicke-znacky\\\/\"]}]},{\"@type\":\"ImageObject\",\"inLanguage\":\"cs\",\"@id\":\"https:\\\/\\\/www.terraaquatica.com\\\/cs\\\/nove-ekologicke-znacky\\\/#primaryimage\",\"url\":\"https:\\\/\\\/www.terraaquatica.com\\\/wp-content\\\/uploads\\\/2024\\\/09\\\/nouvelle-gamme-organique-vertical-01-683x1024.jpg\",\"contentUrl\":\"https:\\\/\\\/www.terraaquatica.com\\\/wp-content\\\/uploads\\\/2024\\\/09\\\/nouvelle-gamme-organique-vertical-01-683x1024.jpg\"},{\"@type\":\"BreadcrumbList\",\"@id\":\"https:\\\/\\\/www.terraaquatica.com\\\/cs\\\/nove-ekologicke-znacky\\\/#breadcrumb\",\"itemListElement\":[{\"@type\":\"ListItem\",\"position\":1,\"name\":\"Accueil\",\"item\":\"https:\\\/\\\/www.terraaquatica.com\\\/cs\\\/\"},{\"@type\":\"ListItem\",\"position\":2,\"name\":\"Nov\u00e9 ekologick\u00e9 zna\u010dky\"}]},{\"@type\":\"WebSite\",\"@id\":\"https:\\\/\\\/www.terraaquatica.com\\\/#website\",\"url\":\"https:\\\/\\\/www.terraaquatica.com\\\/\",\"name\":\"Terra Aquatica\",\"description\":\"Engrais et syst\u00e8mes de culture depuis 1995\",\"publisher\":{\"@id\":\"https:\\\/\\\/www.terraaquatica.com\\\/#organization\"},\"potentialAction\":[{\"@type\":\"SearchAction\",\"target\":{\"@type\":\"EntryPoint\",\"urlTemplate\":\"https:\\\/\\\/www.terraaquatica.com\\\/?s={search_term_string}\"},\"query-input\":{\"@type\":\"PropertyValueSpecification\",\"valueRequired\":true,\"valueName\":\"search_term_string\"}}],\"inLanguage\":\"cs\"},{\"@type\":\"Organization\",\"@id\":\"https:\\\/\\\/www.terraaquatica.com\\\/#organization\",\"name\":\"Terra Aquatica\",\"url\":\"https:\\\/\\\/www.terraaquatica.com\\\/\",\"logo\":{\"@type\":\"ImageObject\",\"inLanguage\":\"cs\",\"@id\":\"https:\\\/\\\/www.terraaquatica.com\\\/#\\\/schema\\\/logo\\\/image\\\/\",\"url\":\"https:\\\/\\\/www.terraaquatica.com\\\/wp-content\\\/uploads\\\/2022\\\/03\\\/favicon-transpa-big.png\",\"contentUrl\":\"https:\\\/\\\/www.terraaquatica.com\\\/wp-content\\\/uploads\\\/2022\\\/03\\\/favicon-transpa-big.png\",\"width\":512,\"height\":512,\"caption\":\"Terra Aquatica\"},\"image\":{\"@id\":\"https:\\\/\\\/www.terraaquatica.com\\\/#\\\/schema\\\/logo\\\/image\\\/\"}}]}<\/script>\n<!-- \/ Yoast SEO plugin. -->","yoast_head_json":{"title":"Nov\u00e9 ekologick\u00e9 zna\u010dky - Terra Aquatica","robots":{"index":"index","follow":"follow","max-snippet":"max-snippet:-1","max-image-preview":"max-image-preview:large","max-video-preview":"max-video-preview:-1"},"canonical":"https:\/\/www.terraaquatica.com\/cs\/nove-ekologicke-znacky\/","og_locale":"cs_CZ","og_type":"article","og_title":"Nov\u00e9 ekologick\u00e9 zna\u010dky - Terra Aquatica","og_description":"Ekologick\u00e1 \u0159ada Terra Aquatica se m\u011bn\u00ed. S pot\u011b\u0161en\u00edm v\u00e1m oznamujeme z\u00e1sadn\u00ed aktualizaci na\u0161eho sortimentu ekologick\u00fdch produkt\u016f! Abychom tuto produktovou \u0159adu [&hellip;]","og_url":"https:\/\/www.terraaquatica.com\/cs\/nove-ekologicke-znacky\/","og_site_name":"Terra Aquatica","article_modified_time":"2024-09-16T14:34:29+00:00","og_image":[{"url":"https:\/\/www.terraaquatica.com\/wp-content\/uploads\/2024\/09\/nouvelle-gamme-organique-vertical-01-683x1024.jpg","type":"","width":"","height":""}],"twitter_card":"summary_large_image","twitter_misc":{"Odhadovan\u00e1 doba \u010dten\u00ed":"4 minuty"},"schema":{"@context":"https:\/\/schema.org","@graph":[{"@type":"WebPage","@id":"https:\/\/www.terraaquatica.com\/cs\/nove-ekologicke-znacky\/","url":"https:\/\/www.terraaquatica.com\/cs\/nove-ekologicke-znacky\/","name":"Nov\u00e9 ekologick\u00e9 zna\u010dky - Terra Aquatica","isPartOf":{"@id":"https:\/\/www.terraaquatica.com\/#website"},"primaryImageOfPage":{"@id":"https:\/\/www.terraaquatica.com\/cs\/nove-ekologicke-znacky\/#primaryimage"},"image":{"@id":"https:\/\/www.terraaquatica.com\/cs\/nove-ekologicke-znacky\/#primaryimage"},"thumbnailUrl":"https:\/\/www.terraaquatica.com\/wp-content\/uploads\/2024\/09\/nouvelle-gamme-organique-vertical-01-683x1024.jpg","datePublished":"2024-09-16T14:34:27+00:00","dateModified":"2024-09-16T14:34:29+00:00","breadcrumb":{"@id":"https:\/\/www.terraaquatica.com\/cs\/nove-ekologicke-znacky\/#breadcrumb"},"inLanguage":"cs","potentialAction":[{"@type":"ReadAction","target":["https:\/\/www.terraaquatica.com\/cs\/nove-ekologicke-znacky\/"]}]},{"@type":"ImageObject","inLanguage":"cs","@id":"https:\/\/www.terraaquatica.com\/cs\/nove-ekologicke-znacky\/#primaryimage","url":"https:\/\/www.terraaquatica.com\/wp-content\/uploads\/2024\/09\/nouvelle-gamme-organique-vertical-01-683x1024.jpg","contentUrl":"https:\/\/www.terraaquatica.com\/wp-content\/uploads\/2024\/09\/nouvelle-gamme-organique-vertical-01-683x1024.jpg"},{"@type":"BreadcrumbList","@id":"https:\/\/www.terraaquatica.com\/cs\/nove-ekologicke-znacky\/#breadcrumb","itemListElement":[{"@type":"ListItem","position":1,"name":"Accueil","item":"https:\/\/www.terraaquatica.com\/cs\/"},{"@type":"ListItem","position":2,"name":"Nov\u00e9 ekologick\u00e9 zna\u010dky"}]},{"@type":"WebSite","@id":"https:\/\/www.terraaquatica.com\/#website","url":"https:\/\/www.terraaquatica.com\/","name":"Terra Aquatica","description":"Engrais et syst\u00e8mes de culture depuis 1995","publisher":{"@id":"https:\/\/www.terraaquatica.com\/#organization"},"potentialAction":[{"@type":"SearchAction","target":{"@type":"EntryPoint","urlTemplate":"https:\/\/www.terraaquatica.com\/?s={search_term_string}"},"query-input":{"@type":"PropertyValueSpecification","valueRequired":true,"valueName":"search_term_string"}}],"inLanguage":"cs"},{"@type":"Organization","@id":"https:\/\/www.terraaquatica.com\/#organization","name":"Terra Aquatica","url":"https:\/\/www.terraaquatica.com\/","logo":{"@type":"ImageObject","inLanguage":"cs","@id":"https:\/\/www.terraaquatica.com\/#\/schema\/logo\/image\/","url":"https:\/\/www.terraaquatica.com\/wp-content\/uploads\/2022\/03\/favicon-transpa-big.png","contentUrl":"https:\/\/www.terraaquatica.com\/wp-content\/uploads\/2022\/03\/favicon-transpa-big.png","width":512,"height":512,"caption":"Terra Aquatica"},"image":{"@id":"https:\/\/www.terraaquatica.com\/#\/schema\/logo\/image\/"}}]}},"_links":{"self":[{"href":"https:\/\/www.terraaquatica.com\/cs\/wp-json\/wp\/v2\/pages\/16832","targetHints":{"allow":["GET"]}}],"collection":[{"href":"https:\/\/www.terraaquatica.com\/cs\/wp-json\/wp\/v2\/pages"}],"about":[{"href":"https:\/\/www.terraaquatica.com\/cs\/wp-json\/wp\/v2\/types\/page"}],"author":[{"embeddable":true,"href":"https:\/\/www.terraaquatica.com\/cs\/wp-json\/wp\/v2\/users\/710"}],"replies":[{"embeddable":true,"href":"https:\/\/www.terraaquatica.com\/cs\/wp-json\/wp\/v2\/comments?post=16832"}],"version-history":[{"count":1,"href":"https:\/\/www.terraaquatica.com\/cs\/wp-json\/wp\/v2\/pages\/16832\/revisions"}],"predecessor-version":[{"id":16833,"href":"https:\/\/www.terraaquatica.com\/cs\/wp-json\/wp\/v2\/pages\/16832\/revisions\/16833"}],"wp:attachment":[{"href":"https:\/\/www.terraaquatica.com\/cs\/wp-json\/wp\/v2\/media?parent=16832"}],"curies":[{"name":"wp","href":"https:\/\/api.w.org\/{rel}","templated":true}]}}