{"id":234,"date":"2018-10-30T10:57:03","date_gmt":"2018-10-30T09:57:03","guid":{"rendered":"https:\/\/www.terraaquatica.com\/co-je-hydroponie\/"},"modified":"2018-10-30T10:57:03","modified_gmt":"2018-10-30T09:57:03","slug":"co-je-hydroponie","status":"publish","type":"page","link":"https:\/\/www.terraaquatica.com\/cs\/co-je-hydroponie\/","title":{"rendered":"Co je to hydroponie?"},"content":{"rendered":"<p>\n\t&nbsp;<\/p>\n<p><!--more--><\/p>\n<p>\n\tTerm\u00edn \u201ehydroponie\u201c poch\u00e1z\u00ed z \u0159eck\u00fdch slov \u201ehydro\u201c (voda) a \u201eponos\u201c (pr\u00e1ce). Ozna\u010duje formu p\u011bstov\u00e1n\u00ed, kde \u017eivn\u00fd roztok p\u0159\u00edmo dod\u00e1v\u00e1 \u017eiviny rostlin\u00e1m. V tradi\u010dn\u00edm p\u011bstitelstv\u00ed naopak bakterie a pl\u00edsn\u011b rozkl\u00e1daj\u00ed organickou hmotu a t\u00edm uvol\u0148uj\u00ed miner\u00e1ln\u00ed ionty, je\u017e pot\u00e9 rostliny z\u00edsk\u00e1vaj\u00ed z vody p\u0159\u00edtomn\u00e9 v p\u016fd\u011b.<br \/>\n\tRostliny v ka\u017ed\u00e9m p\u0159\u00edpad\u011b konzumuj\u00ed jako prim\u00e1rn\u00ed v\u00fd\u017eivu pouze miner\u00e1ln\u00ed ionty, nikoliv komplexn\u00ed organick\u00e9 molekuly, jak je tomu u lid\u00ed. Hydroponie tedy nen\u00ed n\u011bjak\u00e1 diametr\u00e1ln\u011b odli\u0161n\u00e1 nebo snad \u201enep\u0159irozen\u00e1\u201c metoda p\u011bstov\u00e1n\u00ed. Ve\u0161ker\u00e9 rostliny, a\u0165 u\u017e v \u010dist\u011b organick\u00e9m substr\u00e1tu nebo ve 100% miner\u00e1ln\u00edm hydroponick\u00e9m syst\u00e9mu zcela bez substr\u00e1tu, nakonec z\u00edsk\u00e1vaj\u00ed \u017eiviny z miner\u00e1l\u016f ve vod\u011b.<\/p>\n<p>\n\tRozd\u00edl spo\u010d\u00edv\u00e1 v tom, \u017ee v hydroponii (a ve v\u0161ech syst\u00e9mech od T.A) voda neust\u00e1le cirkuluje, jedin\u00e9 v\u00fdrazn\u011bj\u0161\u00ed ztr\u00e1ty tedy tvo\u0159\u00ed voda spot\u0159ebovan\u00e1 rostlinami a pravideln\u00e9 v\u00fdm\u011bny roztoku.<br \/>\n\tI kdy\u017e ve v\u011bt\u0161in\u011b hydroponick\u00fdch syst\u00e9m\u016f jsou ko\u0159eny neust\u00e1le udr\u017eov\u00e1ny vlhk\u00e9, kl\u00ed\u010dem k \u00fasp\u011b\u0161n\u00e9 hydroponii kupodivu nen\u00ed voda, n\u00fdbr\u017e kysl\u00edk. Mo\u017en\u00e1 v\u00edte, \u017ee p\u0159i p\u00e9\u010di o pokojov\u00e9 rostliny je jedn\u00edm z nej\u010dast\u011bj\u0161\u00edch probl\u00e9m\u016f p\u0159elit\u00ed. Vodou nas\u00e1kl\u00fd substr\u00e1t toti\u017e br\u00e1n\u00ed p\u0159\u00edstupu vzduchu ke ko\u0159en\u016fm, kter\u00e9, stejn\u011b jako zbyl\u00e9 \u010d\u00e1sti rostliny,<br \/>\n\tpro \u017eivot pot\u0159ebuj\u00ed kysl\u00edk. Kvalitn\u00ed hydroponick\u00e9 syst\u00e9my se proto soust\u0159ed\u00ed na okysli\u010den\u00ed. Pr\u00e1v\u011b d\u00edky dokonale okysli\u010den\u00e9mu roztoku spolu s optim\u00e1ln\u00edmi \u017eivinami dosahuje hydroponie ve srovn\u00e1n\u00ed s p\u011bstov\u00e1n\u00edm v p\u016fd\u011b tak vysok\u00fdch v\u00fdnos\u016f. Ve\u0161ker\u00e9 syst\u00e9my T.A umo\u017e\u0148uj\u00ed vynikaj\u00edc\u00ed okysli\u010den\u00ed a cirkulaci \u017eivn\u00e9ho roztoku.<br \/>\n\tPokud jste zvykl\u00ed na p\u011bstov\u00e1n\u00ed v p\u016fd\u011b, pak v\u011bzte, \u017ee v\u0161echny syst\u00e9my v na\u0161\u00ed nab\u00eddce p\u0159i spr\u00e1vn\u00e9m pou\u017eit\u00ed nab\u00edz\u00ed potenci\u00e1l pro masivn\u00ed n\u00e1r\u016fst v\u00fdnos\u016f, a to bez poklesu kvality.<\/p>\n<p>\n\tHydroponie sice umo\u017e\u0148uje farm\u00e1m p\u011bstovat raj\u010data bez chuti, se kter\u00fdmi se ob\u010das kv\u016fli \u0161et\u0159en\u00ed na d\u016fle\u017eit\u00fdch \u017eivin\u00e1ch setk\u00e1te, na druhou stranu ale dovoluje produkci v\u011bt\u0161\u00edho objemu potravin a rostlin extra vysok\u00e9 kvality se v\u0161emi mikro- a submikro \u017eivinami, kter\u00e9 najdeme v nejlep\u0161\u00edch organick\u00fdch produktech, a to v krat\u0161\u00ed dob\u011b a s mnohem men\u0161\u00edm pl\u00fdtv\u00e1n\u00edm (zejm\u00e9na vodou) oproti \u201etradi\u010dn\u00edmu\u201c p\u011bstov\u00e1n\u00ed v p\u016fd\u011b.<\/p>\n<p>\n\tNab\u00edz\u00edme \u00fapln\u00e9 spektrum mo\u017en\u00fdch p\u0159\u00edstup\u016f k hydroponii \u2013 od \u0161pi\u010dkov\u00fdch miner\u00e1ln\u00edch produkt\u016f TriPart\u00ae a profesion\u00e1ln\u00edch syst\u00e9m\u016f GrowStream po unik\u00e1tn\u00ed \u0159adu Organics a nen\u00e1ro\u010dn\u00fd syst\u00e9m Ebb&amp;Grow. Na\u0161e produkty prokazateln\u011b umo\u017e\u0148uj\u00ed dosahovat skute\u010dn\u011b v\u00fdjime\u010dn\u00fdch v\u00fdsledk\u016f.<br \/>\n\tPokud u\u017e m\u00e1te s hydroponi\u00ed zku\u0161enosti, nab\u00eddnou v\u00e1m na\u0161e syst\u00e9my lep\u00e9 koncipovan\u00e9 a efektivn\u011bj\u0161\u00ed zp\u016fsoby p\u011bstov\u00e1n\u00ed a na\u0161e \u017eiviny zaru\u010d\u00ed lep\u0161\u00ed v\u00fdsledky s men\u0161\u00edm mno\u017estv\u00edm dopl\u0148k\u016f ne\u017e jin\u00e9 zna\u010dky. Pokud jste v hydroponii nov\u00e1\u010dkem, nab\u00edz\u00edme bezpe\u010dn\u00e9 a snadn\u00e9 zp\u016fsoby, jak si tento koncept vyzkou\u0161et.<br \/>\n\tKe v\u0161em produkt\u016fm je p\u0159ibalen n\u00e1vod k pou\u017eit\u00ed. Podrobnosti o v\u00fd\u017eiv\u011b naleznete na stran\u00e1ch 57 a na internetu i jinde naleznete p\u0159ehr\u0161el informac\u00ed, kter\u00e9 v\u00e1m pomohou s po\u010d\u00e1te\u010dn\u00ed orientac\u00ed v hydroponii. Rozhodn\u011b v\u0161ak doporu\u010dujeme ka\u017ed\u00e9mu, kdo chce tento zp\u016fsob p\u011bstov\u00e1n\u00ed vyzkou\u0161et, aby investoval do kvalitn\u00ed p\u0159\u00edru\u010dky. Kniha Hydroponie pro ka\u017ed\u00e9ho od Williama Texiera je k dispozici online a pokr\u00fdv\u00e1 v\u0161e, co o hydroponii pot\u0159ebujete v\u011bd\u011bt od za\u010d\u00e1te\u010dnick\u00e9 po profesion\u00e1ln\u00ed \u00farove\u0148. N\u00ed\u017ee uv\u00e1d\u00edme z\u00e1kladn\u00ed p\u0159edpoklady \u00fasp\u011b\u0161n\u00e9 hydroponie podle pracovn\u00edk\u016f T.A:<\/p>\n<p>\n\t<br \/>\n\t1. V\u0161e je o prost\u0159ed\u00ed. P\u0159\u00edli\u0161 velk\u00e9 teplo, chlad i moc siln\u00e9 \u010di naopak slab\u00e9 proud\u011bn\u00ed vzduchu mohou \u00farodu zni\u010dit. Nechte si poradit od m\u00edstn\u00edch p\u011bstitel\u016f \u010di prodejc\u016f, jak co nejl\u00e9pe p\u0159izp\u016fsobit sv\u016fj syst\u00e9m lok\u00e1ln\u00edm podm\u00ednk\u00e1m.<\/p>\n<p>\n\t2. Poznejte svoji vodu. V p\u0159\u00edpad\u011b tvrd\u00e9 i m\u011bkk\u00e9 vody pou\u017e\u00edvejte vhodn\u00e9 verze \u017eivin. \u201eUniverz\u00e1ln\u00ed\u201c v\u00fd\u017eiva, kter\u00e1 \u201efunguje\u201c v obou typech vody m\u016f\u017ee pro tvrdou vodu obsahovat moc v\u00e1pn\u00edku, pro vodu m\u011bkkou zase m\u00e1lo.<\/p>\n<p>\n\t3. Se\u017ee\u0148te si kvalitn\u00ed m\u011b\u0159ic\u00ed p\u0159\u00edstroje. Hodnoty pH a EC jsou kl\u00ed\u010dov\u00e9 pro kvalitu \u017eivn\u00e9ho roztoku (v organick\u00e9 hydroponii je EC m\u00e9n\u011b v\u00fdznamn\u00e9; viz bioponie \/ viz str. 32). pH ukazuje, jak moc je \u017eivn\u00fd roztok kysel\u00fd \u010di z\u00e1sadit\u00fd, EC (elektrick\u00e1 vodivost) poskytuje obecn\u00fd ukazatel, jak\u00e9 mno\u017estv\u00ed \u017eivin roztok obsahuje. Nab\u00edz\u00edme dostupn\u00e9 a p\u0159esn\u00e9 tekut\u00e9 soupravy pro testov\u00e1n\u00ed pH. Na trhu jsou b\u011b\u017en\u011b k dost\u00e1n\u00ed cenov\u011b dostupn\u00e9 m\u011b\u0159i\u010de EC a pH.<\/p>\n<p>\n\t4. Neexistuje nic jako \u201eide\u00e1ln\u00ed\u201c hodnota pH. Ka\u017ed\u00e1 rostlina preferuje jinou hodnotu a p\u0159i ka\u017ed\u00e9 hodnot\u011b je absorpce n\u011bkter\u00fdch miner\u00e1l\u016f lep\u0161\u00ed, jin\u00fdch zase hor\u0161\u00ed. Doporu\u010dujeme dr\u017eet se na ni\u017e\u0161\u00edch hodnot\u00e1ch obecn\u00e9 \u0161k\u00e1ly pH 5,5\u20136,2. Tak\u00e9 rad\u00edme hodnoty pH a EC denn\u011b kontrolovat. Drobn\u00e9 v\u00fdkyvy jsou v po\u0159\u00e1dku, velk\u00e9 \u010di n\u00e1hl\u00e9 nikoli.<\/p>\n<p>\n\t5. Co se t\u00fd\u010de EC, doporu\u010den\u00e9 hodnoty pro ka\u017ed\u00fd produkt a ka\u017ed\u00e9 st\u00e1dium r\u016fstu najdete v na\u0161ich tabulk\u00e1ch. Zpravidla zde ale m\u00e9n\u011b znamen\u00e1 v\u00edce \u2013 neust\u00e1l\u00e9 zvy\u0161ov\u00e1n\u00ed hodnot EC obecn\u011b \u00farodu nezvy\u0161uje, a nav\u00edc zp\u016fsobuje rostlin\u00e1m stres. Chcete-li experimentovat, postupujte pomalu, a pokud rostliny vykazuj\u00ed zn\u00e1mky stresu, sni\u017ete hodnotu EC.<\/p>\n","protected":false},"excerpt":{"rendered":"<p>&nbsp;<\/p>\n","protected":false},"author":3,"featured_media":0,"parent":0,"menu_order":0,"comment_status":"closed","ping_status":"closed","template":"","meta":{"_acf_changed":false,"footnotes":""},"class_list":["post-234","page","type-page","status-publish","hentry"],"acf":[],"yoast_head":"<!-- This site is optimized with the Yoast SEO plugin v27.3 - https:\/\/yoast.com\/product\/yoast-seo-wordpress\/ -->\n<title>Co je to hydroponie? - Terra Aquatica<\/title>\n<meta name=\"robots\" content=\"index, follow, max-snippet:-1, max-image-preview:large, max-video-preview:-1\" \/>\n<link rel=\"canonical\" href=\"https:\/\/www.terraaquatica.com\/cs\/co-je-hydroponie\/\" \/>\n<meta property=\"og:locale\" content=\"cs_CZ\" \/>\n<meta property=\"og:type\" content=\"article\" \/>\n<meta property=\"og:title\" content=\"Co je to hydroponie? - Terra Aquatica\" \/>\n<meta property=\"og:description\" content=\"&nbsp;\" \/>\n<meta property=\"og:url\" content=\"https:\/\/www.terraaquatica.com\/cs\/co-je-hydroponie\/\" \/>\n<meta property=\"og:site_name\" content=\"Terra Aquatica\" \/>\n<meta name=\"twitter:card\" content=\"summary_large_image\" \/>\n<meta name=\"twitter:label1\" content=\"Odhadovan\u00e1 doba \u010dten\u00ed\" \/>\n\t<meta name=\"twitter:data1\" content=\"5 minut\" \/>\n<script type=\"application\/ld+json\" class=\"yoast-schema-graph\">{\"@context\":\"https:\\\/\\\/schema.org\",\"@graph\":[{\"@type\":\"WebPage\",\"@id\":\"https:\\\/\\\/www.terraaquatica.com\\\/cs\\\/co-je-hydroponie\\\/\",\"url\":\"https:\\\/\\\/www.terraaquatica.com\\\/cs\\\/co-je-hydroponie\\\/\",\"name\":\"Co je to hydroponie? - Terra Aquatica\",\"isPartOf\":{\"@id\":\"https:\\\/\\\/www.terraaquatica.com\\\/#website\"},\"datePublished\":\"2018-10-30T09:57:03+00:00\",\"breadcrumb\":{\"@id\":\"https:\\\/\\\/www.terraaquatica.com\\\/cs\\\/co-je-hydroponie\\\/#breadcrumb\"},\"inLanguage\":\"cs\",\"potentialAction\":[{\"@type\":\"ReadAction\",\"target\":[\"https:\\\/\\\/www.terraaquatica.com\\\/cs\\\/co-je-hydroponie\\\/\"]}]},{\"@type\":\"BreadcrumbList\",\"@id\":\"https:\\\/\\\/www.terraaquatica.com\\\/cs\\\/co-je-hydroponie\\\/#breadcrumb\",\"itemListElement\":[{\"@type\":\"ListItem\",\"position\":1,\"name\":\"Accueil\",\"item\":\"https:\\\/\\\/www.terraaquatica.com\\\/cs\\\/\"},{\"@type\":\"ListItem\",\"position\":2,\"name\":\"Co je to hydroponie?\"}]},{\"@type\":\"WebSite\",\"@id\":\"https:\\\/\\\/www.terraaquatica.com\\\/#website\",\"url\":\"https:\\\/\\\/www.terraaquatica.com\\\/\",\"name\":\"Terra Aquatica\",\"description\":\"Engrais et syst\u00e8mes de culture depuis 1995\",\"publisher\":{\"@id\":\"https:\\\/\\\/www.terraaquatica.com\\\/#organization\"},\"potentialAction\":[{\"@type\":\"SearchAction\",\"target\":{\"@type\":\"EntryPoint\",\"urlTemplate\":\"https:\\\/\\\/www.terraaquatica.com\\\/?s={search_term_string}\"},\"query-input\":{\"@type\":\"PropertyValueSpecification\",\"valueRequired\":true,\"valueName\":\"search_term_string\"}}],\"inLanguage\":\"cs\"},{\"@type\":\"Organization\",\"@id\":\"https:\\\/\\\/www.terraaquatica.com\\\/#organization\",\"name\":\"Terra Aquatica\",\"url\":\"https:\\\/\\\/www.terraaquatica.com\\\/\",\"logo\":{\"@type\":\"ImageObject\",\"inLanguage\":\"cs\",\"@id\":\"https:\\\/\\\/www.terraaquatica.com\\\/#\\\/schema\\\/logo\\\/image\\\/\",\"url\":\"https:\\\/\\\/www.terraaquatica.com\\\/wp-content\\\/uploads\\\/2022\\\/03\\\/favicon-transpa-big.png\",\"contentUrl\":\"https:\\\/\\\/www.terraaquatica.com\\\/wp-content\\\/uploads\\\/2022\\\/03\\\/favicon-transpa-big.png\",\"width\":512,\"height\":512,\"caption\":\"Terra Aquatica\"},\"image\":{\"@id\":\"https:\\\/\\\/www.terraaquatica.com\\\/#\\\/schema\\\/logo\\\/image\\\/\"}}]}<\/script>\n<!-- \/ Yoast SEO plugin. -->","yoast_head_json":{"title":"Co je to hydroponie? - Terra Aquatica","robots":{"index":"index","follow":"follow","max-snippet":"max-snippet:-1","max-image-preview":"max-image-preview:large","max-video-preview":"max-video-preview:-1"},"canonical":"https:\/\/www.terraaquatica.com\/cs\/co-je-hydroponie\/","og_locale":"cs_CZ","og_type":"article","og_title":"Co je to hydroponie? - Terra Aquatica","og_description":"&nbsp;","og_url":"https:\/\/www.terraaquatica.com\/cs\/co-je-hydroponie\/","og_site_name":"Terra Aquatica","twitter_card":"summary_large_image","twitter_misc":{"Odhadovan\u00e1 doba \u010dten\u00ed":"5 minut"},"schema":{"@context":"https:\/\/schema.org","@graph":[{"@type":"WebPage","@id":"https:\/\/www.terraaquatica.com\/cs\/co-je-hydroponie\/","url":"https:\/\/www.terraaquatica.com\/cs\/co-je-hydroponie\/","name":"Co je to hydroponie? - Terra Aquatica","isPartOf":{"@id":"https:\/\/www.terraaquatica.com\/#website"},"datePublished":"2018-10-30T09:57:03+00:00","breadcrumb":{"@id":"https:\/\/www.terraaquatica.com\/cs\/co-je-hydroponie\/#breadcrumb"},"inLanguage":"cs","potentialAction":[{"@type":"ReadAction","target":["https:\/\/www.terraaquatica.com\/cs\/co-je-hydroponie\/"]}]},{"@type":"BreadcrumbList","@id":"https:\/\/www.terraaquatica.com\/cs\/co-je-hydroponie\/#breadcrumb","itemListElement":[{"@type":"ListItem","position":1,"name":"Accueil","item":"https:\/\/www.terraaquatica.com\/cs\/"},{"@type":"ListItem","position":2,"name":"Co je to hydroponie?"}]},{"@type":"WebSite","@id":"https:\/\/www.terraaquatica.com\/#website","url":"https:\/\/www.terraaquatica.com\/","name":"Terra Aquatica","description":"Engrais et syst\u00e8mes de culture depuis 1995","publisher":{"@id":"https:\/\/www.terraaquatica.com\/#organization"},"potentialAction":[{"@type":"SearchAction","target":{"@type":"EntryPoint","urlTemplate":"https:\/\/www.terraaquatica.com\/?s={search_term_string}"},"query-input":{"@type":"PropertyValueSpecification","valueRequired":true,"valueName":"search_term_string"}}],"inLanguage":"cs"},{"@type":"Organization","@id":"https:\/\/www.terraaquatica.com\/#organization","name":"Terra Aquatica","url":"https:\/\/www.terraaquatica.com\/","logo":{"@type":"ImageObject","inLanguage":"cs","@id":"https:\/\/www.terraaquatica.com\/#\/schema\/logo\/image\/","url":"https:\/\/www.terraaquatica.com\/wp-content\/uploads\/2022\/03\/favicon-transpa-big.png","contentUrl":"https:\/\/www.terraaquatica.com\/wp-content\/uploads\/2022\/03\/favicon-transpa-big.png","width":512,"height":512,"caption":"Terra Aquatica"},"image":{"@id":"https:\/\/www.terraaquatica.com\/#\/schema\/logo\/image\/"}}]}},"_links":{"self":[{"href":"https:\/\/www.terraaquatica.com\/cs\/wp-json\/wp\/v2\/pages\/234","targetHints":{"allow":["GET"]}}],"collection":[{"href":"https:\/\/www.terraaquatica.com\/cs\/wp-json\/wp\/v2\/pages"}],"about":[{"href":"https:\/\/www.terraaquatica.com\/cs\/wp-json\/wp\/v2\/types\/page"}],"author":[{"embeddable":true,"href":"https:\/\/www.terraaquatica.com\/cs\/wp-json\/wp\/v2\/users\/3"}],"replies":[{"embeddable":true,"href":"https:\/\/www.terraaquatica.com\/cs\/wp-json\/wp\/v2\/comments?post=234"}],"version-history":[{"count":0,"href":"https:\/\/www.terraaquatica.com\/cs\/wp-json\/wp\/v2\/pages\/234\/revisions"}],"wp:attachment":[{"href":"https:\/\/www.terraaquatica.com\/cs\/wp-json\/wp\/v2\/media?parent=234"}],"curies":[{"name":"wp","href":"https:\/\/api.w.org\/{rel}","templated":true}]}}