{"id":238,"date":"2018-10-30T11:23:57","date_gmt":"2018-10-30T10:23:57","guid":{"rendered":"https:\/\/www.terraaquatica.com\/o-ghe\/"},"modified":"2022-01-28T23:07:51","modified_gmt":"2022-01-28T22:07:51","slug":"o-ghe","status":"publish","type":"page","link":"https:\/\/www.terraaquatica.com\/cs\/o-ghe\/","title":{"rendered":"O Terra Aquatica"},"content":{"rendered":"\n<figure class=\"wp-block-image size-full is-style-default\"><img fetchpriority=\"high\" decoding=\"async\" width=\"497\" height=\"378\" src=\"https:\/\/www.terraaquatica.com\/wp-content\/uploads\/2022\/01\/GHE-william.jpg\" alt=\"\" class=\"wp-image-12030\" srcset=\"https:\/\/www.terraaquatica.com\/wp-content\/uploads\/2022\/01\/GHE-william.jpg 497w, https:\/\/www.terraaquatica.com\/wp-content\/uploads\/2022\/01\/GHE-william-300x228.jpg 300w\" sizes=\"(max-width: 497px) 100vw, 497px\" \/><figcaption>Lawrence Brooke, Noucetta Kehdiov\u00e1 a William Texier, spoluzakladatel\u00e9 Terra Aquatica.<\/figcaption><\/figure>\n\n\n<p><!--more--><\/p>\n<p>Spole\u010dnost Terra Aquatica zalo\u017eili William Texier a Noucetta (Marie) Kehdi ve Francii v roce 1994. Oba p\u0159edt\u00edm z\u00edskali mezin\u00e1rodn\u00ed uzn\u00e1n\u00ed d\u00edky hydroponick\u00e9 farm\u011b s n\u00e1zvem White Owl WaterFarm, kde po\u010d\u00e1tkem devades\u00e1t\u00fdch let minul\u00e9ho stolet\u00ed p\u011bstovali plodiny pro restaurace v oblasti sanfrancisk\u00e9 z\u00e1toky, je\u017e se honosily michelinskou hv\u011bzdou.<br \/>William se od po\u010d\u00e1tku soust\u0159edil na inovace a vyv\u00edjel nov\u00e9 produkty a metody vych\u00e1zej\u00edc\u00ed ze sklouben\u00ed s\u00edly hydroponick\u00e9 technologie s kvalitami a ekologickou citlivost\u00ed organick\u00fdch (bio) metod, kter\u00e9 jsou v dne\u0161n\u00ed dob\u011b tak \u010dasto sklo\u0148ovan\u00e9. William a Noucetta se spole\u010dn\u011b stali pr\u016fkopn\u00edky nov\u00fdch technik modern\u00edho p\u011bstitelstv\u00ed, kte\u0159\u00ed pracuj\u00ed pouze s t\u011bmi nej\u010dist\u0161\u00edmi slo\u017ekami hnojiv (mnoho z nich v potravin\u00e1\u0159sk\u00e9 kvalit\u011b), ve spojen\u00ed s t\u011bmi nej\u010dist\u0161\u00edmi dostupn\u00fdmi organick\u00fdmi (bio) p\u0159\u00edsadami.<\/p>\n<p><strong>TECHNOLOGIE<\/strong><\/p>\n<p>N\u00e1stup nov\u00fdch produkt\u016f, kter\u00e9 se v modern\u00edm zem\u011bd\u011blstv\u00ed za\u010daly objevovat, vedl ke zm\u011bn\u011b pohledu na \u017eivn\u00e9 roztoky. William a Noucetta v\u011bd\u011bli, \u017ee ve\u0161ker\u00fd \u017eivot funguje v symbi\u00f3ze, a sv\u00e9 produkty vytv\u00e1\u0159eli tak, aby umo\u017e\u0148ovaly fungov\u00e1n\u00ed \u017eiv\u00fdch \u017eivn\u00fdch roztok\u016f. Jde o nov\u00fd druh p\u011bstov\u00e1n\u00ed, kdy jsou rostliny a jejich okoln\u00ed prost\u0159ed\u00ed pe\u010dliv\u011b vz\u00e1jemn\u011b integrov\u00e1ny do jednoho \u017eivouc\u00edho celku.<br \/>Nejde jen o hydroponii a organick\u00fd (bio) p\u0159\u00edstup, n\u00fdbr\u017e o jak\u00fdsi hybrid spojuj\u00edc\u00ed to nejlep\u0161\u00ed z obou sv\u011bt\u016f. Pesticidy nejsou pot\u0159eba, kdy\u017e rostliny sd\u00edl\u00ed prost\u0159ed\u00ed s prosp\u011b\u0161n\u00fdmi organismy, kter\u00e9 je chr\u00e1n\u00ed. Siln\u00e9 chemick\u00e9 p\u0159\u00edsady, je\u017e vyu\u017e\u00edv\u00e1 v\u011bt\u0161ina komer\u010dn\u00edch zem\u011bd\u011blc\u016f, v \u017eiv\u00e9m syst\u00e9mu nemaj\u00ed m\u00edsto. Syst\u00e9m symbiotick\u00e9 kultivace je toti\u017e podm\u00edn\u011bn vyu\u017eit\u00edm ekologick\u00fdch a kompatibiln\u00edch p\u0159\u00edm\u011bs\u00ed a recept\u016f. Pro lep\u0161\u00ed pochopen\u00ed t\u00e9to metody zavedli William a Nouceta pojem \u201ebioponie\u201c, o kter\u00e9 se dnes hovo\u0159\u00ed po cel\u00e9m sv\u011bt\u011b a v n\u00ed\u017e je Terra Aquatica st\u00e1le l\u00eddrem.<\/p>\n<p><strong>POT\u0158EBY P\u011aSTITEL\u016e<\/strong><\/p>\n<p>Produkty spole\u010dnosti Terra Aquatica dnes dod\u00e1vaj\u00ed \u017eiviny jak plodin\u00e1m, kter\u00e9 lidem poskytuj\u00ed potravu a l\u00e9\u010diva, tak t\u011bm, je\u017e zdob\u00ed okoln\u00ed prost\u0159ed\u00ed. Jsou vytv\u00e1\u0159eny tak, aby ve v\u0161ech typech prost\u0159ed\u00ed spl\u0148ovaly specifick\u00e9 po\u017eadavky p\u011bstitel\u016f, kte\u0159\u00ed kultivuj\u00ed rostliny pro osobn\u00ed a m\u00edstn\u00ed pot\u0159ebu.<\/p>\n<p>Z\u00e1kladn\u00edm krit\u00e9riem p\u0159i v\u00fdrob\u011b produkt\u016f spole\u010dnosti Terra Aquatica je poskytovat p\u011bstitel\u016fm zdrav\u00e9, udr\u017eiteln\u00e9 a k okoln\u00edmu prost\u0159ed\u00ed \u0161etrn\u00e9 p\u0159\u00edpravky.<br \/>V\u0161echny vznikaj\u00ed u\u0161it\u00e9 p\u0159\u00edmo na m\u00edru konkr\u00e9tn\u00edm region\u016fm, kde specifick\u00e9 podm\u00ednky t\u00fdkaj\u00edc\u00ed se vody, sv\u011btla, teploty, vlhkosti a celkov\u011b p\u0159\u00edrody vytv\u00e1\u0159ej\u00ed unik\u00e1tn\u00ed mikroprost\u0159ed\u00ed \u2013 od pou\u0161t\u00ed St\u0159edn\u00edho v\u00fdchodu a\u017e po arktick\u00e9 lesy na Sibi\u0159i.<br \/>V ka\u017ed\u00e9m takov\u00e9m unik\u00e1tn\u00edm prost\u0159ed\u00ed vznik\u00e1 stejn\u011b unik\u00e1tn\u00ed trh s rozmanit\u00fdmi pot\u0159ebami z\u00e1kazn\u00edk\u016f i samotn\u00fdch rostlin. Spole\u010dnost Terra Aquatica stoj\u00ed v \u010dele modern\u00edho zem\u011bd\u011blstv\u00ed.<br \/>William Texier a Noucetta Kehdiov\u00e1 jsou uzn\u00e1van\u00ed v akademick\u00fdch kruz\u00edch po cel\u00e9m sv\u011bt\u011b a oba \u010dasto cestuj\u00ed a p\u0159edn\u00e1\u0161ej\u00ed. Napsali a vydali \u0159adu \u010dl\u00e1nk\u016f a knih, podle nich\u017e se dnes u\u010d\u00ed studenti agronomie.<br \/>Kniha Williama Texiera Hydroponie pro ka\u017ed\u00e9ho je v sou\u010dasnosti dostupn\u00e1 v sedmi jazyc\u00edch v\u010detn\u011b \u010de\u0161tiny a p\u011bstitel\u016fm poskytuje nep\u0159ebernou \u0161k\u00e1lu informac\u00ed a v\u011bdomost\u00ed o tom, jak p\u011bstovat rostliny pro sebe i svou rodinu.<\/p>\n<p>Lawrence Brooke<\/p>\n\n\n<figure class=\"wp-block-embed is-type-video is-provider-youtube wp-block-embed-youtube wp-embed-aspect-16-9 wp-has-aspect-ratio\"><div class=\"wp-block-embed__wrapper\">\n<iframe title=\"Ofici\u00e1ln\u00ed zah\u00e1jen\u00ed z Terra Aquatica ! \ud83d\ude80\" width=\"500\" height=\"281\" src=\"https:\/\/www.youtube.com\/embed\/jD91WsRcE5Y?feature=oembed\" frameborder=\"0\" allow=\"accelerometer; autoplay; clipboard-write; encrypted-media; gyroscope; picture-in-picture; web-share\" referrerpolicy=\"strict-origin-when-cross-origin\" allowfullscreen><\/iframe>\n<\/div><\/figure>\n","protected":false},"excerpt":{"rendered":"","protected":false},"author":3,"featured_media":149,"parent":0,"menu_order":0,"comment_status":"closed","ping_status":"closed","template":"","meta":{"_acf_changed":false,"footnotes":""},"class_list":["post-238","page","type-page","status-publish","has-post-thumbnail","hentry"],"acf":[],"yoast_head":"<!-- This site is optimized with the Yoast SEO plugin v27.3 - https:\/\/yoast.com\/product\/yoast-seo-wordpress\/ -->\n<title>O Terra Aquatica - Terra Aquatica<\/title>\n<meta name=\"robots\" content=\"index, follow, max-snippet:-1, max-image-preview:large, max-video-preview:-1\" \/>\n<link rel=\"canonical\" href=\"https:\/\/www.terraaquatica.com\/cs\/o-ghe\/\" \/>\n<meta property=\"og:locale\" content=\"cs_CZ\" \/>\n<meta property=\"og:type\" content=\"article\" \/>\n<meta property=\"og:title\" content=\"O Terra Aquatica - Terra Aquatica\" \/>\n<meta property=\"og:url\" content=\"https:\/\/www.terraaquatica.com\/cs\/o-ghe\/\" \/>\n<meta property=\"og:site_name\" content=\"Terra Aquatica\" \/>\n<meta property=\"article:modified_time\" content=\"2022-01-28T22:07:51+00:00\" \/>\n<meta property=\"og:image\" content=\"https:\/\/www.terraaquatica.com\/wp-content\/uploads\/2017\/07\/william-noucetta-larry.jpg\" \/>\n\t<meta property=\"og:image:width\" content=\"1600\" \/>\n\t<meta property=\"og:image:height\" content=\"1200\" \/>\n\t<meta property=\"og:image:type\" content=\"image\/jpeg\" \/>\n<meta name=\"twitter:card\" content=\"summary_large_image\" \/>\n<meta name=\"twitter:label1\" content=\"Odhadovan\u00e1 doba \u010dten\u00ed\" \/>\n\t<meta name=\"twitter:data1\" content=\"3 minuty\" \/>\n<script type=\"application\/ld+json\" class=\"yoast-schema-graph\">{\"@context\":\"https:\\\/\\\/schema.org\",\"@graph\":[{\"@type\":\"WebPage\",\"@id\":\"https:\\\/\\\/www.terraaquatica.com\\\/cs\\\/o-ghe\\\/\",\"url\":\"https:\\\/\\\/www.terraaquatica.com\\\/cs\\\/o-ghe\\\/\",\"name\":\"O Terra Aquatica - Terra Aquatica\",\"isPartOf\":{\"@id\":\"https:\\\/\\\/www.terraaquatica.com\\\/#website\"},\"primaryImageOfPage\":{\"@id\":\"https:\\\/\\\/www.terraaquatica.com\\\/cs\\\/o-ghe\\\/#primaryimage\"},\"image\":{\"@id\":\"https:\\\/\\\/www.terraaquatica.com\\\/cs\\\/o-ghe\\\/#primaryimage\"},\"thumbnailUrl\":\"https:\\\/\\\/www.terraaquatica.com\\\/wp-content\\\/uploads\\\/2017\\\/07\\\/william-noucetta-larry.jpg\",\"datePublished\":\"2018-10-30T10:23:57+00:00\",\"dateModified\":\"2022-01-28T22:07:51+00:00\",\"breadcrumb\":{\"@id\":\"https:\\\/\\\/www.terraaquatica.com\\\/cs\\\/o-ghe\\\/#breadcrumb\"},\"inLanguage\":\"cs\",\"potentialAction\":[{\"@type\":\"ReadAction\",\"target\":[\"https:\\\/\\\/www.terraaquatica.com\\\/cs\\\/o-ghe\\\/\"]}]},{\"@type\":\"ImageObject\",\"inLanguage\":\"cs\",\"@id\":\"https:\\\/\\\/www.terraaquatica.com\\\/cs\\\/o-ghe\\\/#primaryimage\",\"url\":\"https:\\\/\\\/www.terraaquatica.com\\\/wp-content\\\/uploads\\\/2017\\\/07\\\/william-noucetta-larry.jpg\",\"contentUrl\":\"https:\\\/\\\/www.terraaquatica.com\\\/wp-content\\\/uploads\\\/2017\\\/07\\\/william-noucetta-larry.jpg\",\"width\":1600,\"height\":1200},{\"@type\":\"BreadcrumbList\",\"@id\":\"https:\\\/\\\/www.terraaquatica.com\\\/cs\\\/o-ghe\\\/#breadcrumb\",\"itemListElement\":[{\"@type\":\"ListItem\",\"position\":1,\"name\":\"Accueil\",\"item\":\"https:\\\/\\\/www.terraaquatica.com\\\/cs\\\/\"},{\"@type\":\"ListItem\",\"position\":2,\"name\":\"O Terra Aquatica\"}]},{\"@type\":\"WebSite\",\"@id\":\"https:\\\/\\\/www.terraaquatica.com\\\/#website\",\"url\":\"https:\\\/\\\/www.terraaquatica.com\\\/\",\"name\":\"Terra Aquatica\",\"description\":\"Engrais et syst\u00e8mes de culture depuis 1995\",\"publisher\":{\"@id\":\"https:\\\/\\\/www.terraaquatica.com\\\/#organization\"},\"potentialAction\":[{\"@type\":\"SearchAction\",\"target\":{\"@type\":\"EntryPoint\",\"urlTemplate\":\"https:\\\/\\\/www.terraaquatica.com\\\/?s={search_term_string}\"},\"query-input\":{\"@type\":\"PropertyValueSpecification\",\"valueRequired\":true,\"valueName\":\"search_term_string\"}}],\"inLanguage\":\"cs\"},{\"@type\":\"Organization\",\"@id\":\"https:\\\/\\\/www.terraaquatica.com\\\/#organization\",\"name\":\"Terra Aquatica\",\"url\":\"https:\\\/\\\/www.terraaquatica.com\\\/\",\"logo\":{\"@type\":\"ImageObject\",\"inLanguage\":\"cs\",\"@id\":\"https:\\\/\\\/www.terraaquatica.com\\\/#\\\/schema\\\/logo\\\/image\\\/\",\"url\":\"https:\\\/\\\/www.terraaquatica.com\\\/wp-content\\\/uploads\\\/2022\\\/03\\\/favicon-transpa-big.png\",\"contentUrl\":\"https:\\\/\\\/www.terraaquatica.com\\\/wp-content\\\/uploads\\\/2022\\\/03\\\/favicon-transpa-big.png\",\"width\":512,\"height\":512,\"caption\":\"Terra Aquatica\"},\"image\":{\"@id\":\"https:\\\/\\\/www.terraaquatica.com\\\/#\\\/schema\\\/logo\\\/image\\\/\"}}]}<\/script>\n<!-- \/ Yoast SEO plugin. -->","yoast_head_json":{"title":"O Terra Aquatica - Terra Aquatica","robots":{"index":"index","follow":"follow","max-snippet":"max-snippet:-1","max-image-preview":"max-image-preview:large","max-video-preview":"max-video-preview:-1"},"canonical":"https:\/\/www.terraaquatica.com\/cs\/o-ghe\/","og_locale":"cs_CZ","og_type":"article","og_title":"O Terra Aquatica - Terra Aquatica","og_url":"https:\/\/www.terraaquatica.com\/cs\/o-ghe\/","og_site_name":"Terra Aquatica","article_modified_time":"2022-01-28T22:07:51+00:00","og_image":[{"width":1600,"height":1200,"url":"https:\/\/www.terraaquatica.com\/wp-content\/uploads\/2017\/07\/william-noucetta-larry.jpg","type":"image\/jpeg"}],"twitter_card":"summary_large_image","twitter_misc":{"Odhadovan\u00e1 doba \u010dten\u00ed":"3 minuty"},"schema":{"@context":"https:\/\/schema.org","@graph":[{"@type":"WebPage","@id":"https:\/\/www.terraaquatica.com\/cs\/o-ghe\/","url":"https:\/\/www.terraaquatica.com\/cs\/o-ghe\/","name":"O Terra Aquatica - Terra Aquatica","isPartOf":{"@id":"https:\/\/www.terraaquatica.com\/#website"},"primaryImageOfPage":{"@id":"https:\/\/www.terraaquatica.com\/cs\/o-ghe\/#primaryimage"},"image":{"@id":"https:\/\/www.terraaquatica.com\/cs\/o-ghe\/#primaryimage"},"thumbnailUrl":"https:\/\/www.terraaquatica.com\/wp-content\/uploads\/2017\/07\/william-noucetta-larry.jpg","datePublished":"2018-10-30T10:23:57+00:00","dateModified":"2022-01-28T22:07:51+00:00","breadcrumb":{"@id":"https:\/\/www.terraaquatica.com\/cs\/o-ghe\/#breadcrumb"},"inLanguage":"cs","potentialAction":[{"@type":"ReadAction","target":["https:\/\/www.terraaquatica.com\/cs\/o-ghe\/"]}]},{"@type":"ImageObject","inLanguage":"cs","@id":"https:\/\/www.terraaquatica.com\/cs\/o-ghe\/#primaryimage","url":"https:\/\/www.terraaquatica.com\/wp-content\/uploads\/2017\/07\/william-noucetta-larry.jpg","contentUrl":"https:\/\/www.terraaquatica.com\/wp-content\/uploads\/2017\/07\/william-noucetta-larry.jpg","width":1600,"height":1200},{"@type":"BreadcrumbList","@id":"https:\/\/www.terraaquatica.com\/cs\/o-ghe\/#breadcrumb","itemListElement":[{"@type":"ListItem","position":1,"name":"Accueil","item":"https:\/\/www.terraaquatica.com\/cs\/"},{"@type":"ListItem","position":2,"name":"O Terra Aquatica"}]},{"@type":"WebSite","@id":"https:\/\/www.terraaquatica.com\/#website","url":"https:\/\/www.terraaquatica.com\/","name":"Terra Aquatica","description":"Engrais et syst\u00e8mes de culture depuis 1995","publisher":{"@id":"https:\/\/www.terraaquatica.com\/#organization"},"potentialAction":[{"@type":"SearchAction","target":{"@type":"EntryPoint","urlTemplate":"https:\/\/www.terraaquatica.com\/?s={search_term_string}"},"query-input":{"@type":"PropertyValueSpecification","valueRequired":true,"valueName":"search_term_string"}}],"inLanguage":"cs"},{"@type":"Organization","@id":"https:\/\/www.terraaquatica.com\/#organization","name":"Terra Aquatica","url":"https:\/\/www.terraaquatica.com\/","logo":{"@type":"ImageObject","inLanguage":"cs","@id":"https:\/\/www.terraaquatica.com\/#\/schema\/logo\/image\/","url":"https:\/\/www.terraaquatica.com\/wp-content\/uploads\/2022\/03\/favicon-transpa-big.png","contentUrl":"https:\/\/www.terraaquatica.com\/wp-content\/uploads\/2022\/03\/favicon-transpa-big.png","width":512,"height":512,"caption":"Terra Aquatica"},"image":{"@id":"https:\/\/www.terraaquatica.com\/#\/schema\/logo\/image\/"}}]}},"_links":{"self":[{"href":"https:\/\/www.terraaquatica.com\/cs\/wp-json\/wp\/v2\/pages\/238","targetHints":{"allow":["GET"]}}],"collection":[{"href":"https:\/\/www.terraaquatica.com\/cs\/wp-json\/wp\/v2\/pages"}],"about":[{"href":"https:\/\/www.terraaquatica.com\/cs\/wp-json\/wp\/v2\/types\/page"}],"author":[{"embeddable":true,"href":"https:\/\/www.terraaquatica.com\/cs\/wp-json\/wp\/v2\/users\/3"}],"replies":[{"embeddable":true,"href":"https:\/\/www.terraaquatica.com\/cs\/wp-json\/wp\/v2\/comments?post=238"}],"version-history":[{"count":2,"href":"https:\/\/www.terraaquatica.com\/cs\/wp-json\/wp\/v2\/pages\/238\/revisions"}],"predecessor-version":[{"id":12040,"href":"https:\/\/www.terraaquatica.com\/cs\/wp-json\/wp\/v2\/pages\/238\/revisions\/12040"}],"wp:featuredmedia":[{"embeddable":true,"href":"https:\/\/www.terraaquatica.com\/cs\/wp-json\/wp\/v2\/media\/149"}],"wp:attachment":[{"href":"https:\/\/www.terraaquatica.com\/cs\/wp-json\/wp\/v2\/media?parent=238"}],"curies":[{"name":"wp","href":"https:\/\/api.w.org\/{rel}","templated":true}]}}