{"id":14700,"date":"2023-03-07T11:17:31","date_gmt":"2023-03-07T10:17:31","guid":{"rendered":"\/uncategorized\/"},"modified":"2024-02-06T11:35:57","modified_gmt":"2024-02-06T10:35:57","slug":"hyperbloom","status":"publish","type":"product","link":"https:\/\/www.terraaquatica.com\/cs\/specialni-hnojiva-a-doplnky-vyzivy\/hyperbloom","title":{"rendered":"HyperBloom\u00ae"},"content":{"rendered":"\n<p>Pr\u00e1\u0161kov\u00e9 hnojivo na fin\u00e1ln\u00ed f\u00e1zi kv\u011btu<\/p>\n\n\n\n<p>Na\u0161e hnojivo HyperBloom\u00ae ur\u010den\u00e9 k dozr\u00e1v\u00e1n\u00ed, kter\u00e9 bylo ji\u017e p\u0159ed \u0159adou let testov\u00e1no a schv\u00e1leno k&nbsp;prodeji v anglicky mluv\u00edc\u00edch zem\u00edch, je kone\u010dn\u011b k dispozici i na evropsk\u00e9m trhu !&nbsp;<\/p>\n\n\n\n<p>HyperBloom\u00ae je hnojivo obohacen\u00e9 o fosfor, drasl\u00edk a s\u00edru, kter\u00fd urychluje proces zr\u00e1n\u00ed va\u0161ich rostlin a podporuje kveten\u00ed a tvorbu plod\u016f.<\/p>\n\n\n\n<p>D\u00edky tomu, \u017ee \u00fa\u010dinn\u00e9 l\u00e1tky jsou r\u016fzn\u00e9ho p\u016fvodu, je tento p\u0159\u00edpravek lehce vst\u0159ebateln\u00fd a dok\u00e1\u017ee se p\u0159izp\u016fsobit v\u0161em typ\u016fm p\u011bstebn\u00edm m\u00e9di\u00edm, a\u0165 u\u017e jde o hydroponii \u010di substr\u00e1t.<\/p>\n\n\n\n<p>Je\u0161t\u011b koncentrovan\u011bj\u0161\u00ed slo\u017een\u00ed pro v\u011bt\u0161\u00ed \u00fasporu !<\/p>\n\n\n\n<p>Jak HyperBloom\u00ae funguje:<\/p>\n\n\n\n<p>&#8211; Jemn\u011b vede rostlinu ke konci kveten\u00ed<\/p>\n\n\n\n<p>&#8211; dod\u00e1v\u00e1 rostlin\u011b miner\u00e1ln\u00ed soli, kter\u00e9 pot\u0159ebuje ke zv\u011bt\u0161ov\u00e1n\u00ed rostlinn\u00e9 hmoty<\/p>\n\n\n\n<p>&#8211; optimalizuje a zlep\u0161uje v\u00fdnos i chu\u0165&nbsp;<\/p>\n\n\n\n<p>&#8211; stimuluje produkci \u00e9terick\u00fdch olej\u016f a \u00fa\u010dinn\u00fdch l\u00e1tek v posledn\u00ed f\u00e1zi tvorby plod\u016f\/kv\u011bt\u016f<\/p>\n\n\n\n<p><\/p>\n\n\n\n<p>V interi\u00e9ru m\u016f\u017eete optimalizovat konec \u017eivotn\u00edho cyklu urychlen\u00edm dozr\u00e1v\u00e1n\u00ed pomalej\u0161\u00edch rostlin nebo pozdn\u00edch odr\u016fd.<\/p>\n","protected":false},"author":710,"template":"","meta":{"_acf_changed":false},"m_thode_de_culture":[31],"substrat":[299,300,301],"product_category":[234],"class_list":["post-14700","product","type-product","status-publish","hentry","m_thode_de_culture-mineral-en","substrat-coco","substrat-hydro","substrat-soil","product_category-specialni-hnojiva-a-doplnky-vyzivy"],"acf":[],"yoast_head":"<!-- This site is optimized with the Yoast SEO plugin v27.3 - https:\/\/yoast.com\/product\/yoast-seo-wordpress\/ -->\n<title>HyperBloom\u00ae - Terra Aquatica<\/title>\n<meta name=\"robots\" content=\"index, follow, max-snippet:-1, max-image-preview:large, max-video-preview:-1\" \/>\n<link rel=\"canonical\" href=\"https:\/\/www.terraaquatica.com\/cs\/specialni-hnojiva-a-doplnky-vyzivy\/hyperbloom\/\" \/>\n<meta property=\"og:locale\" content=\"cs_CZ\" \/>\n<meta property=\"og:type\" content=\"article\" \/>\n<meta property=\"og:title\" content=\"HyperBloom\u00ae - Terra Aquatica\" \/>\n<meta property=\"og:description\" content=\"Pr\u00e1\u0161kov\u00e9 hnojivo na fin\u00e1ln\u00ed f\u00e1zi kv\u011btu Na\u0161e hnojivo HyperBloom\u00ae ur\u010den\u00e9 k dozr\u00e1v\u00e1n\u00ed, kter\u00e9 bylo ji\u017e p\u0159ed \u0159adou let testov\u00e1no a [&hellip;]\" \/>\n<meta property=\"og:url\" content=\"https:\/\/www.terraaquatica.com\/cs\/specialni-hnojiva-a-doplnky-vyzivy\/hyperbloom\" \/>\n<meta property=\"og:site_name\" content=\"Terra Aquatica\" \/>\n<meta property=\"article:modified_time\" content=\"2024-02-06T10:35:57+00:00\" \/>\n<meta name=\"twitter:card\" content=\"summary_large_image\" \/>\n<meta name=\"twitter:label1\" content=\"Odhadovan\u00e1 doba \u010dten\u00ed\" \/>\n\t<meta name=\"twitter:data1\" content=\"1 minuta\" \/>\n<script type=\"application\/ld+json\" class=\"yoast-schema-graph\">{\"@context\":\"https:\\\/\\\/schema.org\",\"@graph\":[{\"@type\":\"WebPage\",\"@id\":\"https:\\\/\\\/www.terraaquatica.com\\\/cs\\\/specialni-hnojiva-a-doplnky-vyzivy\\\/hyperbloom\",\"url\":\"https:\\\/\\\/www.terraaquatica.com\\\/cs\\\/specialni-hnojiva-a-doplnky-vyzivy\\\/hyperbloom\",\"name\":\"HyperBloom\u00ae - Terra Aquatica\",\"isPartOf\":{\"@id\":\"https:\\\/\\\/www.terraaquatica.com\\\/#website\"},\"datePublished\":\"2023-03-07T10:17:31+00:00\",\"dateModified\":\"2024-02-06T10:35:57+00:00\",\"breadcrumb\":{\"@id\":\"https:\\\/\\\/www.terraaquatica.com\\\/cs\\\/specialni-hnojiva-a-doplnky-vyzivy\\\/hyperbloom#breadcrumb\"},\"inLanguage\":\"cs\",\"potentialAction\":[{\"@type\":\"ReadAction\",\"target\":[\"https:\\\/\\\/www.terraaquatica.com\\\/cs\\\/specialni-hnojiva-a-doplnky-vyzivy\\\/hyperbloom\"]}]},{\"@type\":\"BreadcrumbList\",\"@id\":\"https:\\\/\\\/www.terraaquatica.com\\\/cs\\\/specialni-hnojiva-a-doplnky-vyzivy\\\/hyperbloom#breadcrumb\",\"itemListElement\":[{\"@type\":\"ListItem\",\"position\":1,\"name\":\"Accueil\",\"item\":\"https:\\\/\\\/www.terraaquatica.com\\\/cs\\\/\"},{\"@type\":\"ListItem\",\"position\":2,\"name\":\"Products\",\"item\":\"https:\\\/\\\/www.terraaquatica.com\\\/cs\\\/product\\\/\"},{\"@type\":\"ListItem\",\"position\":3,\"name\":\"HyperBloom\u00ae\"}]},{\"@type\":\"WebSite\",\"@id\":\"https:\\\/\\\/www.terraaquatica.com\\\/#website\",\"url\":\"https:\\\/\\\/www.terraaquatica.com\\\/\",\"name\":\"Terra Aquatica\",\"description\":\"Engrais et syst\u00e8mes de culture depuis 1995\",\"publisher\":{\"@id\":\"https:\\\/\\\/www.terraaquatica.com\\\/#organization\"},\"potentialAction\":[{\"@type\":\"SearchAction\",\"target\":{\"@type\":\"EntryPoint\",\"urlTemplate\":\"https:\\\/\\\/www.terraaquatica.com\\\/?s={search_term_string}\"},\"query-input\":{\"@type\":\"PropertyValueSpecification\",\"valueRequired\":true,\"valueName\":\"search_term_string\"}}],\"inLanguage\":\"cs\"},{\"@type\":\"Organization\",\"@id\":\"https:\\\/\\\/www.terraaquatica.com\\\/#organization\",\"name\":\"Terra Aquatica\",\"url\":\"https:\\\/\\\/www.terraaquatica.com\\\/\",\"logo\":{\"@type\":\"ImageObject\",\"inLanguage\":\"cs\",\"@id\":\"https:\\\/\\\/www.terraaquatica.com\\\/#\\\/schema\\\/logo\\\/image\\\/\",\"url\":\"https:\\\/\\\/www.terraaquatica.com\\\/wp-content\\\/uploads\\\/2022\\\/03\\\/favicon-transpa-big.png\",\"contentUrl\":\"https:\\\/\\\/www.terraaquatica.com\\\/wp-content\\\/uploads\\\/2022\\\/03\\\/favicon-transpa-big.png\",\"width\":512,\"height\":512,\"caption\":\"Terra Aquatica\"},\"image\":{\"@id\":\"https:\\\/\\\/www.terraaquatica.com\\\/#\\\/schema\\\/logo\\\/image\\\/\"}}]}<\/script>\n<!-- \/ Yoast SEO plugin. -->","yoast_head_json":{"title":"HyperBloom\u00ae - Terra Aquatica","robots":{"index":"index","follow":"follow","max-snippet":"max-snippet:-1","max-image-preview":"max-image-preview:large","max-video-preview":"max-video-preview:-1"},"canonical":"https:\/\/www.terraaquatica.com\/cs\/specialni-hnojiva-a-doplnky-vyzivy\/hyperbloom\/","og_locale":"cs_CZ","og_type":"article","og_title":"HyperBloom\u00ae - Terra Aquatica","og_description":"Pr\u00e1\u0161kov\u00e9 hnojivo na fin\u00e1ln\u00ed f\u00e1zi kv\u011btu Na\u0161e hnojivo HyperBloom\u00ae ur\u010den\u00e9 k dozr\u00e1v\u00e1n\u00ed, kter\u00e9 bylo ji\u017e p\u0159ed \u0159adou let testov\u00e1no a [&hellip;]","og_url":"https:\/\/www.terraaquatica.com\/cs\/specialni-hnojiva-a-doplnky-vyzivy\/hyperbloom","og_site_name":"Terra Aquatica","article_modified_time":"2024-02-06T10:35:57+00:00","twitter_card":"summary_large_image","twitter_misc":{"Odhadovan\u00e1 doba \u010dten\u00ed":"1 minuta"},"schema":{"@context":"https:\/\/schema.org","@graph":[{"@type":"WebPage","@id":"https:\/\/www.terraaquatica.com\/cs\/specialni-hnojiva-a-doplnky-vyzivy\/hyperbloom","url":"https:\/\/www.terraaquatica.com\/cs\/specialni-hnojiva-a-doplnky-vyzivy\/hyperbloom","name":"HyperBloom\u00ae - Terra Aquatica","isPartOf":{"@id":"https:\/\/www.terraaquatica.com\/#website"},"datePublished":"2023-03-07T10:17:31+00:00","dateModified":"2024-02-06T10:35:57+00:00","breadcrumb":{"@id":"https:\/\/www.terraaquatica.com\/cs\/specialni-hnojiva-a-doplnky-vyzivy\/hyperbloom#breadcrumb"},"inLanguage":"cs","potentialAction":[{"@type":"ReadAction","target":["https:\/\/www.terraaquatica.com\/cs\/specialni-hnojiva-a-doplnky-vyzivy\/hyperbloom"]}]},{"@type":"BreadcrumbList","@id":"https:\/\/www.terraaquatica.com\/cs\/specialni-hnojiva-a-doplnky-vyzivy\/hyperbloom#breadcrumb","itemListElement":[{"@type":"ListItem","position":1,"name":"Accueil","item":"https:\/\/www.terraaquatica.com\/cs\/"},{"@type":"ListItem","position":2,"name":"Products","item":"https:\/\/www.terraaquatica.com\/cs\/product\/"},{"@type":"ListItem","position":3,"name":"HyperBloom\u00ae"}]},{"@type":"WebSite","@id":"https:\/\/www.terraaquatica.com\/#website","url":"https:\/\/www.terraaquatica.com\/","name":"Terra Aquatica","description":"Engrais et syst\u00e8mes de culture depuis 1995","publisher":{"@id":"https:\/\/www.terraaquatica.com\/#organization"},"potentialAction":[{"@type":"SearchAction","target":{"@type":"EntryPoint","urlTemplate":"https:\/\/www.terraaquatica.com\/?s={search_term_string}"},"query-input":{"@type":"PropertyValueSpecification","valueRequired":true,"valueName":"search_term_string"}}],"inLanguage":"cs"},{"@type":"Organization","@id":"https:\/\/www.terraaquatica.com\/#organization","name":"Terra Aquatica","url":"https:\/\/www.terraaquatica.com\/","logo":{"@type":"ImageObject","inLanguage":"cs","@id":"https:\/\/www.terraaquatica.com\/#\/schema\/logo\/image\/","url":"https:\/\/www.terraaquatica.com\/wp-content\/uploads\/2022\/03\/favicon-transpa-big.png","contentUrl":"https:\/\/www.terraaquatica.com\/wp-content\/uploads\/2022\/03\/favicon-transpa-big.png","width":512,"height":512,"caption":"Terra Aquatica"},"image":{"@id":"https:\/\/www.terraaquatica.com\/#\/schema\/logo\/image\/"}}]}},"_links":{"self":[{"href":"https:\/\/www.terraaquatica.com\/cs\/wp-json\/wp\/v2\/product\/14700","targetHints":{"allow":["GET"]}}],"collection":[{"href":"https:\/\/www.terraaquatica.com\/cs\/wp-json\/wp\/v2\/product"}],"about":[{"href":"https:\/\/www.terraaquatica.com\/cs\/wp-json\/wp\/v2\/types\/product"}],"author":[{"embeddable":true,"href":"https:\/\/www.terraaquatica.com\/cs\/wp-json\/wp\/v2\/users\/710"}],"wp:attachment":[{"href":"https:\/\/www.terraaquatica.com\/cs\/wp-json\/wp\/v2\/media?parent=14700"}],"wp:term":[{"taxonomy":"m_thode_de_culture","embeddable":true,"href":"https:\/\/www.terraaquatica.com\/cs\/wp-json\/wp\/v2\/m_thode_de_culture?post=14700"},{"taxonomy":"substrat","embeddable":true,"href":"https:\/\/www.terraaquatica.com\/cs\/wp-json\/wp\/v2\/substrat?post=14700"},{"taxonomy":"product_category","embeddable":true,"href":"https:\/\/www.terraaquatica.com\/cs\/wp-json\/wp\/v2\/product_category?post=14700"}],"curies":[{"name":"wp","href":"https:\/\/api.w.org\/{rel}","templated":true}]}}