{"id":14979,"date":"2023-05-30T17:31:54","date_gmt":"2023-05-30T15:31:54","guid":{"rendered":"\/uncategorized\/"},"modified":"2023-09-19T15:46:40","modified_gmt":"2023-09-19T13:46:40","slug":"streptologic","status":"publish","type":"product","link":"https:\/\/www.terraaquatica.com\/cs\/prospesne-mikroorganismy\/streptologic","title":{"rendered":"StreptoLogic\u00ae"},"content":{"rendered":"\n<p>Ochrana ko\u0159en\u016f p\u0159ed patogeny je pro v\u0161echny p\u011bstitele naprosto z\u00e1sadn\u00ed ot\u00e1zkou, a\u0165 u\u017e p\u011bstuj\u00ed v p\u016fd\u011b nebo hydroponicky. Vzhledem k nezm\u011brn\u00e9 p\u00e9\u010di, kterou growe\u0159i zdrav\u00e9mu rozvoji ko\u0159enov\u00e9ho balu v\u011bnuj\u00ed, je p\u0159irozen\u00e9, \u017ee cht\u011bj\u00ed svou investici n\u00e1le\u017eit\u011b chr\u00e1nit. Pythium, Fusarium, Verticillium a dal\u0161\u00ed bakteri\u00e1ln\u00ed a houbov\u00e9 patogeny mohou nap\u00e1chat v hydroponick\u00fdch syst\u00e9mech nenapraviteln\u00e9 \u0161kody, zejm\u00e9na v hork\u00e9m po\u010das\u00ed, kdy tepl\u00fd vzduch p\u0159\u00edmo vyb\u00edz\u00ed k \u0161\u00ed\u0159en\u00ed pl\u00edsn\u00ed. Nevratn\u00e9 \u0161kody tak mohou b\u00fdt nap\u00e1ch\u00e1ny ze dne na den.<\/p>\n\n\n\n<p>Na trhu je mo\u017eno naj\u00edt \u201e\u0159e\u0161en\u00ed&#8221;, jako jsou UV steriliz\u00e1tory a fungicidy dostupn\u00e9 v zahradnick\u00fdch centrech, ale v\u0161echny tyto alternativy maj\u00ed sv\u00e9 nev\u00fdhody: vysok\u00e9 n\u00e1klady, slo\u017eit\u00e9 pou\u017eit\u00ed, nejist\u00e9 v\u00fdsledky, toxicita fungicid\u016f pro \u010dlov\u011bka a \u017eivotn\u00ed prost\u0159ed\u00ed.<\/p>\n\n\n\n<p>StreptoLogic se oproti tomu snadno pou\u017e\u00edv\u00e1 a nen\u00ed drah\u00fd. Nav\u00edc nevy\u017eaduje biofiltr, proto\u017ee bakterie se p\u0159ichyt\u00e1vaj\u00ed p\u0159\u00edmo ke ko\u0159en\u016fm.<\/p>\n\n\n\n<p>Jedn\u00e1 se o biostimul\u00e1tor, kter\u00fd vyu\u017e\u00edv\u00e1 p\u0159\u00edrodn\u00ed zdroje k produkci fytohormon\u016f, fixaci \u017eeleza a stimulaci ko\u0159enov\u00e9ho balu. Rovn\u011b\u017e p\u0159isp\u00edv\u00e1 k odolnosti rostliny proti napaden\u00ed houbami a patogenn\u00edmi bakteriemi, kter\u00e9 se v hork\u00e9m po\u010das\u00ed mno\u017e\u00ed velkou rychlost\u00ed.<\/p>\n\n\n\n<p><em>StreptoLogic je vhodn\u00fd pro pou\u017eit\u00ed v ekologick\u00e9m zem\u011bd\u011blstv\u00ed podle na\u0159\u00edzen\u00ed EU 2018\\848 2021 1165.<\/em><\/p>\n","protected":false},"author":710,"template":"","meta":{"_acf_changed":false},"m_thode_de_culture":[31,32],"substrat":[302,299,300,301],"product_category":[227],"class_list":["post-14979","product","type-product","status-publish","hentry","m_thode_de_culture-mineral-en","m_thode_de_culture-organic-en","substrat-bioponics","substrat-coco","substrat-hydro","substrat-soil","product_category-prospesne-mikroorganismy"],"acf":[],"yoast_head":"<!-- This site is optimized with the Yoast SEO plugin v27.3 - https:\/\/yoast.com\/product\/yoast-seo-wordpress\/ -->\n<title>StreptoLogic\u00ae - Terra Aquatica<\/title>\n<meta name=\"robots\" content=\"index, follow, max-snippet:-1, max-image-preview:large, max-video-preview:-1\" \/>\n<link rel=\"canonical\" href=\"https:\/\/www.terraaquatica.com\/cs\/prospesne-mikroorganismy\/streptologic\/\" \/>\n<meta property=\"og:locale\" content=\"cs_CZ\" \/>\n<meta property=\"og:type\" content=\"article\" \/>\n<meta property=\"og:title\" content=\"StreptoLogic\u00ae - Terra Aquatica\" \/>\n<meta property=\"og:description\" content=\"Ochrana ko\u0159en\u016f p\u0159ed patogeny je pro v\u0161echny p\u011bstitele naprosto z\u00e1sadn\u00ed ot\u00e1zkou, a\u0165 u\u017e p\u011bstuj\u00ed v p\u016fd\u011b nebo hydroponicky. Vzhledem k [&hellip;]\" \/>\n<meta property=\"og:url\" content=\"https:\/\/www.terraaquatica.com\/cs\/prospesne-mikroorganismy\/streptologic\" \/>\n<meta property=\"og:site_name\" content=\"Terra Aquatica\" \/>\n<meta property=\"article:modified_time\" content=\"2023-09-19T13:46:40+00:00\" \/>\n<meta name=\"twitter:card\" content=\"summary_large_image\" \/>\n<meta name=\"twitter:label1\" content=\"Odhadovan\u00e1 doba \u010dten\u00ed\" \/>\n\t<meta name=\"twitter:data1\" content=\"1 minuta\" \/>\n<script type=\"application\/ld+json\" class=\"yoast-schema-graph\">{\"@context\":\"https:\\\/\\\/schema.org\",\"@graph\":[{\"@type\":\"WebPage\",\"@id\":\"https:\\\/\\\/www.terraaquatica.com\\\/cs\\\/prospesne-mikroorganismy\\\/streptologic\",\"url\":\"https:\\\/\\\/www.terraaquatica.com\\\/cs\\\/prospesne-mikroorganismy\\\/streptologic\",\"name\":\"StreptoLogic\u00ae - Terra Aquatica\",\"isPartOf\":{\"@id\":\"https:\\\/\\\/www.terraaquatica.com\\\/#website\"},\"datePublished\":\"2023-05-30T15:31:54+00:00\",\"dateModified\":\"2023-09-19T13:46:40+00:00\",\"breadcrumb\":{\"@id\":\"https:\\\/\\\/www.terraaquatica.com\\\/cs\\\/prospesne-mikroorganismy\\\/streptologic#breadcrumb\"},\"inLanguage\":\"cs\",\"potentialAction\":[{\"@type\":\"ReadAction\",\"target\":[\"https:\\\/\\\/www.terraaquatica.com\\\/cs\\\/prospesne-mikroorganismy\\\/streptologic\"]}]},{\"@type\":\"BreadcrumbList\",\"@id\":\"https:\\\/\\\/www.terraaquatica.com\\\/cs\\\/prospesne-mikroorganismy\\\/streptologic#breadcrumb\",\"itemListElement\":[{\"@type\":\"ListItem\",\"position\":1,\"name\":\"Accueil\",\"item\":\"https:\\\/\\\/www.terraaquatica.com\\\/cs\\\/\"},{\"@type\":\"ListItem\",\"position\":2,\"name\":\"Products\",\"item\":\"https:\\\/\\\/www.terraaquatica.com\\\/cs\\\/product\\\/\"},{\"@type\":\"ListItem\",\"position\":3,\"name\":\"StreptoLogic\u00ae\"}]},{\"@type\":\"WebSite\",\"@id\":\"https:\\\/\\\/www.terraaquatica.com\\\/#website\",\"url\":\"https:\\\/\\\/www.terraaquatica.com\\\/\",\"name\":\"Terra Aquatica\",\"description\":\"Engrais et syst\u00e8mes de culture depuis 1995\",\"publisher\":{\"@id\":\"https:\\\/\\\/www.terraaquatica.com\\\/#organization\"},\"potentialAction\":[{\"@type\":\"SearchAction\",\"target\":{\"@type\":\"EntryPoint\",\"urlTemplate\":\"https:\\\/\\\/www.terraaquatica.com\\\/?s={search_term_string}\"},\"query-input\":{\"@type\":\"PropertyValueSpecification\",\"valueRequired\":true,\"valueName\":\"search_term_string\"}}],\"inLanguage\":\"cs\"},{\"@type\":\"Organization\",\"@id\":\"https:\\\/\\\/www.terraaquatica.com\\\/#organization\",\"name\":\"Terra Aquatica\",\"url\":\"https:\\\/\\\/www.terraaquatica.com\\\/\",\"logo\":{\"@type\":\"ImageObject\",\"inLanguage\":\"cs\",\"@id\":\"https:\\\/\\\/www.terraaquatica.com\\\/#\\\/schema\\\/logo\\\/image\\\/\",\"url\":\"https:\\\/\\\/www.terraaquatica.com\\\/wp-content\\\/uploads\\\/2022\\\/03\\\/favicon-transpa-big.png\",\"contentUrl\":\"https:\\\/\\\/www.terraaquatica.com\\\/wp-content\\\/uploads\\\/2022\\\/03\\\/favicon-transpa-big.png\",\"width\":512,\"height\":512,\"caption\":\"Terra Aquatica\"},\"image\":{\"@id\":\"https:\\\/\\\/www.terraaquatica.com\\\/#\\\/schema\\\/logo\\\/image\\\/\"}}]}<\/script>\n<!-- \/ Yoast SEO plugin. -->","yoast_head_json":{"title":"StreptoLogic\u00ae - Terra Aquatica","robots":{"index":"index","follow":"follow","max-snippet":"max-snippet:-1","max-image-preview":"max-image-preview:large","max-video-preview":"max-video-preview:-1"},"canonical":"https:\/\/www.terraaquatica.com\/cs\/prospesne-mikroorganismy\/streptologic\/","og_locale":"cs_CZ","og_type":"article","og_title":"StreptoLogic\u00ae - Terra Aquatica","og_description":"Ochrana ko\u0159en\u016f p\u0159ed patogeny je pro v\u0161echny p\u011bstitele naprosto z\u00e1sadn\u00ed ot\u00e1zkou, a\u0165 u\u017e p\u011bstuj\u00ed v p\u016fd\u011b nebo hydroponicky. Vzhledem k [&hellip;]","og_url":"https:\/\/www.terraaquatica.com\/cs\/prospesne-mikroorganismy\/streptologic","og_site_name":"Terra Aquatica","article_modified_time":"2023-09-19T13:46:40+00:00","twitter_card":"summary_large_image","twitter_misc":{"Odhadovan\u00e1 doba \u010dten\u00ed":"1 minuta"},"schema":{"@context":"https:\/\/schema.org","@graph":[{"@type":"WebPage","@id":"https:\/\/www.terraaquatica.com\/cs\/prospesne-mikroorganismy\/streptologic","url":"https:\/\/www.terraaquatica.com\/cs\/prospesne-mikroorganismy\/streptologic","name":"StreptoLogic\u00ae - Terra Aquatica","isPartOf":{"@id":"https:\/\/www.terraaquatica.com\/#website"},"datePublished":"2023-05-30T15:31:54+00:00","dateModified":"2023-09-19T13:46:40+00:00","breadcrumb":{"@id":"https:\/\/www.terraaquatica.com\/cs\/prospesne-mikroorganismy\/streptologic#breadcrumb"},"inLanguage":"cs","potentialAction":[{"@type":"ReadAction","target":["https:\/\/www.terraaquatica.com\/cs\/prospesne-mikroorganismy\/streptologic"]}]},{"@type":"BreadcrumbList","@id":"https:\/\/www.terraaquatica.com\/cs\/prospesne-mikroorganismy\/streptologic#breadcrumb","itemListElement":[{"@type":"ListItem","position":1,"name":"Accueil","item":"https:\/\/www.terraaquatica.com\/cs\/"},{"@type":"ListItem","position":2,"name":"Products","item":"https:\/\/www.terraaquatica.com\/cs\/product\/"},{"@type":"ListItem","position":3,"name":"StreptoLogic\u00ae"}]},{"@type":"WebSite","@id":"https:\/\/www.terraaquatica.com\/#website","url":"https:\/\/www.terraaquatica.com\/","name":"Terra Aquatica","description":"Engrais et syst\u00e8mes de culture depuis 1995","publisher":{"@id":"https:\/\/www.terraaquatica.com\/#organization"},"potentialAction":[{"@type":"SearchAction","target":{"@type":"EntryPoint","urlTemplate":"https:\/\/www.terraaquatica.com\/?s={search_term_string}"},"query-input":{"@type":"PropertyValueSpecification","valueRequired":true,"valueName":"search_term_string"}}],"inLanguage":"cs"},{"@type":"Organization","@id":"https:\/\/www.terraaquatica.com\/#organization","name":"Terra Aquatica","url":"https:\/\/www.terraaquatica.com\/","logo":{"@type":"ImageObject","inLanguage":"cs","@id":"https:\/\/www.terraaquatica.com\/#\/schema\/logo\/image\/","url":"https:\/\/www.terraaquatica.com\/wp-content\/uploads\/2022\/03\/favicon-transpa-big.png","contentUrl":"https:\/\/www.terraaquatica.com\/wp-content\/uploads\/2022\/03\/favicon-transpa-big.png","width":512,"height":512,"caption":"Terra Aquatica"},"image":{"@id":"https:\/\/www.terraaquatica.com\/#\/schema\/logo\/image\/"}}]}},"_links":{"self":[{"href":"https:\/\/www.terraaquatica.com\/cs\/wp-json\/wp\/v2\/product\/14979","targetHints":{"allow":["GET"]}}],"collection":[{"href":"https:\/\/www.terraaquatica.com\/cs\/wp-json\/wp\/v2\/product"}],"about":[{"href":"https:\/\/www.terraaquatica.com\/cs\/wp-json\/wp\/v2\/types\/product"}],"author":[{"embeddable":true,"href":"https:\/\/www.terraaquatica.com\/cs\/wp-json\/wp\/v2\/users\/710"}],"wp:attachment":[{"href":"https:\/\/www.terraaquatica.com\/cs\/wp-json\/wp\/v2\/media?parent=14979"}],"wp:term":[{"taxonomy":"m_thode_de_culture","embeddable":true,"href":"https:\/\/www.terraaquatica.com\/cs\/wp-json\/wp\/v2\/m_thode_de_culture?post=14979"},{"taxonomy":"substrat","embeddable":true,"href":"https:\/\/www.terraaquatica.com\/cs\/wp-json\/wp\/v2\/substrat?post=14979"},{"taxonomy":"product_category","embeddable":true,"href":"https:\/\/www.terraaquatica.com\/cs\/wp-json\/wp\/v2\/product_category?post=14979"}],"curies":[{"name":"wp","href":"https:\/\/api.w.org\/{rel}","templated":true}]}}