{"id":17025,"date":"2025-01-13T09:26:12","date_gmt":"2025-01-13T08:26:12","guid":{"rendered":"https:\/\/www.terraaquatica.com\/uncategorized\/organic-drypart"},"modified":"2025-02-13T17:22:52","modified_gmt":"2025-02-13T16:22:52","slug":"organic-drypart","status":"publish","type":"product","link":"https:\/\/www.terraaquatica.com\/cs\/organicka-hnojiva\/organic-drypart","title":{"rendered":"Organic DryPart\u00ae"},"content":{"rendered":"\n<p><strong>Organic DryPart\u00ae<\/strong> je kompletn\u00ed, 100% rozpustn\u00e9, vegansk\u00e9 pr\u00e1\u0161kov\u00e9 hnojivo vyvinut\u00e9 v letech 2023\/2024 spole\u010dnost\u00ed William Texier. Jedn\u00e1 se o prvn\u00ed pln\u011b rozpustn\u00e9 organick\u00e9 pr\u00e1\u0161kov\u00e9 hnojivo, kter\u00e9 lze pou\u017e\u00edvat v ekologick\u00e9m zem\u011bd\u011blstv\u00ed v souladu s na\u0159\u00edzen\u00edmi (EU) \u010d. 2018\/848 a 2021\/1165.<\/p>\n\n\n\n<p>Je k dispozici ve dvou r\u016fzn\u00fdch slo\u017een\u00edch &#8211; Grow pro vegetativn\u00ed r\u016fst a Bloom pro kveten\u00ed a tvorbu plod\u016f &#8211; Organic DryPart\u00ae podporuje va\u0161e rostliny v ka\u017ed\u00e9 f\u00e1zi jejich v\u00fdvoje:<\/p>\n\n\n\n<p>&#8211; Bohat\u0161\u00ed vegetace: stimuluje bujn\u00fd a zdrav\u00fd r\u016fst.<\/p>\n\n\n\n<p>&#8211; Hust\u00e9, chutn\u00e9 kv\u011bty a plody: zvy\u0161uje obsah cukru.<\/p>\n\n\n\n<p>&#8211; Vylep\u0161en\u00e1 v\u016fn\u011b: posiluje p\u0159irozen\u00e9 aroma.<\/p>\n\n\n\n<p>&#8211; Maximalizovan\u00e9 v\u00fdnosy: zlep\u0161uje kvalitu a objem sklizn\u011b.<\/p>\n\n\n\n<p>&#8211; Kompletn\u00ed v\u00fd\u017eiva: okam\u017eit\u00fd \u00fa\u010dinek na rostlinu a dlouhodob\u00fd \u00fa\u010dinek na p\u016fdu.<\/p>\n\n\n\n<p>Kompatibiln\u00ed se v\u0161emi zp\u016fsoby p\u011bstov\u00e1n\u00ed (p\u016fda, kokos, hydroponie) a zavla\u017eovac\u00edmi syst\u00e9my &#8211; ru\u010dn\u00edmi nebo kapkov\u00fdmi (fertirrigation) &#8211; Organic DryPart\u00ae byl d\u016fkladn\u011b testov\u00e1n na r\u016fzn\u00fdch plodin\u00e1ch, aby byla zaru\u010dena optim\u00e1ln\u00ed \u00fa\u010dinnost.&nbsp;<\/p>\n\n\n\n<p>Ve form\u011b pr\u00e1\u0161ku je p\u0159eprava zjednodu\u0161ena a dokonale spl\u0148uje o\u010dek\u00e1v\u00e1n\u00ed p\u011bstitel\u016f, a\u0165 u\u017e amat\u00e9rsk\u00fdch nebo profesion\u00e1ln\u00edch, ve sklen\u00edc\u00edch nebo na voln\u00fdch ploch\u00e1ch.<\/p>\n\n\n\n<p><\/p>\n\n\n\n<p><\/p>\n","protected":false},"author":710,"template":"","meta":{"_acf_changed":true},"m_thode_de_culture":[32],"substrat":[302,299,300,301],"product_category":[233],"class_list":["post-17025","product","type-product","status-publish","hentry","m_thode_de_culture-organic-en","substrat-bioponics","substrat-coco","substrat-hydro","substrat-soil","product_category-organicka-hnojiva"],"acf":[],"yoast_head":"<!-- This site is optimized with the Yoast SEO plugin v27.3 - https:\/\/yoast.com\/product\/yoast-seo-wordpress\/ -->\n<title>Organic DryPart\u00ae - Terra Aquatica<\/title>\n<meta name=\"robots\" content=\"index, follow, max-snippet:-1, max-image-preview:large, max-video-preview:-1\" \/>\n<link rel=\"canonical\" href=\"https:\/\/www.terraaquatica.com\/cs\/organicka-hnojiva\/organic-drypart\/\" \/>\n<meta property=\"og:locale\" content=\"cs_CZ\" \/>\n<meta property=\"og:type\" content=\"article\" \/>\n<meta property=\"og:title\" content=\"Organic DryPart\u00ae - Terra Aquatica\" \/>\n<meta property=\"og:description\" content=\"Organic DryPart\u00ae je kompletn\u00ed, 100% rozpustn\u00e9, vegansk\u00e9 pr\u00e1\u0161kov\u00e9 hnojivo vyvinut\u00e9 v letech 2023\/2024 spole\u010dnost\u00ed William Texier. Jedn\u00e1 se o prvn\u00ed [&hellip;]\" \/>\n<meta property=\"og:url\" content=\"https:\/\/www.terraaquatica.com\/cs\/organicka-hnojiva\/organic-drypart\" \/>\n<meta property=\"og:site_name\" content=\"Terra Aquatica\" \/>\n<meta property=\"article:modified_time\" content=\"2025-02-13T16:22:52+00:00\" \/>\n<meta name=\"twitter:card\" content=\"summary_large_image\" \/>\n<meta name=\"twitter:label1\" content=\"Odhadovan\u00e1 doba \u010dten\u00ed\" \/>\n\t<meta name=\"twitter:data1\" content=\"1 minuta\" \/>\n<script type=\"application\/ld+json\" class=\"yoast-schema-graph\">{\"@context\":\"https:\\\/\\\/schema.org\",\"@graph\":[{\"@type\":\"WebPage\",\"@id\":\"https:\\\/\\\/www.terraaquatica.com\\\/cs\\\/organicka-hnojiva\\\/organic-drypart\",\"url\":\"https:\\\/\\\/www.terraaquatica.com\\\/cs\\\/organicka-hnojiva\\\/organic-drypart\",\"name\":\"Organic DryPart\u00ae - Terra Aquatica\",\"isPartOf\":{\"@id\":\"https:\\\/\\\/www.terraaquatica.com\\\/#website\"},\"datePublished\":\"2025-01-13T08:26:12+00:00\",\"dateModified\":\"2025-02-13T16:22:52+00:00\",\"breadcrumb\":{\"@id\":\"https:\\\/\\\/www.terraaquatica.com\\\/cs\\\/organicka-hnojiva\\\/organic-drypart#breadcrumb\"},\"inLanguage\":\"cs\",\"potentialAction\":[{\"@type\":\"ReadAction\",\"target\":[\"https:\\\/\\\/www.terraaquatica.com\\\/cs\\\/organicka-hnojiva\\\/organic-drypart\"]}]},{\"@type\":\"BreadcrumbList\",\"@id\":\"https:\\\/\\\/www.terraaquatica.com\\\/cs\\\/organicka-hnojiva\\\/organic-drypart#breadcrumb\",\"itemListElement\":[{\"@type\":\"ListItem\",\"position\":1,\"name\":\"Accueil\",\"item\":\"https:\\\/\\\/www.terraaquatica.com\\\/cs\\\/\"},{\"@type\":\"ListItem\",\"position\":2,\"name\":\"Products\",\"item\":\"https:\\\/\\\/www.terraaquatica.com\\\/cs\\\/product\\\/\"},{\"@type\":\"ListItem\",\"position\":3,\"name\":\"Organic DryPart\u00ae\"}]},{\"@type\":\"WebSite\",\"@id\":\"https:\\\/\\\/www.terraaquatica.com\\\/#website\",\"url\":\"https:\\\/\\\/www.terraaquatica.com\\\/\",\"name\":\"Terra Aquatica\",\"description\":\"Engrais et syst\u00e8mes de culture depuis 1995\",\"publisher\":{\"@id\":\"https:\\\/\\\/www.terraaquatica.com\\\/#organization\"},\"potentialAction\":[{\"@type\":\"SearchAction\",\"target\":{\"@type\":\"EntryPoint\",\"urlTemplate\":\"https:\\\/\\\/www.terraaquatica.com\\\/?s={search_term_string}\"},\"query-input\":{\"@type\":\"PropertyValueSpecification\",\"valueRequired\":true,\"valueName\":\"search_term_string\"}}],\"inLanguage\":\"cs\"},{\"@type\":\"Organization\",\"@id\":\"https:\\\/\\\/www.terraaquatica.com\\\/#organization\",\"name\":\"Terra Aquatica\",\"url\":\"https:\\\/\\\/www.terraaquatica.com\\\/\",\"logo\":{\"@type\":\"ImageObject\",\"inLanguage\":\"cs\",\"@id\":\"https:\\\/\\\/www.terraaquatica.com\\\/#\\\/schema\\\/logo\\\/image\\\/\",\"url\":\"https:\\\/\\\/www.terraaquatica.com\\\/wp-content\\\/uploads\\\/2022\\\/03\\\/favicon-transpa-big.png\",\"contentUrl\":\"https:\\\/\\\/www.terraaquatica.com\\\/wp-content\\\/uploads\\\/2022\\\/03\\\/favicon-transpa-big.png\",\"width\":512,\"height\":512,\"caption\":\"Terra Aquatica\"},\"image\":{\"@id\":\"https:\\\/\\\/www.terraaquatica.com\\\/#\\\/schema\\\/logo\\\/image\\\/\"}}]}<\/script>\n<!-- \/ Yoast SEO plugin. -->","yoast_head_json":{"title":"Organic DryPart\u00ae - Terra Aquatica","robots":{"index":"index","follow":"follow","max-snippet":"max-snippet:-1","max-image-preview":"max-image-preview:large","max-video-preview":"max-video-preview:-1"},"canonical":"https:\/\/www.terraaquatica.com\/cs\/organicka-hnojiva\/organic-drypart\/","og_locale":"cs_CZ","og_type":"article","og_title":"Organic DryPart\u00ae - Terra Aquatica","og_description":"Organic DryPart\u00ae je kompletn\u00ed, 100% rozpustn\u00e9, vegansk\u00e9 pr\u00e1\u0161kov\u00e9 hnojivo vyvinut\u00e9 v letech 2023\/2024 spole\u010dnost\u00ed William Texier. Jedn\u00e1 se o prvn\u00ed [&hellip;]","og_url":"https:\/\/www.terraaquatica.com\/cs\/organicka-hnojiva\/organic-drypart","og_site_name":"Terra Aquatica","article_modified_time":"2025-02-13T16:22:52+00:00","twitter_card":"summary_large_image","twitter_misc":{"Odhadovan\u00e1 doba \u010dten\u00ed":"1 minuta"},"schema":{"@context":"https:\/\/schema.org","@graph":[{"@type":"WebPage","@id":"https:\/\/www.terraaquatica.com\/cs\/organicka-hnojiva\/organic-drypart","url":"https:\/\/www.terraaquatica.com\/cs\/organicka-hnojiva\/organic-drypart","name":"Organic DryPart\u00ae - Terra Aquatica","isPartOf":{"@id":"https:\/\/www.terraaquatica.com\/#website"},"datePublished":"2025-01-13T08:26:12+00:00","dateModified":"2025-02-13T16:22:52+00:00","breadcrumb":{"@id":"https:\/\/www.terraaquatica.com\/cs\/organicka-hnojiva\/organic-drypart#breadcrumb"},"inLanguage":"cs","potentialAction":[{"@type":"ReadAction","target":["https:\/\/www.terraaquatica.com\/cs\/organicka-hnojiva\/organic-drypart"]}]},{"@type":"BreadcrumbList","@id":"https:\/\/www.terraaquatica.com\/cs\/organicka-hnojiva\/organic-drypart#breadcrumb","itemListElement":[{"@type":"ListItem","position":1,"name":"Accueil","item":"https:\/\/www.terraaquatica.com\/cs\/"},{"@type":"ListItem","position":2,"name":"Products","item":"https:\/\/www.terraaquatica.com\/cs\/product\/"},{"@type":"ListItem","position":3,"name":"Organic DryPart\u00ae"}]},{"@type":"WebSite","@id":"https:\/\/www.terraaquatica.com\/#website","url":"https:\/\/www.terraaquatica.com\/","name":"Terra Aquatica","description":"Engrais et syst\u00e8mes de culture depuis 1995","publisher":{"@id":"https:\/\/www.terraaquatica.com\/#organization"},"potentialAction":[{"@type":"SearchAction","target":{"@type":"EntryPoint","urlTemplate":"https:\/\/www.terraaquatica.com\/?s={search_term_string}"},"query-input":{"@type":"PropertyValueSpecification","valueRequired":true,"valueName":"search_term_string"}}],"inLanguage":"cs"},{"@type":"Organization","@id":"https:\/\/www.terraaquatica.com\/#organization","name":"Terra Aquatica","url":"https:\/\/www.terraaquatica.com\/","logo":{"@type":"ImageObject","inLanguage":"cs","@id":"https:\/\/www.terraaquatica.com\/#\/schema\/logo\/image\/","url":"https:\/\/www.terraaquatica.com\/wp-content\/uploads\/2022\/03\/favicon-transpa-big.png","contentUrl":"https:\/\/www.terraaquatica.com\/wp-content\/uploads\/2022\/03\/favicon-transpa-big.png","width":512,"height":512,"caption":"Terra Aquatica"},"image":{"@id":"https:\/\/www.terraaquatica.com\/#\/schema\/logo\/image\/"}}]}},"_links":{"self":[{"href":"https:\/\/www.terraaquatica.com\/cs\/wp-json\/wp\/v2\/product\/17025","targetHints":{"allow":["GET"]}}],"collection":[{"href":"https:\/\/www.terraaquatica.com\/cs\/wp-json\/wp\/v2\/product"}],"about":[{"href":"https:\/\/www.terraaquatica.com\/cs\/wp-json\/wp\/v2\/types\/product"}],"author":[{"embeddable":true,"href":"https:\/\/www.terraaquatica.com\/cs\/wp-json\/wp\/v2\/users\/710"}],"wp:attachment":[{"href":"https:\/\/www.terraaquatica.com\/cs\/wp-json\/wp\/v2\/media?parent=17025"}],"wp:term":[{"taxonomy":"m_thode_de_culture","embeddable":true,"href":"https:\/\/www.terraaquatica.com\/cs\/wp-json\/wp\/v2\/m_thode_de_culture?post=17025"},{"taxonomy":"substrat","embeddable":true,"href":"https:\/\/www.terraaquatica.com\/cs\/wp-json\/wp\/v2\/substrat?post=17025"},{"taxonomy":"product_category","embeddable":true,"href":"https:\/\/www.terraaquatica.com\/cs\/wp-json\/wp\/v2\/product_category?post=17025"}],"curies":[{"name":"wp","href":"https:\/\/api.w.org\/{rel}","templated":true}]}}