{"id":1906,"date":"2018-10-19T10:23:18","date_gmt":"2018-10-19T08:23:18","guid":{"rendered":"https:\/\/www.terraaquatica.com\/produits\/floracoco-html-5\/"},"modified":"2023-09-19T15:12:30","modified_gmt":"2023-09-19T13:12:30","slug":"dualpart-coco","status":"publish","type":"product","link":"https:\/\/www.terraaquatica.com\/cs\/tekuta-mineralni-hnojiva\/dualpart-coco","title":{"rendered":"DualPart\u00ae Coco"},"content":{"rendered":"<p><a href=\"http:\/\/www.terraaquatica.com\/\" target=\"_blank\" rel=\"noopener\"><img decoding=\"async\" class=\" alignleft size-full wp-image-1616\" style=\"opacity: 0.9; float: left; width: 250px; height: 250px;\" src=\"https:\/\/www.terraaquatica.com\/wp-content\/uploads\/2017\/06\/colerette.png\" alt=\"\"><\/a>DualPart\u00ae Coco od Terra Aquatica p\u0159edstavuje mezi obdobn\u00fdmi p\u0159\u00edpravkyp\u0159edn\u00edchsv\u011btov\u00fdchv\u00fdrobc\u016funik\u00e1tn\u00edv\u00fdjimku, jeliko\u017e pro \u00fasp\u011b\u0161n\u00fd r\u016fst od sem\u00ednka a\u017e ke kv\u011bt\u016fm nepot\u0159ebuje \u017e\u00e1dn\u00e9 dal\u0161\u00ed dopl\u0148ky. Jin\u00e9 dvouslo\u017ekov\u00e9 \u017eiviny ur\u010den\u00e9 pro kokosov\u00e1 vl\u00e1kna vy\u017eaduj\u00ed Cal-Mag a PK boostery, stejn\u011b jako dv\u011b lahve \u017eivin na \u201er\u016fst\u201c a dv\u011b na \u201ekveten\u00ed\u201c. Ne ov\u0161em p\u0159i pou\u017eit\u00ed DualPart\u00ae Coco, kdy si vysta\u010d\u00edte jen se dv\u011bma lahvemi!<\/p>\n<p>\u0158ada DualPart\u00ae Coco je v\u00fdjime\u010dn\u011b bohat\u00e1 na v\u00e1pn\u00edk a ho\u0159\u010d\u00edk, krom\u011b toho ale obsahuje i \u00fapln\u00e9 spektrum prvk\u016f, je\u017e rostliny pot\u0159ebuj\u00ed pro zdrav\u00fd a siln\u00fd r\u016fst s n\u00e1sledn\u00fdm bohat\u00fdm kveten\u00edm a hust\u00fdmi plody. Mezi n\u011b pat\u0159\u00ed stopov\u00e9 mikroprvky, kter\u00e9 fin\u00e1ln\u00edmu produktu dodaj\u00ed takov\u00e9 aroma a chu\u0165, jak\u00fdch jen je va\u0161e rostlina schopna dos\u00e1hnout.<\/p>\n<p>Podobn\u011b jako u v\u011bt\u0161iny na\u0161ich \u017eivin m\u016f\u017eete i DualPart\u00ae Coco Grow a Bloom aplikovat v pr\u016fb\u011bhu cel\u00e9ho \u017eivotn\u00edho cyklu rostlin \u2013 sta\u010d\u00ed prost\u011b zm\u011bnit pom\u011br podle aktu\u00e1ln\u00ed f\u00e1ze, nen\u00ed t\u0159eba dokupovat \u017e\u00e1dn\u00e9 dal\u0161\u00ed p\u0159\u00edpravky p\u0159i p\u0159echodu z r\u016fstov\u00e9 f\u00e1ze do kv\u011btu.<\/p>\n<div><\/div>\n","protected":false},"author":3,"template":"","meta":{"_acf_changed":false},"m_thode_de_culture":[31],"substrat":[299],"product_category":[226],"class_list":["post-1906","product","type-product","status-publish","has-post-thumbnail","hentry","m_thode_de_culture-mineral-en","substrat-coco","product_category-tekuta-mineralni-hnojiva"],"acf":[],"yoast_head":"<!-- This site is optimized with the Yoast SEO plugin v27.3 - https:\/\/yoast.com\/product\/yoast-seo-wordpress\/ -->\n<title>DualPart\u00ae Coco - Terra Aquatica<\/title>\n<meta name=\"robots\" content=\"index, follow, max-snippet:-1, max-image-preview:large, max-video-preview:-1\" \/>\n<link rel=\"canonical\" href=\"https:\/\/www.terraaquatica.com\/cs\/tekuta-mineralni-hnojiva\/dualpart-coco\/\" \/>\n<meta property=\"og:locale\" content=\"cs_CZ\" \/>\n<meta property=\"og:type\" content=\"article\" \/>\n<meta property=\"og:title\" content=\"DualPart\u00ae Coco - Terra Aquatica\" \/>\n<meta property=\"og:description\" content=\"DualPart\u00ae Coco od Terra Aquatica p\u0159edstavuje mezi obdobn\u00fdmi p\u0159\u00edpravkyp\u0159edn\u00edchsv\u011btov\u00fdchv\u00fdrobc\u016funik\u00e1tn\u00edv\u00fdjimku, jeliko\u017e pro \u00fasp\u011b\u0161n\u00fd r\u016fst od sem\u00ednka a\u017e ke kv\u011bt\u016fm nepot\u0159ebuje \u017e\u00e1dn\u00e9 [&hellip;]\" \/>\n<meta property=\"og:url\" content=\"https:\/\/www.terraaquatica.com\/cs\/tekuta-mineralni-hnojiva\/dualpart-coco\" \/>\n<meta property=\"og:site_name\" content=\"Terra Aquatica\" \/>\n<meta property=\"article:modified_time\" content=\"2023-09-19T13:12:30+00:00\" \/>\n<meta property=\"og:image\" content=\"https:\/\/www.terraaquatica.com\/wp-content\/uploads\/2020\/03\/dualpart-coco-grow-et-bloom_1l-fond-blanc-720.jpg\" \/>\n\t<meta property=\"og:image:width\" content=\"720\" \/>\n\t<meta property=\"og:image:height\" content=\"720\" \/>\n\t<meta property=\"og:image:type\" content=\"image\/jpeg\" \/>\n<meta name=\"twitter:card\" content=\"summary_large_image\" \/>\n<meta name=\"twitter:label1\" content=\"Odhadovan\u00e1 doba \u010dten\u00ed\" \/>\n\t<meta name=\"twitter:data1\" content=\"1 minuta\" \/>\n<script type=\"application\/ld+json\" class=\"yoast-schema-graph\">{\"@context\":\"https:\\\/\\\/schema.org\",\"@graph\":[{\"@type\":\"WebPage\",\"@id\":\"https:\\\/\\\/www.terraaquatica.com\\\/cs\\\/tekuta-mineralni-hnojiva\\\/dualpart-coco\",\"url\":\"https:\\\/\\\/www.terraaquatica.com\\\/cs\\\/tekuta-mineralni-hnojiva\\\/dualpart-coco\",\"name\":\"DualPart\u00ae Coco - Terra Aquatica\",\"isPartOf\":{\"@id\":\"https:\\\/\\\/www.terraaquatica.com\\\/#website\"},\"primaryImageOfPage\":{\"@id\":\"https:\\\/\\\/www.terraaquatica.com\\\/cs\\\/tekuta-mineralni-hnojiva\\\/dualpart-coco#primaryimage\"},\"image\":{\"@id\":\"https:\\\/\\\/www.terraaquatica.com\\\/cs\\\/tekuta-mineralni-hnojiva\\\/dualpart-coco#primaryimage\"},\"thumbnailUrl\":\"https:\\\/\\\/www.terraaquatica.com\\\/wp-content\\\/uploads\\\/2020\\\/03\\\/dualpart-coco-grow-et-bloom_1l-fond-blanc-720.jpg\",\"datePublished\":\"2018-10-19T08:23:18+00:00\",\"dateModified\":\"2023-09-19T13:12:30+00:00\",\"breadcrumb\":{\"@id\":\"https:\\\/\\\/www.terraaquatica.com\\\/cs\\\/tekuta-mineralni-hnojiva\\\/dualpart-coco#breadcrumb\"},\"inLanguage\":\"cs\",\"potentialAction\":[{\"@type\":\"ReadAction\",\"target\":[\"https:\\\/\\\/www.terraaquatica.com\\\/cs\\\/tekuta-mineralni-hnojiva\\\/dualpart-coco\"]}]},{\"@type\":\"ImageObject\",\"inLanguage\":\"cs\",\"@id\":\"https:\\\/\\\/www.terraaquatica.com\\\/cs\\\/tekuta-mineralni-hnojiva\\\/dualpart-coco#primaryimage\",\"url\":\"https:\\\/\\\/www.terraaquatica.com\\\/wp-content\\\/uploads\\\/2020\\\/03\\\/dualpart-coco-grow-et-bloom_1l-fond-blanc-720.jpg\",\"contentUrl\":\"https:\\\/\\\/www.terraaquatica.com\\\/wp-content\\\/uploads\\\/2020\\\/03\\\/dualpart-coco-grow-et-bloom_1l-fond-blanc-720.jpg\",\"width\":720,\"height\":720,\"caption\":\"DualPart\u00ae Coco Grow - Bloom\"},{\"@type\":\"BreadcrumbList\",\"@id\":\"https:\\\/\\\/www.terraaquatica.com\\\/cs\\\/tekuta-mineralni-hnojiva\\\/dualpart-coco#breadcrumb\",\"itemListElement\":[{\"@type\":\"ListItem\",\"position\":1,\"name\":\"Accueil\",\"item\":\"https:\\\/\\\/www.terraaquatica.com\\\/cs\\\/\"},{\"@type\":\"ListItem\",\"position\":2,\"name\":\"Products\",\"item\":\"https:\\\/\\\/www.terraaquatica.com\\\/cs\\\/product\\\/\"},{\"@type\":\"ListItem\",\"position\":3,\"name\":\"DualPart\u00ae Coco\"}]},{\"@type\":\"WebSite\",\"@id\":\"https:\\\/\\\/www.terraaquatica.com\\\/#website\",\"url\":\"https:\\\/\\\/www.terraaquatica.com\\\/\",\"name\":\"Terra Aquatica\",\"description\":\"Engrais et syst\u00e8mes de culture depuis 1995\",\"publisher\":{\"@id\":\"https:\\\/\\\/www.terraaquatica.com\\\/#organization\"},\"potentialAction\":[{\"@type\":\"SearchAction\",\"target\":{\"@type\":\"EntryPoint\",\"urlTemplate\":\"https:\\\/\\\/www.terraaquatica.com\\\/?s={search_term_string}\"},\"query-input\":{\"@type\":\"PropertyValueSpecification\",\"valueRequired\":true,\"valueName\":\"search_term_string\"}}],\"inLanguage\":\"cs\"},{\"@type\":\"Organization\",\"@id\":\"https:\\\/\\\/www.terraaquatica.com\\\/#organization\",\"name\":\"Terra Aquatica\",\"url\":\"https:\\\/\\\/www.terraaquatica.com\\\/\",\"logo\":{\"@type\":\"ImageObject\",\"inLanguage\":\"cs\",\"@id\":\"https:\\\/\\\/www.terraaquatica.com\\\/#\\\/schema\\\/logo\\\/image\\\/\",\"url\":\"https:\\\/\\\/www.terraaquatica.com\\\/wp-content\\\/uploads\\\/2022\\\/03\\\/favicon-transpa-big.png\",\"contentUrl\":\"https:\\\/\\\/www.terraaquatica.com\\\/wp-content\\\/uploads\\\/2022\\\/03\\\/favicon-transpa-big.png\",\"width\":512,\"height\":512,\"caption\":\"Terra Aquatica\"},\"image\":{\"@id\":\"https:\\\/\\\/www.terraaquatica.com\\\/#\\\/schema\\\/logo\\\/image\\\/\"}}]}<\/script>\n<!-- \/ Yoast SEO plugin. -->","yoast_head_json":{"title":"DualPart\u00ae Coco - Terra Aquatica","robots":{"index":"index","follow":"follow","max-snippet":"max-snippet:-1","max-image-preview":"max-image-preview:large","max-video-preview":"max-video-preview:-1"},"canonical":"https:\/\/www.terraaquatica.com\/cs\/tekuta-mineralni-hnojiva\/dualpart-coco\/","og_locale":"cs_CZ","og_type":"article","og_title":"DualPart\u00ae Coco - Terra Aquatica","og_description":"DualPart\u00ae Coco od Terra Aquatica p\u0159edstavuje mezi obdobn\u00fdmi p\u0159\u00edpravkyp\u0159edn\u00edchsv\u011btov\u00fdchv\u00fdrobc\u016funik\u00e1tn\u00edv\u00fdjimku, jeliko\u017e pro \u00fasp\u011b\u0161n\u00fd r\u016fst od sem\u00ednka a\u017e ke kv\u011bt\u016fm nepot\u0159ebuje \u017e\u00e1dn\u00e9 [&hellip;]","og_url":"https:\/\/www.terraaquatica.com\/cs\/tekuta-mineralni-hnojiva\/dualpart-coco","og_site_name":"Terra Aquatica","article_modified_time":"2023-09-19T13:12:30+00:00","og_image":[{"width":720,"height":720,"url":"https:\/\/www.terraaquatica.com\/wp-content\/uploads\/2020\/03\/dualpart-coco-grow-et-bloom_1l-fond-blanc-720.jpg","type":"image\/jpeg"}],"twitter_card":"summary_large_image","twitter_misc":{"Odhadovan\u00e1 doba \u010dten\u00ed":"1 minuta"},"schema":{"@context":"https:\/\/schema.org","@graph":[{"@type":"WebPage","@id":"https:\/\/www.terraaquatica.com\/cs\/tekuta-mineralni-hnojiva\/dualpart-coco","url":"https:\/\/www.terraaquatica.com\/cs\/tekuta-mineralni-hnojiva\/dualpart-coco","name":"DualPart\u00ae Coco - Terra Aquatica","isPartOf":{"@id":"https:\/\/www.terraaquatica.com\/#website"},"primaryImageOfPage":{"@id":"https:\/\/www.terraaquatica.com\/cs\/tekuta-mineralni-hnojiva\/dualpart-coco#primaryimage"},"image":{"@id":"https:\/\/www.terraaquatica.com\/cs\/tekuta-mineralni-hnojiva\/dualpart-coco#primaryimage"},"thumbnailUrl":"https:\/\/www.terraaquatica.com\/wp-content\/uploads\/2020\/03\/dualpart-coco-grow-et-bloom_1l-fond-blanc-720.jpg","datePublished":"2018-10-19T08:23:18+00:00","dateModified":"2023-09-19T13:12:30+00:00","breadcrumb":{"@id":"https:\/\/www.terraaquatica.com\/cs\/tekuta-mineralni-hnojiva\/dualpart-coco#breadcrumb"},"inLanguage":"cs","potentialAction":[{"@type":"ReadAction","target":["https:\/\/www.terraaquatica.com\/cs\/tekuta-mineralni-hnojiva\/dualpart-coco"]}]},{"@type":"ImageObject","inLanguage":"cs","@id":"https:\/\/www.terraaquatica.com\/cs\/tekuta-mineralni-hnojiva\/dualpart-coco#primaryimage","url":"https:\/\/www.terraaquatica.com\/wp-content\/uploads\/2020\/03\/dualpart-coco-grow-et-bloom_1l-fond-blanc-720.jpg","contentUrl":"https:\/\/www.terraaquatica.com\/wp-content\/uploads\/2020\/03\/dualpart-coco-grow-et-bloom_1l-fond-blanc-720.jpg","width":720,"height":720,"caption":"DualPart\u00ae Coco Grow - Bloom"},{"@type":"BreadcrumbList","@id":"https:\/\/www.terraaquatica.com\/cs\/tekuta-mineralni-hnojiva\/dualpart-coco#breadcrumb","itemListElement":[{"@type":"ListItem","position":1,"name":"Accueil","item":"https:\/\/www.terraaquatica.com\/cs\/"},{"@type":"ListItem","position":2,"name":"Products","item":"https:\/\/www.terraaquatica.com\/cs\/product\/"},{"@type":"ListItem","position":3,"name":"DualPart\u00ae Coco"}]},{"@type":"WebSite","@id":"https:\/\/www.terraaquatica.com\/#website","url":"https:\/\/www.terraaquatica.com\/","name":"Terra Aquatica","description":"Engrais et syst\u00e8mes de culture depuis 1995","publisher":{"@id":"https:\/\/www.terraaquatica.com\/#organization"},"potentialAction":[{"@type":"SearchAction","target":{"@type":"EntryPoint","urlTemplate":"https:\/\/www.terraaquatica.com\/?s={search_term_string}"},"query-input":{"@type":"PropertyValueSpecification","valueRequired":true,"valueName":"search_term_string"}}],"inLanguage":"cs"},{"@type":"Organization","@id":"https:\/\/www.terraaquatica.com\/#organization","name":"Terra Aquatica","url":"https:\/\/www.terraaquatica.com\/","logo":{"@type":"ImageObject","inLanguage":"cs","@id":"https:\/\/www.terraaquatica.com\/#\/schema\/logo\/image\/","url":"https:\/\/www.terraaquatica.com\/wp-content\/uploads\/2022\/03\/favicon-transpa-big.png","contentUrl":"https:\/\/www.terraaquatica.com\/wp-content\/uploads\/2022\/03\/favicon-transpa-big.png","width":512,"height":512,"caption":"Terra Aquatica"},"image":{"@id":"https:\/\/www.terraaquatica.com\/#\/schema\/logo\/image\/"}}]}},"_links":{"self":[{"href":"https:\/\/www.terraaquatica.com\/cs\/wp-json\/wp\/v2\/product\/1906","targetHints":{"allow":["GET"]}}],"collection":[{"href":"https:\/\/www.terraaquatica.com\/cs\/wp-json\/wp\/v2\/product"}],"about":[{"href":"https:\/\/www.terraaquatica.com\/cs\/wp-json\/wp\/v2\/types\/product"}],"author":[{"embeddable":true,"href":"https:\/\/www.terraaquatica.com\/cs\/wp-json\/wp\/v2\/users\/3"}],"wp:featuredmedia":[{"embeddable":true,"href":"https:\/\/www.terraaquatica.com\/cs\/wp-json\/wp\/v2\/media\/1777"}],"wp:attachment":[{"href":"https:\/\/www.terraaquatica.com\/cs\/wp-json\/wp\/v2\/media?parent=1906"}],"wp:term":[{"taxonomy":"m_thode_de_culture","embeddable":true,"href":"https:\/\/www.terraaquatica.com\/cs\/wp-json\/wp\/v2\/m_thode_de_culture?post=1906"},{"taxonomy":"substrat","embeddable":true,"href":"https:\/\/www.terraaquatica.com\/cs\/wp-json\/wp\/v2\/substrat?post=1906"},{"taxonomy":"product_category","embeddable":true,"href":"https:\/\/www.terraaquatica.com\/cs\/wp-json\/wp\/v2\/product_category?post=1906"}],"curies":[{"name":"wp","href":"https:\/\/api.w.org\/{rel}","templated":true}]}}