{"id":1909,"date":"2018-10-19T10:53:43","date_gmt":"2018-10-19T08:53:43","guid":{"rendered":"https:\/\/www.terraaquatica.com\/produits\/novamax-html-6\/"},"modified":"2023-08-03T16:34:54","modified_gmt":"2023-08-03T14:34:54","slug":"novamax-html-6","status":"publish","type":"product","link":"https:\/\/www.terraaquatica.com\/cs\/tekuta-mineralni-hnojiva\/novamax-html-6","title":{"rendered":"NovaMax\u00ae"},"content":{"rendered":"<p><em>Nejv\u00edce koncentrovan\u00e1 jednoslo\u017ekov\u00e1 tekut\u00e1 v\u00fd\u017eiva na trhu.<\/em><\/p>\n<p>NovaMax p\u0159edstavuje pr\u016flom v oblasti technologie hnojiv? P\u011bstitel\u016fm poskytuje s\u00edlu pr\u00e1\u0161kov\u00fdch koncentr\u00e1t\u016f spolu s nen\u00e1ro\u010dnost\u00ed pou\u017eit\u00ed tekut\u00fdch hnojiv ve SKUTE\u010cN\u011a jednoslo\u017ekov\u00e9 form\u011b \u2013 sta\u010d\u00ed jedna l\u00e1hev pro r\u016fst, jedna pro kv\u011bt? Pro zdrav\u00fd r\u016fst nen\u00ed pot\u0159eba dod\u00e1vat nav\u00edc Cal-Mag \/ PK \/ dopl\u0148kov\u00e9 stopov\u00e9 prvky?<\/p>\n<p>Na\u0161e unik\u00e1tn\u00ed receptura zalo\u017een\u00e1 na d\u016fkladn\u011b o\u010di\u0161t\u011bn\u00fdch miner\u00e1lech a p\u0159\u00edrodn\u00edch dopl\u0148c\u00edch obsahuje mimo jin\u00e9 huminov\u00e9 extrakty a je koncentrov\u00e1na s vyu\u017eit\u00edm patentovan\u00e9 technologie \u2013 d\u00edky tomu m\u00e1 velice mal\u00e9 mno\u017estv\u00ed hnojiva NovaMax siln\u00fd \u00fa\u010dinek a lze jej aplikovat na jak\u00fdkoli druh rostlin?<\/p>\n","protected":false},"author":3,"template":"","meta":{"_acf_changed":false},"m_thode_de_culture":[31],"substrat":[299,300,301],"product_category":[226],"class_list":["post-1909","product","type-product","status-publish","has-post-thumbnail","hentry","m_thode_de_culture-mineral-en","substrat-coco","substrat-hydro","substrat-soil","product_category-tekuta-mineralni-hnojiva"],"acf":[],"yoast_head":"<!-- This site is optimized with the Yoast SEO plugin v27.3 - https:\/\/yoast.com\/product\/yoast-seo-wordpress\/ -->\n<title>NovaMax\u00ae - Terra Aquatica<\/title>\n<meta name=\"robots\" content=\"index, follow, max-snippet:-1, max-image-preview:large, max-video-preview:-1\" \/>\n<link rel=\"canonical\" href=\"https:\/\/www.terraaquatica.com\/cs\/tekuta-mineralni-hnojiva\/novamax-html-6\/\" \/>\n<meta property=\"og:locale\" content=\"cs_CZ\" \/>\n<meta property=\"og:type\" content=\"article\" \/>\n<meta property=\"og:title\" content=\"NovaMax\u00ae - Terra Aquatica\" \/>\n<meta property=\"og:description\" content=\"Nejv\u00edce koncentrovan\u00e1 jednoslo\u017ekov\u00e1 tekut\u00e1 v\u00fd\u017eiva na trhu. NovaMax p\u0159edstavuje pr\u016flom v oblasti technologie hnojiv? P\u011bstitel\u016fm poskytuje s\u00edlu pr\u00e1\u0161kov\u00fdch koncentr\u00e1t\u016f spolu [&hellip;]\" \/>\n<meta property=\"og:url\" content=\"https:\/\/www.terraaquatica.com\/cs\/tekuta-mineralni-hnojiva\/novamax-html-6\" \/>\n<meta property=\"og:site_name\" content=\"Terra Aquatica\" \/>\n<meta property=\"article:modified_time\" content=\"2023-08-03T14:34:54+00:00\" \/>\n<meta property=\"og:image\" content=\"https:\/\/www.terraaquatica.com\/wp-content\/uploads\/2020\/10\/novamax-1l.jpg\" \/>\n\t<meta property=\"og:image:width\" content=\"657\" \/>\n\t<meta property=\"og:image:height\" content=\"800\" \/>\n\t<meta property=\"og:image:type\" content=\"image\/jpeg\" \/>\n<meta name=\"twitter:card\" content=\"summary_large_image\" \/>\n<meta name=\"twitter:label1\" content=\"Odhadovan\u00e1 doba \u010dten\u00ed\" \/>\n\t<meta name=\"twitter:data1\" content=\"1 minuta\" \/>\n<script type=\"application\/ld+json\" class=\"yoast-schema-graph\">{\"@context\":\"https:\\\/\\\/schema.org\",\"@graph\":[{\"@type\":\"WebPage\",\"@id\":\"https:\\\/\\\/www.terraaquatica.com\\\/cs\\\/tekuta-mineralni-hnojiva\\\/novamax-html-6\",\"url\":\"https:\\\/\\\/www.terraaquatica.com\\\/cs\\\/tekuta-mineralni-hnojiva\\\/novamax-html-6\",\"name\":\"NovaMax\u00ae - Terra Aquatica\",\"isPartOf\":{\"@id\":\"https:\\\/\\\/www.terraaquatica.com\\\/#website\"},\"primaryImageOfPage\":{\"@id\":\"https:\\\/\\\/www.terraaquatica.com\\\/cs\\\/tekuta-mineralni-hnojiva\\\/novamax-html-6#primaryimage\"},\"image\":{\"@id\":\"https:\\\/\\\/www.terraaquatica.com\\\/cs\\\/tekuta-mineralni-hnojiva\\\/novamax-html-6#primaryimage\"},\"thumbnailUrl\":\"https:\\\/\\\/www.terraaquatica.com\\\/wp-content\\\/uploads\\\/2020\\\/10\\\/novamax-1l.jpg\",\"datePublished\":\"2018-10-19T08:53:43+00:00\",\"dateModified\":\"2023-08-03T14:34:54+00:00\",\"breadcrumb\":{\"@id\":\"https:\\\/\\\/www.terraaquatica.com\\\/cs\\\/tekuta-mineralni-hnojiva\\\/novamax-html-6#breadcrumb\"},\"inLanguage\":\"cs\",\"potentialAction\":[{\"@type\":\"ReadAction\",\"target\":[\"https:\\\/\\\/www.terraaquatica.com\\\/cs\\\/tekuta-mineralni-hnojiva\\\/novamax-html-6\"]}]},{\"@type\":\"ImageObject\",\"inLanguage\":\"cs\",\"@id\":\"https:\\\/\\\/www.terraaquatica.com\\\/cs\\\/tekuta-mineralni-hnojiva\\\/novamax-html-6#primaryimage\",\"url\":\"https:\\\/\\\/www.terraaquatica.com\\\/wp-content\\\/uploads\\\/2020\\\/10\\\/novamax-1l.jpg\",\"contentUrl\":\"https:\\\/\\\/www.terraaquatica.com\\\/wp-content\\\/uploads\\\/2020\\\/10\\\/novamax-1l.jpg\",\"width\":657,\"height\":800,\"caption\":\"novamax-1l\"},{\"@type\":\"BreadcrumbList\",\"@id\":\"https:\\\/\\\/www.terraaquatica.com\\\/cs\\\/tekuta-mineralni-hnojiva\\\/novamax-html-6#breadcrumb\",\"itemListElement\":[{\"@type\":\"ListItem\",\"position\":1,\"name\":\"Accueil\",\"item\":\"https:\\\/\\\/www.terraaquatica.com\\\/cs\\\/\"},{\"@type\":\"ListItem\",\"position\":2,\"name\":\"Products\",\"item\":\"https:\\\/\\\/www.terraaquatica.com\\\/cs\\\/product\\\/\"},{\"@type\":\"ListItem\",\"position\":3,\"name\":\"NovaMax\u00ae\"}]},{\"@type\":\"WebSite\",\"@id\":\"https:\\\/\\\/www.terraaquatica.com\\\/#website\",\"url\":\"https:\\\/\\\/www.terraaquatica.com\\\/\",\"name\":\"Terra Aquatica\",\"description\":\"Engrais et syst\u00e8mes de culture depuis 1995\",\"publisher\":{\"@id\":\"https:\\\/\\\/www.terraaquatica.com\\\/#organization\"},\"potentialAction\":[{\"@type\":\"SearchAction\",\"target\":{\"@type\":\"EntryPoint\",\"urlTemplate\":\"https:\\\/\\\/www.terraaquatica.com\\\/?s={search_term_string}\"},\"query-input\":{\"@type\":\"PropertyValueSpecification\",\"valueRequired\":true,\"valueName\":\"search_term_string\"}}],\"inLanguage\":\"cs\"},{\"@type\":\"Organization\",\"@id\":\"https:\\\/\\\/www.terraaquatica.com\\\/#organization\",\"name\":\"Terra Aquatica\",\"url\":\"https:\\\/\\\/www.terraaquatica.com\\\/\",\"logo\":{\"@type\":\"ImageObject\",\"inLanguage\":\"cs\",\"@id\":\"https:\\\/\\\/www.terraaquatica.com\\\/#\\\/schema\\\/logo\\\/image\\\/\",\"url\":\"https:\\\/\\\/www.terraaquatica.com\\\/wp-content\\\/uploads\\\/2022\\\/03\\\/favicon-transpa-big.png\",\"contentUrl\":\"https:\\\/\\\/www.terraaquatica.com\\\/wp-content\\\/uploads\\\/2022\\\/03\\\/favicon-transpa-big.png\",\"width\":512,\"height\":512,\"caption\":\"Terra Aquatica\"},\"image\":{\"@id\":\"https:\\\/\\\/www.terraaquatica.com\\\/#\\\/schema\\\/logo\\\/image\\\/\"}}]}<\/script>\n<!-- \/ Yoast SEO plugin. -->","yoast_head_json":{"title":"NovaMax\u00ae - Terra Aquatica","robots":{"index":"index","follow":"follow","max-snippet":"max-snippet:-1","max-image-preview":"max-image-preview:large","max-video-preview":"max-video-preview:-1"},"canonical":"https:\/\/www.terraaquatica.com\/cs\/tekuta-mineralni-hnojiva\/novamax-html-6\/","og_locale":"cs_CZ","og_type":"article","og_title":"NovaMax\u00ae - Terra Aquatica","og_description":"Nejv\u00edce koncentrovan\u00e1 jednoslo\u017ekov\u00e1 tekut\u00e1 v\u00fd\u017eiva na trhu. NovaMax p\u0159edstavuje pr\u016flom v oblasti technologie hnojiv? P\u011bstitel\u016fm poskytuje s\u00edlu pr\u00e1\u0161kov\u00fdch koncentr\u00e1t\u016f spolu [&hellip;]","og_url":"https:\/\/www.terraaquatica.com\/cs\/tekuta-mineralni-hnojiva\/novamax-html-6","og_site_name":"Terra Aquatica","article_modified_time":"2023-08-03T14:34:54+00:00","og_image":[{"width":657,"height":800,"url":"https:\/\/www.terraaquatica.com\/wp-content\/uploads\/2020\/10\/novamax-1l.jpg","type":"image\/jpeg"}],"twitter_card":"summary_large_image","twitter_misc":{"Odhadovan\u00e1 doba \u010dten\u00ed":"1 minuta"},"schema":{"@context":"https:\/\/schema.org","@graph":[{"@type":"WebPage","@id":"https:\/\/www.terraaquatica.com\/cs\/tekuta-mineralni-hnojiva\/novamax-html-6","url":"https:\/\/www.terraaquatica.com\/cs\/tekuta-mineralni-hnojiva\/novamax-html-6","name":"NovaMax\u00ae - Terra Aquatica","isPartOf":{"@id":"https:\/\/www.terraaquatica.com\/#website"},"primaryImageOfPage":{"@id":"https:\/\/www.terraaquatica.com\/cs\/tekuta-mineralni-hnojiva\/novamax-html-6#primaryimage"},"image":{"@id":"https:\/\/www.terraaquatica.com\/cs\/tekuta-mineralni-hnojiva\/novamax-html-6#primaryimage"},"thumbnailUrl":"https:\/\/www.terraaquatica.com\/wp-content\/uploads\/2020\/10\/novamax-1l.jpg","datePublished":"2018-10-19T08:53:43+00:00","dateModified":"2023-08-03T14:34:54+00:00","breadcrumb":{"@id":"https:\/\/www.terraaquatica.com\/cs\/tekuta-mineralni-hnojiva\/novamax-html-6#breadcrumb"},"inLanguage":"cs","potentialAction":[{"@type":"ReadAction","target":["https:\/\/www.terraaquatica.com\/cs\/tekuta-mineralni-hnojiva\/novamax-html-6"]}]},{"@type":"ImageObject","inLanguage":"cs","@id":"https:\/\/www.terraaquatica.com\/cs\/tekuta-mineralni-hnojiva\/novamax-html-6#primaryimage","url":"https:\/\/www.terraaquatica.com\/wp-content\/uploads\/2020\/10\/novamax-1l.jpg","contentUrl":"https:\/\/www.terraaquatica.com\/wp-content\/uploads\/2020\/10\/novamax-1l.jpg","width":657,"height":800,"caption":"novamax-1l"},{"@type":"BreadcrumbList","@id":"https:\/\/www.terraaquatica.com\/cs\/tekuta-mineralni-hnojiva\/novamax-html-6#breadcrumb","itemListElement":[{"@type":"ListItem","position":1,"name":"Accueil","item":"https:\/\/www.terraaquatica.com\/cs\/"},{"@type":"ListItem","position":2,"name":"Products","item":"https:\/\/www.terraaquatica.com\/cs\/product\/"},{"@type":"ListItem","position":3,"name":"NovaMax\u00ae"}]},{"@type":"WebSite","@id":"https:\/\/www.terraaquatica.com\/#website","url":"https:\/\/www.terraaquatica.com\/","name":"Terra Aquatica","description":"Engrais et syst\u00e8mes de culture depuis 1995","publisher":{"@id":"https:\/\/www.terraaquatica.com\/#organization"},"potentialAction":[{"@type":"SearchAction","target":{"@type":"EntryPoint","urlTemplate":"https:\/\/www.terraaquatica.com\/?s={search_term_string}"},"query-input":{"@type":"PropertyValueSpecification","valueRequired":true,"valueName":"search_term_string"}}],"inLanguage":"cs"},{"@type":"Organization","@id":"https:\/\/www.terraaquatica.com\/#organization","name":"Terra Aquatica","url":"https:\/\/www.terraaquatica.com\/","logo":{"@type":"ImageObject","inLanguage":"cs","@id":"https:\/\/www.terraaquatica.com\/#\/schema\/logo\/image\/","url":"https:\/\/www.terraaquatica.com\/wp-content\/uploads\/2022\/03\/favicon-transpa-big.png","contentUrl":"https:\/\/www.terraaquatica.com\/wp-content\/uploads\/2022\/03\/favicon-transpa-big.png","width":512,"height":512,"caption":"Terra Aquatica"},"image":{"@id":"https:\/\/www.terraaquatica.com\/#\/schema\/logo\/image\/"}}]}},"_links":{"self":[{"href":"https:\/\/www.terraaquatica.com\/cs\/wp-json\/wp\/v2\/product\/1909","targetHints":{"allow":["GET"]}}],"collection":[{"href":"https:\/\/www.terraaquatica.com\/cs\/wp-json\/wp\/v2\/product"}],"about":[{"href":"https:\/\/www.terraaquatica.com\/cs\/wp-json\/wp\/v2\/types\/product"}],"author":[{"embeddable":true,"href":"https:\/\/www.terraaquatica.com\/cs\/wp-json\/wp\/v2\/users\/3"}],"wp:featuredmedia":[{"embeddable":true,"href":"https:\/\/www.terraaquatica.com\/cs\/wp-json\/wp\/v2\/media\/1613"}],"wp:attachment":[{"href":"https:\/\/www.terraaquatica.com\/cs\/wp-json\/wp\/v2\/media?parent=1909"}],"wp:term":[{"taxonomy":"m_thode_de_culture","embeddable":true,"href":"https:\/\/www.terraaquatica.com\/cs\/wp-json\/wp\/v2\/m_thode_de_culture?post=1909"},{"taxonomy":"substrat","embeddable":true,"href":"https:\/\/www.terraaquatica.com\/cs\/wp-json\/wp\/v2\/substrat?post=1909"},{"taxonomy":"product_category","embeddable":true,"href":"https:\/\/www.terraaquatica.com\/cs\/wp-json\/wp\/v2\/product_category?post=1909"}],"curies":[{"name":"wp","href":"https:\/\/api.w.org\/{rel}","templated":true}]}}