{"id":1915,"date":"2018-10-19T12:12:18","date_gmt":"2018-10-19T10:12:18","guid":{"rendered":"https:\/\/www.terraaquatica.com\/produits\/floramato-html-5\/"},"modified":"2023-08-03T16:07:00","modified_gmt":"2023-08-03T14:07:00","slug":"permabloom","status":"publish","type":"product","link":"https:\/\/www.terraaquatica.com\/cs\/tekuta-mineralni-hnojiva\/permabloom","title":{"rendered":"PERMABLOOM"},"content":{"rendered":"<p><a href=\"http:\/\/www.terraaquatica.com\/\" target=\"_blank\" rel=\"noopener\"><img decoding=\"async\" class=\" alignleft size-full wp-image-1616\" style=\"opacity: 0.9; float: left; width: 250px; height: 250px;\" src=\"https:\/\/www.terraaquatica.com\/wp-content\/uploads\/2017\/06\/colerette.png\" alt=\"\"><\/a>K efektivit\u011b \u0159ady <em>TriPart\u00ae<\/em> p\u0159id\u00e1v\u00e1 nen\u00e1ro\u010dnost pou\u017eit\u00ed pro st\u00e1le plod\u00edc\u00ed rostliny<\/p>\n<p>PermaBloom vych\u00e1z\u00ed z na\u0161\u00ed vlajkov\u00e9 lodi \u2013 t\u0159\u00edslo\u017ekov\u00fdch hnojiv TriPart\u00ae Micro \u2013 a nab\u00edz\u00ed na m\u00edru u\u0161it\u00fd dopln\u011bk pro konkr\u00e9tn\u00ed pot\u0159ebu s optimalizovan\u00fdm pom\u011brem miner\u00e1l\u016f pro trvale plod\u00edc\u00ed rostliny. Jednodu\u0161e m\u011bn\u00ed n\u00e1\u0161 nejprod\u00e1van\u011bj\u0161\u00ed t\u0159\u00edslo\u017ekov\u00fd syst\u00e9m na dvouslo\u017ekov\u00fd, na m\u00edru vytvo\u0159en\u00fd syst\u00e9m pro rostliny se specifick\u00fdmi pot\u0159ebami.<\/p>\n<p>PermaBloom je v\u00fdb\u011brovou sm\u011bs\u00ed esenci\u00e1ln\u00edch i dopl\u0148kov\u00fdch miner\u00e1l\u016f, kter\u00e9 vy\u017eaduj\u00ed rostliny jako chilli papri\u010dky, raj\u010data, okurky, papriky, fazole, melouny, jahody atd.<\/p>\n<p>PermaBloom p\u0159isp\u00edv\u00e1 k intenzivn\u011bj\u0161\u00ed chuti plodin, zvy\u0161uje v\u00fdnosy a zlep\u0161uje nutri\u010dn\u00ed hodnotu na z\u00e1klad\u011b stejn\u00e9ho principu jako \u0159ada Flora Series. Vyr\u00e1b\u00ed se ze stejn\u00fdch extr\u00e9mn\u011b \u010dist\u00fdch miner\u00e1ln\u00edch slo\u017eek se stabilizovan\u00fdm pH. P\u0159\u00edpravek PermaBloom je navr\u017een pro hydroponick\u00e9 syst\u00e9my a obzvl\u00e1\u0161t\u011b efektivn\u011b funguje v syst\u00e9mech kapkov\u00e9 z\u00e1vlahy a automatick\u00e9ho zavla\u017eov\u00e1n\u00ed. Lze ho v\u0161ak pou\u017e\u00edt i v kokosu a p\u016fd\u011b.<\/p>\n<div><\/div>\n","protected":false},"author":3,"template":"","meta":{"_acf_changed":false},"m_thode_de_culture":[31],"substrat":[299,300,301],"product_category":[226],"class_list":["post-1915","product","type-product","status-publish","has-post-thumbnail","hentry","m_thode_de_culture-mineral-en","substrat-coco","substrat-hydro","substrat-soil","product_category-tekuta-mineralni-hnojiva"],"acf":[],"yoast_head":"<!-- This site is optimized with the Yoast SEO plugin v27.3 - https:\/\/yoast.com\/product\/yoast-seo-wordpress\/ -->\n<title>PERMABLOOM - Terra Aquatica<\/title>\n<meta name=\"robots\" content=\"index, follow, max-snippet:-1, max-image-preview:large, max-video-preview:-1\" \/>\n<link rel=\"canonical\" href=\"https:\/\/www.terraaquatica.com\/cs\/tekuta-mineralni-hnojiva\/permabloom\/\" \/>\n<meta property=\"og:locale\" content=\"cs_CZ\" \/>\n<meta property=\"og:type\" content=\"article\" \/>\n<meta property=\"og:title\" content=\"PERMABLOOM - Terra Aquatica\" \/>\n<meta property=\"og:description\" content=\"K efektivit\u011b \u0159ady TriPart\u00ae p\u0159id\u00e1v\u00e1 nen\u00e1ro\u010dnost pou\u017eit\u00ed pro st\u00e1le plod\u00edc\u00ed rostliny PermaBloom vych\u00e1z\u00ed z na\u0161\u00ed vlajkov\u00e9 lodi \u2013 t\u0159\u00edslo\u017ekov\u00fdch hnojiv [&hellip;]\" \/>\n<meta property=\"og:url\" content=\"https:\/\/www.terraaquatica.com\/cs\/tekuta-mineralni-hnojiva\/permabloom\" \/>\n<meta property=\"og:site_name\" content=\"Terra Aquatica\" \/>\n<meta property=\"article:modified_time\" content=\"2023-08-03T14:07:00+00:00\" \/>\n<meta property=\"og:image\" content=\"https:\/\/www.terraaquatica.com\/wp-content\/uploads\/2020\/03\/permabloom-1l-floramato-720.jpg\" \/>\n\t<meta property=\"og:image:width\" content=\"720\" \/>\n\t<meta property=\"og:image:height\" content=\"720\" \/>\n\t<meta property=\"og:image:type\" content=\"image\/jpeg\" \/>\n<meta name=\"twitter:card\" content=\"summary_large_image\" \/>\n<meta name=\"twitter:label1\" content=\"Odhadovan\u00e1 doba \u010dten\u00ed\" \/>\n\t<meta name=\"twitter:data1\" content=\"1 minuta\" \/>\n<script type=\"application\/ld+json\" class=\"yoast-schema-graph\">{\"@context\":\"https:\\\/\\\/schema.org\",\"@graph\":[{\"@type\":\"WebPage\",\"@id\":\"https:\\\/\\\/www.terraaquatica.com\\\/cs\\\/tekuta-mineralni-hnojiva\\\/permabloom\",\"url\":\"https:\\\/\\\/www.terraaquatica.com\\\/cs\\\/tekuta-mineralni-hnojiva\\\/permabloom\",\"name\":\"PERMABLOOM - Terra Aquatica\",\"isPartOf\":{\"@id\":\"https:\\\/\\\/www.terraaquatica.com\\\/#website\"},\"primaryImageOfPage\":{\"@id\":\"https:\\\/\\\/www.terraaquatica.com\\\/cs\\\/tekuta-mineralni-hnojiva\\\/permabloom#primaryimage\"},\"image\":{\"@id\":\"https:\\\/\\\/www.terraaquatica.com\\\/cs\\\/tekuta-mineralni-hnojiva\\\/permabloom#primaryimage\"},\"thumbnailUrl\":\"https:\\\/\\\/www.terraaquatica.com\\\/wp-content\\\/uploads\\\/2020\\\/03\\\/permabloom-1l-floramato-720.jpg\",\"datePublished\":\"2018-10-19T10:12:18+00:00\",\"dateModified\":\"2023-08-03T14:07:00+00:00\",\"breadcrumb\":{\"@id\":\"https:\\\/\\\/www.terraaquatica.com\\\/cs\\\/tekuta-mineralni-hnojiva\\\/permabloom#breadcrumb\"},\"inLanguage\":\"cs\",\"potentialAction\":[{\"@type\":\"ReadAction\",\"target\":[\"https:\\\/\\\/www.terraaquatica.com\\\/cs\\\/tekuta-mineralni-hnojiva\\\/permabloom\"]}]},{\"@type\":\"ImageObject\",\"inLanguage\":\"cs\",\"@id\":\"https:\\\/\\\/www.terraaquatica.com\\\/cs\\\/tekuta-mineralni-hnojiva\\\/permabloom#primaryimage\",\"url\":\"https:\\\/\\\/www.terraaquatica.com\\\/wp-content\\\/uploads\\\/2020\\\/03\\\/permabloom-1l-floramato-720.jpg\",\"contentUrl\":\"https:\\\/\\\/www.terraaquatica.com\\\/wp-content\\\/uploads\\\/2020\\\/03\\\/permabloom-1l-floramato-720.jpg\",\"width\":720,\"height\":720,\"caption\":\"PermaBloom 1L\"},{\"@type\":\"BreadcrumbList\",\"@id\":\"https:\\\/\\\/www.terraaquatica.com\\\/cs\\\/tekuta-mineralni-hnojiva\\\/permabloom#breadcrumb\",\"itemListElement\":[{\"@type\":\"ListItem\",\"position\":1,\"name\":\"Accueil\",\"item\":\"https:\\\/\\\/www.terraaquatica.com\\\/cs\\\/\"},{\"@type\":\"ListItem\",\"position\":2,\"name\":\"Products\",\"item\":\"https:\\\/\\\/www.terraaquatica.com\\\/cs\\\/product\\\/\"},{\"@type\":\"ListItem\",\"position\":3,\"name\":\"PERMABLOOM\"}]},{\"@type\":\"WebSite\",\"@id\":\"https:\\\/\\\/www.terraaquatica.com\\\/#website\",\"url\":\"https:\\\/\\\/www.terraaquatica.com\\\/\",\"name\":\"Terra Aquatica\",\"description\":\"Engrais et syst\u00e8mes de culture depuis 1995\",\"publisher\":{\"@id\":\"https:\\\/\\\/www.terraaquatica.com\\\/#organization\"},\"potentialAction\":[{\"@type\":\"SearchAction\",\"target\":{\"@type\":\"EntryPoint\",\"urlTemplate\":\"https:\\\/\\\/www.terraaquatica.com\\\/?s={search_term_string}\"},\"query-input\":{\"@type\":\"PropertyValueSpecification\",\"valueRequired\":true,\"valueName\":\"search_term_string\"}}],\"inLanguage\":\"cs\"},{\"@type\":\"Organization\",\"@id\":\"https:\\\/\\\/www.terraaquatica.com\\\/#organization\",\"name\":\"Terra Aquatica\",\"url\":\"https:\\\/\\\/www.terraaquatica.com\\\/\",\"logo\":{\"@type\":\"ImageObject\",\"inLanguage\":\"cs\",\"@id\":\"https:\\\/\\\/www.terraaquatica.com\\\/#\\\/schema\\\/logo\\\/image\\\/\",\"url\":\"https:\\\/\\\/www.terraaquatica.com\\\/wp-content\\\/uploads\\\/2022\\\/03\\\/favicon-transpa-big.png\",\"contentUrl\":\"https:\\\/\\\/www.terraaquatica.com\\\/wp-content\\\/uploads\\\/2022\\\/03\\\/favicon-transpa-big.png\",\"width\":512,\"height\":512,\"caption\":\"Terra Aquatica\"},\"image\":{\"@id\":\"https:\\\/\\\/www.terraaquatica.com\\\/#\\\/schema\\\/logo\\\/image\\\/\"}}]}<\/script>\n<!-- \/ Yoast SEO plugin. -->","yoast_head_json":{"title":"PERMABLOOM - Terra Aquatica","robots":{"index":"index","follow":"follow","max-snippet":"max-snippet:-1","max-image-preview":"max-image-preview:large","max-video-preview":"max-video-preview:-1"},"canonical":"https:\/\/www.terraaquatica.com\/cs\/tekuta-mineralni-hnojiva\/permabloom\/","og_locale":"cs_CZ","og_type":"article","og_title":"PERMABLOOM - Terra Aquatica","og_description":"K efektivit\u011b \u0159ady TriPart\u00ae p\u0159id\u00e1v\u00e1 nen\u00e1ro\u010dnost pou\u017eit\u00ed pro st\u00e1le plod\u00edc\u00ed rostliny PermaBloom vych\u00e1z\u00ed z na\u0161\u00ed vlajkov\u00e9 lodi \u2013 t\u0159\u00edslo\u017ekov\u00fdch hnojiv [&hellip;]","og_url":"https:\/\/www.terraaquatica.com\/cs\/tekuta-mineralni-hnojiva\/permabloom","og_site_name":"Terra Aquatica","article_modified_time":"2023-08-03T14:07:00+00:00","og_image":[{"width":720,"height":720,"url":"https:\/\/www.terraaquatica.com\/wp-content\/uploads\/2020\/03\/permabloom-1l-floramato-720.jpg","type":"image\/jpeg"}],"twitter_card":"summary_large_image","twitter_misc":{"Odhadovan\u00e1 doba \u010dten\u00ed":"1 minuta"},"schema":{"@context":"https:\/\/schema.org","@graph":[{"@type":"WebPage","@id":"https:\/\/www.terraaquatica.com\/cs\/tekuta-mineralni-hnojiva\/permabloom","url":"https:\/\/www.terraaquatica.com\/cs\/tekuta-mineralni-hnojiva\/permabloom","name":"PERMABLOOM - Terra Aquatica","isPartOf":{"@id":"https:\/\/www.terraaquatica.com\/#website"},"primaryImageOfPage":{"@id":"https:\/\/www.terraaquatica.com\/cs\/tekuta-mineralni-hnojiva\/permabloom#primaryimage"},"image":{"@id":"https:\/\/www.terraaquatica.com\/cs\/tekuta-mineralni-hnojiva\/permabloom#primaryimage"},"thumbnailUrl":"https:\/\/www.terraaquatica.com\/wp-content\/uploads\/2020\/03\/permabloom-1l-floramato-720.jpg","datePublished":"2018-10-19T10:12:18+00:00","dateModified":"2023-08-03T14:07:00+00:00","breadcrumb":{"@id":"https:\/\/www.terraaquatica.com\/cs\/tekuta-mineralni-hnojiva\/permabloom#breadcrumb"},"inLanguage":"cs","potentialAction":[{"@type":"ReadAction","target":["https:\/\/www.terraaquatica.com\/cs\/tekuta-mineralni-hnojiva\/permabloom"]}]},{"@type":"ImageObject","inLanguage":"cs","@id":"https:\/\/www.terraaquatica.com\/cs\/tekuta-mineralni-hnojiva\/permabloom#primaryimage","url":"https:\/\/www.terraaquatica.com\/wp-content\/uploads\/2020\/03\/permabloom-1l-floramato-720.jpg","contentUrl":"https:\/\/www.terraaquatica.com\/wp-content\/uploads\/2020\/03\/permabloom-1l-floramato-720.jpg","width":720,"height":720,"caption":"PermaBloom 1L"},{"@type":"BreadcrumbList","@id":"https:\/\/www.terraaquatica.com\/cs\/tekuta-mineralni-hnojiva\/permabloom#breadcrumb","itemListElement":[{"@type":"ListItem","position":1,"name":"Accueil","item":"https:\/\/www.terraaquatica.com\/cs\/"},{"@type":"ListItem","position":2,"name":"Products","item":"https:\/\/www.terraaquatica.com\/cs\/product\/"},{"@type":"ListItem","position":3,"name":"PERMABLOOM"}]},{"@type":"WebSite","@id":"https:\/\/www.terraaquatica.com\/#website","url":"https:\/\/www.terraaquatica.com\/","name":"Terra Aquatica","description":"Engrais et syst\u00e8mes de culture depuis 1995","publisher":{"@id":"https:\/\/www.terraaquatica.com\/#organization"},"potentialAction":[{"@type":"SearchAction","target":{"@type":"EntryPoint","urlTemplate":"https:\/\/www.terraaquatica.com\/?s={search_term_string}"},"query-input":{"@type":"PropertyValueSpecification","valueRequired":true,"valueName":"search_term_string"}}],"inLanguage":"cs"},{"@type":"Organization","@id":"https:\/\/www.terraaquatica.com\/#organization","name":"Terra Aquatica","url":"https:\/\/www.terraaquatica.com\/","logo":{"@type":"ImageObject","inLanguage":"cs","@id":"https:\/\/www.terraaquatica.com\/#\/schema\/logo\/image\/","url":"https:\/\/www.terraaquatica.com\/wp-content\/uploads\/2022\/03\/favicon-transpa-big.png","contentUrl":"https:\/\/www.terraaquatica.com\/wp-content\/uploads\/2022\/03\/favicon-transpa-big.png","width":512,"height":512,"caption":"Terra Aquatica"},"image":{"@id":"https:\/\/www.terraaquatica.com\/#\/schema\/logo\/image\/"}}]}},"_links":{"self":[{"href":"https:\/\/www.terraaquatica.com\/cs\/wp-json\/wp\/v2\/product\/1915","targetHints":{"allow":["GET"]}}],"collection":[{"href":"https:\/\/www.terraaquatica.com\/cs\/wp-json\/wp\/v2\/product"}],"about":[{"href":"https:\/\/www.terraaquatica.com\/cs\/wp-json\/wp\/v2\/types\/product"}],"author":[{"embeddable":true,"href":"https:\/\/www.terraaquatica.com\/cs\/wp-json\/wp\/v2\/users\/3"}],"wp:featuredmedia":[{"embeddable":true,"href":"https:\/\/www.terraaquatica.com\/cs\/wp-json\/wp\/v2\/media\/1661"}],"wp:attachment":[{"href":"https:\/\/www.terraaquatica.com\/cs\/wp-json\/wp\/v2\/media?parent=1915"}],"wp:term":[{"taxonomy":"m_thode_de_culture","embeddable":true,"href":"https:\/\/www.terraaquatica.com\/cs\/wp-json\/wp\/v2\/m_thode_de_culture?post=1915"},{"taxonomy":"substrat","embeddable":true,"href":"https:\/\/www.terraaquatica.com\/cs\/wp-json\/wp\/v2\/substrat?post=1915"},{"taxonomy":"product_category","embeddable":true,"href":"https:\/\/www.terraaquatica.com\/cs\/wp-json\/wp\/v2\/product_category?post=1915"}],"curies":[{"name":"wp","href":"https:\/\/api.w.org\/{rel}","templated":true}]}}