{"id":1919,"date":"2018-10-19T13:14:46","date_gmt":"2018-10-19T11:14:46","guid":{"rendered":"https:\/\/www.terraaquatica.com\/produits\/ripen-html-5\/"},"modified":"2023-09-25T16:04:37","modified_gmt":"2023-09-25T14:04:37","slug":"finalpart","status":"publish","type":"product","link":"https:\/\/www.terraaquatica.com\/cs\/specialni-hnojiva-a-doplnky-vyzivy\/finalpart","title":{"rendered":"FINALPART\u00ae"},"content":{"rendered":"<p><a href=\"http:\/\/www.terraaquatica.com\/\" target=\"_blank\" rel=\"noopener\"><img decoding=\"async\" class=\" alignleft size-full wp-image-1616\" style=\"opacity: 0.9; float: left; width: 250px; height: 250px;\" src=\"https:\/\/www.terraaquatica.com\/wp-content\/uploads\/2017\/06\/colerette.png\" alt=\"\"><\/a><em>\u0160pi\u010dka v oboru v\u00fd\u017eivy pro z\u00e1v\u011bre\u010dnou f\u00e1zi p\u011bstov\u00e1n\u00ed \u2013 ne nadarmo je FinalPart\u00ae n\u00e1\u0161 nejprod\u00e1van\u011bj\u0161\u00ed produkt!<\/em><\/p>\n<p>FinalPart\u00ae p\u0159edstavuje kompletn\u00ed v\u00fd\u017eivov\u00fd p\u0159\u00edpravek \/ stimul\u00e1tor pro pozdn\u00ed kveten\u00ed, kter\u00fd nevy\u017eaduje \u017e\u00e1dn\u00e9 dal\u0161\u00ed posiluj\u00edc\u00ed prost\u0159edky. Stimuluje produkci kv\u011bt\u016f a aktivn\u00edch l\u00e1tek a likviduje p\u0159ebyte\u010dn\u00e9 \u017eiviny.<\/p>\n<p>FinalPart\u00ae p\u016fsob\u00ed t\u0159emi zp\u016fsoby :<\/p>\n<ul>\n<li>Rostlin\u011b vy\u0161le jasn\u00fd sign\u00e1l, \u017ee se bl\u00ed\u017e\u00ed konec jej\u00edho \u017eivota \u2013 to ji p\u0159im\u011bje urychlit proces zr\u00e1n\u00ed.<\/li>\n<li>Nut\u00ed rostlinu aktivizovat obrann\u00e9 mechanismy, co\u017e vede ke zv\u00fd\u0161en\u00e9 produkci esenci\u00e1ln\u00edch olej\u016f a aktivn\u00edch l\u00e1tek.<\/li>\n<li>Dod\u00e1v\u00e1 rostlin\u011b ve\u0161ker\u00e9 pot\u0159ebn\u00e9 miner\u00e1ln\u00ed soli ve snadno vst\u0159ebateln\u00e9 form\u011b. V p\u0159\u00edpad\u011b p\u0159edchoz\u00edho nahromad\u011bn\u00ed dusi\u010dnan\u016f \u010di mikroprovk\u016f pom\u00e1h\u00e1 metabolizovat zbytky, co\u017e m\u00e1 za n\u00e1sledek lep\u0161\u00ed chu\u0165 rostliny.<\/li>\n<\/ul>\n<p>FinalPart\u00ae lze jako takzvan\u00fd \u201evynucovac\u00ed roztok\u201c&nbsp; vyu\u017e\u00edt ve v\u0161ech p\u0159\u00edpadech, kdy pot\u0159ebujete p\u0159evz\u00edt kontrolu \u010di stimulovat proces zr\u00e1n\u00ed, stejn\u011b jako na konci cyklu kveten\u00ed \/ plozen\u00ed u jednolet\u00fdch kv\u011btin a plod\u016f pro dosa\u017een\u00ed co nejv\u011bt\u0161\u00ed \u00farody a co nejintenzivn\u011bj\u0161\u00ed chuti.<\/p>\n<p>P\u0159i p\u011bstov\u00e1n\u00ed pod \u0161ir\u00fdm nebem umo\u017e\u0148uje FinalPart\u00ae rychle sklidit \u00farodu p\u0159edt\u00edm, ne\u017e ji po\u0161kod\u00ed chladn\u00e9 a vlhk\u00e9 po\u010das\u00ed. P\u0159i p\u011bstov\u00e1n\u00ed pod um\u011bl\u00fdm osv\u011btlen\u00edm pom\u00e1h\u00e1 harmonizovat z\u00e1v\u011br \u017eivotn\u00edho cyklu t\u00edm, \u017ee urychluje &nbsp;zr\u00e1n\u00ed &nbsp;nejpomaleji &nbsp;zraj\u00edc\u00edch rostlin \u010di odr\u016fd. A v p\u0159\u00edpad\u011b siln\u00e9ho zamo\u0159en\u00ed pl\u00edsn\u00ed \u010di hmyzem v\u00e1m umo\u017en\u00ed urychlit p\u0159irozen\u00fd cyklus a z\u00edskat alespo\u0148 \u010d\u00e1st \u00farody, o kterou byste jinak zcela p\u0159i\u0161li.<\/p>\n<div><\/div>\n\n\n<div data-wp-interactive=\"core\/file\" class=\"wp-block-file\"><object data-wp-bind--hidden=\"!state.hasPdfPreview\" hidden class=\"wp-block-file__embed\" data=\"https:\/\/www.terraaquatica.com\/wp-content\/uploads\/2023\/09\/FinalPart-UserGuide-6pages-A5-CZ-2022.pdf\" type=\"application\/pdf\" style=\"width:100%;height:600px\" aria-label=\"Vlo\u017eit z FinalPart-UserGuide-6pages-A5-CZ-2022.\"><\/object><a id=\"wp-block-file--media-fe751717-f592-4005-a1f8-05c97b52f844\" href=\"https:\/\/www.terraaquatica.com\/wp-content\/uploads\/2023\/09\/FinalPart-UserGuide-6pages-A5-CZ-2022.pdf\">FinalPart-UserGuide-6pages-A5-CZ-2022<\/a><a href=\"https:\/\/www.terraaquatica.com\/wp-content\/uploads\/2023\/09\/FinalPart-UserGuide-6pages-A5-CZ-2022.pdf\" class=\"wp-block-file__button wp-element-button\" download aria-describedby=\"wp-block-file--media-fe751717-f592-4005-a1f8-05c97b52f844\">Download<\/a><\/div>\n","protected":false},"author":3,"template":"","meta":{"_acf_changed":false},"m_thode_de_culture":[31],"substrat":[299,300,301],"product_category":[234],"class_list":["post-1919","product","type-product","status-publish","has-post-thumbnail","hentry","m_thode_de_culture-mineral-en","substrat-coco","substrat-hydro","substrat-soil","product_category-specialni-hnojiva-a-doplnky-vyzivy"],"acf":[],"yoast_head":"<!-- This site is optimized with the Yoast SEO plugin v27.3 - https:\/\/yoast.com\/product\/yoast-seo-wordpress\/ -->\n<title>FINALPART\u00ae - Terra Aquatica<\/title>\n<meta name=\"robots\" content=\"index, follow, max-snippet:-1, max-image-preview:large, max-video-preview:-1\" \/>\n<link rel=\"canonical\" href=\"https:\/\/www.terraaquatica.com\/cs\/specialni-hnojiva-a-doplnky-vyzivy\/finalpart\/\" \/>\n<meta property=\"og:locale\" content=\"cs_CZ\" \/>\n<meta property=\"og:type\" content=\"article\" \/>\n<meta property=\"og:title\" content=\"FINALPART\u00ae - Terra Aquatica\" \/>\n<meta property=\"og:description\" content=\"\u0160pi\u010dka v oboru v\u00fd\u017eivy pro z\u00e1v\u011bre\u010dnou f\u00e1zi p\u011bstov\u00e1n\u00ed \u2013 ne nadarmo je FinalPart\u00ae n\u00e1\u0161 nejprod\u00e1van\u011bj\u0161\u00ed produkt! FinalPart\u00ae p\u0159edstavuje kompletn\u00ed v\u00fd\u017eivov\u00fd [&hellip;]\" \/>\n<meta property=\"og:url\" content=\"https:\/\/www.terraaquatica.com\/cs\/specialni-hnojiva-a-doplnky-vyzivy\/finalpart\" \/>\n<meta property=\"og:site_name\" content=\"Terra Aquatica\" \/>\n<meta property=\"article:modified_time\" content=\"2023-09-25T14:04:37+00:00\" \/>\n<meta property=\"og:image\" content=\"https:\/\/www.terraaquatica.com\/wp-content\/uploads\/2020\/03\/finalpart-1l-ripen-720.jpg\" \/>\n\t<meta property=\"og:image:width\" content=\"720\" \/>\n\t<meta property=\"og:image:height\" content=\"720\" \/>\n\t<meta property=\"og:image:type\" content=\"image\/jpeg\" \/>\n<meta name=\"twitter:card\" content=\"summary_large_image\" \/>\n<meta name=\"twitter:label1\" content=\"Odhadovan\u00e1 doba \u010dten\u00ed\" \/>\n\t<meta name=\"twitter:data1\" content=\"2 minuty\" \/>\n<script type=\"application\/ld+json\" class=\"yoast-schema-graph\">{\"@context\":\"https:\\\/\\\/schema.org\",\"@graph\":[{\"@type\":\"WebPage\",\"@id\":\"https:\\\/\\\/www.terraaquatica.com\\\/cs\\\/specialni-hnojiva-a-doplnky-vyzivy\\\/finalpart\",\"url\":\"https:\\\/\\\/www.terraaquatica.com\\\/cs\\\/specialni-hnojiva-a-doplnky-vyzivy\\\/finalpart\",\"name\":\"FINALPART\u00ae - Terra Aquatica\",\"isPartOf\":{\"@id\":\"https:\\\/\\\/www.terraaquatica.com\\\/#website\"},\"primaryImageOfPage\":{\"@id\":\"https:\\\/\\\/www.terraaquatica.com\\\/cs\\\/specialni-hnojiva-a-doplnky-vyzivy\\\/finalpart#primaryimage\"},\"image\":{\"@id\":\"https:\\\/\\\/www.terraaquatica.com\\\/cs\\\/specialni-hnojiva-a-doplnky-vyzivy\\\/finalpart#primaryimage\"},\"thumbnailUrl\":\"https:\\\/\\\/www.terraaquatica.com\\\/wp-content\\\/uploads\\\/2020\\\/03\\\/finalpart-1l-ripen-720.jpg\",\"datePublished\":\"2018-10-19T11:14:46+00:00\",\"dateModified\":\"2023-09-25T14:04:37+00:00\",\"breadcrumb\":{\"@id\":\"https:\\\/\\\/www.terraaquatica.com\\\/cs\\\/specialni-hnojiva-a-doplnky-vyzivy\\\/finalpart#breadcrumb\"},\"inLanguage\":\"cs\",\"potentialAction\":[{\"@type\":\"ReadAction\",\"target\":[\"https:\\\/\\\/www.terraaquatica.com\\\/cs\\\/specialni-hnojiva-a-doplnky-vyzivy\\\/finalpart\"]}]},{\"@type\":\"ImageObject\",\"inLanguage\":\"cs\",\"@id\":\"https:\\\/\\\/www.terraaquatica.com\\\/cs\\\/specialni-hnojiva-a-doplnky-vyzivy\\\/finalpart#primaryimage\",\"url\":\"https:\\\/\\\/www.terraaquatica.com\\\/wp-content\\\/uploads\\\/2020\\\/03\\\/finalpart-1l-ripen-720.jpg\",\"contentUrl\":\"https:\\\/\\\/www.terraaquatica.com\\\/wp-content\\\/uploads\\\/2020\\\/03\\\/finalpart-1l-ripen-720.jpg\",\"width\":720,\"height\":720,\"caption\":\"FinalPart 1L\"},{\"@type\":\"BreadcrumbList\",\"@id\":\"https:\\\/\\\/www.terraaquatica.com\\\/cs\\\/specialni-hnojiva-a-doplnky-vyzivy\\\/finalpart#breadcrumb\",\"itemListElement\":[{\"@type\":\"ListItem\",\"position\":1,\"name\":\"Accueil\",\"item\":\"https:\\\/\\\/www.terraaquatica.com\\\/cs\\\/\"},{\"@type\":\"ListItem\",\"position\":2,\"name\":\"Products\",\"item\":\"https:\\\/\\\/www.terraaquatica.com\\\/cs\\\/product\\\/\"},{\"@type\":\"ListItem\",\"position\":3,\"name\":\"FINALPART\u00ae\"}]},{\"@type\":\"WebSite\",\"@id\":\"https:\\\/\\\/www.terraaquatica.com\\\/#website\",\"url\":\"https:\\\/\\\/www.terraaquatica.com\\\/\",\"name\":\"Terra Aquatica\",\"description\":\"Engrais et syst\u00e8mes de culture depuis 1995\",\"publisher\":{\"@id\":\"https:\\\/\\\/www.terraaquatica.com\\\/#organization\"},\"potentialAction\":[{\"@type\":\"SearchAction\",\"target\":{\"@type\":\"EntryPoint\",\"urlTemplate\":\"https:\\\/\\\/www.terraaquatica.com\\\/?s={search_term_string}\"},\"query-input\":{\"@type\":\"PropertyValueSpecification\",\"valueRequired\":true,\"valueName\":\"search_term_string\"}}],\"inLanguage\":\"cs\"},{\"@type\":\"Organization\",\"@id\":\"https:\\\/\\\/www.terraaquatica.com\\\/#organization\",\"name\":\"Terra Aquatica\",\"url\":\"https:\\\/\\\/www.terraaquatica.com\\\/\",\"logo\":{\"@type\":\"ImageObject\",\"inLanguage\":\"cs\",\"@id\":\"https:\\\/\\\/www.terraaquatica.com\\\/#\\\/schema\\\/logo\\\/image\\\/\",\"url\":\"https:\\\/\\\/www.terraaquatica.com\\\/wp-content\\\/uploads\\\/2022\\\/03\\\/favicon-transpa-big.png\",\"contentUrl\":\"https:\\\/\\\/www.terraaquatica.com\\\/wp-content\\\/uploads\\\/2022\\\/03\\\/favicon-transpa-big.png\",\"width\":512,\"height\":512,\"caption\":\"Terra Aquatica\"},\"image\":{\"@id\":\"https:\\\/\\\/www.terraaquatica.com\\\/#\\\/schema\\\/logo\\\/image\\\/\"}}]}<\/script>\n<!-- \/ Yoast SEO plugin. -->","yoast_head_json":{"title":"FINALPART\u00ae - Terra Aquatica","robots":{"index":"index","follow":"follow","max-snippet":"max-snippet:-1","max-image-preview":"max-image-preview:large","max-video-preview":"max-video-preview:-1"},"canonical":"https:\/\/www.terraaquatica.com\/cs\/specialni-hnojiva-a-doplnky-vyzivy\/finalpart\/","og_locale":"cs_CZ","og_type":"article","og_title":"FINALPART\u00ae - Terra Aquatica","og_description":"\u0160pi\u010dka v oboru v\u00fd\u017eivy pro z\u00e1v\u011bre\u010dnou f\u00e1zi p\u011bstov\u00e1n\u00ed \u2013 ne nadarmo je FinalPart\u00ae n\u00e1\u0161 nejprod\u00e1van\u011bj\u0161\u00ed produkt! FinalPart\u00ae p\u0159edstavuje kompletn\u00ed v\u00fd\u017eivov\u00fd [&hellip;]","og_url":"https:\/\/www.terraaquatica.com\/cs\/specialni-hnojiva-a-doplnky-vyzivy\/finalpart","og_site_name":"Terra Aquatica","article_modified_time":"2023-09-25T14:04:37+00:00","og_image":[{"width":720,"height":720,"url":"https:\/\/www.terraaquatica.com\/wp-content\/uploads\/2020\/03\/finalpart-1l-ripen-720.jpg","type":"image\/jpeg"}],"twitter_card":"summary_large_image","twitter_misc":{"Odhadovan\u00e1 doba \u010dten\u00ed":"2 minuty"},"schema":{"@context":"https:\/\/schema.org","@graph":[{"@type":"WebPage","@id":"https:\/\/www.terraaquatica.com\/cs\/specialni-hnojiva-a-doplnky-vyzivy\/finalpart","url":"https:\/\/www.terraaquatica.com\/cs\/specialni-hnojiva-a-doplnky-vyzivy\/finalpart","name":"FINALPART\u00ae - Terra Aquatica","isPartOf":{"@id":"https:\/\/www.terraaquatica.com\/#website"},"primaryImageOfPage":{"@id":"https:\/\/www.terraaquatica.com\/cs\/specialni-hnojiva-a-doplnky-vyzivy\/finalpart#primaryimage"},"image":{"@id":"https:\/\/www.terraaquatica.com\/cs\/specialni-hnojiva-a-doplnky-vyzivy\/finalpart#primaryimage"},"thumbnailUrl":"https:\/\/www.terraaquatica.com\/wp-content\/uploads\/2020\/03\/finalpart-1l-ripen-720.jpg","datePublished":"2018-10-19T11:14:46+00:00","dateModified":"2023-09-25T14:04:37+00:00","breadcrumb":{"@id":"https:\/\/www.terraaquatica.com\/cs\/specialni-hnojiva-a-doplnky-vyzivy\/finalpart#breadcrumb"},"inLanguage":"cs","potentialAction":[{"@type":"ReadAction","target":["https:\/\/www.terraaquatica.com\/cs\/specialni-hnojiva-a-doplnky-vyzivy\/finalpart"]}]},{"@type":"ImageObject","inLanguage":"cs","@id":"https:\/\/www.terraaquatica.com\/cs\/specialni-hnojiva-a-doplnky-vyzivy\/finalpart#primaryimage","url":"https:\/\/www.terraaquatica.com\/wp-content\/uploads\/2020\/03\/finalpart-1l-ripen-720.jpg","contentUrl":"https:\/\/www.terraaquatica.com\/wp-content\/uploads\/2020\/03\/finalpart-1l-ripen-720.jpg","width":720,"height":720,"caption":"FinalPart 1L"},{"@type":"BreadcrumbList","@id":"https:\/\/www.terraaquatica.com\/cs\/specialni-hnojiva-a-doplnky-vyzivy\/finalpart#breadcrumb","itemListElement":[{"@type":"ListItem","position":1,"name":"Accueil","item":"https:\/\/www.terraaquatica.com\/cs\/"},{"@type":"ListItem","position":2,"name":"Products","item":"https:\/\/www.terraaquatica.com\/cs\/product\/"},{"@type":"ListItem","position":3,"name":"FINALPART\u00ae"}]},{"@type":"WebSite","@id":"https:\/\/www.terraaquatica.com\/#website","url":"https:\/\/www.terraaquatica.com\/","name":"Terra Aquatica","description":"Engrais et syst\u00e8mes de culture depuis 1995","publisher":{"@id":"https:\/\/www.terraaquatica.com\/#organization"},"potentialAction":[{"@type":"SearchAction","target":{"@type":"EntryPoint","urlTemplate":"https:\/\/www.terraaquatica.com\/?s={search_term_string}"},"query-input":{"@type":"PropertyValueSpecification","valueRequired":true,"valueName":"search_term_string"}}],"inLanguage":"cs"},{"@type":"Organization","@id":"https:\/\/www.terraaquatica.com\/#organization","name":"Terra Aquatica","url":"https:\/\/www.terraaquatica.com\/","logo":{"@type":"ImageObject","inLanguage":"cs","@id":"https:\/\/www.terraaquatica.com\/#\/schema\/logo\/image\/","url":"https:\/\/www.terraaquatica.com\/wp-content\/uploads\/2022\/03\/favicon-transpa-big.png","contentUrl":"https:\/\/www.terraaquatica.com\/wp-content\/uploads\/2022\/03\/favicon-transpa-big.png","width":512,"height":512,"caption":"Terra Aquatica"},"image":{"@id":"https:\/\/www.terraaquatica.com\/#\/schema\/logo\/image\/"}}]}},"_links":{"self":[{"href":"https:\/\/www.terraaquatica.com\/cs\/wp-json\/wp\/v2\/product\/1919","targetHints":{"allow":["GET"]}}],"collection":[{"href":"https:\/\/www.terraaquatica.com\/cs\/wp-json\/wp\/v2\/product"}],"about":[{"href":"https:\/\/www.terraaquatica.com\/cs\/wp-json\/wp\/v2\/types\/product"}],"author":[{"embeddable":true,"href":"https:\/\/www.terraaquatica.com\/cs\/wp-json\/wp\/v2\/users\/3"}],"wp:featuredmedia":[{"embeddable":true,"href":"https:\/\/www.terraaquatica.com\/cs\/wp-json\/wp\/v2\/media\/1665"}],"wp:attachment":[{"href":"https:\/\/www.terraaquatica.com\/cs\/wp-json\/wp\/v2\/media?parent=1919"}],"wp:term":[{"taxonomy":"m_thode_de_culture","embeddable":true,"href":"https:\/\/www.terraaquatica.com\/cs\/wp-json\/wp\/v2\/m_thode_de_culture?post=1919"},{"taxonomy":"substrat","embeddable":true,"href":"https:\/\/www.terraaquatica.com\/cs\/wp-json\/wp\/v2\/substrat?post=1919"},{"taxonomy":"product_category","embeddable":true,"href":"https:\/\/www.terraaquatica.com\/cs\/wp-json\/wp\/v2\/product_category?post=1919"}],"curies":[{"name":"wp","href":"https:\/\/api.w.org\/{rel}","templated":true}]}}