{"id":1924,"date":"2018-10-19T13:24:25","date_gmt":"2018-10-19T11:24:25","guid":{"rendered":"https:\/\/www.terraaquatica.com\/produits\/essentials-html-5\/"},"modified":"2023-08-03T15:18:33","modified_gmt":"2023-08-03T13:18:33","slug":"oligo-spectrum","status":"publish","type":"product","link":"https:\/\/www.terraaquatica.com\/cs\/specialni-hnojiva-a-doplnky-vyzivy\/oligo-spectrum","title":{"rendered":"OLIGO SPECTRUM"},"content":{"rendered":"<p><a href=\"http:\/\/www.terraaquatica.com\/\" target=\"_blank\" rel=\"noopener\"><img decoding=\"async\" class=\" alignleft size-full wp-image-1616\" style=\"opacity: 0.9; float: left; width: 250px; height: 250px;\" src=\"https:\/\/www.terraaquatica.com\/wp-content\/uploads\/2017\/06\/colerette.png\" alt=\"\"><\/a><em>Nepou\u017e\u00edv\u00e1te hnojiva od T.A, ale pot\u0159ebujete kvalitn\u00ed mikroprvky? V\u011bnujete se akvaponii a hled\u00e1te zp\u016fsob, jak dos\u00e1hnout vyv\u00e1\u017een\u00e9 v\u00fd\u017eivy? M\u00e1me pro v\u00e1s \u0159e\u0161en\u00ed..<\/em>.<\/p>\n<p>Oligo Spectrum od spole\u010dnosti T.A. p\u0159edstavuje unik\u00e1tn\u00ed produktovou : jde o komplexn\u00ed sadu koncentrovan\u00fdch mikroprvk\u016f v chelatov\u00e9 form\u011b, nav\u00edc s obsahem submikroprvk\u016f a organickou rovnov\u00e1hou. Pou\u017e\u00edv\u00e1 se jako dopl\u0148kov\u00fd prost\u0159edek pro \u017eivn\u00fd roztok v p\u016fd\u011b i v hydroponii, ale lze ho aplikovat post\u0159ikem na listy v p\u0159\u00edpadech, kdy miner\u00e1ln\u00ed dopl\u0148ky ve vod\u011b mohou vyvolat probl\u00e9my (nap\u0159\u00edklad p\u0159i akvaponii).<\/p>\n<p>Prim\u00e1rn\u00ed a sekund\u00e1rn\u00ed prvky jsou sice v hnojivech pro rostliny obsa\u017eeny v\u017edy, to sam\u00e9 se v\u0161ak ned\u00e1 \u0159\u00edci o&nbsp; n\u011bkter\u00fdch mikroprvc\u00edch a submikroprvc\u00edch. Laboratorn\u00ed testy p\u0159itom uk\u00e1zaly, \u017ee jejich p\u0159\u00edtomnost v \u017eivn\u00e9m roztoku vede k celkov\u00e9mu v\u00fdrazn\u00e9mu zlep\u0161en\u00ed zdravotn\u00edho stavu rostliny a jej\u00ed odolnosti v\u016f\u010di \u0161k\u016fdc\u016fm. Pokud vyu\u017e\u00edv\u00e1te hnojiva od T.A., rostliny z n\u00edch z\u00edsk\u00e1vaj\u00ed kompletn\u00ed spektrum pot\u0159ebn\u00fdch \u017eivin. Pokud v\u0161ak produkty od T.A. nepou\u017e\u00edv\u00e1te, Oligo Spectrum v\u00e1m nab\u00edz\u00ed efektivn\u00ed zp\u016fsob, jak v\u00fd\u017eivu rostlin obohatit.<\/p>\n<p>Ve\u0161ker\u00e9 prvky obsa\u017een\u00e9 v produktech Oligo Spectrum vyhovuj\u00ed po\u017eadavk\u016fm evropsk\u00fdch regul\u00ed o organick\u00e9m zem\u011bd\u011blstv\u00ed. Stejn\u011b jako u ve\u0161ker\u00fdch \u017eivin, kter\u00e9 vyr\u00e1b\u00edme, jsou i v Oligo Spectrum v\u0161echny mo\u017en\u00e9 prvky v chel\u00e1tov\u00e9 form\u011b pro dosa\u017een\u00ed vy\u0161\u0161\u00ed stability a lep\u0161\u00edch v\u00fdsledk\u016f.<\/p>\n<div><\/div>\n","protected":false},"author":3,"template":"","meta":{"_acf_changed":false},"m_thode_de_culture":[31,32],"substrat":[299,300,301,303],"product_category":[234],"class_list":["post-1924","product","type-product","status-publish","has-post-thumbnail","hentry","m_thode_de_culture-mineral-en","m_thode_de_culture-organic-en","substrat-coco","substrat-hydro","substrat-soil","substrat-spray","product_category-specialni-hnojiva-a-doplnky-vyzivy"],"acf":[],"yoast_head":"<!-- This site is optimized with the Yoast SEO plugin v27.3 - https:\/\/yoast.com\/product\/yoast-seo-wordpress\/ -->\n<title>OLIGO SPECTRUM - Terra Aquatica<\/title>\n<meta name=\"robots\" content=\"index, follow, max-snippet:-1, max-image-preview:large, max-video-preview:-1\" \/>\n<link rel=\"canonical\" href=\"https:\/\/www.terraaquatica.com\/cs\/specialni-hnojiva-a-doplnky-vyzivy\/oligo-spectrum\/\" \/>\n<meta property=\"og:locale\" content=\"cs_CZ\" \/>\n<meta property=\"og:type\" content=\"article\" \/>\n<meta property=\"og:title\" content=\"OLIGO SPECTRUM - Terra Aquatica\" \/>\n<meta property=\"og:description\" content=\"Nepou\u017e\u00edv\u00e1te hnojiva od T.A, ale pot\u0159ebujete kvalitn\u00ed mikroprvky? V\u011bnujete se akvaponii a hled\u00e1te zp\u016fsob, jak dos\u00e1hnout vyv\u00e1\u017een\u00e9 v\u00fd\u017eivy? M\u00e1me pro [&hellip;]\" \/>\n<meta property=\"og:url\" content=\"https:\/\/www.terraaquatica.com\/cs\/specialni-hnojiva-a-doplnky-vyzivy\/oligo-spectrum\" \/>\n<meta property=\"og:site_name\" content=\"Terra Aquatica\" \/>\n<meta property=\"article:modified_time\" content=\"2023-08-03T13:18:33+00:00\" \/>\n<meta property=\"og:image\" content=\"https:\/\/www.terraaquatica.com\/wp-content\/uploads\/2020\/03\/oligo-spectrum-1l-essentials-720.jpg\" \/>\n\t<meta property=\"og:image:width\" content=\"720\" \/>\n\t<meta property=\"og:image:height\" content=\"720\" \/>\n\t<meta property=\"og:image:type\" content=\"image\/jpeg\" \/>\n<meta name=\"twitter:card\" content=\"summary_large_image\" \/>\n<meta name=\"twitter:label1\" content=\"Odhadovan\u00e1 doba \u010dten\u00ed\" \/>\n\t<meta name=\"twitter:data1\" content=\"2 minuty\" \/>\n<script type=\"application\/ld+json\" class=\"yoast-schema-graph\">{\"@context\":\"https:\\\/\\\/schema.org\",\"@graph\":[{\"@type\":\"WebPage\",\"@id\":\"https:\\\/\\\/www.terraaquatica.com\\\/cs\\\/specialni-hnojiva-a-doplnky-vyzivy\\\/oligo-spectrum\",\"url\":\"https:\\\/\\\/www.terraaquatica.com\\\/cs\\\/specialni-hnojiva-a-doplnky-vyzivy\\\/oligo-spectrum\",\"name\":\"OLIGO SPECTRUM - Terra Aquatica\",\"isPartOf\":{\"@id\":\"https:\\\/\\\/www.terraaquatica.com\\\/#website\"},\"primaryImageOfPage\":{\"@id\":\"https:\\\/\\\/www.terraaquatica.com\\\/cs\\\/specialni-hnojiva-a-doplnky-vyzivy\\\/oligo-spectrum#primaryimage\"},\"image\":{\"@id\":\"https:\\\/\\\/www.terraaquatica.com\\\/cs\\\/specialni-hnojiva-a-doplnky-vyzivy\\\/oligo-spectrum#primaryimage\"},\"thumbnailUrl\":\"https:\\\/\\\/www.terraaquatica.com\\\/wp-content\\\/uploads\\\/2020\\\/03\\\/oligo-spectrum-1l-essentials-720.jpg\",\"datePublished\":\"2018-10-19T11:24:25+00:00\",\"dateModified\":\"2023-08-03T13:18:33+00:00\",\"breadcrumb\":{\"@id\":\"https:\\\/\\\/www.terraaquatica.com\\\/cs\\\/specialni-hnojiva-a-doplnky-vyzivy\\\/oligo-spectrum#breadcrumb\"},\"inLanguage\":\"cs\",\"potentialAction\":[{\"@type\":\"ReadAction\",\"target\":[\"https:\\\/\\\/www.terraaquatica.com\\\/cs\\\/specialni-hnojiva-a-doplnky-vyzivy\\\/oligo-spectrum\"]}]},{\"@type\":\"ImageObject\",\"inLanguage\":\"cs\",\"@id\":\"https:\\\/\\\/www.terraaquatica.com\\\/cs\\\/specialni-hnojiva-a-doplnky-vyzivy\\\/oligo-spectrum#primaryimage\",\"url\":\"https:\\\/\\\/www.terraaquatica.com\\\/wp-content\\\/uploads\\\/2020\\\/03\\\/oligo-spectrum-1l-essentials-720.jpg\",\"contentUrl\":\"https:\\\/\\\/www.terraaquatica.com\\\/wp-content\\\/uploads\\\/2020\\\/03\\\/oligo-spectrum-1l-essentials-720.jpg\",\"width\":720,\"height\":720,\"caption\":\"Oligo Spectrum 1L\"},{\"@type\":\"BreadcrumbList\",\"@id\":\"https:\\\/\\\/www.terraaquatica.com\\\/cs\\\/specialni-hnojiva-a-doplnky-vyzivy\\\/oligo-spectrum#breadcrumb\",\"itemListElement\":[{\"@type\":\"ListItem\",\"position\":1,\"name\":\"Accueil\",\"item\":\"https:\\\/\\\/www.terraaquatica.com\\\/cs\\\/\"},{\"@type\":\"ListItem\",\"position\":2,\"name\":\"Products\",\"item\":\"https:\\\/\\\/www.terraaquatica.com\\\/cs\\\/product\\\/\"},{\"@type\":\"ListItem\",\"position\":3,\"name\":\"OLIGO SPECTRUM\"}]},{\"@type\":\"WebSite\",\"@id\":\"https:\\\/\\\/www.terraaquatica.com\\\/#website\",\"url\":\"https:\\\/\\\/www.terraaquatica.com\\\/\",\"name\":\"Terra Aquatica\",\"description\":\"Engrais et syst\u00e8mes de culture depuis 1995\",\"publisher\":{\"@id\":\"https:\\\/\\\/www.terraaquatica.com\\\/#organization\"},\"potentialAction\":[{\"@type\":\"SearchAction\",\"target\":{\"@type\":\"EntryPoint\",\"urlTemplate\":\"https:\\\/\\\/www.terraaquatica.com\\\/?s={search_term_string}\"},\"query-input\":{\"@type\":\"PropertyValueSpecification\",\"valueRequired\":true,\"valueName\":\"search_term_string\"}}],\"inLanguage\":\"cs\"},{\"@type\":\"Organization\",\"@id\":\"https:\\\/\\\/www.terraaquatica.com\\\/#organization\",\"name\":\"Terra Aquatica\",\"url\":\"https:\\\/\\\/www.terraaquatica.com\\\/\",\"logo\":{\"@type\":\"ImageObject\",\"inLanguage\":\"cs\",\"@id\":\"https:\\\/\\\/www.terraaquatica.com\\\/#\\\/schema\\\/logo\\\/image\\\/\",\"url\":\"https:\\\/\\\/www.terraaquatica.com\\\/wp-content\\\/uploads\\\/2022\\\/03\\\/favicon-transpa-big.png\",\"contentUrl\":\"https:\\\/\\\/www.terraaquatica.com\\\/wp-content\\\/uploads\\\/2022\\\/03\\\/favicon-transpa-big.png\",\"width\":512,\"height\":512,\"caption\":\"Terra Aquatica\"},\"image\":{\"@id\":\"https:\\\/\\\/www.terraaquatica.com\\\/#\\\/schema\\\/logo\\\/image\\\/\"}}]}<\/script>\n<!-- \/ Yoast SEO plugin. -->","yoast_head_json":{"title":"OLIGO SPECTRUM - Terra Aquatica","robots":{"index":"index","follow":"follow","max-snippet":"max-snippet:-1","max-image-preview":"max-image-preview:large","max-video-preview":"max-video-preview:-1"},"canonical":"https:\/\/www.terraaquatica.com\/cs\/specialni-hnojiva-a-doplnky-vyzivy\/oligo-spectrum\/","og_locale":"cs_CZ","og_type":"article","og_title":"OLIGO SPECTRUM - Terra Aquatica","og_description":"Nepou\u017e\u00edv\u00e1te hnojiva od T.A, ale pot\u0159ebujete kvalitn\u00ed mikroprvky? V\u011bnujete se akvaponii a hled\u00e1te zp\u016fsob, jak dos\u00e1hnout vyv\u00e1\u017een\u00e9 v\u00fd\u017eivy? M\u00e1me pro [&hellip;]","og_url":"https:\/\/www.terraaquatica.com\/cs\/specialni-hnojiva-a-doplnky-vyzivy\/oligo-spectrum","og_site_name":"Terra Aquatica","article_modified_time":"2023-08-03T13:18:33+00:00","og_image":[{"width":720,"height":720,"url":"https:\/\/www.terraaquatica.com\/wp-content\/uploads\/2020\/03\/oligo-spectrum-1l-essentials-720.jpg","type":"image\/jpeg"}],"twitter_card":"summary_large_image","twitter_misc":{"Odhadovan\u00e1 doba \u010dten\u00ed":"2 minuty"},"schema":{"@context":"https:\/\/schema.org","@graph":[{"@type":"WebPage","@id":"https:\/\/www.terraaquatica.com\/cs\/specialni-hnojiva-a-doplnky-vyzivy\/oligo-spectrum","url":"https:\/\/www.terraaquatica.com\/cs\/specialni-hnojiva-a-doplnky-vyzivy\/oligo-spectrum","name":"OLIGO SPECTRUM - Terra Aquatica","isPartOf":{"@id":"https:\/\/www.terraaquatica.com\/#website"},"primaryImageOfPage":{"@id":"https:\/\/www.terraaquatica.com\/cs\/specialni-hnojiva-a-doplnky-vyzivy\/oligo-spectrum#primaryimage"},"image":{"@id":"https:\/\/www.terraaquatica.com\/cs\/specialni-hnojiva-a-doplnky-vyzivy\/oligo-spectrum#primaryimage"},"thumbnailUrl":"https:\/\/www.terraaquatica.com\/wp-content\/uploads\/2020\/03\/oligo-spectrum-1l-essentials-720.jpg","datePublished":"2018-10-19T11:24:25+00:00","dateModified":"2023-08-03T13:18:33+00:00","breadcrumb":{"@id":"https:\/\/www.terraaquatica.com\/cs\/specialni-hnojiva-a-doplnky-vyzivy\/oligo-spectrum#breadcrumb"},"inLanguage":"cs","potentialAction":[{"@type":"ReadAction","target":["https:\/\/www.terraaquatica.com\/cs\/specialni-hnojiva-a-doplnky-vyzivy\/oligo-spectrum"]}]},{"@type":"ImageObject","inLanguage":"cs","@id":"https:\/\/www.terraaquatica.com\/cs\/specialni-hnojiva-a-doplnky-vyzivy\/oligo-spectrum#primaryimage","url":"https:\/\/www.terraaquatica.com\/wp-content\/uploads\/2020\/03\/oligo-spectrum-1l-essentials-720.jpg","contentUrl":"https:\/\/www.terraaquatica.com\/wp-content\/uploads\/2020\/03\/oligo-spectrum-1l-essentials-720.jpg","width":720,"height":720,"caption":"Oligo Spectrum 1L"},{"@type":"BreadcrumbList","@id":"https:\/\/www.terraaquatica.com\/cs\/specialni-hnojiva-a-doplnky-vyzivy\/oligo-spectrum#breadcrumb","itemListElement":[{"@type":"ListItem","position":1,"name":"Accueil","item":"https:\/\/www.terraaquatica.com\/cs\/"},{"@type":"ListItem","position":2,"name":"Products","item":"https:\/\/www.terraaquatica.com\/cs\/product\/"},{"@type":"ListItem","position":3,"name":"OLIGO SPECTRUM"}]},{"@type":"WebSite","@id":"https:\/\/www.terraaquatica.com\/#website","url":"https:\/\/www.terraaquatica.com\/","name":"Terra Aquatica","description":"Engrais et syst\u00e8mes de culture depuis 1995","publisher":{"@id":"https:\/\/www.terraaquatica.com\/#organization"},"potentialAction":[{"@type":"SearchAction","target":{"@type":"EntryPoint","urlTemplate":"https:\/\/www.terraaquatica.com\/?s={search_term_string}"},"query-input":{"@type":"PropertyValueSpecification","valueRequired":true,"valueName":"search_term_string"}}],"inLanguage":"cs"},{"@type":"Organization","@id":"https:\/\/www.terraaquatica.com\/#organization","name":"Terra Aquatica","url":"https:\/\/www.terraaquatica.com\/","logo":{"@type":"ImageObject","inLanguage":"cs","@id":"https:\/\/www.terraaquatica.com\/#\/schema\/logo\/image\/","url":"https:\/\/www.terraaquatica.com\/wp-content\/uploads\/2022\/03\/favicon-transpa-big.png","contentUrl":"https:\/\/www.terraaquatica.com\/wp-content\/uploads\/2022\/03\/favicon-transpa-big.png","width":512,"height":512,"caption":"Terra Aquatica"},"image":{"@id":"https:\/\/www.terraaquatica.com\/#\/schema\/logo\/image\/"}}]}},"_links":{"self":[{"href":"https:\/\/www.terraaquatica.com\/cs\/wp-json\/wp\/v2\/product\/1924","targetHints":{"allow":["GET"]}}],"collection":[{"href":"https:\/\/www.terraaquatica.com\/cs\/wp-json\/wp\/v2\/product"}],"about":[{"href":"https:\/\/www.terraaquatica.com\/cs\/wp-json\/wp\/v2\/types\/product"}],"author":[{"embeddable":true,"href":"https:\/\/www.terraaquatica.com\/cs\/wp-json\/wp\/v2\/users\/3"}],"wp:featuredmedia":[{"embeddable":true,"href":"https:\/\/www.terraaquatica.com\/cs\/wp-json\/wp\/v2\/media\/1725"}],"wp:attachment":[{"href":"https:\/\/www.terraaquatica.com\/cs\/wp-json\/wp\/v2\/media?parent=1924"}],"wp:term":[{"taxonomy":"m_thode_de_culture","embeddable":true,"href":"https:\/\/www.terraaquatica.com\/cs\/wp-json\/wp\/v2\/m_thode_de_culture?post=1924"},{"taxonomy":"substrat","embeddable":true,"href":"https:\/\/www.terraaquatica.com\/cs\/wp-json\/wp\/v2\/substrat?post=1924"},{"taxonomy":"product_category","embeddable":true,"href":"https:\/\/www.terraaquatica.com\/cs\/wp-json\/wp\/v2\/product_category?post=1924"}],"curies":[{"name":"wp","href":"https:\/\/api.w.org\/{rel}","templated":true}]}}