{"id":1939,"date":"2018-10-19T14:36:46","date_gmt":"2018-10-19T12:36:46","guid":{"rendered":"https:\/\/www.terraaquatica.com\/produits\/florakleen-5\/"},"modified":"2023-08-01T16:49:34","modified_gmt":"2023-08-01T14:49:34","slug":"flashclean","status":"publish","type":"product","link":"https:\/\/www.terraaquatica.com\/cs\/roztok-pro-udrzbu-a-proplachovani-substratu\/flashclean","title":{"rendered":"FLASHCLEAN\u00ae"},"content":{"rendered":"<p><a href=\"http:\/\/www.terraaquatica.com\/\" target=\"_blank\" rel=\"noopener\"><img decoding=\"async\" class=\" alignleft size-full wp-image-1616\" style=\"opacity: 0.9; float: left; width: 250px; height: 250px;\" src=\"https:\/\/www.terraaquatica.com\/wp-content\/uploads\/2017\/06\/colerette.png\" alt=\"\"><\/a><em>FlashClean\u00ae pat\u0159\u00ed mezi ty nejmocn\u011bj\u0161\u00ed pomocn\u00edky p\u011bstitel\u016f \u2013 dok\u00e1\u017ee omladit pokojov\u00e9 rostliny, stejn\u011b&nbsp; jako maximalizovat \u00farodu a potenci\u00e1l v komer\u010dn\u00edm hydroponick\u00e9m syst\u00e9mu.<\/em><\/p>\n<p>V ka\u017ed\u00e9m p\u011bstebn\u00edm syst\u00e9mu se \u010dasem v d\u016fsledku p\u0159irozen\u00e9ho p\u011bstebn\u00edho procesu usazuj\u00ed zbytky hnojiv. Postupn\u011b se tak hromad\u00ed soli, kter\u00e9 mohou ucp\u00e1vat kapkova\u010de a zp\u016fsobovat nevzhledn\u00e9 usazeniny na povrchu p\u016fdy \u010di substr\u00e1tu. Rostliny jsou t\u00edm vystaveny nadm\u011brn\u00e9 z\u00e1t\u011b\u017ei a m\u016f\u017ee doj\u00edt i k po\u0161kozen\u00ed ko\u0159en\u016f. Dnes, kdy\u017e jsou k dispozici vysoce koncentrovan\u00e1 hnojiva a mnoho syst\u00e9m\u016f m\u00e1 vysokou EC (el vodivost), m\u016f\u017ee rostliny skryt\u011b omezovat i uzamknut\u00ed p\u0159\u00edjmu \u017eivin kv\u016fli p\u0159ebytku \u017eivin nevyu\u017eit\u00fdch \u2013 tzv \u201enutrient lockout\u201c. FlashClean\u00ae v\u0161ak \u0159e\u0161\u00ed v\u0161echny tyto probl\u00e9my i mnoh\u00e9 dal\u0161\u00ed :<\/p>\n<ul>\n<li>rozpou\u0161t\u00ed nahromad\u011bn\u00e9 miner\u00e1ln\u00ed soli<\/li>\n<li>optimalizuje rovnov\u00e1hu \u017eivin<\/li>\n<li>\u0159e\u0161\u00ed \u201elockout\u201c \u017eivin<\/li>\n<li>vy\u017eivuje mikroorganismy a obnovuje p\u016fdu a kokosov\u00e9 vl\u00e1kno<\/li>\n<li>maximalizuje n\u00e1r\u016fst ve fin\u00e1ln\u00edm st\u00e1diu (zejm\u00e9na v kombinaci s FinalPart\u00aeem)<\/li>\n<\/ul>\n<p>FlashClean\u00ae byl vyvinut specificky k rozpou\u0161t\u011bn\u00ed miner\u00e1ln\u00edch sol\u00ed : uvol\u0148uje vazby \u017eivin mezi miner\u00e1ly a substr\u00e1tem a umo\u017e\u0148uje p\u011bstiteli vypl\u00e1chnout zbyl\u00e9 usazeniny. Tento v\u00fdplach tak\u00e9 rostlin\u00e1m umo\u017en\u00ed vyu\u017e\u00edt v pln\u00e9 m\u00ed\u0159e zbyl\u00e1 hnojiva, a to zejm\u00e9na v kritick\u00e9m t\u00fddnu t\u011bsn\u011b p\u0159ed sklizn\u00ed.<\/p>\n<p>Narozd\u00edlodjin\u00fdch\u010distic\u00edchroztok\u016faprost\u0159edk\u016fnatrhu pro fin\u00e1ln\u00ed f\u00e1zi r\u016fstu nen\u00ed FlashClean\u00ae kysel\u00fd, nefunguje na enzymov\u00e9 b\u00e1zi a nehromad\u00ed v syst\u00e9mu ho\u0159\u010d\u00edk ani jin\u00e9 miner\u00e1ln\u00ed dopl\u0148ky \u2013 a pr\u00e1v\u011b proto je nev\u00eddan\u011b flexibiln\u00ed. Pomoc\u00ed FlashClean\u00ae m\u016f\u017eete kdykoliv prov\u00e9st d\u016fkladn\u00e9 pro\u010di\u0161t\u011bn\u00ed rostlin i syst\u00e9mu v libovoln\u00e9 f\u00e1zi p\u011bstebn\u00edho procesu.<\/p>\n<p>Je jedno, jak p\u011bstujete \u2013 indoor \u010di outdoor, v bezp\u016fdn\u00edm substr\u00e1tu nebo hydroponicky, v kv\u011btin\u00e1\u010d\u00edch nebo z\u00e1honc\u00edch na zahrad\u011b. Pou\u017eit\u00ed FlashClean\u00ae je snadn\u00e9. Sta\u010d\u00ed sm\u00edchat s vodou s upraven\u00fdm pH a aplikovat.<\/p>\n<div><\/div>\n","protected":false},"author":3,"template":"","meta":{"_acf_changed":false},"m_thode_de_culture":[31,32],"substrat":[299,300,301],"product_category":[228],"class_list":["post-1939","product","type-product","status-publish","has-post-thumbnail","hentry","m_thode_de_culture-mineral-en","m_thode_de_culture-organic-en","substrat-coco","substrat-hydro","substrat-soil","product_category-roztok-pro-udrzbu-a-proplachovani-substratu"],"acf":[],"yoast_head":"<!-- This site is optimized with the Yoast SEO plugin v27.3 - https:\/\/yoast.com\/product\/yoast-seo-wordpress\/ -->\n<title>FLASHCLEAN\u00ae - Terra Aquatica<\/title>\n<meta name=\"robots\" content=\"index, follow, max-snippet:-1, max-image-preview:large, max-video-preview:-1\" \/>\n<link rel=\"canonical\" href=\"https:\/\/www.terraaquatica.com\/cs\/roztok-pro-udrzbu-a-proplachovani-substratu\/flashclean\/\" \/>\n<meta property=\"og:locale\" content=\"cs_CZ\" \/>\n<meta property=\"og:type\" content=\"article\" \/>\n<meta property=\"og:title\" content=\"FLASHCLEAN\u00ae - Terra Aquatica\" \/>\n<meta property=\"og:description\" content=\"FlashClean\u00ae pat\u0159\u00ed mezi ty nejmocn\u011bj\u0161\u00ed pomocn\u00edky p\u011bstitel\u016f \u2013 dok\u00e1\u017ee omladit pokojov\u00e9 rostliny, stejn\u011b&nbsp; jako maximalizovat \u00farodu a potenci\u00e1l v komer\u010dn\u00edm [&hellip;]\" \/>\n<meta property=\"og:url\" content=\"https:\/\/www.terraaquatica.com\/cs\/roztok-pro-udrzbu-a-proplachovani-substratu\/flashclean\" \/>\n<meta property=\"og:site_name\" content=\"Terra Aquatica\" \/>\n<meta property=\"article:modified_time\" content=\"2023-08-01T14:49:34+00:00\" \/>\n<meta property=\"og:image\" content=\"https:\/\/www.terraaquatica.com\/wp-content\/uploads\/2020\/03\/flashclean-1l-florakleen-720.jpg\" \/>\n\t<meta property=\"og:image:width\" content=\"720\" \/>\n\t<meta property=\"og:image:height\" content=\"720\" \/>\n\t<meta property=\"og:image:type\" content=\"image\/jpeg\" \/>\n<meta name=\"twitter:card\" content=\"summary_large_image\" \/>\n<meta name=\"twitter:label1\" content=\"Odhadovan\u00e1 doba \u010dten\u00ed\" \/>\n\t<meta name=\"twitter:data1\" content=\"2 minuty\" \/>\n<script type=\"application\/ld+json\" class=\"yoast-schema-graph\">{\"@context\":\"https:\\\/\\\/schema.org\",\"@graph\":[{\"@type\":\"WebPage\",\"@id\":\"https:\\\/\\\/www.terraaquatica.com\\\/cs\\\/roztok-pro-udrzbu-a-proplachovani-substratu\\\/flashclean\",\"url\":\"https:\\\/\\\/www.terraaquatica.com\\\/cs\\\/roztok-pro-udrzbu-a-proplachovani-substratu\\\/flashclean\",\"name\":\"FLASHCLEAN\u00ae - Terra Aquatica\",\"isPartOf\":{\"@id\":\"https:\\\/\\\/www.terraaquatica.com\\\/#website\"},\"primaryImageOfPage\":{\"@id\":\"https:\\\/\\\/www.terraaquatica.com\\\/cs\\\/roztok-pro-udrzbu-a-proplachovani-substratu\\\/flashclean#primaryimage\"},\"image\":{\"@id\":\"https:\\\/\\\/www.terraaquatica.com\\\/cs\\\/roztok-pro-udrzbu-a-proplachovani-substratu\\\/flashclean#primaryimage\"},\"thumbnailUrl\":\"https:\\\/\\\/www.terraaquatica.com\\\/wp-content\\\/uploads\\\/2020\\\/03\\\/flashclean-1l-florakleen-720.jpg\",\"datePublished\":\"2018-10-19T12:36:46+00:00\",\"dateModified\":\"2023-08-01T14:49:34+00:00\",\"breadcrumb\":{\"@id\":\"https:\\\/\\\/www.terraaquatica.com\\\/cs\\\/roztok-pro-udrzbu-a-proplachovani-substratu\\\/flashclean#breadcrumb\"},\"inLanguage\":\"cs\",\"potentialAction\":[{\"@type\":\"ReadAction\",\"target\":[\"https:\\\/\\\/www.terraaquatica.com\\\/cs\\\/roztok-pro-udrzbu-a-proplachovani-substratu\\\/flashclean\"]}]},{\"@type\":\"ImageObject\",\"inLanguage\":\"cs\",\"@id\":\"https:\\\/\\\/www.terraaquatica.com\\\/cs\\\/roztok-pro-udrzbu-a-proplachovani-substratu\\\/flashclean#primaryimage\",\"url\":\"https:\\\/\\\/www.terraaquatica.com\\\/wp-content\\\/uploads\\\/2020\\\/03\\\/flashclean-1l-florakleen-720.jpg\",\"contentUrl\":\"https:\\\/\\\/www.terraaquatica.com\\\/wp-content\\\/uploads\\\/2020\\\/03\\\/flashclean-1l-florakleen-720.jpg\",\"width\":720,\"height\":720,\"caption\":\"FlashClean 1L\"},{\"@type\":\"BreadcrumbList\",\"@id\":\"https:\\\/\\\/www.terraaquatica.com\\\/cs\\\/roztok-pro-udrzbu-a-proplachovani-substratu\\\/flashclean#breadcrumb\",\"itemListElement\":[{\"@type\":\"ListItem\",\"position\":1,\"name\":\"Accueil\",\"item\":\"https:\\\/\\\/www.terraaquatica.com\\\/cs\\\/\"},{\"@type\":\"ListItem\",\"position\":2,\"name\":\"Products\",\"item\":\"https:\\\/\\\/www.terraaquatica.com\\\/cs\\\/product\\\/\"},{\"@type\":\"ListItem\",\"position\":3,\"name\":\"FLASHCLEAN\u00ae\"}]},{\"@type\":\"WebSite\",\"@id\":\"https:\\\/\\\/www.terraaquatica.com\\\/#website\",\"url\":\"https:\\\/\\\/www.terraaquatica.com\\\/\",\"name\":\"Terra Aquatica\",\"description\":\"Engrais et syst\u00e8mes de culture depuis 1995\",\"publisher\":{\"@id\":\"https:\\\/\\\/www.terraaquatica.com\\\/#organization\"},\"potentialAction\":[{\"@type\":\"SearchAction\",\"target\":{\"@type\":\"EntryPoint\",\"urlTemplate\":\"https:\\\/\\\/www.terraaquatica.com\\\/?s={search_term_string}\"},\"query-input\":{\"@type\":\"PropertyValueSpecification\",\"valueRequired\":true,\"valueName\":\"search_term_string\"}}],\"inLanguage\":\"cs\"},{\"@type\":\"Organization\",\"@id\":\"https:\\\/\\\/www.terraaquatica.com\\\/#organization\",\"name\":\"Terra Aquatica\",\"url\":\"https:\\\/\\\/www.terraaquatica.com\\\/\",\"logo\":{\"@type\":\"ImageObject\",\"inLanguage\":\"cs\",\"@id\":\"https:\\\/\\\/www.terraaquatica.com\\\/#\\\/schema\\\/logo\\\/image\\\/\",\"url\":\"https:\\\/\\\/www.terraaquatica.com\\\/wp-content\\\/uploads\\\/2022\\\/03\\\/favicon-transpa-big.png\",\"contentUrl\":\"https:\\\/\\\/www.terraaquatica.com\\\/wp-content\\\/uploads\\\/2022\\\/03\\\/favicon-transpa-big.png\",\"width\":512,\"height\":512,\"caption\":\"Terra Aquatica\"},\"image\":{\"@id\":\"https:\\\/\\\/www.terraaquatica.com\\\/#\\\/schema\\\/logo\\\/image\\\/\"}}]}<\/script>\n<!-- \/ Yoast SEO plugin. -->","yoast_head_json":{"title":"FLASHCLEAN\u00ae - Terra Aquatica","robots":{"index":"index","follow":"follow","max-snippet":"max-snippet:-1","max-image-preview":"max-image-preview:large","max-video-preview":"max-video-preview:-1"},"canonical":"https:\/\/www.terraaquatica.com\/cs\/roztok-pro-udrzbu-a-proplachovani-substratu\/flashclean\/","og_locale":"cs_CZ","og_type":"article","og_title":"FLASHCLEAN\u00ae - Terra Aquatica","og_description":"FlashClean\u00ae pat\u0159\u00ed mezi ty nejmocn\u011bj\u0161\u00ed pomocn\u00edky p\u011bstitel\u016f \u2013 dok\u00e1\u017ee omladit pokojov\u00e9 rostliny, stejn\u011b&nbsp; jako maximalizovat \u00farodu a potenci\u00e1l v komer\u010dn\u00edm [&hellip;]","og_url":"https:\/\/www.terraaquatica.com\/cs\/roztok-pro-udrzbu-a-proplachovani-substratu\/flashclean","og_site_name":"Terra Aquatica","article_modified_time":"2023-08-01T14:49:34+00:00","og_image":[{"width":720,"height":720,"url":"https:\/\/www.terraaquatica.com\/wp-content\/uploads\/2020\/03\/flashclean-1l-florakleen-720.jpg","type":"image\/jpeg"}],"twitter_card":"summary_large_image","twitter_misc":{"Odhadovan\u00e1 doba \u010dten\u00ed":"2 minuty"},"schema":{"@context":"https:\/\/schema.org","@graph":[{"@type":"WebPage","@id":"https:\/\/www.terraaquatica.com\/cs\/roztok-pro-udrzbu-a-proplachovani-substratu\/flashclean","url":"https:\/\/www.terraaquatica.com\/cs\/roztok-pro-udrzbu-a-proplachovani-substratu\/flashclean","name":"FLASHCLEAN\u00ae - Terra Aquatica","isPartOf":{"@id":"https:\/\/www.terraaquatica.com\/#website"},"primaryImageOfPage":{"@id":"https:\/\/www.terraaquatica.com\/cs\/roztok-pro-udrzbu-a-proplachovani-substratu\/flashclean#primaryimage"},"image":{"@id":"https:\/\/www.terraaquatica.com\/cs\/roztok-pro-udrzbu-a-proplachovani-substratu\/flashclean#primaryimage"},"thumbnailUrl":"https:\/\/www.terraaquatica.com\/wp-content\/uploads\/2020\/03\/flashclean-1l-florakleen-720.jpg","datePublished":"2018-10-19T12:36:46+00:00","dateModified":"2023-08-01T14:49:34+00:00","breadcrumb":{"@id":"https:\/\/www.terraaquatica.com\/cs\/roztok-pro-udrzbu-a-proplachovani-substratu\/flashclean#breadcrumb"},"inLanguage":"cs","potentialAction":[{"@type":"ReadAction","target":["https:\/\/www.terraaquatica.com\/cs\/roztok-pro-udrzbu-a-proplachovani-substratu\/flashclean"]}]},{"@type":"ImageObject","inLanguage":"cs","@id":"https:\/\/www.terraaquatica.com\/cs\/roztok-pro-udrzbu-a-proplachovani-substratu\/flashclean#primaryimage","url":"https:\/\/www.terraaquatica.com\/wp-content\/uploads\/2020\/03\/flashclean-1l-florakleen-720.jpg","contentUrl":"https:\/\/www.terraaquatica.com\/wp-content\/uploads\/2020\/03\/flashclean-1l-florakleen-720.jpg","width":720,"height":720,"caption":"FlashClean 1L"},{"@type":"BreadcrumbList","@id":"https:\/\/www.terraaquatica.com\/cs\/roztok-pro-udrzbu-a-proplachovani-substratu\/flashclean#breadcrumb","itemListElement":[{"@type":"ListItem","position":1,"name":"Accueil","item":"https:\/\/www.terraaquatica.com\/cs\/"},{"@type":"ListItem","position":2,"name":"Products","item":"https:\/\/www.terraaquatica.com\/cs\/product\/"},{"@type":"ListItem","position":3,"name":"FLASHCLEAN\u00ae"}]},{"@type":"WebSite","@id":"https:\/\/www.terraaquatica.com\/#website","url":"https:\/\/www.terraaquatica.com\/","name":"Terra Aquatica","description":"Engrais et syst\u00e8mes de culture depuis 1995","publisher":{"@id":"https:\/\/www.terraaquatica.com\/#organization"},"potentialAction":[{"@type":"SearchAction","target":{"@type":"EntryPoint","urlTemplate":"https:\/\/www.terraaquatica.com\/?s={search_term_string}"},"query-input":{"@type":"PropertyValueSpecification","valueRequired":true,"valueName":"search_term_string"}}],"inLanguage":"cs"},{"@type":"Organization","@id":"https:\/\/www.terraaquatica.com\/#organization","name":"Terra Aquatica","url":"https:\/\/www.terraaquatica.com\/","logo":{"@type":"ImageObject","inLanguage":"cs","@id":"https:\/\/www.terraaquatica.com\/#\/schema\/logo\/image\/","url":"https:\/\/www.terraaquatica.com\/wp-content\/uploads\/2022\/03\/favicon-transpa-big.png","contentUrl":"https:\/\/www.terraaquatica.com\/wp-content\/uploads\/2022\/03\/favicon-transpa-big.png","width":512,"height":512,"caption":"Terra Aquatica"},"image":{"@id":"https:\/\/www.terraaquatica.com\/#\/schema\/logo\/image\/"}}]}},"_links":{"self":[{"href":"https:\/\/www.terraaquatica.com\/cs\/wp-json\/wp\/v2\/product\/1939","targetHints":{"allow":["GET"]}}],"collection":[{"href":"https:\/\/www.terraaquatica.com\/cs\/wp-json\/wp\/v2\/product"}],"about":[{"href":"https:\/\/www.terraaquatica.com\/cs\/wp-json\/wp\/v2\/types\/product"}],"author":[{"embeddable":true,"href":"https:\/\/www.terraaquatica.com\/cs\/wp-json\/wp\/v2\/users\/3"}],"wp:featuredmedia":[{"embeddable":true,"href":"https:\/\/www.terraaquatica.com\/cs\/wp-json\/wp\/v2\/media\/1729"}],"wp:attachment":[{"href":"https:\/\/www.terraaquatica.com\/cs\/wp-json\/wp\/v2\/media?parent=1939"}],"wp:term":[{"taxonomy":"m_thode_de_culture","embeddable":true,"href":"https:\/\/www.terraaquatica.com\/cs\/wp-json\/wp\/v2\/m_thode_de_culture?post=1939"},{"taxonomy":"substrat","embeddable":true,"href":"https:\/\/www.terraaquatica.com\/cs\/wp-json\/wp\/v2\/substrat?post=1939"},{"taxonomy":"product_category","embeddable":true,"href":"https:\/\/www.terraaquatica.com\/cs\/wp-json\/wp\/v2\/product_category?post=1939"}],"curies":[{"name":"wp","href":"https:\/\/api.w.org\/{rel}","templated":true}]}}