{"id":1942,"date":"2018-10-19T15:07:12","date_gmt":"2018-10-19T13:07:12","guid":{"rendered":"https:\/\/www.terraaquatica.com\/produits\/fulvic-6\/"},"modified":"2024-09-10T11:32:54","modified_gmt":"2024-09-10T09:32:54","slug":"fulvic-6","status":"publish","type":"product","link":"https:\/\/www.terraaquatica.com\/cs\/univerzalni-organicke-biostimulatory\/fulvic-6","title":{"rendered":"Fulvic"},"content":{"rendered":"<p><em>Nejlep\u0161\u00ed vzpruha, jakou m\u016f\u017eete krom\u011b hnojiv rostlin\u00e1m poskytnout, je kvalitn\u00ed kyselina fulvov\u00e1. A Fulvic je ta nejlep\u0161\u00ed na sv\u011bt\u011b.<\/em><\/p>\n<p>Rozpustn\u00e9 hum\u00e1ty obsahuj\u00ed p\u0159ehr\u0161el p\u0159\u00edrodn\u00edch l\u00e1tek podporuj\u00edc\u00edch r\u016fst rostlin a k tomu l\u00e1tky posiluj\u00edc\u00ed \u00fa\u010dinnost \u017eivin. Velk\u00fd pod\u00edl na tom maj\u00ed fulvov\u00e9 kyseliny, kter\u00e9 rostlin\u00e1m usnad\u0148uj\u00ed vst\u0159eb\u00e1v\u00e1n\u00ed miner\u00e1l\u016f, co\u017e zvy\u0161uje \u00fa\u010dinnost dod\u00e1van\u00fdch \u017eivin.<\/p>\n<p>Analyzovali a otestovali jsme mnoho r\u016fzn\u00fdch zdroj\u016f leonarditu z cel\u00e9ho sv\u011bta, abychom zajistili, \u017ee na\u0161e vlastn\u00ed kyselina fulvov\u00e1 s vyrovnan\u00fdm pH bude m\u00edt pro rostliny co nejv\u011bt\u0161\u00ed p\u0159\u00ednosy :<\/p>\n<ul>\n<li>kvalitn\u011bj\u0161\u00ed v\u00fdvoj ko\u0159en\u016f<\/li>\n<li>\u010dasn\u011bj\u0161\u00ed sklizn\u011b<\/li>\n<li>zdrav\u011bj\u0161\u00ed rostliny odoln\u00e9 v\u016f\u010di chorob\u00e1m<\/li>\n<li>kvalitn\u011bj\u0161\u00ed chu\u0165 a aroma<\/li>\n<li>zv\u00fd\u0161en\u00e1 produkce esenci\u00e1ln\u00edch olej\u016f<\/li>\n<li>v\u00fdrazn\u011b vy\u0161\u0161\u00ed v\u00fdnosy<\/li>\n<\/ul>\n<p>A\u0165 u\u017e se produkt chlub\u00ed jakoukoliv koncentrac\u00ed, hlavn\u00edm faktorem, na kter\u00e9m opravdu z\u00e1le\u017e\u00ed, je kvalita a slo\u017een\u00ed kyseliny fulvov\u00e9 \u2013 a pr\u00e1v\u011b proto Fulvic p\u0159ekon\u00e1v\u00e1 ve\u0161kerou konkurenci.<\/p>\n","protected":false},"author":3,"template":"","meta":{"_acf_changed":true},"m_thode_de_culture":[31,32],"substrat":[302,299,300,301,303],"product_category":[236],"class_list":["post-1942","product","type-product","status-publish","has-post-thumbnail","hentry","m_thode_de_culture-mineral-en","m_thode_de_culture-organic-en","substrat-bioponics","substrat-coco","substrat-hydro","substrat-soil","substrat-spray","product_category-univerzalni-organicke-biostimulatory"],"acf":[],"yoast_head":"<!-- This site is optimized with the Yoast SEO plugin v27.3 - https:\/\/yoast.com\/product\/yoast-seo-wordpress\/ -->\n<title>Fulvic - Terra Aquatica<\/title>\n<meta name=\"robots\" content=\"index, follow, max-snippet:-1, max-image-preview:large, max-video-preview:-1\" \/>\n<link rel=\"canonical\" href=\"https:\/\/www.terraaquatica.com\/cs\/univerzalni-organicke-biostimulatory\/fulvic-6\/\" \/>\n<meta property=\"og:locale\" content=\"cs_CZ\" \/>\n<meta property=\"og:type\" content=\"article\" \/>\n<meta property=\"og:title\" content=\"Fulvic - Terra Aquatica\" \/>\n<meta property=\"og:description\" content=\"Nejlep\u0161\u00ed vzpruha, jakou m\u016f\u017eete krom\u011b hnojiv rostlin\u00e1m poskytnout, je kvalitn\u00ed kyselina fulvov\u00e1. A Fulvic je ta nejlep\u0161\u00ed na sv\u011bt\u011b. Rozpustn\u00e9 [&hellip;]\" \/>\n<meta property=\"og:url\" content=\"https:\/\/www.terraaquatica.com\/cs\/univerzalni-organicke-biostimulatory\/fulvic-6\" \/>\n<meta property=\"og:site_name\" content=\"Terra Aquatica\" \/>\n<meta property=\"article:modified_time\" content=\"2024-09-10T09:32:54+00:00\" \/>\n<meta property=\"og:image\" content=\"https:\/\/www.terraaquatica.com\/wp-content\/uploads\/2019\/03\/fulvic-1l.jpg\" \/>\n\t<meta property=\"og:image:width\" content=\"720\" \/>\n\t<meta property=\"og:image:height\" content=\"720\" \/>\n\t<meta property=\"og:image:type\" content=\"image\/jpeg\" \/>\n<meta name=\"twitter:card\" content=\"summary_large_image\" \/>\n<meta name=\"twitter:label1\" content=\"Odhadovan\u00e1 doba \u010dten\u00ed\" \/>\n\t<meta name=\"twitter:data1\" content=\"1 minuta\" \/>\n<script type=\"application\/ld+json\" class=\"yoast-schema-graph\">{\"@context\":\"https:\\\/\\\/schema.org\",\"@graph\":[{\"@type\":\"WebPage\",\"@id\":\"https:\\\/\\\/www.terraaquatica.com\\\/cs\\\/univerzalni-organicke-biostimulatory\\\/fulvic-6\",\"url\":\"https:\\\/\\\/www.terraaquatica.com\\\/cs\\\/univerzalni-organicke-biostimulatory\\\/fulvic-6\",\"name\":\"Fulvic - Terra Aquatica\",\"isPartOf\":{\"@id\":\"https:\\\/\\\/www.terraaquatica.com\\\/#website\"},\"primaryImageOfPage\":{\"@id\":\"https:\\\/\\\/www.terraaquatica.com\\\/cs\\\/univerzalni-organicke-biostimulatory\\\/fulvic-6#primaryimage\"},\"image\":{\"@id\":\"https:\\\/\\\/www.terraaquatica.com\\\/cs\\\/univerzalni-organicke-biostimulatory\\\/fulvic-6#primaryimage\"},\"thumbnailUrl\":\"https:\\\/\\\/www.terraaquatica.com\\\/wp-content\\\/uploads\\\/2019\\\/03\\\/fulvic-1l.jpg\",\"datePublished\":\"2018-10-19T13:07:12+00:00\",\"dateModified\":\"2024-09-10T09:32:54+00:00\",\"breadcrumb\":{\"@id\":\"https:\\\/\\\/www.terraaquatica.com\\\/cs\\\/univerzalni-organicke-biostimulatory\\\/fulvic-6#breadcrumb\"},\"inLanguage\":\"cs\",\"potentialAction\":[{\"@type\":\"ReadAction\",\"target\":[\"https:\\\/\\\/www.terraaquatica.com\\\/cs\\\/univerzalni-organicke-biostimulatory\\\/fulvic-6\"]}]},{\"@type\":\"ImageObject\",\"inLanguage\":\"cs\",\"@id\":\"https:\\\/\\\/www.terraaquatica.com\\\/cs\\\/univerzalni-organicke-biostimulatory\\\/fulvic-6#primaryimage\",\"url\":\"https:\\\/\\\/www.terraaquatica.com\\\/wp-content\\\/uploads\\\/2019\\\/03\\\/fulvic-1l.jpg\",\"contentUrl\":\"https:\\\/\\\/www.terraaquatica.com\\\/wp-content\\\/uploads\\\/2019\\\/03\\\/fulvic-1l.jpg\",\"width\":720,\"height\":720,\"caption\":\"Fulvic\"},{\"@type\":\"BreadcrumbList\",\"@id\":\"https:\\\/\\\/www.terraaquatica.com\\\/cs\\\/univerzalni-organicke-biostimulatory\\\/fulvic-6#breadcrumb\",\"itemListElement\":[{\"@type\":\"ListItem\",\"position\":1,\"name\":\"Accueil\",\"item\":\"https:\\\/\\\/www.terraaquatica.com\\\/cs\\\/\"},{\"@type\":\"ListItem\",\"position\":2,\"name\":\"Products\",\"item\":\"https:\\\/\\\/www.terraaquatica.com\\\/cs\\\/product\\\/\"},{\"@type\":\"ListItem\",\"position\":3,\"name\":\"Fulvic\"}]},{\"@type\":\"WebSite\",\"@id\":\"https:\\\/\\\/www.terraaquatica.com\\\/#website\",\"url\":\"https:\\\/\\\/www.terraaquatica.com\\\/\",\"name\":\"Terra Aquatica\",\"description\":\"Engrais et syst\u00e8mes de culture depuis 1995\",\"publisher\":{\"@id\":\"https:\\\/\\\/www.terraaquatica.com\\\/#organization\"},\"potentialAction\":[{\"@type\":\"SearchAction\",\"target\":{\"@type\":\"EntryPoint\",\"urlTemplate\":\"https:\\\/\\\/www.terraaquatica.com\\\/?s={search_term_string}\"},\"query-input\":{\"@type\":\"PropertyValueSpecification\",\"valueRequired\":true,\"valueName\":\"search_term_string\"}}],\"inLanguage\":\"cs\"},{\"@type\":\"Organization\",\"@id\":\"https:\\\/\\\/www.terraaquatica.com\\\/#organization\",\"name\":\"Terra Aquatica\",\"url\":\"https:\\\/\\\/www.terraaquatica.com\\\/\",\"logo\":{\"@type\":\"ImageObject\",\"inLanguage\":\"cs\",\"@id\":\"https:\\\/\\\/www.terraaquatica.com\\\/#\\\/schema\\\/logo\\\/image\\\/\",\"url\":\"https:\\\/\\\/www.terraaquatica.com\\\/wp-content\\\/uploads\\\/2022\\\/03\\\/favicon-transpa-big.png\",\"contentUrl\":\"https:\\\/\\\/www.terraaquatica.com\\\/wp-content\\\/uploads\\\/2022\\\/03\\\/favicon-transpa-big.png\",\"width\":512,\"height\":512,\"caption\":\"Terra Aquatica\"},\"image\":{\"@id\":\"https:\\\/\\\/www.terraaquatica.com\\\/#\\\/schema\\\/logo\\\/image\\\/\"}}]}<\/script>\n<!-- \/ Yoast SEO plugin. -->","yoast_head_json":{"title":"Fulvic - Terra Aquatica","robots":{"index":"index","follow":"follow","max-snippet":"max-snippet:-1","max-image-preview":"max-image-preview:large","max-video-preview":"max-video-preview:-1"},"canonical":"https:\/\/www.terraaquatica.com\/cs\/univerzalni-organicke-biostimulatory\/fulvic-6\/","og_locale":"cs_CZ","og_type":"article","og_title":"Fulvic - Terra Aquatica","og_description":"Nejlep\u0161\u00ed vzpruha, jakou m\u016f\u017eete krom\u011b hnojiv rostlin\u00e1m poskytnout, je kvalitn\u00ed kyselina fulvov\u00e1. A Fulvic je ta nejlep\u0161\u00ed na sv\u011bt\u011b. Rozpustn\u00e9 [&hellip;]","og_url":"https:\/\/www.terraaquatica.com\/cs\/univerzalni-organicke-biostimulatory\/fulvic-6","og_site_name":"Terra Aquatica","article_modified_time":"2024-09-10T09:32:54+00:00","og_image":[{"width":720,"height":720,"url":"https:\/\/www.terraaquatica.com\/wp-content\/uploads\/2019\/03\/fulvic-1l.jpg","type":"image\/jpeg"}],"twitter_card":"summary_large_image","twitter_misc":{"Odhadovan\u00e1 doba \u010dten\u00ed":"1 minuta"},"schema":{"@context":"https:\/\/schema.org","@graph":[{"@type":"WebPage","@id":"https:\/\/www.terraaquatica.com\/cs\/univerzalni-organicke-biostimulatory\/fulvic-6","url":"https:\/\/www.terraaquatica.com\/cs\/univerzalni-organicke-biostimulatory\/fulvic-6","name":"Fulvic - Terra Aquatica","isPartOf":{"@id":"https:\/\/www.terraaquatica.com\/#website"},"primaryImageOfPage":{"@id":"https:\/\/www.terraaquatica.com\/cs\/univerzalni-organicke-biostimulatory\/fulvic-6#primaryimage"},"image":{"@id":"https:\/\/www.terraaquatica.com\/cs\/univerzalni-organicke-biostimulatory\/fulvic-6#primaryimage"},"thumbnailUrl":"https:\/\/www.terraaquatica.com\/wp-content\/uploads\/2019\/03\/fulvic-1l.jpg","datePublished":"2018-10-19T13:07:12+00:00","dateModified":"2024-09-10T09:32:54+00:00","breadcrumb":{"@id":"https:\/\/www.terraaquatica.com\/cs\/univerzalni-organicke-biostimulatory\/fulvic-6#breadcrumb"},"inLanguage":"cs","potentialAction":[{"@type":"ReadAction","target":["https:\/\/www.terraaquatica.com\/cs\/univerzalni-organicke-biostimulatory\/fulvic-6"]}]},{"@type":"ImageObject","inLanguage":"cs","@id":"https:\/\/www.terraaquatica.com\/cs\/univerzalni-organicke-biostimulatory\/fulvic-6#primaryimage","url":"https:\/\/www.terraaquatica.com\/wp-content\/uploads\/2019\/03\/fulvic-1l.jpg","contentUrl":"https:\/\/www.terraaquatica.com\/wp-content\/uploads\/2019\/03\/fulvic-1l.jpg","width":720,"height":720,"caption":"Fulvic"},{"@type":"BreadcrumbList","@id":"https:\/\/www.terraaquatica.com\/cs\/univerzalni-organicke-biostimulatory\/fulvic-6#breadcrumb","itemListElement":[{"@type":"ListItem","position":1,"name":"Accueil","item":"https:\/\/www.terraaquatica.com\/cs\/"},{"@type":"ListItem","position":2,"name":"Products","item":"https:\/\/www.terraaquatica.com\/cs\/product\/"},{"@type":"ListItem","position":3,"name":"Fulvic"}]},{"@type":"WebSite","@id":"https:\/\/www.terraaquatica.com\/#website","url":"https:\/\/www.terraaquatica.com\/","name":"Terra Aquatica","description":"Engrais et syst\u00e8mes de culture depuis 1995","publisher":{"@id":"https:\/\/www.terraaquatica.com\/#organization"},"potentialAction":[{"@type":"SearchAction","target":{"@type":"EntryPoint","urlTemplate":"https:\/\/www.terraaquatica.com\/?s={search_term_string}"},"query-input":{"@type":"PropertyValueSpecification","valueRequired":true,"valueName":"search_term_string"}}],"inLanguage":"cs"},{"@type":"Organization","@id":"https:\/\/www.terraaquatica.com\/#organization","name":"Terra Aquatica","url":"https:\/\/www.terraaquatica.com\/","logo":{"@type":"ImageObject","inLanguage":"cs","@id":"https:\/\/www.terraaquatica.com\/#\/schema\/logo\/image\/","url":"https:\/\/www.terraaquatica.com\/wp-content\/uploads\/2022\/03\/favicon-transpa-big.png","contentUrl":"https:\/\/www.terraaquatica.com\/wp-content\/uploads\/2022\/03\/favicon-transpa-big.png","width":512,"height":512,"caption":"Terra Aquatica"},"image":{"@id":"https:\/\/www.terraaquatica.com\/#\/schema\/logo\/image\/"}}]}},"_links":{"self":[{"href":"https:\/\/www.terraaquatica.com\/cs\/wp-json\/wp\/v2\/product\/1942","targetHints":{"allow":["GET"]}}],"collection":[{"href":"https:\/\/www.terraaquatica.com\/cs\/wp-json\/wp\/v2\/product"}],"about":[{"href":"https:\/\/www.terraaquatica.com\/cs\/wp-json\/wp\/v2\/types\/product"}],"author":[{"embeddable":true,"href":"https:\/\/www.terraaquatica.com\/cs\/wp-json\/wp\/v2\/users\/3"}],"wp:featuredmedia":[{"embeddable":true,"href":"https:\/\/www.terraaquatica.com\/cs\/wp-json\/wp\/v2\/media\/1720"}],"wp:attachment":[{"href":"https:\/\/www.terraaquatica.com\/cs\/wp-json\/wp\/v2\/media?parent=1942"}],"wp:term":[{"taxonomy":"m_thode_de_culture","embeddable":true,"href":"https:\/\/www.terraaquatica.com\/cs\/wp-json\/wp\/v2\/m_thode_de_culture?post=1942"},{"taxonomy":"substrat","embeddable":true,"href":"https:\/\/www.terraaquatica.com\/cs\/wp-json\/wp\/v2\/substrat?post=1942"},{"taxonomy":"product_category","embeddable":true,"href":"https:\/\/www.terraaquatica.com\/cs\/wp-json\/wp\/v2\/product_category?post=1942"}],"curies":[{"name":"wp","href":"https:\/\/api.w.org\/{rel}","templated":true}]}}