{"id":1945,"date":"2018-10-19T15:17:23","date_gmt":"2018-10-19T13:17:23","guid":{"rendered":"https:\/\/www.terraaquatica.com\/produits\/trikologic-6\/"},"modified":"2023-09-19T15:44:07","modified_gmt":"2023-09-19T13:44:07","slug":"trikologic-6","status":"publish","type":"product","link":"https:\/\/www.terraaquatica.com\/cs\/prospesne-mikroorganismy\/trikologic-6","title":{"rendered":"TrikoLogic\u00ae"},"content":{"rendered":"<p><em>Jde o nepostradatelnou sou\u010d\u00e1st organick\u00e9ho p\u011bstov\u00e1n\u00ed a sou\u010dasn\u011b o tajnou zbra\u0148 v\u0161ech komer\u010dn\u00edch p\u011bstitel\u016f<\/em><\/p>\n<p>TrikoLogic\u00ae je na\u0161e zna\u010dka prosp\u011b\u0161n\u00e9 pl\u00edsn\u011b Trichoderma harzianum\u2013v\u016fbecprvn\u00edhoprosp\u011b\u0161n\u00e9homikrobi\u00e1ln\u00edho inokulantu, jen\u017e se st\u00e1v\u00e1 standardem v komer\u010dn\u00edm sklen\u00edkov\u00e9m&nbsp;&nbsp; odv\u011btv\u00ed.<\/p>\n<p>Trichoderma \u017eije v p\u016fd\u011b, kokosov\u00e9m vl\u00e1kn\u011b \u010di podobn\u00fdch substr\u00e1tech, kde rozkl\u00e1d\u00e1 organickou hmotu a uvol\u0148uje z n\u00ed miner\u00e1ly. Tento proces rozkladu a uvol\u0148ov\u00e1n\u00ed \u017eivin je naprosto z\u00e1sadn\u00ed sou\u010d\u00e1st\u00ed organick\u00e9ho, organicko-hydroponick\u00e9ho a <a href=\"https:\/\/www.terraaquatica.com\/cs\/co-je-bioponie\/\">bioponick\u00e9ho<\/a> p\u011bstov\u00e1n\u00ed. Spolu s t\u00edm, jak roste a vytv\u00e1\u0159\u00ed kolonie, uvol\u0148uje trichoderma i \u0159adu slo\u017eek, kter\u00e9 stimuluj\u00ed r\u016fst rostlin, stejn\u011b jako l\u00e1tek, je\u017e inhibuj\u00ed nebo ni\u010d\u00ed patogeny v p\u016fd\u011b. Ty by p\u0159itom jinak \u0161kodily rostlin\u00e1m, jak ostatn\u011b dokazuj\u00ed studie.<\/p>\n<p>Pr\u00e1v\u011b d\u00edky t\u011bmto p\u0159\u00ednos\u016fm, zejm\u00e9na pro mlad\u00e9 rostliny, se trichoderma stala standardem v oboru.<\/p>\n<p>Na\u0161e p\u0159\u00edpravky s obsahem trichodermy se stejn\u011b jako v\u0161echny ostatn\u00ed produkty spole\u010dnosti Terra Aquatica mohou chlubit vynikaj\u00edc\u00ed kvalitou \u2013 v\u0161echny typy a kult\u016fry nejsou stejn\u00e9 a n\u011bkter\u00e9 nejsou tak \u017eivotaschopn\u00e9 jako jin\u00e9. My m\u016f\u017eeme s hrdost\u00ed prohl\u00e1sit, \u017ee na\u0161e produkty s obsahem prosp\u011b\u0161n\u00fdch mikroorganism\u016f, bakteri\u00ed a pl\u00edsn\u00ed pat\u0159\u00ed k t\u011bm nejkvalitn\u011bj\u0161\u00edm na trhu.<\/p>\n","protected":false},"author":3,"template":"","meta":{"_acf_changed":false},"m_thode_de_culture":[31,32],"substrat":[302,299,300,301],"product_category":[227],"class_list":["post-1945","product","type-product","status-publish","has-post-thumbnail","hentry","m_thode_de_culture-mineral-en","m_thode_de_culture-organic-en","substrat-bioponics","substrat-coco","substrat-hydro","substrat-soil","product_category-prospesne-mikroorganismy"],"acf":[],"yoast_head":"<!-- This site is optimized with the Yoast SEO plugin v27.3 - https:\/\/yoast.com\/product\/yoast-seo-wordpress\/ -->\n<title>TrikoLogic\u00ae - Terra Aquatica<\/title>\n<meta name=\"robots\" content=\"index, follow, max-snippet:-1, max-image-preview:large, max-video-preview:-1\" \/>\n<link rel=\"canonical\" href=\"https:\/\/www.terraaquatica.com\/cs\/prospesne-mikroorganismy\/trikologic-6\/\" \/>\n<meta property=\"og:locale\" content=\"cs_CZ\" \/>\n<meta property=\"og:type\" content=\"article\" \/>\n<meta property=\"og:title\" content=\"TrikoLogic\u00ae - Terra Aquatica\" \/>\n<meta property=\"og:description\" content=\"Jde o nepostradatelnou sou\u010d\u00e1st organick\u00e9ho p\u011bstov\u00e1n\u00ed a sou\u010dasn\u011b o tajnou zbra\u0148 v\u0161ech komer\u010dn\u00edch p\u011bstitel\u016f TrikoLogic\u00ae je na\u0161e zna\u010dka prosp\u011b\u0161n\u00e9 pl\u00edsn\u011b [&hellip;]\" \/>\n<meta property=\"og:url\" content=\"https:\/\/www.terraaquatica.com\/cs\/prospesne-mikroorganismy\/trikologic-6\" \/>\n<meta property=\"og:site_name\" content=\"Terra Aquatica\" \/>\n<meta property=\"article:modified_time\" content=\"2023-09-19T13:44:07+00:00\" \/>\n<meta property=\"og:image\" content=\"https:\/\/www.terraaquatica.com\/wp-content\/uploads\/2019\/04\/trikologic-250g_0.jpg\" \/>\n\t<meta property=\"og:image:width\" content=\"720\" \/>\n\t<meta property=\"og:image:height\" content=\"720\" \/>\n\t<meta property=\"og:image:type\" content=\"image\/jpeg\" \/>\n<meta name=\"twitter:card\" content=\"summary_large_image\" \/>\n<meta name=\"twitter:label1\" content=\"Odhadovan\u00e1 doba \u010dten\u00ed\" \/>\n\t<meta name=\"twitter:data1\" content=\"1 minuta\" \/>\n<script type=\"application\/ld+json\" class=\"yoast-schema-graph\">{\"@context\":\"https:\\\/\\\/schema.org\",\"@graph\":[{\"@type\":\"WebPage\",\"@id\":\"https:\\\/\\\/www.terraaquatica.com\\\/cs\\\/prospesne-mikroorganismy\\\/trikologic-6\",\"url\":\"https:\\\/\\\/www.terraaquatica.com\\\/cs\\\/prospesne-mikroorganismy\\\/trikologic-6\",\"name\":\"TrikoLogic\u00ae - Terra Aquatica\",\"isPartOf\":{\"@id\":\"https:\\\/\\\/www.terraaquatica.com\\\/#website\"},\"primaryImageOfPage\":{\"@id\":\"https:\\\/\\\/www.terraaquatica.com\\\/cs\\\/prospesne-mikroorganismy\\\/trikologic-6#primaryimage\"},\"image\":{\"@id\":\"https:\\\/\\\/www.terraaquatica.com\\\/cs\\\/prospesne-mikroorganismy\\\/trikologic-6#primaryimage\"},\"thumbnailUrl\":\"https:\\\/\\\/www.terraaquatica.com\\\/wp-content\\\/uploads\\\/2019\\\/04\\\/trikologic-250g_0.jpg\",\"datePublished\":\"2018-10-19T13:17:23+00:00\",\"dateModified\":\"2023-09-19T13:44:07+00:00\",\"breadcrumb\":{\"@id\":\"https:\\\/\\\/www.terraaquatica.com\\\/cs\\\/prospesne-mikroorganismy\\\/trikologic-6#breadcrumb\"},\"inLanguage\":\"cs\",\"potentialAction\":[{\"@type\":\"ReadAction\",\"target\":[\"https:\\\/\\\/www.terraaquatica.com\\\/cs\\\/prospesne-mikroorganismy\\\/trikologic-6\"]}]},{\"@type\":\"ImageObject\",\"inLanguage\":\"cs\",\"@id\":\"https:\\\/\\\/www.terraaquatica.com\\\/cs\\\/prospesne-mikroorganismy\\\/trikologic-6#primaryimage\",\"url\":\"https:\\\/\\\/www.terraaquatica.com\\\/wp-content\\\/uploads\\\/2019\\\/04\\\/trikologic-250g_0.jpg\",\"contentUrl\":\"https:\\\/\\\/www.terraaquatica.com\\\/wp-content\\\/uploads\\\/2019\\\/04\\\/trikologic-250g_0.jpg\",\"width\":720,\"height\":720,\"caption\":\"Trikologic 250 Gr\"},{\"@type\":\"BreadcrumbList\",\"@id\":\"https:\\\/\\\/www.terraaquatica.com\\\/cs\\\/prospesne-mikroorganismy\\\/trikologic-6#breadcrumb\",\"itemListElement\":[{\"@type\":\"ListItem\",\"position\":1,\"name\":\"Accueil\",\"item\":\"https:\\\/\\\/www.terraaquatica.com\\\/cs\\\/\"},{\"@type\":\"ListItem\",\"position\":2,\"name\":\"Products\",\"item\":\"https:\\\/\\\/www.terraaquatica.com\\\/cs\\\/product\\\/\"},{\"@type\":\"ListItem\",\"position\":3,\"name\":\"TrikoLogic\u00ae\"}]},{\"@type\":\"WebSite\",\"@id\":\"https:\\\/\\\/www.terraaquatica.com\\\/#website\",\"url\":\"https:\\\/\\\/www.terraaquatica.com\\\/\",\"name\":\"Terra Aquatica\",\"description\":\"Engrais et syst\u00e8mes de culture depuis 1995\",\"publisher\":{\"@id\":\"https:\\\/\\\/www.terraaquatica.com\\\/#organization\"},\"potentialAction\":[{\"@type\":\"SearchAction\",\"target\":{\"@type\":\"EntryPoint\",\"urlTemplate\":\"https:\\\/\\\/www.terraaquatica.com\\\/?s={search_term_string}\"},\"query-input\":{\"@type\":\"PropertyValueSpecification\",\"valueRequired\":true,\"valueName\":\"search_term_string\"}}],\"inLanguage\":\"cs\"},{\"@type\":\"Organization\",\"@id\":\"https:\\\/\\\/www.terraaquatica.com\\\/#organization\",\"name\":\"Terra Aquatica\",\"url\":\"https:\\\/\\\/www.terraaquatica.com\\\/\",\"logo\":{\"@type\":\"ImageObject\",\"inLanguage\":\"cs\",\"@id\":\"https:\\\/\\\/www.terraaquatica.com\\\/#\\\/schema\\\/logo\\\/image\\\/\",\"url\":\"https:\\\/\\\/www.terraaquatica.com\\\/wp-content\\\/uploads\\\/2022\\\/03\\\/favicon-transpa-big.png\",\"contentUrl\":\"https:\\\/\\\/www.terraaquatica.com\\\/wp-content\\\/uploads\\\/2022\\\/03\\\/favicon-transpa-big.png\",\"width\":512,\"height\":512,\"caption\":\"Terra Aquatica\"},\"image\":{\"@id\":\"https:\\\/\\\/www.terraaquatica.com\\\/#\\\/schema\\\/logo\\\/image\\\/\"}}]}<\/script>\n<!-- \/ Yoast SEO plugin. -->","yoast_head_json":{"title":"TrikoLogic\u00ae - Terra Aquatica","robots":{"index":"index","follow":"follow","max-snippet":"max-snippet:-1","max-image-preview":"max-image-preview:large","max-video-preview":"max-video-preview:-1"},"canonical":"https:\/\/www.terraaquatica.com\/cs\/prospesne-mikroorganismy\/trikologic-6\/","og_locale":"cs_CZ","og_type":"article","og_title":"TrikoLogic\u00ae - Terra Aquatica","og_description":"Jde o nepostradatelnou sou\u010d\u00e1st organick\u00e9ho p\u011bstov\u00e1n\u00ed a sou\u010dasn\u011b o tajnou zbra\u0148 v\u0161ech komer\u010dn\u00edch p\u011bstitel\u016f TrikoLogic\u00ae je na\u0161e zna\u010dka prosp\u011b\u0161n\u00e9 pl\u00edsn\u011b [&hellip;]","og_url":"https:\/\/www.terraaquatica.com\/cs\/prospesne-mikroorganismy\/trikologic-6","og_site_name":"Terra Aquatica","article_modified_time":"2023-09-19T13:44:07+00:00","og_image":[{"width":720,"height":720,"url":"https:\/\/www.terraaquatica.com\/wp-content\/uploads\/2019\/04\/trikologic-250g_0.jpg","type":"image\/jpeg"}],"twitter_card":"summary_large_image","twitter_misc":{"Odhadovan\u00e1 doba \u010dten\u00ed":"1 minuta"},"schema":{"@context":"https:\/\/schema.org","@graph":[{"@type":"WebPage","@id":"https:\/\/www.terraaquatica.com\/cs\/prospesne-mikroorganismy\/trikologic-6","url":"https:\/\/www.terraaquatica.com\/cs\/prospesne-mikroorganismy\/trikologic-6","name":"TrikoLogic\u00ae - Terra Aquatica","isPartOf":{"@id":"https:\/\/www.terraaquatica.com\/#website"},"primaryImageOfPage":{"@id":"https:\/\/www.terraaquatica.com\/cs\/prospesne-mikroorganismy\/trikologic-6#primaryimage"},"image":{"@id":"https:\/\/www.terraaquatica.com\/cs\/prospesne-mikroorganismy\/trikologic-6#primaryimage"},"thumbnailUrl":"https:\/\/www.terraaquatica.com\/wp-content\/uploads\/2019\/04\/trikologic-250g_0.jpg","datePublished":"2018-10-19T13:17:23+00:00","dateModified":"2023-09-19T13:44:07+00:00","breadcrumb":{"@id":"https:\/\/www.terraaquatica.com\/cs\/prospesne-mikroorganismy\/trikologic-6#breadcrumb"},"inLanguage":"cs","potentialAction":[{"@type":"ReadAction","target":["https:\/\/www.terraaquatica.com\/cs\/prospesne-mikroorganismy\/trikologic-6"]}]},{"@type":"ImageObject","inLanguage":"cs","@id":"https:\/\/www.terraaquatica.com\/cs\/prospesne-mikroorganismy\/trikologic-6#primaryimage","url":"https:\/\/www.terraaquatica.com\/wp-content\/uploads\/2019\/04\/trikologic-250g_0.jpg","contentUrl":"https:\/\/www.terraaquatica.com\/wp-content\/uploads\/2019\/04\/trikologic-250g_0.jpg","width":720,"height":720,"caption":"Trikologic 250 Gr"},{"@type":"BreadcrumbList","@id":"https:\/\/www.terraaquatica.com\/cs\/prospesne-mikroorganismy\/trikologic-6#breadcrumb","itemListElement":[{"@type":"ListItem","position":1,"name":"Accueil","item":"https:\/\/www.terraaquatica.com\/cs\/"},{"@type":"ListItem","position":2,"name":"Products","item":"https:\/\/www.terraaquatica.com\/cs\/product\/"},{"@type":"ListItem","position":3,"name":"TrikoLogic\u00ae"}]},{"@type":"WebSite","@id":"https:\/\/www.terraaquatica.com\/#website","url":"https:\/\/www.terraaquatica.com\/","name":"Terra Aquatica","description":"Engrais et syst\u00e8mes de culture depuis 1995","publisher":{"@id":"https:\/\/www.terraaquatica.com\/#organization"},"potentialAction":[{"@type":"SearchAction","target":{"@type":"EntryPoint","urlTemplate":"https:\/\/www.terraaquatica.com\/?s={search_term_string}"},"query-input":{"@type":"PropertyValueSpecification","valueRequired":true,"valueName":"search_term_string"}}],"inLanguage":"cs"},{"@type":"Organization","@id":"https:\/\/www.terraaquatica.com\/#organization","name":"Terra Aquatica","url":"https:\/\/www.terraaquatica.com\/","logo":{"@type":"ImageObject","inLanguage":"cs","@id":"https:\/\/www.terraaquatica.com\/#\/schema\/logo\/image\/","url":"https:\/\/www.terraaquatica.com\/wp-content\/uploads\/2022\/03\/favicon-transpa-big.png","contentUrl":"https:\/\/www.terraaquatica.com\/wp-content\/uploads\/2022\/03\/favicon-transpa-big.png","width":512,"height":512,"caption":"Terra Aquatica"},"image":{"@id":"https:\/\/www.terraaquatica.com\/#\/schema\/logo\/image\/"}}]}},"_links":{"self":[{"href":"https:\/\/www.terraaquatica.com\/cs\/wp-json\/wp\/v2\/product\/1945","targetHints":{"allow":["GET"]}}],"collection":[{"href":"https:\/\/www.terraaquatica.com\/cs\/wp-json\/wp\/v2\/product"}],"about":[{"href":"https:\/\/www.terraaquatica.com\/cs\/wp-json\/wp\/v2\/types\/product"}],"author":[{"embeddable":true,"href":"https:\/\/www.terraaquatica.com\/cs\/wp-json\/wp\/v2\/users\/3"}],"wp:featuredmedia":[{"embeddable":true,"href":"https:\/\/www.terraaquatica.com\/cs\/wp-json\/wp\/v2\/media\/1671"}],"wp:attachment":[{"href":"https:\/\/www.terraaquatica.com\/cs\/wp-json\/wp\/v2\/media?parent=1945"}],"wp:term":[{"taxonomy":"m_thode_de_culture","embeddable":true,"href":"https:\/\/www.terraaquatica.com\/cs\/wp-json\/wp\/v2\/m_thode_de_culture?post=1945"},{"taxonomy":"substrat","embeddable":true,"href":"https:\/\/www.terraaquatica.com\/cs\/wp-json\/wp\/v2\/substrat?post=1945"},{"taxonomy":"product_category","embeddable":true,"href":"https:\/\/www.terraaquatica.com\/cs\/wp-json\/wp\/v2\/product_category?post=1945"}],"curies":[{"name":"wp","href":"https:\/\/api.w.org\/{rel}","templated":true}]}}