{"id":1951,"date":"2018-10-19T16:20:23","date_gmt":"2018-10-19T14:20:23","guid":{"rendered":"https:\/\/www.terraaquatica.com\/produits\/regul_ph-html-6\/"},"modified":"2023-08-03T15:42:58","modified_gmt":"2023-08-03T13:42:58","slug":"regul_ph-html-6","status":"publish","type":"product","link":"https:\/\/www.terraaquatica.com\/cs\/rizeni-ph\/regul_ph-html-6","title":{"rendered":"\u00daprava pH"},"content":{"rendered":"<p><a href=\"http:\/\/www.terraaquatica.com\/\" target=\"_blank\" rel=\"noopener\"><img decoding=\"async\" class=\" alignleft size-full wp-image-1616\" style=\"opacity: 0.9; float: left; width: 250px; height: 250px;\" src=\"https:\/\/www.terraaquatica.com\/wp-content\/uploads\/2017\/06\/colerette.png\" alt=\"\"><\/a><strong><em>Vysok\u00e9 hodnoty pom\u00e1haj\u00ed absorpci kation\u016f, n\u00edzk\u00e9 hodnoty zase absorpci aniont\u016f; jak\u00e1koliv fixn\u00ed hodnota pH je kompromisem. Obvykle se doporu\u010duje rozsah 5,5\u20136,5. My rad\u00edme dr\u017eet se sp\u00ed\u0161e ni\u017e\u0161\u00edch hodnot: od 5,5 do 6,2.<\/em><\/strong><\/p>\n<h2><strong>Terra Aquatica pH-<\/strong><\/h2>\n<p><strong>\u0160pi\u010dkov\u00fd prost\u0159edek na sn\u00ed\u017een\u00ed pH pro hydroponii, kokos i p\u016fdu.<\/strong><\/p>\n<p><em>Nejde jen o oby\u010dejnou kyselinu, pH- od Terra Aquatica skute\u010dn\u011b p\u0159isp\u00edv\u00e1 ke stabilit\u011b \u017eivn\u00e9ho roztoku.<\/em><\/p>\n<p>P\u0159i tvorb\u011b produktu pH- jsme pe\u010dliv\u011b sm\u00edchali t\u0159i kyseliny, kter\u00e9 se jinak na poli hydroponie b\u011b\u017en\u011b u\u017e\u00edvaj\u00ed samostatn\u011b. Z\u00edsk\u00e1te tak v\u00fdhody ka\u017ed\u00e9 z nich, a nav\u00edc bez ne\u017e\u00e1douc\u00edch \u00fa\u010dink\u016f.<\/p>\n<p>pH- se skl\u00e1d\u00e1 z kyselin dusi\u010dn\u00e9 a fosfore\u010dn\u00e9, kter\u00e9 nejprve zm\u011bn\u00ed pH vody. Sm\u011bs obou kyselin p\u0159itom nijak nenaru\u0161uje pom\u011br N\/K v pr\u016fb\u011bhu r\u016fstu a kveten\u00ed. Tak\u00e9 nezanech\u00e1v\u00e1 na povrchu n\u00e1dr\u017ee usazeninu, kter\u00e1 se objevuje v oblastech s tvrdou vodou p\u0159i pou\u017e\u00edv\u00e1n\u00ed kyseliny fosfore\u010dn\u00e9 samotn\u00e9. N\u00e1sledn\u011b p\u0159eb\u00edr\u00e1 pomyslnou \u0161tafetu organick\u00e1 kyselina citronov\u00e1, je\u017e vyrovn\u00e1v\u00e1 zm\u011bny pH v pr\u016fb\u011bhu \u010dasu. P\u0159isp\u00edv\u00e1 tak k vy\u0161\u0161\u00ed stabilit\u011b \u017eivn\u00e9ho roztoku a pom\u00e1h\u00e1 zvl\u00e1dat p\u0159ebytky v\u00e1pn\u00edku v oblastech s tvrdou vodou.<\/p>\n<h2><strong>Terra Aquatica pH+<\/strong><\/h2>\n<p><strong>\u0160pi\u010dkov\u00fd prost\u0159edek pro zv\u00fd\u0161en\u00ed pH a zdroj k\u0159em\u00edku pro hydroponii, kokos i p\u016fdu.<\/strong><\/p>\n<p><em>Reguluje pH a zvy\u0161uje hladinu k\u0159em\u00edku sou\u010dasn\u011b<\/em><\/p>\n<p>Snaha zvy\u0161ovat hladinu pH m\u016f\u017ee p\u011bstitel\u016fm v oblastech s tvrdou vodou p\u0159ipadat naprosto zbyte\u010dn\u00e9, v p\u0159\u00edpad\u011b velmi m\u011bkk\u00e9 vody nebo p\u0159i pou\u017e\u00edv\u00e1n\u00ed reverzn\u00ed osm\u00f3zy jde ale o velk\u00fd probl\u00e9m. Produkt pH + jej \u0159e\u0161\u00ed a sou\u010dasn\u011b poskytuje kvalitn\u00ed zdroj dostupn\u00e9ho silik\u00e1tu, jeho\u017e je &nbsp;p\u0159i &nbsp;hydroponii &nbsp;\u010dasto &nbsp;nedostatek &nbsp;kv\u016fli &nbsp;jeho &nbsp;\u0161patn\u00e9 &nbsp;rozpustnosti. Spr\u00e1vn\u00e1 hladina silik\u00e1tu se v\u00fdznamn\u011b pod\u00edl\u00ed na zdrav\u00ed rostliny, a pr\u00e1v\u011b proto se jej sna\u017e\u00edme m\u00edt v na\u0161ich produktech, kdykoliv je to jen mo\u017en\u00e9.<\/p>\n<h2><strong>pH- Powder<\/strong><\/h2>\n<p><strong>Jedine\u010dn\u00fd pr\u00e1\u0161kov\u00fd prost\u0159edek na sn\u00ed\u017een\u00ed pH pro hydroponii, kokos i p\u016fdu<\/strong><\/p>\n<p><em>Jedin\u00fd such\u00fd pr\u00e1\u0161kov\u00fd prost\u0159edek na \u00fapravu pH na trhu<\/em><\/p>\n<p>V oboru jde o naprost\u00fd unik\u00e1t: pH- je v such\u00e9m stavu inertn\u00ed, sm\u00edch\u00e1n\u00edm s vodou se z n\u011bj ale st\u00e1v\u00e1 siln\u00e1 kyselina.<\/p>\n<p>Regulace pH je pro v\u0161echny p\u011bstitele z\u00e1sadn\u00ed \u2013 rostlin\u00e1m zp\u0159\u00edstup\u0148uje miner\u00e1ln\u00ed soli a stabilizuje &nbsp;chel\u00e1ty.&nbsp; Nechat si ale poslat tekutou kyselinu od prodejce po\u0161tou m\u016f\u017ee b\u00fdt riskantn\u00ed, a nav\u00edc zde mohou platit &nbsp;r\u016fzn\u00e1 omezen\u00ed ze strany po\u0161ty. pH- Powder od Terra Aquatica tento probl\u00e9m \u0159e\u0161\u00ed a jeho p\u0159eprava je tak mnohem snadn\u011bj\u0161\u00ed.<\/p>\n<p>Krom\u011b \u00fapravy pH lze pH- Powder pou\u017e\u00edt (p\u0159i vysok\u00e9 koncentraci) k \u010di\u0161t\u011bn\u00ed a dezinfekci trubek a syst\u00e9m\u016f, p\u0159i n\u00edzk\u00e9 koncentraci zase jako sprej na listy pro o\u010di\u0161t\u011bn\u00ed od zbytk\u016f pesticid\u016f a tak\u00e9 jako vzpruhu ve form\u011b \u017eivin, proto\u017ee rostlin\u00e1m dod\u00e1v\u00e1:<\/p>\n<ul>\n<li>Dusi\u010dnany ve form\u011b, je\u017e stimuluje r\u016fst, ani\u017e by ohro\u017eovala kveten\u00ed.<\/li>\n<li>Fosf\u00e1ty pro siln\u00e9 kveten\u00ed, zdrav\u00ed ko\u0159en\u016f, bohat\u00e9 olist\u011bn\u00ed a harmonick\u00fd r\u016fst.<\/li>\n<\/ul>\n<div><\/div>\n","protected":false},"author":3,"template":"","meta":{"_acf_changed":false},"m_thode_de_culture":[31,32],"substrat":[299,300,301],"product_category":[237],"class_list":["post-1951","product","type-product","status-publish","has-post-thumbnail","hentry","m_thode_de_culture-mineral-en","m_thode_de_culture-organic-en","substrat-coco","substrat-hydro","substrat-soil","product_category-rizeni-ph"],"acf":[],"yoast_head":"<!-- This site is optimized with the Yoast SEO plugin v27.3 - https:\/\/yoast.com\/product\/yoast-seo-wordpress\/ -->\n<title>\u00daprava pH - Terra Aquatica<\/title>\n<meta name=\"robots\" content=\"index, follow, max-snippet:-1, max-image-preview:large, max-video-preview:-1\" \/>\n<link rel=\"canonical\" href=\"https:\/\/www.terraaquatica.com\/cs\/rizeni-ph\/regul_ph-html-6\/\" \/>\n<meta property=\"og:locale\" content=\"cs_CZ\" \/>\n<meta property=\"og:type\" content=\"article\" \/>\n<meta property=\"og:title\" content=\"\u00daprava pH - Terra Aquatica\" \/>\n<meta property=\"og:description\" content=\"Vysok\u00e9 hodnoty pom\u00e1haj\u00ed absorpci kation\u016f, n\u00edzk\u00e9 hodnoty zase absorpci aniont\u016f; jak\u00e1koliv fixn\u00ed hodnota pH je kompromisem. Obvykle se doporu\u010duje rozsah [&hellip;]\" \/>\n<meta property=\"og:url\" content=\"https:\/\/www.terraaquatica.com\/cs\/rizeni-ph\/regul_ph-html-6\" \/>\n<meta property=\"og:site_name\" content=\"Terra Aquatica\" \/>\n<meta property=\"article:modified_time\" content=\"2023-08-03T13:42:58+00:00\" \/>\n<meta property=\"og:image\" content=\"https:\/\/www.terraaquatica.com\/wp-content\/uploads\/2020\/02\/ph-duo.jpg\" \/>\n\t<meta property=\"og:image:width\" content=\"720\" \/>\n\t<meta property=\"og:image:height\" content=\"720\" \/>\n\t<meta property=\"og:image:type\" content=\"image\/jpeg\" \/>\n<meta name=\"twitter:card\" content=\"summary_large_image\" \/>\n<meta name=\"twitter:label1\" content=\"Odhadovan\u00e1 doba \u010dten\u00ed\" \/>\n\t<meta name=\"twitter:data1\" content=\"3 minuty\" \/>\n<script type=\"application\/ld+json\" class=\"yoast-schema-graph\">{\"@context\":\"https:\\\/\\\/schema.org\",\"@graph\":[{\"@type\":\"WebPage\",\"@id\":\"https:\\\/\\\/www.terraaquatica.com\\\/cs\\\/rizeni-ph\\\/regul_ph-html-6\",\"url\":\"https:\\\/\\\/www.terraaquatica.com\\\/cs\\\/rizeni-ph\\\/regul_ph-html-6\",\"name\":\"\u00daprava pH - Terra Aquatica\",\"isPartOf\":{\"@id\":\"https:\\\/\\\/www.terraaquatica.com\\\/#website\"},\"primaryImageOfPage\":{\"@id\":\"https:\\\/\\\/www.terraaquatica.com\\\/cs\\\/rizeni-ph\\\/regul_ph-html-6#primaryimage\"},\"image\":{\"@id\":\"https:\\\/\\\/www.terraaquatica.com\\\/cs\\\/rizeni-ph\\\/regul_ph-html-6#primaryimage\"},\"thumbnailUrl\":\"https:\\\/\\\/www.terraaquatica.com\\\/wp-content\\\/uploads\\\/2020\\\/02\\\/ph-duo.jpg\",\"datePublished\":\"2018-10-19T14:20:23+00:00\",\"dateModified\":\"2023-08-03T13:42:58+00:00\",\"breadcrumb\":{\"@id\":\"https:\\\/\\\/www.terraaquatica.com\\\/cs\\\/rizeni-ph\\\/regul_ph-html-6#breadcrumb\"},\"inLanguage\":\"cs\",\"potentialAction\":[{\"@type\":\"ReadAction\",\"target\":[\"https:\\\/\\\/www.terraaquatica.com\\\/cs\\\/rizeni-ph\\\/regul_ph-html-6\"]}]},{\"@type\":\"ImageObject\",\"inLanguage\":\"cs\",\"@id\":\"https:\\\/\\\/www.terraaquatica.com\\\/cs\\\/rizeni-ph\\\/regul_ph-html-6#primaryimage\",\"url\":\"https:\\\/\\\/www.terraaquatica.com\\\/wp-content\\\/uploads\\\/2020\\\/02\\\/ph-duo.jpg\",\"contentUrl\":\"https:\\\/\\\/www.terraaquatica.com\\\/wp-content\\\/uploads\\\/2020\\\/02\\\/ph-duo.jpg\",\"width\":720,\"height\":720,\"caption\":\"pH - - pH + 1L\"},{\"@type\":\"BreadcrumbList\",\"@id\":\"https:\\\/\\\/www.terraaquatica.com\\\/cs\\\/rizeni-ph\\\/regul_ph-html-6#breadcrumb\",\"itemListElement\":[{\"@type\":\"ListItem\",\"position\":1,\"name\":\"Accueil\",\"item\":\"https:\\\/\\\/www.terraaquatica.com\\\/cs\\\/\"},{\"@type\":\"ListItem\",\"position\":2,\"name\":\"Products\",\"item\":\"https:\\\/\\\/www.terraaquatica.com\\\/cs\\\/product\\\/\"},{\"@type\":\"ListItem\",\"position\":3,\"name\":\"\u00daprava pH\"}]},{\"@type\":\"WebSite\",\"@id\":\"https:\\\/\\\/www.terraaquatica.com\\\/#website\",\"url\":\"https:\\\/\\\/www.terraaquatica.com\\\/\",\"name\":\"Terra Aquatica\",\"description\":\"Engrais et syst\u00e8mes de culture depuis 1995\",\"publisher\":{\"@id\":\"https:\\\/\\\/www.terraaquatica.com\\\/#organization\"},\"potentialAction\":[{\"@type\":\"SearchAction\",\"target\":{\"@type\":\"EntryPoint\",\"urlTemplate\":\"https:\\\/\\\/www.terraaquatica.com\\\/?s={search_term_string}\"},\"query-input\":{\"@type\":\"PropertyValueSpecification\",\"valueRequired\":true,\"valueName\":\"search_term_string\"}}],\"inLanguage\":\"cs\"},{\"@type\":\"Organization\",\"@id\":\"https:\\\/\\\/www.terraaquatica.com\\\/#organization\",\"name\":\"Terra Aquatica\",\"url\":\"https:\\\/\\\/www.terraaquatica.com\\\/\",\"logo\":{\"@type\":\"ImageObject\",\"inLanguage\":\"cs\",\"@id\":\"https:\\\/\\\/www.terraaquatica.com\\\/#\\\/schema\\\/logo\\\/image\\\/\",\"url\":\"https:\\\/\\\/www.terraaquatica.com\\\/wp-content\\\/uploads\\\/2022\\\/03\\\/favicon-transpa-big.png\",\"contentUrl\":\"https:\\\/\\\/www.terraaquatica.com\\\/wp-content\\\/uploads\\\/2022\\\/03\\\/favicon-transpa-big.png\",\"width\":512,\"height\":512,\"caption\":\"Terra Aquatica\"},\"image\":{\"@id\":\"https:\\\/\\\/www.terraaquatica.com\\\/#\\\/schema\\\/logo\\\/image\\\/\"}}]}<\/script>\n<!-- \/ Yoast SEO plugin. -->","yoast_head_json":{"title":"\u00daprava pH - Terra Aquatica","robots":{"index":"index","follow":"follow","max-snippet":"max-snippet:-1","max-image-preview":"max-image-preview:large","max-video-preview":"max-video-preview:-1"},"canonical":"https:\/\/www.terraaquatica.com\/cs\/rizeni-ph\/regul_ph-html-6\/","og_locale":"cs_CZ","og_type":"article","og_title":"\u00daprava pH - Terra Aquatica","og_description":"Vysok\u00e9 hodnoty pom\u00e1haj\u00ed absorpci kation\u016f, n\u00edzk\u00e9 hodnoty zase absorpci aniont\u016f; jak\u00e1koliv fixn\u00ed hodnota pH je kompromisem. Obvykle se doporu\u010duje rozsah [&hellip;]","og_url":"https:\/\/www.terraaquatica.com\/cs\/rizeni-ph\/regul_ph-html-6","og_site_name":"Terra Aquatica","article_modified_time":"2023-08-03T13:42:58+00:00","og_image":[{"width":720,"height":720,"url":"https:\/\/www.terraaquatica.com\/wp-content\/uploads\/2020\/02\/ph-duo.jpg","type":"image\/jpeg"}],"twitter_card":"summary_large_image","twitter_misc":{"Odhadovan\u00e1 doba \u010dten\u00ed":"3 minuty"},"schema":{"@context":"https:\/\/schema.org","@graph":[{"@type":"WebPage","@id":"https:\/\/www.terraaquatica.com\/cs\/rizeni-ph\/regul_ph-html-6","url":"https:\/\/www.terraaquatica.com\/cs\/rizeni-ph\/regul_ph-html-6","name":"\u00daprava pH - Terra Aquatica","isPartOf":{"@id":"https:\/\/www.terraaquatica.com\/#website"},"primaryImageOfPage":{"@id":"https:\/\/www.terraaquatica.com\/cs\/rizeni-ph\/regul_ph-html-6#primaryimage"},"image":{"@id":"https:\/\/www.terraaquatica.com\/cs\/rizeni-ph\/regul_ph-html-6#primaryimage"},"thumbnailUrl":"https:\/\/www.terraaquatica.com\/wp-content\/uploads\/2020\/02\/ph-duo.jpg","datePublished":"2018-10-19T14:20:23+00:00","dateModified":"2023-08-03T13:42:58+00:00","breadcrumb":{"@id":"https:\/\/www.terraaquatica.com\/cs\/rizeni-ph\/regul_ph-html-6#breadcrumb"},"inLanguage":"cs","potentialAction":[{"@type":"ReadAction","target":["https:\/\/www.terraaquatica.com\/cs\/rizeni-ph\/regul_ph-html-6"]}]},{"@type":"ImageObject","inLanguage":"cs","@id":"https:\/\/www.terraaquatica.com\/cs\/rizeni-ph\/regul_ph-html-6#primaryimage","url":"https:\/\/www.terraaquatica.com\/wp-content\/uploads\/2020\/02\/ph-duo.jpg","contentUrl":"https:\/\/www.terraaquatica.com\/wp-content\/uploads\/2020\/02\/ph-duo.jpg","width":720,"height":720,"caption":"pH - - pH + 1L"},{"@type":"BreadcrumbList","@id":"https:\/\/www.terraaquatica.com\/cs\/rizeni-ph\/regul_ph-html-6#breadcrumb","itemListElement":[{"@type":"ListItem","position":1,"name":"Accueil","item":"https:\/\/www.terraaquatica.com\/cs\/"},{"@type":"ListItem","position":2,"name":"Products","item":"https:\/\/www.terraaquatica.com\/cs\/product\/"},{"@type":"ListItem","position":3,"name":"\u00daprava pH"}]},{"@type":"WebSite","@id":"https:\/\/www.terraaquatica.com\/#website","url":"https:\/\/www.terraaquatica.com\/","name":"Terra Aquatica","description":"Engrais et syst\u00e8mes de culture depuis 1995","publisher":{"@id":"https:\/\/www.terraaquatica.com\/#organization"},"potentialAction":[{"@type":"SearchAction","target":{"@type":"EntryPoint","urlTemplate":"https:\/\/www.terraaquatica.com\/?s={search_term_string}"},"query-input":{"@type":"PropertyValueSpecification","valueRequired":true,"valueName":"search_term_string"}}],"inLanguage":"cs"},{"@type":"Organization","@id":"https:\/\/www.terraaquatica.com\/#organization","name":"Terra Aquatica","url":"https:\/\/www.terraaquatica.com\/","logo":{"@type":"ImageObject","inLanguage":"cs","@id":"https:\/\/www.terraaquatica.com\/#\/schema\/logo\/image\/","url":"https:\/\/www.terraaquatica.com\/wp-content\/uploads\/2022\/03\/favicon-transpa-big.png","contentUrl":"https:\/\/www.terraaquatica.com\/wp-content\/uploads\/2022\/03\/favicon-transpa-big.png","width":512,"height":512,"caption":"Terra Aquatica"},"image":{"@id":"https:\/\/www.terraaquatica.com\/#\/schema\/logo\/image\/"}}]}},"_links":{"self":[{"href":"https:\/\/www.terraaquatica.com\/cs\/wp-json\/wp\/v2\/product\/1951","targetHints":{"allow":["GET"]}}],"collection":[{"href":"https:\/\/www.terraaquatica.com\/cs\/wp-json\/wp\/v2\/product"}],"about":[{"href":"https:\/\/www.terraaquatica.com\/cs\/wp-json\/wp\/v2\/types\/product"}],"author":[{"embeddable":true,"href":"https:\/\/www.terraaquatica.com\/cs\/wp-json\/wp\/v2\/users\/3"}],"wp:featuredmedia":[{"embeddable":true,"href":"https:\/\/www.terraaquatica.com\/cs\/wp-json\/wp\/v2\/media\/1733"}],"wp:attachment":[{"href":"https:\/\/www.terraaquatica.com\/cs\/wp-json\/wp\/v2\/media?parent=1951"}],"wp:term":[{"taxonomy":"m_thode_de_culture","embeddable":true,"href":"https:\/\/www.terraaquatica.com\/cs\/wp-json\/wp\/v2\/m_thode_de_culture?post=1951"},{"taxonomy":"substrat","embeddable":true,"href":"https:\/\/www.terraaquatica.com\/cs\/wp-json\/wp\/v2\/substrat?post=1951"},{"taxonomy":"product_category","embeddable":true,"href":"https:\/\/www.terraaquatica.com\/cs\/wp-json\/wp\/v2\/product_category?post=1951"}],"curies":[{"name":"wp","href":"https:\/\/api.w.org\/{rel}","templated":true}]}}