{"id":1954,"date":"2018-10-19T16:34:00","date_gmt":"2018-10-19T14:34:00","guid":{"rendered":"https:\/\/www.terraaquatica.com\/produits\/ph_test_kit-html-6\/"},"modified":"2024-04-30T10:50:55","modified_gmt":"2024-04-30T08:50:55","slug":"ph_test_kit-html-6","status":"publish","type":"product","link":"https:\/\/www.terraaquatica.com\/cs\/rizeni-ph\/ph_test_kit-html-6","title":{"rendered":"Liquid pH Test kit"},"content":{"rendered":"<p><em>Pro jednoduch\u00e9, spolehliv\u00e9 a p\u0159esn\u00e9 testov\u00e1n\u00ed pH bez bateri\u00ed<\/em><\/p>\n<p>N\u00e1\u0161 kapaln\u00fd tester pH je dokonal\u00fdm prost\u0159edkem pro snadn\u00e9 testov\u00e1n\u00ed pH a m\u016f\u017ee slou\u017eit jako z\u00e1loha k digit\u00e1ln\u00edmu pH metru. Pokr\u00fdv\u00e1 \u0161irokou \u0161k\u00e1lu od 4,0 do 8,5. T\u0159icet mililitr\u016f vysta\u010d\u00ed a\u017e na 500 test\u016f.<\/p>\n\n\n<p class=\"has-normal-font-size\"><strong>Pou\u017eit\u00ed videa<\/strong><\/p>\n\n\n\n<figure class=\"wp-block-embed is-type-video is-provider-youtube wp-block-embed-youtube wp-embed-aspect-16-9 wp-has-aspect-ratio\"><div class=\"wp-block-embed__wrapper\">\n<iframe title=\"Tester facilement le pH de l&#039;eau pour la sant\u00e9 des plantes\" width=\"500\" height=\"281\" src=\"https:\/\/www.youtube.com\/embed\/TRWt1r3n060?feature=oembed\" frameborder=\"0\" allow=\"accelerometer; autoplay; clipboard-write; encrypted-media; gyroscope; picture-in-picture; web-share\" referrerpolicy=\"strict-origin-when-cross-origin\" allowfullscreen><\/iframe>\n<\/div><\/figure>\n","protected":false},"author":3,"template":"","meta":{"_acf_changed":false},"m_thode_de_culture":[31,32],"substrat":[],"product_category":[237],"class_list":["post-1954","product","type-product","status-publish","has-post-thumbnail","hentry","m_thode_de_culture-mineral-en","m_thode_de_culture-organic-en","product_category-rizeni-ph"],"acf":[],"yoast_head":"<!-- This site is optimized with the Yoast SEO plugin v27.3 - https:\/\/yoast.com\/product\/yoast-seo-wordpress\/ -->\n<title>Liquid pH Test kit - Terra Aquatica<\/title>\n<meta name=\"robots\" content=\"index, follow, max-snippet:-1, max-image-preview:large, max-video-preview:-1\" \/>\n<link rel=\"canonical\" href=\"https:\/\/www.terraaquatica.com\/cs\/rizeni-ph\/ph_test_kit-html-6\/\" \/>\n<meta property=\"og:locale\" content=\"cs_CZ\" \/>\n<meta property=\"og:type\" content=\"article\" \/>\n<meta property=\"og:title\" content=\"Liquid pH Test kit - Terra Aquatica\" \/>\n<meta property=\"og:description\" content=\"Pro jednoduch\u00e9, spolehliv\u00e9 a p\u0159esn\u00e9 testov\u00e1n\u00ed pH bez bateri\u00ed N\u00e1\u0161 kapaln\u00fd tester pH je dokonal\u00fdm prost\u0159edkem pro snadn\u00e9 testov\u00e1n\u00ed pH [&hellip;]\" \/>\n<meta property=\"og:url\" content=\"https:\/\/www.terraaquatica.com\/cs\/rizeni-ph\/ph_test_kit-html-6\" \/>\n<meta property=\"og:site_name\" content=\"Terra Aquatica\" \/>\n<meta property=\"article:modified_time\" content=\"2024-04-30T08:50:55+00:00\" \/>\n<meta property=\"og:image\" content=\"https:\/\/www.terraaquatica.com\/wp-content\/uploads\/2018\/03\/ph-test-kit2018_0.png\" \/>\n\t<meta property=\"og:image:width\" content=\"720\" \/>\n\t<meta property=\"og:image:height\" content=\"720\" \/>\n\t<meta property=\"og:image:type\" content=\"image\/png\" \/>\n<meta name=\"twitter:card\" content=\"summary_large_image\" \/>\n<meta name=\"twitter:label1\" content=\"Odhadovan\u00e1 doba \u010dten\u00ed\" \/>\n\t<meta name=\"twitter:data1\" content=\"1 minuta\" \/>\n<script type=\"application\/ld+json\" class=\"yoast-schema-graph\">{\"@context\":\"https:\\\/\\\/schema.org\",\"@graph\":[{\"@type\":\"WebPage\",\"@id\":\"https:\\\/\\\/www.terraaquatica.com\\\/cs\\\/rizeni-ph\\\/ph_test_kit-html-6\",\"url\":\"https:\\\/\\\/www.terraaquatica.com\\\/cs\\\/rizeni-ph\\\/ph_test_kit-html-6\",\"name\":\"Liquid pH Test kit - Terra Aquatica\",\"isPartOf\":{\"@id\":\"https:\\\/\\\/www.terraaquatica.com\\\/#website\"},\"primaryImageOfPage\":{\"@id\":\"https:\\\/\\\/www.terraaquatica.com\\\/cs\\\/rizeni-ph\\\/ph_test_kit-html-6#primaryimage\"},\"image\":{\"@id\":\"https:\\\/\\\/www.terraaquatica.com\\\/cs\\\/rizeni-ph\\\/ph_test_kit-html-6#primaryimage\"},\"thumbnailUrl\":\"https:\\\/\\\/www.terraaquatica.com\\\/wp-content\\\/uploads\\\/2018\\\/03\\\/ph-test-kit2018_0.png\",\"datePublished\":\"2018-10-19T14:34:00+00:00\",\"dateModified\":\"2024-04-30T08:50:55+00:00\",\"breadcrumb\":{\"@id\":\"https:\\\/\\\/www.terraaquatica.com\\\/cs\\\/rizeni-ph\\\/ph_test_kit-html-6#breadcrumb\"},\"inLanguage\":\"cs\",\"potentialAction\":[{\"@type\":\"ReadAction\",\"target\":[\"https:\\\/\\\/www.terraaquatica.com\\\/cs\\\/rizeni-ph\\\/ph_test_kit-html-6\"]}]},{\"@type\":\"ImageObject\",\"inLanguage\":\"cs\",\"@id\":\"https:\\\/\\\/www.terraaquatica.com\\\/cs\\\/rizeni-ph\\\/ph_test_kit-html-6#primaryimage\",\"url\":\"https:\\\/\\\/www.terraaquatica.com\\\/wp-content\\\/uploads\\\/2018\\\/03\\\/ph-test-kit2018_0.png\",\"contentUrl\":\"https:\\\/\\\/www.terraaquatica.com\\\/wp-content\\\/uploads\\\/2018\\\/03\\\/ph-test-kit2018_0.png\",\"width\":720,\"height\":720,\"caption\":\"pH Test Kit\"},{\"@type\":\"BreadcrumbList\",\"@id\":\"https:\\\/\\\/www.terraaquatica.com\\\/cs\\\/rizeni-ph\\\/ph_test_kit-html-6#breadcrumb\",\"itemListElement\":[{\"@type\":\"ListItem\",\"position\":1,\"name\":\"Accueil\",\"item\":\"https:\\\/\\\/www.terraaquatica.com\\\/cs\\\/\"},{\"@type\":\"ListItem\",\"position\":2,\"name\":\"Products\",\"item\":\"https:\\\/\\\/www.terraaquatica.com\\\/cs\\\/product\\\/\"},{\"@type\":\"ListItem\",\"position\":3,\"name\":\"Liquid pH Test kit\"}]},{\"@type\":\"WebSite\",\"@id\":\"https:\\\/\\\/www.terraaquatica.com\\\/#website\",\"url\":\"https:\\\/\\\/www.terraaquatica.com\\\/\",\"name\":\"Terra Aquatica\",\"description\":\"Engrais et syst\u00e8mes de culture depuis 1995\",\"publisher\":{\"@id\":\"https:\\\/\\\/www.terraaquatica.com\\\/#organization\"},\"potentialAction\":[{\"@type\":\"SearchAction\",\"target\":{\"@type\":\"EntryPoint\",\"urlTemplate\":\"https:\\\/\\\/www.terraaquatica.com\\\/?s={search_term_string}\"},\"query-input\":{\"@type\":\"PropertyValueSpecification\",\"valueRequired\":true,\"valueName\":\"search_term_string\"}}],\"inLanguage\":\"cs\"},{\"@type\":\"Organization\",\"@id\":\"https:\\\/\\\/www.terraaquatica.com\\\/#organization\",\"name\":\"Terra Aquatica\",\"url\":\"https:\\\/\\\/www.terraaquatica.com\\\/\",\"logo\":{\"@type\":\"ImageObject\",\"inLanguage\":\"cs\",\"@id\":\"https:\\\/\\\/www.terraaquatica.com\\\/#\\\/schema\\\/logo\\\/image\\\/\",\"url\":\"https:\\\/\\\/www.terraaquatica.com\\\/wp-content\\\/uploads\\\/2022\\\/03\\\/favicon-transpa-big.png\",\"contentUrl\":\"https:\\\/\\\/www.terraaquatica.com\\\/wp-content\\\/uploads\\\/2022\\\/03\\\/favicon-transpa-big.png\",\"width\":512,\"height\":512,\"caption\":\"Terra Aquatica\"},\"image\":{\"@id\":\"https:\\\/\\\/www.terraaquatica.com\\\/#\\\/schema\\\/logo\\\/image\\\/\"}}]}<\/script>\n<!-- \/ Yoast SEO plugin. -->","yoast_head_json":{"title":"Liquid pH Test kit - Terra Aquatica","robots":{"index":"index","follow":"follow","max-snippet":"max-snippet:-1","max-image-preview":"max-image-preview:large","max-video-preview":"max-video-preview:-1"},"canonical":"https:\/\/www.terraaquatica.com\/cs\/rizeni-ph\/ph_test_kit-html-6\/","og_locale":"cs_CZ","og_type":"article","og_title":"Liquid pH Test kit - Terra Aquatica","og_description":"Pro jednoduch\u00e9, spolehliv\u00e9 a p\u0159esn\u00e9 testov\u00e1n\u00ed pH bez bateri\u00ed N\u00e1\u0161 kapaln\u00fd tester pH je dokonal\u00fdm prost\u0159edkem pro snadn\u00e9 testov\u00e1n\u00ed pH [&hellip;]","og_url":"https:\/\/www.terraaquatica.com\/cs\/rizeni-ph\/ph_test_kit-html-6","og_site_name":"Terra Aquatica","article_modified_time":"2024-04-30T08:50:55+00:00","og_image":[{"width":720,"height":720,"url":"https:\/\/www.terraaquatica.com\/wp-content\/uploads\/2018\/03\/ph-test-kit2018_0.png","type":"image\/png"}],"twitter_card":"summary_large_image","twitter_misc":{"Odhadovan\u00e1 doba \u010dten\u00ed":"1 minuta"},"schema":{"@context":"https:\/\/schema.org","@graph":[{"@type":"WebPage","@id":"https:\/\/www.terraaquatica.com\/cs\/rizeni-ph\/ph_test_kit-html-6","url":"https:\/\/www.terraaquatica.com\/cs\/rizeni-ph\/ph_test_kit-html-6","name":"Liquid pH Test kit - Terra Aquatica","isPartOf":{"@id":"https:\/\/www.terraaquatica.com\/#website"},"primaryImageOfPage":{"@id":"https:\/\/www.terraaquatica.com\/cs\/rizeni-ph\/ph_test_kit-html-6#primaryimage"},"image":{"@id":"https:\/\/www.terraaquatica.com\/cs\/rizeni-ph\/ph_test_kit-html-6#primaryimage"},"thumbnailUrl":"https:\/\/www.terraaquatica.com\/wp-content\/uploads\/2018\/03\/ph-test-kit2018_0.png","datePublished":"2018-10-19T14:34:00+00:00","dateModified":"2024-04-30T08:50:55+00:00","breadcrumb":{"@id":"https:\/\/www.terraaquatica.com\/cs\/rizeni-ph\/ph_test_kit-html-6#breadcrumb"},"inLanguage":"cs","potentialAction":[{"@type":"ReadAction","target":["https:\/\/www.terraaquatica.com\/cs\/rizeni-ph\/ph_test_kit-html-6"]}]},{"@type":"ImageObject","inLanguage":"cs","@id":"https:\/\/www.terraaquatica.com\/cs\/rizeni-ph\/ph_test_kit-html-6#primaryimage","url":"https:\/\/www.terraaquatica.com\/wp-content\/uploads\/2018\/03\/ph-test-kit2018_0.png","contentUrl":"https:\/\/www.terraaquatica.com\/wp-content\/uploads\/2018\/03\/ph-test-kit2018_0.png","width":720,"height":720,"caption":"pH Test Kit"},{"@type":"BreadcrumbList","@id":"https:\/\/www.terraaquatica.com\/cs\/rizeni-ph\/ph_test_kit-html-6#breadcrumb","itemListElement":[{"@type":"ListItem","position":1,"name":"Accueil","item":"https:\/\/www.terraaquatica.com\/cs\/"},{"@type":"ListItem","position":2,"name":"Products","item":"https:\/\/www.terraaquatica.com\/cs\/product\/"},{"@type":"ListItem","position":3,"name":"Liquid pH Test kit"}]},{"@type":"WebSite","@id":"https:\/\/www.terraaquatica.com\/#website","url":"https:\/\/www.terraaquatica.com\/","name":"Terra Aquatica","description":"Engrais et syst\u00e8mes de culture depuis 1995","publisher":{"@id":"https:\/\/www.terraaquatica.com\/#organization"},"potentialAction":[{"@type":"SearchAction","target":{"@type":"EntryPoint","urlTemplate":"https:\/\/www.terraaquatica.com\/?s={search_term_string}"},"query-input":{"@type":"PropertyValueSpecification","valueRequired":true,"valueName":"search_term_string"}}],"inLanguage":"cs"},{"@type":"Organization","@id":"https:\/\/www.terraaquatica.com\/#organization","name":"Terra Aquatica","url":"https:\/\/www.terraaquatica.com\/","logo":{"@type":"ImageObject","inLanguage":"cs","@id":"https:\/\/www.terraaquatica.com\/#\/schema\/logo\/image\/","url":"https:\/\/www.terraaquatica.com\/wp-content\/uploads\/2022\/03\/favicon-transpa-big.png","contentUrl":"https:\/\/www.terraaquatica.com\/wp-content\/uploads\/2022\/03\/favicon-transpa-big.png","width":512,"height":512,"caption":"Terra Aquatica"},"image":{"@id":"https:\/\/www.terraaquatica.com\/#\/schema\/logo\/image\/"}}]}},"_links":{"self":[{"href":"https:\/\/www.terraaquatica.com\/cs\/wp-json\/wp\/v2\/product\/1954","targetHints":{"allow":["GET"]}}],"collection":[{"href":"https:\/\/www.terraaquatica.com\/cs\/wp-json\/wp\/v2\/product"}],"about":[{"href":"https:\/\/www.terraaquatica.com\/cs\/wp-json\/wp\/v2\/types\/product"}],"author":[{"embeddable":true,"href":"https:\/\/www.terraaquatica.com\/cs\/wp-json\/wp\/v2\/users\/3"}],"wp:featuredmedia":[{"embeddable":true,"href":"https:\/\/www.terraaquatica.com\/cs\/wp-json\/wp\/v2\/media\/1741"}],"wp:attachment":[{"href":"https:\/\/www.terraaquatica.com\/cs\/wp-json\/wp\/v2\/media?parent=1954"}],"wp:term":[{"taxonomy":"m_thode_de_culture","embeddable":true,"href":"https:\/\/www.terraaquatica.com\/cs\/wp-json\/wp\/v2\/m_thode_de_culture?post=1954"},{"taxonomy":"substrat","embeddable":true,"href":"https:\/\/www.terraaquatica.com\/cs\/wp-json\/wp\/v2\/substrat?post=1954"},{"taxonomy":"product_category","embeddable":true,"href":"https:\/\/www.terraaquatica.com\/cs\/wp-json\/wp\/v2\/product_category?post=1954"}],"curies":[{"name":"wp","href":"https:\/\/api.w.org\/{rel}","templated":true}]}}