{"id":1957,"date":"2018-10-29T10:44:15","date_gmt":"2018-10-29T09:44:15","guid":{"rendered":"https:\/\/www.terraaquatica.com\/produits\/pro-organic-6\/"},"modified":"2025-03-06T10:37:52","modified_gmt":"2025-03-06T09:37:52","slug":"pro-organic-6","status":"publish","type":"product","link":"https:\/\/www.terraaquatica.com\/cs\/organicka-hnojiva\/pro-organic-6","title":{"rendered":"Pro Organic"},"content":{"rendered":"<p><em>Prvn\u00ed a dosud jedin\u00e1 kompletn\u00ed, certifikovan\u00e1 organick\u00e9 hnojivo pro ve\u0161ker\u00e9 substr\u00e1ty.<\/em><\/p>\n<p>Receptura\u00a0Pro Organic je speci\u00e1ln\u011b vyvinuta tak, aby napl\u0148ovala pot\u0159eby v\u0161ech rostlin v pr\u016fb\u011bhu r\u016fstu, kveten\u00ed i zr\u00e1n\u00ed.<\/p>\n<p>Sv\u00e9 produkty stav\u00edme na ekologick\u00fdch principech, kter\u00e9 si zachov\u00e1vaj\u00ed respekt v\u016f\u010di \u017eivotn\u00edmu prost\u0159ed\u00ed a sou\u010dasn\u011b dod\u00e1vaj\u00ed\u00a0rostlin\u00e1m\u00a0vyv\u00e1\u017eenou\u00a0a\u00a0efektivn\u00ed\u00a0v\u00fd\u017eivu.\u00a0Pro Organic aktivn\u011b zlep\u0161uje stav v oblasti ko\u0159en\u016f t\u00edm, \u017ee vy\u017eivuje mikroby, je\u017e \u017eij\u00ed v souladu s rostlinou. To poskytuje rostlin\u00e1m \u017eiviny a podm\u00ednky pro zdrav\u00fd vegetativn\u00ed r\u016fst, kveten\u00ed a zr\u00e1n\u00ed.<\/p>\n<p>Pro Organic je ide\u00e1ln\u00ed pro libovoln\u00fd typ rostlin a d\u011bl\u00e1 divy i jako samostatn\u00fd \u00a0produkt.\u00a0 Kdy\u017e \u00a0\u0159\u00edk\u00e1me \u00a0\u201ekompletn\u00ed\u201c, \u00a0tak \u00a0to \u00a0tak skute\u010dn\u011b mysl\u00edme \u2013 pro \u00fasp\u011b\u0161n\u00fd a bohat\u00fd r\u016fst ve v\u011bt\u0161in\u011b typ\u016f vody* nepot\u0159ebujete \u017e\u00e1dn\u00e9 dal\u0161\u00ed prvky.<\/p>\n<p>Pro Organic je\u00a0 dokonale\u00a0 rozpustn\u00fd\u00a0 a\u00a0 dob\u0159e\u00a0 se p\u0159izp\u016fsobuje automatick\u00fdm syst\u00e9m\u016fm a syst\u00e9m\u016fm kapkov\u00e9 z\u00e1vlahy, stejn\u011b jako ru\u010dn\u00edmu zal\u00e9v\u00e1n\u00ed p\u0159i b\u011b\u017en\u00e9m p\u011bstov\u00e1n\u00ed. Tak\u00e9 jde o jedinou v\u00fd\u017eivu, kter\u00e1 je certifikov\u00e1na pro pou\u017eit\u00ed v bioponii (organick\u00e1 hydroponie s odhalen\u00fdmi ko\u0159eny \u00a0v \u00a0recirkula\u010dn\u00edm \u00a0syst\u00e9mu).<\/p>\n<p>Pro je\u0161t\u011b lep\u0161\u00ed v\u00fdsledky a pro to, aby m\u011bli p\u011bstitel\u00e9 v\u011bt\u0161\u00ed flexibilitu, co se t\u00fd\u010de optimalizace plodin, zahrnuje \u0159ada Terra Aquatica tak\u00e9 s\u00e9rii komplement\u00e1rn\u00edch organick\u00fdch dopl\u0148k\u016f.\u00a0Rovn\u011b\u017e\u00a0\u00a0nab\u00edz\u00edme\u00a0vysoce\u00a0kvalitn\u00ed\u00a0prosp\u011b\u0161n\u00e9 mikroby, je\u017e jsou pot\u0159ebn\u00e9 pro organick\u00e9 p\u011bstov\u00e1n\u00ed bez bohat\u00e9 p\u016fdy.<\/p>\n<p><strong>Jedin\u00e9 tekut\u00e9 hnojivo, kter\u00e9 m\u016f\u017eete 100% pou\u017e\u00edvat v r\u00e1mci ekologick\u00e9ho zem\u011bd\u011blstv\u00ed a kter\u00e9 je pln\u011b v souladu s na\u0159\u00edzen\u00edmi (EU) \u010d. 2018\/848 a 2021\/1165.<\/strong><\/p>\n<h4>*Pozn\u00e1mka : P\u0159i p\u011bstov\u00e1n\u00ed v m\u011bkk\u00e9 vod\u011b nebo kokosov\u00e9m vl\u00e1kn\u011b m\u016f\u017ee b\u00fdt nutn\u00e9 p\u0159idat v\u00e1pn\u00edk\/ho\u0159\u010d\u00edk. Doporu\u010dujeme pou\u017e\u00edt <a href=\"https:\/\/www.terraaquatica.com\/cs\/specialni-hnojiva-a-doplnky-vyzivy\/calcium-magnesium-supplement-6\/\">Calcium Magnesium Supplement<\/a> od Terra Aquatica.<\/h4>\n\n\n<div data-wp-interactive=\"core\/file\" class=\"wp-block-file\"><object data-wp-bind--hidden=\"!state.hasPdfPreview\" hidden class=\"wp-block-file__embed\" data=\"https:\/\/www.terraaquatica.com\/wp-content\/uploads\/2018\/05\/ProOrganic-CZ.pdf\" type=\"application\/pdf\" style=\"width:100%;height:600px\" aria-label=\"Vlo\u017eit z ProOrganic-CZ.\"><\/object><a id=\"wp-block-file--media-b45660ef-055a-4770-816b-cf1556416621\" href=\"https:\/\/www.terraaquatica.com\/wp-content\/uploads\/2018\/05\/ProOrganic-CZ.pdf\">ProOrganic-CZ<\/a><a href=\"https:\/\/www.terraaquatica.com\/wp-content\/uploads\/2018\/05\/ProOrganic-CZ.pdf\" class=\"wp-block-file__button wp-element-button\" download aria-describedby=\"wp-block-file--media-b45660ef-055a-4770-816b-cf1556416621\">Download<\/a><\/div>\n","protected":false},"author":3,"template":"","meta":{"_acf_changed":true},"m_thode_de_culture":[32],"substrat":[302,299,300,301],"product_category":[233],"class_list":["post-1957","product","type-product","status-publish","has-post-thumbnail","hentry","m_thode_de_culture-organic-en","substrat-bioponics","substrat-coco","substrat-hydro","substrat-soil","product_category-organicka-hnojiva"],"acf":[],"yoast_head":"<!-- This site is optimized with the Yoast SEO plugin v27.3 - https:\/\/yoast.com\/product\/yoast-seo-wordpress\/ -->\n<title>Pro Organic - Terra Aquatica<\/title>\n<meta name=\"robots\" content=\"index, follow, max-snippet:-1, max-image-preview:large, max-video-preview:-1\" \/>\n<link rel=\"canonical\" href=\"https:\/\/www.terraaquatica.com\/cs\/organicka-hnojiva\/pro-organic-6\/\" \/>\n<meta property=\"og:locale\" content=\"cs_CZ\" \/>\n<meta property=\"og:type\" content=\"article\" \/>\n<meta property=\"og:title\" content=\"Pro Organic - Terra Aquatica\" \/>\n<meta property=\"og:description\" content=\"Prvn\u00ed a dosud jedin\u00e1 kompletn\u00ed, certifikovan\u00e1 organick\u00e9 hnojivo pro ve\u0161ker\u00e9 substr\u00e1ty. Receptura\u00a0Pro Organic je speci\u00e1ln\u011b vyvinuta tak, aby napl\u0148ovala pot\u0159eby [&hellip;]\" \/>\n<meta property=\"og:url\" content=\"https:\/\/www.terraaquatica.com\/cs\/organicka-hnojiva\/pro-organic-6\" \/>\n<meta property=\"og:site_name\" content=\"Terra Aquatica\" \/>\n<meta property=\"article:modified_time\" content=\"2025-03-06T09:37:52+00:00\" \/>\n<meta property=\"og:image\" content=\"https:\/\/www.terraaquatica.com\/wp-content\/uploads\/2019\/03\/pro-organic.png\" \/>\n\t<meta property=\"og:image:width\" content=\"720\" \/>\n\t<meta property=\"og:image:height\" content=\"720\" \/>\n\t<meta property=\"og:image:type\" content=\"image\/png\" \/>\n<meta name=\"twitter:card\" content=\"summary_large_image\" \/>\n<meta name=\"twitter:label1\" content=\"Odhadovan\u00e1 doba \u010dten\u00ed\" \/>\n\t<meta name=\"twitter:data1\" content=\"1 minuta\" \/>\n<script type=\"application\/ld+json\" class=\"yoast-schema-graph\">{\"@context\":\"https:\\\/\\\/schema.org\",\"@graph\":[{\"@type\":\"WebPage\",\"@id\":\"https:\\\/\\\/www.terraaquatica.com\\\/cs\\\/organicka-hnojiva\\\/pro-organic-6\",\"url\":\"https:\\\/\\\/www.terraaquatica.com\\\/cs\\\/organicka-hnojiva\\\/pro-organic-6\",\"name\":\"Pro Organic - Terra Aquatica\",\"isPartOf\":{\"@id\":\"https:\\\/\\\/www.terraaquatica.com\\\/#website\"},\"primaryImageOfPage\":{\"@id\":\"https:\\\/\\\/www.terraaquatica.com\\\/cs\\\/organicka-hnojiva\\\/pro-organic-6#primaryimage\"},\"image\":{\"@id\":\"https:\\\/\\\/www.terraaquatica.com\\\/cs\\\/organicka-hnojiva\\\/pro-organic-6#primaryimage\"},\"thumbnailUrl\":\"https:\\\/\\\/www.terraaquatica.com\\\/wp-content\\\/uploads\\\/2019\\\/03\\\/pro-organic.png\",\"datePublished\":\"2018-10-29T09:44:15+00:00\",\"dateModified\":\"2025-03-06T09:37:52+00:00\",\"breadcrumb\":{\"@id\":\"https:\\\/\\\/www.terraaquatica.com\\\/cs\\\/organicka-hnojiva\\\/pro-organic-6#breadcrumb\"},\"inLanguage\":\"cs\",\"potentialAction\":[{\"@type\":\"ReadAction\",\"target\":[\"https:\\\/\\\/www.terraaquatica.com\\\/cs\\\/organicka-hnojiva\\\/pro-organic-6\"]}]},{\"@type\":\"ImageObject\",\"inLanguage\":\"cs\",\"@id\":\"https:\\\/\\\/www.terraaquatica.com\\\/cs\\\/organicka-hnojiva\\\/pro-organic-6#primaryimage\",\"url\":\"https:\\\/\\\/www.terraaquatica.com\\\/wp-content\\\/uploads\\\/2019\\\/03\\\/pro-organic.png\",\"contentUrl\":\"https:\\\/\\\/www.terraaquatica.com\\\/wp-content\\\/uploads\\\/2019\\\/03\\\/pro-organic.png\",\"width\":720,\"height\":720,\"caption\":\"Pro Organic\"},{\"@type\":\"BreadcrumbList\",\"@id\":\"https:\\\/\\\/www.terraaquatica.com\\\/cs\\\/organicka-hnojiva\\\/pro-organic-6#breadcrumb\",\"itemListElement\":[{\"@type\":\"ListItem\",\"position\":1,\"name\":\"Accueil\",\"item\":\"https:\\\/\\\/www.terraaquatica.com\\\/cs\\\/\"},{\"@type\":\"ListItem\",\"position\":2,\"name\":\"Products\",\"item\":\"https:\\\/\\\/www.terraaquatica.com\\\/cs\\\/product\\\/\"},{\"@type\":\"ListItem\",\"position\":3,\"name\":\"Pro Organic\"}]},{\"@type\":\"WebSite\",\"@id\":\"https:\\\/\\\/www.terraaquatica.com\\\/#website\",\"url\":\"https:\\\/\\\/www.terraaquatica.com\\\/\",\"name\":\"Terra Aquatica\",\"description\":\"Engrais et syst\u00e8mes de culture depuis 1995\",\"publisher\":{\"@id\":\"https:\\\/\\\/www.terraaquatica.com\\\/#organization\"},\"potentialAction\":[{\"@type\":\"SearchAction\",\"target\":{\"@type\":\"EntryPoint\",\"urlTemplate\":\"https:\\\/\\\/www.terraaquatica.com\\\/?s={search_term_string}\"},\"query-input\":{\"@type\":\"PropertyValueSpecification\",\"valueRequired\":true,\"valueName\":\"search_term_string\"}}],\"inLanguage\":\"cs\"},{\"@type\":\"Organization\",\"@id\":\"https:\\\/\\\/www.terraaquatica.com\\\/#organization\",\"name\":\"Terra Aquatica\",\"url\":\"https:\\\/\\\/www.terraaquatica.com\\\/\",\"logo\":{\"@type\":\"ImageObject\",\"inLanguage\":\"cs\",\"@id\":\"https:\\\/\\\/www.terraaquatica.com\\\/#\\\/schema\\\/logo\\\/image\\\/\",\"url\":\"https:\\\/\\\/www.terraaquatica.com\\\/wp-content\\\/uploads\\\/2022\\\/03\\\/favicon-transpa-big.png\",\"contentUrl\":\"https:\\\/\\\/www.terraaquatica.com\\\/wp-content\\\/uploads\\\/2022\\\/03\\\/favicon-transpa-big.png\",\"width\":512,\"height\":512,\"caption\":\"Terra Aquatica\"},\"image\":{\"@id\":\"https:\\\/\\\/www.terraaquatica.com\\\/#\\\/schema\\\/logo\\\/image\\\/\"}}]}<\/script>\n<!-- \/ Yoast SEO plugin. -->","yoast_head_json":{"title":"Pro Organic - Terra Aquatica","robots":{"index":"index","follow":"follow","max-snippet":"max-snippet:-1","max-image-preview":"max-image-preview:large","max-video-preview":"max-video-preview:-1"},"canonical":"https:\/\/www.terraaquatica.com\/cs\/organicka-hnojiva\/pro-organic-6\/","og_locale":"cs_CZ","og_type":"article","og_title":"Pro Organic - Terra Aquatica","og_description":"Prvn\u00ed a dosud jedin\u00e1 kompletn\u00ed, certifikovan\u00e1 organick\u00e9 hnojivo pro ve\u0161ker\u00e9 substr\u00e1ty. Receptura\u00a0Pro Organic je speci\u00e1ln\u011b vyvinuta tak, aby napl\u0148ovala pot\u0159eby [&hellip;]","og_url":"https:\/\/www.terraaquatica.com\/cs\/organicka-hnojiva\/pro-organic-6","og_site_name":"Terra Aquatica","article_modified_time":"2025-03-06T09:37:52+00:00","og_image":[{"width":720,"height":720,"url":"https:\/\/www.terraaquatica.com\/wp-content\/uploads\/2019\/03\/pro-organic.png","type":"image\/png"}],"twitter_card":"summary_large_image","twitter_misc":{"Odhadovan\u00e1 doba \u010dten\u00ed":"1 minuta"},"schema":{"@context":"https:\/\/schema.org","@graph":[{"@type":"WebPage","@id":"https:\/\/www.terraaquatica.com\/cs\/organicka-hnojiva\/pro-organic-6","url":"https:\/\/www.terraaquatica.com\/cs\/organicka-hnojiva\/pro-organic-6","name":"Pro Organic - Terra Aquatica","isPartOf":{"@id":"https:\/\/www.terraaquatica.com\/#website"},"primaryImageOfPage":{"@id":"https:\/\/www.terraaquatica.com\/cs\/organicka-hnojiva\/pro-organic-6#primaryimage"},"image":{"@id":"https:\/\/www.terraaquatica.com\/cs\/organicka-hnojiva\/pro-organic-6#primaryimage"},"thumbnailUrl":"https:\/\/www.terraaquatica.com\/wp-content\/uploads\/2019\/03\/pro-organic.png","datePublished":"2018-10-29T09:44:15+00:00","dateModified":"2025-03-06T09:37:52+00:00","breadcrumb":{"@id":"https:\/\/www.terraaquatica.com\/cs\/organicka-hnojiva\/pro-organic-6#breadcrumb"},"inLanguage":"cs","potentialAction":[{"@type":"ReadAction","target":["https:\/\/www.terraaquatica.com\/cs\/organicka-hnojiva\/pro-organic-6"]}]},{"@type":"ImageObject","inLanguage":"cs","@id":"https:\/\/www.terraaquatica.com\/cs\/organicka-hnojiva\/pro-organic-6#primaryimage","url":"https:\/\/www.terraaquatica.com\/wp-content\/uploads\/2019\/03\/pro-organic.png","contentUrl":"https:\/\/www.terraaquatica.com\/wp-content\/uploads\/2019\/03\/pro-organic.png","width":720,"height":720,"caption":"Pro Organic"},{"@type":"BreadcrumbList","@id":"https:\/\/www.terraaquatica.com\/cs\/organicka-hnojiva\/pro-organic-6#breadcrumb","itemListElement":[{"@type":"ListItem","position":1,"name":"Accueil","item":"https:\/\/www.terraaquatica.com\/cs\/"},{"@type":"ListItem","position":2,"name":"Products","item":"https:\/\/www.terraaquatica.com\/cs\/product\/"},{"@type":"ListItem","position":3,"name":"Pro Organic"}]},{"@type":"WebSite","@id":"https:\/\/www.terraaquatica.com\/#website","url":"https:\/\/www.terraaquatica.com\/","name":"Terra Aquatica","description":"Engrais et syst\u00e8mes de culture depuis 1995","publisher":{"@id":"https:\/\/www.terraaquatica.com\/#organization"},"potentialAction":[{"@type":"SearchAction","target":{"@type":"EntryPoint","urlTemplate":"https:\/\/www.terraaquatica.com\/?s={search_term_string}"},"query-input":{"@type":"PropertyValueSpecification","valueRequired":true,"valueName":"search_term_string"}}],"inLanguage":"cs"},{"@type":"Organization","@id":"https:\/\/www.terraaquatica.com\/#organization","name":"Terra Aquatica","url":"https:\/\/www.terraaquatica.com\/","logo":{"@type":"ImageObject","inLanguage":"cs","@id":"https:\/\/www.terraaquatica.com\/#\/schema\/logo\/image\/","url":"https:\/\/www.terraaquatica.com\/wp-content\/uploads\/2022\/03\/favicon-transpa-big.png","contentUrl":"https:\/\/www.terraaquatica.com\/wp-content\/uploads\/2022\/03\/favicon-transpa-big.png","width":512,"height":512,"caption":"Terra Aquatica"},"image":{"@id":"https:\/\/www.terraaquatica.com\/#\/schema\/logo\/image\/"}}]}},"_links":{"self":[{"href":"https:\/\/www.terraaquatica.com\/cs\/wp-json\/wp\/v2\/product\/1957","targetHints":{"allow":["GET"]}}],"collection":[{"href":"https:\/\/www.terraaquatica.com\/cs\/wp-json\/wp\/v2\/product"}],"about":[{"href":"https:\/\/www.terraaquatica.com\/cs\/wp-json\/wp\/v2\/types\/product"}],"author":[{"embeddable":true,"href":"https:\/\/www.terraaquatica.com\/cs\/wp-json\/wp\/v2\/users\/3"}],"wp:featuredmedia":[{"embeddable":true,"href":"https:\/\/www.terraaquatica.com\/cs\/wp-json\/wp\/v2\/media\/1674"}],"wp:attachment":[{"href":"https:\/\/www.terraaquatica.com\/cs\/wp-json\/wp\/v2\/media?parent=1957"}],"wp:term":[{"taxonomy":"m_thode_de_culture","embeddable":true,"href":"https:\/\/www.terraaquatica.com\/cs\/wp-json\/wp\/v2\/m_thode_de_culture?post=1957"},{"taxonomy":"substrat","embeddable":true,"href":"https:\/\/www.terraaquatica.com\/cs\/wp-json\/wp\/v2\/substrat?post=1957"},{"taxonomy":"product_category","embeddable":true,"href":"https:\/\/www.terraaquatica.com\/cs\/wp-json\/wp\/v2\/product_category?post=1957"}],"curies":[{"name":"wp","href":"https:\/\/api.w.org\/{rel}","templated":true}]}}