{"id":1962,"date":"2018-10-29T11:59:46","date_gmt":"2018-10-29T10:59:46","guid":{"rendered":"https:\/\/www.terraaquatica.com\/produits\/root-booster-6\/"},"modified":"2024-09-10T10:28:40","modified_gmt":"2024-09-10T08:28:40","slug":"root-booster-6","status":"publish","type":"product","link":"https:\/\/www.terraaquatica.com\/cs\/organicke-biostimulatory-korenoveho-systemu\/root-booster-6","title":{"rendered":"Root Booster"},"content":{"rendered":"<p><em>Zrychlete v\u00fdvoj ko\u0159en\u016f a podpo\u0159te siln\u00fd vegetativn\u00ed r\u016fst p\u0159\u00edrodn\u011b<\/em><\/p>\n<p>Root Booster je p\u0159irozen\u00fd dopln\u011bk na podporu ko\u0159enov\u00e9ho r\u016fstu pom\u00e1haj\u00edc\u00ed rostlin\u00e1m vytv\u00e1\u0159et zdrav\u00e9 a bujn\u00e9 ko\u0159enov\u00e9 syst\u00e9my. Obsahuje vitam\u00edny, enzymy, organick\u00e9 a huminov\u00e9 kyseliny, kter\u00e9 stimuluj\u00ed ko\u0159enovou masu p\u0159\u00edrodn\u011b.<\/p>\n<p>Root Booster se v\u00fdborn\u011b hod\u00ed pro semen\u00e1\u010dky a \u0159\u00edzky a pom\u00e1h\u00e1 mlad\u00fdm rostlin\u00e1m ve v\u00fdvoji siln\u00e9 a odoln\u00e9 ko\u0159enov\u00e9 soustavy.U dosp\u011bl\u00fdch rostlin Root Booster zlep\u0161uje absorpci \u017eivin, \u010dili udr\u017euje rostliny zdrav\u00e9.<\/p>\n<p>Root Booster pou\u017e\u00edvejte i p\u0159i nam\u00e1\u010den\u00ed semen, \u010d\u00edm\u017e procentueln\u011b zv\u00fd\u0161\u00edte jejich kl\u00ed\u010divost a zlep\u0161\u00edte zdrav\u00ed mlad\u00e9ho semen\u00e1\u010dku.<\/p>\n","protected":false},"author":3,"template":"","meta":{"_acf_changed":true},"m_thode_de_culture":[31,32],"substrat":[302,299,300,301,303],"product_category":[232],"class_list":["post-1962","product","type-product","status-publish","has-post-thumbnail","hentry","m_thode_de_culture-mineral-en","m_thode_de_culture-organic-en","substrat-bioponics","substrat-coco","substrat-hydro","substrat-soil","substrat-spray","product_category-organicke-biostimulatory-korenoveho-systemu"],"acf":[],"yoast_head":"<!-- This site is optimized with the Yoast SEO plugin v27.3 - https:\/\/yoast.com\/product\/yoast-seo-wordpress\/ -->\n<title>Root Booster - Terra Aquatica<\/title>\n<meta name=\"robots\" content=\"index, follow, max-snippet:-1, max-image-preview:large, max-video-preview:-1\" \/>\n<link rel=\"canonical\" href=\"https:\/\/www.terraaquatica.com\/cs\/organicke-biostimulatory-korenoveho-systemu\/root-booster-6\/\" \/>\n<meta property=\"og:locale\" content=\"cs_CZ\" \/>\n<meta property=\"og:type\" content=\"article\" \/>\n<meta property=\"og:title\" content=\"Root Booster - Terra Aquatica\" \/>\n<meta property=\"og:description\" content=\"Zrychlete v\u00fdvoj ko\u0159en\u016f a podpo\u0159te siln\u00fd vegetativn\u00ed r\u016fst p\u0159\u00edrodn\u011b Root Booster je p\u0159irozen\u00fd dopln\u011bk na podporu ko\u0159enov\u00e9ho r\u016fstu pom\u00e1haj\u00edc\u00ed rostlin\u00e1m [&hellip;]\" \/>\n<meta property=\"og:url\" content=\"https:\/\/www.terraaquatica.com\/cs\/organicke-biostimulatory-korenoveho-systemu\/root-booster-6\" \/>\n<meta property=\"og:site_name\" content=\"Terra Aquatica\" \/>\n<meta property=\"article:modified_time\" content=\"2024-09-10T08:28:40+00:00\" \/>\n<meta property=\"og:image\" content=\"https:\/\/www.terraaquatica.com\/wp-content\/uploads\/2019\/03\/rootsbooster-1l.jpg\" \/>\n\t<meta property=\"og:image:width\" content=\"720\" \/>\n\t<meta property=\"og:image:height\" content=\"720\" \/>\n\t<meta property=\"og:image:type\" content=\"image\/jpeg\" \/>\n<meta name=\"twitter:card\" content=\"summary_large_image\" \/>\n<meta name=\"twitter:label1\" content=\"Odhadovan\u00e1 doba \u010dten\u00ed\" \/>\n\t<meta name=\"twitter:data1\" content=\"1 minuta\" \/>\n<script type=\"application\/ld+json\" class=\"yoast-schema-graph\">{\"@context\":\"https:\\\/\\\/schema.org\",\"@graph\":[{\"@type\":\"WebPage\",\"@id\":\"https:\\\/\\\/www.terraaquatica.com\\\/cs\\\/organicke-biostimulatory-korenoveho-systemu\\\/root-booster-6\",\"url\":\"https:\\\/\\\/www.terraaquatica.com\\\/cs\\\/organicke-biostimulatory-korenoveho-systemu\\\/root-booster-6\",\"name\":\"Root Booster - Terra Aquatica\",\"isPartOf\":{\"@id\":\"https:\\\/\\\/www.terraaquatica.com\\\/#website\"},\"primaryImageOfPage\":{\"@id\":\"https:\\\/\\\/www.terraaquatica.com\\\/cs\\\/organicke-biostimulatory-korenoveho-systemu\\\/root-booster-6#primaryimage\"},\"image\":{\"@id\":\"https:\\\/\\\/www.terraaquatica.com\\\/cs\\\/organicke-biostimulatory-korenoveho-systemu\\\/root-booster-6#primaryimage\"},\"thumbnailUrl\":\"https:\\\/\\\/www.terraaquatica.com\\\/wp-content\\\/uploads\\\/2019\\\/03\\\/rootsbooster-1l.jpg\",\"datePublished\":\"2018-10-29T10:59:46+00:00\",\"dateModified\":\"2024-09-10T08:28:40+00:00\",\"breadcrumb\":{\"@id\":\"https:\\\/\\\/www.terraaquatica.com\\\/cs\\\/organicke-biostimulatory-korenoveho-systemu\\\/root-booster-6#breadcrumb\"},\"inLanguage\":\"cs\",\"potentialAction\":[{\"@type\":\"ReadAction\",\"target\":[\"https:\\\/\\\/www.terraaquatica.com\\\/cs\\\/organicke-biostimulatory-korenoveho-systemu\\\/root-booster-6\"]}]},{\"@type\":\"ImageObject\",\"inLanguage\":\"cs\",\"@id\":\"https:\\\/\\\/www.terraaquatica.com\\\/cs\\\/organicke-biostimulatory-korenoveho-systemu\\\/root-booster-6#primaryimage\",\"url\":\"https:\\\/\\\/www.terraaquatica.com\\\/wp-content\\\/uploads\\\/2019\\\/03\\\/rootsbooster-1l.jpg\",\"contentUrl\":\"https:\\\/\\\/www.terraaquatica.com\\\/wp-content\\\/uploads\\\/2019\\\/03\\\/rootsbooster-1l.jpg\",\"width\":720,\"height\":720,\"caption\":\"Root Booster\"},{\"@type\":\"BreadcrumbList\",\"@id\":\"https:\\\/\\\/www.terraaquatica.com\\\/cs\\\/organicke-biostimulatory-korenoveho-systemu\\\/root-booster-6#breadcrumb\",\"itemListElement\":[{\"@type\":\"ListItem\",\"position\":1,\"name\":\"Accueil\",\"item\":\"https:\\\/\\\/www.terraaquatica.com\\\/cs\\\/\"},{\"@type\":\"ListItem\",\"position\":2,\"name\":\"Products\",\"item\":\"https:\\\/\\\/www.terraaquatica.com\\\/cs\\\/product\\\/\"},{\"@type\":\"ListItem\",\"position\":3,\"name\":\"Root Booster\"}]},{\"@type\":\"WebSite\",\"@id\":\"https:\\\/\\\/www.terraaquatica.com\\\/#website\",\"url\":\"https:\\\/\\\/www.terraaquatica.com\\\/\",\"name\":\"Terra Aquatica\",\"description\":\"Engrais et syst\u00e8mes de culture depuis 1995\",\"publisher\":{\"@id\":\"https:\\\/\\\/www.terraaquatica.com\\\/#organization\"},\"potentialAction\":[{\"@type\":\"SearchAction\",\"target\":{\"@type\":\"EntryPoint\",\"urlTemplate\":\"https:\\\/\\\/www.terraaquatica.com\\\/?s={search_term_string}\"},\"query-input\":{\"@type\":\"PropertyValueSpecification\",\"valueRequired\":true,\"valueName\":\"search_term_string\"}}],\"inLanguage\":\"cs\"},{\"@type\":\"Organization\",\"@id\":\"https:\\\/\\\/www.terraaquatica.com\\\/#organization\",\"name\":\"Terra Aquatica\",\"url\":\"https:\\\/\\\/www.terraaquatica.com\\\/\",\"logo\":{\"@type\":\"ImageObject\",\"inLanguage\":\"cs\",\"@id\":\"https:\\\/\\\/www.terraaquatica.com\\\/#\\\/schema\\\/logo\\\/image\\\/\",\"url\":\"https:\\\/\\\/www.terraaquatica.com\\\/wp-content\\\/uploads\\\/2022\\\/03\\\/favicon-transpa-big.png\",\"contentUrl\":\"https:\\\/\\\/www.terraaquatica.com\\\/wp-content\\\/uploads\\\/2022\\\/03\\\/favicon-transpa-big.png\",\"width\":512,\"height\":512,\"caption\":\"Terra Aquatica\"},\"image\":{\"@id\":\"https:\\\/\\\/www.terraaquatica.com\\\/#\\\/schema\\\/logo\\\/image\\\/\"}}]}<\/script>\n<!-- \/ Yoast SEO plugin. -->","yoast_head_json":{"title":"Root Booster - Terra Aquatica","robots":{"index":"index","follow":"follow","max-snippet":"max-snippet:-1","max-image-preview":"max-image-preview:large","max-video-preview":"max-video-preview:-1"},"canonical":"https:\/\/www.terraaquatica.com\/cs\/organicke-biostimulatory-korenoveho-systemu\/root-booster-6\/","og_locale":"cs_CZ","og_type":"article","og_title":"Root Booster - Terra Aquatica","og_description":"Zrychlete v\u00fdvoj ko\u0159en\u016f a podpo\u0159te siln\u00fd vegetativn\u00ed r\u016fst p\u0159\u00edrodn\u011b Root Booster je p\u0159irozen\u00fd dopln\u011bk na podporu ko\u0159enov\u00e9ho r\u016fstu pom\u00e1haj\u00edc\u00ed rostlin\u00e1m [&hellip;]","og_url":"https:\/\/www.terraaquatica.com\/cs\/organicke-biostimulatory-korenoveho-systemu\/root-booster-6","og_site_name":"Terra Aquatica","article_modified_time":"2024-09-10T08:28:40+00:00","og_image":[{"width":720,"height":720,"url":"https:\/\/www.terraaquatica.com\/wp-content\/uploads\/2019\/03\/rootsbooster-1l.jpg","type":"image\/jpeg"}],"twitter_card":"summary_large_image","twitter_misc":{"Odhadovan\u00e1 doba \u010dten\u00ed":"1 minuta"},"schema":{"@context":"https:\/\/schema.org","@graph":[{"@type":"WebPage","@id":"https:\/\/www.terraaquatica.com\/cs\/organicke-biostimulatory-korenoveho-systemu\/root-booster-6","url":"https:\/\/www.terraaquatica.com\/cs\/organicke-biostimulatory-korenoveho-systemu\/root-booster-6","name":"Root Booster - Terra Aquatica","isPartOf":{"@id":"https:\/\/www.terraaquatica.com\/#website"},"primaryImageOfPage":{"@id":"https:\/\/www.terraaquatica.com\/cs\/organicke-biostimulatory-korenoveho-systemu\/root-booster-6#primaryimage"},"image":{"@id":"https:\/\/www.terraaquatica.com\/cs\/organicke-biostimulatory-korenoveho-systemu\/root-booster-6#primaryimage"},"thumbnailUrl":"https:\/\/www.terraaquatica.com\/wp-content\/uploads\/2019\/03\/rootsbooster-1l.jpg","datePublished":"2018-10-29T10:59:46+00:00","dateModified":"2024-09-10T08:28:40+00:00","breadcrumb":{"@id":"https:\/\/www.terraaquatica.com\/cs\/organicke-biostimulatory-korenoveho-systemu\/root-booster-6#breadcrumb"},"inLanguage":"cs","potentialAction":[{"@type":"ReadAction","target":["https:\/\/www.terraaquatica.com\/cs\/organicke-biostimulatory-korenoveho-systemu\/root-booster-6"]}]},{"@type":"ImageObject","inLanguage":"cs","@id":"https:\/\/www.terraaquatica.com\/cs\/organicke-biostimulatory-korenoveho-systemu\/root-booster-6#primaryimage","url":"https:\/\/www.terraaquatica.com\/wp-content\/uploads\/2019\/03\/rootsbooster-1l.jpg","contentUrl":"https:\/\/www.terraaquatica.com\/wp-content\/uploads\/2019\/03\/rootsbooster-1l.jpg","width":720,"height":720,"caption":"Root Booster"},{"@type":"BreadcrumbList","@id":"https:\/\/www.terraaquatica.com\/cs\/organicke-biostimulatory-korenoveho-systemu\/root-booster-6#breadcrumb","itemListElement":[{"@type":"ListItem","position":1,"name":"Accueil","item":"https:\/\/www.terraaquatica.com\/cs\/"},{"@type":"ListItem","position":2,"name":"Products","item":"https:\/\/www.terraaquatica.com\/cs\/product\/"},{"@type":"ListItem","position":3,"name":"Root Booster"}]},{"@type":"WebSite","@id":"https:\/\/www.terraaquatica.com\/#website","url":"https:\/\/www.terraaquatica.com\/","name":"Terra Aquatica","description":"Engrais et syst\u00e8mes de culture depuis 1995","publisher":{"@id":"https:\/\/www.terraaquatica.com\/#organization"},"potentialAction":[{"@type":"SearchAction","target":{"@type":"EntryPoint","urlTemplate":"https:\/\/www.terraaquatica.com\/?s={search_term_string}"},"query-input":{"@type":"PropertyValueSpecification","valueRequired":true,"valueName":"search_term_string"}}],"inLanguage":"cs"},{"@type":"Organization","@id":"https:\/\/www.terraaquatica.com\/#organization","name":"Terra Aquatica","url":"https:\/\/www.terraaquatica.com\/","logo":{"@type":"ImageObject","inLanguage":"cs","@id":"https:\/\/www.terraaquatica.com\/#\/schema\/logo\/image\/","url":"https:\/\/www.terraaquatica.com\/wp-content\/uploads\/2022\/03\/favicon-transpa-big.png","contentUrl":"https:\/\/www.terraaquatica.com\/wp-content\/uploads\/2022\/03\/favicon-transpa-big.png","width":512,"height":512,"caption":"Terra Aquatica"},"image":{"@id":"https:\/\/www.terraaquatica.com\/#\/schema\/logo\/image\/"}}]}},"_links":{"self":[{"href":"https:\/\/www.terraaquatica.com\/cs\/wp-json\/wp\/v2\/product\/1962","targetHints":{"allow":["GET"]}}],"collection":[{"href":"https:\/\/www.terraaquatica.com\/cs\/wp-json\/wp\/v2\/product"}],"about":[{"href":"https:\/\/www.terraaquatica.com\/cs\/wp-json\/wp\/v2\/types\/product"}],"author":[{"embeddable":true,"href":"https:\/\/www.terraaquatica.com\/cs\/wp-json\/wp\/v2\/users\/3"}],"wp:featuredmedia":[{"embeddable":true,"href":"https:\/\/www.terraaquatica.com\/cs\/wp-json\/wp\/v2\/media\/1682"}],"wp:attachment":[{"href":"https:\/\/www.terraaquatica.com\/cs\/wp-json\/wp\/v2\/media?parent=1962"}],"wp:term":[{"taxonomy":"m_thode_de_culture","embeddable":true,"href":"https:\/\/www.terraaquatica.com\/cs\/wp-json\/wp\/v2\/m_thode_de_culture?post=1962"},{"taxonomy":"substrat","embeddable":true,"href":"https:\/\/www.terraaquatica.com\/cs\/wp-json\/wp\/v2\/substrat?post=1962"},{"taxonomy":"product_category","embeddable":true,"href":"https:\/\/www.terraaquatica.com\/cs\/wp-json\/wp\/v2\/product_category?post=1962"}],"curies":[{"name":"wp","href":"https:\/\/api.w.org\/{rel}","templated":true}]}}