{"id":1965,"date":"2018-10-29T12:40:02","date_gmt":"2018-10-29T11:40:02","guid":{"rendered":"https:\/\/www.terraaquatica.com\/produits\/bloom-booster-6\/"},"modified":"2024-09-10T10:22:44","modified_gmt":"2024-09-10T08:22:44","slug":"bloom-booster-6","status":"publish","type":"product","link":"https:\/\/www.terraaquatica.com\/cs\/organicke-biostimulatory-kveteni-a-zrani\/bloom-booster-6","title":{"rendered":"Bloom Booster"},"content":{"rendered":"<p><em> P\u0159irozen\u00e1 podpora bohat\u00e9ho kveten\u00ed a plod\u016f<\/em><\/p>\n<p>Bloom Booster je \u00fa\u010dinn\u00fdm stimul\u00e1torem kveten\u00ed, kter\u00fd v\u00e1m zajist\u00ed bohat\u00e9 kveten\u00ed a mohutnou \u00farodu.<\/p>\n<p>Bloom Booster zvy\u0161uje metabolickou aktivitu a p\u0159\u00edsun miner\u00e1l\u016f d\u00edky pou\u017eit\u00ed biostimulant\u016f a organick\u00fdch transportn\u00edch podp\u016frn\u00fdch l\u00e1tek.<\/p>\n<p>To znamen\u00e1, \u017ee v pr\u016fb\u011bhu kl\u00ed\u010dov\u00e9 f\u00e1ze kveten\u00ed a plozen\u00ed budou rostliny obsypan\u00e9 kv\u011bty. V\u00fdsledkem je tedy \u00fa\u017easn\u00e9 kveten\u00ed a chutn\u011bj\u0161\u00ed plody. Bloom Booster funguje p\u0159irozen\u011b a umo\u017e\u0148uje rostlin\u00e1m p\u0159edv\u00e9st to nejlep\u0161\u00ed z jejich genetick\u00e9ho potenci\u00e1lu.<\/p>\n<p>Pro v\u0161echny rostliny v pr\u016fb\u011bhu kv\u011btov\u00e9 f\u00e1ze.<\/p>\n","protected":false},"author":3,"template":"","meta":{"_acf_changed":true},"m_thode_de_culture":[31,32],"substrat":[302,299,300,301,303],"product_category":[231],"class_list":["post-1965","product","type-product","status-publish","has-post-thumbnail","hentry","m_thode_de_culture-mineral-en","m_thode_de_culture-organic-en","substrat-bioponics","substrat-coco","substrat-hydro","substrat-soil","substrat-spray","product_category-organicke-biostimulatory-kveteni-a-zrani"],"acf":[],"yoast_head":"<!-- This site is optimized with the Yoast SEO plugin v27.3 - https:\/\/yoast.com\/product\/yoast-seo-wordpress\/ -->\n<title>Bloom Booster - Terra Aquatica<\/title>\n<meta name=\"robots\" content=\"index, follow, max-snippet:-1, max-image-preview:large, max-video-preview:-1\" \/>\n<link rel=\"canonical\" href=\"https:\/\/www.terraaquatica.com\/cs\/organicke-biostimulatory-kveteni-a-zrani\/bloom-booster-6\/\" \/>\n<meta property=\"og:locale\" content=\"cs_CZ\" \/>\n<meta property=\"og:type\" content=\"article\" \/>\n<meta property=\"og:title\" content=\"Bloom Booster - Terra Aquatica\" \/>\n<meta property=\"og:description\" content=\"P\u0159irozen\u00e1 podpora bohat\u00e9ho kveten\u00ed a plod\u016f Bloom Booster je \u00fa\u010dinn\u00fdm stimul\u00e1torem kveten\u00ed, kter\u00fd v\u00e1m zajist\u00ed bohat\u00e9 kveten\u00ed a mohutnou \u00farodu. [&hellip;]\" \/>\n<meta property=\"og:url\" content=\"https:\/\/www.terraaquatica.com\/cs\/organicke-biostimulatory-kveteni-a-zrani\/bloom-booster-6\" \/>\n<meta property=\"og:site_name\" content=\"Terra Aquatica\" \/>\n<meta property=\"article:modified_time\" content=\"2024-09-10T08:22:44+00:00\" \/>\n<meta property=\"og:image\" content=\"https:\/\/www.terraaquatica.com\/wp-content\/uploads\/2019\/03\/bloombooster-1l.jpg\" \/>\n\t<meta property=\"og:image:width\" content=\"720\" \/>\n\t<meta property=\"og:image:height\" content=\"720\" \/>\n\t<meta property=\"og:image:type\" content=\"image\/jpeg\" \/>\n<meta name=\"twitter:card\" content=\"summary_large_image\" \/>\n<meta name=\"twitter:label1\" content=\"Odhadovan\u00e1 doba \u010dten\u00ed\" \/>\n\t<meta name=\"twitter:data1\" content=\"1 minuta\" \/>\n<script type=\"application\/ld+json\" class=\"yoast-schema-graph\">{\"@context\":\"https:\\\/\\\/schema.org\",\"@graph\":[{\"@type\":\"WebPage\",\"@id\":\"https:\\\/\\\/www.terraaquatica.com\\\/cs\\\/organicke-biostimulatory-kveteni-a-zrani\\\/bloom-booster-6\",\"url\":\"https:\\\/\\\/www.terraaquatica.com\\\/cs\\\/organicke-biostimulatory-kveteni-a-zrani\\\/bloom-booster-6\",\"name\":\"Bloom Booster - Terra Aquatica\",\"isPartOf\":{\"@id\":\"https:\\\/\\\/www.terraaquatica.com\\\/#website\"},\"primaryImageOfPage\":{\"@id\":\"https:\\\/\\\/www.terraaquatica.com\\\/cs\\\/organicke-biostimulatory-kveteni-a-zrani\\\/bloom-booster-6#primaryimage\"},\"image\":{\"@id\":\"https:\\\/\\\/www.terraaquatica.com\\\/cs\\\/organicke-biostimulatory-kveteni-a-zrani\\\/bloom-booster-6#primaryimage\"},\"thumbnailUrl\":\"https:\\\/\\\/www.terraaquatica.com\\\/wp-content\\\/uploads\\\/2019\\\/03\\\/bloombooster-1l.jpg\",\"datePublished\":\"2018-10-29T11:40:02+00:00\",\"dateModified\":\"2024-09-10T08:22:44+00:00\",\"breadcrumb\":{\"@id\":\"https:\\\/\\\/www.terraaquatica.com\\\/cs\\\/organicke-biostimulatory-kveteni-a-zrani\\\/bloom-booster-6#breadcrumb\"},\"inLanguage\":\"cs\",\"potentialAction\":[{\"@type\":\"ReadAction\",\"target\":[\"https:\\\/\\\/www.terraaquatica.com\\\/cs\\\/organicke-biostimulatory-kveteni-a-zrani\\\/bloom-booster-6\"]}]},{\"@type\":\"ImageObject\",\"inLanguage\":\"cs\",\"@id\":\"https:\\\/\\\/www.terraaquatica.com\\\/cs\\\/organicke-biostimulatory-kveteni-a-zrani\\\/bloom-booster-6#primaryimage\",\"url\":\"https:\\\/\\\/www.terraaquatica.com\\\/wp-content\\\/uploads\\\/2019\\\/03\\\/bloombooster-1l.jpg\",\"contentUrl\":\"https:\\\/\\\/www.terraaquatica.com\\\/wp-content\\\/uploads\\\/2019\\\/03\\\/bloombooster-1l.jpg\",\"width\":720,\"height\":720,\"caption\":\"Bloom Booster\"},{\"@type\":\"BreadcrumbList\",\"@id\":\"https:\\\/\\\/www.terraaquatica.com\\\/cs\\\/organicke-biostimulatory-kveteni-a-zrani\\\/bloom-booster-6#breadcrumb\",\"itemListElement\":[{\"@type\":\"ListItem\",\"position\":1,\"name\":\"Accueil\",\"item\":\"https:\\\/\\\/www.terraaquatica.com\\\/cs\\\/\"},{\"@type\":\"ListItem\",\"position\":2,\"name\":\"Products\",\"item\":\"https:\\\/\\\/www.terraaquatica.com\\\/cs\\\/product\\\/\"},{\"@type\":\"ListItem\",\"position\":3,\"name\":\"Bloom Booster\"}]},{\"@type\":\"WebSite\",\"@id\":\"https:\\\/\\\/www.terraaquatica.com\\\/#website\",\"url\":\"https:\\\/\\\/www.terraaquatica.com\\\/\",\"name\":\"Terra Aquatica\",\"description\":\"Engrais et syst\u00e8mes de culture depuis 1995\",\"publisher\":{\"@id\":\"https:\\\/\\\/www.terraaquatica.com\\\/#organization\"},\"potentialAction\":[{\"@type\":\"SearchAction\",\"target\":{\"@type\":\"EntryPoint\",\"urlTemplate\":\"https:\\\/\\\/www.terraaquatica.com\\\/?s={search_term_string}\"},\"query-input\":{\"@type\":\"PropertyValueSpecification\",\"valueRequired\":true,\"valueName\":\"search_term_string\"}}],\"inLanguage\":\"cs\"},{\"@type\":\"Organization\",\"@id\":\"https:\\\/\\\/www.terraaquatica.com\\\/#organization\",\"name\":\"Terra Aquatica\",\"url\":\"https:\\\/\\\/www.terraaquatica.com\\\/\",\"logo\":{\"@type\":\"ImageObject\",\"inLanguage\":\"cs\",\"@id\":\"https:\\\/\\\/www.terraaquatica.com\\\/#\\\/schema\\\/logo\\\/image\\\/\",\"url\":\"https:\\\/\\\/www.terraaquatica.com\\\/wp-content\\\/uploads\\\/2022\\\/03\\\/favicon-transpa-big.png\",\"contentUrl\":\"https:\\\/\\\/www.terraaquatica.com\\\/wp-content\\\/uploads\\\/2022\\\/03\\\/favicon-transpa-big.png\",\"width\":512,\"height\":512,\"caption\":\"Terra Aquatica\"},\"image\":{\"@id\":\"https:\\\/\\\/www.terraaquatica.com\\\/#\\\/schema\\\/logo\\\/image\\\/\"}}]}<\/script>\n<!-- \/ Yoast SEO plugin. -->","yoast_head_json":{"title":"Bloom Booster - Terra Aquatica","robots":{"index":"index","follow":"follow","max-snippet":"max-snippet:-1","max-image-preview":"max-image-preview:large","max-video-preview":"max-video-preview:-1"},"canonical":"https:\/\/www.terraaquatica.com\/cs\/organicke-biostimulatory-kveteni-a-zrani\/bloom-booster-6\/","og_locale":"cs_CZ","og_type":"article","og_title":"Bloom Booster - Terra Aquatica","og_description":"P\u0159irozen\u00e1 podpora bohat\u00e9ho kveten\u00ed a plod\u016f Bloom Booster je \u00fa\u010dinn\u00fdm stimul\u00e1torem kveten\u00ed, kter\u00fd v\u00e1m zajist\u00ed bohat\u00e9 kveten\u00ed a mohutnou \u00farodu. [&hellip;]","og_url":"https:\/\/www.terraaquatica.com\/cs\/organicke-biostimulatory-kveteni-a-zrani\/bloom-booster-6","og_site_name":"Terra Aquatica","article_modified_time":"2024-09-10T08:22:44+00:00","og_image":[{"width":720,"height":720,"url":"https:\/\/www.terraaquatica.com\/wp-content\/uploads\/2019\/03\/bloombooster-1l.jpg","type":"image\/jpeg"}],"twitter_card":"summary_large_image","twitter_misc":{"Odhadovan\u00e1 doba \u010dten\u00ed":"1 minuta"},"schema":{"@context":"https:\/\/schema.org","@graph":[{"@type":"WebPage","@id":"https:\/\/www.terraaquatica.com\/cs\/organicke-biostimulatory-kveteni-a-zrani\/bloom-booster-6","url":"https:\/\/www.terraaquatica.com\/cs\/organicke-biostimulatory-kveteni-a-zrani\/bloom-booster-6","name":"Bloom Booster - Terra Aquatica","isPartOf":{"@id":"https:\/\/www.terraaquatica.com\/#website"},"primaryImageOfPage":{"@id":"https:\/\/www.terraaquatica.com\/cs\/organicke-biostimulatory-kveteni-a-zrani\/bloom-booster-6#primaryimage"},"image":{"@id":"https:\/\/www.terraaquatica.com\/cs\/organicke-biostimulatory-kveteni-a-zrani\/bloom-booster-6#primaryimage"},"thumbnailUrl":"https:\/\/www.terraaquatica.com\/wp-content\/uploads\/2019\/03\/bloombooster-1l.jpg","datePublished":"2018-10-29T11:40:02+00:00","dateModified":"2024-09-10T08:22:44+00:00","breadcrumb":{"@id":"https:\/\/www.terraaquatica.com\/cs\/organicke-biostimulatory-kveteni-a-zrani\/bloom-booster-6#breadcrumb"},"inLanguage":"cs","potentialAction":[{"@type":"ReadAction","target":["https:\/\/www.terraaquatica.com\/cs\/organicke-biostimulatory-kveteni-a-zrani\/bloom-booster-6"]}]},{"@type":"ImageObject","inLanguage":"cs","@id":"https:\/\/www.terraaquatica.com\/cs\/organicke-biostimulatory-kveteni-a-zrani\/bloom-booster-6#primaryimage","url":"https:\/\/www.terraaquatica.com\/wp-content\/uploads\/2019\/03\/bloombooster-1l.jpg","contentUrl":"https:\/\/www.terraaquatica.com\/wp-content\/uploads\/2019\/03\/bloombooster-1l.jpg","width":720,"height":720,"caption":"Bloom Booster"},{"@type":"BreadcrumbList","@id":"https:\/\/www.terraaquatica.com\/cs\/organicke-biostimulatory-kveteni-a-zrani\/bloom-booster-6#breadcrumb","itemListElement":[{"@type":"ListItem","position":1,"name":"Accueil","item":"https:\/\/www.terraaquatica.com\/cs\/"},{"@type":"ListItem","position":2,"name":"Products","item":"https:\/\/www.terraaquatica.com\/cs\/product\/"},{"@type":"ListItem","position":3,"name":"Bloom Booster"}]},{"@type":"WebSite","@id":"https:\/\/www.terraaquatica.com\/#website","url":"https:\/\/www.terraaquatica.com\/","name":"Terra Aquatica","description":"Engrais et syst\u00e8mes de culture depuis 1995","publisher":{"@id":"https:\/\/www.terraaquatica.com\/#organization"},"potentialAction":[{"@type":"SearchAction","target":{"@type":"EntryPoint","urlTemplate":"https:\/\/www.terraaquatica.com\/?s={search_term_string}"},"query-input":{"@type":"PropertyValueSpecification","valueRequired":true,"valueName":"search_term_string"}}],"inLanguage":"cs"},{"@type":"Organization","@id":"https:\/\/www.terraaquatica.com\/#organization","name":"Terra Aquatica","url":"https:\/\/www.terraaquatica.com\/","logo":{"@type":"ImageObject","inLanguage":"cs","@id":"https:\/\/www.terraaquatica.com\/#\/schema\/logo\/image\/","url":"https:\/\/www.terraaquatica.com\/wp-content\/uploads\/2022\/03\/favicon-transpa-big.png","contentUrl":"https:\/\/www.terraaquatica.com\/wp-content\/uploads\/2022\/03\/favicon-transpa-big.png","width":512,"height":512,"caption":"Terra Aquatica"},"image":{"@id":"https:\/\/www.terraaquatica.com\/#\/schema\/logo\/image\/"}}]}},"_links":{"self":[{"href":"https:\/\/www.terraaquatica.com\/cs\/wp-json\/wp\/v2\/product\/1965","targetHints":{"allow":["GET"]}}],"collection":[{"href":"https:\/\/www.terraaquatica.com\/cs\/wp-json\/wp\/v2\/product"}],"about":[{"href":"https:\/\/www.terraaquatica.com\/cs\/wp-json\/wp\/v2\/types\/product"}],"author":[{"embeddable":true,"href":"https:\/\/www.terraaquatica.com\/cs\/wp-json\/wp\/v2\/users\/3"}],"wp:featuredmedia":[{"embeddable":true,"href":"https:\/\/www.terraaquatica.com\/cs\/wp-json\/wp\/v2\/media\/1687"}],"wp:attachment":[{"href":"https:\/\/www.terraaquatica.com\/cs\/wp-json\/wp\/v2\/media?parent=1965"}],"wp:term":[{"taxonomy":"m_thode_de_culture","embeddable":true,"href":"https:\/\/www.terraaquatica.com\/cs\/wp-json\/wp\/v2\/m_thode_de_culture?post=1965"},{"taxonomy":"substrat","embeddable":true,"href":"https:\/\/www.terraaquatica.com\/cs\/wp-json\/wp\/v2\/substrat?post=1965"},{"taxonomy":"product_category","embeddable":true,"href":"https:\/\/www.terraaquatica.com\/cs\/wp-json\/wp\/v2\/product_category?post=1965"}],"curies":[{"name":"wp","href":"https:\/\/api.w.org\/{rel}","templated":true}]}}