{"id":1968,"date":"2018-10-29T12:50:11","date_gmt":"2018-10-29T11:50:11","guid":{"rendered":"https:\/\/www.terraaquatica.com\/produits\/seaweed-6\/"},"modified":"2024-11-25T11:06:35","modified_gmt":"2024-11-25T10:06:35","slug":"seaweed-6","status":"publish","type":"product","link":"https:\/\/www.terraaquatica.com\/cs\/univerzalni-organicke-biostimulatory\/seaweed-6","title":{"rendered":"Seaweed"},"content":{"rendered":"<p><em>\u00da\u010dinn\u00fd aktiv\u00e1tor pro f\u00e1zi p\u0159ed kveten\u00edm z nej\u010dist\u0161\u00edho zdroje na Zemi<\/em><\/p>\n<p>Seaweed je 100% p\u0159\u00edrodn\u00ed prost\u0159edek, kter\u00fd podporuje vitalitu p\u016fdy i rostlin a povzbuzuje bohat\u00fd r\u016fst ko\u0159en\u016f a list\u016f. Sou\u010dasn\u011b zvy\u0161uje hojnost kv\u011bt\u016f a p\u0159isp\u00edv\u00e1 k tvorb\u011b v\u011bt\u0161\u00edch kv\u011bt\u016f a plod\u016f.<\/p>\n<p>Seaweed podn\u011bcuje energick\u00fd zdrav\u00fd r\u016fst v synergii s libovoln\u00fdm v\u00fd\u017eivov\u00fdm re\u017eimem, v p\u016fd\u011b, kokosu i hydroponii.<br \/>\nMo\u0159sk\u00e9 \u0159asy mnoha druh\u016f jsou ji\u017e dlouho vn\u00edm\u00e1ny jako \u00fa\u010dinn\u00e9 prost\u0159edky pro stimulaci rostlin i jako prost\u0159edky, je\u017e rostlin\u00e1m ulevuj\u00ed od stresu. Jeden druh ale mezi v\u0161emi vynik\u00e1, a to Ascophyllum nodosum. Abychom v produktu Seaweed zachovali co nejv\u00edce aktivn\u00edch prvk\u016f, v\u010detn\u011b vysoce kvalitn\u00edho organick\u00e9ho dus\u00edku, lisujeme \u0159asy Ascophyllum za studena, p\u0159i\u010dem\u017e je z\u00edsk\u00e1v\u00e1me z nej\u010dist\u0161\u00edch vod na sv\u011bt\u011b. Nic dal\u0161\u00edho k nim nep\u0159id\u00e1v\u00e1me.<\/p>\n<p>Seaweed je obzvl\u00e1\u0161t\u011b \u00fa\u010dinn\u00fd jako aktiv\u00e1tor ve f\u00e1zi p\u0159ed kveten\u00edm.<\/p>\n<p><span data-olk-copy-source=\"MessageBody\"><strong>Speci\u00e1ln\u00ed informace :<\/strong> Zvolili jsme nov\u00fd, koncentrovan\u011bj\u0161\u00ed zdroj z\u00e1kladn\u00ed slo\u017eky Seaweed. Vypad\u00e1 jinak ne\u017e p\u0159edchoz\u00ed verze a vybrali jsme ho proto, \u017ee zaru\u010duje vynikaj\u00edc\u00ed \u00fa\u010dinnost.<\/span><\/p>\n","protected":false},"author":3,"template":"","meta":{"_acf_changed":false},"m_thode_de_culture":[31,32],"substrat":[302,299,300,301,303],"product_category":[236],"class_list":["post-1968","product","type-product","status-publish","has-post-thumbnail","hentry","m_thode_de_culture-mineral-en","m_thode_de_culture-organic-en","substrat-bioponics","substrat-coco","substrat-hydro","substrat-soil","substrat-spray","product_category-univerzalni-organicke-biostimulatory"],"acf":[],"yoast_head":"<!-- This site is optimized with the Yoast SEO plugin v27.3 - https:\/\/yoast.com\/product\/yoast-seo-wordpress\/ -->\n<title>Seaweed - Terra Aquatica<\/title>\n<meta name=\"robots\" content=\"index, follow, max-snippet:-1, max-image-preview:large, max-video-preview:-1\" \/>\n<link rel=\"canonical\" href=\"https:\/\/www.terraaquatica.com\/cs\/univerzalni-organicke-biostimulatory\/seaweed-6\/\" \/>\n<meta property=\"og:locale\" content=\"cs_CZ\" \/>\n<meta property=\"og:type\" content=\"article\" \/>\n<meta property=\"og:title\" content=\"Seaweed - Terra Aquatica\" \/>\n<meta property=\"og:description\" content=\"\u00da\u010dinn\u00fd aktiv\u00e1tor pro f\u00e1zi p\u0159ed kveten\u00edm z nej\u010dist\u0161\u00edho zdroje na Zemi Seaweed je 100% p\u0159\u00edrodn\u00ed prost\u0159edek, kter\u00fd podporuje vitalitu p\u016fdy [&hellip;]\" \/>\n<meta property=\"og:url\" content=\"https:\/\/www.terraaquatica.com\/cs\/univerzalni-organicke-biostimulatory\/seaweed-6\" \/>\n<meta property=\"og:site_name\" content=\"Terra Aquatica\" \/>\n<meta property=\"article:modified_time\" content=\"2024-11-25T10:06:35+00:00\" \/>\n<meta property=\"og:image\" content=\"https:\/\/www.terraaquatica.com\/wp-content\/uploads\/2019\/03\/seaweed-1l.jpg\" \/>\n\t<meta property=\"og:image:width\" content=\"720\" \/>\n\t<meta property=\"og:image:height\" content=\"720\" \/>\n\t<meta property=\"og:image:type\" content=\"image\/jpeg\" \/>\n<meta name=\"twitter:card\" content=\"summary_large_image\" \/>\n<meta name=\"twitter:label1\" content=\"Odhadovan\u00e1 doba \u010dten\u00ed\" \/>\n\t<meta name=\"twitter:data1\" content=\"1 minuta\" \/>\n<script type=\"application\/ld+json\" class=\"yoast-schema-graph\">{\"@context\":\"https:\\\/\\\/schema.org\",\"@graph\":[{\"@type\":\"WebPage\",\"@id\":\"https:\\\/\\\/www.terraaquatica.com\\\/cs\\\/univerzalni-organicke-biostimulatory\\\/seaweed-6\",\"url\":\"https:\\\/\\\/www.terraaquatica.com\\\/cs\\\/univerzalni-organicke-biostimulatory\\\/seaweed-6\",\"name\":\"Seaweed - Terra Aquatica\",\"isPartOf\":{\"@id\":\"https:\\\/\\\/www.terraaquatica.com\\\/#website\"},\"primaryImageOfPage\":{\"@id\":\"https:\\\/\\\/www.terraaquatica.com\\\/cs\\\/univerzalni-organicke-biostimulatory\\\/seaweed-6#primaryimage\"},\"image\":{\"@id\":\"https:\\\/\\\/www.terraaquatica.com\\\/cs\\\/univerzalni-organicke-biostimulatory\\\/seaweed-6#primaryimage\"},\"thumbnailUrl\":\"https:\\\/\\\/www.terraaquatica.com\\\/wp-content\\\/uploads\\\/2019\\\/03\\\/seaweed-1l.jpg\",\"datePublished\":\"2018-10-29T11:50:11+00:00\",\"dateModified\":\"2024-11-25T10:06:35+00:00\",\"breadcrumb\":{\"@id\":\"https:\\\/\\\/www.terraaquatica.com\\\/cs\\\/univerzalni-organicke-biostimulatory\\\/seaweed-6#breadcrumb\"},\"inLanguage\":\"cs\",\"potentialAction\":[{\"@type\":\"ReadAction\",\"target\":[\"https:\\\/\\\/www.terraaquatica.com\\\/cs\\\/univerzalni-organicke-biostimulatory\\\/seaweed-6\"]}]},{\"@type\":\"ImageObject\",\"inLanguage\":\"cs\",\"@id\":\"https:\\\/\\\/www.terraaquatica.com\\\/cs\\\/univerzalni-organicke-biostimulatory\\\/seaweed-6#primaryimage\",\"url\":\"https:\\\/\\\/www.terraaquatica.com\\\/wp-content\\\/uploads\\\/2019\\\/03\\\/seaweed-1l.jpg\",\"contentUrl\":\"https:\\\/\\\/www.terraaquatica.com\\\/wp-content\\\/uploads\\\/2019\\\/03\\\/seaweed-1l.jpg\",\"width\":720,\"height\":720,\"caption\":\"Seaweed\"},{\"@type\":\"BreadcrumbList\",\"@id\":\"https:\\\/\\\/www.terraaquatica.com\\\/cs\\\/univerzalni-organicke-biostimulatory\\\/seaweed-6#breadcrumb\",\"itemListElement\":[{\"@type\":\"ListItem\",\"position\":1,\"name\":\"Accueil\",\"item\":\"https:\\\/\\\/www.terraaquatica.com\\\/cs\\\/\"},{\"@type\":\"ListItem\",\"position\":2,\"name\":\"Products\",\"item\":\"https:\\\/\\\/www.terraaquatica.com\\\/cs\\\/product\\\/\"},{\"@type\":\"ListItem\",\"position\":3,\"name\":\"Seaweed\"}]},{\"@type\":\"WebSite\",\"@id\":\"https:\\\/\\\/www.terraaquatica.com\\\/#website\",\"url\":\"https:\\\/\\\/www.terraaquatica.com\\\/\",\"name\":\"Terra Aquatica\",\"description\":\"Engrais et syst\u00e8mes de culture depuis 1995\",\"publisher\":{\"@id\":\"https:\\\/\\\/www.terraaquatica.com\\\/#organization\"},\"potentialAction\":[{\"@type\":\"SearchAction\",\"target\":{\"@type\":\"EntryPoint\",\"urlTemplate\":\"https:\\\/\\\/www.terraaquatica.com\\\/?s={search_term_string}\"},\"query-input\":{\"@type\":\"PropertyValueSpecification\",\"valueRequired\":true,\"valueName\":\"search_term_string\"}}],\"inLanguage\":\"cs\"},{\"@type\":\"Organization\",\"@id\":\"https:\\\/\\\/www.terraaquatica.com\\\/#organization\",\"name\":\"Terra Aquatica\",\"url\":\"https:\\\/\\\/www.terraaquatica.com\\\/\",\"logo\":{\"@type\":\"ImageObject\",\"inLanguage\":\"cs\",\"@id\":\"https:\\\/\\\/www.terraaquatica.com\\\/#\\\/schema\\\/logo\\\/image\\\/\",\"url\":\"https:\\\/\\\/www.terraaquatica.com\\\/wp-content\\\/uploads\\\/2022\\\/03\\\/favicon-transpa-big.png\",\"contentUrl\":\"https:\\\/\\\/www.terraaquatica.com\\\/wp-content\\\/uploads\\\/2022\\\/03\\\/favicon-transpa-big.png\",\"width\":512,\"height\":512,\"caption\":\"Terra Aquatica\"},\"image\":{\"@id\":\"https:\\\/\\\/www.terraaquatica.com\\\/#\\\/schema\\\/logo\\\/image\\\/\"}}]}<\/script>\n<!-- \/ Yoast SEO plugin. -->","yoast_head_json":{"title":"Seaweed - Terra Aquatica","robots":{"index":"index","follow":"follow","max-snippet":"max-snippet:-1","max-image-preview":"max-image-preview:large","max-video-preview":"max-video-preview:-1"},"canonical":"https:\/\/www.terraaquatica.com\/cs\/univerzalni-organicke-biostimulatory\/seaweed-6\/","og_locale":"cs_CZ","og_type":"article","og_title":"Seaweed - Terra Aquatica","og_description":"\u00da\u010dinn\u00fd aktiv\u00e1tor pro f\u00e1zi p\u0159ed kveten\u00edm z nej\u010dist\u0161\u00edho zdroje na Zemi Seaweed je 100% p\u0159\u00edrodn\u00ed prost\u0159edek, kter\u00fd podporuje vitalitu p\u016fdy [&hellip;]","og_url":"https:\/\/www.terraaquatica.com\/cs\/univerzalni-organicke-biostimulatory\/seaweed-6","og_site_name":"Terra Aquatica","article_modified_time":"2024-11-25T10:06:35+00:00","og_image":[{"width":720,"height":720,"url":"https:\/\/www.terraaquatica.com\/wp-content\/uploads\/2019\/03\/seaweed-1l.jpg","type":"image\/jpeg"}],"twitter_card":"summary_large_image","twitter_misc":{"Odhadovan\u00e1 doba \u010dten\u00ed":"1 minuta"},"schema":{"@context":"https:\/\/schema.org","@graph":[{"@type":"WebPage","@id":"https:\/\/www.terraaquatica.com\/cs\/univerzalni-organicke-biostimulatory\/seaweed-6","url":"https:\/\/www.terraaquatica.com\/cs\/univerzalni-organicke-biostimulatory\/seaweed-6","name":"Seaweed - Terra Aquatica","isPartOf":{"@id":"https:\/\/www.terraaquatica.com\/#website"},"primaryImageOfPage":{"@id":"https:\/\/www.terraaquatica.com\/cs\/univerzalni-organicke-biostimulatory\/seaweed-6#primaryimage"},"image":{"@id":"https:\/\/www.terraaquatica.com\/cs\/univerzalni-organicke-biostimulatory\/seaweed-6#primaryimage"},"thumbnailUrl":"https:\/\/www.terraaquatica.com\/wp-content\/uploads\/2019\/03\/seaweed-1l.jpg","datePublished":"2018-10-29T11:50:11+00:00","dateModified":"2024-11-25T10:06:35+00:00","breadcrumb":{"@id":"https:\/\/www.terraaquatica.com\/cs\/univerzalni-organicke-biostimulatory\/seaweed-6#breadcrumb"},"inLanguage":"cs","potentialAction":[{"@type":"ReadAction","target":["https:\/\/www.terraaquatica.com\/cs\/univerzalni-organicke-biostimulatory\/seaweed-6"]}]},{"@type":"ImageObject","inLanguage":"cs","@id":"https:\/\/www.terraaquatica.com\/cs\/univerzalni-organicke-biostimulatory\/seaweed-6#primaryimage","url":"https:\/\/www.terraaquatica.com\/wp-content\/uploads\/2019\/03\/seaweed-1l.jpg","contentUrl":"https:\/\/www.terraaquatica.com\/wp-content\/uploads\/2019\/03\/seaweed-1l.jpg","width":720,"height":720,"caption":"Seaweed"},{"@type":"BreadcrumbList","@id":"https:\/\/www.terraaquatica.com\/cs\/univerzalni-organicke-biostimulatory\/seaweed-6#breadcrumb","itemListElement":[{"@type":"ListItem","position":1,"name":"Accueil","item":"https:\/\/www.terraaquatica.com\/cs\/"},{"@type":"ListItem","position":2,"name":"Products","item":"https:\/\/www.terraaquatica.com\/cs\/product\/"},{"@type":"ListItem","position":3,"name":"Seaweed"}]},{"@type":"WebSite","@id":"https:\/\/www.terraaquatica.com\/#website","url":"https:\/\/www.terraaquatica.com\/","name":"Terra Aquatica","description":"Engrais et syst\u00e8mes de culture depuis 1995","publisher":{"@id":"https:\/\/www.terraaquatica.com\/#organization"},"potentialAction":[{"@type":"SearchAction","target":{"@type":"EntryPoint","urlTemplate":"https:\/\/www.terraaquatica.com\/?s={search_term_string}"},"query-input":{"@type":"PropertyValueSpecification","valueRequired":true,"valueName":"search_term_string"}}],"inLanguage":"cs"},{"@type":"Organization","@id":"https:\/\/www.terraaquatica.com\/#organization","name":"Terra Aquatica","url":"https:\/\/www.terraaquatica.com\/","logo":{"@type":"ImageObject","inLanguage":"cs","@id":"https:\/\/www.terraaquatica.com\/#\/schema\/logo\/image\/","url":"https:\/\/www.terraaquatica.com\/wp-content\/uploads\/2022\/03\/favicon-transpa-big.png","contentUrl":"https:\/\/www.terraaquatica.com\/wp-content\/uploads\/2022\/03\/favicon-transpa-big.png","width":512,"height":512,"caption":"Terra Aquatica"},"image":{"@id":"https:\/\/www.terraaquatica.com\/#\/schema\/logo\/image\/"}}]}},"_links":{"self":[{"href":"https:\/\/www.terraaquatica.com\/cs\/wp-json\/wp\/v2\/product\/1968","targetHints":{"allow":["GET"]}}],"collection":[{"href":"https:\/\/www.terraaquatica.com\/cs\/wp-json\/wp\/v2\/product"}],"about":[{"href":"https:\/\/www.terraaquatica.com\/cs\/wp-json\/wp\/v2\/types\/product"}],"author":[{"embeddable":true,"href":"https:\/\/www.terraaquatica.com\/cs\/wp-json\/wp\/v2\/users\/3"}],"wp:featuredmedia":[{"embeddable":true,"href":"https:\/\/www.terraaquatica.com\/cs\/wp-json\/wp\/v2\/media\/1691"}],"wp:attachment":[{"href":"https:\/\/www.terraaquatica.com\/cs\/wp-json\/wp\/v2\/media?parent=1968"}],"wp:term":[{"taxonomy":"m_thode_de_culture","embeddable":true,"href":"https:\/\/www.terraaquatica.com\/cs\/wp-json\/wp\/v2\/m_thode_de_culture?post=1968"},{"taxonomy":"substrat","embeddable":true,"href":"https:\/\/www.terraaquatica.com\/cs\/wp-json\/wp\/v2\/substrat?post=1968"},{"taxonomy":"product_category","embeddable":true,"href":"https:\/\/www.terraaquatica.com\/cs\/wp-json\/wp\/v2\/product_category?post=1968"}],"curies":[{"name":"wp","href":"https:\/\/api.w.org\/{rel}","templated":true}]}}