{"id":1983,"date":"2018-10-29T16:10:35","date_gmt":"2018-10-29T15:10:35","guid":{"rendered":"https:\/\/www.terraaquatica.com\/produits\/waterpack-acs-html-6\/"},"modified":"2025-04-08T14:28:13","modified_gmt":"2025-04-08T12:28:13","slug":"waterpack-acs-html-6","status":"publish","type":"product","link":"https:\/\/www.terraaquatica.com\/cs\/hydroponicke-systemy\/waterpack-acs-html-6","title":{"rendered":"CultiMate\u00ae 4-pack"},"content":{"rendered":"<p><em>Vysoce efektivn\u00ed, roz\u0161i\u0159iteln\u00fd cirkula\u010dn\u00ed syst\u00e9m s nen\u00e1ro\u010dn\u00fdm pou\u017eit\u00edm<\/em><br \/>\nSyst\u00e9m CultiMate\u00ae 4-pack umo\u017e\u0148uje nainstalovat po\u0159\u00e1dn\u00fd hydroponick\u00fd syst\u00e9m i do mal\u00fdch prostor a sou\u010dasn\u011b jeho velikost p\u0159izp\u016fsobit aktu\u00e1ln\u00edm pot\u0159eb\u00e1m. Cel\u00fd syst\u00e9m je poh\u00e1n\u011bn jedin\u00fdm vzduchov\u00fdm kompresorem.<br \/>\nD\u00edky inovativn\u00ed konstrukci rozdvojky T sta\u010d\u00ed na \u00faplnou cirkulaci \u017eivn\u00e9ho roztoku pouze p\u016fl hodiny!<br \/>\nCultiMate\u00ae 4-pack je vyroben ze stejn\u00e9ho vysoce kvalitn\u00edho plastu jako n\u00e1\u0161 \u0161pi\u010dkov\u00fd produkt CultiMate\u00ae a disponuje stejn\u011b snadn\u00fdm p\u0159\u00edstupem k 45 L n\u00e1dr\u017ei.<br \/>\nTa je vybavena t\u0159menov\u00fdm uz\u00e1v\u011brem pro jednoduch\u00e9 napou\u0161t\u011bn\u00ed i vypou\u0161t\u011bn\u00ed a bezprobl\u00e9mov\u00fd p\u0159\u00edstup k \u017eivn\u00e9mu roztoku.<\/p>\n<ul>\n<li>Lisov\u00e1no, natavov\u00e1no ve Francii z extr\u00e9mn\u011b odoln\u00e9ho a trvanliv\u00e9ho recyklovan\u00e9ho plastu.<\/li>\n<li>Ochrana ko\u0159en\u016f p\u0159ed UV z\u00e1\u0159en\u00edm a sv\u011btlem.<\/li>\n<li>V\u0161estrann\u00fd, p\u0159izp\u016fsobiv\u00fd a roz\u0161i\u0159iteln\u00fd syst\u00e9m.<\/li>\n<\/ul>\n<p>CultiMate\u00ae 4-pack je standardn\u011b dod\u00e1v\u00e1n se 4 jednotkami CultiMate\u00ae S a nejl\u00e9pe funguje v konfiguraci jedna rostlina na jeden kv\u011btin\u00e1\u010d.<br \/>\nPokud chcete k syst\u00e9mu p\u0159ipojit dal\u0161\u00ed jednotky CultiMate\u00ae, jsou k dispozici roz\u0161i\u0159uj\u00edc\u00ed sou\u010d\u00e1stky.<br \/>\nCultiMate\u00ae Controller lze rovn\u011b\u017e vyu\u017e\u00edt s kv\u011btin\u00e1\u010di jin\u00fdch zna\u010dek.<\/p>\n<p><span style=\"font-size: 9px;\">*Celo\u017eivotn\u00ed z\u00e1ruka je pouze na lisovan\u00e9 plastov\u00e9 d\u00edly vyr\u00e1b\u011bn\u00e9 Terra Aquatica ve Francii p\u0159i smyslupln\u00e9m pou\u017eit\u00ed a nezahrnuje vedlej\u0161\u00ed komponenty, \u010derpadlo apod.<\/span><\/p>\n\n\n<p class=\"has-normal-font-size\"><strong>N\u00e1vod k mont\u00e1\u017ei<\/strong><\/p>\n\n\n\n<figure class=\"wp-block-embed is-type-video is-provider-youtube wp-block-embed-youtube wp-embed-aspect-16-9 wp-has-aspect-ratio\"><div class=\"wp-block-embed__wrapper\">\n<iframe title=\"Montage du syst\u00e8me hydroponique CultiMate 4 packs\" width=\"500\" height=\"281\" src=\"https:\/\/www.youtube.com\/embed\/n1kAcfLW9YQ?feature=oembed\" frameborder=\"0\" allow=\"accelerometer; autoplay; clipboard-write; encrypted-media; gyroscope; picture-in-picture; web-share\" referrerpolicy=\"strict-origin-when-cross-origin\" allowfullscreen><\/iframe>\n<\/div><\/figure>\n","protected":false},"author":3,"template":"","meta":{"_acf_changed":false},"m_thode_de_culture":[31,32],"substrat":[],"product_category":[229],"class_list":["post-1983","product","type-product","status-publish","has-post-thumbnail","hentry","m_thode_de_culture-mineral-en","m_thode_de_culture-organic-en","product_category-hydroponicke-systemy"],"acf":[],"yoast_head":"<!-- This site is optimized with the Yoast SEO plugin v27.3 - https:\/\/yoast.com\/product\/yoast-seo-wordpress\/ -->\n<title>[node:title], syst\u00e9m aktivn\u00ed cirkulace pro WaterFarm<\/title>\n<meta name=\"robots\" content=\"index, follow, max-snippet:-1, max-image-preview:large, max-video-preview:-1\" \/>\n<link rel=\"canonical\" href=\"https:\/\/www.terraaquatica.com\/cs\/hydroponicke-systemy\/waterpack-acs-html-6\/\" \/>\n<meta property=\"og:locale\" content=\"cs_CZ\" \/>\n<meta property=\"og:type\" content=\"article\" \/>\n<meta property=\"og:title\" content=\"[node:title], syst\u00e9m aktivn\u00ed cirkulace pro WaterFarm\" \/>\n<meta property=\"og:description\" content=\"Vysoce efektivn\u00ed, roz\u0161i\u0159iteln\u00fd cirkula\u010dn\u00ed syst\u00e9m s nen\u00e1ro\u010dn\u00fdm pou\u017eit\u00edm Syst\u00e9m CultiMate\u00ae 4-pack umo\u017e\u0148uje nainstalovat po\u0159\u00e1dn\u00fd hydroponick\u00fd syst\u00e9m i do mal\u00fdch prostor [&hellip;]\" \/>\n<meta property=\"og:url\" content=\"https:\/\/www.terraaquatica.com\/cs\/hydroponicke-systemy\/waterpack-acs-html-6\" \/>\n<meta property=\"og:site_name\" content=\"Terra Aquatica\" \/>\n<meta property=\"article:modified_time\" content=\"2025-04-08T12:28:13+00:00\" \/>\n<meta property=\"og:image\" content=\"https:\/\/www.terraaquatica.com\/wp-content\/uploads\/2017\/11\/waterpack-v3_0.png\" \/>\n\t<meta property=\"og:image:width\" content=\"720\" \/>\n\t<meta property=\"og:image:height\" content=\"720\" \/>\n\t<meta property=\"og:image:type\" content=\"image\/png\" \/>\n<meta name=\"twitter:card\" content=\"summary_large_image\" \/>\n<meta name=\"twitter:label1\" content=\"Odhadovan\u00e1 doba \u010dten\u00ed\" \/>\n\t<meta name=\"twitter:data1\" content=\"1 minuta\" \/>\n<script type=\"application\/ld+json\" class=\"yoast-schema-graph\">{\"@context\":\"https:\\\/\\\/schema.org\",\"@graph\":[{\"@type\":\"WebPage\",\"@id\":\"https:\\\/\\\/www.terraaquatica.com\\\/cs\\\/hydroponicke-systemy\\\/waterpack-acs-html-6\",\"url\":\"https:\\\/\\\/www.terraaquatica.com\\\/cs\\\/hydroponicke-systemy\\\/waterpack-acs-html-6\",\"name\":\"[node:title], syst\u00e9m aktivn\u00ed cirkulace pro WaterFarm\",\"isPartOf\":{\"@id\":\"https:\\\/\\\/www.terraaquatica.com\\\/#website\"},\"primaryImageOfPage\":{\"@id\":\"https:\\\/\\\/www.terraaquatica.com\\\/cs\\\/hydroponicke-systemy\\\/waterpack-acs-html-6#primaryimage\"},\"image\":{\"@id\":\"https:\\\/\\\/www.terraaquatica.com\\\/cs\\\/hydroponicke-systemy\\\/waterpack-acs-html-6#primaryimage\"},\"thumbnailUrl\":\"https:\\\/\\\/www.terraaquatica.com\\\/wp-content\\\/uploads\\\/2017\\\/11\\\/waterpack-v3_0.png\",\"datePublished\":\"2018-10-29T15:10:35+00:00\",\"dateModified\":\"2025-04-08T12:28:13+00:00\",\"breadcrumb\":{\"@id\":\"https:\\\/\\\/www.terraaquatica.com\\\/cs\\\/hydroponicke-systemy\\\/waterpack-acs-html-6#breadcrumb\"},\"inLanguage\":\"cs\",\"potentialAction\":[{\"@type\":\"ReadAction\",\"target\":[\"https:\\\/\\\/www.terraaquatica.com\\\/cs\\\/hydroponicke-systemy\\\/waterpack-acs-html-6\"]}]},{\"@type\":\"ImageObject\",\"inLanguage\":\"cs\",\"@id\":\"https:\\\/\\\/www.terraaquatica.com\\\/cs\\\/hydroponicke-systemy\\\/waterpack-acs-html-6#primaryimage\",\"url\":\"https:\\\/\\\/www.terraaquatica.com\\\/wp-content\\\/uploads\\\/2017\\\/11\\\/waterpack-v3_0.png\",\"contentUrl\":\"https:\\\/\\\/www.terraaquatica.com\\\/wp-content\\\/uploads\\\/2017\\\/11\\\/waterpack-v3_0.png\",\"width\":720,\"height\":720,\"caption\":\"waterpack\"},{\"@type\":\"BreadcrumbList\",\"@id\":\"https:\\\/\\\/www.terraaquatica.com\\\/cs\\\/hydroponicke-systemy\\\/waterpack-acs-html-6#breadcrumb\",\"itemListElement\":[{\"@type\":\"ListItem\",\"position\":1,\"name\":\"Accueil\",\"item\":\"https:\\\/\\\/www.terraaquatica.com\\\/cs\\\/\"},{\"@type\":\"ListItem\",\"position\":2,\"name\":\"Products\",\"item\":\"https:\\\/\\\/www.terraaquatica.com\\\/cs\\\/product\\\/\"},{\"@type\":\"ListItem\",\"position\":3,\"name\":\"CultiMate\u00ae 4-pack\"}]},{\"@type\":\"WebSite\",\"@id\":\"https:\\\/\\\/www.terraaquatica.com\\\/#website\",\"url\":\"https:\\\/\\\/www.terraaquatica.com\\\/\",\"name\":\"Terra Aquatica\",\"description\":\"Engrais et syst\u00e8mes de culture depuis 1995\",\"publisher\":{\"@id\":\"https:\\\/\\\/www.terraaquatica.com\\\/#organization\"},\"potentialAction\":[{\"@type\":\"SearchAction\",\"target\":{\"@type\":\"EntryPoint\",\"urlTemplate\":\"https:\\\/\\\/www.terraaquatica.com\\\/?s={search_term_string}\"},\"query-input\":{\"@type\":\"PropertyValueSpecification\",\"valueRequired\":true,\"valueName\":\"search_term_string\"}}],\"inLanguage\":\"cs\"},{\"@type\":\"Organization\",\"@id\":\"https:\\\/\\\/www.terraaquatica.com\\\/#organization\",\"name\":\"Terra Aquatica\",\"url\":\"https:\\\/\\\/www.terraaquatica.com\\\/\",\"logo\":{\"@type\":\"ImageObject\",\"inLanguage\":\"cs\",\"@id\":\"https:\\\/\\\/www.terraaquatica.com\\\/#\\\/schema\\\/logo\\\/image\\\/\",\"url\":\"https:\\\/\\\/www.terraaquatica.com\\\/wp-content\\\/uploads\\\/2022\\\/03\\\/favicon-transpa-big.png\",\"contentUrl\":\"https:\\\/\\\/www.terraaquatica.com\\\/wp-content\\\/uploads\\\/2022\\\/03\\\/favicon-transpa-big.png\",\"width\":512,\"height\":512,\"caption\":\"Terra Aquatica\"},\"image\":{\"@id\":\"https:\\\/\\\/www.terraaquatica.com\\\/#\\\/schema\\\/logo\\\/image\\\/\"}}]}<\/script>\n<!-- \/ Yoast SEO plugin. -->","yoast_head_json":{"title":"[node:title], syst\u00e9m aktivn\u00ed cirkulace pro WaterFarm","robots":{"index":"index","follow":"follow","max-snippet":"max-snippet:-1","max-image-preview":"max-image-preview:large","max-video-preview":"max-video-preview:-1"},"canonical":"https:\/\/www.terraaquatica.com\/cs\/hydroponicke-systemy\/waterpack-acs-html-6\/","og_locale":"cs_CZ","og_type":"article","og_title":"[node:title], syst\u00e9m aktivn\u00ed cirkulace pro WaterFarm","og_description":"Vysoce efektivn\u00ed, roz\u0161i\u0159iteln\u00fd cirkula\u010dn\u00ed syst\u00e9m s nen\u00e1ro\u010dn\u00fdm pou\u017eit\u00edm Syst\u00e9m CultiMate\u00ae 4-pack umo\u017e\u0148uje nainstalovat po\u0159\u00e1dn\u00fd hydroponick\u00fd syst\u00e9m i do mal\u00fdch prostor [&hellip;]","og_url":"https:\/\/www.terraaquatica.com\/cs\/hydroponicke-systemy\/waterpack-acs-html-6","og_site_name":"Terra Aquatica","article_modified_time":"2025-04-08T12:28:13+00:00","og_image":[{"width":720,"height":720,"url":"https:\/\/www.terraaquatica.com\/wp-content\/uploads\/2017\/11\/waterpack-v3_0.png","type":"image\/png"}],"twitter_card":"summary_large_image","twitter_misc":{"Odhadovan\u00e1 doba \u010dten\u00ed":"1 minuta"},"schema":{"@context":"https:\/\/schema.org","@graph":[{"@type":"WebPage","@id":"https:\/\/www.terraaquatica.com\/cs\/hydroponicke-systemy\/waterpack-acs-html-6","url":"https:\/\/www.terraaquatica.com\/cs\/hydroponicke-systemy\/waterpack-acs-html-6","name":"[node:title], syst\u00e9m aktivn\u00ed cirkulace pro WaterFarm","isPartOf":{"@id":"https:\/\/www.terraaquatica.com\/#website"},"primaryImageOfPage":{"@id":"https:\/\/www.terraaquatica.com\/cs\/hydroponicke-systemy\/waterpack-acs-html-6#primaryimage"},"image":{"@id":"https:\/\/www.terraaquatica.com\/cs\/hydroponicke-systemy\/waterpack-acs-html-6#primaryimage"},"thumbnailUrl":"https:\/\/www.terraaquatica.com\/wp-content\/uploads\/2017\/11\/waterpack-v3_0.png","datePublished":"2018-10-29T15:10:35+00:00","dateModified":"2025-04-08T12:28:13+00:00","breadcrumb":{"@id":"https:\/\/www.terraaquatica.com\/cs\/hydroponicke-systemy\/waterpack-acs-html-6#breadcrumb"},"inLanguage":"cs","potentialAction":[{"@type":"ReadAction","target":["https:\/\/www.terraaquatica.com\/cs\/hydroponicke-systemy\/waterpack-acs-html-6"]}]},{"@type":"ImageObject","inLanguage":"cs","@id":"https:\/\/www.terraaquatica.com\/cs\/hydroponicke-systemy\/waterpack-acs-html-6#primaryimage","url":"https:\/\/www.terraaquatica.com\/wp-content\/uploads\/2017\/11\/waterpack-v3_0.png","contentUrl":"https:\/\/www.terraaquatica.com\/wp-content\/uploads\/2017\/11\/waterpack-v3_0.png","width":720,"height":720,"caption":"waterpack"},{"@type":"BreadcrumbList","@id":"https:\/\/www.terraaquatica.com\/cs\/hydroponicke-systemy\/waterpack-acs-html-6#breadcrumb","itemListElement":[{"@type":"ListItem","position":1,"name":"Accueil","item":"https:\/\/www.terraaquatica.com\/cs\/"},{"@type":"ListItem","position":2,"name":"Products","item":"https:\/\/www.terraaquatica.com\/cs\/product\/"},{"@type":"ListItem","position":3,"name":"CultiMate\u00ae 4-pack"}]},{"@type":"WebSite","@id":"https:\/\/www.terraaquatica.com\/#website","url":"https:\/\/www.terraaquatica.com\/","name":"Terra Aquatica","description":"Engrais et syst\u00e8mes de culture depuis 1995","publisher":{"@id":"https:\/\/www.terraaquatica.com\/#organization"},"potentialAction":[{"@type":"SearchAction","target":{"@type":"EntryPoint","urlTemplate":"https:\/\/www.terraaquatica.com\/?s={search_term_string}"},"query-input":{"@type":"PropertyValueSpecification","valueRequired":true,"valueName":"search_term_string"}}],"inLanguage":"cs"},{"@type":"Organization","@id":"https:\/\/www.terraaquatica.com\/#organization","name":"Terra Aquatica","url":"https:\/\/www.terraaquatica.com\/","logo":{"@type":"ImageObject","inLanguage":"cs","@id":"https:\/\/www.terraaquatica.com\/#\/schema\/logo\/image\/","url":"https:\/\/www.terraaquatica.com\/wp-content\/uploads\/2022\/03\/favicon-transpa-big.png","contentUrl":"https:\/\/www.terraaquatica.com\/wp-content\/uploads\/2022\/03\/favicon-transpa-big.png","width":512,"height":512,"caption":"Terra Aquatica"},"image":{"@id":"https:\/\/www.terraaquatica.com\/#\/schema\/logo\/image\/"}}]}},"_links":{"self":[{"href":"https:\/\/www.terraaquatica.com\/cs\/wp-json\/wp\/v2\/product\/1983","targetHints":{"allow":["GET"]}}],"collection":[{"href":"https:\/\/www.terraaquatica.com\/cs\/wp-json\/wp\/v2\/product"}],"about":[{"href":"https:\/\/www.terraaquatica.com\/cs\/wp-json\/wp\/v2\/types\/product"}],"author":[{"embeddable":true,"href":"https:\/\/www.terraaquatica.com\/cs\/wp-json\/wp\/v2\/users\/3"}],"wp:featuredmedia":[{"embeddable":true,"href":"https:\/\/www.terraaquatica.com\/cs\/wp-json\/wp\/v2\/media\/1747"}],"wp:attachment":[{"href":"https:\/\/www.terraaquatica.com\/cs\/wp-json\/wp\/v2\/media?parent=1983"}],"wp:term":[{"taxonomy":"m_thode_de_culture","embeddable":true,"href":"https:\/\/www.terraaquatica.com\/cs\/wp-json\/wp\/v2\/m_thode_de_culture?post=1983"},{"taxonomy":"substrat","embeddable":true,"href":"https:\/\/www.terraaquatica.com\/cs\/wp-json\/wp\/v2\/substrat?post=1983"},{"taxonomy":"product_category","embeddable":true,"href":"https:\/\/www.terraaquatica.com\/cs\/wp-json\/wp\/v2\/product_category?post=1983"}],"curies":[{"name":"wp","href":"https:\/\/api.w.org\/{rel}","templated":true}]}}