{"id":1989,"date":"2018-10-29T16:27:43","date_gmt":"2018-10-29T15:27:43","guid":{"rendered":"https:\/\/www.terraaquatica.com\/produits\/growstream-html-6\/"},"modified":"2025-10-27T14:46:55","modified_gmt":"2025-10-27T13:46:55","slug":"growstream-html-6","status":"publish","type":"product","link":"https:\/\/www.terraaquatica.com\/cs\/hydroponicke-systemy\/growstream-html-6","title":{"rendered":"GrowStream\u00ae"},"content":{"rendered":"<p>Pou\u017eit\u00e1 technologie vych\u00e1z\u00ed z&nbsp;na\u0161eho Aeroflo syst\u00e9mu a zahrnuje n\u011bkolik vylep\u0161en\u00ed, d\u00edky kter\u00fdm je syst\u00e9m u\u017eivatelsky p\u0159\u00edv\u011btiv\u011bj\u0161\u00ed, ani\u017e by musel slevovat ze sv\u00fdch kvalit. S&nbsp;nejv\u011bt\u0161\u00ed pravd\u011bpodobnost\u00ed se jedn\u00e1 o nej\u00fa\u010dinn\u011bj\u0161\u00ed hydro syst\u00e9m na trhu. Growstream disponuje odn\u00edmateln\u00fdm v\u00edkem a zakulacen\u00fdmi okraji pro snaz\u0161\u00ed \u010di\u0161t\u011bn\u00ed, dvojitou st\u011bnou pro kan\u00e1l i pro v\u00edko za \u00fa\u010delem zlep\u0161en\u00ed izola\u010dn\u00edch vlastnost\u00ed a z\u00e1vlahov\u00e1 trubice je uvnit\u0159 v&nbsp;komo\u0159e, aby nedoch\u00e1zelo k&nbsp;\u00fanik\u016fm tekutiny. Ve srovn\u00e1n\u00ed s&nbsp;AeroFlo je nov\u00fd syst\u00e9m o n\u011bco v\u011bt\u0161\u00ed, a to proto, aby ko\u0159eny m\u011bly k&nbsp;dispozici v\u00edce prostoru a syst\u00e9m byl schopen pojmout v\u00edce vody, d\u00edky \u010demu\u017e v&nbsp;n\u011bm budou moci r\u016fst i v\u011bt\u0161\u00ed rostliny. V\u00fdsledkem je v\u0161estrann\u00fd syst\u00e9m, ve kter\u00e9m je mo\u017en\u00e9 p\u011bstovat jak mal\u00e9, tak velk\u00e9 rostliny. Jedn\u00e1 se o jedin\u00fd hydroponick\u00fd syst\u00e9m na trhu, kter\u00fd je p\u0159izp\u016fsoben pro p\u011bstov\u00e1n\u00ed velk\u00fdch rostlin, nikoli pouze sal\u00e1t\u016f a bylinek.<\/p>\n<p>GrowStream\u00ae je dokonal\u00fd bezsubstr\u00e1tov\u00fd syst\u00e9m, jen\u017e je komer\u010dn\u011b dostupn\u00fd.<br \/>\nSyst\u00e9my GrowStream\u00ae pojmou 10\u2013120 rostlin na jednu jednotku a s neomezen\u00fdm po\u010dtem dostupn\u00fdch jednotek p\u0159edstavuj\u00ed ten nejefektivn\u011bj\u0161\u00ed zp\u016fsob, jak hydroponicky p\u011bstovat rostliny. Koncept GrowStream\u00ae funguje na principu rozv\u00e1d\u011bn\u00ed okysli\u010den\u00e9 vody v optim\u00e1ln\u00edm pom\u011bru po cel\u00e9 d\u00e9lce jednotky. Nab\u00edz\u00ed v\u00fdhody syst\u00e9mu ozna\u010dovan\u00e9ho jako \u201eaeroponie\u201c bez nev\u00fdhod, kter\u00e9 spo\u010d\u00edvaj\u00ed v ne\u017e\u00e1douc\u00edm zah\u0159\u00edv\u00e1n\u00ed vody a extr\u00e9mn\u00ed citlivosti na v\u00fdkyvy pH.<br \/>\nGrowStream\u00ae poh\u00e1n\u00ed jedno jednoduch\u00e9 vodn\u00ed \u010derpadlo v n\u00e1dr\u017ei, kter\u00e9 vodu zdvih\u00e1 do p\u011bstebn\u00ed trubice, kam je vst\u0159ikov\u00e1na v pe\u010dliv\u011b propo\u010d\u00edtan\u00fdch intervalech.<br \/>\n\u017divn\u00fd roztok pot\u00e9 kles\u00e1 trubic\u00ed zp\u011bt a u toho dokonale okysli\u010duje n\u00e1dr\u017e s roztokem. Nen\u00ed pot\u0159eba \u017e\u00e1dn\u00e9 komplikovan\u00e9 ovlada\u010de ani hromadu vzduchov\u00fdch \u010derpadel \u2013 syst\u00e9my GrowStream\u00ae je a\u017e neuv\u011b\u0159iteln\u011b snadn\u00e9 sestavit a provozovat. M\u016f\u017eete se tak pln\u011b soust\u0159edit na p\u00e9\u010di o rostliny, ne na \u00fadr\u017ebu syst\u00e9mu.<br \/>\nPr\u00e1v\u011b d\u00edky t\u011bmto v\u00fdhod\u00e1m, ke kter\u00fdm je\u0161t\u011b pat\u0159\u00ed nap\u0159\u00edklad vynikaj\u00edc\u00ed v\u00fdnosy v tomto syst\u00e9mu, je GrowStream\u00ae celosv\u011btov\u011b na\u0161\u00edm nejprod\u00e1van\u011bj\u0161\u00edm komer\u010dn\u011b dostupn\u00fdm syst\u00e9mem a s oblibou jej vyu\u017e\u00edvaj\u00ed i na\u0161i obchodn\u00ed partne\u0159i \u2013 Les Sourciers, <a href=\"https:\/\/aeromate.fr\/\">Aeromates<\/a>, Hydroleb a dal\u0161\u00ed.<\/p>\n","protected":false},"author":3,"template":"","meta":{"_acf_changed":true},"m_thode_de_culture":[31,32],"substrat":[],"product_category":[229],"class_list":["post-1989","product","type-product","status-publish","has-post-thumbnail","hentry","m_thode_de_culture-mineral-en","m_thode_de_culture-organic-en","product_category-hydroponicke-systemy"],"acf":[],"yoast_head":"<!-- This site is optimized with the Yoast SEO plugin v27.3 - https:\/\/yoast.com\/product\/yoast-seo-wordpress\/ -->\n<title>GrowStream\u00ae - Terra Aquatica<\/title>\n<meta name=\"robots\" content=\"index, follow, max-snippet:-1, max-image-preview:large, max-video-preview:-1\" \/>\n<link rel=\"canonical\" href=\"https:\/\/www.terraaquatica.com\/cs\/hydroponicke-systemy\/growstream-html-6\/\" \/>\n<meta property=\"og:locale\" content=\"cs_CZ\" \/>\n<meta property=\"og:type\" content=\"article\" \/>\n<meta property=\"og:title\" content=\"GrowStream\u00ae - Terra Aquatica\" \/>\n<meta property=\"og:description\" content=\"Pou\u017eit\u00e1 technologie vych\u00e1z\u00ed z&nbsp;na\u0161eho Aeroflo syst\u00e9mu a zahrnuje n\u011bkolik vylep\u0161en\u00ed, d\u00edky kter\u00fdm je syst\u00e9m u\u017eivatelsky p\u0159\u00edv\u011btiv\u011bj\u0161\u00ed, ani\u017e by musel slevovat [&hellip;]\" \/>\n<meta property=\"og:url\" content=\"https:\/\/www.terraaquatica.com\/cs\/hydroponicke-systemy\/growstream-html-6\" \/>\n<meta property=\"og:site_name\" content=\"Terra Aquatica\" \/>\n<meta property=\"article:modified_time\" content=\"2025-10-27T13:46:55+00:00\" \/>\n<meta property=\"og:image\" content=\"https:\/\/www.terraaquatica.com\/wp-content\/uploads\/2020\/12\/gs40-scaled.jpg\" \/>\n\t<meta property=\"og:image:width\" content=\"2560\" \/>\n\t<meta property=\"og:image:height\" content=\"1920\" \/>\n\t<meta property=\"og:image:type\" content=\"image\/jpeg\" \/>\n<meta name=\"twitter:card\" content=\"summary_large_image\" \/>\n<meta name=\"twitter:label1\" content=\"Odhadovan\u00e1 doba \u010dten\u00ed\" \/>\n\t<meta name=\"twitter:data1\" content=\"2 minuty\" \/>\n<script type=\"application\/ld+json\" class=\"yoast-schema-graph\">{\"@context\":\"https:\\\/\\\/schema.org\",\"@graph\":[{\"@type\":\"WebPage\",\"@id\":\"https:\\\/\\\/www.terraaquatica.com\\\/cs\\\/hydroponicke-systemy\\\/growstream-html-6\",\"url\":\"https:\\\/\\\/www.terraaquatica.com\\\/cs\\\/hydroponicke-systemy\\\/growstream-html-6\",\"name\":\"GrowStream\u00ae - Terra Aquatica\",\"isPartOf\":{\"@id\":\"https:\\\/\\\/www.terraaquatica.com\\\/#website\"},\"primaryImageOfPage\":{\"@id\":\"https:\\\/\\\/www.terraaquatica.com\\\/cs\\\/hydroponicke-systemy\\\/growstream-html-6#primaryimage\"},\"image\":{\"@id\":\"https:\\\/\\\/www.terraaquatica.com\\\/cs\\\/hydroponicke-systemy\\\/growstream-html-6#primaryimage\"},\"thumbnailUrl\":\"https:\\\/\\\/www.terraaquatica.com\\\/wp-content\\\/uploads\\\/2020\\\/12\\\/gs40-scaled.jpg\",\"datePublished\":\"2018-10-29T15:27:43+00:00\",\"dateModified\":\"2025-10-27T13:46:55+00:00\",\"breadcrumb\":{\"@id\":\"https:\\\/\\\/www.terraaquatica.com\\\/cs\\\/hydroponicke-systemy\\\/growstream-html-6#breadcrumb\"},\"inLanguage\":\"cs\",\"potentialAction\":[{\"@type\":\"ReadAction\",\"target\":[\"https:\\\/\\\/www.terraaquatica.com\\\/cs\\\/hydroponicke-systemy\\\/growstream-html-6\"]}]},{\"@type\":\"ImageObject\",\"inLanguage\":\"cs\",\"@id\":\"https:\\\/\\\/www.terraaquatica.com\\\/cs\\\/hydroponicke-systemy\\\/growstream-html-6#primaryimage\",\"url\":\"https:\\\/\\\/www.terraaquatica.com\\\/wp-content\\\/uploads\\\/2020\\\/12\\\/gs40-scaled.jpg\",\"contentUrl\":\"https:\\\/\\\/www.terraaquatica.com\\\/wp-content\\\/uploads\\\/2020\\\/12\\\/gs40-scaled.jpg\",\"width\":2560,\"height\":1920,\"caption\":\"GrowStream 40\"},{\"@type\":\"BreadcrumbList\",\"@id\":\"https:\\\/\\\/www.terraaquatica.com\\\/cs\\\/hydroponicke-systemy\\\/growstream-html-6#breadcrumb\",\"itemListElement\":[{\"@type\":\"ListItem\",\"position\":1,\"name\":\"Accueil\",\"item\":\"https:\\\/\\\/www.terraaquatica.com\\\/cs\\\/\"},{\"@type\":\"ListItem\",\"position\":2,\"name\":\"Products\",\"item\":\"https:\\\/\\\/www.terraaquatica.com\\\/cs\\\/product\\\/\"},{\"@type\":\"ListItem\",\"position\":3,\"name\":\"GrowStream\u00ae\"}]},{\"@type\":\"WebSite\",\"@id\":\"https:\\\/\\\/www.terraaquatica.com\\\/#website\",\"url\":\"https:\\\/\\\/www.terraaquatica.com\\\/\",\"name\":\"Terra Aquatica\",\"description\":\"Engrais et syst\u00e8mes de culture depuis 1995\",\"publisher\":{\"@id\":\"https:\\\/\\\/www.terraaquatica.com\\\/#organization\"},\"potentialAction\":[{\"@type\":\"SearchAction\",\"target\":{\"@type\":\"EntryPoint\",\"urlTemplate\":\"https:\\\/\\\/www.terraaquatica.com\\\/?s={search_term_string}\"},\"query-input\":{\"@type\":\"PropertyValueSpecification\",\"valueRequired\":true,\"valueName\":\"search_term_string\"}}],\"inLanguage\":\"cs\"},{\"@type\":\"Organization\",\"@id\":\"https:\\\/\\\/www.terraaquatica.com\\\/#organization\",\"name\":\"Terra Aquatica\",\"url\":\"https:\\\/\\\/www.terraaquatica.com\\\/\",\"logo\":{\"@type\":\"ImageObject\",\"inLanguage\":\"cs\",\"@id\":\"https:\\\/\\\/www.terraaquatica.com\\\/#\\\/schema\\\/logo\\\/image\\\/\",\"url\":\"https:\\\/\\\/www.terraaquatica.com\\\/wp-content\\\/uploads\\\/2022\\\/03\\\/favicon-transpa-big.png\",\"contentUrl\":\"https:\\\/\\\/www.terraaquatica.com\\\/wp-content\\\/uploads\\\/2022\\\/03\\\/favicon-transpa-big.png\",\"width\":512,\"height\":512,\"caption\":\"Terra Aquatica\"},\"image\":{\"@id\":\"https:\\\/\\\/www.terraaquatica.com\\\/#\\\/schema\\\/logo\\\/image\\\/\"}}]}<\/script>\n<!-- \/ Yoast SEO plugin. -->","yoast_head_json":{"title":"GrowStream\u00ae - Terra Aquatica","robots":{"index":"index","follow":"follow","max-snippet":"max-snippet:-1","max-image-preview":"max-image-preview:large","max-video-preview":"max-video-preview:-1"},"canonical":"https:\/\/www.terraaquatica.com\/cs\/hydroponicke-systemy\/growstream-html-6\/","og_locale":"cs_CZ","og_type":"article","og_title":"GrowStream\u00ae - Terra Aquatica","og_description":"Pou\u017eit\u00e1 technologie vych\u00e1z\u00ed z&nbsp;na\u0161eho Aeroflo syst\u00e9mu a zahrnuje n\u011bkolik vylep\u0161en\u00ed, d\u00edky kter\u00fdm je syst\u00e9m u\u017eivatelsky p\u0159\u00edv\u011btiv\u011bj\u0161\u00ed, ani\u017e by musel slevovat [&hellip;]","og_url":"https:\/\/www.terraaquatica.com\/cs\/hydroponicke-systemy\/growstream-html-6","og_site_name":"Terra Aquatica","article_modified_time":"2025-10-27T13:46:55+00:00","og_image":[{"width":2560,"height":1920,"url":"https:\/\/www.terraaquatica.com\/wp-content\/uploads\/2020\/12\/gs40-scaled.jpg","type":"image\/jpeg"}],"twitter_card":"summary_large_image","twitter_misc":{"Odhadovan\u00e1 doba \u010dten\u00ed":"2 minuty"},"schema":{"@context":"https:\/\/schema.org","@graph":[{"@type":"WebPage","@id":"https:\/\/www.terraaquatica.com\/cs\/hydroponicke-systemy\/growstream-html-6","url":"https:\/\/www.terraaquatica.com\/cs\/hydroponicke-systemy\/growstream-html-6","name":"GrowStream\u00ae - Terra Aquatica","isPartOf":{"@id":"https:\/\/www.terraaquatica.com\/#website"},"primaryImageOfPage":{"@id":"https:\/\/www.terraaquatica.com\/cs\/hydroponicke-systemy\/growstream-html-6#primaryimage"},"image":{"@id":"https:\/\/www.terraaquatica.com\/cs\/hydroponicke-systemy\/growstream-html-6#primaryimage"},"thumbnailUrl":"https:\/\/www.terraaquatica.com\/wp-content\/uploads\/2020\/12\/gs40-scaled.jpg","datePublished":"2018-10-29T15:27:43+00:00","dateModified":"2025-10-27T13:46:55+00:00","breadcrumb":{"@id":"https:\/\/www.terraaquatica.com\/cs\/hydroponicke-systemy\/growstream-html-6#breadcrumb"},"inLanguage":"cs","potentialAction":[{"@type":"ReadAction","target":["https:\/\/www.terraaquatica.com\/cs\/hydroponicke-systemy\/growstream-html-6"]}]},{"@type":"ImageObject","inLanguage":"cs","@id":"https:\/\/www.terraaquatica.com\/cs\/hydroponicke-systemy\/growstream-html-6#primaryimage","url":"https:\/\/www.terraaquatica.com\/wp-content\/uploads\/2020\/12\/gs40-scaled.jpg","contentUrl":"https:\/\/www.terraaquatica.com\/wp-content\/uploads\/2020\/12\/gs40-scaled.jpg","width":2560,"height":1920,"caption":"GrowStream 40"},{"@type":"BreadcrumbList","@id":"https:\/\/www.terraaquatica.com\/cs\/hydroponicke-systemy\/growstream-html-6#breadcrumb","itemListElement":[{"@type":"ListItem","position":1,"name":"Accueil","item":"https:\/\/www.terraaquatica.com\/cs\/"},{"@type":"ListItem","position":2,"name":"Products","item":"https:\/\/www.terraaquatica.com\/cs\/product\/"},{"@type":"ListItem","position":3,"name":"GrowStream\u00ae"}]},{"@type":"WebSite","@id":"https:\/\/www.terraaquatica.com\/#website","url":"https:\/\/www.terraaquatica.com\/","name":"Terra Aquatica","description":"Engrais et syst\u00e8mes de culture depuis 1995","publisher":{"@id":"https:\/\/www.terraaquatica.com\/#organization"},"potentialAction":[{"@type":"SearchAction","target":{"@type":"EntryPoint","urlTemplate":"https:\/\/www.terraaquatica.com\/?s={search_term_string}"},"query-input":{"@type":"PropertyValueSpecification","valueRequired":true,"valueName":"search_term_string"}}],"inLanguage":"cs"},{"@type":"Organization","@id":"https:\/\/www.terraaquatica.com\/#organization","name":"Terra Aquatica","url":"https:\/\/www.terraaquatica.com\/","logo":{"@type":"ImageObject","inLanguage":"cs","@id":"https:\/\/www.terraaquatica.com\/#\/schema\/logo\/image\/","url":"https:\/\/www.terraaquatica.com\/wp-content\/uploads\/2022\/03\/favicon-transpa-big.png","contentUrl":"https:\/\/www.terraaquatica.com\/wp-content\/uploads\/2022\/03\/favicon-transpa-big.png","width":512,"height":512,"caption":"Terra Aquatica"},"image":{"@id":"https:\/\/www.terraaquatica.com\/#\/schema\/logo\/image\/"}}]}},"_links":{"self":[{"href":"https:\/\/www.terraaquatica.com\/cs\/wp-json\/wp\/v2\/product\/1989","targetHints":{"allow":["GET"]}}],"collection":[{"href":"https:\/\/www.terraaquatica.com\/cs\/wp-json\/wp\/v2\/product"}],"about":[{"href":"https:\/\/www.terraaquatica.com\/cs\/wp-json\/wp\/v2\/types\/product"}],"author":[{"embeddable":true,"href":"https:\/\/www.terraaquatica.com\/cs\/wp-json\/wp\/v2\/users\/3"}],"wp:featuredmedia":[{"embeddable":true,"href":"https:\/\/www.terraaquatica.com\/cs\/wp-json\/wp\/v2\/media\/1639"}],"wp:attachment":[{"href":"https:\/\/www.terraaquatica.com\/cs\/wp-json\/wp\/v2\/media?parent=1989"}],"wp:term":[{"taxonomy":"m_thode_de_culture","embeddable":true,"href":"https:\/\/www.terraaquatica.com\/cs\/wp-json\/wp\/v2\/m_thode_de_culture?post=1989"},{"taxonomy":"substrat","embeddable":true,"href":"https:\/\/www.terraaquatica.com\/cs\/wp-json\/wp\/v2\/substrat?post=1989"},{"taxonomy":"product_category","embeddable":true,"href":"https:\/\/www.terraaquatica.com\/cs\/wp-json\/wp\/v2\/product_category?post=1989"}],"curies":[{"name":"wp","href":"https:\/\/api.w.org\/{rel}","templated":true}]}}