{"id":1992,"date":"2018-10-29T16:38:30","date_gmt":"2018-10-29T15:38:30","guid":{"rendered":"https:\/\/www.terraaquatica.com\/produits\/ebb-html-6\/"},"modified":"2024-05-07T08:58:55","modified_gmt":"2024-05-07T06:58:55","slug":"ebb-html-6","status":"publish","type":"product","link":"https:\/\/www.terraaquatica.com\/cs\/hydroponicke-systemy\/ebb-html-6","title":{"rendered":"EBB&#038;GROW\u00ae"},"content":{"rendered":"<p><em>Ebb&amp;Grow\u00ae je syst\u00e9m, kter\u00fd se skv\u011ble hod\u00ed na balk\u00f3ny, zahr\u00e1dky a do vnit\u0159n\u00edch prostor. Umo\u017e\u0148uje p\u011bstov\u00e1n\u00ed rostlin v kv\u011btin\u00e1\u010d\u00edch, s dodate\u010dn\u00fdmi v\u00fdhodami hydroponie.<\/em><\/p>\n<ul>\n<li>Kapacita n\u00e1dr\u017ee 100 L<\/li>\n<li>Extr\u00e9mn\u011b odoln\u00e1 konstrukce<\/li>\n<li>Spot\u0159eba energie pouze 6,5 watt\u016f<\/li>\n<li>Umo\u017e\u0148uje p\u011bstov\u00e1n\u00ed v libovoln\u00fdch kv\u011btin\u00e1\u010d\u00edch, v kokosu, s keramzitem i v p\u016fd\u011b.<\/li>\n<li>Vy\u0161\u0161\u00ed a m\u00e9n\u011b n\u00e1ro\u010dn\u00e1 produkce bez dr\u00e1t\u016f, trubek a slo\u017eit\u00fdch syst\u00e9m\u016f.<\/li>\n<\/ul>\n<p>Chcete hydroponicky p\u011bstovat byliny a zeleninu doma, v pr\u00e1ci \u010di ve \u0161kole, ale odrazuje v\u00e1s slo\u017eitost p\u011bstebn\u00edch syst\u00e9m\u016f? S Ebb&amp;Grow\u00ae m\u016f\u017eete pou\u017e\u00edt kv\u011btin\u00e1\u010de, jak\u00e9 chcete, t\u00e9m\u011b\u0159 libovoln\u00fd substr\u00e1t (doporu\u010dujeme v\u0161ak <a href=\"https:\/\/www.terraaquatica.com\/cs\/substraty\/cocofiber-html-6\/\">Coco Fiber with Perlite<\/a>) a rostliny m\u016f\u017eete dle libosti p\u0159esouvat.<br \/>Byliny vep\u0159edu a raj\u010data a chilli papri\u010dky vzadu? Nen\u00ed probl\u00e9m. Chcete tento m\u011bs\u00edc p\u011bstovat \u010dist\u011b sal\u00e1t a p\u0159\u00ed\u0161t\u00ed m\u011bs\u00edc \u0159ezan\u00e9 kv\u011btiny z kv\u011btin\u00e1\u010de? Nen\u00ed probl\u00e9m.<br \/>V\u0161echny na\u0161e hydroponick\u00e9 syst\u00e9my jsou flexibiln\u00ed, Ebb&amp;Grow\u00ae je ale skute\u010dn\u011b ten nejv\u00edce p\u0159izp\u016fsobiv\u00fd syst\u00e9m, kter\u00fd jsme vytvo\u0159ili. Nehroz\u00ed u n\u011bj \u00fanik tekutin ani p\u0159et\u00e9k\u00e1n\u00ed. Jeho demont\u00e1\u017e i \u010di\u0161t\u011bn\u00ed jsou snadn\u00e9 a lze jej pou\u017e\u00edt v\u0161ude, kde je pro n\u011bj dostatek prostoru.<br \/>Ebb&amp;Grow\u00ae od Terra Aquatica je syst\u00e9m typu \u201eebb and flood\u201c \u2013 jednoduch\u00e9 sp\u00ednac\u00ed hodiny (nejsou sou\u010d\u00e1st\u00ed balen\u00ed) \u0159\u00edd\u00ed p\u0159eru\u0161ovan\u00fd provoz \u010derpadla, kter\u00e9 vh\u00e1n\u00ed \u017eivn\u00fd roztok na p\u011bstebn\u00ed vanu, kde vypl\u00e1chne spot\u0159ebovan\u00fd vzduch z ko\u0159en\u016f, rostlin\u00e1m dod\u00e1 vodu a \u017eiviny, a jak voda st\u00e9k\u00e1 zp\u011bt do n\u00e1dr\u017ee, nasaje vzduch \u010derstv\u00fd.<br \/>Do syst\u00e9mu lze zapojit a\u017e t\u0159icet dva 15cm plastov\u00fdch kv\u011btin\u00e1\u010d\u016f, dvacet dva textiln\u00edch kv\u011btin\u00e1\u010d\u016f o objemu 3,75 l, p\u0159\u00edpadn\u011b tolik kv\u011btin\u00e1\u010d\u016f jin\u00fdch rozm\u011br\u016f, kolik se jich vejde na p\u011bstebn\u00ed plochu o obsahu 95 cm2. S v\u00fd\u0161kou pouh\u00fdch 36 cm v\u00e1m nemus\u00ed d\u011blat starosti ani stropy.<br \/>Ebb&amp;Grow\u00ae je stejn\u011b jako v\u0161echny ostatn\u00ed syst\u00e9my od Terra Aquatica vyroben z extr\u00e9mn\u011b odoln\u00e9ho a 100% recyklovan\u00e9ho plastu se st\u00edn\u011bn\u00edm UV. Na lisovan\u00e9 plastov\u00e9 sou\u010d\u00e1sti syst\u00e9mu Ebb&amp;Grow\u00ae poskytujeme do\u017eivotn\u00ed z\u00e1ruku* \u2013 jako jedin\u00ed v hydroponick\u00e9m pr\u016fmyslu.<\/p>\n<p><span style=\"font-size: 9px;\">*Celo\u017eivotn\u00ed z\u00e1ruka je pouze na lisovan\u00e9 plastov\u00e9 d\u00edly vyr\u00e1b\u011bn\u00e9 Terra Aquatica ve Francii p\u0159i smyslupln\u00e9m pou\u017eit\u00ed a nezahrnuje vedlej\u0161\u00ed komponenty, \u010derpadlo apod.<\/span><\/p>\n\n\n<p class=\"has-normal-font-size\"><strong>N\u00e1vod k mont\u00e1\u017ei<\/strong><\/p>\n\n\n\n<figure class=\"wp-block-embed is-type-video is-provider-youtube wp-block-embed-youtube wp-embed-aspect-16-9 wp-has-aspect-ratio\"><div class=\"wp-block-embed__wrapper\">\n<iframe title=\"Montage du Ebb &amp; Grow \u00ae Terra Aquatica\" width=\"500\" height=\"281\" src=\"https:\/\/www.youtube.com\/embed\/YfOZQcM7s0M?feature=oembed\" frameborder=\"0\" allow=\"accelerometer; autoplay; clipboard-write; encrypted-media; gyroscope; picture-in-picture; web-share\" referrerpolicy=\"strict-origin-when-cross-origin\" allowfullscreen><\/iframe>\n<\/div><\/figure>\n","protected":false},"author":3,"template":"","meta":{"_acf_changed":false},"m_thode_de_culture":[31,32],"substrat":[],"product_category":[229],"class_list":["post-1992","product","type-product","status-publish","has-post-thumbnail","hentry","m_thode_de_culture-mineral-en","m_thode_de_culture-organic-en","product_category-hydroponicke-systemy"],"acf":[],"yoast_head":"<!-- This site is optimized with the Yoast SEO plugin v27.3 - https:\/\/yoast.com\/product\/yoast-seo-wordpress\/ -->\n<title>EBB&amp;GROW\u00ae - Terra Aquatica<\/title>\n<meta name=\"robots\" content=\"index, follow, max-snippet:-1, max-image-preview:large, max-video-preview:-1\" \/>\n<link rel=\"canonical\" href=\"https:\/\/www.terraaquatica.com\/cs\/hydroponicke-systemy\/ebb-html-6\/\" \/>\n<meta property=\"og:locale\" content=\"cs_CZ\" \/>\n<meta property=\"og:type\" content=\"article\" \/>\n<meta property=\"og:title\" content=\"EBB&amp;GROW\u00ae - Terra Aquatica\" \/>\n<meta property=\"og:description\" content=\"Ebb&amp;Grow\u00ae je syst\u00e9m, kter\u00fd se skv\u011ble hod\u00ed na balk\u00f3ny, zahr\u00e1dky a do vnit\u0159n\u00edch prostor. Umo\u017e\u0148uje p\u011bstov\u00e1n\u00ed rostlin v kv\u011btin\u00e1\u010d\u00edch, s [&hellip;]\" \/>\n<meta property=\"og:url\" content=\"https:\/\/www.terraaquatica.com\/cs\/hydroponicke-systemy\/ebb-html-6\" \/>\n<meta property=\"og:site_name\" content=\"Terra Aquatica\" \/>\n<meta property=\"article:modified_time\" content=\"2024-05-07T06:58:55+00:00\" \/>\n<meta property=\"og:image\" content=\"https:\/\/www.terraaquatica.com\/wp-content\/uploads\/2017\/11\/ebbgrow_0.png\" \/>\n\t<meta property=\"og:image:width\" content=\"720\" \/>\n\t<meta property=\"og:image:height\" content=\"720\" \/>\n\t<meta property=\"og:image:type\" content=\"image\/png\" \/>\n<meta name=\"twitter:card\" content=\"summary_large_image\" \/>\n<meta name=\"twitter:label1\" content=\"Odhadovan\u00e1 doba \u010dten\u00ed\" \/>\n\t<meta name=\"twitter:data1\" content=\"2 minuty\" \/>\n<script type=\"application\/ld+json\" class=\"yoast-schema-graph\">{\"@context\":\"https:\\\/\\\/schema.org\",\"@graph\":[{\"@type\":\"WebPage\",\"@id\":\"https:\\\/\\\/www.terraaquatica.com\\\/cs\\\/hydroponicke-systemy\\\/ebb-html-6\",\"url\":\"https:\\\/\\\/www.terraaquatica.com\\\/cs\\\/hydroponicke-systemy\\\/ebb-html-6\",\"name\":\"EBB&GROW\u00ae - Terra Aquatica\",\"isPartOf\":{\"@id\":\"https:\\\/\\\/www.terraaquatica.com\\\/#website\"},\"primaryImageOfPage\":{\"@id\":\"https:\\\/\\\/www.terraaquatica.com\\\/cs\\\/hydroponicke-systemy\\\/ebb-html-6#primaryimage\"},\"image\":{\"@id\":\"https:\\\/\\\/www.terraaquatica.com\\\/cs\\\/hydroponicke-systemy\\\/ebb-html-6#primaryimage\"},\"thumbnailUrl\":\"https:\\\/\\\/www.terraaquatica.com\\\/wp-content\\\/uploads\\\/2017\\\/11\\\/ebbgrow_0.png\",\"datePublished\":\"2018-10-29T15:38:30+00:00\",\"dateModified\":\"2024-05-07T06:58:55+00:00\",\"breadcrumb\":{\"@id\":\"https:\\\/\\\/www.terraaquatica.com\\\/cs\\\/hydroponicke-systemy\\\/ebb-html-6#breadcrumb\"},\"inLanguage\":\"cs\",\"potentialAction\":[{\"@type\":\"ReadAction\",\"target\":[\"https:\\\/\\\/www.terraaquatica.com\\\/cs\\\/hydroponicke-systemy\\\/ebb-html-6\"]}]},{\"@type\":\"ImageObject\",\"inLanguage\":\"cs\",\"@id\":\"https:\\\/\\\/www.terraaquatica.com\\\/cs\\\/hydroponicke-systemy\\\/ebb-html-6#primaryimage\",\"url\":\"https:\\\/\\\/www.terraaquatica.com\\\/wp-content\\\/uploads\\\/2017\\\/11\\\/ebbgrow_0.png\",\"contentUrl\":\"https:\\\/\\\/www.terraaquatica.com\\\/wp-content\\\/uploads\\\/2017\\\/11\\\/ebbgrow_0.png\",\"width\":720,\"height\":720,\"caption\":\"Ebb&Grow\"},{\"@type\":\"BreadcrumbList\",\"@id\":\"https:\\\/\\\/www.terraaquatica.com\\\/cs\\\/hydroponicke-systemy\\\/ebb-html-6#breadcrumb\",\"itemListElement\":[{\"@type\":\"ListItem\",\"position\":1,\"name\":\"Accueil\",\"item\":\"https:\\\/\\\/www.terraaquatica.com\\\/cs\\\/\"},{\"@type\":\"ListItem\",\"position\":2,\"name\":\"Products\",\"item\":\"https:\\\/\\\/www.terraaquatica.com\\\/cs\\\/product\\\/\"},{\"@type\":\"ListItem\",\"position\":3,\"name\":\"EBB&#038;GROW\u00ae\"}]},{\"@type\":\"WebSite\",\"@id\":\"https:\\\/\\\/www.terraaquatica.com\\\/#website\",\"url\":\"https:\\\/\\\/www.terraaquatica.com\\\/\",\"name\":\"Terra Aquatica\",\"description\":\"Engrais et syst\u00e8mes de culture depuis 1995\",\"publisher\":{\"@id\":\"https:\\\/\\\/www.terraaquatica.com\\\/#organization\"},\"potentialAction\":[{\"@type\":\"SearchAction\",\"target\":{\"@type\":\"EntryPoint\",\"urlTemplate\":\"https:\\\/\\\/www.terraaquatica.com\\\/?s={search_term_string}\"},\"query-input\":{\"@type\":\"PropertyValueSpecification\",\"valueRequired\":true,\"valueName\":\"search_term_string\"}}],\"inLanguage\":\"cs\"},{\"@type\":\"Organization\",\"@id\":\"https:\\\/\\\/www.terraaquatica.com\\\/#organization\",\"name\":\"Terra Aquatica\",\"url\":\"https:\\\/\\\/www.terraaquatica.com\\\/\",\"logo\":{\"@type\":\"ImageObject\",\"inLanguage\":\"cs\",\"@id\":\"https:\\\/\\\/www.terraaquatica.com\\\/#\\\/schema\\\/logo\\\/image\\\/\",\"url\":\"https:\\\/\\\/www.terraaquatica.com\\\/wp-content\\\/uploads\\\/2022\\\/03\\\/favicon-transpa-big.png\",\"contentUrl\":\"https:\\\/\\\/www.terraaquatica.com\\\/wp-content\\\/uploads\\\/2022\\\/03\\\/favicon-transpa-big.png\",\"width\":512,\"height\":512,\"caption\":\"Terra Aquatica\"},\"image\":{\"@id\":\"https:\\\/\\\/www.terraaquatica.com\\\/#\\\/schema\\\/logo\\\/image\\\/\"}}]}<\/script>\n<!-- \/ Yoast SEO plugin. -->","yoast_head_json":{"title":"EBB&GROW\u00ae - Terra Aquatica","robots":{"index":"index","follow":"follow","max-snippet":"max-snippet:-1","max-image-preview":"max-image-preview:large","max-video-preview":"max-video-preview:-1"},"canonical":"https:\/\/www.terraaquatica.com\/cs\/hydroponicke-systemy\/ebb-html-6\/","og_locale":"cs_CZ","og_type":"article","og_title":"EBB&GROW\u00ae - Terra Aquatica","og_description":"Ebb&amp;Grow\u00ae je syst\u00e9m, kter\u00fd se skv\u011ble hod\u00ed na balk\u00f3ny, zahr\u00e1dky a do vnit\u0159n\u00edch prostor. Umo\u017e\u0148uje p\u011bstov\u00e1n\u00ed rostlin v kv\u011btin\u00e1\u010d\u00edch, s [&hellip;]","og_url":"https:\/\/www.terraaquatica.com\/cs\/hydroponicke-systemy\/ebb-html-6","og_site_name":"Terra Aquatica","article_modified_time":"2024-05-07T06:58:55+00:00","og_image":[{"width":720,"height":720,"url":"https:\/\/www.terraaquatica.com\/wp-content\/uploads\/2017\/11\/ebbgrow_0.png","type":"image\/png"}],"twitter_card":"summary_large_image","twitter_misc":{"Odhadovan\u00e1 doba \u010dten\u00ed":"2 minuty"},"schema":{"@context":"https:\/\/schema.org","@graph":[{"@type":"WebPage","@id":"https:\/\/www.terraaquatica.com\/cs\/hydroponicke-systemy\/ebb-html-6","url":"https:\/\/www.terraaquatica.com\/cs\/hydroponicke-systemy\/ebb-html-6","name":"EBB&GROW\u00ae - Terra Aquatica","isPartOf":{"@id":"https:\/\/www.terraaquatica.com\/#website"},"primaryImageOfPage":{"@id":"https:\/\/www.terraaquatica.com\/cs\/hydroponicke-systemy\/ebb-html-6#primaryimage"},"image":{"@id":"https:\/\/www.terraaquatica.com\/cs\/hydroponicke-systemy\/ebb-html-6#primaryimage"},"thumbnailUrl":"https:\/\/www.terraaquatica.com\/wp-content\/uploads\/2017\/11\/ebbgrow_0.png","datePublished":"2018-10-29T15:38:30+00:00","dateModified":"2024-05-07T06:58:55+00:00","breadcrumb":{"@id":"https:\/\/www.terraaquatica.com\/cs\/hydroponicke-systemy\/ebb-html-6#breadcrumb"},"inLanguage":"cs","potentialAction":[{"@type":"ReadAction","target":["https:\/\/www.terraaquatica.com\/cs\/hydroponicke-systemy\/ebb-html-6"]}]},{"@type":"ImageObject","inLanguage":"cs","@id":"https:\/\/www.terraaquatica.com\/cs\/hydroponicke-systemy\/ebb-html-6#primaryimage","url":"https:\/\/www.terraaquatica.com\/wp-content\/uploads\/2017\/11\/ebbgrow_0.png","contentUrl":"https:\/\/www.terraaquatica.com\/wp-content\/uploads\/2017\/11\/ebbgrow_0.png","width":720,"height":720,"caption":"Ebb&Grow"},{"@type":"BreadcrumbList","@id":"https:\/\/www.terraaquatica.com\/cs\/hydroponicke-systemy\/ebb-html-6#breadcrumb","itemListElement":[{"@type":"ListItem","position":1,"name":"Accueil","item":"https:\/\/www.terraaquatica.com\/cs\/"},{"@type":"ListItem","position":2,"name":"Products","item":"https:\/\/www.terraaquatica.com\/cs\/product\/"},{"@type":"ListItem","position":3,"name":"EBB&#038;GROW\u00ae"}]},{"@type":"WebSite","@id":"https:\/\/www.terraaquatica.com\/#website","url":"https:\/\/www.terraaquatica.com\/","name":"Terra Aquatica","description":"Engrais et syst\u00e8mes de culture depuis 1995","publisher":{"@id":"https:\/\/www.terraaquatica.com\/#organization"},"potentialAction":[{"@type":"SearchAction","target":{"@type":"EntryPoint","urlTemplate":"https:\/\/www.terraaquatica.com\/?s={search_term_string}"},"query-input":{"@type":"PropertyValueSpecification","valueRequired":true,"valueName":"search_term_string"}}],"inLanguage":"cs"},{"@type":"Organization","@id":"https:\/\/www.terraaquatica.com\/#organization","name":"Terra Aquatica","url":"https:\/\/www.terraaquatica.com\/","logo":{"@type":"ImageObject","inLanguage":"cs","@id":"https:\/\/www.terraaquatica.com\/#\/schema\/logo\/image\/","url":"https:\/\/www.terraaquatica.com\/wp-content\/uploads\/2022\/03\/favicon-transpa-big.png","contentUrl":"https:\/\/www.terraaquatica.com\/wp-content\/uploads\/2022\/03\/favicon-transpa-big.png","width":512,"height":512,"caption":"Terra Aquatica"},"image":{"@id":"https:\/\/www.terraaquatica.com\/#\/schema\/logo\/image\/"}}]}},"_links":{"self":[{"href":"https:\/\/www.terraaquatica.com\/cs\/wp-json\/wp\/v2\/product\/1992","targetHints":{"allow":["GET"]}}],"collection":[{"href":"https:\/\/www.terraaquatica.com\/cs\/wp-json\/wp\/v2\/product"}],"about":[{"href":"https:\/\/www.terraaquatica.com\/cs\/wp-json\/wp\/v2\/types\/product"}],"author":[{"embeddable":true,"href":"https:\/\/www.terraaquatica.com\/cs\/wp-json\/wp\/v2\/users\/3"}],"wp:featuredmedia":[{"embeddable":true,"href":"https:\/\/www.terraaquatica.com\/cs\/wp-json\/wp\/v2\/media\/1635"}],"wp:attachment":[{"href":"https:\/\/www.terraaquatica.com\/cs\/wp-json\/wp\/v2\/media?parent=1992"}],"wp:term":[{"taxonomy":"m_thode_de_culture","embeddable":true,"href":"https:\/\/www.terraaquatica.com\/cs\/wp-json\/wp\/v2\/m_thode_de_culture?post=1992"},{"taxonomy":"substrat","embeddable":true,"href":"https:\/\/www.terraaquatica.com\/cs\/wp-json\/wp\/v2\/substrat?post=1992"},{"taxonomy":"product_category","embeddable":true,"href":"https:\/\/www.terraaquatica.com\/cs\/wp-json\/wp\/v2\/product_category?post=1992"}],"curies":[{"name":"wp","href":"https:\/\/api.w.org\/{rel}","templated":true}]}}