{"id":2007,"date":"2018-10-30T10:25:19","date_gmt":"2018-10-30T09:25:19","guid":{"rendered":"https:\/\/www.terraaquatica.com\/produits\/cocofiber-html-6\/"},"modified":"2023-09-19T14:00:00","modified_gmt":"2023-09-19T12:00:00","slug":"cocofiber-html-6","status":"publish","type":"product","link":"https:\/\/www.terraaquatica.com\/cs\/substraty\/cocofiber-html-6","title":{"rendered":"Coco Fiber &#038; Coco Fiber with perlite"},"content":{"rendered":"<p><em>Vysoce kvalitn\u00ed, ultra \u010dist\u00e9 substr\u00e1ty ze zcela obnoviteln\u00e9ho zdroje, kter\u00e9 v sob\u011b snoub\u00ed nen\u00e1ro\u010dnost p\u011bstov\u00e1n\u00ed v p\u016fd\u011b s vysokou produktivitou.<\/em><br \/>\n\u0158ada substr\u00e1t\u016f Coco Fiber je zalo\u017eena na kokosov\u00e9m vl\u00e1kn\u011b vynikaj\u00edc\u00ed kvality, jeho\u017e zpracov\u00e1n\u00edm vznik\u00e1 jeden z nej\u010dist\u0161\u00edch, nejleh\u010d\u00edch a nejproduktivn\u011bj\u0161\u00edch kokosov\u00fdch substr\u00e1t\u016f na trhu.<br \/>\nLze jej pou\u017e\u00edt p\u0159\u00edmo po rozbalen\u00ed, nen\u00ed pot\u0159eba proplach.<br \/>\nZaru\u010dujeme, \u017ee Coco Fiber neobsahuje patogeny, plevel ani \u0161k\u016fdce.<br \/>\nProdukt je dostupn\u00fd ve dvou variant\u00e1ch:<\/p>\n<ul>\n<li>Coco Fiber \u2013 100 % \u010dist\u00e9 kokosov\u00e9 vl\u00e1kno.<\/li>\n<li>Coco Fiber with perlite \u2013 75 % kokos, 25 % perlit.<\/li>\n<\/ul>\n<p>Optimalizovan\u00fd odtok a okysli\u010dov\u00e1n\u00ed ko\u0159enov\u00e9 z\u00f3ny, kter\u00e9 Coco Fiber with perlite zaru\u010duj\u00ed, lze ide\u00e1ln\u011b vyu\u017e\u00edt v na\u0161em syst\u00e9mu Ebb&amp;Grow, samozavla\u017eovac\u00edch kv\u011btin\u00e1\u010d\u00edch a v syst\u00e9mech kapkov\u00e9 z\u00e1vlahy. Ve\u0161ker\u00e9 produkty Coco Fiber lze tak\u00e9 vyu\u017e\u00edt jako alternativu p\u016fdy v kontextu tradi\u010dn\u00edho manu\u00e1ln\u00edho zal\u00e9v\u00e1n\u00ed.<br \/>\nVl\u00e1kno Coco Fiber lze podle pot\u0159eby pou\u017e\u00edt a\u017e t\u0159ikr\u00e1t. Jde o skv\u011bl\u00fd prost\u0159edek pro zlep\u0161en\u00ed kvality p\u016fdn\u00edho substr\u00e1tu i p\u016fdy v zahr\u00e1dce, zejm\u00e9na jde-li o p\u016fdu j\u00edlovitou.<\/p>\n","protected":false},"author":3,"template":"","meta":{"_acf_changed":false},"m_thode_de_culture":[31,32],"substrat":[],"product_category":[235],"class_list":["post-2007","product","type-product","status-publish","has-post-thumbnail","hentry","m_thode_de_culture-mineral-en","m_thode_de_culture-organic-en","product_category-substraty"],"acf":[],"yoast_head":"<!-- This site is optimized with the Yoast SEO plugin v27.3 - https:\/\/yoast.com\/product\/yoast-seo-wordpress\/ -->\n<title>Coco Fiber &amp; Coco Fiber with perlite - Terra Aquatica<\/title>\n<meta name=\"robots\" content=\"index, follow, max-snippet:-1, max-image-preview:large, max-video-preview:-1\" \/>\n<link rel=\"canonical\" href=\"https:\/\/www.terraaquatica.com\/cs\/substraty\/cocofiber-html-6\/\" \/>\n<meta property=\"og:locale\" content=\"cs_CZ\" \/>\n<meta property=\"og:type\" content=\"article\" \/>\n<meta property=\"og:title\" content=\"Coco Fiber &amp; Coco Fiber with perlite - Terra Aquatica\" \/>\n<meta property=\"og:description\" content=\"Vysoce kvalitn\u00ed, ultra \u010dist\u00e9 substr\u00e1ty ze zcela obnoviteln\u00e9ho zdroje, kter\u00e9 v sob\u011b snoub\u00ed nen\u00e1ro\u010dnost p\u011bstov\u00e1n\u00ed v p\u016fd\u011b s vysokou produktivitou. [&hellip;]\" \/>\n<meta property=\"og:url\" content=\"https:\/\/www.terraaquatica.com\/cs\/substraty\/cocofiber-html-6\" \/>\n<meta property=\"og:site_name\" content=\"Terra Aquatica\" \/>\n<meta property=\"article:modified_time\" content=\"2023-09-19T12:00:00+00:00\" \/>\n<meta property=\"og:image\" content=\"https:\/\/www.terraaquatica.com\/wp-content\/uploads\/2020\/11\/montagecoco.jpg\" \/>\n\t<meta property=\"og:image:width\" content=\"547\" \/>\n\t<meta property=\"og:image:height\" content=\"800\" \/>\n\t<meta property=\"og:image:type\" content=\"image\/jpeg\" \/>\n<meta name=\"twitter:card\" content=\"summary_large_image\" \/>\n<meta name=\"twitter:label1\" content=\"Odhadovan\u00e1 doba \u010dten\u00ed\" \/>\n\t<meta name=\"twitter:data1\" content=\"1 minuta\" \/>\n<script type=\"application\/ld+json\" class=\"yoast-schema-graph\">{\"@context\":\"https:\\\/\\\/schema.org\",\"@graph\":[{\"@type\":\"WebPage\",\"@id\":\"https:\\\/\\\/www.terraaquatica.com\\\/cs\\\/substraty\\\/cocofiber-html-6\",\"url\":\"https:\\\/\\\/www.terraaquatica.com\\\/cs\\\/substraty\\\/cocofiber-html-6\",\"name\":\"Coco Fiber & Coco Fiber with perlite - Terra Aquatica\",\"isPartOf\":{\"@id\":\"https:\\\/\\\/www.terraaquatica.com\\\/#website\"},\"primaryImageOfPage\":{\"@id\":\"https:\\\/\\\/www.terraaquatica.com\\\/cs\\\/substraty\\\/cocofiber-html-6#primaryimage\"},\"image\":{\"@id\":\"https:\\\/\\\/www.terraaquatica.com\\\/cs\\\/substraty\\\/cocofiber-html-6#primaryimage\"},\"thumbnailUrl\":\"https:\\\/\\\/www.terraaquatica.com\\\/wp-content\\\/uploads\\\/2020\\\/11\\\/montagecoco.jpg\",\"datePublished\":\"2018-10-30T09:25:19+00:00\",\"dateModified\":\"2023-09-19T12:00:00+00:00\",\"breadcrumb\":{\"@id\":\"https:\\\/\\\/www.terraaquatica.com\\\/cs\\\/substraty\\\/cocofiber-html-6#breadcrumb\"},\"inLanguage\":\"cs\",\"potentialAction\":[{\"@type\":\"ReadAction\",\"target\":[\"https:\\\/\\\/www.terraaquatica.com\\\/cs\\\/substraty\\\/cocofiber-html-6\"]}]},{\"@type\":\"ImageObject\",\"inLanguage\":\"cs\",\"@id\":\"https:\\\/\\\/www.terraaquatica.com\\\/cs\\\/substraty\\\/cocofiber-html-6#primaryimage\",\"url\":\"https:\\\/\\\/www.terraaquatica.com\\\/wp-content\\\/uploads\\\/2020\\\/11\\\/montagecoco.jpg\",\"contentUrl\":\"https:\\\/\\\/www.terraaquatica.com\\\/wp-content\\\/uploads\\\/2020\\\/11\\\/montagecoco.jpg\",\"width\":547,\"height\":800,\"caption\":\"COCO FIBER & COCO FIBER WITH PERLITE\"},{\"@type\":\"BreadcrumbList\",\"@id\":\"https:\\\/\\\/www.terraaquatica.com\\\/cs\\\/substraty\\\/cocofiber-html-6#breadcrumb\",\"itemListElement\":[{\"@type\":\"ListItem\",\"position\":1,\"name\":\"Accueil\",\"item\":\"https:\\\/\\\/www.terraaquatica.com\\\/cs\\\/\"},{\"@type\":\"ListItem\",\"position\":2,\"name\":\"Products\",\"item\":\"https:\\\/\\\/www.terraaquatica.com\\\/cs\\\/product\\\/\"},{\"@type\":\"ListItem\",\"position\":3,\"name\":\"Coco Fiber &#038; Coco Fiber with perlite\"}]},{\"@type\":\"WebSite\",\"@id\":\"https:\\\/\\\/www.terraaquatica.com\\\/#website\",\"url\":\"https:\\\/\\\/www.terraaquatica.com\\\/\",\"name\":\"Terra Aquatica\",\"description\":\"Engrais et syst\u00e8mes de culture depuis 1995\",\"publisher\":{\"@id\":\"https:\\\/\\\/www.terraaquatica.com\\\/#organization\"},\"potentialAction\":[{\"@type\":\"SearchAction\",\"target\":{\"@type\":\"EntryPoint\",\"urlTemplate\":\"https:\\\/\\\/www.terraaquatica.com\\\/?s={search_term_string}\"},\"query-input\":{\"@type\":\"PropertyValueSpecification\",\"valueRequired\":true,\"valueName\":\"search_term_string\"}}],\"inLanguage\":\"cs\"},{\"@type\":\"Organization\",\"@id\":\"https:\\\/\\\/www.terraaquatica.com\\\/#organization\",\"name\":\"Terra Aquatica\",\"url\":\"https:\\\/\\\/www.terraaquatica.com\\\/\",\"logo\":{\"@type\":\"ImageObject\",\"inLanguage\":\"cs\",\"@id\":\"https:\\\/\\\/www.terraaquatica.com\\\/#\\\/schema\\\/logo\\\/image\\\/\",\"url\":\"https:\\\/\\\/www.terraaquatica.com\\\/wp-content\\\/uploads\\\/2022\\\/03\\\/favicon-transpa-big.png\",\"contentUrl\":\"https:\\\/\\\/www.terraaquatica.com\\\/wp-content\\\/uploads\\\/2022\\\/03\\\/favicon-transpa-big.png\",\"width\":512,\"height\":512,\"caption\":\"Terra Aquatica\"},\"image\":{\"@id\":\"https:\\\/\\\/www.terraaquatica.com\\\/#\\\/schema\\\/logo\\\/image\\\/\"}}]}<\/script>\n<!-- \/ Yoast SEO plugin. -->","yoast_head_json":{"title":"Coco Fiber & Coco Fiber with perlite - Terra Aquatica","robots":{"index":"index","follow":"follow","max-snippet":"max-snippet:-1","max-image-preview":"max-image-preview:large","max-video-preview":"max-video-preview:-1"},"canonical":"https:\/\/www.terraaquatica.com\/cs\/substraty\/cocofiber-html-6\/","og_locale":"cs_CZ","og_type":"article","og_title":"Coco Fiber & Coco Fiber with perlite - Terra Aquatica","og_description":"Vysoce kvalitn\u00ed, ultra \u010dist\u00e9 substr\u00e1ty ze zcela obnoviteln\u00e9ho zdroje, kter\u00e9 v sob\u011b snoub\u00ed nen\u00e1ro\u010dnost p\u011bstov\u00e1n\u00ed v p\u016fd\u011b s vysokou produktivitou. [&hellip;]","og_url":"https:\/\/www.terraaquatica.com\/cs\/substraty\/cocofiber-html-6","og_site_name":"Terra Aquatica","article_modified_time":"2023-09-19T12:00:00+00:00","og_image":[{"width":547,"height":800,"url":"https:\/\/www.terraaquatica.com\/wp-content\/uploads\/2020\/11\/montagecoco.jpg","type":"image\/jpeg"}],"twitter_card":"summary_large_image","twitter_misc":{"Odhadovan\u00e1 doba \u010dten\u00ed":"1 minuta"},"schema":{"@context":"https:\/\/schema.org","@graph":[{"@type":"WebPage","@id":"https:\/\/www.terraaquatica.com\/cs\/substraty\/cocofiber-html-6","url":"https:\/\/www.terraaquatica.com\/cs\/substraty\/cocofiber-html-6","name":"Coco Fiber & Coco Fiber with perlite - Terra Aquatica","isPartOf":{"@id":"https:\/\/www.terraaquatica.com\/#website"},"primaryImageOfPage":{"@id":"https:\/\/www.terraaquatica.com\/cs\/substraty\/cocofiber-html-6#primaryimage"},"image":{"@id":"https:\/\/www.terraaquatica.com\/cs\/substraty\/cocofiber-html-6#primaryimage"},"thumbnailUrl":"https:\/\/www.terraaquatica.com\/wp-content\/uploads\/2020\/11\/montagecoco.jpg","datePublished":"2018-10-30T09:25:19+00:00","dateModified":"2023-09-19T12:00:00+00:00","breadcrumb":{"@id":"https:\/\/www.terraaquatica.com\/cs\/substraty\/cocofiber-html-6#breadcrumb"},"inLanguage":"cs","potentialAction":[{"@type":"ReadAction","target":["https:\/\/www.terraaquatica.com\/cs\/substraty\/cocofiber-html-6"]}]},{"@type":"ImageObject","inLanguage":"cs","@id":"https:\/\/www.terraaquatica.com\/cs\/substraty\/cocofiber-html-6#primaryimage","url":"https:\/\/www.terraaquatica.com\/wp-content\/uploads\/2020\/11\/montagecoco.jpg","contentUrl":"https:\/\/www.terraaquatica.com\/wp-content\/uploads\/2020\/11\/montagecoco.jpg","width":547,"height":800,"caption":"COCO FIBER & COCO FIBER WITH PERLITE"},{"@type":"BreadcrumbList","@id":"https:\/\/www.terraaquatica.com\/cs\/substraty\/cocofiber-html-6#breadcrumb","itemListElement":[{"@type":"ListItem","position":1,"name":"Accueil","item":"https:\/\/www.terraaquatica.com\/cs\/"},{"@type":"ListItem","position":2,"name":"Products","item":"https:\/\/www.terraaquatica.com\/cs\/product\/"},{"@type":"ListItem","position":3,"name":"Coco Fiber &#038; Coco Fiber with perlite"}]},{"@type":"WebSite","@id":"https:\/\/www.terraaquatica.com\/#website","url":"https:\/\/www.terraaquatica.com\/","name":"Terra Aquatica","description":"Engrais et syst\u00e8mes de culture depuis 1995","publisher":{"@id":"https:\/\/www.terraaquatica.com\/#organization"},"potentialAction":[{"@type":"SearchAction","target":{"@type":"EntryPoint","urlTemplate":"https:\/\/www.terraaquatica.com\/?s={search_term_string}"},"query-input":{"@type":"PropertyValueSpecification","valueRequired":true,"valueName":"search_term_string"}}],"inLanguage":"cs"},{"@type":"Organization","@id":"https:\/\/www.terraaquatica.com\/#organization","name":"Terra Aquatica","url":"https:\/\/www.terraaquatica.com\/","logo":{"@type":"ImageObject","inLanguage":"cs","@id":"https:\/\/www.terraaquatica.com\/#\/schema\/logo\/image\/","url":"https:\/\/www.terraaquatica.com\/wp-content\/uploads\/2022\/03\/favicon-transpa-big.png","contentUrl":"https:\/\/www.terraaquatica.com\/wp-content\/uploads\/2022\/03\/favicon-transpa-big.png","width":512,"height":512,"caption":"Terra Aquatica"},"image":{"@id":"https:\/\/www.terraaquatica.com\/#\/schema\/logo\/image\/"}}]}},"_links":{"self":[{"href":"https:\/\/www.terraaquatica.com\/cs\/wp-json\/wp\/v2\/product\/2007","targetHints":{"allow":["GET"]}}],"collection":[{"href":"https:\/\/www.terraaquatica.com\/cs\/wp-json\/wp\/v2\/product"}],"about":[{"href":"https:\/\/www.terraaquatica.com\/cs\/wp-json\/wp\/v2\/types\/product"}],"author":[{"embeddable":true,"href":"https:\/\/www.terraaquatica.com\/cs\/wp-json\/wp\/v2\/users\/3"}],"wp:featuredmedia":[{"embeddable":true,"href":"https:\/\/www.terraaquatica.com\/cs\/wp-json\/wp\/v2\/media\/1765"}],"wp:attachment":[{"href":"https:\/\/www.terraaquatica.com\/cs\/wp-json\/wp\/v2\/media?parent=2007"}],"wp:term":[{"taxonomy":"m_thode_de_culture","embeddable":true,"href":"https:\/\/www.terraaquatica.com\/cs\/wp-json\/wp\/v2\/m_thode_de_culture?post=2007"},{"taxonomy":"substrat","embeddable":true,"href":"https:\/\/www.terraaquatica.com\/cs\/wp-json\/wp\/v2\/substrat?post=2007"},{"taxonomy":"product_category","embeddable":true,"href":"https:\/\/www.terraaquatica.com\/cs\/wp-json\/wp\/v2\/product_category?post=2007"}],"curies":[{"name":"wp","href":"https:\/\/api.w.org\/{rel}","templated":true}]}}