{"id":2010,"date":"2018-10-30T10:35:13","date_gmt":"2018-10-30T09:35:13","guid":{"rendered":"https:\/\/www.terraaquatica.com\/produits\/grorox-html-6\/"},"modified":"2022-05-13T09:49:25","modified_gmt":"2022-05-13T07:49:25","slug":"grorox-html-6","status":"publish","type":"product","link":"https:\/\/www.terraaquatica.com\/cs\/substraty\/grorox-html-6","title":{"rendered":"GROROX"},"content":{"rendered":"<p>P\u0159\u00edrodn\u00ed j\u00edlovit\u00fd substr\u00e1t pro vynikaj\u00edc\u00ed okysli\u010den\u00ed a propustnost. J\u00edlov\u00e9 granule Grorox p\u0159edstavuj\u00ed lehk\u00fd a opakovan\u011b pou\u017eiteln\u00fd substr\u00e1t ur\u010den\u00fd pro hydroponick\u00e9 p\u011bstov\u00e1n\u00ed a produkci potravin. Jakmile Grorox u\u017e nepot\u0159ebujete, m\u016f\u017eete ho na rozd\u00edl od rockwoolu p\u0159idat do p\u016fdy pro zlep\u0161en\u00ed propustnosti va\u0161\u00ed zeminy, ani\u017e by hrozilo zne\u010di\u0161t\u011bn\u00ed. Tyto granule vyu\u017e\u00edv\u00e1me ve vysokokapacitn\u00edch p\u011bstebn\u00edch syst\u00e9mech jako CultiMate\u00ae a na podporu rostlin v s\u00ed\u0165ovan\u00fdch kv\u011btin\u00e1\u010d\u00edch v syst\u00e9mech GrowStream\u00ae a HydroCloner\u00ae.<\/p>\n","protected":false},"author":3,"template":"","meta":{"_acf_changed":false},"m_thode_de_culture":[31,32],"substrat":[],"product_category":[235],"class_list":["post-2010","product","type-product","status-publish","has-post-thumbnail","hentry","m_thode_de_culture-mineral-en","m_thode_de_culture-organic-en","product_category-substraty"],"acf":[],"yoast_head":"<!-- This site is optimized with the Yoast SEO plugin v27.3 - https:\/\/yoast.com\/product\/yoast-seo-wordpress\/ -->\n<title>GROROX - Terra Aquatica<\/title>\n<meta name=\"robots\" content=\"index, follow, max-snippet:-1, max-image-preview:large, max-video-preview:-1\" \/>\n<link rel=\"canonical\" href=\"https:\/\/www.terraaquatica.com\/cs\/substraty\/grorox-html-6\/\" \/>\n<meta property=\"og:locale\" content=\"cs_CZ\" \/>\n<meta property=\"og:type\" content=\"article\" \/>\n<meta property=\"og:title\" content=\"GROROX - Terra Aquatica\" \/>\n<meta property=\"og:description\" content=\"P\u0159\u00edrodn\u00ed j\u00edlovit\u00fd substr\u00e1t pro vynikaj\u00edc\u00ed okysli\u010den\u00ed a propustnost. J\u00edlov\u00e9 granule Grorox p\u0159edstavuj\u00ed lehk\u00fd a opakovan\u011b pou\u017eiteln\u00fd substr\u00e1t ur\u010den\u00fd pro hydroponick\u00e9 [&hellip;]\" \/>\n<meta property=\"og:url\" content=\"https:\/\/www.terraaquatica.com\/cs\/substraty\/grorox-html-6\" \/>\n<meta property=\"og:site_name\" content=\"Terra Aquatica\" \/>\n<meta property=\"article:modified_time\" content=\"2022-05-13T07:49:25+00:00\" \/>\n<meta property=\"og:image\" content=\"https:\/\/www.terraaquatica.com\/wp-content\/uploads\/2017\/10\/grorox-sac_0.png\" \/>\n\t<meta property=\"og:image:width\" content=\"720\" \/>\n\t<meta property=\"og:image:height\" content=\"720\" \/>\n\t<meta property=\"og:image:type\" content=\"image\/png\" \/>\n<meta name=\"twitter:card\" content=\"summary_large_image\" \/>\n<meta name=\"twitter:label1\" content=\"Odhadovan\u00e1 doba \u010dten\u00ed\" \/>\n\t<meta name=\"twitter:data1\" content=\"1 minuta\" \/>\n<script type=\"application\/ld+json\" class=\"yoast-schema-graph\">{\"@context\":\"https:\\\/\\\/schema.org\",\"@graph\":[{\"@type\":\"WebPage\",\"@id\":\"https:\\\/\\\/www.terraaquatica.com\\\/cs\\\/substraty\\\/grorox-html-6\",\"url\":\"https:\\\/\\\/www.terraaquatica.com\\\/cs\\\/substraty\\\/grorox-html-6\",\"name\":\"GROROX - Terra Aquatica\",\"isPartOf\":{\"@id\":\"https:\\\/\\\/www.terraaquatica.com\\\/#website\"},\"primaryImageOfPage\":{\"@id\":\"https:\\\/\\\/www.terraaquatica.com\\\/cs\\\/substraty\\\/grorox-html-6#primaryimage\"},\"image\":{\"@id\":\"https:\\\/\\\/www.terraaquatica.com\\\/cs\\\/substraty\\\/grorox-html-6#primaryimage\"},\"thumbnailUrl\":\"https:\\\/\\\/www.terraaquatica.com\\\/wp-content\\\/uploads\\\/2017\\\/10\\\/grorox-sac_0.png\",\"datePublished\":\"2018-10-30T09:35:13+00:00\",\"dateModified\":\"2022-05-13T07:49:25+00:00\",\"breadcrumb\":{\"@id\":\"https:\\\/\\\/www.terraaquatica.com\\\/cs\\\/substraty\\\/grorox-html-6#breadcrumb\"},\"inLanguage\":\"cs\",\"potentialAction\":[{\"@type\":\"ReadAction\",\"target\":[\"https:\\\/\\\/www.terraaquatica.com\\\/cs\\\/substraty\\\/grorox-html-6\"]}]},{\"@type\":\"ImageObject\",\"inLanguage\":\"cs\",\"@id\":\"https:\\\/\\\/www.terraaquatica.com\\\/cs\\\/substraty\\\/grorox-html-6#primaryimage\",\"url\":\"https:\\\/\\\/www.terraaquatica.com\\\/wp-content\\\/uploads\\\/2017\\\/10\\\/grorox-sac_0.png\",\"contentUrl\":\"https:\\\/\\\/www.terraaquatica.com\\\/wp-content\\\/uploads\\\/2017\\\/10\\\/grorox-sac_0.png\",\"width\":720,\"height\":720,\"caption\":\"Grorox\"},{\"@type\":\"BreadcrumbList\",\"@id\":\"https:\\\/\\\/www.terraaquatica.com\\\/cs\\\/substraty\\\/grorox-html-6#breadcrumb\",\"itemListElement\":[{\"@type\":\"ListItem\",\"position\":1,\"name\":\"Accueil\",\"item\":\"https:\\\/\\\/www.terraaquatica.com\\\/cs\\\/\"},{\"@type\":\"ListItem\",\"position\":2,\"name\":\"Products\",\"item\":\"https:\\\/\\\/www.terraaquatica.com\\\/cs\\\/product\\\/\"},{\"@type\":\"ListItem\",\"position\":3,\"name\":\"GROROX\"}]},{\"@type\":\"WebSite\",\"@id\":\"https:\\\/\\\/www.terraaquatica.com\\\/#website\",\"url\":\"https:\\\/\\\/www.terraaquatica.com\\\/\",\"name\":\"Terra Aquatica\",\"description\":\"Engrais et syst\u00e8mes de culture depuis 1995\",\"publisher\":{\"@id\":\"https:\\\/\\\/www.terraaquatica.com\\\/#organization\"},\"potentialAction\":[{\"@type\":\"SearchAction\",\"target\":{\"@type\":\"EntryPoint\",\"urlTemplate\":\"https:\\\/\\\/www.terraaquatica.com\\\/?s={search_term_string}\"},\"query-input\":{\"@type\":\"PropertyValueSpecification\",\"valueRequired\":true,\"valueName\":\"search_term_string\"}}],\"inLanguage\":\"cs\"},{\"@type\":\"Organization\",\"@id\":\"https:\\\/\\\/www.terraaquatica.com\\\/#organization\",\"name\":\"Terra Aquatica\",\"url\":\"https:\\\/\\\/www.terraaquatica.com\\\/\",\"logo\":{\"@type\":\"ImageObject\",\"inLanguage\":\"cs\",\"@id\":\"https:\\\/\\\/www.terraaquatica.com\\\/#\\\/schema\\\/logo\\\/image\\\/\",\"url\":\"https:\\\/\\\/www.terraaquatica.com\\\/wp-content\\\/uploads\\\/2022\\\/03\\\/favicon-transpa-big.png\",\"contentUrl\":\"https:\\\/\\\/www.terraaquatica.com\\\/wp-content\\\/uploads\\\/2022\\\/03\\\/favicon-transpa-big.png\",\"width\":512,\"height\":512,\"caption\":\"Terra Aquatica\"},\"image\":{\"@id\":\"https:\\\/\\\/www.terraaquatica.com\\\/#\\\/schema\\\/logo\\\/image\\\/\"}}]}<\/script>\n<!-- \/ Yoast SEO plugin. -->","yoast_head_json":{"title":"GROROX - Terra Aquatica","robots":{"index":"index","follow":"follow","max-snippet":"max-snippet:-1","max-image-preview":"max-image-preview:large","max-video-preview":"max-video-preview:-1"},"canonical":"https:\/\/www.terraaquatica.com\/cs\/substraty\/grorox-html-6\/","og_locale":"cs_CZ","og_type":"article","og_title":"GROROX - Terra Aquatica","og_description":"P\u0159\u00edrodn\u00ed j\u00edlovit\u00fd substr\u00e1t pro vynikaj\u00edc\u00ed okysli\u010den\u00ed a propustnost. J\u00edlov\u00e9 granule Grorox p\u0159edstavuj\u00ed lehk\u00fd a opakovan\u011b pou\u017eiteln\u00fd substr\u00e1t ur\u010den\u00fd pro hydroponick\u00e9 [&hellip;]","og_url":"https:\/\/www.terraaquatica.com\/cs\/substraty\/grorox-html-6","og_site_name":"Terra Aquatica","article_modified_time":"2022-05-13T07:49:25+00:00","og_image":[{"width":720,"height":720,"url":"https:\/\/www.terraaquatica.com\/wp-content\/uploads\/2017\/10\/grorox-sac_0.png","type":"image\/png"}],"twitter_card":"summary_large_image","twitter_misc":{"Odhadovan\u00e1 doba \u010dten\u00ed":"1 minuta"},"schema":{"@context":"https:\/\/schema.org","@graph":[{"@type":"WebPage","@id":"https:\/\/www.terraaquatica.com\/cs\/substraty\/grorox-html-6","url":"https:\/\/www.terraaquatica.com\/cs\/substraty\/grorox-html-6","name":"GROROX - Terra Aquatica","isPartOf":{"@id":"https:\/\/www.terraaquatica.com\/#website"},"primaryImageOfPage":{"@id":"https:\/\/www.terraaquatica.com\/cs\/substraty\/grorox-html-6#primaryimage"},"image":{"@id":"https:\/\/www.terraaquatica.com\/cs\/substraty\/grorox-html-6#primaryimage"},"thumbnailUrl":"https:\/\/www.terraaquatica.com\/wp-content\/uploads\/2017\/10\/grorox-sac_0.png","datePublished":"2018-10-30T09:35:13+00:00","dateModified":"2022-05-13T07:49:25+00:00","breadcrumb":{"@id":"https:\/\/www.terraaquatica.com\/cs\/substraty\/grorox-html-6#breadcrumb"},"inLanguage":"cs","potentialAction":[{"@type":"ReadAction","target":["https:\/\/www.terraaquatica.com\/cs\/substraty\/grorox-html-6"]}]},{"@type":"ImageObject","inLanguage":"cs","@id":"https:\/\/www.terraaquatica.com\/cs\/substraty\/grorox-html-6#primaryimage","url":"https:\/\/www.terraaquatica.com\/wp-content\/uploads\/2017\/10\/grorox-sac_0.png","contentUrl":"https:\/\/www.terraaquatica.com\/wp-content\/uploads\/2017\/10\/grorox-sac_0.png","width":720,"height":720,"caption":"Grorox"},{"@type":"BreadcrumbList","@id":"https:\/\/www.terraaquatica.com\/cs\/substraty\/grorox-html-6#breadcrumb","itemListElement":[{"@type":"ListItem","position":1,"name":"Accueil","item":"https:\/\/www.terraaquatica.com\/cs\/"},{"@type":"ListItem","position":2,"name":"Products","item":"https:\/\/www.terraaquatica.com\/cs\/product\/"},{"@type":"ListItem","position":3,"name":"GROROX"}]},{"@type":"WebSite","@id":"https:\/\/www.terraaquatica.com\/#website","url":"https:\/\/www.terraaquatica.com\/","name":"Terra Aquatica","description":"Engrais et syst\u00e8mes de culture depuis 1995","publisher":{"@id":"https:\/\/www.terraaquatica.com\/#organization"},"potentialAction":[{"@type":"SearchAction","target":{"@type":"EntryPoint","urlTemplate":"https:\/\/www.terraaquatica.com\/?s={search_term_string}"},"query-input":{"@type":"PropertyValueSpecification","valueRequired":true,"valueName":"search_term_string"}}],"inLanguage":"cs"},{"@type":"Organization","@id":"https:\/\/www.terraaquatica.com\/#organization","name":"Terra Aquatica","url":"https:\/\/www.terraaquatica.com\/","logo":{"@type":"ImageObject","inLanguage":"cs","@id":"https:\/\/www.terraaquatica.com\/#\/schema\/logo\/image\/","url":"https:\/\/www.terraaquatica.com\/wp-content\/uploads\/2022\/03\/favicon-transpa-big.png","contentUrl":"https:\/\/www.terraaquatica.com\/wp-content\/uploads\/2022\/03\/favicon-transpa-big.png","width":512,"height":512,"caption":"Terra Aquatica"},"image":{"@id":"https:\/\/www.terraaquatica.com\/#\/schema\/logo\/image\/"}}]}},"_links":{"self":[{"href":"https:\/\/www.terraaquatica.com\/cs\/wp-json\/wp\/v2\/product\/2010","targetHints":{"allow":["GET"]}}],"collection":[{"href":"https:\/\/www.terraaquatica.com\/cs\/wp-json\/wp\/v2\/product"}],"about":[{"href":"https:\/\/www.terraaquatica.com\/cs\/wp-json\/wp\/v2\/types\/product"}],"author":[{"embeddable":true,"href":"https:\/\/www.terraaquatica.com\/cs\/wp-json\/wp\/v2\/users\/3"}],"wp:featuredmedia":[{"embeddable":true,"href":"https:\/\/www.terraaquatica.com\/cs\/wp-json\/wp\/v2\/media\/1769"}],"wp:attachment":[{"href":"https:\/\/www.terraaquatica.com\/cs\/wp-json\/wp\/v2\/media?parent=2010"}],"wp:term":[{"taxonomy":"m_thode_de_culture","embeddable":true,"href":"https:\/\/www.terraaquatica.com\/cs\/wp-json\/wp\/v2\/m_thode_de_culture?post=2010"},{"taxonomy":"substrat","embeddable":true,"href":"https:\/\/www.terraaquatica.com\/cs\/wp-json\/wp\/v2\/substrat?post=2010"},{"taxonomy":"product_category","embeddable":true,"href":"https:\/\/www.terraaquatica.com\/cs\/wp-json\/wp\/v2\/product_category?post=2010"}],"curies":[{"name":"wp","href":"https:\/\/api.w.org\/{rel}","templated":true}]}}