{"id":2026,"date":"2019-03-04T13:27:36","date_gmt":"2019-03-04T12:27:36","guid":{"rendered":"https:\/\/www.terraaquatica.com\/produits\/organic-soil-light-mix-5\/"},"modified":"2023-09-19T15:44:31","modified_gmt":"2023-09-19T13:44:31","slug":"organic-soil-light-mix-5","status":"publish","type":"product","link":"https:\/\/www.terraaquatica.com\/cs\/substraty\/organic-soil-light-mix-5","title":{"rendered":"T.A Organic soil light-mix"},"content":{"rendered":"<p><span class=\"fontstyle0\">T\u011b\u017eba ra\u0161eliny ni\u010d\u00ed jedny z nejvz\u00e1cn\u011bj\u0161\u00edch p\u0159\u00edrodn\u00edch spole\u010denstv\u00ed a uvol\u0148uje uhl\u00edk do atmosf\u00e9ry. Ra\u0161elini\u0161t\u011b jsou domovem vz\u00e1cn\u00fdch a ohro\u017een\u00fdch druh\u016f \u017eivo\u010dich\u016f a funguj\u00ed jako d\u016fle\u017eit\u00e9 filtry vzduchu a vody. Je proto nejvy\u0161\u0161\u00ed \u010das p\u0159ij\u00edt s lep\u0161\u00edm zp\u016fsobem v\u00fdroby substr\u00e1t\u016f \u2013 a p\u0159esn\u011b to jsme ud\u011blali!<br \/>\nT.A. Organick\u00e1 zemina nab\u00edz\u00ed n\u00e1sleduj\u00edc\u00ed v\u00fdhody dom\u00e1c\u00edm i profesion\u00e1ln\u00edm p\u011bstitel\u016fm :<\/span><\/p>\n<ul>\n<li><span class=\"fontstyle3\">Tradi\u010dn\u00ed zemina bez negativn\u00edho dopadu na&nbsp;<\/span>\u017eivotn\u00ed prost\u0159ed\u00ed v podob\u011b t\u011b\u017eby ra\u0161eliny.<\/li>\n<li><span class=\"fontstyle3\">Optim\u00e1ln\u00ed zadr\u017eov\u00e1n\u00ed vody a kysl\u00edku.<\/span><\/li>\n<li><span class=\"fontstyle3\"><span class=\"fontstyle3\">Minim\u00e1ln\u00ed sr\u00e1\u017elivost mezi jednotliv\u00fdmi z\u00e1livkami.<\/span><\/span><\/li>\n<\/ul>\n<p><span class=\"fontstyle0\">T.A. Organick\u00e1 zemina light mix obsahuje minim\u00e1ln\u00ed mno\u017estv\u00ed uhl\u00edku a je vyrobena sm\u00edch\u00e1n\u00edm recyklovan\u00fdch produkt\u016f z r\u016fzn\u00fdch odv\u011btv\u00ed : organick\u00fd kompost, kokosov\u00e1 vl\u00e1kna pr\u00e9miov\u00e9 kvality a d\u0159evn\u00ed vl\u00e1kno \u2013 p\u0159irozen\u00e9 prost\u0159ed\u00ed Trichoderma harzianum, kter\u00e1 je vysoce prosp\u011b\u0161n\u00fdm houbov\u00fdm organismem.<br \/>\nN\u00e1sledn\u011b p\u0159id\u00e1me perlit pro zpevn\u011bn\u00ed struktury a provzdu\u0161n\u011bn\u00ed, \u010d\u00edm\u017e vytvo\u0159\u00edme ide\u00e1ln\u00ed prost\u0159ed\u00ed pro va\u0161e rostliny a v\u0161emo\u017en\u00e9 formy prosp\u011b\u0161n\u00fdch \u017eivo\u010dich\u016f.<\/span><\/p>\n","protected":false},"author":3,"template":"","meta":{"_acf_changed":false},"m_thode_de_culture":[31,32],"substrat":[],"product_category":[235],"class_list":["post-2026","product","type-product","status-publish","has-post-thumbnail","hentry","m_thode_de_culture-mineral-en","m_thode_de_culture-organic-en","product_category-substraty"],"acf":[],"yoast_head":"<!-- This site is optimized with the Yoast SEO plugin v27.3 - https:\/\/yoast.com\/product\/yoast-seo-wordpress\/ -->\n<title>T.A Organic soil light-mix - Terra Aquatica<\/title>\n<meta name=\"robots\" content=\"index, follow, max-snippet:-1, max-image-preview:large, max-video-preview:-1\" \/>\n<link rel=\"canonical\" href=\"https:\/\/www.terraaquatica.com\/cs\/substraty\/organic-soil-light-mix-5\/\" \/>\n<meta property=\"og:locale\" content=\"cs_CZ\" \/>\n<meta property=\"og:type\" content=\"article\" \/>\n<meta property=\"og:title\" content=\"T.A Organic soil light-mix - Terra Aquatica\" \/>\n<meta property=\"og:description\" content=\"T\u011b\u017eba ra\u0161eliny ni\u010d\u00ed jedny z nejvz\u00e1cn\u011bj\u0161\u00edch p\u0159\u00edrodn\u00edch spole\u010denstv\u00ed a uvol\u0148uje uhl\u00edk do atmosf\u00e9ry. Ra\u0161elini\u0161t\u011b jsou domovem vz\u00e1cn\u00fdch a ohro\u017een\u00fdch druh\u016f [&hellip;]\" \/>\n<meta property=\"og:url\" content=\"https:\/\/www.terraaquatica.com\/cs\/substraty\/organic-soil-light-mix-5\" \/>\n<meta property=\"og:site_name\" content=\"Terra Aquatica\" \/>\n<meta property=\"article:modified_time\" content=\"2023-09-19T13:44:31+00:00\" \/>\n<meta property=\"og:image\" content=\"https:\/\/www.terraaquatica.com\/wp-content\/uploads\/2020\/05\/soil_v2_1.png\" \/>\n\t<meta property=\"og:image:width\" content=\"634\" \/>\n\t<meta property=\"og:image:height\" content=\"1158\" \/>\n\t<meta property=\"og:image:type\" content=\"image\/png\" \/>\n<meta name=\"twitter:card\" content=\"summary_large_image\" \/>\n<meta name=\"twitter:label1\" content=\"Odhadovan\u00e1 doba \u010dten\u00ed\" \/>\n\t<meta name=\"twitter:data1\" content=\"1 minuta\" \/>\n<script type=\"application\/ld+json\" class=\"yoast-schema-graph\">{\"@context\":\"https:\\\/\\\/schema.org\",\"@graph\":[{\"@type\":\"WebPage\",\"@id\":\"https:\\\/\\\/www.terraaquatica.com\\\/cs\\\/substraty\\\/organic-soil-light-mix-5\",\"url\":\"https:\\\/\\\/www.terraaquatica.com\\\/cs\\\/substraty\\\/organic-soil-light-mix-5\",\"name\":\"T.A Organic soil light-mix - Terra Aquatica\",\"isPartOf\":{\"@id\":\"https:\\\/\\\/www.terraaquatica.com\\\/#website\"},\"primaryImageOfPage\":{\"@id\":\"https:\\\/\\\/www.terraaquatica.com\\\/cs\\\/substraty\\\/organic-soil-light-mix-5#primaryimage\"},\"image\":{\"@id\":\"https:\\\/\\\/www.terraaquatica.com\\\/cs\\\/substraty\\\/organic-soil-light-mix-5#primaryimage\"},\"thumbnailUrl\":\"https:\\\/\\\/www.terraaquatica.com\\\/wp-content\\\/uploads\\\/2020\\\/05\\\/soil_v2_1.png\",\"datePublished\":\"2019-03-04T12:27:36+00:00\",\"dateModified\":\"2023-09-19T13:44:31+00:00\",\"breadcrumb\":{\"@id\":\"https:\\\/\\\/www.terraaquatica.com\\\/cs\\\/substraty\\\/organic-soil-light-mix-5#breadcrumb\"},\"inLanguage\":\"cs\",\"potentialAction\":[{\"@type\":\"ReadAction\",\"target\":[\"https:\\\/\\\/www.terraaquatica.com\\\/cs\\\/substraty\\\/organic-soil-light-mix-5\"]}]},{\"@type\":\"ImageObject\",\"inLanguage\":\"cs\",\"@id\":\"https:\\\/\\\/www.terraaquatica.com\\\/cs\\\/substraty\\\/organic-soil-light-mix-5#primaryimage\",\"url\":\"https:\\\/\\\/www.terraaquatica.com\\\/wp-content\\\/uploads\\\/2020\\\/05\\\/soil_v2_1.png\",\"contentUrl\":\"https:\\\/\\\/www.terraaquatica.com\\\/wp-content\\\/uploads\\\/2020\\\/05\\\/soil_v2_1.png\",\"width\":634,\"height\":1158,\"caption\":\"soil_v2\"},{\"@type\":\"BreadcrumbList\",\"@id\":\"https:\\\/\\\/www.terraaquatica.com\\\/cs\\\/substraty\\\/organic-soil-light-mix-5#breadcrumb\",\"itemListElement\":[{\"@type\":\"ListItem\",\"position\":1,\"name\":\"Accueil\",\"item\":\"https:\\\/\\\/www.terraaquatica.com\\\/cs\\\/\"},{\"@type\":\"ListItem\",\"position\":2,\"name\":\"Products\",\"item\":\"https:\\\/\\\/www.terraaquatica.com\\\/cs\\\/product\\\/\"},{\"@type\":\"ListItem\",\"position\":3,\"name\":\"T.A Organic soil light-mix\"}]},{\"@type\":\"WebSite\",\"@id\":\"https:\\\/\\\/www.terraaquatica.com\\\/#website\",\"url\":\"https:\\\/\\\/www.terraaquatica.com\\\/\",\"name\":\"Terra Aquatica\",\"description\":\"Engrais et syst\u00e8mes de culture depuis 1995\",\"publisher\":{\"@id\":\"https:\\\/\\\/www.terraaquatica.com\\\/#organization\"},\"potentialAction\":[{\"@type\":\"SearchAction\",\"target\":{\"@type\":\"EntryPoint\",\"urlTemplate\":\"https:\\\/\\\/www.terraaquatica.com\\\/?s={search_term_string}\"},\"query-input\":{\"@type\":\"PropertyValueSpecification\",\"valueRequired\":true,\"valueName\":\"search_term_string\"}}],\"inLanguage\":\"cs\"},{\"@type\":\"Organization\",\"@id\":\"https:\\\/\\\/www.terraaquatica.com\\\/#organization\",\"name\":\"Terra Aquatica\",\"url\":\"https:\\\/\\\/www.terraaquatica.com\\\/\",\"logo\":{\"@type\":\"ImageObject\",\"inLanguage\":\"cs\",\"@id\":\"https:\\\/\\\/www.terraaquatica.com\\\/#\\\/schema\\\/logo\\\/image\\\/\",\"url\":\"https:\\\/\\\/www.terraaquatica.com\\\/wp-content\\\/uploads\\\/2022\\\/03\\\/favicon-transpa-big.png\",\"contentUrl\":\"https:\\\/\\\/www.terraaquatica.com\\\/wp-content\\\/uploads\\\/2022\\\/03\\\/favicon-transpa-big.png\",\"width\":512,\"height\":512,\"caption\":\"Terra Aquatica\"},\"image\":{\"@id\":\"https:\\\/\\\/www.terraaquatica.com\\\/#\\\/schema\\\/logo\\\/image\\\/\"}}]}<\/script>\n<!-- \/ Yoast SEO plugin. -->","yoast_head_json":{"title":"T.A Organic soil light-mix - Terra Aquatica","robots":{"index":"index","follow":"follow","max-snippet":"max-snippet:-1","max-image-preview":"max-image-preview:large","max-video-preview":"max-video-preview:-1"},"canonical":"https:\/\/www.terraaquatica.com\/cs\/substraty\/organic-soil-light-mix-5\/","og_locale":"cs_CZ","og_type":"article","og_title":"T.A Organic soil light-mix - Terra Aquatica","og_description":"T\u011b\u017eba ra\u0161eliny ni\u010d\u00ed jedny z nejvz\u00e1cn\u011bj\u0161\u00edch p\u0159\u00edrodn\u00edch spole\u010denstv\u00ed a uvol\u0148uje uhl\u00edk do atmosf\u00e9ry. Ra\u0161elini\u0161t\u011b jsou domovem vz\u00e1cn\u00fdch a ohro\u017een\u00fdch druh\u016f [&hellip;]","og_url":"https:\/\/www.terraaquatica.com\/cs\/substraty\/organic-soil-light-mix-5","og_site_name":"Terra Aquatica","article_modified_time":"2023-09-19T13:44:31+00:00","og_image":[{"width":634,"height":1158,"url":"https:\/\/www.terraaquatica.com\/wp-content\/uploads\/2020\/05\/soil_v2_1.png","type":"image\/png"}],"twitter_card":"summary_large_image","twitter_misc":{"Odhadovan\u00e1 doba \u010dten\u00ed":"1 minuta"},"schema":{"@context":"https:\/\/schema.org","@graph":[{"@type":"WebPage","@id":"https:\/\/www.terraaquatica.com\/cs\/substraty\/organic-soil-light-mix-5","url":"https:\/\/www.terraaquatica.com\/cs\/substraty\/organic-soil-light-mix-5","name":"T.A Organic soil light-mix - Terra Aquatica","isPartOf":{"@id":"https:\/\/www.terraaquatica.com\/#website"},"primaryImageOfPage":{"@id":"https:\/\/www.terraaquatica.com\/cs\/substraty\/organic-soil-light-mix-5#primaryimage"},"image":{"@id":"https:\/\/www.terraaquatica.com\/cs\/substraty\/organic-soil-light-mix-5#primaryimage"},"thumbnailUrl":"https:\/\/www.terraaquatica.com\/wp-content\/uploads\/2020\/05\/soil_v2_1.png","datePublished":"2019-03-04T12:27:36+00:00","dateModified":"2023-09-19T13:44:31+00:00","breadcrumb":{"@id":"https:\/\/www.terraaquatica.com\/cs\/substraty\/organic-soil-light-mix-5#breadcrumb"},"inLanguage":"cs","potentialAction":[{"@type":"ReadAction","target":["https:\/\/www.terraaquatica.com\/cs\/substraty\/organic-soil-light-mix-5"]}]},{"@type":"ImageObject","inLanguage":"cs","@id":"https:\/\/www.terraaquatica.com\/cs\/substraty\/organic-soil-light-mix-5#primaryimage","url":"https:\/\/www.terraaquatica.com\/wp-content\/uploads\/2020\/05\/soil_v2_1.png","contentUrl":"https:\/\/www.terraaquatica.com\/wp-content\/uploads\/2020\/05\/soil_v2_1.png","width":634,"height":1158,"caption":"soil_v2"},{"@type":"BreadcrumbList","@id":"https:\/\/www.terraaquatica.com\/cs\/substraty\/organic-soil-light-mix-5#breadcrumb","itemListElement":[{"@type":"ListItem","position":1,"name":"Accueil","item":"https:\/\/www.terraaquatica.com\/cs\/"},{"@type":"ListItem","position":2,"name":"Products","item":"https:\/\/www.terraaquatica.com\/cs\/product\/"},{"@type":"ListItem","position":3,"name":"T.A Organic soil light-mix"}]},{"@type":"WebSite","@id":"https:\/\/www.terraaquatica.com\/#website","url":"https:\/\/www.terraaquatica.com\/","name":"Terra Aquatica","description":"Engrais et syst\u00e8mes de culture depuis 1995","publisher":{"@id":"https:\/\/www.terraaquatica.com\/#organization"},"potentialAction":[{"@type":"SearchAction","target":{"@type":"EntryPoint","urlTemplate":"https:\/\/www.terraaquatica.com\/?s={search_term_string}"},"query-input":{"@type":"PropertyValueSpecification","valueRequired":true,"valueName":"search_term_string"}}],"inLanguage":"cs"},{"@type":"Organization","@id":"https:\/\/www.terraaquatica.com\/#organization","name":"Terra Aquatica","url":"https:\/\/www.terraaquatica.com\/","logo":{"@type":"ImageObject","inLanguage":"cs","@id":"https:\/\/www.terraaquatica.com\/#\/schema\/logo\/image\/","url":"https:\/\/www.terraaquatica.com\/wp-content\/uploads\/2022\/03\/favicon-transpa-big.png","contentUrl":"https:\/\/www.terraaquatica.com\/wp-content\/uploads\/2022\/03\/favicon-transpa-big.png","width":512,"height":512,"caption":"Terra Aquatica"},"image":{"@id":"https:\/\/www.terraaquatica.com\/#\/schema\/logo\/image\/"}}]}},"_links":{"self":[{"href":"https:\/\/www.terraaquatica.com\/cs\/wp-json\/wp\/v2\/product\/2026","targetHints":{"allow":["GET"]}}],"collection":[{"href":"https:\/\/www.terraaquatica.com\/cs\/wp-json\/wp\/v2\/product"}],"about":[{"href":"https:\/\/www.terraaquatica.com\/cs\/wp-json\/wp\/v2\/types\/product"}],"author":[{"embeddable":true,"href":"https:\/\/www.terraaquatica.com\/cs\/wp-json\/wp\/v2\/users\/3"}],"wp:featuredmedia":[{"embeddable":true,"href":"https:\/\/www.terraaquatica.com\/cs\/wp-json\/wp\/v2\/media\/2022"}],"wp:attachment":[{"href":"https:\/\/www.terraaquatica.com\/cs\/wp-json\/wp\/v2\/media?parent=2026"}],"wp:term":[{"taxonomy":"m_thode_de_culture","embeddable":true,"href":"https:\/\/www.terraaquatica.com\/cs\/wp-json\/wp\/v2\/m_thode_de_culture?post=2026"},{"taxonomy":"substrat","embeddable":true,"href":"https:\/\/www.terraaquatica.com\/cs\/wp-json\/wp\/v2\/substrat?post=2026"},{"taxonomy":"product_category","embeddable":true,"href":"https:\/\/www.terraaquatica.com\/cs\/wp-json\/wp\/v2\/product_category?post=2026"}],"curies":[{"name":"wp","href":"https:\/\/api.w.org\/{rel}","templated":true}]}}