{"id":26415,"date":"2026-01-29T19:00:05","date_gmt":"2026-01-29T18:00:05","guid":{"rendered":"https:\/\/www.terraaquatica.com\/uncategorized\/azologic"},"modified":"2026-03-23T10:55:36","modified_gmt":"2026-03-23T09:55:36","slug":"azologic","status":"publish","type":"product","link":"https:\/\/www.terraaquatica.com\/cs\/prospesne-mikroorganismy\/azologic","title":{"rendered":"AzoLogic"},"content":{"rendered":"\n<p><em>Novinka pro rok 2026! AzoLogic\u00ae je mikrobiologick\u00fd p\u0159\u00edpravek ur\u010den\u00fd ke stimulaci r\u016fstu ko\u0159en\u016f a ke zlep\u0161en\u00ed nutri\u010dn\u00ed \u00fa\u010dinnosti plodin.<\/em><\/p>\n\n\n\n<p>Tento p\u0159\u00edpravek, jeho\u017e slo\u017ekou je bakterie Azospirillum sp. pat\u0159\u00edc\u00ed do skupiny PGPR (rhizobakterie podporuj\u00edc\u00ed r\u016fst rostlin) a zn\u00e1m\u00e1 sv\u00fdmi biostimula\u010dn\u00edmi \u00fa\u010dinky, podporuje plodiny ve v\u0161ech kl\u00ed\u010dov\u00fdch f\u00e1z\u00edch jejich v\u00fdvoje.<\/p>\n\n\n\n<ul class=\"wp-block-list\">\n<li>Vylep\u0161en\u00e1 dynamika ko\u0159enov\u00e9ho syst\u00e9mu.<\/li>\n\n\n\n<li>AzoLogic\u00ae je p\u0159\u00edrodn\u00ed stimul\u00e1tor ko\u0159enov\u00e9 architektury, kter\u00fd podporuje rychl\u00e9 a rovnom\u011brn\u00e9 zako\u0159en\u011bn\u00ed plodin.<\/li>\n\n\n\n<li>Hust\u0161\u00ed ko\u0159enov\u00fd syst\u00e9m umo\u017e\u0148uje lep\u0161\u00ed prozkoum\u00e1n\u00ed p\u016fdy a optimalizovan\u00e9 vst\u0159eb\u00e1v\u00e1n\u00ed dostupn\u00fdch \u017eivin.<\/li>\n\n\n\n<li>Optimalizovan\u00e1 \u00fa\u010dinnost v\u00fd\u017eivy.<\/li>\n\n\n\n<li>Lep\u0161\u00ed vyu\u017eit\u00ed dus\u00edku a \u017eivin, kter\u00e9 jsou ji\u017e p\u0159\u00edtomny v p\u011bstebn\u00edm substr\u00e1tu.<\/li>\n<\/ul>\n\n\n\n<p><strong>Hlavn\u00ed v\u00fdhody:<\/strong><\/p>\n\n\n\n<ul class=\"wp-block-list\">\n<li>Podporuje mikrobi\u00e1ln\u00ed aktivitu v p\u016fd\u011b<\/li>\n\n\n\n<li>Zvy\u0161uje biologickou \u00farodnost<\/li>\n\n\n\n<li>Posiluje odolnost plodin v\u016f\u010di abiotick\u00e9mu stresu<\/li>\n\n\n\n<li>Vhodn\u00e9 pro pou\u017eit\u00ed v ekologick\u00e9m zem\u011bd\u011blstv\u00ed (EU 2018\/848, 2021\/1165)<\/li>\n<\/ul>\n\n\n\n<p><\/p>\n","protected":false},"author":801,"template":"","meta":{"_acf_changed":true},"m_thode_de_culture":[31,32],"substrat":[302,299,300,301],"product_category":[227],"class_list":["post-26415","product","type-product","status-publish","hentry","m_thode_de_culture-mineral-en","m_thode_de_culture-organic-en","substrat-bioponics","substrat-coco","substrat-hydro","substrat-soil","product_category-prospesne-mikroorganismy"],"acf":[],"yoast_head":"<!-- This site is optimized with the Yoast SEO plugin v27.3 - https:\/\/yoast.com\/product\/yoast-seo-wordpress\/ -->\n<title>AzoLogic - Terra Aquatica<\/title>\n<meta name=\"robots\" content=\"index, follow, max-snippet:-1, max-image-preview:large, max-video-preview:-1\" \/>\n<link rel=\"canonical\" href=\"https:\/\/www.terraaquatica.com\/cs\/prospesne-mikroorganismy\/azologic\/\" \/>\n<meta property=\"og:locale\" content=\"cs_CZ\" \/>\n<meta property=\"og:type\" content=\"article\" \/>\n<meta property=\"og:title\" content=\"AzoLogic - Terra Aquatica\" \/>\n<meta property=\"og:description\" content=\"Novinka pro rok 2026! AzoLogic\u00ae je mikrobiologick\u00fd p\u0159\u00edpravek ur\u010den\u00fd ke stimulaci r\u016fstu ko\u0159en\u016f a ke zlep\u0161en\u00ed nutri\u010dn\u00ed \u00fa\u010dinnosti plodin. Tento [&hellip;]\" \/>\n<meta property=\"og:url\" content=\"https:\/\/www.terraaquatica.com\/cs\/prospesne-mikroorganismy\/azologic\" \/>\n<meta property=\"og:site_name\" content=\"Terra Aquatica\" \/>\n<meta property=\"article:modified_time\" content=\"2026-03-23T09:55:36+00:00\" \/>\n<meta name=\"twitter:card\" content=\"summary_large_image\" \/>\n<meta name=\"twitter:label1\" content=\"Odhadovan\u00e1 doba \u010dten\u00ed\" \/>\n\t<meta name=\"twitter:data1\" content=\"1 minuta\" \/>\n<script type=\"application\/ld+json\" class=\"yoast-schema-graph\">{\"@context\":\"https:\\\/\\\/schema.org\",\"@graph\":[{\"@type\":\"WebPage\",\"@id\":\"https:\\\/\\\/www.terraaquatica.com\\\/cs\\\/prospesne-mikroorganismy\\\/azologic\",\"url\":\"https:\\\/\\\/www.terraaquatica.com\\\/cs\\\/prospesne-mikroorganismy\\\/azologic\",\"name\":\"AzoLogic - Terra Aquatica\",\"isPartOf\":{\"@id\":\"https:\\\/\\\/www.terraaquatica.com\\\/#website\"},\"datePublished\":\"2026-01-29T18:00:05+00:00\",\"dateModified\":\"2026-03-23T09:55:36+00:00\",\"breadcrumb\":{\"@id\":\"https:\\\/\\\/www.terraaquatica.com\\\/cs\\\/prospesne-mikroorganismy\\\/azologic#breadcrumb\"},\"inLanguage\":\"cs\",\"potentialAction\":[{\"@type\":\"ReadAction\",\"target\":[\"https:\\\/\\\/www.terraaquatica.com\\\/cs\\\/prospesne-mikroorganismy\\\/azologic\"]}]},{\"@type\":\"BreadcrumbList\",\"@id\":\"https:\\\/\\\/www.terraaquatica.com\\\/cs\\\/prospesne-mikroorganismy\\\/azologic#breadcrumb\",\"itemListElement\":[{\"@type\":\"ListItem\",\"position\":1,\"name\":\"Accueil\",\"item\":\"https:\\\/\\\/www.terraaquatica.com\\\/cs\\\/\"},{\"@type\":\"ListItem\",\"position\":2,\"name\":\"Products\",\"item\":\"https:\\\/\\\/www.terraaquatica.com\\\/cs\\\/product\\\/\"},{\"@type\":\"ListItem\",\"position\":3,\"name\":\"AzoLogic\"}]},{\"@type\":\"WebSite\",\"@id\":\"https:\\\/\\\/www.terraaquatica.com\\\/#website\",\"url\":\"https:\\\/\\\/www.terraaquatica.com\\\/\",\"name\":\"Terra Aquatica\",\"description\":\"Engrais et syst\u00e8mes de culture depuis 1995\",\"publisher\":{\"@id\":\"https:\\\/\\\/www.terraaquatica.com\\\/#organization\"},\"potentialAction\":[{\"@type\":\"SearchAction\",\"target\":{\"@type\":\"EntryPoint\",\"urlTemplate\":\"https:\\\/\\\/www.terraaquatica.com\\\/?s={search_term_string}\"},\"query-input\":{\"@type\":\"PropertyValueSpecification\",\"valueRequired\":true,\"valueName\":\"search_term_string\"}}],\"inLanguage\":\"cs\"},{\"@type\":\"Organization\",\"@id\":\"https:\\\/\\\/www.terraaquatica.com\\\/#organization\",\"name\":\"Terra Aquatica\",\"url\":\"https:\\\/\\\/www.terraaquatica.com\\\/\",\"logo\":{\"@type\":\"ImageObject\",\"inLanguage\":\"cs\",\"@id\":\"https:\\\/\\\/www.terraaquatica.com\\\/#\\\/schema\\\/logo\\\/image\\\/\",\"url\":\"https:\\\/\\\/www.terraaquatica.com\\\/wp-content\\\/uploads\\\/2022\\\/03\\\/favicon-transpa-big.png\",\"contentUrl\":\"https:\\\/\\\/www.terraaquatica.com\\\/wp-content\\\/uploads\\\/2022\\\/03\\\/favicon-transpa-big.png\",\"width\":512,\"height\":512,\"caption\":\"Terra Aquatica\"},\"image\":{\"@id\":\"https:\\\/\\\/www.terraaquatica.com\\\/#\\\/schema\\\/logo\\\/image\\\/\"}}]}<\/script>\n<!-- \/ Yoast SEO plugin. -->","yoast_head_json":{"title":"AzoLogic - Terra Aquatica","robots":{"index":"index","follow":"follow","max-snippet":"max-snippet:-1","max-image-preview":"max-image-preview:large","max-video-preview":"max-video-preview:-1"},"canonical":"https:\/\/www.terraaquatica.com\/cs\/prospesne-mikroorganismy\/azologic\/","og_locale":"cs_CZ","og_type":"article","og_title":"AzoLogic - Terra Aquatica","og_description":"Novinka pro rok 2026! AzoLogic\u00ae je mikrobiologick\u00fd p\u0159\u00edpravek ur\u010den\u00fd ke stimulaci r\u016fstu ko\u0159en\u016f a ke zlep\u0161en\u00ed nutri\u010dn\u00ed \u00fa\u010dinnosti plodin. Tento [&hellip;]","og_url":"https:\/\/www.terraaquatica.com\/cs\/prospesne-mikroorganismy\/azologic","og_site_name":"Terra Aquatica","article_modified_time":"2026-03-23T09:55:36+00:00","twitter_card":"summary_large_image","twitter_misc":{"Odhadovan\u00e1 doba \u010dten\u00ed":"1 minuta"},"schema":{"@context":"https:\/\/schema.org","@graph":[{"@type":"WebPage","@id":"https:\/\/www.terraaquatica.com\/cs\/prospesne-mikroorganismy\/azologic","url":"https:\/\/www.terraaquatica.com\/cs\/prospesne-mikroorganismy\/azologic","name":"AzoLogic - Terra Aquatica","isPartOf":{"@id":"https:\/\/www.terraaquatica.com\/#website"},"datePublished":"2026-01-29T18:00:05+00:00","dateModified":"2026-03-23T09:55:36+00:00","breadcrumb":{"@id":"https:\/\/www.terraaquatica.com\/cs\/prospesne-mikroorganismy\/azologic#breadcrumb"},"inLanguage":"cs","potentialAction":[{"@type":"ReadAction","target":["https:\/\/www.terraaquatica.com\/cs\/prospesne-mikroorganismy\/azologic"]}]},{"@type":"BreadcrumbList","@id":"https:\/\/www.terraaquatica.com\/cs\/prospesne-mikroorganismy\/azologic#breadcrumb","itemListElement":[{"@type":"ListItem","position":1,"name":"Accueil","item":"https:\/\/www.terraaquatica.com\/cs\/"},{"@type":"ListItem","position":2,"name":"Products","item":"https:\/\/www.terraaquatica.com\/cs\/product\/"},{"@type":"ListItem","position":3,"name":"AzoLogic"}]},{"@type":"WebSite","@id":"https:\/\/www.terraaquatica.com\/#website","url":"https:\/\/www.terraaquatica.com\/","name":"Terra Aquatica","description":"Engrais et syst\u00e8mes de culture depuis 1995","publisher":{"@id":"https:\/\/www.terraaquatica.com\/#organization"},"potentialAction":[{"@type":"SearchAction","target":{"@type":"EntryPoint","urlTemplate":"https:\/\/www.terraaquatica.com\/?s={search_term_string}"},"query-input":{"@type":"PropertyValueSpecification","valueRequired":true,"valueName":"search_term_string"}}],"inLanguage":"cs"},{"@type":"Organization","@id":"https:\/\/www.terraaquatica.com\/#organization","name":"Terra Aquatica","url":"https:\/\/www.terraaquatica.com\/","logo":{"@type":"ImageObject","inLanguage":"cs","@id":"https:\/\/www.terraaquatica.com\/#\/schema\/logo\/image\/","url":"https:\/\/www.terraaquatica.com\/wp-content\/uploads\/2022\/03\/favicon-transpa-big.png","contentUrl":"https:\/\/www.terraaquatica.com\/wp-content\/uploads\/2022\/03\/favicon-transpa-big.png","width":512,"height":512,"caption":"Terra Aquatica"},"image":{"@id":"https:\/\/www.terraaquatica.com\/#\/schema\/logo\/image\/"}}]}},"_links":{"self":[{"href":"https:\/\/www.terraaquatica.com\/cs\/wp-json\/wp\/v2\/product\/26415","targetHints":{"allow":["GET"]}}],"collection":[{"href":"https:\/\/www.terraaquatica.com\/cs\/wp-json\/wp\/v2\/product"}],"about":[{"href":"https:\/\/www.terraaquatica.com\/cs\/wp-json\/wp\/v2\/types\/product"}],"author":[{"embeddable":true,"href":"https:\/\/www.terraaquatica.com\/cs\/wp-json\/wp\/v2\/users\/801"}],"wp:attachment":[{"href":"https:\/\/www.terraaquatica.com\/cs\/wp-json\/wp\/v2\/media?parent=26415"}],"wp:term":[{"taxonomy":"m_thode_de_culture","embeddable":true,"href":"https:\/\/www.terraaquatica.com\/cs\/wp-json\/wp\/v2\/m_thode_de_culture?post=26415"},{"taxonomy":"substrat","embeddable":true,"href":"https:\/\/www.terraaquatica.com\/cs\/wp-json\/wp\/v2\/substrat?post=26415"},{"taxonomy":"product_category","embeddable":true,"href":"https:\/\/www.terraaquatica.com\/cs\/wp-json\/wp\/v2\/product_category?post=26415"}],"curies":[{"name":"wp","href":"https:\/\/api.w.org\/{rel}","templated":true}]}}