{"id":11153,"date":"2022-01-17T11:17:13","date_gmt":"2022-01-17T10:17:13","guid":{"rendered":"https:\/\/www.terraaquatica.com\/?page_id=11153"},"modified":"2022-01-17T11:30:40","modified_gmt":"2022-01-17T10:30:40","slug":"cookies-politik","status":"publish","type":"page","link":"https:\/\/www.terraaquatica.com\/de\/cookies-politik\/","title":{"rendered":"Cookies-Politik"},"content":{"rendered":"<h2>Cookies &#8211; was sind sie?<\/h2>\n<p>Ein &#8220;Cookie&#8221; ist eine kleine Textdatei, die auf Ihrem Computer, Tablet oder Telefon gespeichert wird, wenn Sie eine Website besuchen. Ein Cookie enth\u00e4lt einige anonyme Informationen wie eine eindeutige Kennung und den Namen der Website sowie einige Ziffern und Zahlen.<\/p>\n<p>Einige Cookies werden gel\u00f6scht, wenn Sie Ihren Browser schlie\u00dfen. Diese werden als Sitzungscookies bezeichnet. Andere verbleiben auf Ihrem Ger\u00e4t, bis sie ablaufen oder Sie sie aus Ihrem Zwischenspeicher l\u00f6schen. Diese werden als dauerhafte Cookies bezeichnet und erm\u00f6glichen es uns, uns Dinge \u00fcber Sie als wiederkehrenden Besucher zu merken.<\/p>\n<p>Weitere Informationen \u00fcber Cookies, einschlie\u00dflich Informationen dar\u00fcber, wie Sie sehen k\u00f6nnen, welche Cookies gesetzt wurden und wie Sie diese verwalten und l\u00f6schen k\u00f6nnen, finden Sie unter <a href=\"https:\/\/www.allaboutcookies.org\/\">www.allaboutcookies.org<\/a>.<\/p>\n<h2>Was Sie tun k\u00f6nnen, wenn Sie das Setzen von Cookies nicht w\u00fcnschen<\/h2>\n<p>Manche Menschen empfinden die Vorstellung, dass eine Website Informationen auf ihrem Computer oder Mobilger\u00e4t speichert, als etwas aufdringlich, insbesondere wenn diese Informationen ohne ihr Wissen von einer dritten Partei gespeichert und verwendet werden. Obwohl dies im Allgemeinen recht harmlos ist, m\u00f6chten Sie vielleicht keine Werbung sehen, die auf Ihre Interessen zugeschnitten ist. Wenn Sie es vorziehen, k\u00f6nnen Sie einige oder alle Cookies blockieren oder sogar bereits gesetzte Cookies l\u00f6schen; Sie m\u00fcssen sich jedoch dar\u00fcber im Klaren sein, dass Sie m\u00f6glicherweise einige Funktionen der betreffenden Website verlieren.<\/p>\n<h2>Wie wir Cookies verwenden<\/h2>\n<p>Auf dieser Website werden dauerhafte Cookies verwendet. Diese Daten werden verwendet, um zu verstehen, was den Besuchern einer Website gef\u00e4llt und was nicht, damit sie verbessert werden kann. Diese Praxis ist als Webanalyse bekannt. Seit Google damit begonnen hat, seine eigene Analysetechnologie kostenlos f\u00fcr Website-Besitzer zur Verf\u00fcgung zu stellen, verwenden fast alle Websites irgendeine Form davon &#8211; obwohl es auch kostenpflichtige Dienste gibt, die mit denen von Google konkurrieren.<\/p>\n<p>Analytics-Cookies sind wahrscheinlich die h\u00e4ufigste Form von dauerhaften Cookies, die heute verwendet werden.<\/p>\n","protected":false},"excerpt":{"rendered":"<p>Cookies &#8211; was sind sie? Ein &#8220;Cookie&#8221; ist eine kleine Textdatei, die auf Ihrem Computer, Tablet oder Telefon gespeichert wird, [&hellip;]<\/p>\n","protected":false},"author":1,"featured_media":0,"parent":0,"menu_order":0,"comment_status":"closed","ping_status":"closed","template":"","meta":{"_acf_changed":false,"footnotes":""},"class_list":["post-11153","page","type-page","status-publish","hentry"],"acf":[],"yoast_head":"<!-- This site is optimized with the Yoast SEO plugin v27.3 - https:\/\/yoast.com\/product\/yoast-seo-wordpress\/ -->\n<title>Cookies-Politik - Terra Aquatica<\/title>\n<meta name=\"robots\" content=\"index, follow, max-snippet:-1, max-image-preview:large, max-video-preview:-1\" \/>\n<link rel=\"canonical\" href=\"https:\/\/www.terraaquatica.com\/de\/cookies-politik\/\" \/>\n<meta property=\"og:locale\" content=\"de_DE\" \/>\n<meta property=\"og:type\" content=\"article\" \/>\n<meta property=\"og:title\" content=\"Cookies-Politik - Terra Aquatica\" \/>\n<meta property=\"og:description\" content=\"Cookies &#8211; was sind sie? Ein &#8220;Cookie&#8221; ist eine kleine Textdatei, die auf Ihrem Computer, Tablet oder Telefon gespeichert wird, [&hellip;]\" \/>\n<meta property=\"og:url\" content=\"https:\/\/www.terraaquatica.com\/de\/cookies-politik\/\" \/>\n<meta property=\"og:site_name\" content=\"Terra Aquatica\" \/>\n<meta property=\"article:modified_time\" content=\"2022-01-17T10:30:40+00:00\" \/>\n<meta name=\"twitter:card\" content=\"summary_large_image\" \/>\n<meta name=\"twitter:label1\" content=\"Gesch\u00e4tzte Lesezeit\" \/>\n\t<meta name=\"twitter:data1\" content=\"2\u00a0Minuten\" \/>\n<script type=\"application\/ld+json\" class=\"yoast-schema-graph\">{\"@context\":\"https:\\\/\\\/schema.org\",\"@graph\":[{\"@type\":\"WebPage\",\"@id\":\"https:\\\/\\\/www.terraaquatica.com\\\/de\\\/cookies-politik\\\/\",\"url\":\"https:\\\/\\\/www.terraaquatica.com\\\/de\\\/cookies-politik\\\/\",\"name\":\"Cookies-Politik - Terra Aquatica\",\"isPartOf\":{\"@id\":\"https:\\\/\\\/www.terraaquatica.com\\\/#website\"},\"datePublished\":\"2022-01-17T10:17:13+00:00\",\"dateModified\":\"2022-01-17T10:30:40+00:00\",\"breadcrumb\":{\"@id\":\"https:\\\/\\\/www.terraaquatica.com\\\/de\\\/cookies-politik\\\/#breadcrumb\"},\"inLanguage\":\"de\",\"potentialAction\":[{\"@type\":\"ReadAction\",\"target\":[\"https:\\\/\\\/www.terraaquatica.com\\\/de\\\/cookies-politik\\\/\"]}]},{\"@type\":\"BreadcrumbList\",\"@id\":\"https:\\\/\\\/www.terraaquatica.com\\\/de\\\/cookies-politik\\\/#breadcrumb\",\"itemListElement\":[{\"@type\":\"ListItem\",\"position\":1,\"name\":\"Accueil\",\"item\":\"https:\\\/\\\/www.terraaquatica.com\\\/de\\\/\"},{\"@type\":\"ListItem\",\"position\":2,\"name\":\"Cookies-Politik\"}]},{\"@type\":\"WebSite\",\"@id\":\"https:\\\/\\\/www.terraaquatica.com\\\/#website\",\"url\":\"https:\\\/\\\/www.terraaquatica.com\\\/\",\"name\":\"Terra Aquatica\",\"description\":\"Engrais et syst\u00e8mes de culture depuis 1995\",\"publisher\":{\"@id\":\"https:\\\/\\\/www.terraaquatica.com\\\/#organization\"},\"potentialAction\":[{\"@type\":\"SearchAction\",\"target\":{\"@type\":\"EntryPoint\",\"urlTemplate\":\"https:\\\/\\\/www.terraaquatica.com\\\/?s={search_term_string}\"},\"query-input\":{\"@type\":\"PropertyValueSpecification\",\"valueRequired\":true,\"valueName\":\"search_term_string\"}}],\"inLanguage\":\"de\"},{\"@type\":\"Organization\",\"@id\":\"https:\\\/\\\/www.terraaquatica.com\\\/#organization\",\"name\":\"Terra Aquatica\",\"url\":\"https:\\\/\\\/www.terraaquatica.com\\\/\",\"logo\":{\"@type\":\"ImageObject\",\"inLanguage\":\"de\",\"@id\":\"https:\\\/\\\/www.terraaquatica.com\\\/#\\\/schema\\\/logo\\\/image\\\/\",\"url\":\"https:\\\/\\\/www.terraaquatica.com\\\/wp-content\\\/uploads\\\/2022\\\/03\\\/favicon-transpa-big.png\",\"contentUrl\":\"https:\\\/\\\/www.terraaquatica.com\\\/wp-content\\\/uploads\\\/2022\\\/03\\\/favicon-transpa-big.png\",\"width\":512,\"height\":512,\"caption\":\"Terra Aquatica\"},\"image\":{\"@id\":\"https:\\\/\\\/www.terraaquatica.com\\\/#\\\/schema\\\/logo\\\/image\\\/\"}}]}<\/script>\n<!-- \/ Yoast SEO plugin. -->","yoast_head_json":{"title":"Cookies-Politik - Terra Aquatica","robots":{"index":"index","follow":"follow","max-snippet":"max-snippet:-1","max-image-preview":"max-image-preview:large","max-video-preview":"max-video-preview:-1"},"canonical":"https:\/\/www.terraaquatica.com\/de\/cookies-politik\/","og_locale":"de_DE","og_type":"article","og_title":"Cookies-Politik - Terra Aquatica","og_description":"Cookies &#8211; was sind sie? Ein &#8220;Cookie&#8221; ist eine kleine Textdatei, die auf Ihrem Computer, Tablet oder Telefon gespeichert wird, [&hellip;]","og_url":"https:\/\/www.terraaquatica.com\/de\/cookies-politik\/","og_site_name":"Terra Aquatica","article_modified_time":"2022-01-17T10:30:40+00:00","twitter_card":"summary_large_image","twitter_misc":{"Gesch\u00e4tzte Lesezeit":"2\u00a0Minuten"},"schema":{"@context":"https:\/\/schema.org","@graph":[{"@type":"WebPage","@id":"https:\/\/www.terraaquatica.com\/de\/cookies-politik\/","url":"https:\/\/www.terraaquatica.com\/de\/cookies-politik\/","name":"Cookies-Politik - Terra Aquatica","isPartOf":{"@id":"https:\/\/www.terraaquatica.com\/#website"},"datePublished":"2022-01-17T10:17:13+00:00","dateModified":"2022-01-17T10:30:40+00:00","breadcrumb":{"@id":"https:\/\/www.terraaquatica.com\/de\/cookies-politik\/#breadcrumb"},"inLanguage":"de","potentialAction":[{"@type":"ReadAction","target":["https:\/\/www.terraaquatica.com\/de\/cookies-politik\/"]}]},{"@type":"BreadcrumbList","@id":"https:\/\/www.terraaquatica.com\/de\/cookies-politik\/#breadcrumb","itemListElement":[{"@type":"ListItem","position":1,"name":"Accueil","item":"https:\/\/www.terraaquatica.com\/de\/"},{"@type":"ListItem","position":2,"name":"Cookies-Politik"}]},{"@type":"WebSite","@id":"https:\/\/www.terraaquatica.com\/#website","url":"https:\/\/www.terraaquatica.com\/","name":"Terra Aquatica","description":"Engrais et syst\u00e8mes de culture depuis 1995","publisher":{"@id":"https:\/\/www.terraaquatica.com\/#organization"},"potentialAction":[{"@type":"SearchAction","target":{"@type":"EntryPoint","urlTemplate":"https:\/\/www.terraaquatica.com\/?s={search_term_string}"},"query-input":{"@type":"PropertyValueSpecification","valueRequired":true,"valueName":"search_term_string"}}],"inLanguage":"de"},{"@type":"Organization","@id":"https:\/\/www.terraaquatica.com\/#organization","name":"Terra Aquatica","url":"https:\/\/www.terraaquatica.com\/","logo":{"@type":"ImageObject","inLanguage":"de","@id":"https:\/\/www.terraaquatica.com\/#\/schema\/logo\/image\/","url":"https:\/\/www.terraaquatica.com\/wp-content\/uploads\/2022\/03\/favicon-transpa-big.png","contentUrl":"https:\/\/www.terraaquatica.com\/wp-content\/uploads\/2022\/03\/favicon-transpa-big.png","width":512,"height":512,"caption":"Terra Aquatica"},"image":{"@id":"https:\/\/www.terraaquatica.com\/#\/schema\/logo\/image\/"}}]}},"_links":{"self":[{"href":"https:\/\/www.terraaquatica.com\/de\/wp-json\/wp\/v2\/pages\/11153","targetHints":{"allow":["GET"]}}],"collection":[{"href":"https:\/\/www.terraaquatica.com\/de\/wp-json\/wp\/v2\/pages"}],"about":[{"href":"https:\/\/www.terraaquatica.com\/de\/wp-json\/wp\/v2\/types\/page"}],"author":[{"embeddable":true,"href":"https:\/\/www.terraaquatica.com\/de\/wp-json\/wp\/v2\/users\/1"}],"replies":[{"embeddable":true,"href":"https:\/\/www.terraaquatica.com\/de\/wp-json\/wp\/v2\/comments?post=11153"}],"version-history":[{"count":2,"href":"https:\/\/www.terraaquatica.com\/de\/wp-json\/wp\/v2\/pages\/11153\/revisions"}],"predecessor-version":[{"id":11171,"href":"https:\/\/www.terraaquatica.com\/de\/wp-json\/wp\/v2\/pages\/11153\/revisions\/11171"}],"wp:attachment":[{"href":"https:\/\/www.terraaquatica.com\/de\/wp-json\/wp\/v2\/media?parent=11153"}],"curies":[{"name":"wp","href":"https:\/\/api.w.org\/{rel}","templated":true}]}}