{"id":16825,"date":"2024-09-16T12:46:31","date_gmt":"2024-09-16T10:46:31","guid":{"rendered":"https:\/\/www.terraaquatica.com\/?page_id=16825"},"modified":"2024-09-16T12:46:31","modified_gmt":"2024-09-16T10:46:31","slug":"das-bio-sortiment-von-terra-aquatica-bekommt-ein-neues-gesicht","status":"publish","type":"page","link":"https:\/\/www.terraaquatica.com\/de\/das-bio-sortiment-von-terra-aquatica-bekommt-ein-neues-gesicht\/","title":{"rendered":"Das Bio-Sortiment von Terra Aquatica bekommt ein neues Gesicht."},"content":{"rendered":"\n<p>Wir freuen uns, ein gro\u00dfes Update f\u00fcr unser Bio-Sortiment ank\u00fcndigen zu k\u00f6nnen! Um diese Produktlinie besser von unserer mineralischen Produktlinie abzugrenzen, haben wir beschlossen, die Etiketten f\u00fcr das gesamte Bio-Sortiment (mit Ausnahme der Pro-Booster und Mikroorganismen) zu erneuern. Diese neuen Etiketten spiegeln den nat\u00fcrlichen, biologischen Inhalt unserer Produkte besser wider.<\/p>\n\n\n\n<figure class=\"wp-block-embed is-type-video is-provider-youtube wp-block-embed-youtube wp-embed-aspect-16-9 wp-has-aspect-ratio\"><div class=\"wp-block-embed__wrapper\">\n<iframe title=\"Nouvelles \u00c9tiquettes d&#039;Engrais Organique : d\u00e9couvrez les !\" width=\"500\" height=\"281\" src=\"https:\/\/www.youtube.com\/embed\/GbdQ83kzHrQ?feature=oembed\" frameborder=\"0\" allow=\"accelerometer; autoplay; clipboard-write; encrypted-media; gyroscope; picture-in-picture; web-share\" referrerpolicy=\"strict-origin-when-cross-origin\" allowfullscreen><\/iframe>\n<\/div><\/figure>\n\n\n\n<div class=\"wp-block-media-text has-media-on-the-right is-stacked-on-mobile\"><div class=\"wp-block-media-text__content\">\n<p><strong>Entdecken Sie unser Bio-Sortiment oder entdecken Sie es neu\u00a0:<\/strong><br><br>M\u00f6chten Sie mit dem biologischen Anbau beginnen, Ihre vorhandenen D\u00fcngemittel mit Produkten erg\u00e4nzen, die mit dem biologischen Anbau vereinbar sind, oder einfach weiter nat\u00fcrlich anbauen und dabei Ihre Ertr\u00e4ge optimieren ?\u00a0<\/p>\n\n\n\n<p>Wir bieten Ihnen ein komplettes, leicht identifizierbares Bio-Sortiment. Ob f\u00fcr\u00a0:<\/p>\n\n\n\n<ul class=\"wp-block-list\">\n<li><strong>D\u00fcnger<\/strong><\/li>\n\n\n\n<li><strong>Wurzelstimulatoren<\/strong><\/li>\n\n\n\n<li><strong>Stimulatoren f\u00fcr die Bl\u00fcte\u00a0<\/strong><\/li>\n\n\n\n<li><strong>Zur Verbesserung der Bodenqualit\u00e4t<\/strong><\/li>\n\n\n\n<li><strong>Pflanzenschutz<\/strong><br><br>Wir haben alles, was Sie brauchen, um ein optimales Umfeld f\u00fcr Ihre Kulturen und Anpflanzungen zu schaffen.<\/li>\n<\/ul>\n<\/div><figure class=\"wp-block-media-text__media\"><img fetchpriority=\"high\" decoding=\"async\" width=\"683\" height=\"1024\" src=\"https:\/\/www.terraaquatica.com\/wp-content\/uploads\/2024\/09\/nouvelle-gamme-organique-vertical-01-683x1024.jpg\" alt=\"\" class=\"wp-image-16750 size-full\" srcset=\"https:\/\/www.terraaquatica.com\/wp-content\/uploads\/2024\/09\/nouvelle-gamme-organique-vertical-01-683x1024.jpg 683w, https:\/\/www.terraaquatica.com\/wp-content\/uploads\/2024\/09\/nouvelle-gamme-organique-vertical-01-200x300.jpg 200w, https:\/\/www.terraaquatica.com\/wp-content\/uploads\/2024\/09\/nouvelle-gamme-organique-vertical-01-160x240.jpg 160w, https:\/\/www.terraaquatica.com\/wp-content\/uploads\/2024\/09\/nouvelle-gamme-organique-vertical-01.jpg 720w\" sizes=\"(max-width: 683px) 100vw, 683px\" \/><\/figure><\/div>\n\n\n\n<div class=\"wp-block-media-text is-stacked-on-mobile\" style=\"grid-template-columns:40% auto\"><figure class=\"wp-block-media-text__media\"><a href=\"https:\/\/www.terraaquatica.com\/de\/organischer-volldunger\/pro-organic-4\/\"><img decoding=\"async\" width=\"362\" height=\"281\" src=\"https:\/\/www.terraaquatica.com\/wp-content\/uploads\/2024\/09\/image.png\" alt=\"\" class=\"wp-image-16760 size-full\" srcset=\"https:\/\/www.terraaquatica.com\/wp-content\/uploads\/2024\/09\/image.png 362w, https:\/\/www.terraaquatica.com\/wp-content\/uploads\/2024\/09\/image-300x233.png 300w, https:\/\/www.terraaquatica.com\/wp-content\/uploads\/2024\/09\/image-309x240.png 309w\" sizes=\"(max-width: 362px) 100vw, 362px\" \/><\/a><\/figure><div class=\"wp-block-media-text__content\">\n<p><strong>Pro Organic<\/strong> Produkte sind so formuliert, dass sie den N\u00e4hrstoffbedarf der Pflanze in allen Entwicklungsstadien \u2013 Wachstum, Bl\u00fcte, Fruchtbildung- abdecken. Unsere nach \u00f6kologischen Grunds\u00e4tzen zusammengestellten Rezepturen sind umwelt\u00advertr\u00e4glich und stellen Pflanzen eine ausgewogene, effiziente Nahrung bereit.<br><strong><a href=\"https:\/\/www.terraaquatica.com\/de\/organischer-volldunger\/pro-organic-4\/\">Siehe mehr &#8230;<\/a><\/strong><br><\/p>\n<\/div><\/div>\n\n\n\n<div class=\"wp-block-media-text has-media-on-the-right is-stacked-on-mobile\" style=\"grid-template-columns:auto 30%\"><div class=\"wp-block-media-text__content\">\n<p><strong>Root Booster<\/strong> ist ein nat\u00fcrlicher Wurzelwachstumszusatz, der Pflanzen beim Aufbau einer gesunden, kr\u00e4ftigen Wurzelmasse unterst\u00fctzt. Enth\u00e4lt Vitamine, Enzyme, Humin- und andere organische S\u00e4uren, die die Wurzelmasse ausschlie\u00dflich mit nat\u00fcrlichen Mitteln statt mit synthetischen Wachstumsregulatoren stimulieren.<br><strong><a href=\"https:\/\/www.terraaquatica.com\/de\/organisches-biostimulanzmittel\/root-booster-4\/\">Siehe mehr &#8230;<\/a><\/strong><\/p>\n<\/div><figure class=\"wp-block-media-text__media\"><a href=\"https:\/\/www.terraaquatica.com\/de\/organisches-biostimulanzmittel\/root-booster-4\/\"><img decoding=\"async\" width=\"264\" height=\"344\" src=\"https:\/\/www.terraaquatica.com\/wp-content\/uploads\/2024\/09\/image-1.png\" alt=\"\" class=\"wp-image-16767 size-full\" srcset=\"https:\/\/www.terraaquatica.com\/wp-content\/uploads\/2024\/09\/image-1.png 264w, https:\/\/www.terraaquatica.com\/wp-content\/uploads\/2024\/09\/image-1-230x300.png 230w, https:\/\/www.terraaquatica.com\/wp-content\/uploads\/2024\/09\/image-1-184x240.png 184w\" sizes=\"(max-width: 264px) 100vw, 264px\" \/><\/a><\/figure><\/div>\n\n\n\n<div class=\"wp-block-media-text is-stacked-on-mobile\" style=\"grid-template-columns:31% auto\"><figure class=\"wp-block-media-text__media\"><a href=\"https:\/\/www.terraaquatica.com\/de\/organisches-biostimulanzmittel-fur-die-blute-fruchtbildung\/bloom-booster-4\/\"><img loading=\"lazy\" decoding=\"async\" width=\"209\" height=\"288\" src=\"https:\/\/www.terraaquatica.com\/wp-content\/uploads\/2024\/09\/image-2.png\" alt=\"\" class=\"wp-image-16774 size-full\" srcset=\"https:\/\/www.terraaquatica.com\/wp-content\/uploads\/2024\/09\/image-2.png 209w, https:\/\/www.terraaquatica.com\/wp-content\/uploads\/2024\/09\/image-2-174x240.png 174w\" sizes=\"(max-width: 209px) 100vw, 209px\" \/><\/a><\/figure><div class=\"wp-block-media-text__content\">\n<p><strong>Bloom Booster<\/strong> eist ein starker Bl\u00fctenstimulator, der die Bl\u00fcten- und Fruchtbildung durch Anregung des Pflanzenstoffwechsels und der Mineralstoffaufnahme mit Bio-Stimulanzien und biologischen Transportbeschleunigern statt synthetischen Wachstumsregulatoren auf Hochtouren bringt.<br><strong><a href=\"https:\/\/www.terraaquatica.com\/de\/organisches-biostimulanzmittel-fur-die-blute-fruchtbildung\/bloom-booster-4\/\">Siehe mehr &#8230;<\/a><\/strong><\/p>\n<\/div><\/div>\n\n\n\n<div class=\"wp-block-media-text has-media-on-the-right is-stacked-on-mobile\" style=\"grid-template-columns:auto 27%\"><div class=\"wp-block-media-text__content\">\n<p><strong>Seaweed<\/strong> ist ein 100 % nat\u00fcrliches Pflanzenst\u00e4rkungs- und Bodenverbesserungsmittel. Unterst\u00fctzt nicht nur das Wurzel- und Blattwachstum, sondern auch die Bl\u00fcte. Das Ergebnis sind gr\u00f6\u00dfere Bl\u00fcten und Fr\u00fcchte.<br><strong><a href=\"https:\/\/www.terraaquatica.com\/de\/organisches-universal-biostimulanzmittel\/seaweed-4\/\">Siehe mehr &#8230;<\/a><\/strong><\/p>\n<\/div><figure class=\"wp-block-media-text__media\"><a href=\"https:\/\/www.terraaquatica.com\/de\/organisches-universal-biostimulanzmittel\/seaweed-4\/\"><img loading=\"lazy\" decoding=\"async\" width=\"218\" height=\"347\" src=\"https:\/\/www.terraaquatica.com\/wp-content\/uploads\/2024\/09\/image-3.png\" alt=\"\" class=\"wp-image-16781 size-full\" srcset=\"https:\/\/www.terraaquatica.com\/wp-content\/uploads\/2024\/09\/image-3.png 218w, https:\/\/www.terraaquatica.com\/wp-content\/uploads\/2024\/09\/image-3-188x300.png 188w, https:\/\/www.terraaquatica.com\/wp-content\/uploads\/2024\/09\/image-3-151x240.png 151w\" sizes=\"(max-width: 218px) 100vw, 218px\" \/><\/a><\/figure><\/div>\n\n\n\n<div class=\"wp-block-media-text is-stacked-on-mobile\" style=\"grid-template-columns:37% auto\"><figure class=\"wp-block-media-text__media\"><a href=\"https:\/\/www.terraaquatica.com\/de\/organisches-universal-biostimulanzmittel\/silicate-4\/\"><img loading=\"lazy\" decoding=\"async\" width=\"260\" height=\"319\" src=\"https:\/\/www.terraaquatica.com\/wp-content\/uploads\/2024\/09\/image-4.png\" alt=\"\" class=\"wp-image-16788 size-full\" srcset=\"https:\/\/www.terraaquatica.com\/wp-content\/uploads\/2024\/09\/image-4.png 260w, https:\/\/www.terraaquatica.com\/wp-content\/uploads\/2024\/09\/image-4-245x300.png 245w, https:\/\/www.terraaquatica.com\/wp-content\/uploads\/2024\/09\/image-4-196x240.png 196w\" sizes=\"(max-width: 260px) 100vw, 260px\" \/><\/a><\/figure><div class=\"wp-block-media-text__content\">\n<p><strong>Silicate<\/strong> <\/p>\n\n\n\n<p>tr\u00e4gt zur Stabilisierung des pH- und EC-Wertes in der N\u00e4hrl\u00f6sung bei, wodurch der Wachstumsstress reduziert wird. Ferner sch\u00fctzt Silicate gegen Toxizit\u00e4t von Schwermetalle.<br><strong><a href=\"https:\/\/www.terraaquatica.com\/de\/organisches-universal-biostimulanzmittel\/silicate-4\/\">Siehe mehr &#8230;<\/a><\/strong><\/p>\n<\/div><\/div>\n\n\n\n<div class=\"wp-block-media-text has-media-on-the-right is-stacked-on-mobile\" style=\"grid-template-columns:auto 30%\"><div class=\"wp-block-media-text__content\">\n<p><strong>Urtimax\u00ae<\/strong> unterst\u00fctzt das Pflanzenwachstum, wirkt bei Blattchlorose und Mineralstoffmangel und erh\u00f6ht die Widerstandsf\u00e4higkeit gegen Krankheiten.<br><strong><a href=\"https:\/\/www.terraaquatica.com\/de\/organisches-universal-biostimulanzmittel\/urtimax-4\/\">Siehe mehr &#8230;<\/a> <\/strong><\/p>\n<\/div><figure class=\"wp-block-media-text__media\"><a href=\"https:\/\/www.terraaquatica.com\/de\/organisches-universal-biostimulanzmittel\/urtimax-4\/\"><img loading=\"lazy\" decoding=\"async\" width=\"243\" height=\"354\" src=\"https:\/\/www.terraaquatica.com\/wp-content\/uploads\/2024\/09\/image-5.png\" alt=\"\" class=\"wp-image-16795 size-full\" srcset=\"https:\/\/www.terraaquatica.com\/wp-content\/uploads\/2024\/09\/image-5.png 243w, https:\/\/www.terraaquatica.com\/wp-content\/uploads\/2024\/09\/image-5-206x300.png 206w, https:\/\/www.terraaquatica.com\/wp-content\/uploads\/2024\/09\/image-5-165x240.png 165w\" sizes=\"(max-width: 243px) 100vw, 243px\" \/><\/a><\/figure><\/div>\n\n\n\n<div class=\"wp-block-media-text is-stacked-on-mobile\" style=\"grid-template-columns:34% auto\"><figure class=\"wp-block-media-text__media\"><a href=\"https:\/\/www.terraaquatica.com\/de\/organisches-universal-biostimulanzmittel\/humic-4\/\"><img loading=\"lazy\" decoding=\"async\" width=\"269\" height=\"337\" src=\"https:\/\/www.terraaquatica.com\/wp-content\/uploads\/2024\/09\/image-6.png\" alt=\"\" class=\"wp-image-16802 size-full\" srcset=\"https:\/\/www.terraaquatica.com\/wp-content\/uploads\/2024\/09\/image-6.png 269w, https:\/\/www.terraaquatica.com\/wp-content\/uploads\/2024\/09\/image-6-239x300.png 239w, https:\/\/www.terraaquatica.com\/wp-content\/uploads\/2024\/09\/image-6-192x240.png 192w\" sizes=\"(max-width: 269px) 100vw, 269px\" \/><\/a><\/figure><div class=\"wp-block-media-text__content\">\n<p><strong>Humic<\/strong> ist ein vorz\u00fcglicher Humatlieferant, der aus einem nat\u00fcrlichen, reichlich vorhandenen Rohstoff hergestellt wird : S\u00e4gemehl. Das daraus gewonnene Produkt ist sauber, frei von R\u00fcckst\u00e4nden und nachhaltig !<br><a href=\"https:\/\/www.terraaquatica.com\/de\/organisches-universal-biostimulanzmittel\/humic-4\/\"><strong>Siehe mehr&#8230;<\/strong><\/a><\/p>\n<\/div><\/div>\n\n\n\n<div class=\"wp-block-media-text has-media-on-the-right is-stacked-on-mobile\" style=\"grid-template-columns:auto 35%\"><div class=\"wp-block-media-text__content\">\n<p><strong>Fulvic<\/strong><br>L\u00f6sliche Huminstoffe enthalten eine Vielzahl nat\u00fcrlicher Verbindungen, die das Pflanzenwachstum anregen und die N\u00e4hrstoffaufnahme verbessern. Fulvos\u00e4ure ist ein solcher Stoff<br><a href=\"https:\/\/www.terraaquatica.com\/fr\/biostimulant-organique-universel\/fulvic-3\/\"><strong>Siehe mehr..<\/strong><\/a><strong><a href=\"https:\/\/www.terraaquatica.com\/de\/organisches-universal-biostimulanzmittel\/fulvic-4\/\">.<\/a><\/strong><\/p>\n<\/div><figure class=\"wp-block-media-text__media\"><a href=\"https:\/\/www.terraaquatica.com\/de\/organisches-universal-biostimulanzmittel\/fulvic-4\/\"><img loading=\"lazy\" decoding=\"async\" width=\"284\" height=\"355\" src=\"https:\/\/www.terraaquatica.com\/wp-content\/uploads\/2024\/09\/image-7.png\" alt=\"\" class=\"wp-image-16809 size-full\" srcset=\"https:\/\/www.terraaquatica.com\/wp-content\/uploads\/2024\/09\/image-7.png 284w, https:\/\/www.terraaquatica.com\/wp-content\/uploads\/2024\/09\/image-7-240x300.png 240w, https:\/\/www.terraaquatica.com\/wp-content\/uploads\/2024\/09\/image-7-192x240.png 192w\" sizes=\"(max-width: 284px) 100vw, 284px\" \/><\/a><\/figure><\/div>\n\n\n\n<p><strong>Praktizieren Sie Bioponik (organische Hydrokultur)<\/strong> <strong>?<\/strong><br>Vergessen Sie nicht, <a href=\"https:\/\/www.terraaquatica.com\/de\/produktkategorie\/nutzliche-mikroorganismen\/\">Mikroorganismen hinzuzuf\u00fcgen<\/a> ! Sie spielen eine entscheidende Rolle bei der Zersetzung von organischem Material, der Verbesserung der Mineralienaufnahme und der St\u00e4rkung der Struktur und Gesundheit Ihrer Pflanzen.<br>F\u00fcr die Erfahrenen unter Ihnen: Entdecken Sie unser Angebot an <strong>Pro Booster<\/strong> :<br><a href=\"https:\/\/www.terraaquatica.com\/de\/organisches-biostimulanzmittel-fur-die-blute-fruchtbildung\/pro-bloom-4\/\">ProBloom<\/a> , <a href=\"https:\/\/www.terraaquatica.com\/fr\/stimulant-racinaire-bio\/pro-roots-3\/\">P<\/a><a href=\"https:\/\/www.terraaquatica.com\/de\/organisches-biostimulanzmittel\/pro-roots-4\/\">ro Roots<\/a> , et <a href=\"https:\/\/www.terraaquatica.com\/de\/immunsystemverstarker\/protect-4\/\">Protect<\/a> .<\/p>\n\n\n\n<p><strong>Warum biologisch anbauen ?<\/strong><br>Der \u00f6kologische Landbau ist mehr als nur ein Trend: Er ist eine Notwendigkeit f\u00fcr eine nachhaltige Zukunft. Der biologische Anbau bietet viele Vorteile :<\/p>\n\n\n\n<ul class=\"wp-block-list\">\n<li><strong>Respekt f\u00fcr die Umwelt :<\/strong> Bioprodukte sind so konzipiert, dass ihre Auswirkungen auf das \u00d6kosystem so gering wie m\u00f6glich sind. Sie f\u00f6rdern die Artenvielfalt, sch\u00fctzen die Wasserqualit\u00e4t und erh\u00f6hen die Bodenfruchtbarkeit.<\/li>\n\n\n\n<li><strong>Sicherheit und Gesundheit :<\/strong> Durch die Verwendung von Bioprodukten vermeiden Sie synthetische Chemikalien, was der Gesundheit der Anwender und Endverbraucher zugute kommt.<\/li>\n\n\n\n<li><strong>Qualit\u00e4t der Ernte :<\/strong> Biokulturen sind oft widerstandsf\u00e4higer gegen Krankheiten und liefern schmackhaftere, nahrhaftere Ernten.<\/li>\n<\/ul>\n\n\n\n<p>Gute Ernten !<br>Haben Sie noch Fragen? Kontaktieren Sie unsere technische Abteilung unter <a href=\"mailto:tech@terraaquatica.com\">tech@terraaquatica.com<\/a><\/p>\n","protected":false},"excerpt":{"rendered":"<p>Wir freuen uns, ein gro\u00dfes Update f\u00fcr unser Bio-Sortiment ank\u00fcndigen zu k\u00f6nnen! Um diese Produktlinie besser von unserer mineralischen Produktlinie [&hellip;]<\/p>\n","protected":false},"author":710,"featured_media":0,"parent":0,"menu_order":0,"comment_status":"closed","ping_status":"closed","template":"","meta":{"_acf_changed":false,"footnotes":""},"class_list":["post-16825","page","type-page","status-publish","hentry"],"acf":[],"yoast_head":"<!-- This site is optimized with the Yoast SEO plugin v27.3 - https:\/\/yoast.com\/product\/yoast-seo-wordpress\/ -->\n<title>Das Bio-Sortiment von Terra Aquatica bekommt ein neues Gesicht. - Terra Aquatica<\/title>\n<meta name=\"robots\" content=\"index, follow, max-snippet:-1, max-image-preview:large, max-video-preview:-1\" \/>\n<link rel=\"canonical\" href=\"https:\/\/www.terraaquatica.com\/de\/das-bio-sortiment-von-terra-aquatica-bekommt-ein-neues-gesicht\/\" \/>\n<meta property=\"og:locale\" content=\"de_DE\" \/>\n<meta property=\"og:type\" content=\"article\" \/>\n<meta property=\"og:title\" content=\"Das Bio-Sortiment von Terra Aquatica bekommt ein neues Gesicht. - Terra Aquatica\" \/>\n<meta property=\"og:description\" content=\"Wir freuen uns, ein gro\u00dfes Update f\u00fcr unser Bio-Sortiment ank\u00fcndigen zu k\u00f6nnen! Um diese Produktlinie besser von unserer mineralischen Produktlinie [&hellip;]\" \/>\n<meta property=\"og:url\" content=\"https:\/\/www.terraaquatica.com\/de\/das-bio-sortiment-von-terra-aquatica-bekommt-ein-neues-gesicht\/\" \/>\n<meta property=\"og:site_name\" content=\"Terra Aquatica\" \/>\n<meta property=\"og:image\" content=\"https:\/\/www.terraaquatica.com\/wp-content\/uploads\/2024\/09\/nouvelle-gamme-organique-vertical-01-683x1024.jpg\" \/>\n<meta name=\"twitter:card\" content=\"summary_large_image\" \/>\n<meta name=\"twitter:label1\" content=\"Gesch\u00e4tzte Lesezeit\" \/>\n\t<meta name=\"twitter:data1\" content=\"3\u00a0Minuten\" \/>\n<script type=\"application\/ld+json\" class=\"yoast-schema-graph\">{\"@context\":\"https:\\\/\\\/schema.org\",\"@graph\":[{\"@type\":\"WebPage\",\"@id\":\"https:\\\/\\\/www.terraaquatica.com\\\/de\\\/das-bio-sortiment-von-terra-aquatica-bekommt-ein-neues-gesicht\\\/\",\"url\":\"https:\\\/\\\/www.terraaquatica.com\\\/de\\\/das-bio-sortiment-von-terra-aquatica-bekommt-ein-neues-gesicht\\\/\",\"name\":\"Das Bio-Sortiment von Terra Aquatica bekommt ein neues Gesicht. - Terra Aquatica\",\"isPartOf\":{\"@id\":\"https:\\\/\\\/www.terraaquatica.com\\\/#website\"},\"primaryImageOfPage\":{\"@id\":\"https:\\\/\\\/www.terraaquatica.com\\\/de\\\/das-bio-sortiment-von-terra-aquatica-bekommt-ein-neues-gesicht\\\/#primaryimage\"},\"image\":{\"@id\":\"https:\\\/\\\/www.terraaquatica.com\\\/de\\\/das-bio-sortiment-von-terra-aquatica-bekommt-ein-neues-gesicht\\\/#primaryimage\"},\"thumbnailUrl\":\"https:\\\/\\\/www.terraaquatica.com\\\/wp-content\\\/uploads\\\/2024\\\/09\\\/nouvelle-gamme-organique-vertical-01-683x1024.jpg\",\"datePublished\":\"2024-09-16T10:46:31+00:00\",\"breadcrumb\":{\"@id\":\"https:\\\/\\\/www.terraaquatica.com\\\/de\\\/das-bio-sortiment-von-terra-aquatica-bekommt-ein-neues-gesicht\\\/#breadcrumb\"},\"inLanguage\":\"de\",\"potentialAction\":[{\"@type\":\"ReadAction\",\"target\":[\"https:\\\/\\\/www.terraaquatica.com\\\/de\\\/das-bio-sortiment-von-terra-aquatica-bekommt-ein-neues-gesicht\\\/\"]}]},{\"@type\":\"ImageObject\",\"inLanguage\":\"de\",\"@id\":\"https:\\\/\\\/www.terraaquatica.com\\\/de\\\/das-bio-sortiment-von-terra-aquatica-bekommt-ein-neues-gesicht\\\/#primaryimage\",\"url\":\"https:\\\/\\\/www.terraaquatica.com\\\/wp-content\\\/uploads\\\/2024\\\/09\\\/nouvelle-gamme-organique-vertical-01-683x1024.jpg\",\"contentUrl\":\"https:\\\/\\\/www.terraaquatica.com\\\/wp-content\\\/uploads\\\/2024\\\/09\\\/nouvelle-gamme-organique-vertical-01-683x1024.jpg\"},{\"@type\":\"BreadcrumbList\",\"@id\":\"https:\\\/\\\/www.terraaquatica.com\\\/de\\\/das-bio-sortiment-von-terra-aquatica-bekommt-ein-neues-gesicht\\\/#breadcrumb\",\"itemListElement\":[{\"@type\":\"ListItem\",\"position\":1,\"name\":\"Accueil\",\"item\":\"https:\\\/\\\/www.terraaquatica.com\\\/de\\\/\"},{\"@type\":\"ListItem\",\"position\":2,\"name\":\"Das Bio-Sortiment von Terra Aquatica bekommt ein neues Gesicht.\"}]},{\"@type\":\"WebSite\",\"@id\":\"https:\\\/\\\/www.terraaquatica.com\\\/#website\",\"url\":\"https:\\\/\\\/www.terraaquatica.com\\\/\",\"name\":\"Terra Aquatica\",\"description\":\"Engrais et syst\u00e8mes de culture depuis 1995\",\"publisher\":{\"@id\":\"https:\\\/\\\/www.terraaquatica.com\\\/#organization\"},\"potentialAction\":[{\"@type\":\"SearchAction\",\"target\":{\"@type\":\"EntryPoint\",\"urlTemplate\":\"https:\\\/\\\/www.terraaquatica.com\\\/?s={search_term_string}\"},\"query-input\":{\"@type\":\"PropertyValueSpecification\",\"valueRequired\":true,\"valueName\":\"search_term_string\"}}],\"inLanguage\":\"de\"},{\"@type\":\"Organization\",\"@id\":\"https:\\\/\\\/www.terraaquatica.com\\\/#organization\",\"name\":\"Terra Aquatica\",\"url\":\"https:\\\/\\\/www.terraaquatica.com\\\/\",\"logo\":{\"@type\":\"ImageObject\",\"inLanguage\":\"de\",\"@id\":\"https:\\\/\\\/www.terraaquatica.com\\\/#\\\/schema\\\/logo\\\/image\\\/\",\"url\":\"https:\\\/\\\/www.terraaquatica.com\\\/wp-content\\\/uploads\\\/2022\\\/03\\\/favicon-transpa-big.png\",\"contentUrl\":\"https:\\\/\\\/www.terraaquatica.com\\\/wp-content\\\/uploads\\\/2022\\\/03\\\/favicon-transpa-big.png\",\"width\":512,\"height\":512,\"caption\":\"Terra Aquatica\"},\"image\":{\"@id\":\"https:\\\/\\\/www.terraaquatica.com\\\/#\\\/schema\\\/logo\\\/image\\\/\"}}]}<\/script>\n<!-- \/ Yoast SEO plugin. -->","yoast_head_json":{"title":"Das Bio-Sortiment von Terra Aquatica bekommt ein neues Gesicht. - Terra Aquatica","robots":{"index":"index","follow":"follow","max-snippet":"max-snippet:-1","max-image-preview":"max-image-preview:large","max-video-preview":"max-video-preview:-1"},"canonical":"https:\/\/www.terraaquatica.com\/de\/das-bio-sortiment-von-terra-aquatica-bekommt-ein-neues-gesicht\/","og_locale":"de_DE","og_type":"article","og_title":"Das Bio-Sortiment von Terra Aquatica bekommt ein neues Gesicht. - Terra Aquatica","og_description":"Wir freuen uns, ein gro\u00dfes Update f\u00fcr unser Bio-Sortiment ank\u00fcndigen zu k\u00f6nnen! Um diese Produktlinie besser von unserer mineralischen Produktlinie [&hellip;]","og_url":"https:\/\/www.terraaquatica.com\/de\/das-bio-sortiment-von-terra-aquatica-bekommt-ein-neues-gesicht\/","og_site_name":"Terra Aquatica","og_image":[{"url":"https:\/\/www.terraaquatica.com\/wp-content\/uploads\/2024\/09\/nouvelle-gamme-organique-vertical-01-683x1024.jpg","type":"","width":"","height":""}],"twitter_card":"summary_large_image","twitter_misc":{"Gesch\u00e4tzte Lesezeit":"3\u00a0Minuten"},"schema":{"@context":"https:\/\/schema.org","@graph":[{"@type":"WebPage","@id":"https:\/\/www.terraaquatica.com\/de\/das-bio-sortiment-von-terra-aquatica-bekommt-ein-neues-gesicht\/","url":"https:\/\/www.terraaquatica.com\/de\/das-bio-sortiment-von-terra-aquatica-bekommt-ein-neues-gesicht\/","name":"Das Bio-Sortiment von Terra Aquatica bekommt ein neues Gesicht. - Terra Aquatica","isPartOf":{"@id":"https:\/\/www.terraaquatica.com\/#website"},"primaryImageOfPage":{"@id":"https:\/\/www.terraaquatica.com\/de\/das-bio-sortiment-von-terra-aquatica-bekommt-ein-neues-gesicht\/#primaryimage"},"image":{"@id":"https:\/\/www.terraaquatica.com\/de\/das-bio-sortiment-von-terra-aquatica-bekommt-ein-neues-gesicht\/#primaryimage"},"thumbnailUrl":"https:\/\/www.terraaquatica.com\/wp-content\/uploads\/2024\/09\/nouvelle-gamme-organique-vertical-01-683x1024.jpg","datePublished":"2024-09-16T10:46:31+00:00","breadcrumb":{"@id":"https:\/\/www.terraaquatica.com\/de\/das-bio-sortiment-von-terra-aquatica-bekommt-ein-neues-gesicht\/#breadcrumb"},"inLanguage":"de","potentialAction":[{"@type":"ReadAction","target":["https:\/\/www.terraaquatica.com\/de\/das-bio-sortiment-von-terra-aquatica-bekommt-ein-neues-gesicht\/"]}]},{"@type":"ImageObject","inLanguage":"de","@id":"https:\/\/www.terraaquatica.com\/de\/das-bio-sortiment-von-terra-aquatica-bekommt-ein-neues-gesicht\/#primaryimage","url":"https:\/\/www.terraaquatica.com\/wp-content\/uploads\/2024\/09\/nouvelle-gamme-organique-vertical-01-683x1024.jpg","contentUrl":"https:\/\/www.terraaquatica.com\/wp-content\/uploads\/2024\/09\/nouvelle-gamme-organique-vertical-01-683x1024.jpg"},{"@type":"BreadcrumbList","@id":"https:\/\/www.terraaquatica.com\/de\/das-bio-sortiment-von-terra-aquatica-bekommt-ein-neues-gesicht\/#breadcrumb","itemListElement":[{"@type":"ListItem","position":1,"name":"Accueil","item":"https:\/\/www.terraaquatica.com\/de\/"},{"@type":"ListItem","position":2,"name":"Das Bio-Sortiment von Terra Aquatica bekommt ein neues Gesicht."}]},{"@type":"WebSite","@id":"https:\/\/www.terraaquatica.com\/#website","url":"https:\/\/www.terraaquatica.com\/","name":"Terra Aquatica","description":"Engrais et syst\u00e8mes de culture depuis 1995","publisher":{"@id":"https:\/\/www.terraaquatica.com\/#organization"},"potentialAction":[{"@type":"SearchAction","target":{"@type":"EntryPoint","urlTemplate":"https:\/\/www.terraaquatica.com\/?s={search_term_string}"},"query-input":{"@type":"PropertyValueSpecification","valueRequired":true,"valueName":"search_term_string"}}],"inLanguage":"de"},{"@type":"Organization","@id":"https:\/\/www.terraaquatica.com\/#organization","name":"Terra Aquatica","url":"https:\/\/www.terraaquatica.com\/","logo":{"@type":"ImageObject","inLanguage":"de","@id":"https:\/\/www.terraaquatica.com\/#\/schema\/logo\/image\/","url":"https:\/\/www.terraaquatica.com\/wp-content\/uploads\/2022\/03\/favicon-transpa-big.png","contentUrl":"https:\/\/www.terraaquatica.com\/wp-content\/uploads\/2022\/03\/favicon-transpa-big.png","width":512,"height":512,"caption":"Terra Aquatica"},"image":{"@id":"https:\/\/www.terraaquatica.com\/#\/schema\/logo\/image\/"}}]}},"_links":{"self":[{"href":"https:\/\/www.terraaquatica.com\/de\/wp-json\/wp\/v2\/pages\/16825","targetHints":{"allow":["GET"]}}],"collection":[{"href":"https:\/\/www.terraaquatica.com\/de\/wp-json\/wp\/v2\/pages"}],"about":[{"href":"https:\/\/www.terraaquatica.com\/de\/wp-json\/wp\/v2\/types\/page"}],"author":[{"embeddable":true,"href":"https:\/\/www.terraaquatica.com\/de\/wp-json\/wp\/v2\/users\/710"}],"replies":[{"embeddable":true,"href":"https:\/\/www.terraaquatica.com\/de\/wp-json\/wp\/v2\/comments?post=16825"}],"version-history":[{"count":1,"href":"https:\/\/www.terraaquatica.com\/de\/wp-json\/wp\/v2\/pages\/16825\/revisions"}],"predecessor-version":[{"id":16829,"href":"https:\/\/www.terraaquatica.com\/de\/wp-json\/wp\/v2\/pages\/16825\/revisions\/16829"}],"wp:attachment":[{"href":"https:\/\/www.terraaquatica.com\/de\/wp-json\/wp\/v2\/media?parent=16825"}],"curies":[{"name":"wp","href":"https:\/\/api.w.org\/{rel}","templated":true}]}}