{"id":14701,"date":"2023-03-07T11:37:46","date_gmt":"2023-03-07T10:37:46","guid":{"rendered":"\/uncategorized\/"},"modified":"2024-02-06T11:32:56","modified_gmt":"2024-02-06T10:32:56","slug":"hyperbloom","status":"publish","type":"product","link":"https:\/\/www.terraaquatica.com\/de\/spezialdunger-und-nahrstoffzusatze\/hyperbloom","title":{"rendered":"HyperBloom\u00ae"},"content":{"rendered":"\n<p><strong>Pulverd\u00fcnger f\u00fcr die Bl\u00fctenendphase<\/strong><\/p>\n\n\n\n<p>Jetzt endlich auch auf dem europ\u00e4ischen Markt erh\u00e4ltlich: HyperBloom\u00ae, unser D\u00fcnger f\u00fcr die Bl\u00fctenendphase, der sich in englischsprachigen L\u00e4ndern bereits seit Jahren im Test und in der Praxis bew\u00e4hrt hat.&nbsp;<\/p>\n\n\n\n<p>HyperBloom\u00ae ist ein mit Phosphor, Kalium und Schwefel angereicherter D\u00fcnger, der den Reifungsprozess der Pflanzen beschleunigt und ihre Bl\u00fcte und Fruchtbildung unterst\u00fctzt.<\/p>\n\n\n\n<p>Ob Hydroponik oder Anbau in Erde: Mit seiner Vielfalt an aktiven Inhaltsstoffen ist er leichter verwertbar und passt sich unterschiedlichsten Anbauarten und -bedingungen an.<\/p>\n\n\n\n<p>Noch h\u00f6her konzentriert und damit noch sparsamer!<\/p>\n\n\n\n<p>Wirkungsweise:&nbsp;<\/p>\n\n\n\n<ul class=\"wp-block-list\">\n<li>HyperBloom\u00ae leitet die Pflanze sanft auf das Ende der Bl\u00fctezeit zu.<\/li>\n\n\n\n<li>Es stellt der Pflanze die erforderlichen Mineralstoffe bereit.<\/li>\n\n\n\n<li>HyperBloom\u00ae&nbsp;optimiert die Ernteertr\u00e4ge und verbessert die geschmacklichen Merkmale der Ernte.&nbsp;<\/li>\n\n\n\n<li>Es erh\u00f6ht in der Endphase der Bl\u00fcte und der Fruchtbildung die Synthese von \u00e4therischen \u00d6len und Wirkstoffen.<\/li>\n<\/ul>\n\n\n\n<p>Im Innenbereich l\u00e4sst sich das Ende der Wachstumsphase langsam gedeihender Pflanzen bzw. sp\u00e4t reifender Sorten durch schnellere Reifung synchronisieren.<\/p>\n","protected":false},"author":710,"template":"","meta":{"_acf_changed":false},"m_thode_de_culture":[31],"substrat":[299,300,301],"product_category":[263],"class_list":["post-14701","product","type-product","status-publish","hentry","m_thode_de_culture-mineral-en","substrat-coco","substrat-hydro","substrat-soil","product_category-spezialdunger-und-nahrstoffzusatze"],"acf":[],"yoast_head":"<!-- This site is optimized with the Yoast SEO plugin v27.3 - https:\/\/yoast.com\/product\/yoast-seo-wordpress\/ -->\n<title>HyperBloom\u00ae - Terra Aquatica<\/title>\n<meta name=\"robots\" content=\"index, follow, max-snippet:-1, max-image-preview:large, max-video-preview:-1\" \/>\n<link rel=\"canonical\" href=\"https:\/\/www.terraaquatica.com\/de\/spezialdunger-und-nahrstoffzusatze\/hyperbloom\/\" \/>\n<meta property=\"og:locale\" content=\"de_DE\" \/>\n<meta property=\"og:type\" content=\"article\" \/>\n<meta property=\"og:title\" content=\"HyperBloom\u00ae - Terra Aquatica\" \/>\n<meta property=\"og:description\" content=\"Pulverd\u00fcnger f\u00fcr die Bl\u00fctenendphase Jetzt endlich auch auf dem europ\u00e4ischen Markt erh\u00e4ltlich: HyperBloom\u00ae, unser D\u00fcnger f\u00fcr die Bl\u00fctenendphase, der sich [&hellip;]\" \/>\n<meta property=\"og:url\" content=\"https:\/\/www.terraaquatica.com\/de\/spezialdunger-und-nahrstoffzusatze\/hyperbloom\" \/>\n<meta property=\"og:site_name\" content=\"Terra Aquatica\" \/>\n<meta property=\"article:modified_time\" content=\"2024-02-06T10:32:56+00:00\" \/>\n<meta name=\"twitter:card\" content=\"summary_large_image\" \/>\n<meta name=\"twitter:label1\" content=\"Gesch\u00e4tzte Lesezeit\" \/>\n\t<meta name=\"twitter:data1\" content=\"1\u00a0Minute\" \/>\n<script type=\"application\/ld+json\" class=\"yoast-schema-graph\">{\"@context\":\"https:\\\/\\\/schema.org\",\"@graph\":[{\"@type\":\"WebPage\",\"@id\":\"https:\\\/\\\/www.terraaquatica.com\\\/de\\\/spezialdunger-und-nahrstoffzusatze\\\/hyperbloom\",\"url\":\"https:\\\/\\\/www.terraaquatica.com\\\/de\\\/spezialdunger-und-nahrstoffzusatze\\\/hyperbloom\",\"name\":\"HyperBloom\u00ae - Terra Aquatica\",\"isPartOf\":{\"@id\":\"https:\\\/\\\/www.terraaquatica.com\\\/#website\"},\"datePublished\":\"2023-03-07T10:37:46+00:00\",\"dateModified\":\"2024-02-06T10:32:56+00:00\",\"breadcrumb\":{\"@id\":\"https:\\\/\\\/www.terraaquatica.com\\\/de\\\/spezialdunger-und-nahrstoffzusatze\\\/hyperbloom#breadcrumb\"},\"inLanguage\":\"de\",\"potentialAction\":[{\"@type\":\"ReadAction\",\"target\":[\"https:\\\/\\\/www.terraaquatica.com\\\/de\\\/spezialdunger-und-nahrstoffzusatze\\\/hyperbloom\"]}]},{\"@type\":\"BreadcrumbList\",\"@id\":\"https:\\\/\\\/www.terraaquatica.com\\\/de\\\/spezialdunger-und-nahrstoffzusatze\\\/hyperbloom#breadcrumb\",\"itemListElement\":[{\"@type\":\"ListItem\",\"position\":1,\"name\":\"Accueil\",\"item\":\"https:\\\/\\\/www.terraaquatica.com\\\/de\\\/\"},{\"@type\":\"ListItem\",\"position\":2,\"name\":\"Products\",\"item\":\"https:\\\/\\\/www.terraaquatica.com\\\/de\\\/product\\\/\"},{\"@type\":\"ListItem\",\"position\":3,\"name\":\"HyperBloom\u00ae\"}]},{\"@type\":\"WebSite\",\"@id\":\"https:\\\/\\\/www.terraaquatica.com\\\/#website\",\"url\":\"https:\\\/\\\/www.terraaquatica.com\\\/\",\"name\":\"Terra Aquatica\",\"description\":\"Engrais et syst\u00e8mes de culture depuis 1995\",\"publisher\":{\"@id\":\"https:\\\/\\\/www.terraaquatica.com\\\/#organization\"},\"potentialAction\":[{\"@type\":\"SearchAction\",\"target\":{\"@type\":\"EntryPoint\",\"urlTemplate\":\"https:\\\/\\\/www.terraaquatica.com\\\/?s={search_term_string}\"},\"query-input\":{\"@type\":\"PropertyValueSpecification\",\"valueRequired\":true,\"valueName\":\"search_term_string\"}}],\"inLanguage\":\"de\"},{\"@type\":\"Organization\",\"@id\":\"https:\\\/\\\/www.terraaquatica.com\\\/#organization\",\"name\":\"Terra Aquatica\",\"url\":\"https:\\\/\\\/www.terraaquatica.com\\\/\",\"logo\":{\"@type\":\"ImageObject\",\"inLanguage\":\"de\",\"@id\":\"https:\\\/\\\/www.terraaquatica.com\\\/#\\\/schema\\\/logo\\\/image\\\/\",\"url\":\"https:\\\/\\\/www.terraaquatica.com\\\/wp-content\\\/uploads\\\/2022\\\/03\\\/favicon-transpa-big.png\",\"contentUrl\":\"https:\\\/\\\/www.terraaquatica.com\\\/wp-content\\\/uploads\\\/2022\\\/03\\\/favicon-transpa-big.png\",\"width\":512,\"height\":512,\"caption\":\"Terra Aquatica\"},\"image\":{\"@id\":\"https:\\\/\\\/www.terraaquatica.com\\\/#\\\/schema\\\/logo\\\/image\\\/\"}}]}<\/script>\n<!-- \/ Yoast SEO plugin. -->","yoast_head_json":{"title":"HyperBloom\u00ae - Terra Aquatica","robots":{"index":"index","follow":"follow","max-snippet":"max-snippet:-1","max-image-preview":"max-image-preview:large","max-video-preview":"max-video-preview:-1"},"canonical":"https:\/\/www.terraaquatica.com\/de\/spezialdunger-und-nahrstoffzusatze\/hyperbloom\/","og_locale":"de_DE","og_type":"article","og_title":"HyperBloom\u00ae - Terra Aquatica","og_description":"Pulverd\u00fcnger f\u00fcr die Bl\u00fctenendphase Jetzt endlich auch auf dem europ\u00e4ischen Markt erh\u00e4ltlich: HyperBloom\u00ae, unser D\u00fcnger f\u00fcr die Bl\u00fctenendphase, der sich [&hellip;]","og_url":"https:\/\/www.terraaquatica.com\/de\/spezialdunger-und-nahrstoffzusatze\/hyperbloom","og_site_name":"Terra Aquatica","article_modified_time":"2024-02-06T10:32:56+00:00","twitter_card":"summary_large_image","twitter_misc":{"Gesch\u00e4tzte Lesezeit":"1\u00a0Minute"},"schema":{"@context":"https:\/\/schema.org","@graph":[{"@type":"WebPage","@id":"https:\/\/www.terraaquatica.com\/de\/spezialdunger-und-nahrstoffzusatze\/hyperbloom","url":"https:\/\/www.terraaquatica.com\/de\/spezialdunger-und-nahrstoffzusatze\/hyperbloom","name":"HyperBloom\u00ae - Terra Aquatica","isPartOf":{"@id":"https:\/\/www.terraaquatica.com\/#website"},"datePublished":"2023-03-07T10:37:46+00:00","dateModified":"2024-02-06T10:32:56+00:00","breadcrumb":{"@id":"https:\/\/www.terraaquatica.com\/de\/spezialdunger-und-nahrstoffzusatze\/hyperbloom#breadcrumb"},"inLanguage":"de","potentialAction":[{"@type":"ReadAction","target":["https:\/\/www.terraaquatica.com\/de\/spezialdunger-und-nahrstoffzusatze\/hyperbloom"]}]},{"@type":"BreadcrumbList","@id":"https:\/\/www.terraaquatica.com\/de\/spezialdunger-und-nahrstoffzusatze\/hyperbloom#breadcrumb","itemListElement":[{"@type":"ListItem","position":1,"name":"Accueil","item":"https:\/\/www.terraaquatica.com\/de\/"},{"@type":"ListItem","position":2,"name":"Products","item":"https:\/\/www.terraaquatica.com\/de\/product\/"},{"@type":"ListItem","position":3,"name":"HyperBloom\u00ae"}]},{"@type":"WebSite","@id":"https:\/\/www.terraaquatica.com\/#website","url":"https:\/\/www.terraaquatica.com\/","name":"Terra Aquatica","description":"Engrais et syst\u00e8mes de culture depuis 1995","publisher":{"@id":"https:\/\/www.terraaquatica.com\/#organization"},"potentialAction":[{"@type":"SearchAction","target":{"@type":"EntryPoint","urlTemplate":"https:\/\/www.terraaquatica.com\/?s={search_term_string}"},"query-input":{"@type":"PropertyValueSpecification","valueRequired":true,"valueName":"search_term_string"}}],"inLanguage":"de"},{"@type":"Organization","@id":"https:\/\/www.terraaquatica.com\/#organization","name":"Terra Aquatica","url":"https:\/\/www.terraaquatica.com\/","logo":{"@type":"ImageObject","inLanguage":"de","@id":"https:\/\/www.terraaquatica.com\/#\/schema\/logo\/image\/","url":"https:\/\/www.terraaquatica.com\/wp-content\/uploads\/2022\/03\/favicon-transpa-big.png","contentUrl":"https:\/\/www.terraaquatica.com\/wp-content\/uploads\/2022\/03\/favicon-transpa-big.png","width":512,"height":512,"caption":"Terra Aquatica"},"image":{"@id":"https:\/\/www.terraaquatica.com\/#\/schema\/logo\/image\/"}}]}},"_links":{"self":[{"href":"https:\/\/www.terraaquatica.com\/de\/wp-json\/wp\/v2\/product\/14701","targetHints":{"allow":["GET"]}}],"collection":[{"href":"https:\/\/www.terraaquatica.com\/de\/wp-json\/wp\/v2\/product"}],"about":[{"href":"https:\/\/www.terraaquatica.com\/de\/wp-json\/wp\/v2\/types\/product"}],"author":[{"embeddable":true,"href":"https:\/\/www.terraaquatica.com\/de\/wp-json\/wp\/v2\/users\/710"}],"wp:attachment":[{"href":"https:\/\/www.terraaquatica.com\/de\/wp-json\/wp\/v2\/media?parent=14701"}],"wp:term":[{"taxonomy":"m_thode_de_culture","embeddable":true,"href":"https:\/\/www.terraaquatica.com\/de\/wp-json\/wp\/v2\/m_thode_de_culture?post=14701"},{"taxonomy":"substrat","embeddable":true,"href":"https:\/\/www.terraaquatica.com\/de\/wp-json\/wp\/v2\/substrat?post=14701"},{"taxonomy":"product_category","embeddable":true,"href":"https:\/\/www.terraaquatica.com\/de\/wp-json\/wp\/v2\/product_category?post=14701"}],"curies":[{"name":"wp","href":"https:\/\/api.w.org\/{rel}","templated":true}]}}