{"id":14978,"date":"2023-05-30T17:18:31","date_gmt":"2023-05-30T15:18:31","guid":{"rendered":"\/uncategorized\/"},"modified":"2023-09-19T10:54:17","modified_gmt":"2023-09-19T08:54:17","slug":"streptologic","status":"publish","type":"product","link":"https:\/\/www.terraaquatica.com\/de\/nutzliche-mikroorganismen\/streptologic","title":{"rendered":"StreptoLogic\u00ae"},"content":{"rendered":"\n<p>Der wirksame Schutz der Wurzeln vor Krankheitserregern ist eine der gro\u00dfen Herausforderungen im Anbau, ob in Erde oder in hydroponischen Systemen. Angesichts der Sorfgalt, mit der Pflanzenbauer die Ausbildung des Wurzelsystems unterst\u00fctzen, ist es nur verst\u00e4ndlich, dass die investierte Zeit und M\u00fche sich langfristig f\u00fcr sie auszahlen soll. Pythium, Fusarium, Verticillium und andere krankheitserregende Bakterien und Pilze k\u00f6nnen gerade bei warmem Wetter, wenn warme Luft die Verbreitung von Schimmelpilzen f\u00f6rdert, von einem auf den anderen Tag irreparable Sch\u00e4den in hydroponischen Systeme anrichten.<\/p>\n\n\n\n<p>Die vermeintlichen L\u00f6sungen, die der Markt zu bieten hat, wie beispielsweise die in Gartenm\u00e4rtken erh\u00e4ltlichen UV-Sterilisatoren, haben mehrere Nachteile. Zum einen sind sie kostspielig und kompliziert in der Anwendung, zum anderen ist ihre Wirksamkeit fragw\u00fcrdig, und Fungizide sind f\u00fcr Mensch und Umwelt sch\u00e4dlich.<\/p>\n\n\n\n<p>StreptoLogic hingegen ist ein einfach anzuwendendes, kosteng\u00fcnstiges Bio-Stimulanzmittel, das ohne Bio-Filter auskommt, weil die darin enthaltenen Mikroorganismen sich direkt an den Wurzeln ansiedeln.<br>StreptoLogic nutzt die Ressourcen der Natur, um Phtyohormone zu produzieren, Eisen zu binden und das Wurzelsystem zu st\u00e4rken, und erh\u00f6ht so die Widerstandsf\u00e4higkeit der Pflanzen gegen\u00fcber sch\u00e4dlichen Pilzen und Bakterien, die sich bei warmem Wetter besonders schnell vermehren.<\/p>\n\n\n\n<p><em>StreptoLogic ist gem\u00e4\u00df den Verordnungen (EU) 2018\/848 und (EU) 2021 1165 f\u00fcr den Bio-Anbau geeignet.<\/em><\/p>\n","protected":false},"author":710,"template":"","meta":{"_acf_changed":false},"m_thode_de_culture":[31,32],"substrat":[302,299,300,301],"product_category":[270],"class_list":["post-14978","product","type-product","status-publish","hentry","m_thode_de_culture-mineral-en","m_thode_de_culture-organic-en","substrat-bioponics","substrat-coco","substrat-hydro","substrat-soil","product_category-nutzliche-mikroorganismen"],"acf":[],"yoast_head":"<!-- This site is optimized with the Yoast SEO plugin v27.3 - https:\/\/yoast.com\/product\/yoast-seo-wordpress\/ -->\n<title>StreptoLogic\u00ae - Terra Aquatica<\/title>\n<meta name=\"robots\" content=\"index, follow, max-snippet:-1, max-image-preview:large, max-video-preview:-1\" \/>\n<link rel=\"canonical\" href=\"https:\/\/www.terraaquatica.com\/de\/nutzliche-mikroorganismen\/streptologic\/\" \/>\n<meta property=\"og:locale\" content=\"de_DE\" \/>\n<meta property=\"og:type\" content=\"article\" \/>\n<meta property=\"og:title\" content=\"StreptoLogic\u00ae - Terra Aquatica\" \/>\n<meta property=\"og:description\" content=\"Der wirksame Schutz der Wurzeln vor Krankheitserregern ist eine der gro\u00dfen Herausforderungen im Anbau, ob in Erde oder in hydroponischen [&hellip;]\" \/>\n<meta property=\"og:url\" content=\"https:\/\/www.terraaquatica.com\/de\/nutzliche-mikroorganismen\/streptologic\" \/>\n<meta property=\"og:site_name\" content=\"Terra Aquatica\" \/>\n<meta property=\"article:modified_time\" content=\"2023-09-19T08:54:17+00:00\" \/>\n<meta name=\"twitter:card\" content=\"summary_large_image\" \/>\n<meta name=\"twitter:label1\" content=\"Gesch\u00e4tzte Lesezeit\" \/>\n\t<meta name=\"twitter:data1\" content=\"1\u00a0Minute\" \/>\n<script type=\"application\/ld+json\" class=\"yoast-schema-graph\">{\"@context\":\"https:\\\/\\\/schema.org\",\"@graph\":[{\"@type\":\"WebPage\",\"@id\":\"https:\\\/\\\/www.terraaquatica.com\\\/de\\\/nutzliche-mikroorganismen\\\/streptologic\",\"url\":\"https:\\\/\\\/www.terraaquatica.com\\\/de\\\/nutzliche-mikroorganismen\\\/streptologic\",\"name\":\"StreptoLogic\u00ae - Terra Aquatica\",\"isPartOf\":{\"@id\":\"https:\\\/\\\/www.terraaquatica.com\\\/#website\"},\"datePublished\":\"2023-05-30T15:18:31+00:00\",\"dateModified\":\"2023-09-19T08:54:17+00:00\",\"breadcrumb\":{\"@id\":\"https:\\\/\\\/www.terraaquatica.com\\\/de\\\/nutzliche-mikroorganismen\\\/streptologic#breadcrumb\"},\"inLanguage\":\"de\",\"potentialAction\":[{\"@type\":\"ReadAction\",\"target\":[\"https:\\\/\\\/www.terraaquatica.com\\\/de\\\/nutzliche-mikroorganismen\\\/streptologic\"]}]},{\"@type\":\"BreadcrumbList\",\"@id\":\"https:\\\/\\\/www.terraaquatica.com\\\/de\\\/nutzliche-mikroorganismen\\\/streptologic#breadcrumb\",\"itemListElement\":[{\"@type\":\"ListItem\",\"position\":1,\"name\":\"Accueil\",\"item\":\"https:\\\/\\\/www.terraaquatica.com\\\/de\\\/\"},{\"@type\":\"ListItem\",\"position\":2,\"name\":\"Products\",\"item\":\"https:\\\/\\\/www.terraaquatica.com\\\/de\\\/product\\\/\"},{\"@type\":\"ListItem\",\"position\":3,\"name\":\"StreptoLogic\u00ae\"}]},{\"@type\":\"WebSite\",\"@id\":\"https:\\\/\\\/www.terraaquatica.com\\\/#website\",\"url\":\"https:\\\/\\\/www.terraaquatica.com\\\/\",\"name\":\"Terra Aquatica\",\"description\":\"Engrais et syst\u00e8mes de culture depuis 1995\",\"publisher\":{\"@id\":\"https:\\\/\\\/www.terraaquatica.com\\\/#organization\"},\"potentialAction\":[{\"@type\":\"SearchAction\",\"target\":{\"@type\":\"EntryPoint\",\"urlTemplate\":\"https:\\\/\\\/www.terraaquatica.com\\\/?s={search_term_string}\"},\"query-input\":{\"@type\":\"PropertyValueSpecification\",\"valueRequired\":true,\"valueName\":\"search_term_string\"}}],\"inLanguage\":\"de\"},{\"@type\":\"Organization\",\"@id\":\"https:\\\/\\\/www.terraaquatica.com\\\/#organization\",\"name\":\"Terra Aquatica\",\"url\":\"https:\\\/\\\/www.terraaquatica.com\\\/\",\"logo\":{\"@type\":\"ImageObject\",\"inLanguage\":\"de\",\"@id\":\"https:\\\/\\\/www.terraaquatica.com\\\/#\\\/schema\\\/logo\\\/image\\\/\",\"url\":\"https:\\\/\\\/www.terraaquatica.com\\\/wp-content\\\/uploads\\\/2022\\\/03\\\/favicon-transpa-big.png\",\"contentUrl\":\"https:\\\/\\\/www.terraaquatica.com\\\/wp-content\\\/uploads\\\/2022\\\/03\\\/favicon-transpa-big.png\",\"width\":512,\"height\":512,\"caption\":\"Terra Aquatica\"},\"image\":{\"@id\":\"https:\\\/\\\/www.terraaquatica.com\\\/#\\\/schema\\\/logo\\\/image\\\/\"}}]}<\/script>\n<!-- \/ Yoast SEO plugin. -->","yoast_head_json":{"title":"StreptoLogic\u00ae - Terra Aquatica","robots":{"index":"index","follow":"follow","max-snippet":"max-snippet:-1","max-image-preview":"max-image-preview:large","max-video-preview":"max-video-preview:-1"},"canonical":"https:\/\/www.terraaquatica.com\/de\/nutzliche-mikroorganismen\/streptologic\/","og_locale":"de_DE","og_type":"article","og_title":"StreptoLogic\u00ae - Terra Aquatica","og_description":"Der wirksame Schutz der Wurzeln vor Krankheitserregern ist eine der gro\u00dfen Herausforderungen im Anbau, ob in Erde oder in hydroponischen [&hellip;]","og_url":"https:\/\/www.terraaquatica.com\/de\/nutzliche-mikroorganismen\/streptologic","og_site_name":"Terra Aquatica","article_modified_time":"2023-09-19T08:54:17+00:00","twitter_card":"summary_large_image","twitter_misc":{"Gesch\u00e4tzte Lesezeit":"1\u00a0Minute"},"schema":{"@context":"https:\/\/schema.org","@graph":[{"@type":"WebPage","@id":"https:\/\/www.terraaquatica.com\/de\/nutzliche-mikroorganismen\/streptologic","url":"https:\/\/www.terraaquatica.com\/de\/nutzliche-mikroorganismen\/streptologic","name":"StreptoLogic\u00ae - Terra Aquatica","isPartOf":{"@id":"https:\/\/www.terraaquatica.com\/#website"},"datePublished":"2023-05-30T15:18:31+00:00","dateModified":"2023-09-19T08:54:17+00:00","breadcrumb":{"@id":"https:\/\/www.terraaquatica.com\/de\/nutzliche-mikroorganismen\/streptologic#breadcrumb"},"inLanguage":"de","potentialAction":[{"@type":"ReadAction","target":["https:\/\/www.terraaquatica.com\/de\/nutzliche-mikroorganismen\/streptologic"]}]},{"@type":"BreadcrumbList","@id":"https:\/\/www.terraaquatica.com\/de\/nutzliche-mikroorganismen\/streptologic#breadcrumb","itemListElement":[{"@type":"ListItem","position":1,"name":"Accueil","item":"https:\/\/www.terraaquatica.com\/de\/"},{"@type":"ListItem","position":2,"name":"Products","item":"https:\/\/www.terraaquatica.com\/de\/product\/"},{"@type":"ListItem","position":3,"name":"StreptoLogic\u00ae"}]},{"@type":"WebSite","@id":"https:\/\/www.terraaquatica.com\/#website","url":"https:\/\/www.terraaquatica.com\/","name":"Terra Aquatica","description":"Engrais et syst\u00e8mes de culture depuis 1995","publisher":{"@id":"https:\/\/www.terraaquatica.com\/#organization"},"potentialAction":[{"@type":"SearchAction","target":{"@type":"EntryPoint","urlTemplate":"https:\/\/www.terraaquatica.com\/?s={search_term_string}"},"query-input":{"@type":"PropertyValueSpecification","valueRequired":true,"valueName":"search_term_string"}}],"inLanguage":"de"},{"@type":"Organization","@id":"https:\/\/www.terraaquatica.com\/#organization","name":"Terra Aquatica","url":"https:\/\/www.terraaquatica.com\/","logo":{"@type":"ImageObject","inLanguage":"de","@id":"https:\/\/www.terraaquatica.com\/#\/schema\/logo\/image\/","url":"https:\/\/www.terraaquatica.com\/wp-content\/uploads\/2022\/03\/favicon-transpa-big.png","contentUrl":"https:\/\/www.terraaquatica.com\/wp-content\/uploads\/2022\/03\/favicon-transpa-big.png","width":512,"height":512,"caption":"Terra Aquatica"},"image":{"@id":"https:\/\/www.terraaquatica.com\/#\/schema\/logo\/image\/"}}]}},"_links":{"self":[{"href":"https:\/\/www.terraaquatica.com\/de\/wp-json\/wp\/v2\/product\/14978","targetHints":{"allow":["GET"]}}],"collection":[{"href":"https:\/\/www.terraaquatica.com\/de\/wp-json\/wp\/v2\/product"}],"about":[{"href":"https:\/\/www.terraaquatica.com\/de\/wp-json\/wp\/v2\/types\/product"}],"author":[{"embeddable":true,"href":"https:\/\/www.terraaquatica.com\/de\/wp-json\/wp\/v2\/users\/710"}],"wp:attachment":[{"href":"https:\/\/www.terraaquatica.com\/de\/wp-json\/wp\/v2\/media?parent=14978"}],"wp:term":[{"taxonomy":"m_thode_de_culture","embeddable":true,"href":"https:\/\/www.terraaquatica.com\/de\/wp-json\/wp\/v2\/m_thode_de_culture?post=14978"},{"taxonomy":"substrat","embeddable":true,"href":"https:\/\/www.terraaquatica.com\/de\/wp-json\/wp\/v2\/substrat?post=14978"},{"taxonomy":"product_category","embeddable":true,"href":"https:\/\/www.terraaquatica.com\/de\/wp-json\/wp\/v2\/product_category?post=14978"}],"curies":[{"name":"wp","href":"https:\/\/api.w.org\/{rel}","templated":true}]}}