{"id":17023,"date":"2025-01-13T09:26:12","date_gmt":"2025-01-13T08:26:12","guid":{"rendered":"https:\/\/www.terraaquatica.com\/uncategorized\/organic-drypart"},"modified":"2025-02-13T17:26:21","modified_gmt":"2025-02-13T16:26:21","slug":"organic-drypart","status":"publish","type":"product","link":"https:\/\/www.terraaquatica.com\/de\/organischer-volldunger\/organic-drypart","title":{"rendered":"Organic DryPart"},"content":{"rendered":"\n<p><strong>Organic DryPart\u00ae<\/strong> ist ein vollst\u00e4ndiger, 100% l\u00f6slicher, veganer Pulverd\u00fcnger, der 2023\/2024 von William Texier entwickelt wurde. Es ist der erste vollst\u00e4ndig l\u00f6sliche organische Pulverd\u00fcnger, der im \u00f6kologischen Landbau gem\u00e4\u00df den Verordnungen (EU) Nr. 2018\/848 und 2021\/1165 verwendet werden kann.<\/p>\n\n\n\n<p>Erh\u00e4ltlich in zwei verschiedenen Formeln &#8211; Grow f\u00fcr das vegetative Wachstum und Bloom f\u00fcr Bl\u00fcte und Fruchtbildung &#8211; unterst\u00fctzt Organic DryPart\u00ae Ihre Pflanzen in jeder Phase ihrer Entwicklung:<\/p>\n\n\n\n<p>&#8211; \u00dcppigere Vegetation: stimuliert ein kr\u00e4ftiges, gesundes Wachstum.<\/p>\n\n\n\n<p>&#8211; Dichte, schmackhafte Bl\u00fcten und Fr\u00fcchte: erh\u00f6ht den Zuckergehalt.<\/p>\n\n\n\n<p>&#8211; Verbesserte D\u00fcfte: Verst\u00e4rkt die nat\u00fcrlichen Aromen.<\/p>\n\n\n\n<p>&#8211; Maximierte Ertr\u00e4ge: verbessert die Qualit\u00e4t und das Volumen der Ernte.<\/p>\n\n\n\n<p>&#8211; Vollst\u00e4ndige Ern\u00e4hrung: sofortige Wirkung auf die Pflanze und langfristige Wirkung auf den Boden.<\/p>\n\n\n\n<p>Organic DryPart\u00ae ist mit allen Anbaumethoden (Erde, Kokos, Hydrokultur) und Bew\u00e4sserungssystemen &#8211; manuell oder Tropfbew\u00e4sserung &#8211; kompatibel und wurde an verschiedenen Pflanzen getestet, um eine optimale Leistung zu gew\u00e4hrleisten.&nbsp;<\/p>\n\n\n\n<p>Die Pulverform vereinfacht den Transport und erf\u00fcllt die Erwartungen von Hobby- und Profiz\u00fcchtern, die in Gew\u00e4chsh\u00e4usern oder im Freiland arbeiten.<\/p>\n\n\n\n<p><\/p>\n","protected":false},"author":710,"template":"","meta":{"_acf_changed":true},"m_thode_de_culture":[32],"substrat":[302,299,300,301],"product_category":[266],"class_list":["post-17023","product","type-product","status-publish","hentry","m_thode_de_culture-organic-en","substrat-bioponics","substrat-coco","substrat-hydro","substrat-soil","product_category-organischer-volldunger"],"acf":[],"yoast_head":"<!-- This site is optimized with the Yoast SEO plugin v27.3 - https:\/\/yoast.com\/product\/yoast-seo-wordpress\/ -->\n<title>Organic DryPart - Terra Aquatica<\/title>\n<meta name=\"robots\" content=\"index, follow, max-snippet:-1, max-image-preview:large, max-video-preview:-1\" \/>\n<link rel=\"canonical\" href=\"https:\/\/www.terraaquatica.com\/de\/organischer-volldunger\/organic-drypart\/\" \/>\n<meta property=\"og:locale\" content=\"de_DE\" \/>\n<meta property=\"og:type\" content=\"article\" \/>\n<meta property=\"og:title\" content=\"Organic DryPart - Terra Aquatica\" \/>\n<meta property=\"og:description\" content=\"Organic DryPart\u00ae ist ein vollst\u00e4ndiger, 100% l\u00f6slicher, veganer Pulverd\u00fcnger, der 2023\/2024 von William Texier entwickelt wurde. Es ist der erste [&hellip;]\" \/>\n<meta property=\"og:url\" content=\"https:\/\/www.terraaquatica.com\/de\/organischer-volldunger\/organic-drypart\" \/>\n<meta property=\"og:site_name\" content=\"Terra Aquatica\" \/>\n<meta property=\"article:modified_time\" content=\"2025-02-13T16:26:21+00:00\" \/>\n<meta name=\"twitter:card\" content=\"summary_large_image\" \/>\n<meta name=\"twitter:label1\" content=\"Gesch\u00e4tzte Lesezeit\" \/>\n\t<meta name=\"twitter:data1\" content=\"1\u00a0Minute\" \/>\n<script type=\"application\/ld+json\" class=\"yoast-schema-graph\">{\"@context\":\"https:\\\/\\\/schema.org\",\"@graph\":[{\"@type\":\"WebPage\",\"@id\":\"https:\\\/\\\/www.terraaquatica.com\\\/de\\\/organischer-volldunger\\\/organic-drypart\",\"url\":\"https:\\\/\\\/www.terraaquatica.com\\\/de\\\/organischer-volldunger\\\/organic-drypart\",\"name\":\"Organic DryPart - Terra Aquatica\",\"isPartOf\":{\"@id\":\"https:\\\/\\\/www.terraaquatica.com\\\/#website\"},\"datePublished\":\"2025-01-13T08:26:12+00:00\",\"dateModified\":\"2025-02-13T16:26:21+00:00\",\"breadcrumb\":{\"@id\":\"https:\\\/\\\/www.terraaquatica.com\\\/de\\\/organischer-volldunger\\\/organic-drypart#breadcrumb\"},\"inLanguage\":\"de\",\"potentialAction\":[{\"@type\":\"ReadAction\",\"target\":[\"https:\\\/\\\/www.terraaquatica.com\\\/de\\\/organischer-volldunger\\\/organic-drypart\"]}]},{\"@type\":\"BreadcrumbList\",\"@id\":\"https:\\\/\\\/www.terraaquatica.com\\\/de\\\/organischer-volldunger\\\/organic-drypart#breadcrumb\",\"itemListElement\":[{\"@type\":\"ListItem\",\"position\":1,\"name\":\"Accueil\",\"item\":\"https:\\\/\\\/www.terraaquatica.com\\\/de\\\/\"},{\"@type\":\"ListItem\",\"position\":2,\"name\":\"Products\",\"item\":\"https:\\\/\\\/www.terraaquatica.com\\\/de\\\/product\\\/\"},{\"@type\":\"ListItem\",\"position\":3,\"name\":\"Organic DryPart\"}]},{\"@type\":\"WebSite\",\"@id\":\"https:\\\/\\\/www.terraaquatica.com\\\/#website\",\"url\":\"https:\\\/\\\/www.terraaquatica.com\\\/\",\"name\":\"Terra Aquatica\",\"description\":\"Engrais et syst\u00e8mes de culture depuis 1995\",\"publisher\":{\"@id\":\"https:\\\/\\\/www.terraaquatica.com\\\/#organization\"},\"potentialAction\":[{\"@type\":\"SearchAction\",\"target\":{\"@type\":\"EntryPoint\",\"urlTemplate\":\"https:\\\/\\\/www.terraaquatica.com\\\/?s={search_term_string}\"},\"query-input\":{\"@type\":\"PropertyValueSpecification\",\"valueRequired\":true,\"valueName\":\"search_term_string\"}}],\"inLanguage\":\"de\"},{\"@type\":\"Organization\",\"@id\":\"https:\\\/\\\/www.terraaquatica.com\\\/#organization\",\"name\":\"Terra Aquatica\",\"url\":\"https:\\\/\\\/www.terraaquatica.com\\\/\",\"logo\":{\"@type\":\"ImageObject\",\"inLanguage\":\"de\",\"@id\":\"https:\\\/\\\/www.terraaquatica.com\\\/#\\\/schema\\\/logo\\\/image\\\/\",\"url\":\"https:\\\/\\\/www.terraaquatica.com\\\/wp-content\\\/uploads\\\/2022\\\/03\\\/favicon-transpa-big.png\",\"contentUrl\":\"https:\\\/\\\/www.terraaquatica.com\\\/wp-content\\\/uploads\\\/2022\\\/03\\\/favicon-transpa-big.png\",\"width\":512,\"height\":512,\"caption\":\"Terra Aquatica\"},\"image\":{\"@id\":\"https:\\\/\\\/www.terraaquatica.com\\\/#\\\/schema\\\/logo\\\/image\\\/\"}}]}<\/script>\n<!-- \/ Yoast SEO plugin. -->","yoast_head_json":{"title":"Organic DryPart - Terra Aquatica","robots":{"index":"index","follow":"follow","max-snippet":"max-snippet:-1","max-image-preview":"max-image-preview:large","max-video-preview":"max-video-preview:-1"},"canonical":"https:\/\/www.terraaquatica.com\/de\/organischer-volldunger\/organic-drypart\/","og_locale":"de_DE","og_type":"article","og_title":"Organic DryPart - Terra Aquatica","og_description":"Organic DryPart\u00ae ist ein vollst\u00e4ndiger, 100% l\u00f6slicher, veganer Pulverd\u00fcnger, der 2023\/2024 von William Texier entwickelt wurde. Es ist der erste [&hellip;]","og_url":"https:\/\/www.terraaquatica.com\/de\/organischer-volldunger\/organic-drypart","og_site_name":"Terra Aquatica","article_modified_time":"2025-02-13T16:26:21+00:00","twitter_card":"summary_large_image","twitter_misc":{"Gesch\u00e4tzte Lesezeit":"1\u00a0Minute"},"schema":{"@context":"https:\/\/schema.org","@graph":[{"@type":"WebPage","@id":"https:\/\/www.terraaquatica.com\/de\/organischer-volldunger\/organic-drypart","url":"https:\/\/www.terraaquatica.com\/de\/organischer-volldunger\/organic-drypart","name":"Organic DryPart - Terra Aquatica","isPartOf":{"@id":"https:\/\/www.terraaquatica.com\/#website"},"datePublished":"2025-01-13T08:26:12+00:00","dateModified":"2025-02-13T16:26:21+00:00","breadcrumb":{"@id":"https:\/\/www.terraaquatica.com\/de\/organischer-volldunger\/organic-drypart#breadcrumb"},"inLanguage":"de","potentialAction":[{"@type":"ReadAction","target":["https:\/\/www.terraaquatica.com\/de\/organischer-volldunger\/organic-drypart"]}]},{"@type":"BreadcrumbList","@id":"https:\/\/www.terraaquatica.com\/de\/organischer-volldunger\/organic-drypart#breadcrumb","itemListElement":[{"@type":"ListItem","position":1,"name":"Accueil","item":"https:\/\/www.terraaquatica.com\/de\/"},{"@type":"ListItem","position":2,"name":"Products","item":"https:\/\/www.terraaquatica.com\/de\/product\/"},{"@type":"ListItem","position":3,"name":"Organic DryPart"}]},{"@type":"WebSite","@id":"https:\/\/www.terraaquatica.com\/#website","url":"https:\/\/www.terraaquatica.com\/","name":"Terra Aquatica","description":"Engrais et syst\u00e8mes de culture depuis 1995","publisher":{"@id":"https:\/\/www.terraaquatica.com\/#organization"},"potentialAction":[{"@type":"SearchAction","target":{"@type":"EntryPoint","urlTemplate":"https:\/\/www.terraaquatica.com\/?s={search_term_string}"},"query-input":{"@type":"PropertyValueSpecification","valueRequired":true,"valueName":"search_term_string"}}],"inLanguage":"de"},{"@type":"Organization","@id":"https:\/\/www.terraaquatica.com\/#organization","name":"Terra Aquatica","url":"https:\/\/www.terraaquatica.com\/","logo":{"@type":"ImageObject","inLanguage":"de","@id":"https:\/\/www.terraaquatica.com\/#\/schema\/logo\/image\/","url":"https:\/\/www.terraaquatica.com\/wp-content\/uploads\/2022\/03\/favicon-transpa-big.png","contentUrl":"https:\/\/www.terraaquatica.com\/wp-content\/uploads\/2022\/03\/favicon-transpa-big.png","width":512,"height":512,"caption":"Terra Aquatica"},"image":{"@id":"https:\/\/www.terraaquatica.com\/#\/schema\/logo\/image\/"}}]}},"_links":{"self":[{"href":"https:\/\/www.terraaquatica.com\/de\/wp-json\/wp\/v2\/product\/17023","targetHints":{"allow":["GET"]}}],"collection":[{"href":"https:\/\/www.terraaquatica.com\/de\/wp-json\/wp\/v2\/product"}],"about":[{"href":"https:\/\/www.terraaquatica.com\/de\/wp-json\/wp\/v2\/types\/product"}],"author":[{"embeddable":true,"href":"https:\/\/www.terraaquatica.com\/de\/wp-json\/wp\/v2\/users\/710"}],"wp:attachment":[{"href":"https:\/\/www.terraaquatica.com\/de\/wp-json\/wp\/v2\/media?parent=17023"}],"wp:term":[{"taxonomy":"m_thode_de_culture","embeddable":true,"href":"https:\/\/www.terraaquatica.com\/de\/wp-json\/wp\/v2\/m_thode_de_culture?post=17023"},{"taxonomy":"substrat","embeddable":true,"href":"https:\/\/www.terraaquatica.com\/de\/wp-json\/wp\/v2\/substrat?post=17023"},{"taxonomy":"product_category","embeddable":true,"href":"https:\/\/www.terraaquatica.com\/de\/wp-json\/wp\/v2\/product_category?post=17023"}],"curies":[{"name":"wp","href":"https:\/\/api.w.org\/{rel}","templated":true}]}}