{"id":1862,"date":"2018-05-28T15:45:18","date_gmt":"2018-05-28T13:45:18","guid":{"rendered":"https:\/\/www.terraaquatica.com\/produits\/tripart-4\/"},"modified":"2023-09-14T15:51:41","modified_gmt":"2023-09-14T13:51:41","slug":"tripart-4","status":"publish","type":"product","link":"https:\/\/www.terraaquatica.com\/de\/mineralische-vollnahrungslosung\/tripart-4","title":{"rendered":"TRIPART\u00ae"},"content":{"rendered":"<p><a href=\"http:\/\/www.terraaquatica.com\/\" target=\"_blank\" rel=\"noopener\"><img decoding=\"async\" class=\" size-full wp-image-1616\" style=\"float: left; opacity: 0.9; width: 250px; height: 250px;\" src=\"https:\/\/www.terraaquatica.com\/wp-content\/uploads\/2017\/06\/colerette.png\" alt=\"\"><\/a><em>Terra Aquatica TriPart\u00ae ist <strong>ein modular aufgebautes 3-Komponenten-D\u00fcngesystem<\/strong>, das N\u00e4hrstoffversorgung und Einsatzflexibilit\u00e4t optimal kombiniert.<\/em><\/p>\n<p>Warum Wachstums- und Bl\u00fcted\u00fcnger nebst CalMag-Booster und PK kaufen, wenn es auch ein 3-Flaschen-Set tut?<\/p>\n<p>Die D\u00fcnger unserer TriPart\u00ae erm\u00f6glichen Ihnen, durch Variierung des Mischungsverh\u00e4ltnisses auf die Bed\u00fcrfnisse der Pflanzen im jeweiligen Entwicklungsstadium einzugehen : in der Wachstumsphase mehr TriPart\u00ae Grow, in der Bl\u00fcte und Fruchtbildung mehr TriPart\u00ae Bloom \u2013 einfach (und) genial.<\/p>\n<p>Sie kommen in renommierten Forschungslabors \u2013 z. B. bei der NASA \u2013 und Lehreinrichtungen zum Einsatz und beruhen auf einem Konzept, das wir anhand neuester Forschungsergebnisse kontinuierlich weiterentwickeln und durch eigene umfangreiche Testreihen sowie in Zusammenarbeit mit unseren Partnern verbessern (auf Seite <a href=\"https:\/\/www.terraaquatica.com\/de\/projekte-fuer-kleinstbetriebe\/\">&#8220;Projekte f\u00fcr kleinstbetriebe&#8221;<\/a>&nbsp;erfahren Sie mehr \u00fcber unsere langj\u00e4hrige Forschungst\u00e4tigkeit und Erfahrung im Erwerbsanbau von Ern\u00e4hrungspflanzen).<\/p>\n<p>Viele Hersteller behaupten, dass ihre D\u00fcnger alles enthalten, was Pflanzen f\u00fcr ein gesundes Wachstum brauchen. Wir gehen aber noch weiter, denn TriPart\u00ae liefert \u00fcber die unentbehrlichen prim\u00e4ren und sekund\u00e4ren N\u00e4hrstoffe hinaus auch Spurenelemente und sonstige Mikron\u00e4hrstoffe und stellt die ben\u00f6tigten Elemente zur optimalen Verf\u00fcgbarmachung und Aufnahme m\u00f6glichst in Chelatform bereit. So werden gerade in spezifischen Marktsegmenten, wo es auf Geschmack, Aroma und Wirkung ankommt und um die Gewinnung \u00e4therischer \u00d6le geht, mit TriPart\u00ae verl\u00e4sslich gute Ergebnisse erzielt.<\/p>\n<p>TriPart\u00ae Micro, das Basisprodukt der Reihe, ist f\u00fcr hartes und weiches Wasser erh\u00e4ltlich, um den Calciumgehalt der N\u00e4hrl\u00f6sung stets auf optimalem Niveau zu halten und durch Universald\u00fcnger verursachte Probleme wie N\u00e4hrstoffmangel durch \u00dcberd\u00fcngung zu vermeiden.<\/p>\n<p><strong>TriPart\u00ae Micro : <\/strong>TriPart\u00ae Micro ist f\u00fcr hartes und weiches Wasser erh\u00e4ltlich. Als Basiskomponente unseres modularen D\u00fcngersystems liefert es Spurenelemente und sonstige Mikron\u00e4hrstoffe und zus\u00e4tzliche Makron\u00e4hrstoffe. TriPart\u00ae Micro in der Wachtsums- und Bl\u00fctephase gem\u00e4\u00df Anwendungshinweisen verabreichen.<\/p>\n<p><strong>TriPart\u00ae Grow : <\/strong>regt den Strukturaufbau und das vegetative Wachstum an, unterst\u00fctzt die Ausbildung kr\u00e4ftiger Wurzeln und ist in der TriPart\u00ae der Hauptlieferant f\u00fcr Stickstoff, Kalium und Sekund\u00e4rmineralien. W\u00e4hrend des Wachstums in gr\u00f6\u00dferen, w\u00e4hrend der Bl\u00fcte in geringeren Mengen verabreichen.<\/p>\n<p><strong>TriPart\u00ae Bloom : <\/strong>liefert pflanzenverf\u00fcgbares Phosphor und Kalium, das zur Unterst\u00fctzung der Bewurzelung und f\u00fcr gesundes Wachstum ben\u00f6tigt wird und das genetische Potential der Pflanzen in der Bl\u00fcte- und Fruchtbildungsphase zur vollen Entfaltung bringt. W\u00e4hrend des Wachstums in geringeren, w\u00e4hrend der Bl\u00fcte in gr\u00f6\u00dferen Mengen verabreichen.<\/p>\n","protected":false},"author":3,"template":"","meta":{"_acf_changed":false},"m_thode_de_culture":[31],"substrat":[299,300,301],"product_category":[262],"class_list":["post-1862","product","type-product","status-publish","has-post-thumbnail","hentry","m_thode_de_culture-mineral-en","substrat-coco","substrat-hydro","substrat-soil","product_category-mineralische-vollnahrungslosung"],"acf":[],"yoast_head":"<!-- This site is optimized with the Yoast SEO plugin v27.3 - https:\/\/yoast.com\/product\/yoast-seo-wordpress\/ -->\n<title>TRIPART\u00ae - Terra Aquatica<\/title>\n<meta name=\"robots\" content=\"index, follow, max-snippet:-1, max-image-preview:large, max-video-preview:-1\" \/>\n<link rel=\"canonical\" href=\"https:\/\/www.terraaquatica.com\/de\/mineralische-vollnahrungslosung\/tripart-4\/\" \/>\n<meta property=\"og:locale\" content=\"de_DE\" \/>\n<meta property=\"og:type\" content=\"article\" \/>\n<meta property=\"og:title\" content=\"TRIPART\u00ae - Terra Aquatica\" \/>\n<meta property=\"og:description\" content=\"Terra Aquatica TriPart\u00ae ist ein modular aufgebautes 3-Komponenten-D\u00fcngesystem, das N\u00e4hrstoffversorgung und Einsatzflexibilit\u00e4t optimal kombiniert. Warum Wachstums- und Bl\u00fcted\u00fcnger nebst CalMag-Booster [&hellip;]\" \/>\n<meta property=\"og:url\" content=\"https:\/\/www.terraaquatica.com\/de\/mineralische-vollnahrungslosung\/tripart-4\" \/>\n<meta property=\"og:site_name\" content=\"Terra Aquatica\" \/>\n<meta property=\"article:modified_time\" content=\"2023-09-14T13:51:41+00:00\" \/>\n<meta property=\"og:image\" content=\"https:\/\/www.terraaquatica.com\/wp-content\/uploads\/2020\/03\/tripart-3-bottles-720_2.jpg\" \/>\n\t<meta property=\"og:image:width\" content=\"720\" \/>\n\t<meta property=\"og:image:height\" content=\"720\" \/>\n\t<meta property=\"og:image:type\" content=\"image\/jpeg\" \/>\n<meta name=\"twitter:card\" content=\"summary_large_image\" \/>\n<meta name=\"twitter:label1\" content=\"Gesch\u00e4tzte Lesezeit\" \/>\n\t<meta name=\"twitter:data1\" content=\"2\u00a0Minuten\" \/>\n<script type=\"application\/ld+json\" class=\"yoast-schema-graph\">{\"@context\":\"https:\\\/\\\/schema.org\",\"@graph\":[{\"@type\":\"WebPage\",\"@id\":\"https:\\\/\\\/www.terraaquatica.com\\\/de\\\/mineralische-vollnahrungslosung\\\/tripart-4\",\"url\":\"https:\\\/\\\/www.terraaquatica.com\\\/de\\\/mineralische-vollnahrungslosung\\\/tripart-4\",\"name\":\"TRIPART\u00ae - Terra Aquatica\",\"isPartOf\":{\"@id\":\"https:\\\/\\\/www.terraaquatica.com\\\/#website\"},\"primaryImageOfPage\":{\"@id\":\"https:\\\/\\\/www.terraaquatica.com\\\/de\\\/mineralische-vollnahrungslosung\\\/tripart-4#primaryimage\"},\"image\":{\"@id\":\"https:\\\/\\\/www.terraaquatica.com\\\/de\\\/mineralische-vollnahrungslosung\\\/tripart-4#primaryimage\"},\"thumbnailUrl\":\"https:\\\/\\\/www.terraaquatica.com\\\/wp-content\\\/uploads\\\/2020\\\/03\\\/tripart-3-bottles-720_2.jpg\",\"datePublished\":\"2018-05-28T13:45:18+00:00\",\"dateModified\":\"2023-09-14T13:51:41+00:00\",\"breadcrumb\":{\"@id\":\"https:\\\/\\\/www.terraaquatica.com\\\/de\\\/mineralische-vollnahrungslosung\\\/tripart-4#breadcrumb\"},\"inLanguage\":\"de\",\"potentialAction\":[{\"@type\":\"ReadAction\",\"target\":[\"https:\\\/\\\/www.terraaquatica.com\\\/de\\\/mineralische-vollnahrungslosung\\\/tripart-4\"]}]},{\"@type\":\"ImageObject\",\"inLanguage\":\"de\",\"@id\":\"https:\\\/\\\/www.terraaquatica.com\\\/de\\\/mineralische-vollnahrungslosung\\\/tripart-4#primaryimage\",\"url\":\"https:\\\/\\\/www.terraaquatica.com\\\/wp-content\\\/uploads\\\/2020\\\/03\\\/tripart-3-bottles-720_2.jpg\",\"contentUrl\":\"https:\\\/\\\/www.terraaquatica.com\\\/wp-content\\\/uploads\\\/2020\\\/03\\\/tripart-3-bottles-720_2.jpg\",\"width\":720,\"height\":720,\"caption\":\"TriPart\u00ae Grow - Bloom - Micro\"},{\"@type\":\"BreadcrumbList\",\"@id\":\"https:\\\/\\\/www.terraaquatica.com\\\/de\\\/mineralische-vollnahrungslosung\\\/tripart-4#breadcrumb\",\"itemListElement\":[{\"@type\":\"ListItem\",\"position\":1,\"name\":\"Accueil\",\"item\":\"https:\\\/\\\/www.terraaquatica.com\\\/de\\\/\"},{\"@type\":\"ListItem\",\"position\":2,\"name\":\"Products\",\"item\":\"https:\\\/\\\/www.terraaquatica.com\\\/de\\\/product\\\/\"},{\"@type\":\"ListItem\",\"position\":3,\"name\":\"TRIPART\u00ae\"}]},{\"@type\":\"WebSite\",\"@id\":\"https:\\\/\\\/www.terraaquatica.com\\\/#website\",\"url\":\"https:\\\/\\\/www.terraaquatica.com\\\/\",\"name\":\"Terra Aquatica\",\"description\":\"Engrais et syst\u00e8mes de culture depuis 1995\",\"publisher\":{\"@id\":\"https:\\\/\\\/www.terraaquatica.com\\\/#organization\"},\"potentialAction\":[{\"@type\":\"SearchAction\",\"target\":{\"@type\":\"EntryPoint\",\"urlTemplate\":\"https:\\\/\\\/www.terraaquatica.com\\\/?s={search_term_string}\"},\"query-input\":{\"@type\":\"PropertyValueSpecification\",\"valueRequired\":true,\"valueName\":\"search_term_string\"}}],\"inLanguage\":\"de\"},{\"@type\":\"Organization\",\"@id\":\"https:\\\/\\\/www.terraaquatica.com\\\/#organization\",\"name\":\"Terra Aquatica\",\"url\":\"https:\\\/\\\/www.terraaquatica.com\\\/\",\"logo\":{\"@type\":\"ImageObject\",\"inLanguage\":\"de\",\"@id\":\"https:\\\/\\\/www.terraaquatica.com\\\/#\\\/schema\\\/logo\\\/image\\\/\",\"url\":\"https:\\\/\\\/www.terraaquatica.com\\\/wp-content\\\/uploads\\\/2022\\\/03\\\/favicon-transpa-big.png\",\"contentUrl\":\"https:\\\/\\\/www.terraaquatica.com\\\/wp-content\\\/uploads\\\/2022\\\/03\\\/favicon-transpa-big.png\",\"width\":512,\"height\":512,\"caption\":\"Terra Aquatica\"},\"image\":{\"@id\":\"https:\\\/\\\/www.terraaquatica.com\\\/#\\\/schema\\\/logo\\\/image\\\/\"}}]}<\/script>\n<!-- \/ Yoast SEO plugin. -->","yoast_head_json":{"title":"TRIPART\u00ae - Terra Aquatica","robots":{"index":"index","follow":"follow","max-snippet":"max-snippet:-1","max-image-preview":"max-image-preview:large","max-video-preview":"max-video-preview:-1"},"canonical":"https:\/\/www.terraaquatica.com\/de\/mineralische-vollnahrungslosung\/tripart-4\/","og_locale":"de_DE","og_type":"article","og_title":"TRIPART\u00ae - Terra Aquatica","og_description":"Terra Aquatica TriPart\u00ae ist ein modular aufgebautes 3-Komponenten-D\u00fcngesystem, das N\u00e4hrstoffversorgung und Einsatzflexibilit\u00e4t optimal kombiniert. Warum Wachstums- und Bl\u00fcted\u00fcnger nebst CalMag-Booster [&hellip;]","og_url":"https:\/\/www.terraaquatica.com\/de\/mineralische-vollnahrungslosung\/tripart-4","og_site_name":"Terra Aquatica","article_modified_time":"2023-09-14T13:51:41+00:00","og_image":[{"width":720,"height":720,"url":"https:\/\/www.terraaquatica.com\/wp-content\/uploads\/2020\/03\/tripart-3-bottles-720_2.jpg","type":"image\/jpeg"}],"twitter_card":"summary_large_image","twitter_misc":{"Gesch\u00e4tzte Lesezeit":"2\u00a0Minuten"},"schema":{"@context":"https:\/\/schema.org","@graph":[{"@type":"WebPage","@id":"https:\/\/www.terraaquatica.com\/de\/mineralische-vollnahrungslosung\/tripart-4","url":"https:\/\/www.terraaquatica.com\/de\/mineralische-vollnahrungslosung\/tripart-4","name":"TRIPART\u00ae - Terra Aquatica","isPartOf":{"@id":"https:\/\/www.terraaquatica.com\/#website"},"primaryImageOfPage":{"@id":"https:\/\/www.terraaquatica.com\/de\/mineralische-vollnahrungslosung\/tripart-4#primaryimage"},"image":{"@id":"https:\/\/www.terraaquatica.com\/de\/mineralische-vollnahrungslosung\/tripart-4#primaryimage"},"thumbnailUrl":"https:\/\/www.terraaquatica.com\/wp-content\/uploads\/2020\/03\/tripart-3-bottles-720_2.jpg","datePublished":"2018-05-28T13:45:18+00:00","dateModified":"2023-09-14T13:51:41+00:00","breadcrumb":{"@id":"https:\/\/www.terraaquatica.com\/de\/mineralische-vollnahrungslosung\/tripart-4#breadcrumb"},"inLanguage":"de","potentialAction":[{"@type":"ReadAction","target":["https:\/\/www.terraaquatica.com\/de\/mineralische-vollnahrungslosung\/tripart-4"]}]},{"@type":"ImageObject","inLanguage":"de","@id":"https:\/\/www.terraaquatica.com\/de\/mineralische-vollnahrungslosung\/tripart-4#primaryimage","url":"https:\/\/www.terraaquatica.com\/wp-content\/uploads\/2020\/03\/tripart-3-bottles-720_2.jpg","contentUrl":"https:\/\/www.terraaquatica.com\/wp-content\/uploads\/2020\/03\/tripart-3-bottles-720_2.jpg","width":720,"height":720,"caption":"TriPart\u00ae Grow - Bloom - Micro"},{"@type":"BreadcrumbList","@id":"https:\/\/www.terraaquatica.com\/de\/mineralische-vollnahrungslosung\/tripart-4#breadcrumb","itemListElement":[{"@type":"ListItem","position":1,"name":"Accueil","item":"https:\/\/www.terraaquatica.com\/de\/"},{"@type":"ListItem","position":2,"name":"Products","item":"https:\/\/www.terraaquatica.com\/de\/product\/"},{"@type":"ListItem","position":3,"name":"TRIPART\u00ae"}]},{"@type":"WebSite","@id":"https:\/\/www.terraaquatica.com\/#website","url":"https:\/\/www.terraaquatica.com\/","name":"Terra Aquatica","description":"Engrais et syst\u00e8mes de culture depuis 1995","publisher":{"@id":"https:\/\/www.terraaquatica.com\/#organization"},"potentialAction":[{"@type":"SearchAction","target":{"@type":"EntryPoint","urlTemplate":"https:\/\/www.terraaquatica.com\/?s={search_term_string}"},"query-input":{"@type":"PropertyValueSpecification","valueRequired":true,"valueName":"search_term_string"}}],"inLanguage":"de"},{"@type":"Organization","@id":"https:\/\/www.terraaquatica.com\/#organization","name":"Terra Aquatica","url":"https:\/\/www.terraaquatica.com\/","logo":{"@type":"ImageObject","inLanguage":"de","@id":"https:\/\/www.terraaquatica.com\/#\/schema\/logo\/image\/","url":"https:\/\/www.terraaquatica.com\/wp-content\/uploads\/2022\/03\/favicon-transpa-big.png","contentUrl":"https:\/\/www.terraaquatica.com\/wp-content\/uploads\/2022\/03\/favicon-transpa-big.png","width":512,"height":512,"caption":"Terra Aquatica"},"image":{"@id":"https:\/\/www.terraaquatica.com\/#\/schema\/logo\/image\/"}}]}},"_links":{"self":[{"href":"https:\/\/www.terraaquatica.com\/de\/wp-json\/wp\/v2\/product\/1862","targetHints":{"allow":["GET"]}}],"collection":[{"href":"https:\/\/www.terraaquatica.com\/de\/wp-json\/wp\/v2\/product"}],"about":[{"href":"https:\/\/www.terraaquatica.com\/de\/wp-json\/wp\/v2\/types\/product"}],"author":[{"embeddable":true,"href":"https:\/\/www.terraaquatica.com\/de\/wp-json\/wp\/v2\/users\/3"}],"wp:featuredmedia":[{"embeddable":true,"href":"https:\/\/www.terraaquatica.com\/de\/wp-json\/wp\/v2\/media\/1618"}],"wp:attachment":[{"href":"https:\/\/www.terraaquatica.com\/de\/wp-json\/wp\/v2\/media?parent=1862"}],"wp:term":[{"taxonomy":"m_thode_de_culture","embeddable":true,"href":"https:\/\/www.terraaquatica.com\/de\/wp-json\/wp\/v2\/m_thode_de_culture?post=1862"},{"taxonomy":"substrat","embeddable":true,"href":"https:\/\/www.terraaquatica.com\/de\/wp-json\/wp\/v2\/substrat?post=1862"},{"taxonomy":"product_category","embeddable":true,"href":"https:\/\/www.terraaquatica.com\/de\/wp-json\/wp\/v2\/product_category?post=1862"}],"curies":[{"name":"wp","href":"https:\/\/api.w.org\/{rel}","templated":true}]}}