{"id":1863,"date":"2018-05-28T16:12:57","date_gmt":"2018-05-28T14:12:57","guid":{"rendered":"https:\/\/www.terraaquatica.com\/produits\/dualpart-4\/"},"modified":"2025-06-05T17:46:06","modified_gmt":"2025-06-05T15:46:06","slug":"dualpart-4","status":"publish","type":"product","link":"https:\/\/www.terraaquatica.com\/de\/mineralische-vollnahrungslosung\/dualpart-4","title":{"rendered":"DUALPART\u00ae"},"content":{"rendered":"<p><a href=\"http:\/\/www.terraaquatica.com\/\" target=\"_blank\" rel=\"noopener\"><img decoding=\"async\" class=\" alignleft size-full wp-image-1616\" style=\"opacity: 0.9; float: left; width: 250px; height: 250px;\" src=\"https:\/\/www.terraaquatica.com\/wp-content\/uploads\/2017\/06\/colerette.png\" alt=\"\"><\/a><em>Das von unserem Verkaufsschlager <a href=\"https:\/\/www.terraaquatica.com\/de\/mineralische-vollnahrungslosung\/tripart-4\/\">TriPart\u00ae<\/a> inspirierte, leistungsstarke <strong>2-Komponenten-D\u00fcngesystem<\/strong> DualPart\u00ae ist das ultimative Multitalent : unkompliziert in der Anwendung mit einzigartigen Vorteilen.<\/em><\/p>\n<p>DualPart\u00ae kann viel mehr als ein herk\u00f6mmlicher Minerald\u00fcnger : die Rezeptur, die der renommierte NASA-Chemiker Cal Hermann im Auftrag von General Hydroponics f\u00fcr den 2-Komponenten-D\u00fcnger entwickelte, der eine vereinfachte, aber ebenso effiziente Variante von TriPart\u00ae sein sollte, bietet wesentliche Vorteile f\u00fcr schnellw\u00fcchsige Pflanzen und unterscheidet klar zwischen den Bed\u00fcrfnissen der Wachstumsphase und denen der Bl\u00fctezeit.<\/p>\n<ul>\n<li>DualPart\u00ae enth\u00e4lt verschiedene Mineralstoffe, so dass die Pflanzen in beiden Phasen stets mit allen ben\u00f6tigten Elementen versorgt werden.<\/li>\n<li>Bioaktivatoren st\u00e4rken die Pflanzen insgesamt, erh\u00f6hen ihre Widerstandsf\u00e4higkeit gegen Krankheitserreger und verbessern die N\u00e4hrstoffaufnahme.<\/li>\n<li>DualPart\u00ae verk\u00fcrzt die Zwischenknotenl\u00e4nge (Internodien) \u2013 ganz ohne Wachstumsregulatoren. Terra Aquatica verwendet ausschlie\u00dflich hochreine Zutaten und ist dank der im Rahmen seiner umfassenden Forschungst\u00e4tigkeit erworbenen Kenntnisse \u00fcber die Zusammensetzung von D\u00fcngemitteln in der Lage, auch ohne synthetische, potenziell gesundheitssch\u00e4dliche Wachstumsregulatoren ein schnelles und zugleich kompaktes Wachstum zu bewirken.<\/li>\n<\/ul>\n<p>Zwei Komponenten bedeutet in diesem Fall, dass Sie vom Anfang bis zum Ende nur zwei DualPart\u00ae-Flaschen \u2013 eine f\u00fcr das Wachstum und eine f\u00fcr die Bl\u00fcte \u2013 brauchen, statt vier wie bei den meisten A+B-D\u00fcngern.<\/p>\n<p>W\u00e4hrend der Bewurzelung und im Anfangsstadium verabreichen Sie <strong>gleich viel DualPart\u00ae Grow und DualPart\u00ae Bloom<\/strong>, in der Wachstumsphase mehr Grow und weniger Bloom und w\u00e4hrend der Bl\u00fcte und der Fruchtbildung mehr Bloom und weniger Grow. Einfacher geht\u2018s nicht!<\/p>\n<div><\/div>\n","protected":false},"author":3,"template":"","meta":{"_acf_changed":true},"m_thode_de_culture":[31],"substrat":[299,300,301],"product_category":[262],"class_list":["post-1863","product","type-product","status-publish","has-post-thumbnail","hentry","m_thode_de_culture-mineral-en","substrat-coco","substrat-hydro","substrat-soil","product_category-mineralische-vollnahrungslosung"],"acf":[],"yoast_head":"<!-- This site is optimized with the Yoast SEO plugin v27.3 - https:\/\/yoast.com\/product\/yoast-seo-wordpress\/ -->\n<title>DUALPART\u00ae - Terra Aquatica<\/title>\n<meta name=\"robots\" content=\"index, follow, max-snippet:-1, max-image-preview:large, max-video-preview:-1\" \/>\n<link rel=\"canonical\" href=\"https:\/\/www.terraaquatica.com\/de\/mineralische-vollnahrungslosung\/dualpart-4\/\" \/>\n<meta property=\"og:locale\" content=\"de_DE\" \/>\n<meta property=\"og:type\" content=\"article\" \/>\n<meta property=\"og:title\" content=\"DUALPART\u00ae - Terra Aquatica\" \/>\n<meta property=\"og:description\" content=\"Das von unserem Verkaufsschlager TriPart\u00ae inspirierte, leistungsstarke 2-Komponenten-D\u00fcngesystem DualPart\u00ae ist das ultimative Multitalent : unkompliziert in der Anwendung mit einzigartigen [&hellip;]\" \/>\n<meta property=\"og:url\" content=\"https:\/\/www.terraaquatica.com\/de\/mineralische-vollnahrungslosung\/dualpart-4\" \/>\n<meta property=\"og:site_name\" content=\"Terra Aquatica\" \/>\n<meta property=\"article:modified_time\" content=\"2025-06-05T15:46:06+00:00\" \/>\n<meta property=\"og:image\" content=\"https:\/\/www.terraaquatica.com\/wp-content\/uploads\/2020\/03\/dualpart-bloom-et-grow_1l-fond-blanc-720.jpg\" \/>\n\t<meta property=\"og:image:width\" content=\"720\" \/>\n\t<meta property=\"og:image:height\" content=\"720\" \/>\n\t<meta property=\"og:image:type\" content=\"image\/jpeg\" \/>\n<meta name=\"twitter:card\" content=\"summary_large_image\" \/>\n<meta name=\"twitter:label1\" content=\"Gesch\u00e4tzte Lesezeit\" \/>\n\t<meta name=\"twitter:data1\" content=\"2\u00a0Minuten\" \/>\n<script type=\"application\/ld+json\" class=\"yoast-schema-graph\">{\"@context\":\"https:\\\/\\\/schema.org\",\"@graph\":[{\"@type\":\"WebPage\",\"@id\":\"https:\\\/\\\/www.terraaquatica.com\\\/de\\\/mineralische-vollnahrungslosung\\\/dualpart-4\",\"url\":\"https:\\\/\\\/www.terraaquatica.com\\\/de\\\/mineralische-vollnahrungslosung\\\/dualpart-4\",\"name\":\"DUALPART\u00ae - Terra Aquatica\",\"isPartOf\":{\"@id\":\"https:\\\/\\\/www.terraaquatica.com\\\/#website\"},\"primaryImageOfPage\":{\"@id\":\"https:\\\/\\\/www.terraaquatica.com\\\/de\\\/mineralische-vollnahrungslosung\\\/dualpart-4#primaryimage\"},\"image\":{\"@id\":\"https:\\\/\\\/www.terraaquatica.com\\\/de\\\/mineralische-vollnahrungslosung\\\/dualpart-4#primaryimage\"},\"thumbnailUrl\":\"https:\\\/\\\/www.terraaquatica.com\\\/wp-content\\\/uploads\\\/2020\\\/03\\\/dualpart-bloom-et-grow_1l-fond-blanc-720.jpg\",\"datePublished\":\"2018-05-28T14:12:57+00:00\",\"dateModified\":\"2025-06-05T15:46:06+00:00\",\"breadcrumb\":{\"@id\":\"https:\\\/\\\/www.terraaquatica.com\\\/de\\\/mineralische-vollnahrungslosung\\\/dualpart-4#breadcrumb\"},\"inLanguage\":\"de\",\"potentialAction\":[{\"@type\":\"ReadAction\",\"target\":[\"https:\\\/\\\/www.terraaquatica.com\\\/de\\\/mineralische-vollnahrungslosung\\\/dualpart-4\"]}]},{\"@type\":\"ImageObject\",\"inLanguage\":\"de\",\"@id\":\"https:\\\/\\\/www.terraaquatica.com\\\/de\\\/mineralische-vollnahrungslosung\\\/dualpart-4#primaryimage\",\"url\":\"https:\\\/\\\/www.terraaquatica.com\\\/wp-content\\\/uploads\\\/2020\\\/03\\\/dualpart-bloom-et-grow_1l-fond-blanc-720.jpg\",\"contentUrl\":\"https:\\\/\\\/www.terraaquatica.com\\\/wp-content\\\/uploads\\\/2020\\\/03\\\/dualpart-bloom-et-grow_1l-fond-blanc-720.jpg\",\"width\":720,\"height\":720,\"caption\":\"DualPart Grow - Bloom 1L\"},{\"@type\":\"BreadcrumbList\",\"@id\":\"https:\\\/\\\/www.terraaquatica.com\\\/de\\\/mineralische-vollnahrungslosung\\\/dualpart-4#breadcrumb\",\"itemListElement\":[{\"@type\":\"ListItem\",\"position\":1,\"name\":\"Accueil\",\"item\":\"https:\\\/\\\/www.terraaquatica.com\\\/de\\\/\"},{\"@type\":\"ListItem\",\"position\":2,\"name\":\"Products\",\"item\":\"https:\\\/\\\/www.terraaquatica.com\\\/de\\\/product\\\/\"},{\"@type\":\"ListItem\",\"position\":3,\"name\":\"DUALPART\u00ae\"}]},{\"@type\":\"WebSite\",\"@id\":\"https:\\\/\\\/www.terraaquatica.com\\\/#website\",\"url\":\"https:\\\/\\\/www.terraaquatica.com\\\/\",\"name\":\"Terra Aquatica\",\"description\":\"Engrais et syst\u00e8mes de culture depuis 1995\",\"publisher\":{\"@id\":\"https:\\\/\\\/www.terraaquatica.com\\\/#organization\"},\"potentialAction\":[{\"@type\":\"SearchAction\",\"target\":{\"@type\":\"EntryPoint\",\"urlTemplate\":\"https:\\\/\\\/www.terraaquatica.com\\\/?s={search_term_string}\"},\"query-input\":{\"@type\":\"PropertyValueSpecification\",\"valueRequired\":true,\"valueName\":\"search_term_string\"}}],\"inLanguage\":\"de\"},{\"@type\":\"Organization\",\"@id\":\"https:\\\/\\\/www.terraaquatica.com\\\/#organization\",\"name\":\"Terra Aquatica\",\"url\":\"https:\\\/\\\/www.terraaquatica.com\\\/\",\"logo\":{\"@type\":\"ImageObject\",\"inLanguage\":\"de\",\"@id\":\"https:\\\/\\\/www.terraaquatica.com\\\/#\\\/schema\\\/logo\\\/image\\\/\",\"url\":\"https:\\\/\\\/www.terraaquatica.com\\\/wp-content\\\/uploads\\\/2022\\\/03\\\/favicon-transpa-big.png\",\"contentUrl\":\"https:\\\/\\\/www.terraaquatica.com\\\/wp-content\\\/uploads\\\/2022\\\/03\\\/favicon-transpa-big.png\",\"width\":512,\"height\":512,\"caption\":\"Terra Aquatica\"},\"image\":{\"@id\":\"https:\\\/\\\/www.terraaquatica.com\\\/#\\\/schema\\\/logo\\\/image\\\/\"}}]}<\/script>\n<!-- \/ Yoast SEO plugin. -->","yoast_head_json":{"title":"DUALPART\u00ae - Terra Aquatica","robots":{"index":"index","follow":"follow","max-snippet":"max-snippet:-1","max-image-preview":"max-image-preview:large","max-video-preview":"max-video-preview:-1"},"canonical":"https:\/\/www.terraaquatica.com\/de\/mineralische-vollnahrungslosung\/dualpart-4\/","og_locale":"de_DE","og_type":"article","og_title":"DUALPART\u00ae - Terra Aquatica","og_description":"Das von unserem Verkaufsschlager TriPart\u00ae inspirierte, leistungsstarke 2-Komponenten-D\u00fcngesystem DualPart\u00ae ist das ultimative Multitalent : unkompliziert in der Anwendung mit einzigartigen [&hellip;]","og_url":"https:\/\/www.terraaquatica.com\/de\/mineralische-vollnahrungslosung\/dualpart-4","og_site_name":"Terra Aquatica","article_modified_time":"2025-06-05T15:46:06+00:00","og_image":[{"width":720,"height":720,"url":"https:\/\/www.terraaquatica.com\/wp-content\/uploads\/2020\/03\/dualpart-bloom-et-grow_1l-fond-blanc-720.jpg","type":"image\/jpeg"}],"twitter_card":"summary_large_image","twitter_misc":{"Gesch\u00e4tzte Lesezeit":"2\u00a0Minuten"},"schema":{"@context":"https:\/\/schema.org","@graph":[{"@type":"WebPage","@id":"https:\/\/www.terraaquatica.com\/de\/mineralische-vollnahrungslosung\/dualpart-4","url":"https:\/\/www.terraaquatica.com\/de\/mineralische-vollnahrungslosung\/dualpart-4","name":"DUALPART\u00ae - Terra Aquatica","isPartOf":{"@id":"https:\/\/www.terraaquatica.com\/#website"},"primaryImageOfPage":{"@id":"https:\/\/www.terraaquatica.com\/de\/mineralische-vollnahrungslosung\/dualpart-4#primaryimage"},"image":{"@id":"https:\/\/www.terraaquatica.com\/de\/mineralische-vollnahrungslosung\/dualpart-4#primaryimage"},"thumbnailUrl":"https:\/\/www.terraaquatica.com\/wp-content\/uploads\/2020\/03\/dualpart-bloom-et-grow_1l-fond-blanc-720.jpg","datePublished":"2018-05-28T14:12:57+00:00","dateModified":"2025-06-05T15:46:06+00:00","breadcrumb":{"@id":"https:\/\/www.terraaquatica.com\/de\/mineralische-vollnahrungslosung\/dualpart-4#breadcrumb"},"inLanguage":"de","potentialAction":[{"@type":"ReadAction","target":["https:\/\/www.terraaquatica.com\/de\/mineralische-vollnahrungslosung\/dualpart-4"]}]},{"@type":"ImageObject","inLanguage":"de","@id":"https:\/\/www.terraaquatica.com\/de\/mineralische-vollnahrungslosung\/dualpart-4#primaryimage","url":"https:\/\/www.terraaquatica.com\/wp-content\/uploads\/2020\/03\/dualpart-bloom-et-grow_1l-fond-blanc-720.jpg","contentUrl":"https:\/\/www.terraaquatica.com\/wp-content\/uploads\/2020\/03\/dualpart-bloom-et-grow_1l-fond-blanc-720.jpg","width":720,"height":720,"caption":"DualPart Grow - Bloom 1L"},{"@type":"BreadcrumbList","@id":"https:\/\/www.terraaquatica.com\/de\/mineralische-vollnahrungslosung\/dualpart-4#breadcrumb","itemListElement":[{"@type":"ListItem","position":1,"name":"Accueil","item":"https:\/\/www.terraaquatica.com\/de\/"},{"@type":"ListItem","position":2,"name":"Products","item":"https:\/\/www.terraaquatica.com\/de\/product\/"},{"@type":"ListItem","position":3,"name":"DUALPART\u00ae"}]},{"@type":"WebSite","@id":"https:\/\/www.terraaquatica.com\/#website","url":"https:\/\/www.terraaquatica.com\/","name":"Terra Aquatica","description":"Engrais et syst\u00e8mes de culture depuis 1995","publisher":{"@id":"https:\/\/www.terraaquatica.com\/#organization"},"potentialAction":[{"@type":"SearchAction","target":{"@type":"EntryPoint","urlTemplate":"https:\/\/www.terraaquatica.com\/?s={search_term_string}"},"query-input":{"@type":"PropertyValueSpecification","valueRequired":true,"valueName":"search_term_string"}}],"inLanguage":"de"},{"@type":"Organization","@id":"https:\/\/www.terraaquatica.com\/#organization","name":"Terra Aquatica","url":"https:\/\/www.terraaquatica.com\/","logo":{"@type":"ImageObject","inLanguage":"de","@id":"https:\/\/www.terraaquatica.com\/#\/schema\/logo\/image\/","url":"https:\/\/www.terraaquatica.com\/wp-content\/uploads\/2022\/03\/favicon-transpa-big.png","contentUrl":"https:\/\/www.terraaquatica.com\/wp-content\/uploads\/2022\/03\/favicon-transpa-big.png","width":512,"height":512,"caption":"Terra Aquatica"},"image":{"@id":"https:\/\/www.terraaquatica.com\/#\/schema\/logo\/image\/"}}]}},"_links":{"self":[{"href":"https:\/\/www.terraaquatica.com\/de\/wp-json\/wp\/v2\/product\/1863","targetHints":{"allow":["GET"]}}],"collection":[{"href":"https:\/\/www.terraaquatica.com\/de\/wp-json\/wp\/v2\/product"}],"about":[{"href":"https:\/\/www.terraaquatica.com\/de\/wp-json\/wp\/v2\/types\/product"}],"author":[{"embeddable":true,"href":"https:\/\/www.terraaquatica.com\/de\/wp-json\/wp\/v2\/users\/3"}],"wp:featuredmedia":[{"embeddable":true,"href":"https:\/\/www.terraaquatica.com\/de\/wp-json\/wp\/v2\/media\/1646"}],"wp:attachment":[{"href":"https:\/\/www.terraaquatica.com\/de\/wp-json\/wp\/v2\/media?parent=1863"}],"wp:term":[{"taxonomy":"m_thode_de_culture","embeddable":true,"href":"https:\/\/www.terraaquatica.com\/de\/wp-json\/wp\/v2\/m_thode_de_culture?post=1863"},{"taxonomy":"substrat","embeddable":true,"href":"https:\/\/www.terraaquatica.com\/de\/wp-json\/wp\/v2\/substrat?post=1863"},{"taxonomy":"product_category","embeddable":true,"href":"https:\/\/www.terraaquatica.com\/de\/wp-json\/wp\/v2\/product_category?post=1863"}],"curies":[{"name":"wp","href":"https:\/\/api.w.org\/{rel}","templated":true}]}}