{"id":1864,"date":"2018-05-28T16:22:03","date_gmt":"2018-05-28T14:22:03","guid":{"rendered":"https:\/\/www.terraaquatica.com\/produits\/floracoco-html-3\/"},"modified":"2023-09-14T15:23:18","modified_gmt":"2023-09-14T13:23:18","slug":"dualpart-coco","status":"publish","type":"product","link":"https:\/\/www.terraaquatica.com\/de\/mineralische-vollnahrungslosung\/dualpart-coco","title":{"rendered":"DualPart\u00ae Coco"},"content":{"rendered":"<p><a href=\"http:\/\/www.terraaquatica.com\/\" target=\"_blank\" rel=\"noopener\"><img decoding=\"async\" class=\" alignleft size-full wp-image-1616\" style=\"opacity: 0.9; float: left; width: 250px; height: 250px;\" src=\"https:\/\/www.terraaquatica.com\/wp-content\/uploads\/2017\/06\/colerette.png\" alt=\"\"><\/a>Einzigartig unter den f\u00fchrenden Markenprodukten kommt DualPart\u00ae Coco vom Jungpflanzenstadium bis zur Bl\u00fcte ohne Zus\u00e4tze aus, w\u00e4hrend andere 2-Komponenten-D\u00fcnger f\u00fcr Kokosfaser&nbsp; zus\u00e4tzlich Cal-Mag- und PK-Booster sowie je zwei zus\u00e4tzliche Flaschen Wachstums- und Bl\u00fcted\u00fcnger brauchen. Bei DualPart\u00ae Coco haben Sie in zwei Flaschen alles, was Sie brauchen.<\/p>\n<p>DualPart\u00ae Coco enth\u00e4lt nicht nur sehr viel Calcium und Magnesium, sondern auch alle anderen Elemente, die eine Pflanze f\u00fcr gesundes, kr\u00e4ftiges Wachstum sowie eine \u00fcppige Bl\u00fcten- und Fruchtbildung braucht. Dazu geh\u00f6ren auch die Spurenelemente, die diejenigen geschmacklichen Qualit\u00e4ten im Enderzeugnis zur Entfaltung bringen, die in Ihre Pflanze stecken.<\/p>\n<p>Wie die meisten unserer D\u00fcnger ben\u00f6tigen Sie auch bei DualPart\u00ae Coco f\u00fcr den gesamten Lebenszyklus Ihrer Pflanzen nur Grow und Bloom ; beim \u00dcbergang vom Wachstum zur Bl\u00fcte m\u00fcssen Sie keinen zweiten Satz Flaschen kaufen, sondern lediglich das Mischungsverh\u00e4ltnis umstellen.<\/p>\n<div><\/div>\n","protected":false},"author":3,"template":"","meta":{"_acf_changed":false},"m_thode_de_culture":[31],"substrat":[299],"product_category":[262],"class_list":["post-1864","product","type-product","status-publish","has-post-thumbnail","hentry","m_thode_de_culture-mineral-en","substrat-coco","product_category-mineralische-vollnahrungslosung"],"acf":[],"yoast_head":"<!-- This site is optimized with the Yoast SEO plugin v27.3 - https:\/\/yoast.com\/product\/yoast-seo-wordpress\/ -->\n<title>DualPart\u00ae Coco - Terra Aquatica<\/title>\n<meta name=\"robots\" content=\"index, follow, max-snippet:-1, max-image-preview:large, max-video-preview:-1\" \/>\n<link rel=\"canonical\" href=\"https:\/\/www.terraaquatica.com\/de\/mineralische-vollnahrungslosung\/dualpart-coco\/\" \/>\n<meta property=\"og:locale\" content=\"de_DE\" \/>\n<meta property=\"og:type\" content=\"article\" \/>\n<meta property=\"og:title\" content=\"DualPart\u00ae Coco - Terra Aquatica\" \/>\n<meta property=\"og:description\" content=\"Einzigartig unter den f\u00fchrenden Markenprodukten kommt DualPart\u00ae Coco vom Jungpflanzenstadium bis zur Bl\u00fcte ohne Zus\u00e4tze aus, w\u00e4hrend andere 2-Komponenten-D\u00fcnger f\u00fcr [&hellip;]\" \/>\n<meta property=\"og:url\" content=\"https:\/\/www.terraaquatica.com\/de\/mineralische-vollnahrungslosung\/dualpart-coco\" \/>\n<meta property=\"og:site_name\" content=\"Terra Aquatica\" \/>\n<meta property=\"article:modified_time\" content=\"2023-09-14T13:23:18+00:00\" \/>\n<meta property=\"og:image\" content=\"https:\/\/www.terraaquatica.com\/wp-content\/uploads\/2020\/03\/dualpart-coco-grow-et-bloom_1l-fond-blanc-720.jpg\" \/>\n\t<meta property=\"og:image:width\" content=\"720\" \/>\n\t<meta property=\"og:image:height\" content=\"720\" \/>\n\t<meta property=\"og:image:type\" content=\"image\/jpeg\" \/>\n<meta name=\"twitter:card\" content=\"summary_large_image\" \/>\n<meta name=\"twitter:label1\" content=\"Gesch\u00e4tzte Lesezeit\" \/>\n\t<meta name=\"twitter:data1\" content=\"1\u00a0Minute\" \/>\n<script type=\"application\/ld+json\" class=\"yoast-schema-graph\">{\"@context\":\"https:\\\/\\\/schema.org\",\"@graph\":[{\"@type\":\"WebPage\",\"@id\":\"https:\\\/\\\/www.terraaquatica.com\\\/de\\\/mineralische-vollnahrungslosung\\\/dualpart-coco\",\"url\":\"https:\\\/\\\/www.terraaquatica.com\\\/de\\\/mineralische-vollnahrungslosung\\\/dualpart-coco\",\"name\":\"DualPart\u00ae Coco - Terra Aquatica\",\"isPartOf\":{\"@id\":\"https:\\\/\\\/www.terraaquatica.com\\\/#website\"},\"primaryImageOfPage\":{\"@id\":\"https:\\\/\\\/www.terraaquatica.com\\\/de\\\/mineralische-vollnahrungslosung\\\/dualpart-coco#primaryimage\"},\"image\":{\"@id\":\"https:\\\/\\\/www.terraaquatica.com\\\/de\\\/mineralische-vollnahrungslosung\\\/dualpart-coco#primaryimage\"},\"thumbnailUrl\":\"https:\\\/\\\/www.terraaquatica.com\\\/wp-content\\\/uploads\\\/2020\\\/03\\\/dualpart-coco-grow-et-bloom_1l-fond-blanc-720.jpg\",\"datePublished\":\"2018-05-28T14:22:03+00:00\",\"dateModified\":\"2023-09-14T13:23:18+00:00\",\"breadcrumb\":{\"@id\":\"https:\\\/\\\/www.terraaquatica.com\\\/de\\\/mineralische-vollnahrungslosung\\\/dualpart-coco#breadcrumb\"},\"inLanguage\":\"de\",\"potentialAction\":[{\"@type\":\"ReadAction\",\"target\":[\"https:\\\/\\\/www.terraaquatica.com\\\/de\\\/mineralische-vollnahrungslosung\\\/dualpart-coco\"]}]},{\"@type\":\"ImageObject\",\"inLanguage\":\"de\",\"@id\":\"https:\\\/\\\/www.terraaquatica.com\\\/de\\\/mineralische-vollnahrungslosung\\\/dualpart-coco#primaryimage\",\"url\":\"https:\\\/\\\/www.terraaquatica.com\\\/wp-content\\\/uploads\\\/2020\\\/03\\\/dualpart-coco-grow-et-bloom_1l-fond-blanc-720.jpg\",\"contentUrl\":\"https:\\\/\\\/www.terraaquatica.com\\\/wp-content\\\/uploads\\\/2020\\\/03\\\/dualpart-coco-grow-et-bloom_1l-fond-blanc-720.jpg\",\"width\":720,\"height\":720,\"caption\":\"DualPart\u00ae Coco Grow - Bloom\"},{\"@type\":\"BreadcrumbList\",\"@id\":\"https:\\\/\\\/www.terraaquatica.com\\\/de\\\/mineralische-vollnahrungslosung\\\/dualpart-coco#breadcrumb\",\"itemListElement\":[{\"@type\":\"ListItem\",\"position\":1,\"name\":\"Accueil\",\"item\":\"https:\\\/\\\/www.terraaquatica.com\\\/de\\\/\"},{\"@type\":\"ListItem\",\"position\":2,\"name\":\"Products\",\"item\":\"https:\\\/\\\/www.terraaquatica.com\\\/de\\\/product\\\/\"},{\"@type\":\"ListItem\",\"position\":3,\"name\":\"DualPart\u00ae Coco\"}]},{\"@type\":\"WebSite\",\"@id\":\"https:\\\/\\\/www.terraaquatica.com\\\/#website\",\"url\":\"https:\\\/\\\/www.terraaquatica.com\\\/\",\"name\":\"Terra Aquatica\",\"description\":\"Engrais et syst\u00e8mes de culture depuis 1995\",\"publisher\":{\"@id\":\"https:\\\/\\\/www.terraaquatica.com\\\/#organization\"},\"potentialAction\":[{\"@type\":\"SearchAction\",\"target\":{\"@type\":\"EntryPoint\",\"urlTemplate\":\"https:\\\/\\\/www.terraaquatica.com\\\/?s={search_term_string}\"},\"query-input\":{\"@type\":\"PropertyValueSpecification\",\"valueRequired\":true,\"valueName\":\"search_term_string\"}}],\"inLanguage\":\"de\"},{\"@type\":\"Organization\",\"@id\":\"https:\\\/\\\/www.terraaquatica.com\\\/#organization\",\"name\":\"Terra Aquatica\",\"url\":\"https:\\\/\\\/www.terraaquatica.com\\\/\",\"logo\":{\"@type\":\"ImageObject\",\"inLanguage\":\"de\",\"@id\":\"https:\\\/\\\/www.terraaquatica.com\\\/#\\\/schema\\\/logo\\\/image\\\/\",\"url\":\"https:\\\/\\\/www.terraaquatica.com\\\/wp-content\\\/uploads\\\/2022\\\/03\\\/favicon-transpa-big.png\",\"contentUrl\":\"https:\\\/\\\/www.terraaquatica.com\\\/wp-content\\\/uploads\\\/2022\\\/03\\\/favicon-transpa-big.png\",\"width\":512,\"height\":512,\"caption\":\"Terra Aquatica\"},\"image\":{\"@id\":\"https:\\\/\\\/www.terraaquatica.com\\\/#\\\/schema\\\/logo\\\/image\\\/\"}}]}<\/script>\n<!-- \/ Yoast SEO plugin. -->","yoast_head_json":{"title":"DualPart\u00ae Coco - Terra Aquatica","robots":{"index":"index","follow":"follow","max-snippet":"max-snippet:-1","max-image-preview":"max-image-preview:large","max-video-preview":"max-video-preview:-1"},"canonical":"https:\/\/www.terraaquatica.com\/de\/mineralische-vollnahrungslosung\/dualpart-coco\/","og_locale":"de_DE","og_type":"article","og_title":"DualPart\u00ae Coco - Terra Aquatica","og_description":"Einzigartig unter den f\u00fchrenden Markenprodukten kommt DualPart\u00ae Coco vom Jungpflanzenstadium bis zur Bl\u00fcte ohne Zus\u00e4tze aus, w\u00e4hrend andere 2-Komponenten-D\u00fcnger f\u00fcr [&hellip;]","og_url":"https:\/\/www.terraaquatica.com\/de\/mineralische-vollnahrungslosung\/dualpart-coco","og_site_name":"Terra Aquatica","article_modified_time":"2023-09-14T13:23:18+00:00","og_image":[{"width":720,"height":720,"url":"https:\/\/www.terraaquatica.com\/wp-content\/uploads\/2020\/03\/dualpart-coco-grow-et-bloom_1l-fond-blanc-720.jpg","type":"image\/jpeg"}],"twitter_card":"summary_large_image","twitter_misc":{"Gesch\u00e4tzte Lesezeit":"1\u00a0Minute"},"schema":{"@context":"https:\/\/schema.org","@graph":[{"@type":"WebPage","@id":"https:\/\/www.terraaquatica.com\/de\/mineralische-vollnahrungslosung\/dualpart-coco","url":"https:\/\/www.terraaquatica.com\/de\/mineralische-vollnahrungslosung\/dualpart-coco","name":"DualPart\u00ae Coco - Terra Aquatica","isPartOf":{"@id":"https:\/\/www.terraaquatica.com\/#website"},"primaryImageOfPage":{"@id":"https:\/\/www.terraaquatica.com\/de\/mineralische-vollnahrungslosung\/dualpart-coco#primaryimage"},"image":{"@id":"https:\/\/www.terraaquatica.com\/de\/mineralische-vollnahrungslosung\/dualpart-coco#primaryimage"},"thumbnailUrl":"https:\/\/www.terraaquatica.com\/wp-content\/uploads\/2020\/03\/dualpart-coco-grow-et-bloom_1l-fond-blanc-720.jpg","datePublished":"2018-05-28T14:22:03+00:00","dateModified":"2023-09-14T13:23:18+00:00","breadcrumb":{"@id":"https:\/\/www.terraaquatica.com\/de\/mineralische-vollnahrungslosung\/dualpart-coco#breadcrumb"},"inLanguage":"de","potentialAction":[{"@type":"ReadAction","target":["https:\/\/www.terraaquatica.com\/de\/mineralische-vollnahrungslosung\/dualpart-coco"]}]},{"@type":"ImageObject","inLanguage":"de","@id":"https:\/\/www.terraaquatica.com\/de\/mineralische-vollnahrungslosung\/dualpart-coco#primaryimage","url":"https:\/\/www.terraaquatica.com\/wp-content\/uploads\/2020\/03\/dualpart-coco-grow-et-bloom_1l-fond-blanc-720.jpg","contentUrl":"https:\/\/www.terraaquatica.com\/wp-content\/uploads\/2020\/03\/dualpart-coco-grow-et-bloom_1l-fond-blanc-720.jpg","width":720,"height":720,"caption":"DualPart\u00ae Coco Grow - Bloom"},{"@type":"BreadcrumbList","@id":"https:\/\/www.terraaquatica.com\/de\/mineralische-vollnahrungslosung\/dualpart-coco#breadcrumb","itemListElement":[{"@type":"ListItem","position":1,"name":"Accueil","item":"https:\/\/www.terraaquatica.com\/de\/"},{"@type":"ListItem","position":2,"name":"Products","item":"https:\/\/www.terraaquatica.com\/de\/product\/"},{"@type":"ListItem","position":3,"name":"DualPart\u00ae Coco"}]},{"@type":"WebSite","@id":"https:\/\/www.terraaquatica.com\/#website","url":"https:\/\/www.terraaquatica.com\/","name":"Terra Aquatica","description":"Engrais et syst\u00e8mes de culture depuis 1995","publisher":{"@id":"https:\/\/www.terraaquatica.com\/#organization"},"potentialAction":[{"@type":"SearchAction","target":{"@type":"EntryPoint","urlTemplate":"https:\/\/www.terraaquatica.com\/?s={search_term_string}"},"query-input":{"@type":"PropertyValueSpecification","valueRequired":true,"valueName":"search_term_string"}}],"inLanguage":"de"},{"@type":"Organization","@id":"https:\/\/www.terraaquatica.com\/#organization","name":"Terra Aquatica","url":"https:\/\/www.terraaquatica.com\/","logo":{"@type":"ImageObject","inLanguage":"de","@id":"https:\/\/www.terraaquatica.com\/#\/schema\/logo\/image\/","url":"https:\/\/www.terraaquatica.com\/wp-content\/uploads\/2022\/03\/favicon-transpa-big.png","contentUrl":"https:\/\/www.terraaquatica.com\/wp-content\/uploads\/2022\/03\/favicon-transpa-big.png","width":512,"height":512,"caption":"Terra Aquatica"},"image":{"@id":"https:\/\/www.terraaquatica.com\/#\/schema\/logo\/image\/"}}]}},"_links":{"self":[{"href":"https:\/\/www.terraaquatica.com\/de\/wp-json\/wp\/v2\/product\/1864","targetHints":{"allow":["GET"]}}],"collection":[{"href":"https:\/\/www.terraaquatica.com\/de\/wp-json\/wp\/v2\/product"}],"about":[{"href":"https:\/\/www.terraaquatica.com\/de\/wp-json\/wp\/v2\/types\/product"}],"author":[{"embeddable":true,"href":"https:\/\/www.terraaquatica.com\/de\/wp-json\/wp\/v2\/users\/3"}],"wp:featuredmedia":[{"embeddable":true,"href":"https:\/\/www.terraaquatica.com\/de\/wp-json\/wp\/v2\/media\/1777"}],"wp:attachment":[{"href":"https:\/\/www.terraaquatica.com\/de\/wp-json\/wp\/v2\/media?parent=1864"}],"wp:term":[{"taxonomy":"m_thode_de_culture","embeddable":true,"href":"https:\/\/www.terraaquatica.com\/de\/wp-json\/wp\/v2\/m_thode_de_culture?post=1864"},{"taxonomy":"substrat","embeddable":true,"href":"https:\/\/www.terraaquatica.com\/de\/wp-json\/wp\/v2\/substrat?post=1864"},{"taxonomy":"product_category","embeddable":true,"href":"https:\/\/www.terraaquatica.com\/de\/wp-json\/wp\/v2\/product_category?post=1864"}],"curies":[{"name":"wp","href":"https:\/\/api.w.org\/{rel}","templated":true}]}}