{"id":1865,"date":"2018-05-28T16:29:50","date_gmt":"2018-05-28T14:29:50","guid":{"rendered":"https:\/\/www.terraaquatica.com\/produits\/novamax-html-4\/"},"modified":"2023-08-03T16:40:35","modified_gmt":"2023-08-03T14:40:35","slug":"novamax-html-4","status":"publish","type":"product","link":"https:\/\/www.terraaquatica.com\/de\/mineralische-vollnahrungslosung\/novamax-html-4","title":{"rendered":"NovaMax\u00ae"},"content":{"rendered":"<p><em>Echter Fl\u00fcssigd\u00fcnger in 1 Teil, der konzentrierteste auf dem Markt<\/em><\/p>\n<p>Der Durchbruch in der D\u00fcngetechnik : NovaMax\u00ae vereint die Effizienz eines konzentrierten Trockend\u00fcngers mit der Anwenderfreundlichkeit eines Fl\u00fcssigd\u00fcngers in einer ECHTEN 1-Komponenten-Formulierung : eine Flasche f\u00fcr das Wachstum, eine f\u00fcr die Bl\u00fcte, Punktum! Gesundes Wachstum auch ohne CalMag-, PK- und Spurenelementzus\u00e4tze.<\/p>\n<p>Dank ihrer einzigartigen, konzentrierten Rezeptur nach patentiertem Verfahren aus hochreinen Mineralstoffen und nat\u00fcrlichen Zus\u00e4tzen, darunter Huminextrakte, ist NovaMax\u00ae schon in Kleinstmengen langzeiteffizient und f\u00fcr alle Pflanzen geeignet.<\/p>\n","protected":false},"author":3,"template":"","meta":{"_acf_changed":false},"m_thode_de_culture":[31],"substrat":[299,300,301],"product_category":[262],"class_list":["post-1865","product","type-product","status-publish","has-post-thumbnail","hentry","m_thode_de_culture-mineral-en","substrat-coco","substrat-hydro","substrat-soil","product_category-mineralische-vollnahrungslosung"],"acf":[],"yoast_head":"<!-- This site is optimized with the Yoast SEO plugin v27.3 - https:\/\/yoast.com\/product\/yoast-seo-wordpress\/ -->\n<title>NovaMax\u00ae - Terra Aquatica<\/title>\n<meta name=\"robots\" content=\"index, follow, max-snippet:-1, max-image-preview:large, max-video-preview:-1\" \/>\n<link rel=\"canonical\" href=\"https:\/\/www.terraaquatica.com\/de\/mineralische-vollnahrungslosung\/novamax-html-4\/\" \/>\n<meta property=\"og:locale\" content=\"de_DE\" \/>\n<meta property=\"og:type\" content=\"article\" \/>\n<meta property=\"og:title\" content=\"NovaMax\u00ae - Terra Aquatica\" \/>\n<meta property=\"og:description\" content=\"Echter Fl\u00fcssigd\u00fcnger in 1 Teil, der konzentrierteste auf dem Markt Der Durchbruch in der D\u00fcngetechnik : NovaMax\u00ae vereint die Effizienz [&hellip;]\" \/>\n<meta property=\"og:url\" content=\"https:\/\/www.terraaquatica.com\/de\/mineralische-vollnahrungslosung\/novamax-html-4\" \/>\n<meta property=\"og:site_name\" content=\"Terra Aquatica\" \/>\n<meta property=\"article:modified_time\" content=\"2023-08-03T14:40:35+00:00\" \/>\n<meta property=\"og:image\" content=\"https:\/\/www.terraaquatica.com\/wp-content\/uploads\/2020\/10\/novamax-1l.jpg\" \/>\n\t<meta property=\"og:image:width\" content=\"657\" \/>\n\t<meta property=\"og:image:height\" content=\"800\" \/>\n\t<meta property=\"og:image:type\" content=\"image\/jpeg\" \/>\n<meta name=\"twitter:card\" content=\"summary_large_image\" \/>\n<meta name=\"twitter:label1\" content=\"Gesch\u00e4tzte Lesezeit\" \/>\n\t<meta name=\"twitter:data1\" content=\"1\u00a0Minute\" \/>\n<script type=\"application\/ld+json\" class=\"yoast-schema-graph\">{\"@context\":\"https:\\\/\\\/schema.org\",\"@graph\":[{\"@type\":\"WebPage\",\"@id\":\"https:\\\/\\\/www.terraaquatica.com\\\/de\\\/mineralische-vollnahrungslosung\\\/novamax-html-4\",\"url\":\"https:\\\/\\\/www.terraaquatica.com\\\/de\\\/mineralische-vollnahrungslosung\\\/novamax-html-4\",\"name\":\"NovaMax\u00ae - Terra Aquatica\",\"isPartOf\":{\"@id\":\"https:\\\/\\\/www.terraaquatica.com\\\/#website\"},\"primaryImageOfPage\":{\"@id\":\"https:\\\/\\\/www.terraaquatica.com\\\/de\\\/mineralische-vollnahrungslosung\\\/novamax-html-4#primaryimage\"},\"image\":{\"@id\":\"https:\\\/\\\/www.terraaquatica.com\\\/de\\\/mineralische-vollnahrungslosung\\\/novamax-html-4#primaryimage\"},\"thumbnailUrl\":\"https:\\\/\\\/www.terraaquatica.com\\\/wp-content\\\/uploads\\\/2020\\\/10\\\/novamax-1l.jpg\",\"datePublished\":\"2018-05-28T14:29:50+00:00\",\"dateModified\":\"2023-08-03T14:40:35+00:00\",\"breadcrumb\":{\"@id\":\"https:\\\/\\\/www.terraaquatica.com\\\/de\\\/mineralische-vollnahrungslosung\\\/novamax-html-4#breadcrumb\"},\"inLanguage\":\"de\",\"potentialAction\":[{\"@type\":\"ReadAction\",\"target\":[\"https:\\\/\\\/www.terraaquatica.com\\\/de\\\/mineralische-vollnahrungslosung\\\/novamax-html-4\"]}]},{\"@type\":\"ImageObject\",\"inLanguage\":\"de\",\"@id\":\"https:\\\/\\\/www.terraaquatica.com\\\/de\\\/mineralische-vollnahrungslosung\\\/novamax-html-4#primaryimage\",\"url\":\"https:\\\/\\\/www.terraaquatica.com\\\/wp-content\\\/uploads\\\/2020\\\/10\\\/novamax-1l.jpg\",\"contentUrl\":\"https:\\\/\\\/www.terraaquatica.com\\\/wp-content\\\/uploads\\\/2020\\\/10\\\/novamax-1l.jpg\",\"width\":657,\"height\":800,\"caption\":\"novamax-1l\"},{\"@type\":\"BreadcrumbList\",\"@id\":\"https:\\\/\\\/www.terraaquatica.com\\\/de\\\/mineralische-vollnahrungslosung\\\/novamax-html-4#breadcrumb\",\"itemListElement\":[{\"@type\":\"ListItem\",\"position\":1,\"name\":\"Accueil\",\"item\":\"https:\\\/\\\/www.terraaquatica.com\\\/de\\\/\"},{\"@type\":\"ListItem\",\"position\":2,\"name\":\"Products\",\"item\":\"https:\\\/\\\/www.terraaquatica.com\\\/de\\\/product\\\/\"},{\"@type\":\"ListItem\",\"position\":3,\"name\":\"NovaMax\u00ae\"}]},{\"@type\":\"WebSite\",\"@id\":\"https:\\\/\\\/www.terraaquatica.com\\\/#website\",\"url\":\"https:\\\/\\\/www.terraaquatica.com\\\/\",\"name\":\"Terra Aquatica\",\"description\":\"Engrais et syst\u00e8mes de culture depuis 1995\",\"publisher\":{\"@id\":\"https:\\\/\\\/www.terraaquatica.com\\\/#organization\"},\"potentialAction\":[{\"@type\":\"SearchAction\",\"target\":{\"@type\":\"EntryPoint\",\"urlTemplate\":\"https:\\\/\\\/www.terraaquatica.com\\\/?s={search_term_string}\"},\"query-input\":{\"@type\":\"PropertyValueSpecification\",\"valueRequired\":true,\"valueName\":\"search_term_string\"}}],\"inLanguage\":\"de\"},{\"@type\":\"Organization\",\"@id\":\"https:\\\/\\\/www.terraaquatica.com\\\/#organization\",\"name\":\"Terra Aquatica\",\"url\":\"https:\\\/\\\/www.terraaquatica.com\\\/\",\"logo\":{\"@type\":\"ImageObject\",\"inLanguage\":\"de\",\"@id\":\"https:\\\/\\\/www.terraaquatica.com\\\/#\\\/schema\\\/logo\\\/image\\\/\",\"url\":\"https:\\\/\\\/www.terraaquatica.com\\\/wp-content\\\/uploads\\\/2022\\\/03\\\/favicon-transpa-big.png\",\"contentUrl\":\"https:\\\/\\\/www.terraaquatica.com\\\/wp-content\\\/uploads\\\/2022\\\/03\\\/favicon-transpa-big.png\",\"width\":512,\"height\":512,\"caption\":\"Terra Aquatica\"},\"image\":{\"@id\":\"https:\\\/\\\/www.terraaquatica.com\\\/#\\\/schema\\\/logo\\\/image\\\/\"}}]}<\/script>\n<!-- \/ Yoast SEO plugin. -->","yoast_head_json":{"title":"NovaMax\u00ae - Terra Aquatica","robots":{"index":"index","follow":"follow","max-snippet":"max-snippet:-1","max-image-preview":"max-image-preview:large","max-video-preview":"max-video-preview:-1"},"canonical":"https:\/\/www.terraaquatica.com\/de\/mineralische-vollnahrungslosung\/novamax-html-4\/","og_locale":"de_DE","og_type":"article","og_title":"NovaMax\u00ae - Terra Aquatica","og_description":"Echter Fl\u00fcssigd\u00fcnger in 1 Teil, der konzentrierteste auf dem Markt Der Durchbruch in der D\u00fcngetechnik : NovaMax\u00ae vereint die Effizienz [&hellip;]","og_url":"https:\/\/www.terraaquatica.com\/de\/mineralische-vollnahrungslosung\/novamax-html-4","og_site_name":"Terra Aquatica","article_modified_time":"2023-08-03T14:40:35+00:00","og_image":[{"width":657,"height":800,"url":"https:\/\/www.terraaquatica.com\/wp-content\/uploads\/2020\/10\/novamax-1l.jpg","type":"image\/jpeg"}],"twitter_card":"summary_large_image","twitter_misc":{"Gesch\u00e4tzte Lesezeit":"1\u00a0Minute"},"schema":{"@context":"https:\/\/schema.org","@graph":[{"@type":"WebPage","@id":"https:\/\/www.terraaquatica.com\/de\/mineralische-vollnahrungslosung\/novamax-html-4","url":"https:\/\/www.terraaquatica.com\/de\/mineralische-vollnahrungslosung\/novamax-html-4","name":"NovaMax\u00ae - Terra Aquatica","isPartOf":{"@id":"https:\/\/www.terraaquatica.com\/#website"},"primaryImageOfPage":{"@id":"https:\/\/www.terraaquatica.com\/de\/mineralische-vollnahrungslosung\/novamax-html-4#primaryimage"},"image":{"@id":"https:\/\/www.terraaquatica.com\/de\/mineralische-vollnahrungslosung\/novamax-html-4#primaryimage"},"thumbnailUrl":"https:\/\/www.terraaquatica.com\/wp-content\/uploads\/2020\/10\/novamax-1l.jpg","datePublished":"2018-05-28T14:29:50+00:00","dateModified":"2023-08-03T14:40:35+00:00","breadcrumb":{"@id":"https:\/\/www.terraaquatica.com\/de\/mineralische-vollnahrungslosung\/novamax-html-4#breadcrumb"},"inLanguage":"de","potentialAction":[{"@type":"ReadAction","target":["https:\/\/www.terraaquatica.com\/de\/mineralische-vollnahrungslosung\/novamax-html-4"]}]},{"@type":"ImageObject","inLanguage":"de","@id":"https:\/\/www.terraaquatica.com\/de\/mineralische-vollnahrungslosung\/novamax-html-4#primaryimage","url":"https:\/\/www.terraaquatica.com\/wp-content\/uploads\/2020\/10\/novamax-1l.jpg","contentUrl":"https:\/\/www.terraaquatica.com\/wp-content\/uploads\/2020\/10\/novamax-1l.jpg","width":657,"height":800,"caption":"novamax-1l"},{"@type":"BreadcrumbList","@id":"https:\/\/www.terraaquatica.com\/de\/mineralische-vollnahrungslosung\/novamax-html-4#breadcrumb","itemListElement":[{"@type":"ListItem","position":1,"name":"Accueil","item":"https:\/\/www.terraaquatica.com\/de\/"},{"@type":"ListItem","position":2,"name":"Products","item":"https:\/\/www.terraaquatica.com\/de\/product\/"},{"@type":"ListItem","position":3,"name":"NovaMax\u00ae"}]},{"@type":"WebSite","@id":"https:\/\/www.terraaquatica.com\/#website","url":"https:\/\/www.terraaquatica.com\/","name":"Terra Aquatica","description":"Engrais et syst\u00e8mes de culture depuis 1995","publisher":{"@id":"https:\/\/www.terraaquatica.com\/#organization"},"potentialAction":[{"@type":"SearchAction","target":{"@type":"EntryPoint","urlTemplate":"https:\/\/www.terraaquatica.com\/?s={search_term_string}"},"query-input":{"@type":"PropertyValueSpecification","valueRequired":true,"valueName":"search_term_string"}}],"inLanguage":"de"},{"@type":"Organization","@id":"https:\/\/www.terraaquatica.com\/#organization","name":"Terra Aquatica","url":"https:\/\/www.terraaquatica.com\/","logo":{"@type":"ImageObject","inLanguage":"de","@id":"https:\/\/www.terraaquatica.com\/#\/schema\/logo\/image\/","url":"https:\/\/www.terraaquatica.com\/wp-content\/uploads\/2022\/03\/favicon-transpa-big.png","contentUrl":"https:\/\/www.terraaquatica.com\/wp-content\/uploads\/2022\/03\/favicon-transpa-big.png","width":512,"height":512,"caption":"Terra Aquatica"},"image":{"@id":"https:\/\/www.terraaquatica.com\/#\/schema\/logo\/image\/"}}]}},"_links":{"self":[{"href":"https:\/\/www.terraaquatica.com\/de\/wp-json\/wp\/v2\/product\/1865","targetHints":{"allow":["GET"]}}],"collection":[{"href":"https:\/\/www.terraaquatica.com\/de\/wp-json\/wp\/v2\/product"}],"about":[{"href":"https:\/\/www.terraaquatica.com\/de\/wp-json\/wp\/v2\/types\/product"}],"author":[{"embeddable":true,"href":"https:\/\/www.terraaquatica.com\/de\/wp-json\/wp\/v2\/users\/3"}],"wp:featuredmedia":[{"embeddable":true,"href":"https:\/\/www.terraaquatica.com\/de\/wp-json\/wp\/v2\/media\/1613"}],"wp:attachment":[{"href":"https:\/\/www.terraaquatica.com\/de\/wp-json\/wp\/v2\/media?parent=1865"}],"wp:term":[{"taxonomy":"m_thode_de_culture","embeddable":true,"href":"https:\/\/www.terraaquatica.com\/de\/wp-json\/wp\/v2\/m_thode_de_culture?post=1865"},{"taxonomy":"substrat","embeddable":true,"href":"https:\/\/www.terraaquatica.com\/de\/wp-json\/wp\/v2\/substrat?post=1865"},{"taxonomy":"product_category","embeddable":true,"href":"https:\/\/www.terraaquatica.com\/de\/wp-json\/wp\/v2\/product_category?post=1865"}],"curies":[{"name":"wp","href":"https:\/\/api.w.org\/{rel}","templated":true}]}}