{"id":1866,"date":"2018-05-28T16:33:32","date_gmt":"2018-05-28T14:33:32","guid":{"rendered":"https:\/\/www.terraaquatica.com\/produits\/maxi-series-html-4\/"},"modified":"2023-11-10T11:11:45","modified_gmt":"2023-11-10T10:11:45","slug":"drypart","status":"publish","type":"product","link":"https:\/\/www.terraaquatica.com\/de\/mineralische-vollnahrungslosung\/drypart","title":{"rendered":"DryPart\u00ae"},"content":{"rendered":"<p><em>1-Komponenten-Trockend\u00fcnger in Pulverform<\/em><\/p>\n<p>Die auf zwei mineralstoffhaltigen 1-Komponenten-Formulierungen aufgebaute DryPart\u00ae Grow &amp; DryPart\u00ae Bloom \u2013 einer f\u00fcr das Wachstum, einer f\u00fcr die Bl\u00fcte \u2013 ist das h\u00f6chstkonzentrierte Produkt unseres Programms.<\/p>\n<p>DryPart\u00ae Grow &amp; DryPart\u00ae Bloom sind zwei eigenst\u00e4ndige wasserl\u00f6sliche Formulierungen, deren Anteile an hochwertigen Prim\u00e4r-, Sekund\u00e4r- und Mikron\u00e4hrstoffen so abgestimmt sind, dass auch in sehr weichem Wasser beste geschmackliche Qualit\u00e4ten und Ertr\u00e4ge erzielt werden. Beide sind pH-gepuffert, was bedeutet, dass der pH-Wert der N\u00e4hrl\u00f6sung den einmal erreichten Sollwert beibeh\u00e4lt. Aufgrund ihrer leicht transport- und lagerfreundlichen Pulverform sind die Produkte DryPart\u00ae bei Outdoor-G\u00e4rtnern sehr beliebt.<\/p>\n<p>DryPart\u00ae Grow &amp; Bloom sind f\u00fcr alle Pflanzenarten geeignet und mit unterschiedlichen Wasserqualit\u00e4ten kompatibel. Ob Anbau in Kokosfaser, Wasser oder Erde : DryPart\u00ae gew\u00e4hrleistet gr\u00f6\u00dftm\u00f6gliche Flexibilit\u00e4t und Transportf\u00e4higkeit.<\/p>\n","protected":false},"author":3,"template":"","meta":{"_acf_changed":false},"m_thode_de_culture":[31],"substrat":[299,300,301],"product_category":[262],"class_list":["post-1866","product","type-product","status-publish","has-post-thumbnail","hentry","m_thode_de_culture-mineral-en","substrat-coco","substrat-hydro","substrat-soil","product_category-mineralische-vollnahrungslosung"],"acf":[],"yoast_head":"<!-- This site is optimized with the Yoast SEO plugin v27.3 - https:\/\/yoast.com\/product\/yoast-seo-wordpress\/ -->\n<title>DryPart\u00ae - Terra Aquatica<\/title>\n<meta name=\"robots\" content=\"index, follow, max-snippet:-1, max-image-preview:large, max-video-preview:-1\" \/>\n<link rel=\"canonical\" href=\"https:\/\/www.terraaquatica.com\/de\/mineralische-vollnahrungslosung\/drypart\/\" \/>\n<meta property=\"og:locale\" content=\"de_DE\" \/>\n<meta property=\"og:type\" content=\"article\" \/>\n<meta property=\"og:title\" content=\"DryPart\u00ae - Terra Aquatica\" \/>\n<meta property=\"og:description\" content=\"1-Komponenten-Trockend\u00fcnger in Pulverform Die auf zwei mineralstoffhaltigen 1-Komponenten-Formulierungen aufgebaute DryPart\u00ae Grow &amp; DryPart\u00ae Bloom \u2013 einer f\u00fcr das Wachstum, einer [&hellip;]\" \/>\n<meta property=\"og:url\" content=\"https:\/\/www.terraaquatica.com\/de\/mineralische-vollnahrungslosung\/drypart\" \/>\n<meta property=\"og:site_name\" content=\"Terra Aquatica\" \/>\n<meta property=\"article:modified_time\" content=\"2023-11-10T10:11:45+00:00\" \/>\n<meta property=\"og:image\" content=\"https:\/\/www.terraaquatica.com\/wp-content\/uploads\/2017\/10\/maxi-series-duo.png\" \/>\n\t<meta property=\"og:image:width\" content=\"720\" \/>\n\t<meta property=\"og:image:height\" content=\"720\" \/>\n\t<meta property=\"og:image:type\" content=\"image\/png\" \/>\n<meta name=\"twitter:card\" content=\"summary_large_image\" \/>\n<meta name=\"twitter:label1\" content=\"Gesch\u00e4tzte Lesezeit\" \/>\n\t<meta name=\"twitter:data1\" content=\"1\u00a0Minute\" \/>\n<script type=\"application\/ld+json\" class=\"yoast-schema-graph\">{\"@context\":\"https:\\\/\\\/schema.org\",\"@graph\":[{\"@type\":\"WebPage\",\"@id\":\"https:\\\/\\\/www.terraaquatica.com\\\/de\\\/mineralische-vollnahrungslosung\\\/drypart\",\"url\":\"https:\\\/\\\/www.terraaquatica.com\\\/de\\\/mineralische-vollnahrungslosung\\\/drypart\",\"name\":\"DryPart\u00ae - Terra Aquatica\",\"isPartOf\":{\"@id\":\"https:\\\/\\\/www.terraaquatica.com\\\/#website\"},\"primaryImageOfPage\":{\"@id\":\"https:\\\/\\\/www.terraaquatica.com\\\/de\\\/mineralische-vollnahrungslosung\\\/drypart#primaryimage\"},\"image\":{\"@id\":\"https:\\\/\\\/www.terraaquatica.com\\\/de\\\/mineralische-vollnahrungslosung\\\/drypart#primaryimage\"},\"thumbnailUrl\":\"https:\\\/\\\/www.terraaquatica.com\\\/wp-content\\\/uploads\\\/2017\\\/10\\\/maxi-series-duo.png\",\"datePublished\":\"2018-05-28T14:33:32+00:00\",\"dateModified\":\"2023-11-10T10:11:45+00:00\",\"breadcrumb\":{\"@id\":\"https:\\\/\\\/www.terraaquatica.com\\\/de\\\/mineralische-vollnahrungslosung\\\/drypart#breadcrumb\"},\"inLanguage\":\"de\",\"potentialAction\":[{\"@type\":\"ReadAction\",\"target\":[\"https:\\\/\\\/www.terraaquatica.com\\\/de\\\/mineralische-vollnahrungslosung\\\/drypart\"]}]},{\"@type\":\"ImageObject\",\"inLanguage\":\"de\",\"@id\":\"https:\\\/\\\/www.terraaquatica.com\\\/de\\\/mineralische-vollnahrungslosung\\\/drypart#primaryimage\",\"url\":\"https:\\\/\\\/www.terraaquatica.com\\\/wp-content\\\/uploads\\\/2017\\\/10\\\/maxi-series-duo.png\",\"contentUrl\":\"https:\\\/\\\/www.terraaquatica.com\\\/wp-content\\\/uploads\\\/2017\\\/10\\\/maxi-series-duo.png\",\"width\":720,\"height\":720,\"caption\":\"Maxi Series\"},{\"@type\":\"BreadcrumbList\",\"@id\":\"https:\\\/\\\/www.terraaquatica.com\\\/de\\\/mineralische-vollnahrungslosung\\\/drypart#breadcrumb\",\"itemListElement\":[{\"@type\":\"ListItem\",\"position\":1,\"name\":\"Accueil\",\"item\":\"https:\\\/\\\/www.terraaquatica.com\\\/de\\\/\"},{\"@type\":\"ListItem\",\"position\":2,\"name\":\"Products\",\"item\":\"https:\\\/\\\/www.terraaquatica.com\\\/de\\\/product\\\/\"},{\"@type\":\"ListItem\",\"position\":3,\"name\":\"DryPart\u00ae\"}]},{\"@type\":\"WebSite\",\"@id\":\"https:\\\/\\\/www.terraaquatica.com\\\/#website\",\"url\":\"https:\\\/\\\/www.terraaquatica.com\\\/\",\"name\":\"Terra Aquatica\",\"description\":\"Engrais et syst\u00e8mes de culture depuis 1995\",\"publisher\":{\"@id\":\"https:\\\/\\\/www.terraaquatica.com\\\/#organization\"},\"potentialAction\":[{\"@type\":\"SearchAction\",\"target\":{\"@type\":\"EntryPoint\",\"urlTemplate\":\"https:\\\/\\\/www.terraaquatica.com\\\/?s={search_term_string}\"},\"query-input\":{\"@type\":\"PropertyValueSpecification\",\"valueRequired\":true,\"valueName\":\"search_term_string\"}}],\"inLanguage\":\"de\"},{\"@type\":\"Organization\",\"@id\":\"https:\\\/\\\/www.terraaquatica.com\\\/#organization\",\"name\":\"Terra Aquatica\",\"url\":\"https:\\\/\\\/www.terraaquatica.com\\\/\",\"logo\":{\"@type\":\"ImageObject\",\"inLanguage\":\"de\",\"@id\":\"https:\\\/\\\/www.terraaquatica.com\\\/#\\\/schema\\\/logo\\\/image\\\/\",\"url\":\"https:\\\/\\\/www.terraaquatica.com\\\/wp-content\\\/uploads\\\/2022\\\/03\\\/favicon-transpa-big.png\",\"contentUrl\":\"https:\\\/\\\/www.terraaquatica.com\\\/wp-content\\\/uploads\\\/2022\\\/03\\\/favicon-transpa-big.png\",\"width\":512,\"height\":512,\"caption\":\"Terra Aquatica\"},\"image\":{\"@id\":\"https:\\\/\\\/www.terraaquatica.com\\\/#\\\/schema\\\/logo\\\/image\\\/\"}}]}<\/script>\n<!-- \/ Yoast SEO plugin. -->","yoast_head_json":{"title":"DryPart\u00ae - Terra Aquatica","robots":{"index":"index","follow":"follow","max-snippet":"max-snippet:-1","max-image-preview":"max-image-preview:large","max-video-preview":"max-video-preview:-1"},"canonical":"https:\/\/www.terraaquatica.com\/de\/mineralische-vollnahrungslosung\/drypart\/","og_locale":"de_DE","og_type":"article","og_title":"DryPart\u00ae - Terra Aquatica","og_description":"1-Komponenten-Trockend\u00fcnger in Pulverform Die auf zwei mineralstoffhaltigen 1-Komponenten-Formulierungen aufgebaute DryPart\u00ae Grow &amp; DryPart\u00ae Bloom \u2013 einer f\u00fcr das Wachstum, einer [&hellip;]","og_url":"https:\/\/www.terraaquatica.com\/de\/mineralische-vollnahrungslosung\/drypart","og_site_name":"Terra Aquatica","article_modified_time":"2023-11-10T10:11:45+00:00","og_image":[{"width":720,"height":720,"url":"https:\/\/www.terraaquatica.com\/wp-content\/uploads\/2017\/10\/maxi-series-duo.png","type":"image\/png"}],"twitter_card":"summary_large_image","twitter_misc":{"Gesch\u00e4tzte Lesezeit":"1\u00a0Minute"},"schema":{"@context":"https:\/\/schema.org","@graph":[{"@type":"WebPage","@id":"https:\/\/www.terraaquatica.com\/de\/mineralische-vollnahrungslosung\/drypart","url":"https:\/\/www.terraaquatica.com\/de\/mineralische-vollnahrungslosung\/drypart","name":"DryPart\u00ae - Terra Aquatica","isPartOf":{"@id":"https:\/\/www.terraaquatica.com\/#website"},"primaryImageOfPage":{"@id":"https:\/\/www.terraaquatica.com\/de\/mineralische-vollnahrungslosung\/drypart#primaryimage"},"image":{"@id":"https:\/\/www.terraaquatica.com\/de\/mineralische-vollnahrungslosung\/drypart#primaryimage"},"thumbnailUrl":"https:\/\/www.terraaquatica.com\/wp-content\/uploads\/2017\/10\/maxi-series-duo.png","datePublished":"2018-05-28T14:33:32+00:00","dateModified":"2023-11-10T10:11:45+00:00","breadcrumb":{"@id":"https:\/\/www.terraaquatica.com\/de\/mineralische-vollnahrungslosung\/drypart#breadcrumb"},"inLanguage":"de","potentialAction":[{"@type":"ReadAction","target":["https:\/\/www.terraaquatica.com\/de\/mineralische-vollnahrungslosung\/drypart"]}]},{"@type":"ImageObject","inLanguage":"de","@id":"https:\/\/www.terraaquatica.com\/de\/mineralische-vollnahrungslosung\/drypart#primaryimage","url":"https:\/\/www.terraaquatica.com\/wp-content\/uploads\/2017\/10\/maxi-series-duo.png","contentUrl":"https:\/\/www.terraaquatica.com\/wp-content\/uploads\/2017\/10\/maxi-series-duo.png","width":720,"height":720,"caption":"Maxi Series"},{"@type":"BreadcrumbList","@id":"https:\/\/www.terraaquatica.com\/de\/mineralische-vollnahrungslosung\/drypart#breadcrumb","itemListElement":[{"@type":"ListItem","position":1,"name":"Accueil","item":"https:\/\/www.terraaquatica.com\/de\/"},{"@type":"ListItem","position":2,"name":"Products","item":"https:\/\/www.terraaquatica.com\/de\/product\/"},{"@type":"ListItem","position":3,"name":"DryPart\u00ae"}]},{"@type":"WebSite","@id":"https:\/\/www.terraaquatica.com\/#website","url":"https:\/\/www.terraaquatica.com\/","name":"Terra Aquatica","description":"Engrais et syst\u00e8mes de culture depuis 1995","publisher":{"@id":"https:\/\/www.terraaquatica.com\/#organization"},"potentialAction":[{"@type":"SearchAction","target":{"@type":"EntryPoint","urlTemplate":"https:\/\/www.terraaquatica.com\/?s={search_term_string}"},"query-input":{"@type":"PropertyValueSpecification","valueRequired":true,"valueName":"search_term_string"}}],"inLanguage":"de"},{"@type":"Organization","@id":"https:\/\/www.terraaquatica.com\/#organization","name":"Terra Aquatica","url":"https:\/\/www.terraaquatica.com\/","logo":{"@type":"ImageObject","inLanguage":"de","@id":"https:\/\/www.terraaquatica.com\/#\/schema\/logo\/image\/","url":"https:\/\/www.terraaquatica.com\/wp-content\/uploads\/2022\/03\/favicon-transpa-big.png","contentUrl":"https:\/\/www.terraaquatica.com\/wp-content\/uploads\/2022\/03\/favicon-transpa-big.png","width":512,"height":512,"caption":"Terra Aquatica"},"image":{"@id":"https:\/\/www.terraaquatica.com\/#\/schema\/logo\/image\/"}}]}},"_links":{"self":[{"href":"https:\/\/www.terraaquatica.com\/de\/wp-json\/wp\/v2\/product\/1866","targetHints":{"allow":["GET"]}}],"collection":[{"href":"https:\/\/www.terraaquatica.com\/de\/wp-json\/wp\/v2\/product"}],"about":[{"href":"https:\/\/www.terraaquatica.com\/de\/wp-json\/wp\/v2\/types\/product"}],"author":[{"embeddable":true,"href":"https:\/\/www.terraaquatica.com\/de\/wp-json\/wp\/v2\/users\/3"}],"wp:featuredmedia":[{"embeddable":true,"href":"https:\/\/www.terraaquatica.com\/de\/wp-json\/wp\/v2\/media\/1657"}],"wp:attachment":[{"href":"https:\/\/www.terraaquatica.com\/de\/wp-json\/wp\/v2\/media?parent=1866"}],"wp:term":[{"taxonomy":"m_thode_de_culture","embeddable":true,"href":"https:\/\/www.terraaquatica.com\/de\/wp-json\/wp\/v2\/m_thode_de_culture?post=1866"},{"taxonomy":"substrat","embeddable":true,"href":"https:\/\/www.terraaquatica.com\/de\/wp-json\/wp\/v2\/substrat?post=1866"},{"taxonomy":"product_category","embeddable":true,"href":"https:\/\/www.terraaquatica.com\/de\/wp-json\/wp\/v2\/product_category?post=1866"}],"curies":[{"name":"wp","href":"https:\/\/api.w.org\/{rel}","templated":true}]}}