{"id":1868,"date":"2018-05-28T16:49:37","date_gmt":"2018-05-28T14:49:37","guid":{"rendered":"https:\/\/www.terraaquatica.com\/produits\/ripen-html-3\/"},"modified":"2023-09-25T16:02:39","modified_gmt":"2023-09-25T14:02:39","slug":"finalpart","status":"publish","type":"product","link":"https:\/\/www.terraaquatica.com\/de\/spezialdunger-und-nahrstoffzusatze\/finalpart","title":{"rendered":"FINALPART\u00ae"},"content":{"rendered":"<p><a href=\"http:\/\/www.terraaquatica.com\/\" target=\"_blank\" rel=\"noopener\"><img decoding=\"async\" class=\" alignleft size-full wp-image-1616\" style=\"opacity: 0.9; float: left; width: 250px; height: 250px;\" src=\"https:\/\/www.terraaquatica.com\/wp-content\/uploads\/2017\/06\/colerette.png\" alt=\"\"><\/a><em>Als branchenweit anerkannte L\u00f6sung f\u00fcr das Endbl\u00fctestadium ist FinalPart\u00ae aus gutem Grunde unter Verkaufsschlager f\u00fcr eine gelungene Ernte!<\/em><\/p>\n<p>FinalPart\u00ae ist ein vollwertiger Bl\u00fchbooster, um Pflanzen ohne weiteren Zus\u00e4tze im Endbl\u00fctestadium zu ern\u00e4hren und zu stimulieren. F\u00f6rdert die Bl\u00fctenbildung und Wirkstoffsteigerung und baut D\u00fcnger\u00fcbersch\u00fcsse ab.<\/p>\n<p>FinalPart\u00ae wirkt dreifach :<\/p>\n<ul>\n<li>Es signalisiert der Pflanze, dass sie ihre Lebensende erreicht hat, und l\u00f6st so eine Beschleunigung des Reifeprozesses aus.<\/li>\n<li>Es regt die Pflanze zur St\u00e4rkung der eigenen Abwehrkr\u00e4fte und erh\u00f6hten Produktion von \u00e4therischen \u00d6len und Wirkstoffen an.<\/li>\n<li>Es stellt den Pflanzen alle ben\u00f6tigten Mineralstoffe in leicht verwertbarer Form bereit, unterst\u00fctzt den Abbau m\u00f6glicher Nitrat- oder Mikroelementansammlungen und verbessert so den Geschmack.<\/li>\n<li>Als Stimulans kann FinalPart\u00ae jederzeit zur Steuerung oder Unterst\u00fctzung des Reifungsprozess sowie jeweils am Ende der Bl\u00fcte-\/Fruchtbildungsphase zur Ertragssteigerung bzw. Geschmacksverbesserung bei einj\u00e4hrigen Blumen und Obstpflanzen eingesetzt werden.<\/li>\n<\/ul>\n<p>FinalPart\u00ae bietet im Outdoor-Garten die M\u00f6glichkeit, die Ernte vorzuverlegen, um Verluste durch feucht-kalte Witterung zu vermeiden und sorgt im Innenbereich daf\u00fcr, dass Pflanzen oder Sorten, die sich langsamer entwickelt haben, ihre Versp\u00e4tung aufholen. Bei starkem Pilz- oder Insektenbefall kann der Endbl\u00fcted\u00fcnger durch Beschleunigung des nat\u00fcrlichen Zyklus zur Schadensbegrenzung beitragen, damit die Ernte nicht vollst\u00e4ndig verloren geht.<\/p>\n<div><\/div>\n\n\n<div data-wp-interactive=\"core\/file\" class=\"wp-block-file\"><object data-wp-bind--hidden=\"!state.hasPdfPreview\" hidden class=\"wp-block-file__embed\" data=\"https:\/\/www.terraaquatica.com\/wp-content\/uploads\/2023\/09\/FinalPart-UserGuide-6pages-A5-DE-2022.pdf\" type=\"application\/pdf\" style=\"width:100%;height:600px\" aria-label=\"Einbettung von FinalPart-UserGuide-6pages-A5-DE-2022.\"><\/object><a id=\"wp-block-file--media-4cada8fa-09c7-4e5d-b84d-211cfea0ca30\" href=\"https:\/\/www.terraaquatica.com\/wp-content\/uploads\/2023\/09\/FinalPart-UserGuide-6pages-A5-DE-2022.pdf\">FinalPart-UserGuide-6pages-A5-DE-2022<\/a><a href=\"https:\/\/www.terraaquatica.com\/wp-content\/uploads\/2023\/09\/FinalPart-UserGuide-6pages-A5-DE-2022.pdf\" class=\"wp-block-file__button wp-element-button\" download aria-describedby=\"wp-block-file--media-4cada8fa-09c7-4e5d-b84d-211cfea0ca30\">Download<\/a><\/div>\n","protected":false},"author":3,"template":"","meta":{"_acf_changed":false},"m_thode_de_culture":[31],"substrat":[299,300,301],"product_category":[263],"class_list":["post-1868","product","type-product","status-publish","has-post-thumbnail","hentry","m_thode_de_culture-mineral-en","substrat-coco","substrat-hydro","substrat-soil","product_category-spezialdunger-und-nahrstoffzusatze"],"acf":[],"yoast_head":"<!-- This site is optimized with the Yoast SEO plugin v27.3 - https:\/\/yoast.com\/product\/yoast-seo-wordpress\/ -->\n<title>FINALPART\u00ae - Terra Aquatica<\/title>\n<meta name=\"robots\" content=\"index, follow, max-snippet:-1, max-image-preview:large, max-video-preview:-1\" \/>\n<link rel=\"canonical\" href=\"https:\/\/www.terraaquatica.com\/de\/spezialdunger-und-nahrstoffzusatze\/finalpart\/\" \/>\n<meta property=\"og:locale\" content=\"de_DE\" \/>\n<meta property=\"og:type\" content=\"article\" \/>\n<meta property=\"og:title\" content=\"FINALPART\u00ae - Terra Aquatica\" \/>\n<meta property=\"og:description\" content=\"Als branchenweit anerkannte L\u00f6sung f\u00fcr das Endbl\u00fctestadium ist FinalPart\u00ae aus gutem Grunde unter Verkaufsschlager f\u00fcr eine gelungene Ernte! FinalPart\u00ae ist [&hellip;]\" \/>\n<meta property=\"og:url\" content=\"https:\/\/www.terraaquatica.com\/de\/spezialdunger-und-nahrstoffzusatze\/finalpart\" \/>\n<meta property=\"og:site_name\" content=\"Terra Aquatica\" \/>\n<meta property=\"article:modified_time\" content=\"2023-09-25T14:02:39+00:00\" \/>\n<meta property=\"og:image\" content=\"https:\/\/www.terraaquatica.com\/wp-content\/uploads\/2020\/03\/finalpart-1l-ripen-720.jpg\" \/>\n\t<meta property=\"og:image:width\" content=\"720\" \/>\n\t<meta property=\"og:image:height\" content=\"720\" \/>\n\t<meta property=\"og:image:type\" content=\"image\/jpeg\" \/>\n<meta name=\"twitter:card\" content=\"summary_large_image\" \/>\n<meta name=\"twitter:label1\" content=\"Gesch\u00e4tzte Lesezeit\" \/>\n\t<meta name=\"twitter:data1\" content=\"2\u00a0Minuten\" \/>\n<script type=\"application\/ld+json\" class=\"yoast-schema-graph\">{\"@context\":\"https:\\\/\\\/schema.org\",\"@graph\":[{\"@type\":\"WebPage\",\"@id\":\"https:\\\/\\\/www.terraaquatica.com\\\/de\\\/spezialdunger-und-nahrstoffzusatze\\\/finalpart\",\"url\":\"https:\\\/\\\/www.terraaquatica.com\\\/de\\\/spezialdunger-und-nahrstoffzusatze\\\/finalpart\",\"name\":\"FINALPART\u00ae - Terra Aquatica\",\"isPartOf\":{\"@id\":\"https:\\\/\\\/www.terraaquatica.com\\\/#website\"},\"primaryImageOfPage\":{\"@id\":\"https:\\\/\\\/www.terraaquatica.com\\\/de\\\/spezialdunger-und-nahrstoffzusatze\\\/finalpart#primaryimage\"},\"image\":{\"@id\":\"https:\\\/\\\/www.terraaquatica.com\\\/de\\\/spezialdunger-und-nahrstoffzusatze\\\/finalpart#primaryimage\"},\"thumbnailUrl\":\"https:\\\/\\\/www.terraaquatica.com\\\/wp-content\\\/uploads\\\/2020\\\/03\\\/finalpart-1l-ripen-720.jpg\",\"datePublished\":\"2018-05-28T14:49:37+00:00\",\"dateModified\":\"2023-09-25T14:02:39+00:00\",\"breadcrumb\":{\"@id\":\"https:\\\/\\\/www.terraaquatica.com\\\/de\\\/spezialdunger-und-nahrstoffzusatze\\\/finalpart#breadcrumb\"},\"inLanguage\":\"de\",\"potentialAction\":[{\"@type\":\"ReadAction\",\"target\":[\"https:\\\/\\\/www.terraaquatica.com\\\/de\\\/spezialdunger-und-nahrstoffzusatze\\\/finalpart\"]}]},{\"@type\":\"ImageObject\",\"inLanguage\":\"de\",\"@id\":\"https:\\\/\\\/www.terraaquatica.com\\\/de\\\/spezialdunger-und-nahrstoffzusatze\\\/finalpart#primaryimage\",\"url\":\"https:\\\/\\\/www.terraaquatica.com\\\/wp-content\\\/uploads\\\/2020\\\/03\\\/finalpart-1l-ripen-720.jpg\",\"contentUrl\":\"https:\\\/\\\/www.terraaquatica.com\\\/wp-content\\\/uploads\\\/2020\\\/03\\\/finalpart-1l-ripen-720.jpg\",\"width\":720,\"height\":720,\"caption\":\"FinalPart 1L\"},{\"@type\":\"BreadcrumbList\",\"@id\":\"https:\\\/\\\/www.terraaquatica.com\\\/de\\\/spezialdunger-und-nahrstoffzusatze\\\/finalpart#breadcrumb\",\"itemListElement\":[{\"@type\":\"ListItem\",\"position\":1,\"name\":\"Accueil\",\"item\":\"https:\\\/\\\/www.terraaquatica.com\\\/de\\\/\"},{\"@type\":\"ListItem\",\"position\":2,\"name\":\"Products\",\"item\":\"https:\\\/\\\/www.terraaquatica.com\\\/de\\\/product\\\/\"},{\"@type\":\"ListItem\",\"position\":3,\"name\":\"FINALPART\u00ae\"}]},{\"@type\":\"WebSite\",\"@id\":\"https:\\\/\\\/www.terraaquatica.com\\\/#website\",\"url\":\"https:\\\/\\\/www.terraaquatica.com\\\/\",\"name\":\"Terra Aquatica\",\"description\":\"Engrais et syst\u00e8mes de culture depuis 1995\",\"publisher\":{\"@id\":\"https:\\\/\\\/www.terraaquatica.com\\\/#organization\"},\"potentialAction\":[{\"@type\":\"SearchAction\",\"target\":{\"@type\":\"EntryPoint\",\"urlTemplate\":\"https:\\\/\\\/www.terraaquatica.com\\\/?s={search_term_string}\"},\"query-input\":{\"@type\":\"PropertyValueSpecification\",\"valueRequired\":true,\"valueName\":\"search_term_string\"}}],\"inLanguage\":\"de\"},{\"@type\":\"Organization\",\"@id\":\"https:\\\/\\\/www.terraaquatica.com\\\/#organization\",\"name\":\"Terra Aquatica\",\"url\":\"https:\\\/\\\/www.terraaquatica.com\\\/\",\"logo\":{\"@type\":\"ImageObject\",\"inLanguage\":\"de\",\"@id\":\"https:\\\/\\\/www.terraaquatica.com\\\/#\\\/schema\\\/logo\\\/image\\\/\",\"url\":\"https:\\\/\\\/www.terraaquatica.com\\\/wp-content\\\/uploads\\\/2022\\\/03\\\/favicon-transpa-big.png\",\"contentUrl\":\"https:\\\/\\\/www.terraaquatica.com\\\/wp-content\\\/uploads\\\/2022\\\/03\\\/favicon-transpa-big.png\",\"width\":512,\"height\":512,\"caption\":\"Terra Aquatica\"},\"image\":{\"@id\":\"https:\\\/\\\/www.terraaquatica.com\\\/#\\\/schema\\\/logo\\\/image\\\/\"}}]}<\/script>\n<!-- \/ Yoast SEO plugin. -->","yoast_head_json":{"title":"FINALPART\u00ae - Terra Aquatica","robots":{"index":"index","follow":"follow","max-snippet":"max-snippet:-1","max-image-preview":"max-image-preview:large","max-video-preview":"max-video-preview:-1"},"canonical":"https:\/\/www.terraaquatica.com\/de\/spezialdunger-und-nahrstoffzusatze\/finalpart\/","og_locale":"de_DE","og_type":"article","og_title":"FINALPART\u00ae - Terra Aquatica","og_description":"Als branchenweit anerkannte L\u00f6sung f\u00fcr das Endbl\u00fctestadium ist FinalPart\u00ae aus gutem Grunde unter Verkaufsschlager f\u00fcr eine gelungene Ernte! FinalPart\u00ae ist [&hellip;]","og_url":"https:\/\/www.terraaquatica.com\/de\/spezialdunger-und-nahrstoffzusatze\/finalpart","og_site_name":"Terra Aquatica","article_modified_time":"2023-09-25T14:02:39+00:00","og_image":[{"width":720,"height":720,"url":"https:\/\/www.terraaquatica.com\/wp-content\/uploads\/2020\/03\/finalpart-1l-ripen-720.jpg","type":"image\/jpeg"}],"twitter_card":"summary_large_image","twitter_misc":{"Gesch\u00e4tzte Lesezeit":"2\u00a0Minuten"},"schema":{"@context":"https:\/\/schema.org","@graph":[{"@type":"WebPage","@id":"https:\/\/www.terraaquatica.com\/de\/spezialdunger-und-nahrstoffzusatze\/finalpart","url":"https:\/\/www.terraaquatica.com\/de\/spezialdunger-und-nahrstoffzusatze\/finalpart","name":"FINALPART\u00ae - Terra Aquatica","isPartOf":{"@id":"https:\/\/www.terraaquatica.com\/#website"},"primaryImageOfPage":{"@id":"https:\/\/www.terraaquatica.com\/de\/spezialdunger-und-nahrstoffzusatze\/finalpart#primaryimage"},"image":{"@id":"https:\/\/www.terraaquatica.com\/de\/spezialdunger-und-nahrstoffzusatze\/finalpart#primaryimage"},"thumbnailUrl":"https:\/\/www.terraaquatica.com\/wp-content\/uploads\/2020\/03\/finalpart-1l-ripen-720.jpg","datePublished":"2018-05-28T14:49:37+00:00","dateModified":"2023-09-25T14:02:39+00:00","breadcrumb":{"@id":"https:\/\/www.terraaquatica.com\/de\/spezialdunger-und-nahrstoffzusatze\/finalpart#breadcrumb"},"inLanguage":"de","potentialAction":[{"@type":"ReadAction","target":["https:\/\/www.terraaquatica.com\/de\/spezialdunger-und-nahrstoffzusatze\/finalpart"]}]},{"@type":"ImageObject","inLanguage":"de","@id":"https:\/\/www.terraaquatica.com\/de\/spezialdunger-und-nahrstoffzusatze\/finalpart#primaryimage","url":"https:\/\/www.terraaquatica.com\/wp-content\/uploads\/2020\/03\/finalpart-1l-ripen-720.jpg","contentUrl":"https:\/\/www.terraaquatica.com\/wp-content\/uploads\/2020\/03\/finalpart-1l-ripen-720.jpg","width":720,"height":720,"caption":"FinalPart 1L"},{"@type":"BreadcrumbList","@id":"https:\/\/www.terraaquatica.com\/de\/spezialdunger-und-nahrstoffzusatze\/finalpart#breadcrumb","itemListElement":[{"@type":"ListItem","position":1,"name":"Accueil","item":"https:\/\/www.terraaquatica.com\/de\/"},{"@type":"ListItem","position":2,"name":"Products","item":"https:\/\/www.terraaquatica.com\/de\/product\/"},{"@type":"ListItem","position":3,"name":"FINALPART\u00ae"}]},{"@type":"WebSite","@id":"https:\/\/www.terraaquatica.com\/#website","url":"https:\/\/www.terraaquatica.com\/","name":"Terra Aquatica","description":"Engrais et syst\u00e8mes de culture depuis 1995","publisher":{"@id":"https:\/\/www.terraaquatica.com\/#organization"},"potentialAction":[{"@type":"SearchAction","target":{"@type":"EntryPoint","urlTemplate":"https:\/\/www.terraaquatica.com\/?s={search_term_string}"},"query-input":{"@type":"PropertyValueSpecification","valueRequired":true,"valueName":"search_term_string"}}],"inLanguage":"de"},{"@type":"Organization","@id":"https:\/\/www.terraaquatica.com\/#organization","name":"Terra Aquatica","url":"https:\/\/www.terraaquatica.com\/","logo":{"@type":"ImageObject","inLanguage":"de","@id":"https:\/\/www.terraaquatica.com\/#\/schema\/logo\/image\/","url":"https:\/\/www.terraaquatica.com\/wp-content\/uploads\/2022\/03\/favicon-transpa-big.png","contentUrl":"https:\/\/www.terraaquatica.com\/wp-content\/uploads\/2022\/03\/favicon-transpa-big.png","width":512,"height":512,"caption":"Terra Aquatica"},"image":{"@id":"https:\/\/www.terraaquatica.com\/#\/schema\/logo\/image\/"}}]}},"_links":{"self":[{"href":"https:\/\/www.terraaquatica.com\/de\/wp-json\/wp\/v2\/product\/1868","targetHints":{"allow":["GET"]}}],"collection":[{"href":"https:\/\/www.terraaquatica.com\/de\/wp-json\/wp\/v2\/product"}],"about":[{"href":"https:\/\/www.terraaquatica.com\/de\/wp-json\/wp\/v2\/types\/product"}],"author":[{"embeddable":true,"href":"https:\/\/www.terraaquatica.com\/de\/wp-json\/wp\/v2\/users\/3"}],"wp:featuredmedia":[{"embeddable":true,"href":"https:\/\/www.terraaquatica.com\/de\/wp-json\/wp\/v2\/media\/1665"}],"wp:attachment":[{"href":"https:\/\/www.terraaquatica.com\/de\/wp-json\/wp\/v2\/media?parent=1868"}],"wp:term":[{"taxonomy":"m_thode_de_culture","embeddable":true,"href":"https:\/\/www.terraaquatica.com\/de\/wp-json\/wp\/v2\/m_thode_de_culture?post=1868"},{"taxonomy":"substrat","embeddable":true,"href":"https:\/\/www.terraaquatica.com\/de\/wp-json\/wp\/v2\/substrat?post=1868"},{"taxonomy":"product_category","embeddable":true,"href":"https:\/\/www.terraaquatica.com\/de\/wp-json\/wp\/v2\/product_category?post=1868"}],"curies":[{"name":"wp","href":"https:\/\/api.w.org\/{rel}","templated":true}]}}