{"id":1870,"date":"2018-05-28T16:57:12","date_gmt":"2018-05-28T14:57:12","guid":{"rendered":"https:\/\/www.terraaquatica.com\/produits\/essentials-html-3\/"},"modified":"2023-08-03T15:19:30","modified_gmt":"2023-08-03T13:19:30","slug":"oligo-spectrum","status":"publish","type":"product","link":"https:\/\/www.terraaquatica.com\/de\/spezialdunger-und-nahrstoffzusatze\/oligo-spectrum","title":{"rendered":"OLIGO SPECTRUM"},"content":{"rendered":"<p><a href=\"http:\/\/www.terraaquatica.com\/\" target=\"_blank\" rel=\"noopener\"><img decoding=\"async\" class=\" alignleft size-full wp-image-1616\" style=\"opacity: 0.9; float: left; width: 250px; height: 250px;\" src=\"https:\/\/www.terraaquatica.com\/wp-content\/uploads\/2017\/06\/colerette.png\" alt=\"\"><\/a><em>Sie verwenden keine Terra Aquatica-D\u00fcnger, brauchen aber hochwertige Mikron\u00e4hrstoffe? Sie suchen eine ausgewogene Pflanzennahrung f\u00fcr ihre Aquaponikanlage? Wir haben die passende L\u00f6sung f\u00fcr Sie!&nbsp;<\/em><\/p>\n<p>Terra Aquatica Oligo Spectrum ist ein einzigartiges Produkt, das eine Vielzahl essenzieller Spurenelemente und anderer konzentrierter Mikron\u00e4hrstoffe in Chelatform sowie einen organischen Puffer enth\u00e4lt. Es kommt als N\u00e4hrl\u00f6sungszusatz beim Anbau in Erde oder Wasser oder auch als Blattspray zum Einsatz, wenn die Anreicherung des Wassers mit Mineralstoffen problematisch ist, wie z. B. in der Aquaponik.<\/p>\n<p>W\u00e4hrend Prim\u00e4r- und Sekund\u00e4rn\u00e4hrstoffe in keinem D\u00fcnger fehlen, sucht man Spurenelemente und sonstige Mikron\u00e4hrstoffe, die laut Laboruntersuchungen Pflanzen kr\u00e4ftiger machen und ihre Abwehrkr\u00e4fte st\u00e4r\u00adken, oft vergeblich in Pflanzennahrungen. Wenn Sie Terra Aquatica-D\u00fcnger verwenden, werden Ihre Pflanzen optimal mit Mikroelementen versorgt. Wenn nicht, k\u00f6nnen Sie mit unseren Oligo Spectrum wirkungsvoll nachhelfen.<\/p>\n<p>Die in Terra Aquatica Oligo Spectrum enthaltenen Elemente erf\u00fcllen alle einschl\u00e4gigen EU-Vorschriften f\u00fcr Bio-Anbau und liegen wie in allen unseren D\u00fcngern gr\u00f6\u00dftenteils in Chelatform vor, was der Stabilit\u00e4t der N\u00e4hrl\u00f6sung zugutekommt und die Ertragsleistung steigert.<\/p>\n<div><\/div>\n","protected":false},"author":3,"template":"","meta":{"_acf_changed":false},"m_thode_de_culture":[31,32],"substrat":[299,300,301,303],"product_category":[263],"class_list":["post-1870","product","type-product","status-publish","has-post-thumbnail","hentry","m_thode_de_culture-mineral-en","m_thode_de_culture-organic-en","substrat-coco","substrat-hydro","substrat-soil","substrat-spray","product_category-spezialdunger-und-nahrstoffzusatze"],"acf":[],"yoast_head":"<!-- This site is optimized with the Yoast SEO plugin v27.3 - https:\/\/yoast.com\/product\/yoast-seo-wordpress\/ -->\n<title>OLIGO SPECTRUM - Terra Aquatica<\/title>\n<meta name=\"robots\" content=\"index, follow, max-snippet:-1, max-image-preview:large, max-video-preview:-1\" \/>\n<link rel=\"canonical\" href=\"https:\/\/www.terraaquatica.com\/de\/spezialdunger-und-nahrstoffzusatze\/oligo-spectrum\/\" \/>\n<meta property=\"og:locale\" content=\"de_DE\" \/>\n<meta property=\"og:type\" content=\"article\" \/>\n<meta property=\"og:title\" content=\"OLIGO SPECTRUM - Terra Aquatica\" \/>\n<meta property=\"og:description\" content=\"Sie verwenden keine Terra Aquatica-D\u00fcnger, brauchen aber hochwertige Mikron\u00e4hrstoffe? Sie suchen eine ausgewogene Pflanzennahrung f\u00fcr ihre Aquaponikanlage? Wir haben die [&hellip;]\" \/>\n<meta property=\"og:url\" content=\"https:\/\/www.terraaquatica.com\/de\/spezialdunger-und-nahrstoffzusatze\/oligo-spectrum\" \/>\n<meta property=\"og:site_name\" content=\"Terra Aquatica\" \/>\n<meta property=\"article:modified_time\" content=\"2023-08-03T13:19:30+00:00\" \/>\n<meta property=\"og:image\" content=\"https:\/\/www.terraaquatica.com\/wp-content\/uploads\/2020\/03\/oligo-spectrum-1l-essentials-720.jpg\" \/>\n\t<meta property=\"og:image:width\" content=\"720\" \/>\n\t<meta property=\"og:image:height\" content=\"720\" \/>\n\t<meta property=\"og:image:type\" content=\"image\/jpeg\" \/>\n<meta name=\"twitter:card\" content=\"summary_large_image\" \/>\n<meta name=\"twitter:label1\" content=\"Gesch\u00e4tzte Lesezeit\" \/>\n\t<meta name=\"twitter:data1\" content=\"1\u00a0Minute\" \/>\n<script type=\"application\/ld+json\" class=\"yoast-schema-graph\">{\"@context\":\"https:\\\/\\\/schema.org\",\"@graph\":[{\"@type\":\"WebPage\",\"@id\":\"https:\\\/\\\/www.terraaquatica.com\\\/de\\\/spezialdunger-und-nahrstoffzusatze\\\/oligo-spectrum\",\"url\":\"https:\\\/\\\/www.terraaquatica.com\\\/de\\\/spezialdunger-und-nahrstoffzusatze\\\/oligo-spectrum\",\"name\":\"OLIGO SPECTRUM - Terra Aquatica\",\"isPartOf\":{\"@id\":\"https:\\\/\\\/www.terraaquatica.com\\\/#website\"},\"primaryImageOfPage\":{\"@id\":\"https:\\\/\\\/www.terraaquatica.com\\\/de\\\/spezialdunger-und-nahrstoffzusatze\\\/oligo-spectrum#primaryimage\"},\"image\":{\"@id\":\"https:\\\/\\\/www.terraaquatica.com\\\/de\\\/spezialdunger-und-nahrstoffzusatze\\\/oligo-spectrum#primaryimage\"},\"thumbnailUrl\":\"https:\\\/\\\/www.terraaquatica.com\\\/wp-content\\\/uploads\\\/2020\\\/03\\\/oligo-spectrum-1l-essentials-720.jpg\",\"datePublished\":\"2018-05-28T14:57:12+00:00\",\"dateModified\":\"2023-08-03T13:19:30+00:00\",\"breadcrumb\":{\"@id\":\"https:\\\/\\\/www.terraaquatica.com\\\/de\\\/spezialdunger-und-nahrstoffzusatze\\\/oligo-spectrum#breadcrumb\"},\"inLanguage\":\"de\",\"potentialAction\":[{\"@type\":\"ReadAction\",\"target\":[\"https:\\\/\\\/www.terraaquatica.com\\\/de\\\/spezialdunger-und-nahrstoffzusatze\\\/oligo-spectrum\"]}]},{\"@type\":\"ImageObject\",\"inLanguage\":\"de\",\"@id\":\"https:\\\/\\\/www.terraaquatica.com\\\/de\\\/spezialdunger-und-nahrstoffzusatze\\\/oligo-spectrum#primaryimage\",\"url\":\"https:\\\/\\\/www.terraaquatica.com\\\/wp-content\\\/uploads\\\/2020\\\/03\\\/oligo-spectrum-1l-essentials-720.jpg\",\"contentUrl\":\"https:\\\/\\\/www.terraaquatica.com\\\/wp-content\\\/uploads\\\/2020\\\/03\\\/oligo-spectrum-1l-essentials-720.jpg\",\"width\":720,\"height\":720,\"caption\":\"Oligo Spectrum 1L\"},{\"@type\":\"BreadcrumbList\",\"@id\":\"https:\\\/\\\/www.terraaquatica.com\\\/de\\\/spezialdunger-und-nahrstoffzusatze\\\/oligo-spectrum#breadcrumb\",\"itemListElement\":[{\"@type\":\"ListItem\",\"position\":1,\"name\":\"Accueil\",\"item\":\"https:\\\/\\\/www.terraaquatica.com\\\/de\\\/\"},{\"@type\":\"ListItem\",\"position\":2,\"name\":\"Products\",\"item\":\"https:\\\/\\\/www.terraaquatica.com\\\/de\\\/product\\\/\"},{\"@type\":\"ListItem\",\"position\":3,\"name\":\"OLIGO SPECTRUM\"}]},{\"@type\":\"WebSite\",\"@id\":\"https:\\\/\\\/www.terraaquatica.com\\\/#website\",\"url\":\"https:\\\/\\\/www.terraaquatica.com\\\/\",\"name\":\"Terra Aquatica\",\"description\":\"Engrais et syst\u00e8mes de culture depuis 1995\",\"publisher\":{\"@id\":\"https:\\\/\\\/www.terraaquatica.com\\\/#organization\"},\"potentialAction\":[{\"@type\":\"SearchAction\",\"target\":{\"@type\":\"EntryPoint\",\"urlTemplate\":\"https:\\\/\\\/www.terraaquatica.com\\\/?s={search_term_string}\"},\"query-input\":{\"@type\":\"PropertyValueSpecification\",\"valueRequired\":true,\"valueName\":\"search_term_string\"}}],\"inLanguage\":\"de\"},{\"@type\":\"Organization\",\"@id\":\"https:\\\/\\\/www.terraaquatica.com\\\/#organization\",\"name\":\"Terra Aquatica\",\"url\":\"https:\\\/\\\/www.terraaquatica.com\\\/\",\"logo\":{\"@type\":\"ImageObject\",\"inLanguage\":\"de\",\"@id\":\"https:\\\/\\\/www.terraaquatica.com\\\/#\\\/schema\\\/logo\\\/image\\\/\",\"url\":\"https:\\\/\\\/www.terraaquatica.com\\\/wp-content\\\/uploads\\\/2022\\\/03\\\/favicon-transpa-big.png\",\"contentUrl\":\"https:\\\/\\\/www.terraaquatica.com\\\/wp-content\\\/uploads\\\/2022\\\/03\\\/favicon-transpa-big.png\",\"width\":512,\"height\":512,\"caption\":\"Terra Aquatica\"},\"image\":{\"@id\":\"https:\\\/\\\/www.terraaquatica.com\\\/#\\\/schema\\\/logo\\\/image\\\/\"}}]}<\/script>\n<!-- \/ Yoast SEO plugin. -->","yoast_head_json":{"title":"OLIGO SPECTRUM - Terra Aquatica","robots":{"index":"index","follow":"follow","max-snippet":"max-snippet:-1","max-image-preview":"max-image-preview:large","max-video-preview":"max-video-preview:-1"},"canonical":"https:\/\/www.terraaquatica.com\/de\/spezialdunger-und-nahrstoffzusatze\/oligo-spectrum\/","og_locale":"de_DE","og_type":"article","og_title":"OLIGO SPECTRUM - Terra Aquatica","og_description":"Sie verwenden keine Terra Aquatica-D\u00fcnger, brauchen aber hochwertige Mikron\u00e4hrstoffe? Sie suchen eine ausgewogene Pflanzennahrung f\u00fcr ihre Aquaponikanlage? Wir haben die [&hellip;]","og_url":"https:\/\/www.terraaquatica.com\/de\/spezialdunger-und-nahrstoffzusatze\/oligo-spectrum","og_site_name":"Terra Aquatica","article_modified_time":"2023-08-03T13:19:30+00:00","og_image":[{"width":720,"height":720,"url":"https:\/\/www.terraaquatica.com\/wp-content\/uploads\/2020\/03\/oligo-spectrum-1l-essentials-720.jpg","type":"image\/jpeg"}],"twitter_card":"summary_large_image","twitter_misc":{"Gesch\u00e4tzte Lesezeit":"1\u00a0Minute"},"schema":{"@context":"https:\/\/schema.org","@graph":[{"@type":"WebPage","@id":"https:\/\/www.terraaquatica.com\/de\/spezialdunger-und-nahrstoffzusatze\/oligo-spectrum","url":"https:\/\/www.terraaquatica.com\/de\/spezialdunger-und-nahrstoffzusatze\/oligo-spectrum","name":"OLIGO SPECTRUM - Terra Aquatica","isPartOf":{"@id":"https:\/\/www.terraaquatica.com\/#website"},"primaryImageOfPage":{"@id":"https:\/\/www.terraaquatica.com\/de\/spezialdunger-und-nahrstoffzusatze\/oligo-spectrum#primaryimage"},"image":{"@id":"https:\/\/www.terraaquatica.com\/de\/spezialdunger-und-nahrstoffzusatze\/oligo-spectrum#primaryimage"},"thumbnailUrl":"https:\/\/www.terraaquatica.com\/wp-content\/uploads\/2020\/03\/oligo-spectrum-1l-essentials-720.jpg","datePublished":"2018-05-28T14:57:12+00:00","dateModified":"2023-08-03T13:19:30+00:00","breadcrumb":{"@id":"https:\/\/www.terraaquatica.com\/de\/spezialdunger-und-nahrstoffzusatze\/oligo-spectrum#breadcrumb"},"inLanguage":"de","potentialAction":[{"@type":"ReadAction","target":["https:\/\/www.terraaquatica.com\/de\/spezialdunger-und-nahrstoffzusatze\/oligo-spectrum"]}]},{"@type":"ImageObject","inLanguage":"de","@id":"https:\/\/www.terraaquatica.com\/de\/spezialdunger-und-nahrstoffzusatze\/oligo-spectrum#primaryimage","url":"https:\/\/www.terraaquatica.com\/wp-content\/uploads\/2020\/03\/oligo-spectrum-1l-essentials-720.jpg","contentUrl":"https:\/\/www.terraaquatica.com\/wp-content\/uploads\/2020\/03\/oligo-spectrum-1l-essentials-720.jpg","width":720,"height":720,"caption":"Oligo Spectrum 1L"},{"@type":"BreadcrumbList","@id":"https:\/\/www.terraaquatica.com\/de\/spezialdunger-und-nahrstoffzusatze\/oligo-spectrum#breadcrumb","itemListElement":[{"@type":"ListItem","position":1,"name":"Accueil","item":"https:\/\/www.terraaquatica.com\/de\/"},{"@type":"ListItem","position":2,"name":"Products","item":"https:\/\/www.terraaquatica.com\/de\/product\/"},{"@type":"ListItem","position":3,"name":"OLIGO SPECTRUM"}]},{"@type":"WebSite","@id":"https:\/\/www.terraaquatica.com\/#website","url":"https:\/\/www.terraaquatica.com\/","name":"Terra Aquatica","description":"Engrais et syst\u00e8mes de culture depuis 1995","publisher":{"@id":"https:\/\/www.terraaquatica.com\/#organization"},"potentialAction":[{"@type":"SearchAction","target":{"@type":"EntryPoint","urlTemplate":"https:\/\/www.terraaquatica.com\/?s={search_term_string}"},"query-input":{"@type":"PropertyValueSpecification","valueRequired":true,"valueName":"search_term_string"}}],"inLanguage":"de"},{"@type":"Organization","@id":"https:\/\/www.terraaquatica.com\/#organization","name":"Terra Aquatica","url":"https:\/\/www.terraaquatica.com\/","logo":{"@type":"ImageObject","inLanguage":"de","@id":"https:\/\/www.terraaquatica.com\/#\/schema\/logo\/image\/","url":"https:\/\/www.terraaquatica.com\/wp-content\/uploads\/2022\/03\/favicon-transpa-big.png","contentUrl":"https:\/\/www.terraaquatica.com\/wp-content\/uploads\/2022\/03\/favicon-transpa-big.png","width":512,"height":512,"caption":"Terra Aquatica"},"image":{"@id":"https:\/\/www.terraaquatica.com\/#\/schema\/logo\/image\/"}}]}},"_links":{"self":[{"href":"https:\/\/www.terraaquatica.com\/de\/wp-json\/wp\/v2\/product\/1870","targetHints":{"allow":["GET"]}}],"collection":[{"href":"https:\/\/www.terraaquatica.com\/de\/wp-json\/wp\/v2\/product"}],"about":[{"href":"https:\/\/www.terraaquatica.com\/de\/wp-json\/wp\/v2\/types\/product"}],"author":[{"embeddable":true,"href":"https:\/\/www.terraaquatica.com\/de\/wp-json\/wp\/v2\/users\/3"}],"wp:featuredmedia":[{"embeddable":true,"href":"https:\/\/www.terraaquatica.com\/de\/wp-json\/wp\/v2\/media\/1725"}],"wp:attachment":[{"href":"https:\/\/www.terraaquatica.com\/de\/wp-json\/wp\/v2\/media?parent=1870"}],"wp:term":[{"taxonomy":"m_thode_de_culture","embeddable":true,"href":"https:\/\/www.terraaquatica.com\/de\/wp-json\/wp\/v2\/m_thode_de_culture?post=1870"},{"taxonomy":"substrat","embeddable":true,"href":"https:\/\/www.terraaquatica.com\/de\/wp-json\/wp\/v2\/substrat?post=1870"},{"taxonomy":"product_category","embeddable":true,"href":"https:\/\/www.terraaquatica.com\/de\/wp-json\/wp\/v2\/product_category?post=1870"}],"curies":[{"name":"wp","href":"https:\/\/api.w.org\/{rel}","templated":true}]}}