{"id":1875,"date":"2018-05-28T17:21:04","date_gmt":"2018-05-28T15:21:04","guid":{"rendered":"https:\/\/www.terraaquatica.com\/produits\/florakleen-3\/"},"modified":"2023-08-01T16:58:28","modified_gmt":"2023-08-01T14:58:28","slug":"flashclean","status":"publish","type":"product","link":"https:\/\/www.terraaquatica.com\/de\/spul-und-substratpflegelosung\/flashclean","title":{"rendered":"FLASHCLEAN\u00ae"},"content":{"rendered":"<p><a href=\"http:\/\/www.terraaquatica.com\/\" target=\"_blank\" rel=\"noopener\"><img decoding=\"async\" class=\" alignleft size-full wp-image-1616\" style=\"opacity: 0.9; float: left; width: 250px; height: 250px;\" src=\"https:\/\/www.terraaquatica.com\/wp-content\/uploads\/2017\/06\/colerette.png\" alt=\"\"><\/a><em>Ob Hobbyg\u00e4rtner, die ihren Zimmerpflanzen eine Verj\u00fcngungskur spendieren m\u00f6chten, oder Erwerbsanbauer, die das Potential der Hydroponik optimal aussch\u00f6pfen m\u00f6chten, um Ertr\u00e4ge zu maximieren : FlashClean\u00ae ist f\u00fcr alle ein unentbehrliches Hilfsmittel!<\/em><\/p>\n<p>Die wachstumsbedingte Entstehung von D\u00fcngemittelr\u00fcckst\u00e4nden ist ein nat\u00fcrlicher Vorgang, der in jedem System vorkommt. Die Folge sind Salzablagerungen, die die Tropfer verstopfen, unansehnliche Spuren an der Erd- oder Substratoberfl\u00e4che hinterlassen und im Endeffekt nicht nur Stress, sondern auch Wurzelsch\u00e4den verursachen k\u00f6nnen. Auch die heute verf\u00fcgbaren hochkonzentrierten D\u00fcnger und die hohen EC-Werte in vielen Systemen k\u00f6nnen zu einem N\u00e4hrstoffmangel durch \u00dcberd\u00fcngung f\u00fchren und unbemerkt das Wachstum beeintr\u00e4chtigen ; FlashClean\u00ae schafft bei diesen und anderen Problemen Abhilfe :<\/p>\n<ul>\n<li>Ansammlungen von D\u00fcngemittelsalzen werden aufgel\u00f6st<\/li>\n<li>Die N\u00e4hrstoffbalance wird wieder hergestellt<\/li>\n<li>Durch \u00dcberd\u00fcngung verursachte N\u00e4hrstoffm\u00e4ngel werden beseitigt<\/li>\n<li>Mikroorganismen werden ern\u00e4hrt, Erde und Kokosfaser regeneriert<\/li>\n<li>Das Endwachstum wird besonders in Verbindung mit FinalPart\u00ae unterst\u00fctzt.<\/li>\n<\/ul>\n<p>Die mineralsalzl\u00f6sende Spezialrezeptur von FlashClean\u00ae l\u00f6st die N\u00e4hrstoffbindungen zwischen Mineralstoffen und Substrat, die anschlie\u00dfend einfach ausgesp\u00fclt werden. Und die Pflanzen k\u00f6nnen die \u00fcbrig gebliebenen N\u00e4hrstoffe in der entscheidenden Woche vor der Ernte optimal verwerten.<\/p>\n<p>Im Gegensatz zu anderen marktg\u00e4ngigen Sp\u00fclungen oder sonstigen Abschlussbehandlungen ist FlashClean\u00ae keine S\u00e4ure und kein Enzymreiniger, l\u00e4dt weder Magnesium noch andere Mineralzus\u00e4tze im System ab und ist damit enorm vielseitig im Einsatz : mit FlashClean\u00ae k\u00f6nnen Sie zu jedem beliebigen Zeitpunkt des Entwicklungsprozesses eine saubere, regenerierte Ausgangsbasis f\u00fcr Ihr System und Ihre Pflanzen schaffen.<\/p>\n<p>Egal, wo und wie Sie Pflanzen anbauen \u2013 drinnen oder drau\u00dfen, in Erde oder ohne, in Hydroponik, T\u00f6pfen oder Beeten \u2013 FlashClean\u00ae ist absolut unkompliziert : einfach in pH-reguliertem Wasser verr\u00fchren und anwenden.<\/p>\n<div><\/div>\n","protected":false},"author":3,"template":"","meta":{"_acf_changed":false},"m_thode_de_culture":[31,32],"substrat":[299,300,301],"product_category":[264],"class_list":["post-1875","product","type-product","status-publish","has-post-thumbnail","hentry","m_thode_de_culture-mineral-en","m_thode_de_culture-organic-en","substrat-coco","substrat-hydro","substrat-soil","product_category-spul-und-substratpflegelosung"],"acf":[],"yoast_head":"<!-- This site is optimized with the Yoast SEO plugin v27.3 - https:\/\/yoast.com\/product\/yoast-seo-wordpress\/ -->\n<title>FLASHCLEAN\u00ae - Terra Aquatica<\/title>\n<meta name=\"robots\" content=\"index, follow, max-snippet:-1, max-image-preview:large, max-video-preview:-1\" \/>\n<link rel=\"canonical\" href=\"https:\/\/www.terraaquatica.com\/de\/spul-und-substratpflegelosung\/flashclean\/\" \/>\n<meta property=\"og:locale\" content=\"de_DE\" \/>\n<meta property=\"og:type\" content=\"article\" \/>\n<meta property=\"og:title\" content=\"FLASHCLEAN\u00ae - Terra Aquatica\" \/>\n<meta property=\"og:description\" content=\"Ob Hobbyg\u00e4rtner, die ihren Zimmerpflanzen eine Verj\u00fcngungskur spendieren m\u00f6chten, oder Erwerbsanbauer, die das Potential der Hydroponik optimal aussch\u00f6pfen m\u00f6chten, um [&hellip;]\" \/>\n<meta property=\"og:url\" content=\"https:\/\/www.terraaquatica.com\/de\/spul-und-substratpflegelosung\/flashclean\" \/>\n<meta property=\"og:site_name\" content=\"Terra Aquatica\" \/>\n<meta property=\"article:modified_time\" content=\"2023-08-01T14:58:28+00:00\" \/>\n<meta property=\"og:image\" content=\"https:\/\/www.terraaquatica.com\/wp-content\/uploads\/2020\/03\/flashclean-1l-florakleen-720.jpg\" \/>\n\t<meta property=\"og:image:width\" content=\"720\" \/>\n\t<meta property=\"og:image:height\" content=\"720\" \/>\n\t<meta property=\"og:image:type\" content=\"image\/jpeg\" \/>\n<meta name=\"twitter:card\" content=\"summary_large_image\" \/>\n<meta name=\"twitter:label1\" content=\"Gesch\u00e4tzte Lesezeit\" \/>\n\t<meta name=\"twitter:data1\" content=\"2\u00a0Minuten\" \/>\n<script type=\"application\/ld+json\" class=\"yoast-schema-graph\">{\"@context\":\"https:\\\/\\\/schema.org\",\"@graph\":[{\"@type\":\"WebPage\",\"@id\":\"https:\\\/\\\/www.terraaquatica.com\\\/de\\\/spul-und-substratpflegelosung\\\/flashclean\",\"url\":\"https:\\\/\\\/www.terraaquatica.com\\\/de\\\/spul-und-substratpflegelosung\\\/flashclean\",\"name\":\"FLASHCLEAN\u00ae - Terra Aquatica\",\"isPartOf\":{\"@id\":\"https:\\\/\\\/www.terraaquatica.com\\\/#website\"},\"primaryImageOfPage\":{\"@id\":\"https:\\\/\\\/www.terraaquatica.com\\\/de\\\/spul-und-substratpflegelosung\\\/flashclean#primaryimage\"},\"image\":{\"@id\":\"https:\\\/\\\/www.terraaquatica.com\\\/de\\\/spul-und-substratpflegelosung\\\/flashclean#primaryimage\"},\"thumbnailUrl\":\"https:\\\/\\\/www.terraaquatica.com\\\/wp-content\\\/uploads\\\/2020\\\/03\\\/flashclean-1l-florakleen-720.jpg\",\"datePublished\":\"2018-05-28T15:21:04+00:00\",\"dateModified\":\"2023-08-01T14:58:28+00:00\",\"breadcrumb\":{\"@id\":\"https:\\\/\\\/www.terraaquatica.com\\\/de\\\/spul-und-substratpflegelosung\\\/flashclean#breadcrumb\"},\"inLanguage\":\"de\",\"potentialAction\":[{\"@type\":\"ReadAction\",\"target\":[\"https:\\\/\\\/www.terraaquatica.com\\\/de\\\/spul-und-substratpflegelosung\\\/flashclean\"]}]},{\"@type\":\"ImageObject\",\"inLanguage\":\"de\",\"@id\":\"https:\\\/\\\/www.terraaquatica.com\\\/de\\\/spul-und-substratpflegelosung\\\/flashclean#primaryimage\",\"url\":\"https:\\\/\\\/www.terraaquatica.com\\\/wp-content\\\/uploads\\\/2020\\\/03\\\/flashclean-1l-florakleen-720.jpg\",\"contentUrl\":\"https:\\\/\\\/www.terraaquatica.com\\\/wp-content\\\/uploads\\\/2020\\\/03\\\/flashclean-1l-florakleen-720.jpg\",\"width\":720,\"height\":720,\"caption\":\"FlashClean 1L\"},{\"@type\":\"BreadcrumbList\",\"@id\":\"https:\\\/\\\/www.terraaquatica.com\\\/de\\\/spul-und-substratpflegelosung\\\/flashclean#breadcrumb\",\"itemListElement\":[{\"@type\":\"ListItem\",\"position\":1,\"name\":\"Accueil\",\"item\":\"https:\\\/\\\/www.terraaquatica.com\\\/de\\\/\"},{\"@type\":\"ListItem\",\"position\":2,\"name\":\"Products\",\"item\":\"https:\\\/\\\/www.terraaquatica.com\\\/de\\\/product\\\/\"},{\"@type\":\"ListItem\",\"position\":3,\"name\":\"FLASHCLEAN\u00ae\"}]},{\"@type\":\"WebSite\",\"@id\":\"https:\\\/\\\/www.terraaquatica.com\\\/#website\",\"url\":\"https:\\\/\\\/www.terraaquatica.com\\\/\",\"name\":\"Terra Aquatica\",\"description\":\"Engrais et syst\u00e8mes de culture depuis 1995\",\"publisher\":{\"@id\":\"https:\\\/\\\/www.terraaquatica.com\\\/#organization\"},\"potentialAction\":[{\"@type\":\"SearchAction\",\"target\":{\"@type\":\"EntryPoint\",\"urlTemplate\":\"https:\\\/\\\/www.terraaquatica.com\\\/?s={search_term_string}\"},\"query-input\":{\"@type\":\"PropertyValueSpecification\",\"valueRequired\":true,\"valueName\":\"search_term_string\"}}],\"inLanguage\":\"de\"},{\"@type\":\"Organization\",\"@id\":\"https:\\\/\\\/www.terraaquatica.com\\\/#organization\",\"name\":\"Terra Aquatica\",\"url\":\"https:\\\/\\\/www.terraaquatica.com\\\/\",\"logo\":{\"@type\":\"ImageObject\",\"inLanguage\":\"de\",\"@id\":\"https:\\\/\\\/www.terraaquatica.com\\\/#\\\/schema\\\/logo\\\/image\\\/\",\"url\":\"https:\\\/\\\/www.terraaquatica.com\\\/wp-content\\\/uploads\\\/2022\\\/03\\\/favicon-transpa-big.png\",\"contentUrl\":\"https:\\\/\\\/www.terraaquatica.com\\\/wp-content\\\/uploads\\\/2022\\\/03\\\/favicon-transpa-big.png\",\"width\":512,\"height\":512,\"caption\":\"Terra Aquatica\"},\"image\":{\"@id\":\"https:\\\/\\\/www.terraaquatica.com\\\/#\\\/schema\\\/logo\\\/image\\\/\"}}]}<\/script>\n<!-- \/ Yoast SEO plugin. -->","yoast_head_json":{"title":"FLASHCLEAN\u00ae - Terra Aquatica","robots":{"index":"index","follow":"follow","max-snippet":"max-snippet:-1","max-image-preview":"max-image-preview:large","max-video-preview":"max-video-preview:-1"},"canonical":"https:\/\/www.terraaquatica.com\/de\/spul-und-substratpflegelosung\/flashclean\/","og_locale":"de_DE","og_type":"article","og_title":"FLASHCLEAN\u00ae - Terra Aquatica","og_description":"Ob Hobbyg\u00e4rtner, die ihren Zimmerpflanzen eine Verj\u00fcngungskur spendieren m\u00f6chten, oder Erwerbsanbauer, die das Potential der Hydroponik optimal aussch\u00f6pfen m\u00f6chten, um [&hellip;]","og_url":"https:\/\/www.terraaquatica.com\/de\/spul-und-substratpflegelosung\/flashclean","og_site_name":"Terra Aquatica","article_modified_time":"2023-08-01T14:58:28+00:00","og_image":[{"width":720,"height":720,"url":"https:\/\/www.terraaquatica.com\/wp-content\/uploads\/2020\/03\/flashclean-1l-florakleen-720.jpg","type":"image\/jpeg"}],"twitter_card":"summary_large_image","twitter_misc":{"Gesch\u00e4tzte Lesezeit":"2\u00a0Minuten"},"schema":{"@context":"https:\/\/schema.org","@graph":[{"@type":"WebPage","@id":"https:\/\/www.terraaquatica.com\/de\/spul-und-substratpflegelosung\/flashclean","url":"https:\/\/www.terraaquatica.com\/de\/spul-und-substratpflegelosung\/flashclean","name":"FLASHCLEAN\u00ae - Terra Aquatica","isPartOf":{"@id":"https:\/\/www.terraaquatica.com\/#website"},"primaryImageOfPage":{"@id":"https:\/\/www.terraaquatica.com\/de\/spul-und-substratpflegelosung\/flashclean#primaryimage"},"image":{"@id":"https:\/\/www.terraaquatica.com\/de\/spul-und-substratpflegelosung\/flashclean#primaryimage"},"thumbnailUrl":"https:\/\/www.terraaquatica.com\/wp-content\/uploads\/2020\/03\/flashclean-1l-florakleen-720.jpg","datePublished":"2018-05-28T15:21:04+00:00","dateModified":"2023-08-01T14:58:28+00:00","breadcrumb":{"@id":"https:\/\/www.terraaquatica.com\/de\/spul-und-substratpflegelosung\/flashclean#breadcrumb"},"inLanguage":"de","potentialAction":[{"@type":"ReadAction","target":["https:\/\/www.terraaquatica.com\/de\/spul-und-substratpflegelosung\/flashclean"]}]},{"@type":"ImageObject","inLanguage":"de","@id":"https:\/\/www.terraaquatica.com\/de\/spul-und-substratpflegelosung\/flashclean#primaryimage","url":"https:\/\/www.terraaquatica.com\/wp-content\/uploads\/2020\/03\/flashclean-1l-florakleen-720.jpg","contentUrl":"https:\/\/www.terraaquatica.com\/wp-content\/uploads\/2020\/03\/flashclean-1l-florakleen-720.jpg","width":720,"height":720,"caption":"FlashClean 1L"},{"@type":"BreadcrumbList","@id":"https:\/\/www.terraaquatica.com\/de\/spul-und-substratpflegelosung\/flashclean#breadcrumb","itemListElement":[{"@type":"ListItem","position":1,"name":"Accueil","item":"https:\/\/www.terraaquatica.com\/de\/"},{"@type":"ListItem","position":2,"name":"Products","item":"https:\/\/www.terraaquatica.com\/de\/product\/"},{"@type":"ListItem","position":3,"name":"FLASHCLEAN\u00ae"}]},{"@type":"WebSite","@id":"https:\/\/www.terraaquatica.com\/#website","url":"https:\/\/www.terraaquatica.com\/","name":"Terra Aquatica","description":"Engrais et syst\u00e8mes de culture depuis 1995","publisher":{"@id":"https:\/\/www.terraaquatica.com\/#organization"},"potentialAction":[{"@type":"SearchAction","target":{"@type":"EntryPoint","urlTemplate":"https:\/\/www.terraaquatica.com\/?s={search_term_string}"},"query-input":{"@type":"PropertyValueSpecification","valueRequired":true,"valueName":"search_term_string"}}],"inLanguage":"de"},{"@type":"Organization","@id":"https:\/\/www.terraaquatica.com\/#organization","name":"Terra Aquatica","url":"https:\/\/www.terraaquatica.com\/","logo":{"@type":"ImageObject","inLanguage":"de","@id":"https:\/\/www.terraaquatica.com\/#\/schema\/logo\/image\/","url":"https:\/\/www.terraaquatica.com\/wp-content\/uploads\/2022\/03\/favicon-transpa-big.png","contentUrl":"https:\/\/www.terraaquatica.com\/wp-content\/uploads\/2022\/03\/favicon-transpa-big.png","width":512,"height":512,"caption":"Terra Aquatica"},"image":{"@id":"https:\/\/www.terraaquatica.com\/#\/schema\/logo\/image\/"}}]}},"_links":{"self":[{"href":"https:\/\/www.terraaquatica.com\/de\/wp-json\/wp\/v2\/product\/1875","targetHints":{"allow":["GET"]}}],"collection":[{"href":"https:\/\/www.terraaquatica.com\/de\/wp-json\/wp\/v2\/product"}],"about":[{"href":"https:\/\/www.terraaquatica.com\/de\/wp-json\/wp\/v2\/types\/product"}],"author":[{"embeddable":true,"href":"https:\/\/www.terraaquatica.com\/de\/wp-json\/wp\/v2\/users\/3"}],"wp:featuredmedia":[{"embeddable":true,"href":"https:\/\/www.terraaquatica.com\/de\/wp-json\/wp\/v2\/media\/1729"}],"wp:attachment":[{"href":"https:\/\/www.terraaquatica.com\/de\/wp-json\/wp\/v2\/media?parent=1875"}],"wp:term":[{"taxonomy":"m_thode_de_culture","embeddable":true,"href":"https:\/\/www.terraaquatica.com\/de\/wp-json\/wp\/v2\/m_thode_de_culture?post=1875"},{"taxonomy":"substrat","embeddable":true,"href":"https:\/\/www.terraaquatica.com\/de\/wp-json\/wp\/v2\/substrat?post=1875"},{"taxonomy":"product_category","embeddable":true,"href":"https:\/\/www.terraaquatica.com\/de\/wp-json\/wp\/v2\/product_category?post=1875"}],"curies":[{"name":"wp","href":"https:\/\/api.w.org\/{rel}","templated":true}]}}