{"id":1876,"date":"2018-05-28T17:24:42","date_gmt":"2018-05-28T15:24:42","guid":{"rendered":"https:\/\/www.terraaquatica.com\/produits\/fulvic-4\/"},"modified":"2024-09-10T11:34:08","modified_gmt":"2024-09-10T09:34:08","slug":"fulvic-4","status":"publish","type":"product","link":"https:\/\/www.terraaquatica.com\/de\/organisches-universal-biostimulanzmittel\/fulvic-4","title":{"rendered":"Fulvic"},"content":{"rendered":"<p><em>Der wirksamste Wachstumsbeschleuniger, den Sie Ihren Pflanzen neben D\u00fcnger geben k\u00f6nnen, ist hochwertige Fulvos\u00e4ure. Unsere hei\u00dft Fulvic und ist von \u00fcberragender Qualit\u00e4t.<\/em><\/p>\n<p>L\u00f6sliche Huminstoffe enthalten eine Vielzahl nat\u00fcrlicher Verbindungen, die das Pflanzenwachstum anregen und die N\u00e4hrstoffaufnahme verbessern. Fulvos\u00e4ure ist ein solcher Stoff. Sie tr\u00e4gt ma\u00dfgeblich dazu bei, dass Mineralien besser von Pflanzen verwertet werden und D\u00fcnger noch effizienter sind.<\/p>\n<p>Wir haben Leonardite von vielen verschiedenen Orten weltweit analysiert und getestet, um eine patentierte, pH-regulierte Fulvos\u00e4ure zu entwickeln, die gr\u00f6\u00dftm\u00f6gliche Vorteile im Anbau bietet :<\/p>\n<ul>\n<li>Bessere Wurzelentwicklung<\/li>\n<li>Fr\u00fchere Ernte<\/li>\n<li>Gesunde, widerstandsf\u00e4hige Pflanzen<\/li>\n<li>Besserer Geschmack und Duft<\/li>\n<li>Mehr \u00e4therische \u00d6le<\/li>\n<li>Erheblich ertragreichere Ernten<\/li>\n<\/ul>\n<p>Was z\u00e4hlt, ist nicht die oft als Verkaufsargument angef\u00fchrte Konzentration, sondern die Qualit\u00e4t und Zusammensetzung der verwendeten Fulvos\u00e4ure, und in diesem Punkt ist unser Fulvic einfach unschlagbar.<\/p>\n","protected":false},"author":3,"template":"","meta":{"_acf_changed":true},"m_thode_de_culture":[31,32],"substrat":[302,299,300,301,303],"product_category":[269],"class_list":["post-1876","product","type-product","status-publish","has-post-thumbnail","hentry","m_thode_de_culture-mineral-en","m_thode_de_culture-organic-en","substrat-bioponics","substrat-coco","substrat-hydro","substrat-soil","substrat-spray","product_category-organisches-universal-biostimulanzmittel"],"acf":[],"yoast_head":"<!-- This site is optimized with the Yoast SEO plugin v27.3 - https:\/\/yoast.com\/product\/yoast-seo-wordpress\/ -->\n<title>Fulvic - Terra Aquatica<\/title>\n<meta name=\"robots\" content=\"index, follow, max-snippet:-1, max-image-preview:large, max-video-preview:-1\" \/>\n<link rel=\"canonical\" href=\"https:\/\/www.terraaquatica.com\/de\/organisches-universal-biostimulanzmittel\/fulvic-4\/\" \/>\n<meta property=\"og:locale\" content=\"de_DE\" \/>\n<meta property=\"og:type\" content=\"article\" \/>\n<meta property=\"og:title\" content=\"Fulvic - Terra Aquatica\" \/>\n<meta property=\"og:description\" content=\"Der wirksamste Wachstumsbeschleuniger, den Sie Ihren Pflanzen neben D\u00fcnger geben k\u00f6nnen, ist hochwertige Fulvos\u00e4ure. Unsere hei\u00dft Fulvic und ist von [&hellip;]\" \/>\n<meta property=\"og:url\" content=\"https:\/\/www.terraaquatica.com\/de\/organisches-universal-biostimulanzmittel\/fulvic-4\" \/>\n<meta property=\"og:site_name\" content=\"Terra Aquatica\" \/>\n<meta property=\"article:modified_time\" content=\"2024-09-10T09:34:08+00:00\" \/>\n<meta property=\"og:image\" content=\"https:\/\/www.terraaquatica.com\/wp-content\/uploads\/2019\/03\/fulvic-1l.jpg\" \/>\n\t<meta property=\"og:image:width\" content=\"720\" \/>\n\t<meta property=\"og:image:height\" content=\"720\" \/>\n\t<meta property=\"og:image:type\" content=\"image\/jpeg\" \/>\n<meta name=\"twitter:card\" content=\"summary_large_image\" \/>\n<meta name=\"twitter:label1\" content=\"Gesch\u00e4tzte Lesezeit\" \/>\n\t<meta name=\"twitter:data1\" content=\"1\u00a0Minute\" \/>\n<script type=\"application\/ld+json\" class=\"yoast-schema-graph\">{\"@context\":\"https:\\\/\\\/schema.org\",\"@graph\":[{\"@type\":\"WebPage\",\"@id\":\"https:\\\/\\\/www.terraaquatica.com\\\/de\\\/organisches-universal-biostimulanzmittel\\\/fulvic-4\",\"url\":\"https:\\\/\\\/www.terraaquatica.com\\\/de\\\/organisches-universal-biostimulanzmittel\\\/fulvic-4\",\"name\":\"Fulvic - Terra Aquatica\",\"isPartOf\":{\"@id\":\"https:\\\/\\\/www.terraaquatica.com\\\/#website\"},\"primaryImageOfPage\":{\"@id\":\"https:\\\/\\\/www.terraaquatica.com\\\/de\\\/organisches-universal-biostimulanzmittel\\\/fulvic-4#primaryimage\"},\"image\":{\"@id\":\"https:\\\/\\\/www.terraaquatica.com\\\/de\\\/organisches-universal-biostimulanzmittel\\\/fulvic-4#primaryimage\"},\"thumbnailUrl\":\"https:\\\/\\\/www.terraaquatica.com\\\/wp-content\\\/uploads\\\/2019\\\/03\\\/fulvic-1l.jpg\",\"datePublished\":\"2018-05-28T15:24:42+00:00\",\"dateModified\":\"2024-09-10T09:34:08+00:00\",\"breadcrumb\":{\"@id\":\"https:\\\/\\\/www.terraaquatica.com\\\/de\\\/organisches-universal-biostimulanzmittel\\\/fulvic-4#breadcrumb\"},\"inLanguage\":\"de\",\"potentialAction\":[{\"@type\":\"ReadAction\",\"target\":[\"https:\\\/\\\/www.terraaquatica.com\\\/de\\\/organisches-universal-biostimulanzmittel\\\/fulvic-4\"]}]},{\"@type\":\"ImageObject\",\"inLanguage\":\"de\",\"@id\":\"https:\\\/\\\/www.terraaquatica.com\\\/de\\\/organisches-universal-biostimulanzmittel\\\/fulvic-4#primaryimage\",\"url\":\"https:\\\/\\\/www.terraaquatica.com\\\/wp-content\\\/uploads\\\/2019\\\/03\\\/fulvic-1l.jpg\",\"contentUrl\":\"https:\\\/\\\/www.terraaquatica.com\\\/wp-content\\\/uploads\\\/2019\\\/03\\\/fulvic-1l.jpg\",\"width\":720,\"height\":720,\"caption\":\"Fulvic\"},{\"@type\":\"BreadcrumbList\",\"@id\":\"https:\\\/\\\/www.terraaquatica.com\\\/de\\\/organisches-universal-biostimulanzmittel\\\/fulvic-4#breadcrumb\",\"itemListElement\":[{\"@type\":\"ListItem\",\"position\":1,\"name\":\"Accueil\",\"item\":\"https:\\\/\\\/www.terraaquatica.com\\\/de\\\/\"},{\"@type\":\"ListItem\",\"position\":2,\"name\":\"Products\",\"item\":\"https:\\\/\\\/www.terraaquatica.com\\\/de\\\/product\\\/\"},{\"@type\":\"ListItem\",\"position\":3,\"name\":\"Fulvic\"}]},{\"@type\":\"WebSite\",\"@id\":\"https:\\\/\\\/www.terraaquatica.com\\\/#website\",\"url\":\"https:\\\/\\\/www.terraaquatica.com\\\/\",\"name\":\"Terra Aquatica\",\"description\":\"Engrais et syst\u00e8mes de culture depuis 1995\",\"publisher\":{\"@id\":\"https:\\\/\\\/www.terraaquatica.com\\\/#organization\"},\"potentialAction\":[{\"@type\":\"SearchAction\",\"target\":{\"@type\":\"EntryPoint\",\"urlTemplate\":\"https:\\\/\\\/www.terraaquatica.com\\\/?s={search_term_string}\"},\"query-input\":{\"@type\":\"PropertyValueSpecification\",\"valueRequired\":true,\"valueName\":\"search_term_string\"}}],\"inLanguage\":\"de\"},{\"@type\":\"Organization\",\"@id\":\"https:\\\/\\\/www.terraaquatica.com\\\/#organization\",\"name\":\"Terra Aquatica\",\"url\":\"https:\\\/\\\/www.terraaquatica.com\\\/\",\"logo\":{\"@type\":\"ImageObject\",\"inLanguage\":\"de\",\"@id\":\"https:\\\/\\\/www.terraaquatica.com\\\/#\\\/schema\\\/logo\\\/image\\\/\",\"url\":\"https:\\\/\\\/www.terraaquatica.com\\\/wp-content\\\/uploads\\\/2022\\\/03\\\/favicon-transpa-big.png\",\"contentUrl\":\"https:\\\/\\\/www.terraaquatica.com\\\/wp-content\\\/uploads\\\/2022\\\/03\\\/favicon-transpa-big.png\",\"width\":512,\"height\":512,\"caption\":\"Terra Aquatica\"},\"image\":{\"@id\":\"https:\\\/\\\/www.terraaquatica.com\\\/#\\\/schema\\\/logo\\\/image\\\/\"}}]}<\/script>\n<!-- \/ Yoast SEO plugin. -->","yoast_head_json":{"title":"Fulvic - Terra Aquatica","robots":{"index":"index","follow":"follow","max-snippet":"max-snippet:-1","max-image-preview":"max-image-preview:large","max-video-preview":"max-video-preview:-1"},"canonical":"https:\/\/www.terraaquatica.com\/de\/organisches-universal-biostimulanzmittel\/fulvic-4\/","og_locale":"de_DE","og_type":"article","og_title":"Fulvic - Terra Aquatica","og_description":"Der wirksamste Wachstumsbeschleuniger, den Sie Ihren Pflanzen neben D\u00fcnger geben k\u00f6nnen, ist hochwertige Fulvos\u00e4ure. Unsere hei\u00dft Fulvic und ist von [&hellip;]","og_url":"https:\/\/www.terraaquatica.com\/de\/organisches-universal-biostimulanzmittel\/fulvic-4","og_site_name":"Terra Aquatica","article_modified_time":"2024-09-10T09:34:08+00:00","og_image":[{"width":720,"height":720,"url":"https:\/\/www.terraaquatica.com\/wp-content\/uploads\/2019\/03\/fulvic-1l.jpg","type":"image\/jpeg"}],"twitter_card":"summary_large_image","twitter_misc":{"Gesch\u00e4tzte Lesezeit":"1\u00a0Minute"},"schema":{"@context":"https:\/\/schema.org","@graph":[{"@type":"WebPage","@id":"https:\/\/www.terraaquatica.com\/de\/organisches-universal-biostimulanzmittel\/fulvic-4","url":"https:\/\/www.terraaquatica.com\/de\/organisches-universal-biostimulanzmittel\/fulvic-4","name":"Fulvic - Terra Aquatica","isPartOf":{"@id":"https:\/\/www.terraaquatica.com\/#website"},"primaryImageOfPage":{"@id":"https:\/\/www.terraaquatica.com\/de\/organisches-universal-biostimulanzmittel\/fulvic-4#primaryimage"},"image":{"@id":"https:\/\/www.terraaquatica.com\/de\/organisches-universal-biostimulanzmittel\/fulvic-4#primaryimage"},"thumbnailUrl":"https:\/\/www.terraaquatica.com\/wp-content\/uploads\/2019\/03\/fulvic-1l.jpg","datePublished":"2018-05-28T15:24:42+00:00","dateModified":"2024-09-10T09:34:08+00:00","breadcrumb":{"@id":"https:\/\/www.terraaquatica.com\/de\/organisches-universal-biostimulanzmittel\/fulvic-4#breadcrumb"},"inLanguage":"de","potentialAction":[{"@type":"ReadAction","target":["https:\/\/www.terraaquatica.com\/de\/organisches-universal-biostimulanzmittel\/fulvic-4"]}]},{"@type":"ImageObject","inLanguage":"de","@id":"https:\/\/www.terraaquatica.com\/de\/organisches-universal-biostimulanzmittel\/fulvic-4#primaryimage","url":"https:\/\/www.terraaquatica.com\/wp-content\/uploads\/2019\/03\/fulvic-1l.jpg","contentUrl":"https:\/\/www.terraaquatica.com\/wp-content\/uploads\/2019\/03\/fulvic-1l.jpg","width":720,"height":720,"caption":"Fulvic"},{"@type":"BreadcrumbList","@id":"https:\/\/www.terraaquatica.com\/de\/organisches-universal-biostimulanzmittel\/fulvic-4#breadcrumb","itemListElement":[{"@type":"ListItem","position":1,"name":"Accueil","item":"https:\/\/www.terraaquatica.com\/de\/"},{"@type":"ListItem","position":2,"name":"Products","item":"https:\/\/www.terraaquatica.com\/de\/product\/"},{"@type":"ListItem","position":3,"name":"Fulvic"}]},{"@type":"WebSite","@id":"https:\/\/www.terraaquatica.com\/#website","url":"https:\/\/www.terraaquatica.com\/","name":"Terra Aquatica","description":"Engrais et syst\u00e8mes de culture depuis 1995","publisher":{"@id":"https:\/\/www.terraaquatica.com\/#organization"},"potentialAction":[{"@type":"SearchAction","target":{"@type":"EntryPoint","urlTemplate":"https:\/\/www.terraaquatica.com\/?s={search_term_string}"},"query-input":{"@type":"PropertyValueSpecification","valueRequired":true,"valueName":"search_term_string"}}],"inLanguage":"de"},{"@type":"Organization","@id":"https:\/\/www.terraaquatica.com\/#organization","name":"Terra Aquatica","url":"https:\/\/www.terraaquatica.com\/","logo":{"@type":"ImageObject","inLanguage":"de","@id":"https:\/\/www.terraaquatica.com\/#\/schema\/logo\/image\/","url":"https:\/\/www.terraaquatica.com\/wp-content\/uploads\/2022\/03\/favicon-transpa-big.png","contentUrl":"https:\/\/www.terraaquatica.com\/wp-content\/uploads\/2022\/03\/favicon-transpa-big.png","width":512,"height":512,"caption":"Terra Aquatica"},"image":{"@id":"https:\/\/www.terraaquatica.com\/#\/schema\/logo\/image\/"}}]}},"_links":{"self":[{"href":"https:\/\/www.terraaquatica.com\/de\/wp-json\/wp\/v2\/product\/1876","targetHints":{"allow":["GET"]}}],"collection":[{"href":"https:\/\/www.terraaquatica.com\/de\/wp-json\/wp\/v2\/product"}],"about":[{"href":"https:\/\/www.terraaquatica.com\/de\/wp-json\/wp\/v2\/types\/product"}],"author":[{"embeddable":true,"href":"https:\/\/www.terraaquatica.com\/de\/wp-json\/wp\/v2\/users\/3"}],"wp:featuredmedia":[{"embeddable":true,"href":"https:\/\/www.terraaquatica.com\/de\/wp-json\/wp\/v2\/media\/1720"}],"wp:attachment":[{"href":"https:\/\/www.terraaquatica.com\/de\/wp-json\/wp\/v2\/media?parent=1876"}],"wp:term":[{"taxonomy":"m_thode_de_culture","embeddable":true,"href":"https:\/\/www.terraaquatica.com\/de\/wp-json\/wp\/v2\/m_thode_de_culture?post=1876"},{"taxonomy":"substrat","embeddable":true,"href":"https:\/\/www.terraaquatica.com\/de\/wp-json\/wp\/v2\/substrat?post=1876"},{"taxonomy":"product_category","embeddable":true,"href":"https:\/\/www.terraaquatica.com\/de\/wp-json\/wp\/v2\/product_category?post=1876"}],"curies":[{"name":"wp","href":"https:\/\/api.w.org\/{rel}","templated":true}]}}