{"id":1877,"date":"2018-05-28T17:31:38","date_gmt":"2018-05-28T15:31:38","guid":{"rendered":"https:\/\/www.terraaquatica.com\/produits\/trikologic-4\/"},"modified":"2023-09-14T15:50:06","modified_gmt":"2023-09-14T13:50:06","slug":"trikologic-4","status":"publish","type":"product","link":"https:\/\/www.terraaquatica.com\/de\/nutzliche-mikroorganismen\/trikologic-4","title":{"rendered":"TrikoLogic\u00ae"},"content":{"rendered":"<p><em>Wichtiger Hilfsstoff im Bio-Anbau und Geheimwaffe aller Erwerbsanbauer. <\/em><\/p>\n<p>Trichoderma harzianum, die bei uns den Handelsnamen TrikoLogic\u00ae tr\u00e4gt, ist der erste n\u00fctzliche Mikroorganismus, der sich im erwerbsm\u00e4\u00dfigen Gew\u00e4chshausanbau als Standard durchgesetzt hat.<\/p>\n<p>Die in Erde, Kokosfaser oder \u00e4hnlichen Substraten lebenden Mikroorganismen bauen organische Substanz ab und setzen dabei Mineralstoffe frei. Dieser Prozess ist im Bio-Anbau, in der Bio-Hydroponik, <a tabindex=\"-1\" href=\"https:\/\/www.terraaquatica.com\/de\/was-ist-bioponik\/\">Bioponik<\/a> und Aquaponik von entscheidender Bedeutung. Wie neueste Forschungsergebnisse gezeigt haben, setzt Trichoderma im Zuge ihrer Entwicklung und Ausbreitung eine Reihe von Verbindungen frei, die das Pflanzenwachstum f\u00f6rdern, und Substanzen, die f\u00fcr Pflanzen gef\u00e4hrliche, im Boden lebende Krankheitserreger unsch\u00e4dlich machen bzw. abt\u00f6ten.<\/p>\n<p>Aufgrund dieser Vorteile, die insbesondere Jungpflanzen zugutekommen, hat sich Trichoderma in der Branche durchgesetzt.<\/p>\n<p>Wie alle Produkte von Terra Aquatica sind auch unsere Trichoderma von erstklassiger Qualit\u00e4t, weil unsere\u00a0 Kulturen aus besonders lebensf\u00e4higen St\u00e4mmen\u00a0 herangezogen werden. Wir sind stolz auf unsere aus n\u00fctzlichen Bakterien und Pilzen hergestellten\u00a0Produkte, die zu den Spitzenerzeugnissen des Marktes z\u00e4hlen.<\/p>\n<p><em>TrikoLogic\u00ae erf\u00fcllt die Auflagen der europ\u00e4ischen Richtlinie 2008\/113\/EG \u00fcber Mikroorganismen als Wirkstoffe und ist unter folgender Nummer registriert: BBA Nr. LS 004987-65-00.<\/em><\/p>\n","protected":false},"author":3,"template":"","meta":{"_acf_changed":false},"m_thode_de_culture":[31,32],"substrat":[302,299,300,301],"product_category":[270],"class_list":["post-1877","product","type-product","status-publish","has-post-thumbnail","hentry","m_thode_de_culture-mineral-en","m_thode_de_culture-organic-en","substrat-bioponics","substrat-coco","substrat-hydro","substrat-soil","product_category-nutzliche-mikroorganismen"],"acf":[],"yoast_head":"<!-- This site is optimized with the Yoast SEO plugin v27.3 - https:\/\/yoast.com\/product\/yoast-seo-wordpress\/ -->\n<title>TrikoLogic\u00ae - Terra Aquatica<\/title>\n<meta name=\"robots\" content=\"index, follow, max-snippet:-1, max-image-preview:large, max-video-preview:-1\" \/>\n<link rel=\"canonical\" href=\"https:\/\/www.terraaquatica.com\/de\/nutzliche-mikroorganismen\/trikologic-4\/\" \/>\n<meta property=\"og:locale\" content=\"de_DE\" \/>\n<meta property=\"og:type\" content=\"article\" \/>\n<meta property=\"og:title\" content=\"TrikoLogic\u00ae - Terra Aquatica\" \/>\n<meta property=\"og:description\" content=\"Wichtiger Hilfsstoff im Bio-Anbau und Geheimwaffe aller Erwerbsanbauer. Trichoderma harzianum, die bei uns den Handelsnamen TrikoLogic\u00ae tr\u00e4gt, ist der erste [&hellip;]\" \/>\n<meta property=\"og:url\" content=\"https:\/\/www.terraaquatica.com\/de\/nutzliche-mikroorganismen\/trikologic-4\" \/>\n<meta property=\"og:site_name\" content=\"Terra Aquatica\" \/>\n<meta property=\"article:modified_time\" content=\"2023-09-14T13:50:06+00:00\" \/>\n<meta property=\"og:image\" content=\"https:\/\/www.terraaquatica.com\/wp-content\/uploads\/2019\/04\/trikologic-250g_0.jpg\" \/>\n\t<meta property=\"og:image:width\" content=\"720\" \/>\n\t<meta property=\"og:image:height\" content=\"720\" \/>\n\t<meta property=\"og:image:type\" content=\"image\/jpeg\" \/>\n<meta name=\"twitter:card\" content=\"summary_large_image\" \/>\n<meta name=\"twitter:label1\" content=\"Gesch\u00e4tzte Lesezeit\" \/>\n\t<meta name=\"twitter:data1\" content=\"1\u00a0Minute\" \/>\n<script type=\"application\/ld+json\" class=\"yoast-schema-graph\">{\"@context\":\"https:\\\/\\\/schema.org\",\"@graph\":[{\"@type\":\"WebPage\",\"@id\":\"https:\\\/\\\/www.terraaquatica.com\\\/de\\\/nutzliche-mikroorganismen\\\/trikologic-4\",\"url\":\"https:\\\/\\\/www.terraaquatica.com\\\/de\\\/nutzliche-mikroorganismen\\\/trikologic-4\",\"name\":\"TrikoLogic\u00ae - Terra Aquatica\",\"isPartOf\":{\"@id\":\"https:\\\/\\\/www.terraaquatica.com\\\/#website\"},\"primaryImageOfPage\":{\"@id\":\"https:\\\/\\\/www.terraaquatica.com\\\/de\\\/nutzliche-mikroorganismen\\\/trikologic-4#primaryimage\"},\"image\":{\"@id\":\"https:\\\/\\\/www.terraaquatica.com\\\/de\\\/nutzliche-mikroorganismen\\\/trikologic-4#primaryimage\"},\"thumbnailUrl\":\"https:\\\/\\\/www.terraaquatica.com\\\/wp-content\\\/uploads\\\/2019\\\/04\\\/trikologic-250g_0.jpg\",\"datePublished\":\"2018-05-28T15:31:38+00:00\",\"dateModified\":\"2023-09-14T13:50:06+00:00\",\"breadcrumb\":{\"@id\":\"https:\\\/\\\/www.terraaquatica.com\\\/de\\\/nutzliche-mikroorganismen\\\/trikologic-4#breadcrumb\"},\"inLanguage\":\"de\",\"potentialAction\":[{\"@type\":\"ReadAction\",\"target\":[\"https:\\\/\\\/www.terraaquatica.com\\\/de\\\/nutzliche-mikroorganismen\\\/trikologic-4\"]}]},{\"@type\":\"ImageObject\",\"inLanguage\":\"de\",\"@id\":\"https:\\\/\\\/www.terraaquatica.com\\\/de\\\/nutzliche-mikroorganismen\\\/trikologic-4#primaryimage\",\"url\":\"https:\\\/\\\/www.terraaquatica.com\\\/wp-content\\\/uploads\\\/2019\\\/04\\\/trikologic-250g_0.jpg\",\"contentUrl\":\"https:\\\/\\\/www.terraaquatica.com\\\/wp-content\\\/uploads\\\/2019\\\/04\\\/trikologic-250g_0.jpg\",\"width\":720,\"height\":720,\"caption\":\"Trikologic 250 Gr\"},{\"@type\":\"BreadcrumbList\",\"@id\":\"https:\\\/\\\/www.terraaquatica.com\\\/de\\\/nutzliche-mikroorganismen\\\/trikologic-4#breadcrumb\",\"itemListElement\":[{\"@type\":\"ListItem\",\"position\":1,\"name\":\"Accueil\",\"item\":\"https:\\\/\\\/www.terraaquatica.com\\\/de\\\/\"},{\"@type\":\"ListItem\",\"position\":2,\"name\":\"Products\",\"item\":\"https:\\\/\\\/www.terraaquatica.com\\\/de\\\/product\\\/\"},{\"@type\":\"ListItem\",\"position\":3,\"name\":\"TrikoLogic\u00ae\"}]},{\"@type\":\"WebSite\",\"@id\":\"https:\\\/\\\/www.terraaquatica.com\\\/#website\",\"url\":\"https:\\\/\\\/www.terraaquatica.com\\\/\",\"name\":\"Terra Aquatica\",\"description\":\"Engrais et syst\u00e8mes de culture depuis 1995\",\"publisher\":{\"@id\":\"https:\\\/\\\/www.terraaquatica.com\\\/#organization\"},\"potentialAction\":[{\"@type\":\"SearchAction\",\"target\":{\"@type\":\"EntryPoint\",\"urlTemplate\":\"https:\\\/\\\/www.terraaquatica.com\\\/?s={search_term_string}\"},\"query-input\":{\"@type\":\"PropertyValueSpecification\",\"valueRequired\":true,\"valueName\":\"search_term_string\"}}],\"inLanguage\":\"de\"},{\"@type\":\"Organization\",\"@id\":\"https:\\\/\\\/www.terraaquatica.com\\\/#organization\",\"name\":\"Terra Aquatica\",\"url\":\"https:\\\/\\\/www.terraaquatica.com\\\/\",\"logo\":{\"@type\":\"ImageObject\",\"inLanguage\":\"de\",\"@id\":\"https:\\\/\\\/www.terraaquatica.com\\\/#\\\/schema\\\/logo\\\/image\\\/\",\"url\":\"https:\\\/\\\/www.terraaquatica.com\\\/wp-content\\\/uploads\\\/2022\\\/03\\\/favicon-transpa-big.png\",\"contentUrl\":\"https:\\\/\\\/www.terraaquatica.com\\\/wp-content\\\/uploads\\\/2022\\\/03\\\/favicon-transpa-big.png\",\"width\":512,\"height\":512,\"caption\":\"Terra Aquatica\"},\"image\":{\"@id\":\"https:\\\/\\\/www.terraaquatica.com\\\/#\\\/schema\\\/logo\\\/image\\\/\"}}]}<\/script>\n<!-- \/ Yoast SEO plugin. -->","yoast_head_json":{"title":"TrikoLogic\u00ae - Terra Aquatica","robots":{"index":"index","follow":"follow","max-snippet":"max-snippet:-1","max-image-preview":"max-image-preview:large","max-video-preview":"max-video-preview:-1"},"canonical":"https:\/\/www.terraaquatica.com\/de\/nutzliche-mikroorganismen\/trikologic-4\/","og_locale":"de_DE","og_type":"article","og_title":"TrikoLogic\u00ae - Terra Aquatica","og_description":"Wichtiger Hilfsstoff im Bio-Anbau und Geheimwaffe aller Erwerbsanbauer. Trichoderma harzianum, die bei uns den Handelsnamen TrikoLogic\u00ae tr\u00e4gt, ist der erste [&hellip;]","og_url":"https:\/\/www.terraaquatica.com\/de\/nutzliche-mikroorganismen\/trikologic-4","og_site_name":"Terra Aquatica","article_modified_time":"2023-09-14T13:50:06+00:00","og_image":[{"width":720,"height":720,"url":"https:\/\/www.terraaquatica.com\/wp-content\/uploads\/2019\/04\/trikologic-250g_0.jpg","type":"image\/jpeg"}],"twitter_card":"summary_large_image","twitter_misc":{"Gesch\u00e4tzte Lesezeit":"1\u00a0Minute"},"schema":{"@context":"https:\/\/schema.org","@graph":[{"@type":"WebPage","@id":"https:\/\/www.terraaquatica.com\/de\/nutzliche-mikroorganismen\/trikologic-4","url":"https:\/\/www.terraaquatica.com\/de\/nutzliche-mikroorganismen\/trikologic-4","name":"TrikoLogic\u00ae - Terra Aquatica","isPartOf":{"@id":"https:\/\/www.terraaquatica.com\/#website"},"primaryImageOfPage":{"@id":"https:\/\/www.terraaquatica.com\/de\/nutzliche-mikroorganismen\/trikologic-4#primaryimage"},"image":{"@id":"https:\/\/www.terraaquatica.com\/de\/nutzliche-mikroorganismen\/trikologic-4#primaryimage"},"thumbnailUrl":"https:\/\/www.terraaquatica.com\/wp-content\/uploads\/2019\/04\/trikologic-250g_0.jpg","datePublished":"2018-05-28T15:31:38+00:00","dateModified":"2023-09-14T13:50:06+00:00","breadcrumb":{"@id":"https:\/\/www.terraaquatica.com\/de\/nutzliche-mikroorganismen\/trikologic-4#breadcrumb"},"inLanguage":"de","potentialAction":[{"@type":"ReadAction","target":["https:\/\/www.terraaquatica.com\/de\/nutzliche-mikroorganismen\/trikologic-4"]}]},{"@type":"ImageObject","inLanguage":"de","@id":"https:\/\/www.terraaquatica.com\/de\/nutzliche-mikroorganismen\/trikologic-4#primaryimage","url":"https:\/\/www.terraaquatica.com\/wp-content\/uploads\/2019\/04\/trikologic-250g_0.jpg","contentUrl":"https:\/\/www.terraaquatica.com\/wp-content\/uploads\/2019\/04\/trikologic-250g_0.jpg","width":720,"height":720,"caption":"Trikologic 250 Gr"},{"@type":"BreadcrumbList","@id":"https:\/\/www.terraaquatica.com\/de\/nutzliche-mikroorganismen\/trikologic-4#breadcrumb","itemListElement":[{"@type":"ListItem","position":1,"name":"Accueil","item":"https:\/\/www.terraaquatica.com\/de\/"},{"@type":"ListItem","position":2,"name":"Products","item":"https:\/\/www.terraaquatica.com\/de\/product\/"},{"@type":"ListItem","position":3,"name":"TrikoLogic\u00ae"}]},{"@type":"WebSite","@id":"https:\/\/www.terraaquatica.com\/#website","url":"https:\/\/www.terraaquatica.com\/","name":"Terra Aquatica","description":"Engrais et syst\u00e8mes de culture depuis 1995","publisher":{"@id":"https:\/\/www.terraaquatica.com\/#organization"},"potentialAction":[{"@type":"SearchAction","target":{"@type":"EntryPoint","urlTemplate":"https:\/\/www.terraaquatica.com\/?s={search_term_string}"},"query-input":{"@type":"PropertyValueSpecification","valueRequired":true,"valueName":"search_term_string"}}],"inLanguage":"de"},{"@type":"Organization","@id":"https:\/\/www.terraaquatica.com\/#organization","name":"Terra Aquatica","url":"https:\/\/www.terraaquatica.com\/","logo":{"@type":"ImageObject","inLanguage":"de","@id":"https:\/\/www.terraaquatica.com\/#\/schema\/logo\/image\/","url":"https:\/\/www.terraaquatica.com\/wp-content\/uploads\/2022\/03\/favicon-transpa-big.png","contentUrl":"https:\/\/www.terraaquatica.com\/wp-content\/uploads\/2022\/03\/favicon-transpa-big.png","width":512,"height":512,"caption":"Terra Aquatica"},"image":{"@id":"https:\/\/www.terraaquatica.com\/#\/schema\/logo\/image\/"}}]}},"_links":{"self":[{"href":"https:\/\/www.terraaquatica.com\/de\/wp-json\/wp\/v2\/product\/1877","targetHints":{"allow":["GET"]}}],"collection":[{"href":"https:\/\/www.terraaquatica.com\/de\/wp-json\/wp\/v2\/product"}],"about":[{"href":"https:\/\/www.terraaquatica.com\/de\/wp-json\/wp\/v2\/types\/product"}],"author":[{"embeddable":true,"href":"https:\/\/www.terraaquatica.com\/de\/wp-json\/wp\/v2\/users\/3"}],"wp:featuredmedia":[{"embeddable":true,"href":"https:\/\/www.terraaquatica.com\/de\/wp-json\/wp\/v2\/media\/1671"}],"wp:attachment":[{"href":"https:\/\/www.terraaquatica.com\/de\/wp-json\/wp\/v2\/media?parent=1877"}],"wp:term":[{"taxonomy":"m_thode_de_culture","embeddable":true,"href":"https:\/\/www.terraaquatica.com\/de\/wp-json\/wp\/v2\/m_thode_de_culture?post=1877"},{"taxonomy":"substrat","embeddable":true,"href":"https:\/\/www.terraaquatica.com\/de\/wp-json\/wp\/v2\/substrat?post=1877"},{"taxonomy":"product_category","embeddable":true,"href":"https:\/\/www.terraaquatica.com\/de\/wp-json\/wp\/v2\/product_category?post=1877"}],"curies":[{"name":"wp","href":"https:\/\/api.w.org\/{rel}","templated":true}]}}