{"id":1879,"date":"2018-05-28T17:47:27","date_gmt":"2018-05-28T15:47:27","guid":{"rendered":"https:\/\/www.terraaquatica.com\/produits\/regul_ph-html-4\/"},"modified":"2023-09-14T15:30:32","modified_gmt":"2023-09-14T13:30:32","slug":"regul_ph-html-4","status":"publish","type":"product","link":"https:\/\/www.terraaquatica.com\/de\/ph-steuerung\/regul_ph-html-4","title":{"rendered":"pH Regulatoren"},"content":{"rendered":"<p><a href=\"http:\/\/www.terraaquatica.com\/\" target=\"_blank\" rel=\"noopener\"><img decoding=\"async\" class=\" alignleft size-full wp-image-1616\" style=\"opacity: 0.9; float: left; width: 250px; height: 250px;\" src=\"https:\/\/www.terraaquatica.com\/wp-content\/uploads\/2017\/06\/colerette.png\" alt=\"\"><\/a>Nichts bekommt Pflanzen so gut wie ein optimaler pH-Wert. Ein hoher pH f\u00f6rdert die Kationenaufnahme, ein niedriger die Anionenaufnahme : der eingestellte Wert ist stets ein Kompromiss zwischen zwei Extremen. Meist wird eine Bandbreite von 5,5 bis 6,5 empfohlen. Wir raten zu einem Wert im unteren Bereich von 5,5 bis h\u00f6chstens 6,2.<\/p>\n<h2>pH-<\/h2>\n<p><strong>Zuverl\u00e4ssige pH-Wert-Kontrolle und -Pufferung f\u00fcr Hydroponik, Kokosfaser und Erde<\/strong><\/p>\n<p><em>Terra Aquatica pH- kann mehr als eine reine S\u00e4ure : es leistet einen wichtigen Beitrag zur N\u00e4hrstoffbalance der L\u00f6sung.<\/em><\/p>\n<p>F\u00fcr die Herstellung von Terra Aquatica pH- kombinieren wir die St\u00e4rken dreier S\u00e4uren, die in der Hydroponik meist einzeln eingesetzt werden, was Nachteile hat, zu einer ausgewogenen Mischung, die nur Vorz\u00fcge hat.<\/p>\n<p>Phosphor- und Salpeters\u00e4ure \u00fcbernehmen bei Terra Aquatica pH- die Hauptaufgabe, den pH-Wert am Anfang zu regulieren. Ihr Verh\u00e4ltnis ist so abgestimmt, dass es in der Wachstums- und Bl\u00fctephase keinen Einfluss auf das N\/K-Verh\u00e4ltnis hat und sich keine R\u00fcckst\u00e4nde an der Tankoberfl\u00e4che bilden, was mit Phosphors\u00e4ure allein in hartem Wasser passiert. Dann \u00fcbernimmt biologische Zitronens\u00e4ure die Regie. Sie gleicht dank ihrer Pufferwirkung im weiteren Verlauf auftretende pH-Schwankungen aus, h\u00e4lt die N\u00e4hrl\u00f6sung stabil und kompensiert in Gegenden mit hartem Wasser Calcium\u00fcbersch\u00fcsse.<\/p>\n<h2>pH+<\/h2>\n<p><strong>Zuverl\u00e4ssige pH-Wert-Kontrolle und Kiesels\u00e4ureversorgung f\u00fcr Hydroponik, Kokosfaser und Erde<\/strong><\/p>\n<p><em>Zur gleichzeitigen pH-Regulierung und Kiesels\u00e4ureversorgung.<\/em><\/p>\n<p>So absurd es f\u00fcr G\u00e4rtner klingen mag, die mit hartem Wasser vorlieb nehmen m\u00fcssen : bei sehr weichem oder im Umkehrosmoseger\u00e4t gefiltertem Wasser ist eine pH-Korrektur nach oben unerl\u00e4sslich. Terra Aquatica pH+ hebt den pH-Wert an und ist zugleich eine zuverl\u00e4ssige Quelle f\u00fcr die Versorgung mit Kiesels\u00e4ure, die in der Hydroponik oft Mangelware ist, weil Silikate kaum l\u00f6slich sind. Und weil Kiesels\u00e4ure einen wesentlichen Beitrag zur Gesundheit von Pflanzen leistet, reichern wir unsere Produkte wann immer m\u00f6glich damit an.<\/p>\n<h2>pH- Powder<\/h2>\n<p><strong>Einzigartiges pH-Korrekturmittel in Pulverform f\u00fcr Hydroponik, Kokosfaser und Erde<\/strong><\/p>\n<p>Das einzige als Pulver erh\u00e4ltliche pH-Korrekturmittel des Marktes Branchenweit einzigartig : pH- Pulver, im Lieferzustand chemisch inaktiv, entfaltet seine S\u00e4urewirkung erst nach dem Verr\u00fchren mit Wasser. Die pH-Wert-Korrektur ist eine der Hauptaufgaben des Indoor\u00ad G\u00e4rtners. Bei richtig eingestelltem pH sind Mineralstoffe pflanzenverf\u00fcgbar und Chelate stabil. Die Versendung s\u00e4urehaltiger pH-Senker auf dem Postweg ist jedoch riskant und deshalb in manchen L\u00e4ndern verboten. Mit seinem versand- und transportfreundlichen pH- Pulver hat Terra Aquatica eine patente L\u00f6sung f\u00fcr dieses Problem entwickelt.<\/p>\n<p>Neben der eigentlichen pH-Wert-Steuerung kommt pH- Pulver (hochdosiert) auch zur Reinigung und Desinfektion von Leitungen und anderen Systemkomponenten, als Blattspray (schwach dosiert) zum Entfernen von Pestizidr\u00fcckst\u00e4nden und als Booster zum Einsatz, der Pflanzen mit folgenden N\u00e4hrstoffen versorgt :<\/p>\n<ul>\n<li>Nitrate in einer Darreichungsform, die das Wachstum unterst\u00fctzt, ohne die Bl\u00fctenbildung zu beeintr\u00e4chtigen,<\/li>\n<li>Phosphate zur Steigerung der Bl\u00fctenbildung, St\u00e4rkung der Wurzeln, Ausbildung \u00fcppiger Bl\u00e4tter und Unterst\u00fctzung eines gleichm\u00e4\u00dfigen Wachstums.<\/li>\n<\/ul>\n<div><\/div>\n","protected":false},"author":3,"template":"","meta":{"_acf_changed":false},"m_thode_de_culture":[31,32],"substrat":[299,300,301],"product_category":[265],"class_list":["post-1879","product","type-product","status-publish","has-post-thumbnail","hentry","m_thode_de_culture-mineral-en","m_thode_de_culture-organic-en","substrat-coco","substrat-hydro","substrat-soil","product_category-ph-steuerung"],"acf":[],"yoast_head":"<!-- This site is optimized with the Yoast SEO plugin v27.3 - https:\/\/yoast.com\/product\/yoast-seo-wordpress\/ -->\n<title>pH Regulatoren - Terra Aquatica<\/title>\n<meta name=\"robots\" content=\"index, follow, max-snippet:-1, max-image-preview:large, max-video-preview:-1\" \/>\n<link rel=\"canonical\" href=\"https:\/\/www.terraaquatica.com\/de\/ph-steuerung\/regul_ph-html-4\/\" \/>\n<meta property=\"og:locale\" content=\"de_DE\" \/>\n<meta property=\"og:type\" content=\"article\" \/>\n<meta property=\"og:title\" content=\"pH Regulatoren - Terra Aquatica\" \/>\n<meta property=\"og:description\" content=\"Nichts bekommt Pflanzen so gut wie ein optimaler pH-Wert. Ein hoher pH f\u00f6rdert die Kationenaufnahme, ein niedriger die Anionenaufnahme : [&hellip;]\" \/>\n<meta property=\"og:url\" content=\"https:\/\/www.terraaquatica.com\/de\/ph-steuerung\/regul_ph-html-4\" \/>\n<meta property=\"og:site_name\" content=\"Terra Aquatica\" \/>\n<meta property=\"article:modified_time\" content=\"2023-09-14T13:30:32+00:00\" \/>\n<meta property=\"og:image\" content=\"https:\/\/www.terraaquatica.com\/wp-content\/uploads\/2020\/02\/ph-duo.jpg\" \/>\n\t<meta property=\"og:image:width\" content=\"720\" \/>\n\t<meta property=\"og:image:height\" content=\"720\" \/>\n\t<meta property=\"og:image:type\" content=\"image\/jpeg\" \/>\n<meta name=\"twitter:card\" content=\"summary_large_image\" \/>\n<meta name=\"twitter:label1\" content=\"Gesch\u00e4tzte Lesezeit\" \/>\n\t<meta name=\"twitter:data1\" content=\"3\u00a0Minuten\" \/>\n<script type=\"application\/ld+json\" class=\"yoast-schema-graph\">{\"@context\":\"https:\\\/\\\/schema.org\",\"@graph\":[{\"@type\":\"WebPage\",\"@id\":\"https:\\\/\\\/www.terraaquatica.com\\\/de\\\/ph-steuerung\\\/regul_ph-html-4\",\"url\":\"https:\\\/\\\/www.terraaquatica.com\\\/de\\\/ph-steuerung\\\/regul_ph-html-4\",\"name\":\"pH Regulatoren - Terra Aquatica\",\"isPartOf\":{\"@id\":\"https:\\\/\\\/www.terraaquatica.com\\\/#website\"},\"primaryImageOfPage\":{\"@id\":\"https:\\\/\\\/www.terraaquatica.com\\\/de\\\/ph-steuerung\\\/regul_ph-html-4#primaryimage\"},\"image\":{\"@id\":\"https:\\\/\\\/www.terraaquatica.com\\\/de\\\/ph-steuerung\\\/regul_ph-html-4#primaryimage\"},\"thumbnailUrl\":\"https:\\\/\\\/www.terraaquatica.com\\\/wp-content\\\/uploads\\\/2020\\\/02\\\/ph-duo.jpg\",\"datePublished\":\"2018-05-28T15:47:27+00:00\",\"dateModified\":\"2023-09-14T13:30:32+00:00\",\"breadcrumb\":{\"@id\":\"https:\\\/\\\/www.terraaquatica.com\\\/de\\\/ph-steuerung\\\/regul_ph-html-4#breadcrumb\"},\"inLanguage\":\"de\",\"potentialAction\":[{\"@type\":\"ReadAction\",\"target\":[\"https:\\\/\\\/www.terraaquatica.com\\\/de\\\/ph-steuerung\\\/regul_ph-html-4\"]}]},{\"@type\":\"ImageObject\",\"inLanguage\":\"de\",\"@id\":\"https:\\\/\\\/www.terraaquatica.com\\\/de\\\/ph-steuerung\\\/regul_ph-html-4#primaryimage\",\"url\":\"https:\\\/\\\/www.terraaquatica.com\\\/wp-content\\\/uploads\\\/2020\\\/02\\\/ph-duo.jpg\",\"contentUrl\":\"https:\\\/\\\/www.terraaquatica.com\\\/wp-content\\\/uploads\\\/2020\\\/02\\\/ph-duo.jpg\",\"width\":720,\"height\":720,\"caption\":\"pH - - pH + 1L\"},{\"@type\":\"BreadcrumbList\",\"@id\":\"https:\\\/\\\/www.terraaquatica.com\\\/de\\\/ph-steuerung\\\/regul_ph-html-4#breadcrumb\",\"itemListElement\":[{\"@type\":\"ListItem\",\"position\":1,\"name\":\"Accueil\",\"item\":\"https:\\\/\\\/www.terraaquatica.com\\\/de\\\/\"},{\"@type\":\"ListItem\",\"position\":2,\"name\":\"Products\",\"item\":\"https:\\\/\\\/www.terraaquatica.com\\\/de\\\/product\\\/\"},{\"@type\":\"ListItem\",\"position\":3,\"name\":\"pH Regulatoren\"}]},{\"@type\":\"WebSite\",\"@id\":\"https:\\\/\\\/www.terraaquatica.com\\\/#website\",\"url\":\"https:\\\/\\\/www.terraaquatica.com\\\/\",\"name\":\"Terra Aquatica\",\"description\":\"Engrais et syst\u00e8mes de culture depuis 1995\",\"publisher\":{\"@id\":\"https:\\\/\\\/www.terraaquatica.com\\\/#organization\"},\"potentialAction\":[{\"@type\":\"SearchAction\",\"target\":{\"@type\":\"EntryPoint\",\"urlTemplate\":\"https:\\\/\\\/www.terraaquatica.com\\\/?s={search_term_string}\"},\"query-input\":{\"@type\":\"PropertyValueSpecification\",\"valueRequired\":true,\"valueName\":\"search_term_string\"}}],\"inLanguage\":\"de\"},{\"@type\":\"Organization\",\"@id\":\"https:\\\/\\\/www.terraaquatica.com\\\/#organization\",\"name\":\"Terra Aquatica\",\"url\":\"https:\\\/\\\/www.terraaquatica.com\\\/\",\"logo\":{\"@type\":\"ImageObject\",\"inLanguage\":\"de\",\"@id\":\"https:\\\/\\\/www.terraaquatica.com\\\/#\\\/schema\\\/logo\\\/image\\\/\",\"url\":\"https:\\\/\\\/www.terraaquatica.com\\\/wp-content\\\/uploads\\\/2022\\\/03\\\/favicon-transpa-big.png\",\"contentUrl\":\"https:\\\/\\\/www.terraaquatica.com\\\/wp-content\\\/uploads\\\/2022\\\/03\\\/favicon-transpa-big.png\",\"width\":512,\"height\":512,\"caption\":\"Terra Aquatica\"},\"image\":{\"@id\":\"https:\\\/\\\/www.terraaquatica.com\\\/#\\\/schema\\\/logo\\\/image\\\/\"}}]}<\/script>\n<!-- \/ Yoast SEO plugin. -->","yoast_head_json":{"title":"pH Regulatoren - Terra Aquatica","robots":{"index":"index","follow":"follow","max-snippet":"max-snippet:-1","max-image-preview":"max-image-preview:large","max-video-preview":"max-video-preview:-1"},"canonical":"https:\/\/www.terraaquatica.com\/de\/ph-steuerung\/regul_ph-html-4\/","og_locale":"de_DE","og_type":"article","og_title":"pH Regulatoren - Terra Aquatica","og_description":"Nichts bekommt Pflanzen so gut wie ein optimaler pH-Wert. Ein hoher pH f\u00f6rdert die Kationenaufnahme, ein niedriger die Anionenaufnahme : [&hellip;]","og_url":"https:\/\/www.terraaquatica.com\/de\/ph-steuerung\/regul_ph-html-4","og_site_name":"Terra Aquatica","article_modified_time":"2023-09-14T13:30:32+00:00","og_image":[{"width":720,"height":720,"url":"https:\/\/www.terraaquatica.com\/wp-content\/uploads\/2020\/02\/ph-duo.jpg","type":"image\/jpeg"}],"twitter_card":"summary_large_image","twitter_misc":{"Gesch\u00e4tzte Lesezeit":"3\u00a0Minuten"},"schema":{"@context":"https:\/\/schema.org","@graph":[{"@type":"WebPage","@id":"https:\/\/www.terraaquatica.com\/de\/ph-steuerung\/regul_ph-html-4","url":"https:\/\/www.terraaquatica.com\/de\/ph-steuerung\/regul_ph-html-4","name":"pH Regulatoren - Terra Aquatica","isPartOf":{"@id":"https:\/\/www.terraaquatica.com\/#website"},"primaryImageOfPage":{"@id":"https:\/\/www.terraaquatica.com\/de\/ph-steuerung\/regul_ph-html-4#primaryimage"},"image":{"@id":"https:\/\/www.terraaquatica.com\/de\/ph-steuerung\/regul_ph-html-4#primaryimage"},"thumbnailUrl":"https:\/\/www.terraaquatica.com\/wp-content\/uploads\/2020\/02\/ph-duo.jpg","datePublished":"2018-05-28T15:47:27+00:00","dateModified":"2023-09-14T13:30:32+00:00","breadcrumb":{"@id":"https:\/\/www.terraaquatica.com\/de\/ph-steuerung\/regul_ph-html-4#breadcrumb"},"inLanguage":"de","potentialAction":[{"@type":"ReadAction","target":["https:\/\/www.terraaquatica.com\/de\/ph-steuerung\/regul_ph-html-4"]}]},{"@type":"ImageObject","inLanguage":"de","@id":"https:\/\/www.terraaquatica.com\/de\/ph-steuerung\/regul_ph-html-4#primaryimage","url":"https:\/\/www.terraaquatica.com\/wp-content\/uploads\/2020\/02\/ph-duo.jpg","contentUrl":"https:\/\/www.terraaquatica.com\/wp-content\/uploads\/2020\/02\/ph-duo.jpg","width":720,"height":720,"caption":"pH - - pH + 1L"},{"@type":"BreadcrumbList","@id":"https:\/\/www.terraaquatica.com\/de\/ph-steuerung\/regul_ph-html-4#breadcrumb","itemListElement":[{"@type":"ListItem","position":1,"name":"Accueil","item":"https:\/\/www.terraaquatica.com\/de\/"},{"@type":"ListItem","position":2,"name":"Products","item":"https:\/\/www.terraaquatica.com\/de\/product\/"},{"@type":"ListItem","position":3,"name":"pH Regulatoren"}]},{"@type":"WebSite","@id":"https:\/\/www.terraaquatica.com\/#website","url":"https:\/\/www.terraaquatica.com\/","name":"Terra Aquatica","description":"Engrais et syst\u00e8mes de culture depuis 1995","publisher":{"@id":"https:\/\/www.terraaquatica.com\/#organization"},"potentialAction":[{"@type":"SearchAction","target":{"@type":"EntryPoint","urlTemplate":"https:\/\/www.terraaquatica.com\/?s={search_term_string}"},"query-input":{"@type":"PropertyValueSpecification","valueRequired":true,"valueName":"search_term_string"}}],"inLanguage":"de"},{"@type":"Organization","@id":"https:\/\/www.terraaquatica.com\/#organization","name":"Terra Aquatica","url":"https:\/\/www.terraaquatica.com\/","logo":{"@type":"ImageObject","inLanguage":"de","@id":"https:\/\/www.terraaquatica.com\/#\/schema\/logo\/image\/","url":"https:\/\/www.terraaquatica.com\/wp-content\/uploads\/2022\/03\/favicon-transpa-big.png","contentUrl":"https:\/\/www.terraaquatica.com\/wp-content\/uploads\/2022\/03\/favicon-transpa-big.png","width":512,"height":512,"caption":"Terra Aquatica"},"image":{"@id":"https:\/\/www.terraaquatica.com\/#\/schema\/logo\/image\/"}}]}},"_links":{"self":[{"href":"https:\/\/www.terraaquatica.com\/de\/wp-json\/wp\/v2\/product\/1879","targetHints":{"allow":["GET"]}}],"collection":[{"href":"https:\/\/www.terraaquatica.com\/de\/wp-json\/wp\/v2\/product"}],"about":[{"href":"https:\/\/www.terraaquatica.com\/de\/wp-json\/wp\/v2\/types\/product"}],"author":[{"embeddable":true,"href":"https:\/\/www.terraaquatica.com\/de\/wp-json\/wp\/v2\/users\/3"}],"wp:featuredmedia":[{"embeddable":true,"href":"https:\/\/www.terraaquatica.com\/de\/wp-json\/wp\/v2\/media\/1733"}],"wp:attachment":[{"href":"https:\/\/www.terraaquatica.com\/de\/wp-json\/wp\/v2\/media?parent=1879"}],"wp:term":[{"taxonomy":"m_thode_de_culture","embeddable":true,"href":"https:\/\/www.terraaquatica.com\/de\/wp-json\/wp\/v2\/m_thode_de_culture?post=1879"},{"taxonomy":"substrat","embeddable":true,"href":"https:\/\/www.terraaquatica.com\/de\/wp-json\/wp\/v2\/substrat?post=1879"},{"taxonomy":"product_category","embeddable":true,"href":"https:\/\/www.terraaquatica.com\/de\/wp-json\/wp\/v2\/product_category?post=1879"}],"curies":[{"name":"wp","href":"https:\/\/api.w.org\/{rel}","templated":true}]}}