{"id":1881,"date":"2018-05-28T18:00:14","date_gmt":"2018-05-28T16:00:14","guid":{"rendered":"https:\/\/www.terraaquatica.com\/produits\/pro-organic-4\/"},"modified":"2025-03-06T10:34:04","modified_gmt":"2025-03-06T09:34:04","slug":"pro-organic-4","status":"publish","type":"product","link":"https:\/\/www.terraaquatica.com\/de\/organischer-volldunger\/pro-organic-4","title":{"rendered":"Pro Organic"},"content":{"rendered":"<p><em>Der erste und einzige Bio-zertifizierte Vollwert-D\u00fcnger f\u00fcr beliebige Substrate<\/em><\/p>\n<p>Mit einem Erfahrungsbackground, der auf das Jahr 2004 zur\u00fcckgeht, kommt Pro Organic seit vielen Jahren im Erwerbsanbau zum Einsatz. So auch bei unserem Gesch\u00e4ftspartner Les Sourciers. Pro Organic ist sowohl f\u00fcr Hobbyg\u00e4rtner als auch f\u00fcr Profis eine praktische und h\u00f6chst effiziente L\u00f6sung, um Pflanzen biologisch zu ern\u00e4hren.<\/p>\n<p>Pro Organic-Produkte sind so formuliert, dass sie den N\u00e4hrstoffbedarf der Pflanze in allen Entwicklungsstadien \u2013 Wachstum, Bl\u00fcte, Fruchtbildung- abdecken. Unsere nach \u00f6kologischen Grunds\u00e4tzen zusammengestellten Rezepturen sind umwelt\u00advertr\u00e4glich und stellen Pflanzen eine ausgewogene, effiziente Nahrung bereit. Pro Organic ern\u00e4hrt Mikroben, die in Symbiose mit Ihren Pflanzen leben, und tr\u00e4gt so aktiv zur Verbesserung der Wurzelumgebung bei. So wird die f\u00fcr gesundes Wachstum und \u00fcppige Bl\u00fcten-\/ Fruchtbildung n\u00f6tige Nahrung bereitgestellt und Umgebung geschaffen. Pro Organic ist f\u00fcr alle Arten von Pflanzen geeignet und wirkt als allein eingesetzter \u201eVollwert-D\u00fcnger\u201c wahre Wunder. Damit ist ein D\u00fcnger gemeint, der auch ohne Zus\u00e4tze in fast jeder Wasserqualit\u00e4t ertragreiche Ernten erm\u00f6glicht.* Pro Organic ist sehr gut l\u00f6slich und sowohl f\u00fcr automatische und Tropfbew\u00e4sserungssysteme als auch f\u00fcr das Gie\u00dfen von Hand geeignet und der einzige f\u00fcr <a href=\"https:\/\/www.terraaquatica.com\/de\/was-ist-bioponik\/\">Bioponik<\/a> (Bio-Hydroponik mit frei schwimmenden Wurzeln und R\u00fccklauf) zertifizierte D\u00fcnger. F\u00fcr noch h\u00f6here Leistungen und noch mehr Flexibilit\u00e4t bei der Leistungsoptimierung umfasst das organische T.A.-Sortiment auch eine erg\u00e4nzende Linie von Bio-Zusatzstoffen. N\u00fctzliche Mikroorganismen, die Sie ben\u00f6tigen, um auch ohne gute Erde Bio-Anbau betreiben zu k\u00f6nnen, finden Sie \u2013 in erstklassiger Qualit\u00e4t \u2013 ebenfalls bei uns.<\/p>\n<p><strong>Das ist der einzige fl\u00fcssige D\u00fcnger, der 100% f\u00fcr die biologische Landwirtschaft geeignet ist, gem\u00e4\u00df den Vorschriften (EU) Nr. 2018\/848 und 2021\/1165.<\/strong><\/p>\n<h4>*Hinweis : Beim Anbau in weichem Wasser oder Kokosfaser kann zus\u00e4tzliches Calcium\/Magnesium erforderlich sein. Wir empfehlen Terra Aquatica <a href=\"https:\/\/www.terraaquatica.com\/de\/spezialdunger-und-nahrstoffzusatze\/calcium-magnesium-supplement-4\/\">Calcium Magnesium Supplement<\/a><\/h4>\n\n\n<div data-wp-interactive=\"core\/file\" class=\"wp-block-file\"><object data-wp-bind--hidden=\"!state.hasPdfPreview\" hidden class=\"wp-block-file__embed\" data=\"https:\/\/www.terraaquatica.com\/wp-content\/uploads\/2018\/05\/ProOrganic_DE.pdf\" type=\"application\/pdf\" style=\"width:100%;height:600px\" aria-label=\"Einbettung von ProOrganic_DE.\"><\/object><a id=\"wp-block-file--media-1c062d53-6f27-4df0-a71b-b9bfe154e8ad\" href=\"https:\/\/www.terraaquatica.com\/wp-content\/uploads\/2018\/05\/ProOrganic_DE.pdf\">ProOrganic_DE<\/a><a href=\"https:\/\/www.terraaquatica.com\/wp-content\/uploads\/2018\/05\/ProOrganic_DE.pdf\" class=\"wp-block-file__button wp-element-button\" download aria-describedby=\"wp-block-file--media-1c062d53-6f27-4df0-a71b-b9bfe154e8ad\">Download<\/a><\/div>\n","protected":false},"author":3,"template":"","meta":{"_acf_changed":true},"m_thode_de_culture":[32],"substrat":[302,299,300,301],"product_category":[266],"class_list":["post-1881","product","type-product","status-publish","has-post-thumbnail","hentry","m_thode_de_culture-organic-en","substrat-bioponics","substrat-coco","substrat-hydro","substrat-soil","product_category-organischer-volldunger"],"acf":[],"yoast_head":"<!-- This site is optimized with the Yoast SEO plugin v27.3 - https:\/\/yoast.com\/product\/yoast-seo-wordpress\/ -->\n<title>Pro Organic - Terra Aquatica<\/title>\n<meta name=\"robots\" content=\"index, follow, max-snippet:-1, max-image-preview:large, max-video-preview:-1\" \/>\n<link rel=\"canonical\" href=\"https:\/\/www.terraaquatica.com\/de\/organischer-volldunger\/pro-organic-4\/\" \/>\n<meta property=\"og:locale\" content=\"de_DE\" \/>\n<meta property=\"og:type\" content=\"article\" \/>\n<meta property=\"og:title\" content=\"Pro Organic - Terra Aquatica\" \/>\n<meta property=\"og:description\" content=\"Der erste und einzige Bio-zertifizierte Vollwert-D\u00fcnger f\u00fcr beliebige Substrate Mit einem Erfahrungsbackground, der auf das Jahr 2004 zur\u00fcckgeht, kommt Pro [&hellip;]\" \/>\n<meta property=\"og:url\" content=\"https:\/\/www.terraaquatica.com\/de\/organischer-volldunger\/pro-organic-4\" \/>\n<meta property=\"og:site_name\" content=\"Terra Aquatica\" \/>\n<meta property=\"article:modified_time\" content=\"2025-03-06T09:34:04+00:00\" \/>\n<meta property=\"og:image\" content=\"https:\/\/www.terraaquatica.com\/wp-content\/uploads\/2019\/03\/pro-organic.png\" \/>\n\t<meta property=\"og:image:width\" content=\"720\" \/>\n\t<meta property=\"og:image:height\" content=\"720\" \/>\n\t<meta property=\"og:image:type\" content=\"image\/png\" \/>\n<meta name=\"twitter:card\" content=\"summary_large_image\" \/>\n<meta name=\"twitter:label1\" content=\"Gesch\u00e4tzte Lesezeit\" \/>\n\t<meta name=\"twitter:data1\" content=\"2\u00a0Minuten\" \/>\n<script type=\"application\/ld+json\" class=\"yoast-schema-graph\">{\"@context\":\"https:\\\/\\\/schema.org\",\"@graph\":[{\"@type\":\"WebPage\",\"@id\":\"https:\\\/\\\/www.terraaquatica.com\\\/de\\\/organischer-volldunger\\\/pro-organic-4\",\"url\":\"https:\\\/\\\/www.terraaquatica.com\\\/de\\\/organischer-volldunger\\\/pro-organic-4\",\"name\":\"Pro Organic - Terra Aquatica\",\"isPartOf\":{\"@id\":\"https:\\\/\\\/www.terraaquatica.com\\\/#website\"},\"primaryImageOfPage\":{\"@id\":\"https:\\\/\\\/www.terraaquatica.com\\\/de\\\/organischer-volldunger\\\/pro-organic-4#primaryimage\"},\"image\":{\"@id\":\"https:\\\/\\\/www.terraaquatica.com\\\/de\\\/organischer-volldunger\\\/pro-organic-4#primaryimage\"},\"thumbnailUrl\":\"https:\\\/\\\/www.terraaquatica.com\\\/wp-content\\\/uploads\\\/2019\\\/03\\\/pro-organic.png\",\"datePublished\":\"2018-05-28T16:00:14+00:00\",\"dateModified\":\"2025-03-06T09:34:04+00:00\",\"breadcrumb\":{\"@id\":\"https:\\\/\\\/www.terraaquatica.com\\\/de\\\/organischer-volldunger\\\/pro-organic-4#breadcrumb\"},\"inLanguage\":\"de\",\"potentialAction\":[{\"@type\":\"ReadAction\",\"target\":[\"https:\\\/\\\/www.terraaquatica.com\\\/de\\\/organischer-volldunger\\\/pro-organic-4\"]}]},{\"@type\":\"ImageObject\",\"inLanguage\":\"de\",\"@id\":\"https:\\\/\\\/www.terraaquatica.com\\\/de\\\/organischer-volldunger\\\/pro-organic-4#primaryimage\",\"url\":\"https:\\\/\\\/www.terraaquatica.com\\\/wp-content\\\/uploads\\\/2019\\\/03\\\/pro-organic.png\",\"contentUrl\":\"https:\\\/\\\/www.terraaquatica.com\\\/wp-content\\\/uploads\\\/2019\\\/03\\\/pro-organic.png\",\"width\":720,\"height\":720,\"caption\":\"Pro Organic\"},{\"@type\":\"BreadcrumbList\",\"@id\":\"https:\\\/\\\/www.terraaquatica.com\\\/de\\\/organischer-volldunger\\\/pro-organic-4#breadcrumb\",\"itemListElement\":[{\"@type\":\"ListItem\",\"position\":1,\"name\":\"Accueil\",\"item\":\"https:\\\/\\\/www.terraaquatica.com\\\/de\\\/\"},{\"@type\":\"ListItem\",\"position\":2,\"name\":\"Products\",\"item\":\"https:\\\/\\\/www.terraaquatica.com\\\/de\\\/product\\\/\"},{\"@type\":\"ListItem\",\"position\":3,\"name\":\"Pro Organic\"}]},{\"@type\":\"WebSite\",\"@id\":\"https:\\\/\\\/www.terraaquatica.com\\\/#website\",\"url\":\"https:\\\/\\\/www.terraaquatica.com\\\/\",\"name\":\"Terra Aquatica\",\"description\":\"Engrais et syst\u00e8mes de culture depuis 1995\",\"publisher\":{\"@id\":\"https:\\\/\\\/www.terraaquatica.com\\\/#organization\"},\"potentialAction\":[{\"@type\":\"SearchAction\",\"target\":{\"@type\":\"EntryPoint\",\"urlTemplate\":\"https:\\\/\\\/www.terraaquatica.com\\\/?s={search_term_string}\"},\"query-input\":{\"@type\":\"PropertyValueSpecification\",\"valueRequired\":true,\"valueName\":\"search_term_string\"}}],\"inLanguage\":\"de\"},{\"@type\":\"Organization\",\"@id\":\"https:\\\/\\\/www.terraaquatica.com\\\/#organization\",\"name\":\"Terra Aquatica\",\"url\":\"https:\\\/\\\/www.terraaquatica.com\\\/\",\"logo\":{\"@type\":\"ImageObject\",\"inLanguage\":\"de\",\"@id\":\"https:\\\/\\\/www.terraaquatica.com\\\/#\\\/schema\\\/logo\\\/image\\\/\",\"url\":\"https:\\\/\\\/www.terraaquatica.com\\\/wp-content\\\/uploads\\\/2022\\\/03\\\/favicon-transpa-big.png\",\"contentUrl\":\"https:\\\/\\\/www.terraaquatica.com\\\/wp-content\\\/uploads\\\/2022\\\/03\\\/favicon-transpa-big.png\",\"width\":512,\"height\":512,\"caption\":\"Terra Aquatica\"},\"image\":{\"@id\":\"https:\\\/\\\/www.terraaquatica.com\\\/#\\\/schema\\\/logo\\\/image\\\/\"}}]}<\/script>\n<!-- \/ Yoast SEO plugin. -->","yoast_head_json":{"title":"Pro Organic - Terra Aquatica","robots":{"index":"index","follow":"follow","max-snippet":"max-snippet:-1","max-image-preview":"max-image-preview:large","max-video-preview":"max-video-preview:-1"},"canonical":"https:\/\/www.terraaquatica.com\/de\/organischer-volldunger\/pro-organic-4\/","og_locale":"de_DE","og_type":"article","og_title":"Pro Organic - Terra Aquatica","og_description":"Der erste und einzige Bio-zertifizierte Vollwert-D\u00fcnger f\u00fcr beliebige Substrate Mit einem Erfahrungsbackground, der auf das Jahr 2004 zur\u00fcckgeht, kommt Pro [&hellip;]","og_url":"https:\/\/www.terraaquatica.com\/de\/organischer-volldunger\/pro-organic-4","og_site_name":"Terra Aquatica","article_modified_time":"2025-03-06T09:34:04+00:00","og_image":[{"width":720,"height":720,"url":"https:\/\/www.terraaquatica.com\/wp-content\/uploads\/2019\/03\/pro-organic.png","type":"image\/png"}],"twitter_card":"summary_large_image","twitter_misc":{"Gesch\u00e4tzte Lesezeit":"2\u00a0Minuten"},"schema":{"@context":"https:\/\/schema.org","@graph":[{"@type":"WebPage","@id":"https:\/\/www.terraaquatica.com\/de\/organischer-volldunger\/pro-organic-4","url":"https:\/\/www.terraaquatica.com\/de\/organischer-volldunger\/pro-organic-4","name":"Pro Organic - Terra Aquatica","isPartOf":{"@id":"https:\/\/www.terraaquatica.com\/#website"},"primaryImageOfPage":{"@id":"https:\/\/www.terraaquatica.com\/de\/organischer-volldunger\/pro-organic-4#primaryimage"},"image":{"@id":"https:\/\/www.terraaquatica.com\/de\/organischer-volldunger\/pro-organic-4#primaryimage"},"thumbnailUrl":"https:\/\/www.terraaquatica.com\/wp-content\/uploads\/2019\/03\/pro-organic.png","datePublished":"2018-05-28T16:00:14+00:00","dateModified":"2025-03-06T09:34:04+00:00","breadcrumb":{"@id":"https:\/\/www.terraaquatica.com\/de\/organischer-volldunger\/pro-organic-4#breadcrumb"},"inLanguage":"de","potentialAction":[{"@type":"ReadAction","target":["https:\/\/www.terraaquatica.com\/de\/organischer-volldunger\/pro-organic-4"]}]},{"@type":"ImageObject","inLanguage":"de","@id":"https:\/\/www.terraaquatica.com\/de\/organischer-volldunger\/pro-organic-4#primaryimage","url":"https:\/\/www.terraaquatica.com\/wp-content\/uploads\/2019\/03\/pro-organic.png","contentUrl":"https:\/\/www.terraaquatica.com\/wp-content\/uploads\/2019\/03\/pro-organic.png","width":720,"height":720,"caption":"Pro Organic"},{"@type":"BreadcrumbList","@id":"https:\/\/www.terraaquatica.com\/de\/organischer-volldunger\/pro-organic-4#breadcrumb","itemListElement":[{"@type":"ListItem","position":1,"name":"Accueil","item":"https:\/\/www.terraaquatica.com\/de\/"},{"@type":"ListItem","position":2,"name":"Products","item":"https:\/\/www.terraaquatica.com\/de\/product\/"},{"@type":"ListItem","position":3,"name":"Pro Organic"}]},{"@type":"WebSite","@id":"https:\/\/www.terraaquatica.com\/#website","url":"https:\/\/www.terraaquatica.com\/","name":"Terra Aquatica","description":"Engrais et syst\u00e8mes de culture depuis 1995","publisher":{"@id":"https:\/\/www.terraaquatica.com\/#organization"},"potentialAction":[{"@type":"SearchAction","target":{"@type":"EntryPoint","urlTemplate":"https:\/\/www.terraaquatica.com\/?s={search_term_string}"},"query-input":{"@type":"PropertyValueSpecification","valueRequired":true,"valueName":"search_term_string"}}],"inLanguage":"de"},{"@type":"Organization","@id":"https:\/\/www.terraaquatica.com\/#organization","name":"Terra Aquatica","url":"https:\/\/www.terraaquatica.com\/","logo":{"@type":"ImageObject","inLanguage":"de","@id":"https:\/\/www.terraaquatica.com\/#\/schema\/logo\/image\/","url":"https:\/\/www.terraaquatica.com\/wp-content\/uploads\/2022\/03\/favicon-transpa-big.png","contentUrl":"https:\/\/www.terraaquatica.com\/wp-content\/uploads\/2022\/03\/favicon-transpa-big.png","width":512,"height":512,"caption":"Terra Aquatica"},"image":{"@id":"https:\/\/www.terraaquatica.com\/#\/schema\/logo\/image\/"}}]}},"_links":{"self":[{"href":"https:\/\/www.terraaquatica.com\/de\/wp-json\/wp\/v2\/product\/1881","targetHints":{"allow":["GET"]}}],"collection":[{"href":"https:\/\/www.terraaquatica.com\/de\/wp-json\/wp\/v2\/product"}],"about":[{"href":"https:\/\/www.terraaquatica.com\/de\/wp-json\/wp\/v2\/types\/product"}],"author":[{"embeddable":true,"href":"https:\/\/www.terraaquatica.com\/de\/wp-json\/wp\/v2\/users\/3"}],"wp:featuredmedia":[{"embeddable":true,"href":"https:\/\/www.terraaquatica.com\/de\/wp-json\/wp\/v2\/media\/1674"}],"wp:attachment":[{"href":"https:\/\/www.terraaquatica.com\/de\/wp-json\/wp\/v2\/media?parent=1881"}],"wp:term":[{"taxonomy":"m_thode_de_culture","embeddable":true,"href":"https:\/\/www.terraaquatica.com\/de\/wp-json\/wp\/v2\/m_thode_de_culture?post=1881"},{"taxonomy":"substrat","embeddable":true,"href":"https:\/\/www.terraaquatica.com\/de\/wp-json\/wp\/v2\/substrat?post=1881"},{"taxonomy":"product_category","embeddable":true,"href":"https:\/\/www.terraaquatica.com\/de\/wp-json\/wp\/v2\/product_category?post=1881"}],"curies":[{"name":"wp","href":"https:\/\/api.w.org\/{rel}","templated":true}]}}