{"id":1883,"date":"2018-05-30T08:44:35","date_gmt":"2018-05-30T06:44:35","guid":{"rendered":"https:\/\/www.terraaquatica.com\/produits\/bloom-booster-4\/"},"modified":"2024-09-10T10:24:49","modified_gmt":"2024-09-10T08:24:49","slug":"bloom-booster-4","status":"publish","type":"product","link":"https:\/\/www.terraaquatica.com\/de\/organisches-biostimulanzmittel-fur-die-blute-fruchtbildung\/bloom-booster-4","title":{"rendered":"Bloom Booster"},"content":{"rendered":"<p><em>Bringt die Bl\u00fcten- und Fruchtbildung nat\u00fcrlich auf Hochtouren<\/em><\/p>\n<p>Bloom Booster eist ein starker Bl\u00fctenstimulator, der die Bl\u00fcten- und Fruchtbildung durch Anregung des Pflanzenstoffwechsels und der Mineralstoffaufnahme mit Bio-Stimulanzien und biologischen Transportbeschleunigern statt synthetischen Wachstumsregulatoren auf Hochtouren bringt.<\/p>\n<p>So entstehen in der f\u00fcr den Ernteertrag ausschlaggebenden Phase der Bl\u00fcten- und Fruchtbildung \u00fcppige, dicht gepackte Bl\u00fctengruppen. Das Ergebnis : spektakul\u00e4re Bl\u00fctenpracht und Fr\u00fcchte mit mehr Geschmack.<\/p>\n<p>Bloom Booster bringt das genetische Potential der Pflanzen auf nat\u00fcrliche Weise zur vollen Entfaltung.<\/p>\n","protected":false},"author":3,"template":"","meta":{"_acf_changed":true},"m_thode_de_culture":[31,32],"substrat":[302,299,300,301,303],"product_category":[268],"class_list":["post-1883","product","type-product","status-publish","has-post-thumbnail","hentry","m_thode_de_culture-mineral-en","m_thode_de_culture-organic-en","substrat-bioponics","substrat-coco","substrat-hydro","substrat-soil","substrat-spray","product_category-organisches-biostimulanzmittel-fur-die-blute-fruchtbildung"],"acf":[],"yoast_head":"<!-- This site is optimized with the Yoast SEO plugin v27.3 - https:\/\/yoast.com\/product\/yoast-seo-wordpress\/ -->\n<title>Bloom Booster - Terra Aquatica<\/title>\n<meta name=\"robots\" content=\"index, follow, max-snippet:-1, max-image-preview:large, max-video-preview:-1\" \/>\n<link rel=\"canonical\" href=\"https:\/\/www.terraaquatica.com\/de\/organisches-biostimulanzmittel-fur-die-blute-fruchtbildung\/bloom-booster-4\/\" \/>\n<meta property=\"og:locale\" content=\"de_DE\" \/>\n<meta property=\"og:type\" content=\"article\" \/>\n<meta property=\"og:title\" content=\"Bloom Booster - Terra Aquatica\" \/>\n<meta property=\"og:description\" content=\"Bringt die Bl\u00fcten- und Fruchtbildung nat\u00fcrlich auf Hochtouren Bloom Booster eist ein starker Bl\u00fctenstimulator, der die Bl\u00fcten- und Fruchtbildung durch [&hellip;]\" \/>\n<meta property=\"og:url\" content=\"https:\/\/www.terraaquatica.com\/de\/organisches-biostimulanzmittel-fur-die-blute-fruchtbildung\/bloom-booster-4\" \/>\n<meta property=\"og:site_name\" content=\"Terra Aquatica\" \/>\n<meta property=\"article:modified_time\" content=\"2024-09-10T08:24:49+00:00\" \/>\n<meta property=\"og:image\" content=\"https:\/\/www.terraaquatica.com\/wp-content\/uploads\/2019\/03\/bloombooster-1l.jpg\" \/>\n\t<meta property=\"og:image:width\" content=\"720\" \/>\n\t<meta property=\"og:image:height\" content=\"720\" \/>\n\t<meta property=\"og:image:type\" content=\"image\/jpeg\" \/>\n<meta name=\"twitter:card\" content=\"summary_large_image\" \/>\n<meta name=\"twitter:label1\" content=\"Gesch\u00e4tzte Lesezeit\" \/>\n\t<meta name=\"twitter:data1\" content=\"1\u00a0Minute\" \/>\n<script type=\"application\/ld+json\" class=\"yoast-schema-graph\">{\"@context\":\"https:\\\/\\\/schema.org\",\"@graph\":[{\"@type\":\"WebPage\",\"@id\":\"https:\\\/\\\/www.terraaquatica.com\\\/de\\\/organisches-biostimulanzmittel-fur-die-blute-fruchtbildung\\\/bloom-booster-4\",\"url\":\"https:\\\/\\\/www.terraaquatica.com\\\/de\\\/organisches-biostimulanzmittel-fur-die-blute-fruchtbildung\\\/bloom-booster-4\",\"name\":\"Bloom Booster - Terra Aquatica\",\"isPartOf\":{\"@id\":\"https:\\\/\\\/www.terraaquatica.com\\\/#website\"},\"primaryImageOfPage\":{\"@id\":\"https:\\\/\\\/www.terraaquatica.com\\\/de\\\/organisches-biostimulanzmittel-fur-die-blute-fruchtbildung\\\/bloom-booster-4#primaryimage\"},\"image\":{\"@id\":\"https:\\\/\\\/www.terraaquatica.com\\\/de\\\/organisches-biostimulanzmittel-fur-die-blute-fruchtbildung\\\/bloom-booster-4#primaryimage\"},\"thumbnailUrl\":\"https:\\\/\\\/www.terraaquatica.com\\\/wp-content\\\/uploads\\\/2019\\\/03\\\/bloombooster-1l.jpg\",\"datePublished\":\"2018-05-30T06:44:35+00:00\",\"dateModified\":\"2024-09-10T08:24:49+00:00\",\"breadcrumb\":{\"@id\":\"https:\\\/\\\/www.terraaquatica.com\\\/de\\\/organisches-biostimulanzmittel-fur-die-blute-fruchtbildung\\\/bloom-booster-4#breadcrumb\"},\"inLanguage\":\"de\",\"potentialAction\":[{\"@type\":\"ReadAction\",\"target\":[\"https:\\\/\\\/www.terraaquatica.com\\\/de\\\/organisches-biostimulanzmittel-fur-die-blute-fruchtbildung\\\/bloom-booster-4\"]}]},{\"@type\":\"ImageObject\",\"inLanguage\":\"de\",\"@id\":\"https:\\\/\\\/www.terraaquatica.com\\\/de\\\/organisches-biostimulanzmittel-fur-die-blute-fruchtbildung\\\/bloom-booster-4#primaryimage\",\"url\":\"https:\\\/\\\/www.terraaquatica.com\\\/wp-content\\\/uploads\\\/2019\\\/03\\\/bloombooster-1l.jpg\",\"contentUrl\":\"https:\\\/\\\/www.terraaquatica.com\\\/wp-content\\\/uploads\\\/2019\\\/03\\\/bloombooster-1l.jpg\",\"width\":720,\"height\":720,\"caption\":\"Bloom Booster\"},{\"@type\":\"BreadcrumbList\",\"@id\":\"https:\\\/\\\/www.terraaquatica.com\\\/de\\\/organisches-biostimulanzmittel-fur-die-blute-fruchtbildung\\\/bloom-booster-4#breadcrumb\",\"itemListElement\":[{\"@type\":\"ListItem\",\"position\":1,\"name\":\"Accueil\",\"item\":\"https:\\\/\\\/www.terraaquatica.com\\\/de\\\/\"},{\"@type\":\"ListItem\",\"position\":2,\"name\":\"Products\",\"item\":\"https:\\\/\\\/www.terraaquatica.com\\\/de\\\/product\\\/\"},{\"@type\":\"ListItem\",\"position\":3,\"name\":\"Bloom Booster\"}]},{\"@type\":\"WebSite\",\"@id\":\"https:\\\/\\\/www.terraaquatica.com\\\/#website\",\"url\":\"https:\\\/\\\/www.terraaquatica.com\\\/\",\"name\":\"Terra Aquatica\",\"description\":\"Engrais et syst\u00e8mes de culture depuis 1995\",\"publisher\":{\"@id\":\"https:\\\/\\\/www.terraaquatica.com\\\/#organization\"},\"potentialAction\":[{\"@type\":\"SearchAction\",\"target\":{\"@type\":\"EntryPoint\",\"urlTemplate\":\"https:\\\/\\\/www.terraaquatica.com\\\/?s={search_term_string}\"},\"query-input\":{\"@type\":\"PropertyValueSpecification\",\"valueRequired\":true,\"valueName\":\"search_term_string\"}}],\"inLanguage\":\"de\"},{\"@type\":\"Organization\",\"@id\":\"https:\\\/\\\/www.terraaquatica.com\\\/#organization\",\"name\":\"Terra Aquatica\",\"url\":\"https:\\\/\\\/www.terraaquatica.com\\\/\",\"logo\":{\"@type\":\"ImageObject\",\"inLanguage\":\"de\",\"@id\":\"https:\\\/\\\/www.terraaquatica.com\\\/#\\\/schema\\\/logo\\\/image\\\/\",\"url\":\"https:\\\/\\\/www.terraaquatica.com\\\/wp-content\\\/uploads\\\/2022\\\/03\\\/favicon-transpa-big.png\",\"contentUrl\":\"https:\\\/\\\/www.terraaquatica.com\\\/wp-content\\\/uploads\\\/2022\\\/03\\\/favicon-transpa-big.png\",\"width\":512,\"height\":512,\"caption\":\"Terra Aquatica\"},\"image\":{\"@id\":\"https:\\\/\\\/www.terraaquatica.com\\\/#\\\/schema\\\/logo\\\/image\\\/\"}}]}<\/script>\n<!-- \/ Yoast SEO plugin. -->","yoast_head_json":{"title":"Bloom Booster - Terra Aquatica","robots":{"index":"index","follow":"follow","max-snippet":"max-snippet:-1","max-image-preview":"max-image-preview:large","max-video-preview":"max-video-preview:-1"},"canonical":"https:\/\/www.terraaquatica.com\/de\/organisches-biostimulanzmittel-fur-die-blute-fruchtbildung\/bloom-booster-4\/","og_locale":"de_DE","og_type":"article","og_title":"Bloom Booster - Terra Aquatica","og_description":"Bringt die Bl\u00fcten- und Fruchtbildung nat\u00fcrlich auf Hochtouren Bloom Booster eist ein starker Bl\u00fctenstimulator, der die Bl\u00fcten- und Fruchtbildung durch [&hellip;]","og_url":"https:\/\/www.terraaquatica.com\/de\/organisches-biostimulanzmittel-fur-die-blute-fruchtbildung\/bloom-booster-4","og_site_name":"Terra Aquatica","article_modified_time":"2024-09-10T08:24:49+00:00","og_image":[{"width":720,"height":720,"url":"https:\/\/www.terraaquatica.com\/wp-content\/uploads\/2019\/03\/bloombooster-1l.jpg","type":"image\/jpeg"}],"twitter_card":"summary_large_image","twitter_misc":{"Gesch\u00e4tzte Lesezeit":"1\u00a0Minute"},"schema":{"@context":"https:\/\/schema.org","@graph":[{"@type":"WebPage","@id":"https:\/\/www.terraaquatica.com\/de\/organisches-biostimulanzmittel-fur-die-blute-fruchtbildung\/bloom-booster-4","url":"https:\/\/www.terraaquatica.com\/de\/organisches-biostimulanzmittel-fur-die-blute-fruchtbildung\/bloom-booster-4","name":"Bloom Booster - Terra Aquatica","isPartOf":{"@id":"https:\/\/www.terraaquatica.com\/#website"},"primaryImageOfPage":{"@id":"https:\/\/www.terraaquatica.com\/de\/organisches-biostimulanzmittel-fur-die-blute-fruchtbildung\/bloom-booster-4#primaryimage"},"image":{"@id":"https:\/\/www.terraaquatica.com\/de\/organisches-biostimulanzmittel-fur-die-blute-fruchtbildung\/bloom-booster-4#primaryimage"},"thumbnailUrl":"https:\/\/www.terraaquatica.com\/wp-content\/uploads\/2019\/03\/bloombooster-1l.jpg","datePublished":"2018-05-30T06:44:35+00:00","dateModified":"2024-09-10T08:24:49+00:00","breadcrumb":{"@id":"https:\/\/www.terraaquatica.com\/de\/organisches-biostimulanzmittel-fur-die-blute-fruchtbildung\/bloom-booster-4#breadcrumb"},"inLanguage":"de","potentialAction":[{"@type":"ReadAction","target":["https:\/\/www.terraaquatica.com\/de\/organisches-biostimulanzmittel-fur-die-blute-fruchtbildung\/bloom-booster-4"]}]},{"@type":"ImageObject","inLanguage":"de","@id":"https:\/\/www.terraaquatica.com\/de\/organisches-biostimulanzmittel-fur-die-blute-fruchtbildung\/bloom-booster-4#primaryimage","url":"https:\/\/www.terraaquatica.com\/wp-content\/uploads\/2019\/03\/bloombooster-1l.jpg","contentUrl":"https:\/\/www.terraaquatica.com\/wp-content\/uploads\/2019\/03\/bloombooster-1l.jpg","width":720,"height":720,"caption":"Bloom Booster"},{"@type":"BreadcrumbList","@id":"https:\/\/www.terraaquatica.com\/de\/organisches-biostimulanzmittel-fur-die-blute-fruchtbildung\/bloom-booster-4#breadcrumb","itemListElement":[{"@type":"ListItem","position":1,"name":"Accueil","item":"https:\/\/www.terraaquatica.com\/de\/"},{"@type":"ListItem","position":2,"name":"Products","item":"https:\/\/www.terraaquatica.com\/de\/product\/"},{"@type":"ListItem","position":3,"name":"Bloom Booster"}]},{"@type":"WebSite","@id":"https:\/\/www.terraaquatica.com\/#website","url":"https:\/\/www.terraaquatica.com\/","name":"Terra Aquatica","description":"Engrais et syst\u00e8mes de culture depuis 1995","publisher":{"@id":"https:\/\/www.terraaquatica.com\/#organization"},"potentialAction":[{"@type":"SearchAction","target":{"@type":"EntryPoint","urlTemplate":"https:\/\/www.terraaquatica.com\/?s={search_term_string}"},"query-input":{"@type":"PropertyValueSpecification","valueRequired":true,"valueName":"search_term_string"}}],"inLanguage":"de"},{"@type":"Organization","@id":"https:\/\/www.terraaquatica.com\/#organization","name":"Terra Aquatica","url":"https:\/\/www.terraaquatica.com\/","logo":{"@type":"ImageObject","inLanguage":"de","@id":"https:\/\/www.terraaquatica.com\/#\/schema\/logo\/image\/","url":"https:\/\/www.terraaquatica.com\/wp-content\/uploads\/2022\/03\/favicon-transpa-big.png","contentUrl":"https:\/\/www.terraaquatica.com\/wp-content\/uploads\/2022\/03\/favicon-transpa-big.png","width":512,"height":512,"caption":"Terra Aquatica"},"image":{"@id":"https:\/\/www.terraaquatica.com\/#\/schema\/logo\/image\/"}}]}},"_links":{"self":[{"href":"https:\/\/www.terraaquatica.com\/de\/wp-json\/wp\/v2\/product\/1883","targetHints":{"allow":["GET"]}}],"collection":[{"href":"https:\/\/www.terraaquatica.com\/de\/wp-json\/wp\/v2\/product"}],"about":[{"href":"https:\/\/www.terraaquatica.com\/de\/wp-json\/wp\/v2\/types\/product"}],"author":[{"embeddable":true,"href":"https:\/\/www.terraaquatica.com\/de\/wp-json\/wp\/v2\/users\/3"}],"wp:featuredmedia":[{"embeddable":true,"href":"https:\/\/www.terraaquatica.com\/de\/wp-json\/wp\/v2\/media\/1687"}],"wp:attachment":[{"href":"https:\/\/www.terraaquatica.com\/de\/wp-json\/wp\/v2\/media?parent=1883"}],"wp:term":[{"taxonomy":"m_thode_de_culture","embeddable":true,"href":"https:\/\/www.terraaquatica.com\/de\/wp-json\/wp\/v2\/m_thode_de_culture?post=1883"},{"taxonomy":"substrat","embeddable":true,"href":"https:\/\/www.terraaquatica.com\/de\/wp-json\/wp\/v2\/substrat?post=1883"},{"taxonomy":"product_category","embeddable":true,"href":"https:\/\/www.terraaquatica.com\/de\/wp-json\/wp\/v2\/product_category?post=1883"}],"curies":[{"name":"wp","href":"https:\/\/api.w.org\/{rel}","templated":true}]}}