{"id":1884,"date":"2018-05-30T08:48:08","date_gmt":"2018-05-30T06:48:08","guid":{"rendered":"https:\/\/www.terraaquatica.com\/produits\/seaweed-4\/"},"modified":"2024-12-02T15:41:54","modified_gmt":"2024-12-02T14:41:54","slug":"seaweed-4","status":"publish","type":"product","link":"https:\/\/www.terraaquatica.com\/de\/organisches-universal-biostimulanzmittel\/seaweed-4","title":{"rendered":"Seaweed"},"content":{"rendered":"<p><em>Hochwirksamer Vorbl\u00fcte-Aktivator aus den reinsten Rohstoffquellen der Erde<\/em><\/p>\n<p>Seaweed ist ein 100 % nat\u00fcrliches Pflanzenst\u00e4rkungs- und Bodenverbesserungsmittel. Unterst\u00fctzt nicht nur das Wurzel- und Blattwachstum, sondern auch die Bl\u00fcte. Das Ergebnis sind gr\u00f6\u00dfere Bl\u00fcten und Fr\u00fcchte.<\/p>\n<p>Mit beliebigen D\u00fcngern kombiniert st\u00e4rkt Seaweed in Erde, Kokosfaser oder Hydroponik aufgezogene Pflanzen und unterst\u00fctzt gesundes Wachstum. Seit langem schon sind Meerespflanzen f\u00fcr ihre pflanzenst\u00e4rkende und stressabbauende Wirkung bekannt. Besonders wirksam ist Knotentang (Ascophyllum nodosum), den wir als einzige Zutat zur Herstellung von Seaweed aus den saubersten Gew\u00e4ssern der Erde beziehen und kalt pressen, um die darin enthaltenen Elemente \u2013 wie z. B. hochwertigen organischen Stickstoff \u2013 m\u00f6glichst schonend zu gewinnen.<\/p>\n<p>Als Blattanwendung f\u00f6rdert Seaweed die Knospenentwicklung, und die Anwendung w\u00e4hrend der Wachstums- und Vorbl\u00fctephase verringert die Gr\u00f6\u00dfe der Internodien.<\/p>\n<p>Seaweed ist besonders als Vorbl\u00fcteaktivator\/-booster hochwirksam.<\/p>\n<p><strong>Besondere Informationen:<\/strong> F\u00fcr unser Seaweed haben wir eine neue, konzentriertere Rohstoffquelle gew\u00e4hlt. Ihr Aussehen unterscheidet sich von der vorherigen Version. Sorgf\u00e4ltig ausgew\u00e4hlt und getestet, bietet es (noch) mehr Wirksamkeit!<\/p>\n","protected":false},"author":3,"template":"","meta":{"_acf_changed":true},"m_thode_de_culture":[31,32],"substrat":[302,299,300,301,303],"product_category":[269],"class_list":["post-1884","product","type-product","status-publish","has-post-thumbnail","hentry","m_thode_de_culture-mineral-en","m_thode_de_culture-organic-en","substrat-bioponics","substrat-coco","substrat-hydro","substrat-soil","substrat-spray","product_category-organisches-universal-biostimulanzmittel"],"acf":[],"yoast_head":"<!-- This site is optimized with the Yoast SEO plugin v27.3 - https:\/\/yoast.com\/product\/yoast-seo-wordpress\/ -->\n<title>Seaweed - Terra Aquatica<\/title>\n<meta name=\"robots\" content=\"index, follow, max-snippet:-1, max-image-preview:large, max-video-preview:-1\" \/>\n<link rel=\"canonical\" href=\"https:\/\/www.terraaquatica.com\/de\/organisches-universal-biostimulanzmittel\/seaweed-4\/\" \/>\n<meta property=\"og:locale\" content=\"de_DE\" \/>\n<meta property=\"og:type\" content=\"article\" \/>\n<meta property=\"og:title\" content=\"Seaweed - Terra Aquatica\" \/>\n<meta property=\"og:description\" content=\"Hochwirksamer Vorbl\u00fcte-Aktivator aus den reinsten Rohstoffquellen der Erde Seaweed ist ein 100 % nat\u00fcrliches Pflanzenst\u00e4rkungs- und Bodenverbesserungsmittel. Unterst\u00fctzt nicht nur [&hellip;]\" \/>\n<meta property=\"og:url\" content=\"https:\/\/www.terraaquatica.com\/de\/organisches-universal-biostimulanzmittel\/seaweed-4\" \/>\n<meta property=\"og:site_name\" content=\"Terra Aquatica\" \/>\n<meta property=\"article:modified_time\" content=\"2024-12-02T14:41:54+00:00\" \/>\n<meta property=\"og:image\" content=\"https:\/\/www.terraaquatica.com\/wp-content\/uploads\/2019\/03\/seaweed-1l.jpg\" \/>\n\t<meta property=\"og:image:width\" content=\"720\" \/>\n\t<meta property=\"og:image:height\" content=\"720\" \/>\n\t<meta property=\"og:image:type\" content=\"image\/jpeg\" \/>\n<meta name=\"twitter:card\" content=\"summary_large_image\" \/>\n<meta name=\"twitter:label1\" content=\"Gesch\u00e4tzte Lesezeit\" \/>\n\t<meta name=\"twitter:data1\" content=\"1\u00a0Minute\" \/>\n<script type=\"application\/ld+json\" class=\"yoast-schema-graph\">{\"@context\":\"https:\\\/\\\/schema.org\",\"@graph\":[{\"@type\":\"WebPage\",\"@id\":\"https:\\\/\\\/www.terraaquatica.com\\\/de\\\/organisches-universal-biostimulanzmittel\\\/seaweed-4\",\"url\":\"https:\\\/\\\/www.terraaquatica.com\\\/de\\\/organisches-universal-biostimulanzmittel\\\/seaweed-4\",\"name\":\"Seaweed - Terra Aquatica\",\"isPartOf\":{\"@id\":\"https:\\\/\\\/www.terraaquatica.com\\\/#website\"},\"primaryImageOfPage\":{\"@id\":\"https:\\\/\\\/www.terraaquatica.com\\\/de\\\/organisches-universal-biostimulanzmittel\\\/seaweed-4#primaryimage\"},\"image\":{\"@id\":\"https:\\\/\\\/www.terraaquatica.com\\\/de\\\/organisches-universal-biostimulanzmittel\\\/seaweed-4#primaryimage\"},\"thumbnailUrl\":\"https:\\\/\\\/www.terraaquatica.com\\\/wp-content\\\/uploads\\\/2019\\\/03\\\/seaweed-1l.jpg\",\"datePublished\":\"2018-05-30T06:48:08+00:00\",\"dateModified\":\"2024-12-02T14:41:54+00:00\",\"breadcrumb\":{\"@id\":\"https:\\\/\\\/www.terraaquatica.com\\\/de\\\/organisches-universal-biostimulanzmittel\\\/seaweed-4#breadcrumb\"},\"inLanguage\":\"de\",\"potentialAction\":[{\"@type\":\"ReadAction\",\"target\":[\"https:\\\/\\\/www.terraaquatica.com\\\/de\\\/organisches-universal-biostimulanzmittel\\\/seaweed-4\"]}]},{\"@type\":\"ImageObject\",\"inLanguage\":\"de\",\"@id\":\"https:\\\/\\\/www.terraaquatica.com\\\/de\\\/organisches-universal-biostimulanzmittel\\\/seaweed-4#primaryimage\",\"url\":\"https:\\\/\\\/www.terraaquatica.com\\\/wp-content\\\/uploads\\\/2019\\\/03\\\/seaweed-1l.jpg\",\"contentUrl\":\"https:\\\/\\\/www.terraaquatica.com\\\/wp-content\\\/uploads\\\/2019\\\/03\\\/seaweed-1l.jpg\",\"width\":720,\"height\":720,\"caption\":\"Seaweed\"},{\"@type\":\"BreadcrumbList\",\"@id\":\"https:\\\/\\\/www.terraaquatica.com\\\/de\\\/organisches-universal-biostimulanzmittel\\\/seaweed-4#breadcrumb\",\"itemListElement\":[{\"@type\":\"ListItem\",\"position\":1,\"name\":\"Accueil\",\"item\":\"https:\\\/\\\/www.terraaquatica.com\\\/de\\\/\"},{\"@type\":\"ListItem\",\"position\":2,\"name\":\"Products\",\"item\":\"https:\\\/\\\/www.terraaquatica.com\\\/de\\\/product\\\/\"},{\"@type\":\"ListItem\",\"position\":3,\"name\":\"Seaweed\"}]},{\"@type\":\"WebSite\",\"@id\":\"https:\\\/\\\/www.terraaquatica.com\\\/#website\",\"url\":\"https:\\\/\\\/www.terraaquatica.com\\\/\",\"name\":\"Terra Aquatica\",\"description\":\"Engrais et syst\u00e8mes de culture depuis 1995\",\"publisher\":{\"@id\":\"https:\\\/\\\/www.terraaquatica.com\\\/#organization\"},\"potentialAction\":[{\"@type\":\"SearchAction\",\"target\":{\"@type\":\"EntryPoint\",\"urlTemplate\":\"https:\\\/\\\/www.terraaquatica.com\\\/?s={search_term_string}\"},\"query-input\":{\"@type\":\"PropertyValueSpecification\",\"valueRequired\":true,\"valueName\":\"search_term_string\"}}],\"inLanguage\":\"de\"},{\"@type\":\"Organization\",\"@id\":\"https:\\\/\\\/www.terraaquatica.com\\\/#organization\",\"name\":\"Terra Aquatica\",\"url\":\"https:\\\/\\\/www.terraaquatica.com\\\/\",\"logo\":{\"@type\":\"ImageObject\",\"inLanguage\":\"de\",\"@id\":\"https:\\\/\\\/www.terraaquatica.com\\\/#\\\/schema\\\/logo\\\/image\\\/\",\"url\":\"https:\\\/\\\/www.terraaquatica.com\\\/wp-content\\\/uploads\\\/2022\\\/03\\\/favicon-transpa-big.png\",\"contentUrl\":\"https:\\\/\\\/www.terraaquatica.com\\\/wp-content\\\/uploads\\\/2022\\\/03\\\/favicon-transpa-big.png\",\"width\":512,\"height\":512,\"caption\":\"Terra Aquatica\"},\"image\":{\"@id\":\"https:\\\/\\\/www.terraaquatica.com\\\/#\\\/schema\\\/logo\\\/image\\\/\"}}]}<\/script>\n<!-- \/ Yoast SEO plugin. -->","yoast_head_json":{"title":"Seaweed - Terra Aquatica","robots":{"index":"index","follow":"follow","max-snippet":"max-snippet:-1","max-image-preview":"max-image-preview:large","max-video-preview":"max-video-preview:-1"},"canonical":"https:\/\/www.terraaquatica.com\/de\/organisches-universal-biostimulanzmittel\/seaweed-4\/","og_locale":"de_DE","og_type":"article","og_title":"Seaweed - Terra Aquatica","og_description":"Hochwirksamer Vorbl\u00fcte-Aktivator aus den reinsten Rohstoffquellen der Erde Seaweed ist ein 100 % nat\u00fcrliches Pflanzenst\u00e4rkungs- und Bodenverbesserungsmittel. Unterst\u00fctzt nicht nur [&hellip;]","og_url":"https:\/\/www.terraaquatica.com\/de\/organisches-universal-biostimulanzmittel\/seaweed-4","og_site_name":"Terra Aquatica","article_modified_time":"2024-12-02T14:41:54+00:00","og_image":[{"width":720,"height":720,"url":"https:\/\/www.terraaquatica.com\/wp-content\/uploads\/2019\/03\/seaweed-1l.jpg","type":"image\/jpeg"}],"twitter_card":"summary_large_image","twitter_misc":{"Gesch\u00e4tzte Lesezeit":"1\u00a0Minute"},"schema":{"@context":"https:\/\/schema.org","@graph":[{"@type":"WebPage","@id":"https:\/\/www.terraaquatica.com\/de\/organisches-universal-biostimulanzmittel\/seaweed-4","url":"https:\/\/www.terraaquatica.com\/de\/organisches-universal-biostimulanzmittel\/seaweed-4","name":"Seaweed - Terra Aquatica","isPartOf":{"@id":"https:\/\/www.terraaquatica.com\/#website"},"primaryImageOfPage":{"@id":"https:\/\/www.terraaquatica.com\/de\/organisches-universal-biostimulanzmittel\/seaweed-4#primaryimage"},"image":{"@id":"https:\/\/www.terraaquatica.com\/de\/organisches-universal-biostimulanzmittel\/seaweed-4#primaryimage"},"thumbnailUrl":"https:\/\/www.terraaquatica.com\/wp-content\/uploads\/2019\/03\/seaweed-1l.jpg","datePublished":"2018-05-30T06:48:08+00:00","dateModified":"2024-12-02T14:41:54+00:00","breadcrumb":{"@id":"https:\/\/www.terraaquatica.com\/de\/organisches-universal-biostimulanzmittel\/seaweed-4#breadcrumb"},"inLanguage":"de","potentialAction":[{"@type":"ReadAction","target":["https:\/\/www.terraaquatica.com\/de\/organisches-universal-biostimulanzmittel\/seaweed-4"]}]},{"@type":"ImageObject","inLanguage":"de","@id":"https:\/\/www.terraaquatica.com\/de\/organisches-universal-biostimulanzmittel\/seaweed-4#primaryimage","url":"https:\/\/www.terraaquatica.com\/wp-content\/uploads\/2019\/03\/seaweed-1l.jpg","contentUrl":"https:\/\/www.terraaquatica.com\/wp-content\/uploads\/2019\/03\/seaweed-1l.jpg","width":720,"height":720,"caption":"Seaweed"},{"@type":"BreadcrumbList","@id":"https:\/\/www.terraaquatica.com\/de\/organisches-universal-biostimulanzmittel\/seaweed-4#breadcrumb","itemListElement":[{"@type":"ListItem","position":1,"name":"Accueil","item":"https:\/\/www.terraaquatica.com\/de\/"},{"@type":"ListItem","position":2,"name":"Products","item":"https:\/\/www.terraaquatica.com\/de\/product\/"},{"@type":"ListItem","position":3,"name":"Seaweed"}]},{"@type":"WebSite","@id":"https:\/\/www.terraaquatica.com\/#website","url":"https:\/\/www.terraaquatica.com\/","name":"Terra Aquatica","description":"Engrais et syst\u00e8mes de culture depuis 1995","publisher":{"@id":"https:\/\/www.terraaquatica.com\/#organization"},"potentialAction":[{"@type":"SearchAction","target":{"@type":"EntryPoint","urlTemplate":"https:\/\/www.terraaquatica.com\/?s={search_term_string}"},"query-input":{"@type":"PropertyValueSpecification","valueRequired":true,"valueName":"search_term_string"}}],"inLanguage":"de"},{"@type":"Organization","@id":"https:\/\/www.terraaquatica.com\/#organization","name":"Terra Aquatica","url":"https:\/\/www.terraaquatica.com\/","logo":{"@type":"ImageObject","inLanguage":"de","@id":"https:\/\/www.terraaquatica.com\/#\/schema\/logo\/image\/","url":"https:\/\/www.terraaquatica.com\/wp-content\/uploads\/2022\/03\/favicon-transpa-big.png","contentUrl":"https:\/\/www.terraaquatica.com\/wp-content\/uploads\/2022\/03\/favicon-transpa-big.png","width":512,"height":512,"caption":"Terra Aquatica"},"image":{"@id":"https:\/\/www.terraaquatica.com\/#\/schema\/logo\/image\/"}}]}},"_links":{"self":[{"href":"https:\/\/www.terraaquatica.com\/de\/wp-json\/wp\/v2\/product\/1884","targetHints":{"allow":["GET"]}}],"collection":[{"href":"https:\/\/www.terraaquatica.com\/de\/wp-json\/wp\/v2\/product"}],"about":[{"href":"https:\/\/www.terraaquatica.com\/de\/wp-json\/wp\/v2\/types\/product"}],"author":[{"embeddable":true,"href":"https:\/\/www.terraaquatica.com\/de\/wp-json\/wp\/v2\/users\/3"}],"wp:featuredmedia":[{"embeddable":true,"href":"https:\/\/www.terraaquatica.com\/de\/wp-json\/wp\/v2\/media\/1691"}],"wp:attachment":[{"href":"https:\/\/www.terraaquatica.com\/de\/wp-json\/wp\/v2\/media?parent=1884"}],"wp:term":[{"taxonomy":"m_thode_de_culture","embeddable":true,"href":"https:\/\/www.terraaquatica.com\/de\/wp-json\/wp\/v2\/m_thode_de_culture?post=1884"},{"taxonomy":"substrat","embeddable":true,"href":"https:\/\/www.terraaquatica.com\/de\/wp-json\/wp\/v2\/substrat?post=1884"},{"taxonomy":"product_category","embeddable":true,"href":"https:\/\/www.terraaquatica.com\/de\/wp-json\/wp\/v2\/product_category?post=1884"}],"curies":[{"name":"wp","href":"https:\/\/api.w.org\/{rel}","templated":true}]}}