{"id":1885,"date":"2018-05-30T08:51:07","date_gmt":"2018-05-30T06:51:07","guid":{"rendered":"https:\/\/www.terraaquatica.com\/produits\/urtimax-4\/"},"modified":"2024-09-10T11:24:21","modified_gmt":"2024-09-10T09:24:21","slug":"urtimax-4","status":"publish","type":"product","link":"https:\/\/www.terraaquatica.com\/de\/organisches-universal-biostimulanzmittel\/urtimax-4","title":{"rendered":"Urtimax\u00ae"},"content":{"rendered":"<p><em>Ob Chlorosebek\u00e4mpfung, Versorgung mit organischer Kiesels\u00e4ure, allgemeine St\u00e4rkung oder bedarfsgerechte Abwehr von Krankheiten : Urtimax\u00ae ist ein biologisches Allheilmittel.<\/em><\/p>\n<p>Urtimax\u00ae unterst\u00fctzt das Pflanzenwachstum, wirkt bei Blattchlorose und Mineralstoffmangel und erh\u00f6ht die Widerstandsf\u00e4higkeit gegen Krankheiten. Urtimax\u00ae ist eine hochwertige Brennnesseljauche. G\u00e4rtner setzen das nat\u00fcrliche Hilfsmittel schon seit Jahrhunderten, wenn nicht gar Jahrtausenden ein. Urtimax\u00ae wird durch Verg\u00e4rung von Brennnesseln in Wasser hergestellt. Es sch\u00fctzt und ern\u00e4hrt Pflanzen optimal.<\/p>\n<p>Brennnesseln enthalten au\u00dfergew\u00f6hnlich viel Kiesels\u00e4ure und Eisen, jede Menge Stickstoff, Kalium, Magnesium, Mikro- und Spurenelemente sowie Enzyme und st\u00e4rken ebenso wie Kelp das Immunsystem der Pflanzen und insbesondere ihre Widerstandsf\u00e4higkeit gegen Sch\u00e4dlinge und Krankheiten.<\/p>\n","protected":false},"author":3,"template":"","meta":{"_acf_changed":true},"m_thode_de_culture":[31,32],"substrat":[302,299,300,301,303],"product_category":[269],"class_list":["post-1885","product","type-product","status-publish","has-post-thumbnail","hentry","m_thode_de_culture-mineral-en","m_thode_de_culture-organic-en","substrat-bioponics","substrat-coco","substrat-hydro","substrat-soil","substrat-spray","product_category-organisches-universal-biostimulanzmittel"],"acf":[],"yoast_head":"<!-- This site is optimized with the Yoast SEO plugin v27.3 - https:\/\/yoast.com\/product\/yoast-seo-wordpress\/ -->\n<title>Urtimax\u00ae - Terra Aquatica<\/title>\n<meta name=\"robots\" content=\"index, follow, max-snippet:-1, max-image-preview:large, max-video-preview:-1\" \/>\n<link rel=\"canonical\" href=\"https:\/\/www.terraaquatica.com\/de\/organisches-universal-biostimulanzmittel\/urtimax-4\/\" \/>\n<meta property=\"og:locale\" content=\"de_DE\" \/>\n<meta property=\"og:type\" content=\"article\" \/>\n<meta property=\"og:title\" content=\"Urtimax\u00ae - Terra Aquatica\" \/>\n<meta property=\"og:description\" content=\"Ob Chlorosebek\u00e4mpfung, Versorgung mit organischer Kiesels\u00e4ure, allgemeine St\u00e4rkung oder bedarfsgerechte Abwehr von Krankheiten : Urtimax\u00ae ist ein biologisches Allheilmittel. Urtimax\u00ae [&hellip;]\" \/>\n<meta property=\"og:url\" content=\"https:\/\/www.terraaquatica.com\/de\/organisches-universal-biostimulanzmittel\/urtimax-4\" \/>\n<meta property=\"og:site_name\" content=\"Terra Aquatica\" \/>\n<meta property=\"article:modified_time\" content=\"2024-09-10T09:24:21+00:00\" \/>\n<meta property=\"og:image\" content=\"https:\/\/www.terraaquatica.com\/wp-content\/uploads\/2019\/03\/urtimax-1l.jpg\" \/>\n\t<meta property=\"og:image:width\" content=\"720\" \/>\n\t<meta property=\"og:image:height\" content=\"720\" \/>\n\t<meta property=\"og:image:type\" content=\"image\/jpeg\" \/>\n<meta name=\"twitter:card\" content=\"summary_large_image\" \/>\n<meta name=\"twitter:label1\" content=\"Gesch\u00e4tzte Lesezeit\" \/>\n\t<meta name=\"twitter:data1\" content=\"1\u00a0Minute\" \/>\n<script type=\"application\/ld+json\" class=\"yoast-schema-graph\">{\"@context\":\"https:\\\/\\\/schema.org\",\"@graph\":[{\"@type\":\"WebPage\",\"@id\":\"https:\\\/\\\/www.terraaquatica.com\\\/de\\\/organisches-universal-biostimulanzmittel\\\/urtimax-4\",\"url\":\"https:\\\/\\\/www.terraaquatica.com\\\/de\\\/organisches-universal-biostimulanzmittel\\\/urtimax-4\",\"name\":\"Urtimax\u00ae - Terra Aquatica\",\"isPartOf\":{\"@id\":\"https:\\\/\\\/www.terraaquatica.com\\\/#website\"},\"primaryImageOfPage\":{\"@id\":\"https:\\\/\\\/www.terraaquatica.com\\\/de\\\/organisches-universal-biostimulanzmittel\\\/urtimax-4#primaryimage\"},\"image\":{\"@id\":\"https:\\\/\\\/www.terraaquatica.com\\\/de\\\/organisches-universal-biostimulanzmittel\\\/urtimax-4#primaryimage\"},\"thumbnailUrl\":\"https:\\\/\\\/www.terraaquatica.com\\\/wp-content\\\/uploads\\\/2019\\\/03\\\/urtimax-1l.jpg\",\"datePublished\":\"2018-05-30T06:51:07+00:00\",\"dateModified\":\"2024-09-10T09:24:21+00:00\",\"breadcrumb\":{\"@id\":\"https:\\\/\\\/www.terraaquatica.com\\\/de\\\/organisches-universal-biostimulanzmittel\\\/urtimax-4#breadcrumb\"},\"inLanguage\":\"de\",\"potentialAction\":[{\"@type\":\"ReadAction\",\"target\":[\"https:\\\/\\\/www.terraaquatica.com\\\/de\\\/organisches-universal-biostimulanzmittel\\\/urtimax-4\"]}]},{\"@type\":\"ImageObject\",\"inLanguage\":\"de\",\"@id\":\"https:\\\/\\\/www.terraaquatica.com\\\/de\\\/organisches-universal-biostimulanzmittel\\\/urtimax-4#primaryimage\",\"url\":\"https:\\\/\\\/www.terraaquatica.com\\\/wp-content\\\/uploads\\\/2019\\\/03\\\/urtimax-1l.jpg\",\"contentUrl\":\"https:\\\/\\\/www.terraaquatica.com\\\/wp-content\\\/uploads\\\/2019\\\/03\\\/urtimax-1l.jpg\",\"width\":720,\"height\":720,\"caption\":\"Urtimax\"},{\"@type\":\"BreadcrumbList\",\"@id\":\"https:\\\/\\\/www.terraaquatica.com\\\/de\\\/organisches-universal-biostimulanzmittel\\\/urtimax-4#breadcrumb\",\"itemListElement\":[{\"@type\":\"ListItem\",\"position\":1,\"name\":\"Accueil\",\"item\":\"https:\\\/\\\/www.terraaquatica.com\\\/de\\\/\"},{\"@type\":\"ListItem\",\"position\":2,\"name\":\"Products\",\"item\":\"https:\\\/\\\/www.terraaquatica.com\\\/de\\\/product\\\/\"},{\"@type\":\"ListItem\",\"position\":3,\"name\":\"Urtimax\u00ae\"}]},{\"@type\":\"WebSite\",\"@id\":\"https:\\\/\\\/www.terraaquatica.com\\\/#website\",\"url\":\"https:\\\/\\\/www.terraaquatica.com\\\/\",\"name\":\"Terra Aquatica\",\"description\":\"Engrais et syst\u00e8mes de culture depuis 1995\",\"publisher\":{\"@id\":\"https:\\\/\\\/www.terraaquatica.com\\\/#organization\"},\"potentialAction\":[{\"@type\":\"SearchAction\",\"target\":{\"@type\":\"EntryPoint\",\"urlTemplate\":\"https:\\\/\\\/www.terraaquatica.com\\\/?s={search_term_string}\"},\"query-input\":{\"@type\":\"PropertyValueSpecification\",\"valueRequired\":true,\"valueName\":\"search_term_string\"}}],\"inLanguage\":\"de\"},{\"@type\":\"Organization\",\"@id\":\"https:\\\/\\\/www.terraaquatica.com\\\/#organization\",\"name\":\"Terra Aquatica\",\"url\":\"https:\\\/\\\/www.terraaquatica.com\\\/\",\"logo\":{\"@type\":\"ImageObject\",\"inLanguage\":\"de\",\"@id\":\"https:\\\/\\\/www.terraaquatica.com\\\/#\\\/schema\\\/logo\\\/image\\\/\",\"url\":\"https:\\\/\\\/www.terraaquatica.com\\\/wp-content\\\/uploads\\\/2022\\\/03\\\/favicon-transpa-big.png\",\"contentUrl\":\"https:\\\/\\\/www.terraaquatica.com\\\/wp-content\\\/uploads\\\/2022\\\/03\\\/favicon-transpa-big.png\",\"width\":512,\"height\":512,\"caption\":\"Terra Aquatica\"},\"image\":{\"@id\":\"https:\\\/\\\/www.terraaquatica.com\\\/#\\\/schema\\\/logo\\\/image\\\/\"}}]}<\/script>\n<!-- \/ Yoast SEO plugin. -->","yoast_head_json":{"title":"Urtimax\u00ae - Terra Aquatica","robots":{"index":"index","follow":"follow","max-snippet":"max-snippet:-1","max-image-preview":"max-image-preview:large","max-video-preview":"max-video-preview:-1"},"canonical":"https:\/\/www.terraaquatica.com\/de\/organisches-universal-biostimulanzmittel\/urtimax-4\/","og_locale":"de_DE","og_type":"article","og_title":"Urtimax\u00ae - Terra Aquatica","og_description":"Ob Chlorosebek\u00e4mpfung, Versorgung mit organischer Kiesels\u00e4ure, allgemeine St\u00e4rkung oder bedarfsgerechte Abwehr von Krankheiten : Urtimax\u00ae ist ein biologisches Allheilmittel. Urtimax\u00ae [&hellip;]","og_url":"https:\/\/www.terraaquatica.com\/de\/organisches-universal-biostimulanzmittel\/urtimax-4","og_site_name":"Terra Aquatica","article_modified_time":"2024-09-10T09:24:21+00:00","og_image":[{"width":720,"height":720,"url":"https:\/\/www.terraaquatica.com\/wp-content\/uploads\/2019\/03\/urtimax-1l.jpg","type":"image\/jpeg"}],"twitter_card":"summary_large_image","twitter_misc":{"Gesch\u00e4tzte Lesezeit":"1\u00a0Minute"},"schema":{"@context":"https:\/\/schema.org","@graph":[{"@type":"WebPage","@id":"https:\/\/www.terraaquatica.com\/de\/organisches-universal-biostimulanzmittel\/urtimax-4","url":"https:\/\/www.terraaquatica.com\/de\/organisches-universal-biostimulanzmittel\/urtimax-4","name":"Urtimax\u00ae - Terra Aquatica","isPartOf":{"@id":"https:\/\/www.terraaquatica.com\/#website"},"primaryImageOfPage":{"@id":"https:\/\/www.terraaquatica.com\/de\/organisches-universal-biostimulanzmittel\/urtimax-4#primaryimage"},"image":{"@id":"https:\/\/www.terraaquatica.com\/de\/organisches-universal-biostimulanzmittel\/urtimax-4#primaryimage"},"thumbnailUrl":"https:\/\/www.terraaquatica.com\/wp-content\/uploads\/2019\/03\/urtimax-1l.jpg","datePublished":"2018-05-30T06:51:07+00:00","dateModified":"2024-09-10T09:24:21+00:00","breadcrumb":{"@id":"https:\/\/www.terraaquatica.com\/de\/organisches-universal-biostimulanzmittel\/urtimax-4#breadcrumb"},"inLanguage":"de","potentialAction":[{"@type":"ReadAction","target":["https:\/\/www.terraaquatica.com\/de\/organisches-universal-biostimulanzmittel\/urtimax-4"]}]},{"@type":"ImageObject","inLanguage":"de","@id":"https:\/\/www.terraaquatica.com\/de\/organisches-universal-biostimulanzmittel\/urtimax-4#primaryimage","url":"https:\/\/www.terraaquatica.com\/wp-content\/uploads\/2019\/03\/urtimax-1l.jpg","contentUrl":"https:\/\/www.terraaquatica.com\/wp-content\/uploads\/2019\/03\/urtimax-1l.jpg","width":720,"height":720,"caption":"Urtimax"},{"@type":"BreadcrumbList","@id":"https:\/\/www.terraaquatica.com\/de\/organisches-universal-biostimulanzmittel\/urtimax-4#breadcrumb","itemListElement":[{"@type":"ListItem","position":1,"name":"Accueil","item":"https:\/\/www.terraaquatica.com\/de\/"},{"@type":"ListItem","position":2,"name":"Products","item":"https:\/\/www.terraaquatica.com\/de\/product\/"},{"@type":"ListItem","position":3,"name":"Urtimax\u00ae"}]},{"@type":"WebSite","@id":"https:\/\/www.terraaquatica.com\/#website","url":"https:\/\/www.terraaquatica.com\/","name":"Terra Aquatica","description":"Engrais et syst\u00e8mes de culture depuis 1995","publisher":{"@id":"https:\/\/www.terraaquatica.com\/#organization"},"potentialAction":[{"@type":"SearchAction","target":{"@type":"EntryPoint","urlTemplate":"https:\/\/www.terraaquatica.com\/?s={search_term_string}"},"query-input":{"@type":"PropertyValueSpecification","valueRequired":true,"valueName":"search_term_string"}}],"inLanguage":"de"},{"@type":"Organization","@id":"https:\/\/www.terraaquatica.com\/#organization","name":"Terra Aquatica","url":"https:\/\/www.terraaquatica.com\/","logo":{"@type":"ImageObject","inLanguage":"de","@id":"https:\/\/www.terraaquatica.com\/#\/schema\/logo\/image\/","url":"https:\/\/www.terraaquatica.com\/wp-content\/uploads\/2022\/03\/favicon-transpa-big.png","contentUrl":"https:\/\/www.terraaquatica.com\/wp-content\/uploads\/2022\/03\/favicon-transpa-big.png","width":512,"height":512,"caption":"Terra Aquatica"},"image":{"@id":"https:\/\/www.terraaquatica.com\/#\/schema\/logo\/image\/"}}]}},"_links":{"self":[{"href":"https:\/\/www.terraaquatica.com\/de\/wp-json\/wp\/v2\/product\/1885","targetHints":{"allow":["GET"]}}],"collection":[{"href":"https:\/\/www.terraaquatica.com\/de\/wp-json\/wp\/v2\/product"}],"about":[{"href":"https:\/\/www.terraaquatica.com\/de\/wp-json\/wp\/v2\/types\/product"}],"author":[{"embeddable":true,"href":"https:\/\/www.terraaquatica.com\/de\/wp-json\/wp\/v2\/users\/3"}],"wp:featuredmedia":[{"embeddable":true,"href":"https:\/\/www.terraaquatica.com\/de\/wp-json\/wp\/v2\/media\/1695"}],"wp:attachment":[{"href":"https:\/\/www.terraaquatica.com\/de\/wp-json\/wp\/v2\/media?parent=1885"}],"wp:term":[{"taxonomy":"m_thode_de_culture","embeddable":true,"href":"https:\/\/www.terraaquatica.com\/de\/wp-json\/wp\/v2\/m_thode_de_culture?post=1885"},{"taxonomy":"substrat","embeddable":true,"href":"https:\/\/www.terraaquatica.com\/de\/wp-json\/wp\/v2\/substrat?post=1885"},{"taxonomy":"product_category","embeddable":true,"href":"https:\/\/www.terraaquatica.com\/de\/wp-json\/wp\/v2\/product_category?post=1885"}],"curies":[{"name":"wp","href":"https:\/\/api.w.org\/{rel}","templated":true}]}}