{"id":1887,"date":"2018-05-30T09:05:41","date_gmt":"2018-05-30T07:05:41","guid":{"rendered":"https:\/\/www.terraaquatica.com\/produits\/waterfarm-html-4\/"},"modified":"2024-04-30T10:43:40","modified_gmt":"2024-04-30T08:43:40","slug":"cultimate-s-l-solar","status":"publish","type":"product","link":"https:\/\/www.terraaquatica.com\/de\/anbausysteme\/cultimate-s-l-solar","title":{"rendered":"CultiMate\u00ae S, L &#038; Solar"},"content":{"rendered":"<p><em>Oft kopiert, aber nach wie vor un\u00fcbertroffen : der ORIGINAL-Hydroponiktopf<\/em><\/p>\n<p>Vor \u00fcber 30 Jahren von GH USA-Gr\u00fcnder Lawrence Brooke in Kalifornien entwickelt, bleibt CultiMate\u00ae L mit seinem kleineren Bruder CultiMate\u00ae S bis heute der Verkaufsschlager unter unseren Hydroponiksystemen. Seither wurden weltweit hunderttausende pr\u00e4chtiger und gesunder Pflanzen darin aufgezogen. Diesen langj\u00e4hrigen Erfolg hat CultiMate\u00ae seiner un\u00fcbertroffenen Kombination aus Leistungsf\u00e4higkeit und Anwenderfreundlichkeit zu verdanken. Ob Gew\u00e4chshaus, K\u00fcche oder Balkon, ob Zierpflanze, Kr\u00e4uter aller Art oder kleine B\u00e4ume : CultiMate\u00ae S, L und Solar passen \u00fcberall hin und sind f\u00fcr Pflanzen aller Art geeignet. Bei beiden wird die N\u00e4hrl\u00f6sung aus einem Vorratsbeh\u00e4lter nach oben gepumpt, wo sie auf das Bl\u00e4htonsubstrat tropft und die Wurzeln entlang wieder nach unten rinnt. Dank dieses einfachen, zuverl\u00e4ssigen und hocheffizienten Prinzips bekommen die Pflanzen genau das, was sie f\u00fcr Wachstum und Bl\u00fcte brauchen : eine optimal mit Sauerstoff angereicherte Nahrung. Gleichzeitig sorgt der zweiteilige Aufbau daf\u00fcr, dass sowohl der Vorratsbeh\u00e4lter als auch die Wurzeln gut zug\u00e4nglich sind, was bei vielen anderen Systemen nur schwer und manchmal gar nicht m\u00f6glich ist. Die Version 3 kommt mit zahlreichen konstruktiven Verbesserungen\u00a0 unserer CultiMate\u00ae S, L &amp; Solar :<\/p>\n<ul>\n<li>aus extrem robustem, langzeithaltbarem Recyclingkunststoff im Rotationsgussverfahren gefertigt<\/li>\n<li>UV- und lichtundurchl\u00e4ssig f\u00fcr optimalen Wurzelschutz<\/li>\n<li>vielseitig einsetzbar, anpassungsf\u00e4hig und erweiterbar<\/li>\n<li>extrem sparsam im Verbrauch (weniger als 2 Watt)<\/li>\n<\/ul>\n<p><span style=\"font-size: 11px;\">* Die lebenslange Garantie gilt nur f\u00fcr die von Terra Aquatica in Frankreich hergestellten Systembauteile aus Rotationsgusskunststoff bei sachgerechtem Einsatz. Zubeh\u00f6rteile, Motoren u. \u00e4. sind ausgeschlossen.<\/span><\/p>\n\n\n<p class=\"has-normal-font-size\"><strong>Tutorial zum Zusammenbau<\/strong><\/p>\n\n\n\n<figure class=\"wp-block-embed is-type-video is-provider-youtube wp-block-embed-youtube wp-embed-aspect-16-9 wp-has-aspect-ratio\"><div class=\"wp-block-embed__wrapper\">\n<iframe title=\"Montage du syst\u00e8me hydroponique Cultimate de Terra Aquatica\" width=\"500\" height=\"281\" src=\"https:\/\/www.youtube.com\/embed\/vzqPRxoBgv8?feature=oembed\" frameborder=\"0\" allow=\"accelerometer; autoplay; clipboard-write; encrypted-media; gyroscope; picture-in-picture; web-share\" referrerpolicy=\"strict-origin-when-cross-origin\" allowfullscreen><\/iframe>\n<\/div><\/figure>\n","protected":false},"author":3,"template":"","meta":{"_acf_changed":false},"m_thode_de_culture":[31,32],"substrat":[],"product_category":[272],"class_list":["post-1887","product","type-product","status-publish","has-post-thumbnail","hentry","m_thode_de_culture-mineral-en","m_thode_de_culture-organic-en","product_category-anbausysteme"],"acf":[],"yoast_head":"<!-- This site is optimized with the Yoast SEO plugin v27.3 - https:\/\/yoast.com\/product\/yoast-seo-wordpress\/ -->\n<title>CultiMate\u00ae S, L &amp; Solar - Terra Aquatica<\/title>\n<meta name=\"robots\" content=\"index, follow, max-snippet:-1, max-image-preview:large, max-video-preview:-1\" \/>\n<link rel=\"canonical\" href=\"https:\/\/www.terraaquatica.com\/de\/anbausysteme\/cultimate-s-l-solar\/\" \/>\n<meta property=\"og:locale\" content=\"de_DE\" \/>\n<meta property=\"og:type\" content=\"article\" \/>\n<meta property=\"og:title\" content=\"CultiMate\u00ae S, L &amp; Solar - Terra Aquatica\" \/>\n<meta property=\"og:description\" content=\"Oft kopiert, aber nach wie vor un\u00fcbertroffen : der ORIGINAL-Hydroponiktopf Vor \u00fcber 30 Jahren von GH USA-Gr\u00fcnder Lawrence Brooke in [&hellip;]\" \/>\n<meta property=\"og:url\" content=\"https:\/\/www.terraaquatica.com\/de\/anbausysteme\/cultimate-s-l-solar\" \/>\n<meta property=\"og:site_name\" content=\"Terra Aquatica\" \/>\n<meta property=\"article:modified_time\" content=\"2024-04-30T08:43:40+00:00\" \/>\n<meta property=\"og:image\" content=\"https:\/\/www.terraaquatica.com\/wp-content\/uploads\/2017\/11\/aquafarm-2017_0.png\" \/>\n\t<meta property=\"og:image:width\" content=\"720\" \/>\n\t<meta property=\"og:image:height\" content=\"720\" \/>\n\t<meta property=\"og:image:type\" content=\"image\/png\" \/>\n<meta name=\"twitter:card\" content=\"summary_large_image\" \/>\n<meta name=\"twitter:label1\" content=\"Gesch\u00e4tzte Lesezeit\" \/>\n\t<meta name=\"twitter:data1\" content=\"2\u00a0Minuten\" \/>\n<script type=\"application\/ld+json\" class=\"yoast-schema-graph\">{\"@context\":\"https:\\\/\\\/schema.org\",\"@graph\":[{\"@type\":\"WebPage\",\"@id\":\"https:\\\/\\\/www.terraaquatica.com\\\/de\\\/anbausysteme\\\/cultimate-s-l-solar\",\"url\":\"https:\\\/\\\/www.terraaquatica.com\\\/de\\\/anbausysteme\\\/cultimate-s-l-solar\",\"name\":\"CultiMate\u00ae S, L & Solar - Terra Aquatica\",\"isPartOf\":{\"@id\":\"https:\\\/\\\/www.terraaquatica.com\\\/#website\"},\"primaryImageOfPage\":{\"@id\":\"https:\\\/\\\/www.terraaquatica.com\\\/de\\\/anbausysteme\\\/cultimate-s-l-solar#primaryimage\"},\"image\":{\"@id\":\"https:\\\/\\\/www.terraaquatica.com\\\/de\\\/anbausysteme\\\/cultimate-s-l-solar#primaryimage\"},\"thumbnailUrl\":\"https:\\\/\\\/www.terraaquatica.com\\\/wp-content\\\/uploads\\\/2017\\\/11\\\/aquafarm-2017_0.png\",\"datePublished\":\"2018-05-30T07:05:41+00:00\",\"dateModified\":\"2024-04-30T08:43:40+00:00\",\"breadcrumb\":{\"@id\":\"https:\\\/\\\/www.terraaquatica.com\\\/de\\\/anbausysteme\\\/cultimate-s-l-solar#breadcrumb\"},\"inLanguage\":\"de\",\"potentialAction\":[{\"@type\":\"ReadAction\",\"target\":[\"https:\\\/\\\/www.terraaquatica.com\\\/de\\\/anbausysteme\\\/cultimate-s-l-solar\"]}]},{\"@type\":\"ImageObject\",\"inLanguage\":\"de\",\"@id\":\"https:\\\/\\\/www.terraaquatica.com\\\/de\\\/anbausysteme\\\/cultimate-s-l-solar#primaryimage\",\"url\":\"https:\\\/\\\/www.terraaquatica.com\\\/wp-content\\\/uploads\\\/2017\\\/11\\\/aquafarm-2017_0.png\",\"contentUrl\":\"https:\\\/\\\/www.terraaquatica.com\\\/wp-content\\\/uploads\\\/2017\\\/11\\\/aquafarm-2017_0.png\",\"width\":720,\"height\":720,\"caption\":\"AquaFarm\"},{\"@type\":\"BreadcrumbList\",\"@id\":\"https:\\\/\\\/www.terraaquatica.com\\\/de\\\/anbausysteme\\\/cultimate-s-l-solar#breadcrumb\",\"itemListElement\":[{\"@type\":\"ListItem\",\"position\":1,\"name\":\"Accueil\",\"item\":\"https:\\\/\\\/www.terraaquatica.com\\\/de\\\/\"},{\"@type\":\"ListItem\",\"position\":2,\"name\":\"Products\",\"item\":\"https:\\\/\\\/www.terraaquatica.com\\\/de\\\/product\\\/\"},{\"@type\":\"ListItem\",\"position\":3,\"name\":\"CultiMate\u00ae S, L &#038; Solar\"}]},{\"@type\":\"WebSite\",\"@id\":\"https:\\\/\\\/www.terraaquatica.com\\\/#website\",\"url\":\"https:\\\/\\\/www.terraaquatica.com\\\/\",\"name\":\"Terra Aquatica\",\"description\":\"Engrais et syst\u00e8mes de culture depuis 1995\",\"publisher\":{\"@id\":\"https:\\\/\\\/www.terraaquatica.com\\\/#organization\"},\"potentialAction\":[{\"@type\":\"SearchAction\",\"target\":{\"@type\":\"EntryPoint\",\"urlTemplate\":\"https:\\\/\\\/www.terraaquatica.com\\\/?s={search_term_string}\"},\"query-input\":{\"@type\":\"PropertyValueSpecification\",\"valueRequired\":true,\"valueName\":\"search_term_string\"}}],\"inLanguage\":\"de\"},{\"@type\":\"Organization\",\"@id\":\"https:\\\/\\\/www.terraaquatica.com\\\/#organization\",\"name\":\"Terra Aquatica\",\"url\":\"https:\\\/\\\/www.terraaquatica.com\\\/\",\"logo\":{\"@type\":\"ImageObject\",\"inLanguage\":\"de\",\"@id\":\"https:\\\/\\\/www.terraaquatica.com\\\/#\\\/schema\\\/logo\\\/image\\\/\",\"url\":\"https:\\\/\\\/www.terraaquatica.com\\\/wp-content\\\/uploads\\\/2022\\\/03\\\/favicon-transpa-big.png\",\"contentUrl\":\"https:\\\/\\\/www.terraaquatica.com\\\/wp-content\\\/uploads\\\/2022\\\/03\\\/favicon-transpa-big.png\",\"width\":512,\"height\":512,\"caption\":\"Terra Aquatica\"},\"image\":{\"@id\":\"https:\\\/\\\/www.terraaquatica.com\\\/#\\\/schema\\\/logo\\\/image\\\/\"}}]}<\/script>\n<!-- \/ Yoast SEO plugin. -->","yoast_head_json":{"title":"CultiMate\u00ae S, L & Solar - Terra Aquatica","robots":{"index":"index","follow":"follow","max-snippet":"max-snippet:-1","max-image-preview":"max-image-preview:large","max-video-preview":"max-video-preview:-1"},"canonical":"https:\/\/www.terraaquatica.com\/de\/anbausysteme\/cultimate-s-l-solar\/","og_locale":"de_DE","og_type":"article","og_title":"CultiMate\u00ae S, L & Solar - Terra Aquatica","og_description":"Oft kopiert, aber nach wie vor un\u00fcbertroffen : der ORIGINAL-Hydroponiktopf Vor \u00fcber 30 Jahren von GH USA-Gr\u00fcnder Lawrence Brooke in [&hellip;]","og_url":"https:\/\/www.terraaquatica.com\/de\/anbausysteme\/cultimate-s-l-solar","og_site_name":"Terra Aquatica","article_modified_time":"2024-04-30T08:43:40+00:00","og_image":[{"width":720,"height":720,"url":"https:\/\/www.terraaquatica.com\/wp-content\/uploads\/2017\/11\/aquafarm-2017_0.png","type":"image\/png"}],"twitter_card":"summary_large_image","twitter_misc":{"Gesch\u00e4tzte Lesezeit":"2\u00a0Minuten"},"schema":{"@context":"https:\/\/schema.org","@graph":[{"@type":"WebPage","@id":"https:\/\/www.terraaquatica.com\/de\/anbausysteme\/cultimate-s-l-solar","url":"https:\/\/www.terraaquatica.com\/de\/anbausysteme\/cultimate-s-l-solar","name":"CultiMate\u00ae S, L & Solar - Terra Aquatica","isPartOf":{"@id":"https:\/\/www.terraaquatica.com\/#website"},"primaryImageOfPage":{"@id":"https:\/\/www.terraaquatica.com\/de\/anbausysteme\/cultimate-s-l-solar#primaryimage"},"image":{"@id":"https:\/\/www.terraaquatica.com\/de\/anbausysteme\/cultimate-s-l-solar#primaryimage"},"thumbnailUrl":"https:\/\/www.terraaquatica.com\/wp-content\/uploads\/2017\/11\/aquafarm-2017_0.png","datePublished":"2018-05-30T07:05:41+00:00","dateModified":"2024-04-30T08:43:40+00:00","breadcrumb":{"@id":"https:\/\/www.terraaquatica.com\/de\/anbausysteme\/cultimate-s-l-solar#breadcrumb"},"inLanguage":"de","potentialAction":[{"@type":"ReadAction","target":["https:\/\/www.terraaquatica.com\/de\/anbausysteme\/cultimate-s-l-solar"]}]},{"@type":"ImageObject","inLanguage":"de","@id":"https:\/\/www.terraaquatica.com\/de\/anbausysteme\/cultimate-s-l-solar#primaryimage","url":"https:\/\/www.terraaquatica.com\/wp-content\/uploads\/2017\/11\/aquafarm-2017_0.png","contentUrl":"https:\/\/www.terraaquatica.com\/wp-content\/uploads\/2017\/11\/aquafarm-2017_0.png","width":720,"height":720,"caption":"AquaFarm"},{"@type":"BreadcrumbList","@id":"https:\/\/www.terraaquatica.com\/de\/anbausysteme\/cultimate-s-l-solar#breadcrumb","itemListElement":[{"@type":"ListItem","position":1,"name":"Accueil","item":"https:\/\/www.terraaquatica.com\/de\/"},{"@type":"ListItem","position":2,"name":"Products","item":"https:\/\/www.terraaquatica.com\/de\/product\/"},{"@type":"ListItem","position":3,"name":"CultiMate\u00ae S, L &#038; Solar"}]},{"@type":"WebSite","@id":"https:\/\/www.terraaquatica.com\/#website","url":"https:\/\/www.terraaquatica.com\/","name":"Terra Aquatica","description":"Engrais et syst\u00e8mes de culture depuis 1995","publisher":{"@id":"https:\/\/www.terraaquatica.com\/#organization"},"potentialAction":[{"@type":"SearchAction","target":{"@type":"EntryPoint","urlTemplate":"https:\/\/www.terraaquatica.com\/?s={search_term_string}"},"query-input":{"@type":"PropertyValueSpecification","valueRequired":true,"valueName":"search_term_string"}}],"inLanguage":"de"},{"@type":"Organization","@id":"https:\/\/www.terraaquatica.com\/#organization","name":"Terra Aquatica","url":"https:\/\/www.terraaquatica.com\/","logo":{"@type":"ImageObject","inLanguage":"de","@id":"https:\/\/www.terraaquatica.com\/#\/schema\/logo\/image\/","url":"https:\/\/www.terraaquatica.com\/wp-content\/uploads\/2022\/03\/favicon-transpa-big.png","contentUrl":"https:\/\/www.terraaquatica.com\/wp-content\/uploads\/2022\/03\/favicon-transpa-big.png","width":512,"height":512,"caption":"Terra Aquatica"},"image":{"@id":"https:\/\/www.terraaquatica.com\/#\/schema\/logo\/image\/"}}]}},"_links":{"self":[{"href":"https:\/\/www.terraaquatica.com\/de\/wp-json\/wp\/v2\/product\/1887","targetHints":{"allow":["GET"]}}],"collection":[{"href":"https:\/\/www.terraaquatica.com\/de\/wp-json\/wp\/v2\/product"}],"about":[{"href":"https:\/\/www.terraaquatica.com\/de\/wp-json\/wp\/v2\/types\/product"}],"author":[{"embeddable":true,"href":"https:\/\/www.terraaquatica.com\/de\/wp-json\/wp\/v2\/users\/3"}],"wp:featuredmedia":[{"embeddable":true,"href":"https:\/\/www.terraaquatica.com\/de\/wp-json\/wp\/v2\/media\/1744"}],"wp:attachment":[{"href":"https:\/\/www.terraaquatica.com\/de\/wp-json\/wp\/v2\/media?parent=1887"}],"wp:term":[{"taxonomy":"m_thode_de_culture","embeddable":true,"href":"https:\/\/www.terraaquatica.com\/de\/wp-json\/wp\/v2\/m_thode_de_culture?post=1887"},{"taxonomy":"substrat","embeddable":true,"href":"https:\/\/www.terraaquatica.com\/de\/wp-json\/wp\/v2\/substrat?post=1887"},{"taxonomy":"product_category","embeddable":true,"href":"https:\/\/www.terraaquatica.com\/de\/wp-json\/wp\/v2\/product_category?post=1887"}],"curies":[{"name":"wp","href":"https:\/\/api.w.org\/{rel}","templated":true}]}}