{"id":1890,"date":"2018-05-30T09:39:23","date_gmt":"2018-05-30T07:39:23","guid":{"rendered":"https:\/\/www.terraaquatica.com\/produits\/acs-html-4\/"},"modified":"2023-03-02T16:36:22","modified_gmt":"2023-03-02T15:36:22","slug":"acs-html-4","status":"publish","type":"product","link":"https:\/\/www.terraaquatica.com\/de\/anbausysteme\/acs-html-4","title":{"rendered":"CultiMate\u00ae Controller"},"content":{"rendered":"<p>Der CultiMate\u00ae Controller, der in nahezu allen modular aufgebauten Hydroponiksystemen mit Rezirkulation einsetzbar ist, sorgt ohne aufw\u00e4ndige Elektronik und Pumptechnik daf\u00fcr, dass die zur\u00fcckflie\u00dfende N\u00e4hrl\u00f6sung in weniger als 30 Minuten das gesamte System durchl\u00e4uft.<\/p>\n<p>Herzst\u00fcck der effizienten Steuereinheit ist unser aussergew\u00f6hnlicher T-St\u00fcck, das die N\u00e4hrl\u00f6sung durch jedes einzelne Modul str\u00f6men l\u00e4sst statt nur daran vorbei und so im Vergleich zu einem T-St\u00fcck herk\u00f6mmlicher Bauart die Rezirkulation verbessert. Eine anmutend kleine Luftpumpe sorgt daf\u00fcr, dass die N\u00e4hrl\u00f6sung zwischen den T\u00f6pfen umgew\u00e4lzt wird.<\/p>\n<p>Dazu kommt die unkomplizierte und zuverl\u00e4ssige Konzeption der Steuereinheit, die den Terra Aquatica CultiMate\u00ae Controller zur perfekten L\u00f6sung f\u00fcr die Steuerung modular aufgebauter Hydroponiksysteme mit Rezirkulation macht.<\/p>\n<p><span style=\"font-size: 11px;\">* Die lebenslange Garantie gilt nur f\u00fcr die von Terra Aquatica in Frankreich hergestellten Systembauteile aus Rotationsgusskunststoff bei sachgerechtem Einsatz. Zubeh\u00f6rteile, Motoren u. \u00e4. sind ausgeschlossen.<\/span><\/p>\n","protected":false},"author":3,"template":"","meta":{"_acf_changed":false},"m_thode_de_culture":[31,32],"substrat":[],"product_category":[272],"class_list":["post-1890","product","type-product","status-publish","has-post-thumbnail","hentry","m_thode_de_culture-mineral-en","m_thode_de_culture-organic-en","product_category-anbausysteme"],"acf":[],"yoast_head":"<!-- This site is optimized with the Yoast SEO plugin v27.3 - https:\/\/yoast.com\/product\/yoast-seo-wordpress\/ -->\n<title>CultiMate\u00ae Controller - Terra Aquatica<\/title>\n<meta name=\"robots\" content=\"index, follow, max-snippet:-1, max-image-preview:large, max-video-preview:-1\" \/>\n<link rel=\"canonical\" href=\"https:\/\/www.terraaquatica.com\/de\/anbausysteme\/acs-html-4\/\" \/>\n<meta property=\"og:locale\" content=\"de_DE\" \/>\n<meta property=\"og:type\" content=\"article\" \/>\n<meta property=\"og:title\" content=\"CultiMate\u00ae Controller - Terra Aquatica\" \/>\n<meta property=\"og:description\" content=\"Der CultiMate\u00ae Controller, der in nahezu allen modular aufgebauten Hydroponiksystemen mit Rezirkulation einsetzbar ist, sorgt ohne aufw\u00e4ndige Elektronik und Pumptechnik [&hellip;]\" \/>\n<meta property=\"og:url\" content=\"https:\/\/www.terraaquatica.com\/de\/anbausysteme\/acs-html-4\" \/>\n<meta property=\"og:site_name\" content=\"Terra Aquatica\" \/>\n<meta property=\"article:modified_time\" content=\"2023-03-02T15:36:22+00:00\" \/>\n<meta property=\"og:image\" content=\"https:\/\/www.terraaquatica.com\/wp-content\/uploads\/2017\/11\/controller_0.png\" \/>\n\t<meta property=\"og:image:width\" content=\"720\" \/>\n\t<meta property=\"og:image:height\" content=\"720\" \/>\n\t<meta property=\"og:image:type\" content=\"image\/png\" \/>\n<meta name=\"twitter:card\" content=\"summary_large_image\" \/>\n<meta name=\"twitter:label1\" content=\"Gesch\u00e4tzte Lesezeit\" \/>\n\t<meta name=\"twitter:data1\" content=\"1\u00a0Minute\" \/>\n<script type=\"application\/ld+json\" class=\"yoast-schema-graph\">{\"@context\":\"https:\\\/\\\/schema.org\",\"@graph\":[{\"@type\":\"WebPage\",\"@id\":\"https:\\\/\\\/www.terraaquatica.com\\\/de\\\/anbausysteme\\\/acs-html-4\",\"url\":\"https:\\\/\\\/www.terraaquatica.com\\\/de\\\/anbausysteme\\\/acs-html-4\",\"name\":\"CultiMate\u00ae Controller - Terra Aquatica\",\"isPartOf\":{\"@id\":\"https:\\\/\\\/www.terraaquatica.com\\\/#website\"},\"primaryImageOfPage\":{\"@id\":\"https:\\\/\\\/www.terraaquatica.com\\\/de\\\/anbausysteme\\\/acs-html-4#primaryimage\"},\"image\":{\"@id\":\"https:\\\/\\\/www.terraaquatica.com\\\/de\\\/anbausysteme\\\/acs-html-4#primaryimage\"},\"thumbnailUrl\":\"https:\\\/\\\/www.terraaquatica.com\\\/wp-content\\\/uploads\\\/2017\\\/11\\\/controller_0.png\",\"datePublished\":\"2018-05-30T07:39:23+00:00\",\"dateModified\":\"2023-03-02T15:36:22+00:00\",\"breadcrumb\":{\"@id\":\"https:\\\/\\\/www.terraaquatica.com\\\/de\\\/anbausysteme\\\/acs-html-4#breadcrumb\"},\"inLanguage\":\"de\",\"potentialAction\":[{\"@type\":\"ReadAction\",\"target\":[\"https:\\\/\\\/www.terraaquatica.com\\\/de\\\/anbausysteme\\\/acs-html-4\"]}]},{\"@type\":\"ImageObject\",\"inLanguage\":\"de\",\"@id\":\"https:\\\/\\\/www.terraaquatica.com\\\/de\\\/anbausysteme\\\/acs-html-4#primaryimage\",\"url\":\"https:\\\/\\\/www.terraaquatica.com\\\/wp-content\\\/uploads\\\/2017\\\/11\\\/controller_0.png\",\"contentUrl\":\"https:\\\/\\\/www.terraaquatica.com\\\/wp-content\\\/uploads\\\/2017\\\/11\\\/controller_0.png\",\"width\":720,\"height\":720,\"caption\":\"Controller\"},{\"@type\":\"BreadcrumbList\",\"@id\":\"https:\\\/\\\/www.terraaquatica.com\\\/de\\\/anbausysteme\\\/acs-html-4#breadcrumb\",\"itemListElement\":[{\"@type\":\"ListItem\",\"position\":1,\"name\":\"Accueil\",\"item\":\"https:\\\/\\\/www.terraaquatica.com\\\/de\\\/\"},{\"@type\":\"ListItem\",\"position\":2,\"name\":\"Products\",\"item\":\"https:\\\/\\\/www.terraaquatica.com\\\/de\\\/product\\\/\"},{\"@type\":\"ListItem\",\"position\":3,\"name\":\"CultiMate\u00ae Controller\"}]},{\"@type\":\"WebSite\",\"@id\":\"https:\\\/\\\/www.terraaquatica.com\\\/#website\",\"url\":\"https:\\\/\\\/www.terraaquatica.com\\\/\",\"name\":\"Terra Aquatica\",\"description\":\"Engrais et syst\u00e8mes de culture depuis 1995\",\"publisher\":{\"@id\":\"https:\\\/\\\/www.terraaquatica.com\\\/#organization\"},\"potentialAction\":[{\"@type\":\"SearchAction\",\"target\":{\"@type\":\"EntryPoint\",\"urlTemplate\":\"https:\\\/\\\/www.terraaquatica.com\\\/?s={search_term_string}\"},\"query-input\":{\"@type\":\"PropertyValueSpecification\",\"valueRequired\":true,\"valueName\":\"search_term_string\"}}],\"inLanguage\":\"de\"},{\"@type\":\"Organization\",\"@id\":\"https:\\\/\\\/www.terraaquatica.com\\\/#organization\",\"name\":\"Terra Aquatica\",\"url\":\"https:\\\/\\\/www.terraaquatica.com\\\/\",\"logo\":{\"@type\":\"ImageObject\",\"inLanguage\":\"de\",\"@id\":\"https:\\\/\\\/www.terraaquatica.com\\\/#\\\/schema\\\/logo\\\/image\\\/\",\"url\":\"https:\\\/\\\/www.terraaquatica.com\\\/wp-content\\\/uploads\\\/2022\\\/03\\\/favicon-transpa-big.png\",\"contentUrl\":\"https:\\\/\\\/www.terraaquatica.com\\\/wp-content\\\/uploads\\\/2022\\\/03\\\/favicon-transpa-big.png\",\"width\":512,\"height\":512,\"caption\":\"Terra Aquatica\"},\"image\":{\"@id\":\"https:\\\/\\\/www.terraaquatica.com\\\/#\\\/schema\\\/logo\\\/image\\\/\"}}]}<\/script>\n<!-- \/ Yoast SEO plugin. -->","yoast_head_json":{"title":"CultiMate\u00ae Controller - Terra Aquatica","robots":{"index":"index","follow":"follow","max-snippet":"max-snippet:-1","max-image-preview":"max-image-preview:large","max-video-preview":"max-video-preview:-1"},"canonical":"https:\/\/www.terraaquatica.com\/de\/anbausysteme\/acs-html-4\/","og_locale":"de_DE","og_type":"article","og_title":"CultiMate\u00ae Controller - Terra Aquatica","og_description":"Der CultiMate\u00ae Controller, der in nahezu allen modular aufgebauten Hydroponiksystemen mit Rezirkulation einsetzbar ist, sorgt ohne aufw\u00e4ndige Elektronik und Pumptechnik [&hellip;]","og_url":"https:\/\/www.terraaquatica.com\/de\/anbausysteme\/acs-html-4","og_site_name":"Terra Aquatica","article_modified_time":"2023-03-02T15:36:22+00:00","og_image":[{"width":720,"height":720,"url":"https:\/\/www.terraaquatica.com\/wp-content\/uploads\/2017\/11\/controller_0.png","type":"image\/png"}],"twitter_card":"summary_large_image","twitter_misc":{"Gesch\u00e4tzte Lesezeit":"1\u00a0Minute"},"schema":{"@context":"https:\/\/schema.org","@graph":[{"@type":"WebPage","@id":"https:\/\/www.terraaquatica.com\/de\/anbausysteme\/acs-html-4","url":"https:\/\/www.terraaquatica.com\/de\/anbausysteme\/acs-html-4","name":"CultiMate\u00ae Controller - Terra Aquatica","isPartOf":{"@id":"https:\/\/www.terraaquatica.com\/#website"},"primaryImageOfPage":{"@id":"https:\/\/www.terraaquatica.com\/de\/anbausysteme\/acs-html-4#primaryimage"},"image":{"@id":"https:\/\/www.terraaquatica.com\/de\/anbausysteme\/acs-html-4#primaryimage"},"thumbnailUrl":"https:\/\/www.terraaquatica.com\/wp-content\/uploads\/2017\/11\/controller_0.png","datePublished":"2018-05-30T07:39:23+00:00","dateModified":"2023-03-02T15:36:22+00:00","breadcrumb":{"@id":"https:\/\/www.terraaquatica.com\/de\/anbausysteme\/acs-html-4#breadcrumb"},"inLanguage":"de","potentialAction":[{"@type":"ReadAction","target":["https:\/\/www.terraaquatica.com\/de\/anbausysteme\/acs-html-4"]}]},{"@type":"ImageObject","inLanguage":"de","@id":"https:\/\/www.terraaquatica.com\/de\/anbausysteme\/acs-html-4#primaryimage","url":"https:\/\/www.terraaquatica.com\/wp-content\/uploads\/2017\/11\/controller_0.png","contentUrl":"https:\/\/www.terraaquatica.com\/wp-content\/uploads\/2017\/11\/controller_0.png","width":720,"height":720,"caption":"Controller"},{"@type":"BreadcrumbList","@id":"https:\/\/www.terraaquatica.com\/de\/anbausysteme\/acs-html-4#breadcrumb","itemListElement":[{"@type":"ListItem","position":1,"name":"Accueil","item":"https:\/\/www.terraaquatica.com\/de\/"},{"@type":"ListItem","position":2,"name":"Products","item":"https:\/\/www.terraaquatica.com\/de\/product\/"},{"@type":"ListItem","position":3,"name":"CultiMate\u00ae Controller"}]},{"@type":"WebSite","@id":"https:\/\/www.terraaquatica.com\/#website","url":"https:\/\/www.terraaquatica.com\/","name":"Terra Aquatica","description":"Engrais et syst\u00e8mes de culture depuis 1995","publisher":{"@id":"https:\/\/www.terraaquatica.com\/#organization"},"potentialAction":[{"@type":"SearchAction","target":{"@type":"EntryPoint","urlTemplate":"https:\/\/www.terraaquatica.com\/?s={search_term_string}"},"query-input":{"@type":"PropertyValueSpecification","valueRequired":true,"valueName":"search_term_string"}}],"inLanguage":"de"},{"@type":"Organization","@id":"https:\/\/www.terraaquatica.com\/#organization","name":"Terra Aquatica","url":"https:\/\/www.terraaquatica.com\/","logo":{"@type":"ImageObject","inLanguage":"de","@id":"https:\/\/www.terraaquatica.com\/#\/schema\/logo\/image\/","url":"https:\/\/www.terraaquatica.com\/wp-content\/uploads\/2022\/03\/favicon-transpa-big.png","contentUrl":"https:\/\/www.terraaquatica.com\/wp-content\/uploads\/2022\/03\/favicon-transpa-big.png","width":512,"height":512,"caption":"Terra Aquatica"},"image":{"@id":"https:\/\/www.terraaquatica.com\/#\/schema\/logo\/image\/"}}]}},"_links":{"self":[{"href":"https:\/\/www.terraaquatica.com\/de\/wp-json\/wp\/v2\/product\/1890","targetHints":{"allow":["GET"]}}],"collection":[{"href":"https:\/\/www.terraaquatica.com\/de\/wp-json\/wp\/v2\/product"}],"about":[{"href":"https:\/\/www.terraaquatica.com\/de\/wp-json\/wp\/v2\/types\/product"}],"author":[{"embeddable":true,"href":"https:\/\/www.terraaquatica.com\/de\/wp-json\/wp\/v2\/users\/3"}],"wp:featuredmedia":[{"embeddable":true,"href":"https:\/\/www.terraaquatica.com\/de\/wp-json\/wp\/v2\/media\/1787"}],"wp:attachment":[{"href":"https:\/\/www.terraaquatica.com\/de\/wp-json\/wp\/v2\/media?parent=1890"}],"wp:term":[{"taxonomy":"m_thode_de_culture","embeddable":true,"href":"https:\/\/www.terraaquatica.com\/de\/wp-json\/wp\/v2\/m_thode_de_culture?post=1890"},{"taxonomy":"substrat","embeddable":true,"href":"https:\/\/www.terraaquatica.com\/de\/wp-json\/wp\/v2\/substrat?post=1890"},{"taxonomy":"product_category","embeddable":true,"href":"https:\/\/www.terraaquatica.com\/de\/wp-json\/wp\/v2\/product_category?post=1890"}],"curies":[{"name":"wp","href":"https:\/\/api.w.org\/{rel}","templated":true}]}}