{"id":1891,"date":"2018-05-30T09:44:17","date_gmt":"2018-05-30T07:44:17","guid":{"rendered":"https:\/\/www.terraaquatica.com\/produits\/growstream-html-4\/"},"modified":"2025-10-27T14:57:12","modified_gmt":"2025-10-27T13:57:12","slug":"growstream-html-4","status":"publish","type":"product","link":"https:\/\/www.terraaquatica.com\/de\/anbausysteme\/growstream-html-4","title":{"rendered":"GrowStream\u00ae"},"content":{"rendered":"<p>Es basiert auf der hocheffizienten Technik unseres AeroFlo und bietet zugleich eine Reihe von Verbesserungen, die dieses System bei kompromissloser Qualit\u00e4t noch ergonomischer machen.&nbsp; Innovationen sind der abnehmbare Deckel und die abgerundeten Ecken, die die Reinigung vereinfachen, die doppelwandige Konstruktion von Kammer und Deckel zur besseren Isolierung und die innenliegende Bew\u00e4sserungsleitung zur Vermeidung von Wasserverlusten. Die im Vergleich zum AeroFlo leicht gr\u00f6\u00dferen Abmessungen sorgen daf\u00fcr, dass auch die Wurzeln gr\u00f6\u00dferer Pfanzen stets gen\u00fcgend Raum und reichlich Wasser haben. Der GrowStream ist vielseitig, denn er eignet sich sowohl f\u00fcr kleine als auch f\u00fcr gro\u00dfe Pflanzen, und das einzige Hydroponiksystem des Marktes, in dem nicht nur Salate und Kr\u00e4uter, sondern auch gro\u00dfe Pflanzen gedeihen.<\/p>\n<p>Mit einer Aufnahmekapazit\u00e4t von 10 bis 120 Pflanzen pro Systemeinheit ist das beliebig erweiterbare GrowStream\u00ae-System die flexibelste aller L\u00f6sungen f\u00fcr hydroponische Pflanzenproduktion. Das auf dem Prinzip der optimalen Verteilung von sauerstoffreichem Wasser \u00fcber die gesamte L\u00e4nge des Anbausystems basierende GrowStream\u00ae-Konzept bietet die Vorteile einer als Aeroponik bekannten Anbautechnik ohne deren Nachteile (Wasseraufw\u00e4rmung und hohe Anf\u00e4lligkeit gegen\u00fcber pH-Schwankungen).<\/p>\n<p>GrowStream\u00ae-Systeme bestehen aus einem Vorratsbeh\u00e4lter mit einer einfachen Wasserpumpe, die das Wasser zur Pflanzrinne pumpt, wo es in pr\u00e4zise gesteuerten Zeitintervallen eingespritzt wird. Anschlie\u00dfend flie\u00dft die N\u00e4hrl\u00f6sung durch das Ablaufrohr zur\u00fcck und versorgt den Vorratsbeh\u00e4lter ohne aufw\u00e4ndige Steuertechnik oder eine Vielzahl von Luftpumpen optimal mit Sauerstoff. Das vereinfacht die Montage und den Betrieb des GrowStream\u00ae-Systems weitestgehend, so dass der Anbauer sich seiner eigentlichen Aufgabe \u2013 der Anlagensteuerung \u2013 widmen kann, ohne Zeit mit der Wartung des Systems zu verlieren.<\/p>\n<p>Das und die spektakul\u00e4ren Ertragsleistungen machen GrowStream\u00ae zu unserem weltweit meistverkauften Profi\u00adSystem. <a href=\"https:\/\/lessourciers.com\/en\/\">Les Sourciers<\/a>, <a href=\"https:\/\/aeromate.fr\/\">Aeromates<\/a>, Hydroleb u. v. a. unserer Partner aus dem Erwerbsanbau setzen auf GrowStream\u00ae.<\/p>\n","protected":false},"author":3,"template":"","meta":{"_acf_changed":true},"m_thode_de_culture":[31,32],"substrat":[],"product_category":[272],"class_list":["post-1891","product","type-product","status-publish","has-post-thumbnail","hentry","m_thode_de_culture-mineral-en","m_thode_de_culture-organic-en","product_category-anbausysteme"],"acf":[],"yoast_head":"<!-- This site is optimized with the Yoast SEO plugin v27.3 - https:\/\/yoast.com\/product\/yoast-seo-wordpress\/ -->\n<title>GrowStream\u00ae - Terra Aquatica<\/title>\n<meta name=\"robots\" content=\"index, follow, max-snippet:-1, max-image-preview:large, max-video-preview:-1\" \/>\n<link rel=\"canonical\" href=\"https:\/\/www.terraaquatica.com\/de\/anbausysteme\/growstream-html-4\/\" \/>\n<meta property=\"og:locale\" content=\"de_DE\" \/>\n<meta property=\"og:type\" content=\"article\" \/>\n<meta property=\"og:title\" content=\"GrowStream\u00ae - Terra Aquatica\" \/>\n<meta property=\"og:description\" content=\"Es basiert auf der hocheffizienten Technik unseres AeroFlo und bietet zugleich eine Reihe von Verbesserungen, die dieses System bei kompromissloser [&hellip;]\" \/>\n<meta property=\"og:url\" content=\"https:\/\/www.terraaquatica.com\/de\/anbausysteme\/growstream-html-4\" \/>\n<meta property=\"og:site_name\" content=\"Terra Aquatica\" \/>\n<meta property=\"article:modified_time\" content=\"2025-10-27T13:57:12+00:00\" \/>\n<meta property=\"og:image\" content=\"https:\/\/www.terraaquatica.com\/wp-content\/uploads\/2020\/12\/gs40-scaled.jpg\" \/>\n\t<meta property=\"og:image:width\" content=\"2560\" \/>\n\t<meta property=\"og:image:height\" content=\"1920\" \/>\n\t<meta property=\"og:image:type\" content=\"image\/jpeg\" \/>\n<meta name=\"twitter:card\" content=\"summary_large_image\" \/>\n<meta name=\"twitter:label1\" content=\"Gesch\u00e4tzte Lesezeit\" \/>\n\t<meta name=\"twitter:data1\" content=\"2\u00a0Minuten\" \/>\n<script type=\"application\/ld+json\" class=\"yoast-schema-graph\">{\"@context\":\"https:\\\/\\\/schema.org\",\"@graph\":[{\"@type\":\"WebPage\",\"@id\":\"https:\\\/\\\/www.terraaquatica.com\\\/de\\\/anbausysteme\\\/growstream-html-4\",\"url\":\"https:\\\/\\\/www.terraaquatica.com\\\/de\\\/anbausysteme\\\/growstream-html-4\",\"name\":\"GrowStream\u00ae - Terra Aquatica\",\"isPartOf\":{\"@id\":\"https:\\\/\\\/www.terraaquatica.com\\\/#website\"},\"primaryImageOfPage\":{\"@id\":\"https:\\\/\\\/www.terraaquatica.com\\\/de\\\/anbausysteme\\\/growstream-html-4#primaryimage\"},\"image\":{\"@id\":\"https:\\\/\\\/www.terraaquatica.com\\\/de\\\/anbausysteme\\\/growstream-html-4#primaryimage\"},\"thumbnailUrl\":\"https:\\\/\\\/www.terraaquatica.com\\\/wp-content\\\/uploads\\\/2020\\\/12\\\/gs40-scaled.jpg\",\"datePublished\":\"2018-05-30T07:44:17+00:00\",\"dateModified\":\"2025-10-27T13:57:12+00:00\",\"breadcrumb\":{\"@id\":\"https:\\\/\\\/www.terraaquatica.com\\\/de\\\/anbausysteme\\\/growstream-html-4#breadcrumb\"},\"inLanguage\":\"de\",\"potentialAction\":[{\"@type\":\"ReadAction\",\"target\":[\"https:\\\/\\\/www.terraaquatica.com\\\/de\\\/anbausysteme\\\/growstream-html-4\"]}]},{\"@type\":\"ImageObject\",\"inLanguage\":\"de\",\"@id\":\"https:\\\/\\\/www.terraaquatica.com\\\/de\\\/anbausysteme\\\/growstream-html-4#primaryimage\",\"url\":\"https:\\\/\\\/www.terraaquatica.com\\\/wp-content\\\/uploads\\\/2020\\\/12\\\/gs40-scaled.jpg\",\"contentUrl\":\"https:\\\/\\\/www.terraaquatica.com\\\/wp-content\\\/uploads\\\/2020\\\/12\\\/gs40-scaled.jpg\",\"width\":2560,\"height\":1920,\"caption\":\"GrowStream 40\"},{\"@type\":\"BreadcrumbList\",\"@id\":\"https:\\\/\\\/www.terraaquatica.com\\\/de\\\/anbausysteme\\\/growstream-html-4#breadcrumb\",\"itemListElement\":[{\"@type\":\"ListItem\",\"position\":1,\"name\":\"Accueil\",\"item\":\"https:\\\/\\\/www.terraaquatica.com\\\/de\\\/\"},{\"@type\":\"ListItem\",\"position\":2,\"name\":\"Products\",\"item\":\"https:\\\/\\\/www.terraaquatica.com\\\/de\\\/product\\\/\"},{\"@type\":\"ListItem\",\"position\":3,\"name\":\"GrowStream\u00ae\"}]},{\"@type\":\"WebSite\",\"@id\":\"https:\\\/\\\/www.terraaquatica.com\\\/#website\",\"url\":\"https:\\\/\\\/www.terraaquatica.com\\\/\",\"name\":\"Terra Aquatica\",\"description\":\"Engrais et syst\u00e8mes de culture depuis 1995\",\"publisher\":{\"@id\":\"https:\\\/\\\/www.terraaquatica.com\\\/#organization\"},\"potentialAction\":[{\"@type\":\"SearchAction\",\"target\":{\"@type\":\"EntryPoint\",\"urlTemplate\":\"https:\\\/\\\/www.terraaquatica.com\\\/?s={search_term_string}\"},\"query-input\":{\"@type\":\"PropertyValueSpecification\",\"valueRequired\":true,\"valueName\":\"search_term_string\"}}],\"inLanguage\":\"de\"},{\"@type\":\"Organization\",\"@id\":\"https:\\\/\\\/www.terraaquatica.com\\\/#organization\",\"name\":\"Terra Aquatica\",\"url\":\"https:\\\/\\\/www.terraaquatica.com\\\/\",\"logo\":{\"@type\":\"ImageObject\",\"inLanguage\":\"de\",\"@id\":\"https:\\\/\\\/www.terraaquatica.com\\\/#\\\/schema\\\/logo\\\/image\\\/\",\"url\":\"https:\\\/\\\/www.terraaquatica.com\\\/wp-content\\\/uploads\\\/2022\\\/03\\\/favicon-transpa-big.png\",\"contentUrl\":\"https:\\\/\\\/www.terraaquatica.com\\\/wp-content\\\/uploads\\\/2022\\\/03\\\/favicon-transpa-big.png\",\"width\":512,\"height\":512,\"caption\":\"Terra Aquatica\"},\"image\":{\"@id\":\"https:\\\/\\\/www.terraaquatica.com\\\/#\\\/schema\\\/logo\\\/image\\\/\"}}]}<\/script>\n<!-- \/ Yoast SEO plugin. -->","yoast_head_json":{"title":"GrowStream\u00ae - Terra Aquatica","robots":{"index":"index","follow":"follow","max-snippet":"max-snippet:-1","max-image-preview":"max-image-preview:large","max-video-preview":"max-video-preview:-1"},"canonical":"https:\/\/www.terraaquatica.com\/de\/anbausysteme\/growstream-html-4\/","og_locale":"de_DE","og_type":"article","og_title":"GrowStream\u00ae - Terra Aquatica","og_description":"Es basiert auf der hocheffizienten Technik unseres AeroFlo und bietet zugleich eine Reihe von Verbesserungen, die dieses System bei kompromissloser [&hellip;]","og_url":"https:\/\/www.terraaquatica.com\/de\/anbausysteme\/growstream-html-4","og_site_name":"Terra Aquatica","article_modified_time":"2025-10-27T13:57:12+00:00","og_image":[{"width":2560,"height":1920,"url":"https:\/\/www.terraaquatica.com\/wp-content\/uploads\/2020\/12\/gs40-scaled.jpg","type":"image\/jpeg"}],"twitter_card":"summary_large_image","twitter_misc":{"Gesch\u00e4tzte Lesezeit":"2\u00a0Minuten"},"schema":{"@context":"https:\/\/schema.org","@graph":[{"@type":"WebPage","@id":"https:\/\/www.terraaquatica.com\/de\/anbausysteme\/growstream-html-4","url":"https:\/\/www.terraaquatica.com\/de\/anbausysteme\/growstream-html-4","name":"GrowStream\u00ae - Terra Aquatica","isPartOf":{"@id":"https:\/\/www.terraaquatica.com\/#website"},"primaryImageOfPage":{"@id":"https:\/\/www.terraaquatica.com\/de\/anbausysteme\/growstream-html-4#primaryimage"},"image":{"@id":"https:\/\/www.terraaquatica.com\/de\/anbausysteme\/growstream-html-4#primaryimage"},"thumbnailUrl":"https:\/\/www.terraaquatica.com\/wp-content\/uploads\/2020\/12\/gs40-scaled.jpg","datePublished":"2018-05-30T07:44:17+00:00","dateModified":"2025-10-27T13:57:12+00:00","breadcrumb":{"@id":"https:\/\/www.terraaquatica.com\/de\/anbausysteme\/growstream-html-4#breadcrumb"},"inLanguage":"de","potentialAction":[{"@type":"ReadAction","target":["https:\/\/www.terraaquatica.com\/de\/anbausysteme\/growstream-html-4"]}]},{"@type":"ImageObject","inLanguage":"de","@id":"https:\/\/www.terraaquatica.com\/de\/anbausysteme\/growstream-html-4#primaryimage","url":"https:\/\/www.terraaquatica.com\/wp-content\/uploads\/2020\/12\/gs40-scaled.jpg","contentUrl":"https:\/\/www.terraaquatica.com\/wp-content\/uploads\/2020\/12\/gs40-scaled.jpg","width":2560,"height":1920,"caption":"GrowStream 40"},{"@type":"BreadcrumbList","@id":"https:\/\/www.terraaquatica.com\/de\/anbausysteme\/growstream-html-4#breadcrumb","itemListElement":[{"@type":"ListItem","position":1,"name":"Accueil","item":"https:\/\/www.terraaquatica.com\/de\/"},{"@type":"ListItem","position":2,"name":"Products","item":"https:\/\/www.terraaquatica.com\/de\/product\/"},{"@type":"ListItem","position":3,"name":"GrowStream\u00ae"}]},{"@type":"WebSite","@id":"https:\/\/www.terraaquatica.com\/#website","url":"https:\/\/www.terraaquatica.com\/","name":"Terra Aquatica","description":"Engrais et syst\u00e8mes de culture depuis 1995","publisher":{"@id":"https:\/\/www.terraaquatica.com\/#organization"},"potentialAction":[{"@type":"SearchAction","target":{"@type":"EntryPoint","urlTemplate":"https:\/\/www.terraaquatica.com\/?s={search_term_string}"},"query-input":{"@type":"PropertyValueSpecification","valueRequired":true,"valueName":"search_term_string"}}],"inLanguage":"de"},{"@type":"Organization","@id":"https:\/\/www.terraaquatica.com\/#organization","name":"Terra Aquatica","url":"https:\/\/www.terraaquatica.com\/","logo":{"@type":"ImageObject","inLanguage":"de","@id":"https:\/\/www.terraaquatica.com\/#\/schema\/logo\/image\/","url":"https:\/\/www.terraaquatica.com\/wp-content\/uploads\/2022\/03\/favicon-transpa-big.png","contentUrl":"https:\/\/www.terraaquatica.com\/wp-content\/uploads\/2022\/03\/favicon-transpa-big.png","width":512,"height":512,"caption":"Terra Aquatica"},"image":{"@id":"https:\/\/www.terraaquatica.com\/#\/schema\/logo\/image\/"}}]}},"_links":{"self":[{"href":"https:\/\/www.terraaquatica.com\/de\/wp-json\/wp\/v2\/product\/1891","targetHints":{"allow":["GET"]}}],"collection":[{"href":"https:\/\/www.terraaquatica.com\/de\/wp-json\/wp\/v2\/product"}],"about":[{"href":"https:\/\/www.terraaquatica.com\/de\/wp-json\/wp\/v2\/types\/product"}],"author":[{"embeddable":true,"href":"https:\/\/www.terraaquatica.com\/de\/wp-json\/wp\/v2\/users\/3"}],"wp:featuredmedia":[{"embeddable":true,"href":"https:\/\/www.terraaquatica.com\/de\/wp-json\/wp\/v2\/media\/1639"}],"wp:attachment":[{"href":"https:\/\/www.terraaquatica.com\/de\/wp-json\/wp\/v2\/media?parent=1891"}],"wp:term":[{"taxonomy":"m_thode_de_culture","embeddable":true,"href":"https:\/\/www.terraaquatica.com\/de\/wp-json\/wp\/v2\/m_thode_de_culture?post=1891"},{"taxonomy":"substrat","embeddable":true,"href":"https:\/\/www.terraaquatica.com\/de\/wp-json\/wp\/v2\/substrat?post=1891"},{"taxonomy":"product_category","embeddable":true,"href":"https:\/\/www.terraaquatica.com\/de\/wp-json\/wp\/v2\/product_category?post=1891"}],"curies":[{"name":"wp","href":"https:\/\/api.w.org\/{rel}","templated":true}]}}